{"id":1019,"date":"2017-07-14T09:23:58","date_gmt":"2017-07-14T08:23:58","guid":{"rendered":"http:\/\/guitares-et-luthiers.fr\/?page_id=1019"},"modified":"2017-09-16T13:53:51","modified_gmt":"2017-09-16T12:53:51","slug":"geffroy-concert-2015","status":"publish","type":"page","link":"https:\/\/guitares-et-luthiers.fr\/?page_id=1019","title":{"rendered":"Geffroy Concert 2016"},"content":{"rendered":"<p>Luthier : J\u00e9r\u00e9mie Geffroy<\/p>\n<p>Mod\u00e8le :\u00a0Concert<\/p>\n<p>Ann\u00e9e : 2016<\/p>\n<p>Bois :\u00a0Table \u00e9pic\u00e9a, double table ( \u00e9pic\u00e9a\/nomex\/\u00e9pic\u00e9a ) , fond palissandre indien, \u00e9clisses doubl\u00e9es palissandre indien\/acajou, manche acajou, renfort \u00e9b\u00e8ne, vernis tampon sur la table.<\/p>\n<p>Site internet : \u00a0jeremie-geffroy.com<\/p>\n<p>Ecoutez cette guitare, C\u00e9cile Joly interpr\u00e9tant Valseana de Sergio Assad , format Mp3 \u00a0 . Vous pouvez aussi suivre C\u00e9cile Joly sur\u00a0https:\/\/www.facebook.com\/cecile.joly.guitare\/<\/p>\n<audio class=\"wp-audio-shortcode\" id=\"audio-1019-1\" preload=\"none\" style=\"width: 100%;\" controls=\"controls\"><source type=\"audio\/mpeg\" src=\"https:\/\/guitares-et-luthiers.fr\/wp-content\/uploads\/2017\/09\/Valseana.mp3?_=1\" \/><a href=\"https:\/\/guitares-et-luthiers.fr\/wp-content\/uploads\/2017\/09\/Valseana.mp3\">https:\/\/guitares-et-luthiers.fr\/wp-content\/uploads\/2017\/09\/Valseana.mp3<\/a><\/audio>\n<p>ref : Guitare classique magazine<\/p>\n<div>\n<p><a href=\"https:\/\/guitares-et-luthiers.fr\/wp-content\/uploads\/2017\/07\/P1070760.jpg\" rel=\"lightbox[1019]\"><img loading=\"lazy\" decoding=\"async\" class=\"alignnone size-medium wp-image-1011\" src=\"https:\/\/guitares-et-luthiers.fr\/wp-content\/uploads\/2017\/07\/P1070760-300x267.jpg\" alt=\"\" width=\"300\" height=\"267\" srcset=\"https:\/\/guitares-et-luthiers.fr\/wp-content\/uploads\/2017\/07\/P1070760-300x267.jpg 300w, https:\/\/guitares-et-luthiers.fr\/wp-content\/uploads\/2017\/07\/P1070760-768x683.jpg 768w, https:\/\/guitares-et-luthiers.fr\/wp-content\/uploads\/2017\/07\/P1070760-1024x910.jpg 1024w\" sizes=\"auto, (max-width: 300px) 100vw, 300px\" \/><\/a><a href=\"https:\/\/guitares-et-luthiers.fr\/wp-content\/uploads\/2017\/07\/P1070756.jpg\" rel=\"lightbox[1019]\"><img loading=\"lazy\" decoding=\"async\" class=\"alignnone wp-image-1009\" src=\"https:\/\/guitares-et-luthiers.fr\/wp-content\/uploads\/2017\/07\/P1070756-141x300.jpg\" alt=\"\" width=\"125\" height=\"266\" srcset=\"https:\/\/guitares-et-luthiers.fr\/wp-content\/uploads\/2017\/07\/P1070756-141x300.jpg 141w, https:\/\/guitares-et-luthiers.fr\/wp-content\/uploads\/2017\/07\/P1070756-768x1637.jpg 768w, https:\/\/guitares-et-luthiers.fr\/wp-content\/uploads\/2017\/07\/P1070756-480x1024.jpg 480w, https:\/\/guitares-et-luthiers.fr\/wp-content\/uploads\/2017\/07\/P1070756.jpg 1478w\" sizes=\"auto, (max-width: 125px) 100vw, 125px\" \/><\/a><a href=\"https:\/\/guitares-et-luthiers.fr\/wp-content\/uploads\/2017\/07\/P1070757.jpg\" rel=\"lightbox[1019]\"><img loading=\"lazy\" decoding=\"async\" class=\"alignnone size-medium wp-image-1010\" src=\"https:\/\/guitares-et-luthiers.fr\/wp-content\/uploads\/2017\/07\/P1070757-200x300.jpg\" alt=\"\" width=\"200\" height=\"300\" srcset=\"https:\/\/guitares-et-luthiers.fr\/wp-content\/uploads\/2017\/07\/P1070757-200x300.jpg 200w, https:\/\/guitares-et-luthiers.fr\/wp-content\/uploads\/2017\/07\/P1070757-768x1149.jpg 768w, https:\/\/guitares-et-luthiers.fr\/wp-content\/uploads\/2017\/07\/P1070757-684x1024.jpg 684w\" sizes=\"auto, (max-width: 200px) 100vw, 200px\" \/><\/a><a href=\"https:\/\/guitares-et-luthiers.fr\/wp-content\/uploads\/2017\/07\/P1070782.jpg\" rel=\"lightbox[1019]\"><img loading=\"lazy\" decoding=\"async\" class=\"alignnone size-medium wp-image-1018\" src=\"https:\/\/guitares-et-luthiers.fr\/wp-content\/uploads\/2017\/07\/P1070782-300x276.jpg\" alt=\"\" width=\"300\" height=\"276\" srcset=\"https:\/\/guitares-et-luthiers.fr\/wp-content\/uploads\/2017\/07\/P1070782-300x276.jpg 300w, https:\/\/guitares-et-luthiers.fr\/wp-content\/uploads\/2017\/07\/P1070782-768x707.jpg 768w, https:\/\/guitares-et-luthiers.fr\/wp-content\/uploads\/2017\/07\/P1070782-1024x943.jpg 1024w, https:\/\/guitares-et-luthiers.fr\/wp-content\/uploads\/2017\/07\/P1070782.jpg 1940w\" sizes=\"auto, (max-width: 300px) 100vw, 300px\" \/><\/a><a href=\"https:\/\/guitares-et-luthiers.fr\/wp-content\/uploads\/2017\/07\/P1070773.jpg\" rel=\"lightbox[1019]\"><img loading=\"lazy\" decoding=\"async\" class=\"alignnone size-medium wp-image-1014\" src=\"https:\/\/guitares-et-luthiers.fr\/wp-content\/uploads\/2017\/07\/P1070773-179x300.jpg\" alt=\"\" width=\"179\" height=\"300\" srcset=\"https:\/\/guitares-et-luthiers.fr\/wp-content\/uploads\/2017\/07\/P1070773-179x300.jpg 179w, https:\/\/guitares-et-luthiers.fr\/wp-content\/uploads\/2017\/07\/P1070773-768x1288.jpg 768w, https:\/\/guitares-et-luthiers.fr\/wp-content\/uploads\/2017\/07\/P1070773-611x1024.jpg 611w, https:\/\/guitares-et-luthiers.fr\/wp-content\/uploads\/2017\/07\/P1070773.jpg 1161w\" sizes=\"auto, (max-width: 179px) 100vw, 179px\" \/><\/a><a href=\"https:\/\/guitares-et-luthiers.fr\/wp-content\/uploads\/2017\/07\/P1070770.jpg\" rel=\"lightbox[1019]\"><img loading=\"lazy\" decoding=\"async\" class=\"alignnone size-medium wp-image-1012\" src=\"https:\/\/guitares-et-luthiers.fr\/wp-content\/uploads\/2017\/07\/P1070770-300x182.jpg\" alt=\"\" width=\"300\" height=\"182\" srcset=\"https:\/\/guitares-et-luthiers.fr\/wp-content\/uploads\/2017\/07\/P1070770-300x182.jpg 300w, https:\/\/guitares-et-luthiers.fr\/wp-content\/uploads\/2017\/07\/P1070770-768x466.jpg 768w, https:\/\/guitares-et-luthiers.fr\/wp-content\/uploads\/2017\/07\/P1070770-1024x621.jpg 1024w\" sizes=\"auto, (max-width: 300px) 100vw, 300px\" \/><\/a><a href=\"https:\/\/guitares-et-luthiers.fr\/wp-content\/uploads\/2017\/07\/P1070771.jpg\" rel=\"lightbox[1019]\"><img loading=\"lazy\" decoding=\"async\" class=\"alignnone size-medium wp-image-1013\" src=\"https:\/\/guitares-et-luthiers.fr\/wp-content\/uploads\/2017\/07\/P1070771-300x99.jpg\" alt=\"\" width=\"300\" height=\"99\" srcset=\"https:\/\/guitares-et-luthiers.fr\/wp-content\/uploads\/2017\/07\/P1070771-300x99.jpg 300w, https:\/\/guitares-et-luthiers.fr\/wp-content\/uploads\/2017\/07\/P1070771-768x253.jpg 768w, https:\/\/guitares-et-luthiers.fr\/wp-content\/uploads\/2017\/07\/P1070771-1024x337.jpg 1024w\" sizes=\"auto, (max-width: 300px) 100vw, 300px\" \/><\/a><\/p>\n<p><a href=\"https:\/\/guitares-et-luthiers.fr\/wp-content\/uploads\/2017\/07\/IMG_5711.jpg\" rel=\"lightbox[1019]\"><img loading=\"lazy\" decoding=\"async\" class=\"alignnone size-medium wp-image-1022\" src=\"https:\/\/guitares-et-luthiers.fr\/wp-content\/uploads\/2017\/07\/IMG_5711-217x300.jpg\" alt=\"\" width=\"217\" height=\"300\" srcset=\"https:\/\/guitares-et-luthiers.fr\/wp-content\/uploads\/2017\/07\/IMG_5711-217x300.jpg 217w, https:\/\/guitares-et-luthiers.fr\/wp-content\/uploads\/2017\/07\/IMG_5711-768x1063.jpg 768w, https:\/\/guitares-et-luthiers.fr\/wp-content\/uploads\/2017\/07\/IMG_5711-740x1024.jpg 740w\" sizes=\"auto, (max-width: 217px) 100vw, 217px\" \/><\/a><a href=\"https:\/\/guitares-et-luthiers.fr\/wp-content\/uploads\/2017\/07\/IMG_5712.jpg\" rel=\"lightbox[1019]\"><img loading=\"lazy\" decoding=\"async\" class=\"alignnone size-medium wp-image-1023\" src=\"https:\/\/guitares-et-luthiers.fr\/wp-content\/uploads\/2017\/07\/IMG_5712-219x300.jpg\" alt=\"\" width=\"219\" height=\"300\" srcset=\"https:\/\/guitares-et-luthiers.fr\/wp-content\/uploads\/2017\/07\/IMG_5712-219x300.jpg 219w, https:\/\/guitares-et-luthiers.fr\/wp-content\/uploads\/2017\/07\/IMG_5712-768x1051.jpg 768w, https:\/\/guitares-et-luthiers.fr\/wp-content\/uploads\/2017\/07\/IMG_5712-748x1024.jpg 748w\" sizes=\"auto, (max-width: 219px) 100vw, 219px\" \/><\/a><\/p>\n<\/div>\n","protected":false},"excerpt":{"rendered":"<p>Luthier : J\u00e9r\u00e9mie Geffroy Mod\u00e8le :\u00a0Concert Ann\u00e9e : 2016 Bois :\u00a0Table \u00e9pic\u00e9a, double table ( \u00e9pic\u00e9a\/nomex\/\u00e9pic\u00e9a ) , fond palissandre indien, \u00e9clisses doubl\u00e9es palissandre indien\/acajou, manche acajou, renfort \u00e9b\u00e8ne, vernis tampon sur la table. Site internet : \u00a0jeremie-geffroy.com Ecoutez cette guitare, C\u00e9cile Joly interpr\u00e9tant Valseana de Sergio Assad , format Mp3 \u00a0 . Vous pouvez &hellip; <\/p>\n<p class=\"link-more\"><a href=\"https:\/\/guitares-et-luthiers.fr\/?page_id=1019\" class=\"more-link\">Continuer la lecture<span class=\"screen-reader-text\"> de &laquo;&nbsp;Geffroy Concert 2016&nbsp;&raquo;<\/span><\/a><\/p>\n","protected":false},"author":2,"featured_media":0,"parent":0,"menu_order":0,"comment_status":"closed","ping_status":"closed","template":"","meta":{"footnotes":""},"class_list":["post-1019","page","type-page","status-publish","hentry"],"_links":{"self":[{"href":"https:\/\/guitares-et-luthiers.fr\/index.php?rest_route=\/wp\/v2\/pages\/1019","targetHints":{"allow":["GET"]}}],"collection":[{"href":"https:\/\/guitares-et-luthiers.fr\/index.php?rest_route=\/wp\/v2\/pages"}],"about":[{"href":"https:\/\/guitares-et-luthiers.fr\/index.php?rest_route=\/wp\/v2\/types\/page"}],"author":[{"embeddable":true,"href":"https:\/\/guitares-et-luthiers.fr\/index.php?rest_route=\/wp\/v2\/users\/2"}],"replies":[{"embeddable":true,"href":"https:\/\/guitares-et-luthiers.fr\/index.php?rest_route=%2Fwp%2Fv2%2Fcomments&post=1019"}],"version-history":[{"count":6,"href":"https:\/\/guitares-et-luthiers.fr\/index.php?rest_route=\/wp\/v2\/pages\/1019\/revisions"}],"predecessor-version":[{"id":1091,"href":"https:\/\/guitares-et-luthiers.fr\/index.php?rest_route=\/wp\/v2\/pages\/1019\/revisions\/1091"}],"wp:attachment":[{"href":"https:\/\/guitares-et-luthiers.fr\/index.php?rest_route=%2Fwp%2Fv2%2Fmedia&parent=1019"}],"curies":[{"name":"wp","href":"https:\/\/api.w.org\/{rel}","templated":true}]}}