{"id":1055,"date":"2017-09-03T14:10:18","date_gmt":"2017-09-03T13:10:18","guid":{"rendered":"http:\/\/guitares-et-luthiers.fr\/?page_id=1055"},"modified":"2022-01-31T15:09:40","modified_gmt":"2022-01-31T14:09:40","slug":"lesueur-n-236","status":"publish","type":"page","link":"https:\/\/guitares-et-luthiers.fr\/?page_id=1055","title":{"rendered":"Lesueur n\u00b0 236"},"content":{"rendered":"<p>Chevalet caract\u00e9ristique des guitares Lesueur avec les initiales du luthier comme motif. \u00a0 \u00a0ref:\u201cguitares et luthiers d\u2019en France\u201dEd Chandelle.<\/p>\n<p>Daniel Lesueur fut apprenti de Daniel Friederich pendant plusieurs ann\u00e9es. Une valeur s\u00fbre \u00e0 petit prix\u2026<\/p>\n<audio class=\"wp-audio-shortcode\" id=\"audio-1055-1\" preload=\"none\" style=\"width: 100%;\" controls=\"controls\"><source type=\"audio\/mpeg\" src=\"https:\/\/guitares-et-luthiers.fr\/wp-content\/uploads\/2022\/01\/Lesueur-1980.m4a?_=1\" \/><a href=\"https:\/\/guitares-et-luthiers.fr\/wp-content\/uploads\/2022\/01\/Lesueur-1980.m4a\">https:\/\/guitares-et-luthiers.fr\/wp-content\/uploads\/2022\/01\/Lesueur-1980.m4a<\/a><\/audio>\n<p><a href=\"https:\/\/guitares-et-luthiers.fr\/wp-content\/uploads\/2017\/09\/Lesueur-236-3.jpg\" rel=\"lightbox[1055]\"><img loading=\"lazy\" decoding=\"async\" class=\"alignnone size-medium wp-image-1046\" src=\"https:\/\/guitares-et-luthiers.fr\/wp-content\/uploads\/2017\/09\/Lesueur-236-3-139x300.jpg\" alt=\"\" width=\"139\" height=\"300\" srcset=\"https:\/\/guitares-et-luthiers.fr\/wp-content\/uploads\/2017\/09\/Lesueur-236-3-139x300.jpg 139w, https:\/\/guitares-et-luthiers.fr\/wp-content\/uploads\/2017\/09\/Lesueur-236-3-768x1659.jpg 768w, https:\/\/guitares-et-luthiers.fr\/wp-content\/uploads\/2017\/09\/Lesueur-236-3-474x1024.jpg 474w, https:\/\/guitares-et-luthiers.fr\/wp-content\/uploads\/2017\/09\/Lesueur-236-3.jpg 1818w\" sizes=\"auto, (max-width: 139px) 100vw, 139px\" \/><\/a><a href=\"https:\/\/guitares-et-luthiers.fr\/wp-content\/uploads\/2017\/09\/Lesueur-236-4.jpg\" rel=\"lightbox[1055]\"><img loading=\"lazy\" decoding=\"async\" class=\"alignnone size-medium wp-image-1047\" src=\"https:\/\/guitares-et-luthiers.fr\/wp-content\/uploads\/2017\/09\/Lesueur-236-4-235x300.jpg\" alt=\"\" width=\"235\" height=\"300\" srcset=\"https:\/\/guitares-et-luthiers.fr\/wp-content\/uploads\/2017\/09\/Lesueur-236-4-235x300.jpg 235w, https:\/\/guitares-et-luthiers.fr\/wp-content\/uploads\/2017\/09\/Lesueur-236-4-768x982.jpg 768w, https:\/\/guitares-et-luthiers.fr\/wp-content\/uploads\/2017\/09\/Lesueur-236-4-801x1024.jpg 801w\" sizes=\"auto, (max-width: 235px) 100vw, 235px\" \/><\/a><a href=\"https:\/\/guitares-et-luthiers.fr\/wp-content\/uploads\/2017\/09\/Lesueur-236-7.jpg\" rel=\"lightbox[1055]\"><img loading=\"lazy\" decoding=\"async\" class=\"alignnone size-medium wp-image-1050\" src=\"https:\/\/guitares-et-luthiers.fr\/wp-content\/uploads\/2017\/09\/Lesueur-236-7-214x300.jpg\" alt=\"\" width=\"214\" height=\"300\" srcset=\"https:\/\/guitares-et-luthiers.fr\/wp-content\/uploads\/2017\/09\/Lesueur-236-7-214x300.jpg 214w, https:\/\/guitares-et-luthiers.fr\/wp-content\/uploads\/2017\/09\/Lesueur-236-7-768x1075.jpg 768w, https:\/\/guitares-et-luthiers.fr\/wp-content\/uploads\/2017\/09\/Lesueur-236-7-731x1024.jpg 731w\" sizes=\"auto, (max-width: 214px) 100vw, 214px\" \/><\/a><a href=\"https:\/\/guitares-et-luthiers.fr\/wp-content\/uploads\/2017\/09\/Lesueur-236-6.jpg\" rel=\"lightbox[1055]\"><img loading=\"lazy\" decoding=\"async\" class=\"alignnone size-medium wp-image-1049\" src=\"https:\/\/guitares-et-luthiers.fr\/wp-content\/uploads\/2017\/09\/Lesueur-236-6-225x300.jpg\" alt=\"\" width=\"225\" height=\"300\" srcset=\"https:\/\/guitares-et-luthiers.fr\/wp-content\/uploads\/2017\/09\/Lesueur-236-6-225x300.jpg 225w, https:\/\/guitares-et-luthiers.fr\/wp-content\/uploads\/2017\/09\/Lesueur-236-6-768x1024.jpg 768w\" sizes=\"auto, (max-width: 225px) 100vw, 225px\" \/><\/a><a href=\"https:\/\/guitares-et-luthiers.fr\/wp-content\/uploads\/2017\/09\/Lesueur-236-5.jpg\" rel=\"lightbox[1055]\"><img loading=\"lazy\" decoding=\"async\" class=\"alignnone size-medium wp-image-1048\" src=\"https:\/\/guitares-et-luthiers.fr\/wp-content\/uploads\/2017\/09\/Lesueur-236-5-298x300.jpg\" alt=\"\" width=\"298\" height=\"300\" srcset=\"https:\/\/guitares-et-luthiers.fr\/wp-content\/uploads\/2017\/09\/Lesueur-236-5-298x300.jpg 298w, https:\/\/guitares-et-luthiers.fr\/wp-content\/uploads\/2017\/09\/Lesueur-236-5-150x150.jpg 150w, https:\/\/guitares-et-luthiers.fr\/wp-content\/uploads\/2017\/09\/Lesueur-236-5-768x774.jpg 768w, https:\/\/guitares-et-luthiers.fr\/wp-content\/uploads\/2017\/09\/Lesueur-236-5-1016x1024.jpg 1016w, https:\/\/guitares-et-luthiers.fr\/wp-content\/uploads\/2017\/09\/Lesueur-236-5-100x100.jpg 100w\" sizes=\"auto, (max-width: 298px) 100vw, 298px\" \/><\/a><a href=\"https:\/\/guitares-et-luthiers.fr\/wp-content\/uploads\/2017\/09\/Lesueur-236.jpg\" rel=\"lightbox[1055]\"><img loading=\"lazy\" decoding=\"async\" class=\"alignnone size-medium wp-image-1054\" src=\"https:\/\/guitares-et-luthiers.fr\/wp-content\/uploads\/2017\/09\/Lesueur-236-281x300.jpg\" alt=\"\" width=\"281\" height=\"300\" srcset=\"https:\/\/guitares-et-luthiers.fr\/wp-content\/uploads\/2017\/09\/Lesueur-236-281x300.jpg 281w, https:\/\/guitares-et-luthiers.fr\/wp-content\/uploads\/2017\/09\/Lesueur-236-768x820.jpg 768w, https:\/\/guitares-et-luthiers.fr\/wp-content\/uploads\/2017\/09\/Lesueur-236-959x1024.jpg 959w\" sizes=\"auto, (max-width: 281px) 100vw, 281px\" \/><\/a><a href=\"https:\/\/guitares-et-luthiers.fr\/wp-content\/uploads\/2017\/09\/Lesueur-236-1.jpg\" rel=\"lightbox[1055]\"><img loading=\"lazy\" decoding=\"async\" class=\"alignnone size-medium wp-image-1044\" src=\"https:\/\/guitares-et-luthiers.fr\/wp-content\/uploads\/2017\/09\/Lesueur-236-1-168x300.jpg\" alt=\"\" width=\"168\" height=\"300\" srcset=\"https:\/\/guitares-et-luthiers.fr\/wp-content\/uploads\/2017\/09\/Lesueur-236-1-168x300.jpg 168w, https:\/\/guitares-et-luthiers.fr\/wp-content\/uploads\/2017\/09\/Lesueur-236-1-768x1374.jpg 768w, https:\/\/guitares-et-luthiers.fr\/wp-content\/uploads\/2017\/09\/Lesueur-236-1-572x1024.jpg 572w\" sizes=\"auto, (max-width: 168px) 100vw, 168px\" \/><\/a><a href=\"https:\/\/guitares-et-luthiers.fr\/wp-content\/uploads\/2017\/09\/Lesueur-236-9.jpg\" rel=\"lightbox[1055]\"><img loading=\"lazy\" decoding=\"async\" class=\"alignnone size-medium wp-image-1052\" src=\"https:\/\/guitares-et-luthiers.fr\/wp-content\/uploads\/2017\/09\/Lesueur-236-9-238x300.jpg\" alt=\"\" width=\"238\" height=\"300\" srcset=\"https:\/\/guitares-et-luthiers.fr\/wp-content\/uploads\/2017\/09\/Lesueur-236-9-238x300.jpg 238w, https:\/\/guitares-et-luthiers.fr\/wp-content\/uploads\/2017\/09\/Lesueur-236-9-768x969.jpg 768w, https:\/\/guitares-et-luthiers.fr\/wp-content\/uploads\/2017\/09\/Lesueur-236-9-812x1024.jpg 812w\" sizes=\"auto, (max-width: 238px) 100vw, 238px\" \/><\/a><a href=\"https:\/\/guitares-et-luthiers.fr\/wp-content\/uploads\/2017\/09\/Lesueur-236-8.jpg\" rel=\"lightbox[1055]\"><img loading=\"lazy\" decoding=\"async\" class=\"alignnone size-medium wp-image-1051\" src=\"https:\/\/guitares-et-luthiers.fr\/wp-content\/uploads\/2017\/09\/Lesueur-236-8-300x85.jpg\" alt=\"\" width=\"300\" height=\"85\" srcset=\"https:\/\/guitares-et-luthiers.fr\/wp-content\/uploads\/2017\/09\/Lesueur-236-8-300x85.jpg 300w, https:\/\/guitares-et-luthiers.fr\/wp-content\/uploads\/2017\/09\/Lesueur-236-8-768x216.jpg 768w, https:\/\/guitares-et-luthiers.fr\/wp-content\/uploads\/2017\/09\/Lesueur-236-8-1024x289.jpg 1024w\" sizes=\"auto, (max-width: 300px) 100vw, 300px\" \/><\/a><\/p>\n","protected":false},"excerpt":{"rendered":"<p>Chevalet caract\u00e9ristique des guitares Lesueur avec les initiales du luthier comme motif. \u00a0 \u00a0ref:\u201cguitares et luthiers d\u2019en France\u201dEd Chandelle. Daniel Lesueur fut apprenti de Daniel Friederich pendant plusieurs ann\u00e9es. Une valeur s\u00fbre \u00e0 petit prix\u2026 https:\/\/guitares-et-luthiers.fr\/wp-content\/uploads\/2022\/01\/Lesueur-1980.m4a<\/p>\n","protected":false},"author":2,"featured_media":0,"parent":0,"menu_order":0,"comment_status":"closed","ping_status":"closed","template":"","meta":{"footnotes":""},"class_list":["post-1055","page","type-page","status-publish","hentry"],"_links":{"self":[{"href":"https:\/\/guitares-et-luthiers.fr\/index.php?rest_route=\/wp\/v2\/pages\/1055","targetHints":{"allow":["GET"]}}],"collection":[{"href":"https:\/\/guitares-et-luthiers.fr\/index.php?rest_route=\/wp\/v2\/pages"}],"about":[{"href":"https:\/\/guitares-et-luthiers.fr\/index.php?rest_route=\/wp\/v2\/types\/page"}],"author":[{"embeddable":true,"href":"https:\/\/guitares-et-luthiers.fr\/index.php?rest_route=\/wp\/v2\/users\/2"}],"replies":[{"embeddable":true,"href":"https:\/\/guitares-et-luthiers.fr\/index.php?rest_route=%2Fwp%2Fv2%2Fcomments&post=1055"}],"version-history":[{"count":3,"href":"https:\/\/guitares-et-luthiers.fr\/index.php?rest_route=\/wp\/v2\/pages\/1055\/revisions"}],"predecessor-version":[{"id":1343,"href":"https:\/\/guitares-et-luthiers.fr\/index.php?rest_route=\/wp\/v2\/pages\/1055\/revisions\/1343"}],"wp:attachment":[{"href":"https:\/\/guitares-et-luthiers.fr\/index.php?rest_route=%2Fwp%2Fv2%2Fmedia&parent=1055"}],"curies":[{"name":"wp","href":"https:\/\/api.w.org\/{rel}","templated":true}]}}