{"id":1071,"date":"2017-09-03T16:37:35","date_gmt":"2017-09-03T15:37:35","guid":{"rendered":"http:\/\/guitares-et-luthiers.fr\/?page_id=1071"},"modified":"2019-11-08T16:55:56","modified_gmt":"2019-11-08T15:55:56","slug":"thomas-dauge-n-110","status":"publish","type":"page","link":"https:\/\/guitares-et-luthiers.fr\/?page_id=1071","title":{"rendered":"Thomas Dauge n\u00b0 110"},"content":{"rendered":"<p>Luthier : Thomas Dauge<\/p>\n<p>Mod\u00e8le :\u00a0Concert n\u00b0110<\/p>\n<p>Ann\u00e9e : 2015<\/p>\n<p>Bois :\u00a0table en \u00e9pic\u00e9a du Jura Suisse, bois s\u00e9lectionn\u00e9, caisse en \u00ab\u00a0faux rose \u00a0\u00bb de Madagascar 60 ans de s\u00e9chage, manche en acajou du Br\u00e9sil ( 20 ans de s\u00e9chage), touche en \u00e9b\u00e8ne d&rsquo;Afrique ( 10 ans de s\u00e9chage), chevalet et plaque de t\u00eate en palissandre, fileterie faite de palissandre, d&rsquo;\u00e9rable, d&rsquo;acajou du Br\u00e9sil et de tulipier noir, sillet en os, m\u00e9caniques Rubner avec boutons \u00e9b\u00e8ne, avec \u00e9tui.<\/p>\n<address>Une finition sans d\u00e9faut, de beaux bois. Le travail de Thomas Dauge est toujours de grande qualit\u00e9. Le son de cette guitare est tout en nuances, offrant une grande palette expressive.\u00a0<\/address>\n<address>Liens \u00a0 thomasdauge.com\u00a0 \u00a0<\/address>\n<p><a href=\"https:\/\/guitares-et-luthiers.fr\/wp-content\/uploads\/2017\/09\/Thomas-Dauge-n\u00b0-110.jpg\" rel=\"lightbox[1071]\"><img loading=\"lazy\" decoding=\"async\" class=\"alignnone size-medium wp-image-1070\" src=\"https:\/\/guitares-et-luthiers.fr\/wp-content\/uploads\/2017\/09\/Thomas-Dauge-n\u00b0-110-300x210.jpg\" alt=\"\" width=\"300\" height=\"210\" srcset=\"https:\/\/guitares-et-luthiers.fr\/wp-content\/uploads\/2017\/09\/Thomas-Dauge-n\u00b0-110-300x210.jpg 300w, https:\/\/guitares-et-luthiers.fr\/wp-content\/uploads\/2017\/09\/Thomas-Dauge-n\u00b0-110-768x538.jpg 768w, https:\/\/guitares-et-luthiers.fr\/wp-content\/uploads\/2017\/09\/Thomas-Dauge-n\u00b0-110-1024x718.jpg 1024w\" sizes=\"auto, (max-width: 300px) 100vw, 300px\" \/><\/a> <a href=\"https:\/\/guitares-et-luthiers.fr\/wp-content\/uploads\/2017\/09\/Thomas-Dauge-n\u00b0-110-11.jpg\" rel=\"lightbox[1071]\"><img loading=\"lazy\" decoding=\"async\" class=\"alignnone size-medium wp-image-1069\" src=\"https:\/\/guitares-et-luthiers.fr\/wp-content\/uploads\/2017\/09\/Thomas-Dauge-n\u00b0-110-11-175x300.jpg\" alt=\"\" width=\"175\" height=\"300\" srcset=\"https:\/\/guitares-et-luthiers.fr\/wp-content\/uploads\/2017\/09\/Thomas-Dauge-n\u00b0-110-11-175x300.jpg 175w, https:\/\/guitares-et-luthiers.fr\/wp-content\/uploads\/2017\/09\/Thomas-Dauge-n\u00b0-110-11-768x1318.jpg 768w, https:\/\/guitares-et-luthiers.fr\/wp-content\/uploads\/2017\/09\/Thomas-Dauge-n\u00b0-110-11-597x1024.jpg 597w, https:\/\/guitares-et-luthiers.fr\/wp-content\/uploads\/2017\/09\/Thomas-Dauge-n\u00b0-110-11.jpg 2016w\" sizes=\"auto, (max-width: 175px) 100vw, 175px\" \/><\/a> <a href=\"https:\/\/guitares-et-luthiers.fr\/wp-content\/uploads\/2017\/09\/Thomas-Dauge-n\u00b0-110-10.jpg\" rel=\"lightbox[1071]\"><img loading=\"lazy\" decoding=\"async\" class=\"alignnone size-medium wp-image-1068\" src=\"https:\/\/guitares-et-luthiers.fr\/wp-content\/uploads\/2017\/09\/Thomas-Dauge-n\u00b0-110-10-170x300.jpg\" alt=\"\" width=\"170\" height=\"300\" srcset=\"https:\/\/guitares-et-luthiers.fr\/wp-content\/uploads\/2017\/09\/Thomas-Dauge-n\u00b0-110-10-170x300.jpg 170w, https:\/\/guitares-et-luthiers.fr\/wp-content\/uploads\/2017\/09\/Thomas-Dauge-n\u00b0-110-10-768x1356.jpg 768w, https:\/\/guitares-et-luthiers.fr\/wp-content\/uploads\/2017\/09\/Thomas-Dauge-n\u00b0-110-10-580x1024.jpg 580w\" sizes=\"auto, (max-width: 170px) 100vw, 170px\" \/><\/a> <a href=\"https:\/\/guitares-et-luthiers.fr\/wp-content\/uploads\/2017\/09\/Thomas-Dauge-n\u00b0-110-9.jpg\" rel=\"lightbox[1071]\"><img loading=\"lazy\" decoding=\"async\" class=\"alignnone size-medium wp-image-1067\" src=\"https:\/\/guitares-et-luthiers.fr\/wp-content\/uploads\/2017\/09\/Thomas-Dauge-n\u00b0-110-9-148x300.jpg\" alt=\"\" width=\"148\" height=\"300\" srcset=\"https:\/\/guitares-et-luthiers.fr\/wp-content\/uploads\/2017\/09\/Thomas-Dauge-n\u00b0-110-9-148x300.jpg 148w, https:\/\/guitares-et-luthiers.fr\/wp-content\/uploads\/2017\/09\/Thomas-Dauge-n\u00b0-110-9-768x1554.jpg 768w, https:\/\/guitares-et-luthiers.fr\/wp-content\/uploads\/2017\/09\/Thomas-Dauge-n\u00b0-110-9-506x1024.jpg 506w, https:\/\/guitares-et-luthiers.fr\/wp-content\/uploads\/2017\/09\/Thomas-Dauge-n\u00b0-110-9.jpg 1858w\" sizes=\"auto, (max-width: 148px) 100vw, 148px\" \/><\/a> <a href=\"https:\/\/guitares-et-luthiers.fr\/wp-content\/uploads\/2017\/09\/Thomas-Dauge-n\u00b0-110-8.jpg\" rel=\"lightbox[1071]\"><img loading=\"lazy\" decoding=\"async\" class=\"alignnone size-medium wp-image-1066\" src=\"https:\/\/guitares-et-luthiers.fr\/wp-content\/uploads\/2017\/09\/Thomas-Dauge-n\u00b0-110-8-300x241.jpg\" alt=\"\" width=\"300\" height=\"241\" srcset=\"https:\/\/guitares-et-luthiers.fr\/wp-content\/uploads\/2017\/09\/Thomas-Dauge-n\u00b0-110-8-300x241.jpg 300w, https:\/\/guitares-et-luthiers.fr\/wp-content\/uploads\/2017\/09\/Thomas-Dauge-n\u00b0-110-8-768x618.jpg 768w, https:\/\/guitares-et-luthiers.fr\/wp-content\/uploads\/2017\/09\/Thomas-Dauge-n\u00b0-110-8-1024x824.jpg 1024w\" sizes=\"auto, (max-width: 300px) 100vw, 300px\" \/><\/a> <a href=\"https:\/\/guitares-et-luthiers.fr\/wp-content\/uploads\/2017\/09\/Thomas-Dauge-n\u00b0-110-7.jpg\" rel=\"lightbox[1071]\"><img loading=\"lazy\" decoding=\"async\" class=\"alignnone size-medium wp-image-1065\" src=\"https:\/\/guitares-et-luthiers.fr\/wp-content\/uploads\/2017\/09\/Thomas-Dauge-n\u00b0-110-7-300x212.jpg\" alt=\"\" width=\"300\" height=\"212\" srcset=\"https:\/\/guitares-et-luthiers.fr\/wp-content\/uploads\/2017\/09\/Thomas-Dauge-n\u00b0-110-7-300x212.jpg 300w, https:\/\/guitares-et-luthiers.fr\/wp-content\/uploads\/2017\/09\/Thomas-Dauge-n\u00b0-110-7-768x544.jpg 768w, https:\/\/guitares-et-luthiers.fr\/wp-content\/uploads\/2017\/09\/Thomas-Dauge-n\u00b0-110-7-1024x725.jpg 1024w\" sizes=\"auto, (max-width: 300px) 100vw, 300px\" \/><\/a> <a href=\"https:\/\/guitares-et-luthiers.fr\/wp-content\/uploads\/2017\/09\/Thomas-Dauge-n\u00b0-110-6.jpg\" rel=\"lightbox[1071]\"><img loading=\"lazy\" decoding=\"async\" class=\"alignnone size-medium wp-image-1064\" src=\"https:\/\/guitares-et-luthiers.fr\/wp-content\/uploads\/2017\/09\/Thomas-Dauge-n\u00b0-110-6-300x300.jpg\" alt=\"\" width=\"300\" height=\"300\" srcset=\"https:\/\/guitares-et-luthiers.fr\/wp-content\/uploads\/2017\/09\/Thomas-Dauge-n\u00b0-110-6-300x300.jpg 300w, https:\/\/guitares-et-luthiers.fr\/wp-content\/uploads\/2017\/09\/Thomas-Dauge-n\u00b0-110-6-150x150.jpg 150w, https:\/\/guitares-et-luthiers.fr\/wp-content\/uploads\/2017\/09\/Thomas-Dauge-n\u00b0-110-6-1024x1019.jpg 1024w, https:\/\/guitares-et-luthiers.fr\/wp-content\/uploads\/2017\/09\/Thomas-Dauge-n\u00b0-110-6-100x100.jpg 100w\" sizes=\"auto, (max-width: 300px) 100vw, 300px\" \/><\/a> <a href=\"https:\/\/guitares-et-luthiers.fr\/wp-content\/uploads\/2017\/09\/Thomas-Dauge-n\u00b0-110-5.jpg\" rel=\"lightbox[1071]\"><img loading=\"lazy\" decoding=\"async\" class=\"alignnone size-medium wp-image-1063\" src=\"https:\/\/guitares-et-luthiers.fr\/wp-content\/uploads\/2017\/09\/Thomas-Dauge-n\u00b0-110-5-130x300.jpg\" alt=\"\" width=\"130\" height=\"300\" srcset=\"https:\/\/guitares-et-luthiers.fr\/wp-content\/uploads\/2017\/09\/Thomas-Dauge-n\u00b0-110-5-130x300.jpg 130w, https:\/\/guitares-et-luthiers.fr\/wp-content\/uploads\/2017\/09\/Thomas-Dauge-n\u00b0-110-5-768x1774.jpg 768w, https:\/\/guitares-et-luthiers.fr\/wp-content\/uploads\/2017\/09\/Thomas-Dauge-n\u00b0-110-5-443x1024.jpg 443w, https:\/\/guitares-et-luthiers.fr\/wp-content\/uploads\/2017\/09\/Thomas-Dauge-n\u00b0-110-5.jpg 1636w\" sizes=\"auto, (max-width: 130px) 100vw, 130px\" \/><\/a> <a href=\"https:\/\/guitares-et-luthiers.fr\/wp-content\/uploads\/2017\/09\/Thomas-Dauge-n\u00b0-110-4.jpg\" rel=\"lightbox[1071]\"><img loading=\"lazy\" decoding=\"async\" class=\"alignnone size-medium wp-image-1062\" src=\"https:\/\/guitares-et-luthiers.fr\/wp-content\/uploads\/2017\/09\/Thomas-Dauge-n\u00b0-110-4-225x300.jpg\" alt=\"\" width=\"225\" height=\"300\" srcset=\"https:\/\/guitares-et-luthiers.fr\/wp-content\/uploads\/2017\/09\/Thomas-Dauge-n\u00b0-110-4-225x300.jpg 225w, https:\/\/guitares-et-luthiers.fr\/wp-content\/uploads\/2017\/09\/Thomas-Dauge-n\u00b0-110-4-768x1024.jpg 768w\" sizes=\"auto, (max-width: 225px) 100vw, 225px\" \/><\/a> <a href=\"https:\/\/guitares-et-luthiers.fr\/wp-content\/uploads\/2017\/09\/Thomas-Dauge-n\u00b0-110-3.jpg\" rel=\"lightbox[1071]\"><img loading=\"lazy\" decoding=\"async\" class=\"alignnone size-medium wp-image-1061\" src=\"https:\/\/guitares-et-luthiers.fr\/wp-content\/uploads\/2017\/09\/Thomas-Dauge-n\u00b0-110-3-300x226.jpg\" alt=\"\" width=\"300\" height=\"226\" srcset=\"https:\/\/guitares-et-luthiers.fr\/wp-content\/uploads\/2017\/09\/Thomas-Dauge-n\u00b0-110-3-300x226.jpg 300w, https:\/\/guitares-et-luthiers.fr\/wp-content\/uploads\/2017\/09\/Thomas-Dauge-n\u00b0-110-3-768x577.jpg 768w, https:\/\/guitares-et-luthiers.fr\/wp-content\/uploads\/2017\/09\/Thomas-Dauge-n\u00b0-110-3-1024x770.jpg 1024w\" sizes=\"auto, (max-width: 300px) 100vw, 300px\" \/><\/a> <a href=\"https:\/\/guitares-et-luthiers.fr\/wp-content\/uploads\/2017\/09\/Thomas-Dauge-n\u00b0-110-2.jpg\" rel=\"lightbox[1071]\"><img loading=\"lazy\" decoding=\"async\" class=\"alignnone size-medium wp-image-1060\" src=\"https:\/\/guitares-et-luthiers.fr\/wp-content\/uploads\/2017\/09\/Thomas-Dauge-n\u00b0-110-2-300x73.jpg\" alt=\"\" width=\"300\" height=\"73\" srcset=\"https:\/\/guitares-et-luthiers.fr\/wp-content\/uploads\/2017\/09\/Thomas-Dauge-n\u00b0-110-2-300x73.jpg 300w, https:\/\/guitares-et-luthiers.fr\/wp-content\/uploads\/2017\/09\/Thomas-Dauge-n\u00b0-110-2-768x188.jpg 768w, https:\/\/guitares-et-luthiers.fr\/wp-content\/uploads\/2017\/09\/Thomas-Dauge-n\u00b0-110-2-1024x251.jpg 1024w\" sizes=\"auto, (max-width: 300px) 100vw, 300px\" \/><\/a> <a href=\"https:\/\/guitares-et-luthiers.fr\/wp-content\/uploads\/2017\/09\/Thomas-Dauge-n\u00b0-110-1.jpg\" rel=\"lightbox[1071]\"><img loading=\"lazy\" decoding=\"async\" class=\"alignnone size-medium wp-image-1059\" src=\"https:\/\/guitares-et-luthiers.fr\/wp-content\/uploads\/2017\/09\/Thomas-Dauge-n\u00b0-110-1-215x300.jpg\" alt=\"\" width=\"215\" height=\"300\" srcset=\"https:\/\/guitares-et-luthiers.fr\/wp-content\/uploads\/2017\/09\/Thomas-Dauge-n\u00b0-110-1-215x300.jpg 215w, https:\/\/guitares-et-luthiers.fr\/wp-content\/uploads\/2017\/09\/Thomas-Dauge-n\u00b0-110-1-768x1071.jpg 768w, https:\/\/guitares-et-luthiers.fr\/wp-content\/uploads\/2017\/09\/Thomas-Dauge-n\u00b0-110-1-734x1024.jpg 734w\" sizes=\"auto, (max-width: 215px) 100vw, 215px\" \/><\/a><\/p>\n","protected":false},"excerpt":{"rendered":"<p>Luthier : Thomas Dauge Mod\u00e8le :\u00a0Concert n\u00b0110 Ann\u00e9e : 2015 Bois :\u00a0table en \u00e9pic\u00e9a du Jura Suisse, bois s\u00e9lectionn\u00e9, caisse en \u00ab\u00a0faux rose \u00a0\u00bb de Madagascar 60 ans de s\u00e9chage, manche en acajou du Br\u00e9sil ( 20 ans de s\u00e9chage), touche en \u00e9b\u00e8ne d&rsquo;Afrique ( 10 ans de s\u00e9chage), chevalet et plaque de t\u00eate en &hellip; <\/p>\n<p class=\"link-more\"><a href=\"https:\/\/guitares-et-luthiers.fr\/?page_id=1071\" class=\"more-link\">Continuer la lecture<span class=\"screen-reader-text\"> de &laquo;&nbsp;Thomas Dauge n\u00b0 110&nbsp;&raquo;<\/span><\/a><\/p>\n","protected":false},"author":2,"featured_media":0,"parent":0,"menu_order":0,"comment_status":"closed","ping_status":"closed","template":"","meta":{"footnotes":""},"class_list":["post-1071","page","type-page","status-publish","hentry"],"_links":{"self":[{"href":"https:\/\/guitares-et-luthiers.fr\/index.php?rest_route=\/wp\/v2\/pages\/1071","targetHints":{"allow":["GET"]}}],"collection":[{"href":"https:\/\/guitares-et-luthiers.fr\/index.php?rest_route=\/wp\/v2\/pages"}],"about":[{"href":"https:\/\/guitares-et-luthiers.fr\/index.php?rest_route=\/wp\/v2\/types\/page"}],"author":[{"embeddable":true,"href":"https:\/\/guitares-et-luthiers.fr\/index.php?rest_route=\/wp\/v2\/users\/2"}],"replies":[{"embeddable":true,"href":"https:\/\/guitares-et-luthiers.fr\/index.php?rest_route=%2Fwp%2Fv2%2Fcomments&post=1071"}],"version-history":[{"count":3,"href":"https:\/\/guitares-et-luthiers.fr\/index.php?rest_route=\/wp\/v2\/pages\/1071\/revisions"}],"predecessor-version":[{"id":1316,"href":"https:\/\/guitares-et-luthiers.fr\/index.php?rest_route=\/wp\/v2\/pages\/1071\/revisions\/1316"}],"wp:attachment":[{"href":"https:\/\/guitares-et-luthiers.fr\/index.php?rest_route=%2Fwp%2Fv2%2Fmedia&parent=1071"}],"curies":[{"name":"wp","href":"https:\/\/api.w.org\/{rel}","templated":true}]}}