{"id":1083,"date":"2017-09-03T17:05:53","date_gmt":"2017-09-03T16:05:53","guid":{"rendered":"http:\/\/guitares-et-luthiers.fr\/?page_id=1083"},"modified":"2022-10-02T18:40:14","modified_gmt":"2022-10-02T17:40:14","slug":"roffler-grand-concert-n9","status":"publish","type":"page","link":"https:\/\/guitares-et-luthiers.fr\/?page_id=1083","title":{"rendered":"Roffler Grand concert n\u00b09"},"content":{"rendered":"<p>Luthier : Gaelle Roffler<\/p>\n<p>Mod\u00e8le : Grand Concert<\/p>\n<p>Ann\u00e9e : \u00a02010 \u00a0 n\u00b0 09<\/p>\n<p>Bois :\u00a0dos et \u00e9clisses en palissandre, manche c\u00e9dro, touche \u00e9b\u00e8ne, chevalet en palissandre, table en red cedar.<\/p>\n<p>Une lutherie avec du caract\u00e8re. La forme de la t\u00eate est originale et \u00e9l\u00e9gante. La rosace est elle aussi originale et simple. Le sillet d\u00e9compos\u00e9 en 6 petits sillets est l\u00e0 aussi un \u00e9l\u00e9ment original.<\/p>\n<p>Le son de cette guitare est tr\u00e8s chaleureux, beaucoup de rondeurs , tr\u00e8s harmonieux. Une grande facilit\u00e9 de jeu, un grand confort sur tout le manche. 21 cases. Beaucoup de pr\u00e9sence et de caract\u00e8re. Le son est plein. Une guitare qui donne envie de jouer des heures durant, tout se fait dans la facilit\u00e9.<\/p>\n<p><a href=\"https:\/\/guitares-et-luthiers.fr\/wp-content\/uploads\/2017\/09\/Roffler-GC-n\u00b09-7.jpg\" rel=\"lightbox[1083]\"><img loading=\"lazy\" decoding=\"async\" class=\"alignnone size-medium wp-image-1081\" src=\"https:\/\/guitares-et-luthiers.fr\/wp-content\/uploads\/2017\/09\/Roffler-GC-n\u00b09-7-300x297.jpg\" alt=\"\" width=\"300\" height=\"297\" srcset=\"https:\/\/guitares-et-luthiers.fr\/wp-content\/uploads\/2017\/09\/Roffler-GC-n\u00b09-7-300x297.jpg 300w, https:\/\/guitares-et-luthiers.fr\/wp-content\/uploads\/2017\/09\/Roffler-GC-n\u00b09-7-150x150.jpg 150w, https:\/\/guitares-et-luthiers.fr\/wp-content\/uploads\/2017\/09\/Roffler-GC-n\u00b09-7-768x760.jpg 768w, https:\/\/guitares-et-luthiers.fr\/wp-content\/uploads\/2017\/09\/Roffler-GC-n\u00b09-7-1024x1014.jpg 1024w, https:\/\/guitares-et-luthiers.fr\/wp-content\/uploads\/2017\/09\/Roffler-GC-n\u00b09-7-100x100.jpg 100w\" sizes=\"auto, (max-width: 300px) 100vw, 300px\" \/><\/a> <a href=\"https:\/\/guitares-et-luthiers.fr\/wp-content\/uploads\/2017\/09\/Roffler-GC-n\u00b09-5.jpg\" rel=\"lightbox[1083]\"><img loading=\"lazy\" decoding=\"async\" class=\"alignnone size-medium wp-image-1079\" src=\"https:\/\/guitares-et-luthiers.fr\/wp-content\/uploads\/2017\/09\/Roffler-GC-n\u00b09-5-185x300.jpg\" alt=\"\" width=\"185\" height=\"300\" srcset=\"https:\/\/guitares-et-luthiers.fr\/wp-content\/uploads\/2017\/09\/Roffler-GC-n\u00b09-5-185x300.jpg 185w, https:\/\/guitares-et-luthiers.fr\/wp-content\/uploads\/2017\/09\/Roffler-GC-n\u00b09-5-768x1244.jpg 768w, https:\/\/guitares-et-luthiers.fr\/wp-content\/uploads\/2017\/09\/Roffler-GC-n\u00b09-5-632x1024.jpg 632w\" sizes=\"auto, (max-width: 185px) 100vw, 185px\" \/><\/a> <a href=\"https:\/\/guitares-et-luthiers.fr\/wp-content\/uploads\/2017\/09\/Roffler-GC-n\u00b09-4.jpg\" rel=\"lightbox[1083]\"><img loading=\"lazy\" decoding=\"async\" class=\"alignnone size-medium wp-image-1078\" src=\"https:\/\/guitares-et-luthiers.fr\/wp-content\/uploads\/2017\/09\/Roffler-GC-n\u00b09-4-300x92.jpg\" alt=\"\" width=\"300\" height=\"92\" srcset=\"https:\/\/guitares-et-luthiers.fr\/wp-content\/uploads\/2017\/09\/Roffler-GC-n\u00b09-4-300x92.jpg 300w, https:\/\/guitares-et-luthiers.fr\/wp-content\/uploads\/2017\/09\/Roffler-GC-n\u00b09-4-768x235.jpg 768w, https:\/\/guitares-et-luthiers.fr\/wp-content\/uploads\/2017\/09\/Roffler-GC-n\u00b09-4-1024x313.jpg 1024w\" sizes=\"auto, (max-width: 300px) 100vw, 300px\" \/><\/a> <a href=\"https:\/\/guitares-et-luthiers.fr\/wp-content\/uploads\/2017\/09\/Roffler-GC-n\u00b09-3.jpg\" rel=\"lightbox[1083]\"><img loading=\"lazy\" decoding=\"async\" class=\"alignnone size-medium wp-image-1077\" src=\"https:\/\/guitares-et-luthiers.fr\/wp-content\/uploads\/2017\/09\/Roffler-GC-n\u00b09-3-139x300.jpg\" alt=\"\" width=\"139\" height=\"300\" srcset=\"https:\/\/guitares-et-luthiers.fr\/wp-content\/uploads\/2017\/09\/Roffler-GC-n\u00b09-3-139x300.jpg 139w, https:\/\/guitares-et-luthiers.fr\/wp-content\/uploads\/2017\/09\/Roffler-GC-n\u00b09-3-768x1659.jpg 768w, https:\/\/guitares-et-luthiers.fr\/wp-content\/uploads\/2017\/09\/Roffler-GC-n\u00b09-3-474x1024.jpg 474w, https:\/\/guitares-et-luthiers.fr\/wp-content\/uploads\/2017\/09\/Roffler-GC-n\u00b09-3.jpg 1748w\" sizes=\"auto, (max-width: 139px) 100vw, 139px\" \/><\/a> <a href=\"https:\/\/guitares-et-luthiers.fr\/wp-content\/uploads\/2017\/09\/Roffler-GC-n\u00b09-2.jpg\" rel=\"lightbox[1083]\"><img loading=\"lazy\" decoding=\"async\" class=\"alignnone size-medium wp-image-1076\" src=\"https:\/\/guitares-et-luthiers.fr\/wp-content\/uploads\/2017\/09\/Roffler-GC-n\u00b09-2-300x300.jpg\" alt=\"\" width=\"300\" height=\"300\" srcset=\"https:\/\/guitares-et-luthiers.fr\/wp-content\/uploads\/2017\/09\/Roffler-GC-n\u00b09-2-300x300.jpg 300w, https:\/\/guitares-et-luthiers.fr\/wp-content\/uploads\/2017\/09\/Roffler-GC-n\u00b09-2-150x150.jpg 150w, https:\/\/guitares-et-luthiers.fr\/wp-content\/uploads\/2017\/09\/Roffler-GC-n\u00b09-2-768x770.jpg 768w, https:\/\/guitares-et-luthiers.fr\/wp-content\/uploads\/2017\/09\/Roffler-GC-n\u00b09-2-1022x1024.jpg 1022w, https:\/\/guitares-et-luthiers.fr\/wp-content\/uploads\/2017\/09\/Roffler-GC-n\u00b09-2-100x100.jpg 100w\" sizes=\"auto, (max-width: 300px) 100vw, 300px\" \/><\/a> <a href=\"https:\/\/guitares-et-luthiers.fr\/wp-content\/uploads\/2017\/09\/Roffler-GC-n\u00b09-1.jpg\" rel=\"lightbox[1083]\"><img loading=\"lazy\" decoding=\"async\" class=\"alignnone size-medium wp-image-1075\" src=\"https:\/\/guitares-et-luthiers.fr\/wp-content\/uploads\/2017\/09\/Roffler-GC-n\u00b09-1-263x300.jpg\" alt=\"\" width=\"263\" height=\"300\" srcset=\"https:\/\/guitares-et-luthiers.fr\/wp-content\/uploads\/2017\/09\/Roffler-GC-n\u00b09-1-263x300.jpg 263w, https:\/\/guitares-et-luthiers.fr\/wp-content\/uploads\/2017\/09\/Roffler-GC-n\u00b09-1-768x876.jpg 768w, https:\/\/guitares-et-luthiers.fr\/wp-content\/uploads\/2017\/09\/Roffler-GC-n\u00b09-1-898x1024.jpg 898w, https:\/\/guitares-et-luthiers.fr\/wp-content\/uploads\/2017\/09\/Roffler-GC-n\u00b09-1.jpg 1713w\" sizes=\"auto, (max-width: 263px) 100vw, 263px\" \/><\/a><\/p>\n","protected":false},"excerpt":{"rendered":"<p>Luthier : Gaelle Roffler Mod\u00e8le : Grand Concert Ann\u00e9e : \u00a02010 \u00a0 n\u00b0 09 Bois :\u00a0dos et \u00e9clisses en palissandre, manche c\u00e9dro, touche \u00e9b\u00e8ne, chevalet en palissandre, table en red cedar. Une lutherie avec du caract\u00e8re. La forme de la t\u00eate est originale et \u00e9l\u00e9gante. La rosace est elle aussi originale et simple. Le sillet &hellip; <\/p>\n<p class=\"link-more\"><a href=\"https:\/\/guitares-et-luthiers.fr\/?page_id=1083\" class=\"more-link\">Continuer la lecture<span class=\"screen-reader-text\"> de &laquo;&nbsp;Roffler Grand concert n\u00b09&nbsp;&raquo;<\/span><\/a><\/p>\n","protected":false},"author":2,"featured_media":0,"parent":0,"menu_order":0,"comment_status":"closed","ping_status":"closed","template":"","meta":{"footnotes":""},"class_list":["post-1083","page","type-page","status-publish","hentry"],"_links":{"self":[{"href":"https:\/\/guitares-et-luthiers.fr\/index.php?rest_route=\/wp\/v2\/pages\/1083","targetHints":{"allow":["GET"]}}],"collection":[{"href":"https:\/\/guitares-et-luthiers.fr\/index.php?rest_route=\/wp\/v2\/pages"}],"about":[{"href":"https:\/\/guitares-et-luthiers.fr\/index.php?rest_route=\/wp\/v2\/types\/page"}],"author":[{"embeddable":true,"href":"https:\/\/guitares-et-luthiers.fr\/index.php?rest_route=\/wp\/v2\/users\/2"}],"replies":[{"embeddable":true,"href":"https:\/\/guitares-et-luthiers.fr\/index.php?rest_route=%2Fwp%2Fv2%2Fcomments&post=1083"}],"version-history":[{"count":5,"href":"https:\/\/guitares-et-luthiers.fr\/index.php?rest_route=\/wp\/v2\/pages\/1083\/revisions"}],"predecessor-version":[{"id":1496,"href":"https:\/\/guitares-et-luthiers.fr\/index.php?rest_route=\/wp\/v2\/pages\/1083\/revisions\/1496"}],"wp:attachment":[{"href":"https:\/\/guitares-et-luthiers.fr\/index.php?rest_route=%2Fwp%2Fv2%2Fmedia&parent=1083"}],"curies":[{"name":"wp","href":"https:\/\/api.w.org\/{rel}","templated":true}]}}