{"id":1144,"date":"2017-11-17T13:46:27","date_gmt":"2017-11-17T12:46:27","guid":{"rendered":"http:\/\/guitares-et-luthiers.fr\/?page_id=1144"},"modified":"2022-10-02T18:34:33","modified_gmt":"2022-10-02T17:34:33","slug":"joaquin-garcia-2002","status":"publish","type":"page","link":"https:\/\/guitares-et-luthiers.fr\/?page_id=1144","title":{"rendered":"Joaquin Garcia 2002"},"content":{"rendered":"<div class=\"page\" title=\"Page 1\">\n<div class=\"layoutArea\">\n<div class=\"column\">\n<p>Luthier : Joaqu\u00edn Garc\u00eda<\/p>\n<p>Mod\u00e8le Concert 2002.<\/p>\n<p>Table d&rsquo;harmonie : red cedar. \u00a0Fond et \u00e9clisses : palissandre des Indes. Filets : palissandre. Manche : cedro.\u00a0Touche : \u00e9b\u00e8ne (radiused). Diapason : 650mm<br \/>\nPoids : 1,620 kg.<\/p>\n<p><a href=\"https:\/\/guitares-et-luthiers.fr\/wp-content\/uploads\/2017\/11\/IMG_6552.jpg\" rel=\"lightbox[1144]\"><img loading=\"lazy\" decoding=\"async\" class=\"alignnone size-medium wp-image-1143\" src=\"https:\/\/guitares-et-luthiers.fr\/wp-content\/uploads\/2017\/11\/IMG_6552-145x300.jpg\" alt=\"\" width=\"145\" height=\"300\" srcset=\"https:\/\/guitares-et-luthiers.fr\/wp-content\/uploads\/2017\/11\/IMG_6552-145x300.jpg 145w, https:\/\/guitares-et-luthiers.fr\/wp-content\/uploads\/2017\/11\/IMG_6552-496x1024.jpg 496w, https:\/\/guitares-et-luthiers.fr\/wp-content\/uploads\/2017\/11\/IMG_6552.jpg 620w\" sizes=\"auto, (max-width: 145px) 100vw, 145px\" \/><\/a> <a href=\"https:\/\/guitares-et-luthiers.fr\/wp-content\/uploads\/2017\/11\/IMG_6551.jpg\" rel=\"lightbox[1144]\"><img loading=\"lazy\" decoding=\"async\" class=\"alignnone size-medium wp-image-1142\" src=\"https:\/\/guitares-et-luthiers.fr\/wp-content\/uploads\/2017\/11\/IMG_6551-218x300.jpg\" alt=\"\" width=\"218\" height=\"300\" srcset=\"https:\/\/guitares-et-luthiers.fr\/wp-content\/uploads\/2017\/11\/IMG_6551-218x300.jpg 218w, https:\/\/guitares-et-luthiers.fr\/wp-content\/uploads\/2017\/11\/IMG_6551-768x1056.jpg 768w, https:\/\/guitares-et-luthiers.fr\/wp-content\/uploads\/2017\/11\/IMG_6551-745x1024.jpg 745w, https:\/\/guitares-et-luthiers.fr\/wp-content\/uploads\/2017\/11\/IMG_6551.jpg 931w\" sizes=\"auto, (max-width: 218px) 100vw, 218px\" \/><\/a> <a href=\"https:\/\/guitares-et-luthiers.fr\/wp-content\/uploads\/2017\/11\/IMG_6550.jpg\" rel=\"lightbox[1144]\"><img loading=\"lazy\" decoding=\"async\" class=\"alignnone size-medium wp-image-1141\" src=\"https:\/\/guitares-et-luthiers.fr\/wp-content\/uploads\/2017\/11\/IMG_6550-225x300.jpg\" alt=\"\" width=\"225\" height=\"300\" srcset=\"https:\/\/guitares-et-luthiers.fr\/wp-content\/uploads\/2017\/11\/IMG_6550-225x300.jpg 225w, https:\/\/guitares-et-luthiers.fr\/wp-content\/uploads\/2017\/11\/IMG_6550-768x1024.jpg 768w, https:\/\/guitares-et-luthiers.fr\/wp-content\/uploads\/2017\/11\/IMG_6550.jpg 960w\" sizes=\"auto, (max-width: 225px) 100vw, 225px\" \/><\/a> <a href=\"https:\/\/guitares-et-luthiers.fr\/wp-content\/uploads\/2017\/11\/IMG_6549.jpg\" rel=\"lightbox[1144]\"><img loading=\"lazy\" decoding=\"async\" class=\"alignnone size-medium wp-image-1140\" src=\"https:\/\/guitares-et-luthiers.fr\/wp-content\/uploads\/2017\/11\/IMG_6549-261x300.jpg\" alt=\"\" width=\"261\" height=\"300\" srcset=\"https:\/\/guitares-et-luthiers.fr\/wp-content\/uploads\/2017\/11\/IMG_6549-261x300.jpg 261w, https:\/\/guitares-et-luthiers.fr\/wp-content\/uploads\/2017\/11\/IMG_6549-768x882.jpg 768w, https:\/\/guitares-et-luthiers.fr\/wp-content\/uploads\/2017\/11\/IMG_6549-891x1024.jpg 891w, https:\/\/guitares-et-luthiers.fr\/wp-content\/uploads\/2017\/11\/IMG_6549.jpg 1114w\" sizes=\"auto, (max-width: 261px) 100vw, 261px\" \/><\/a> <a href=\"https:\/\/guitares-et-luthiers.fr\/wp-content\/uploads\/2017\/11\/IMG_6548.jpg\" rel=\"lightbox[1144]\"><img loading=\"lazy\" decoding=\"async\" class=\"alignnone size-medium wp-image-1139\" src=\"https:\/\/guitares-et-luthiers.fr\/wp-content\/uploads\/2017\/11\/IMG_6548-225x300.jpg\" alt=\"\" width=\"225\" height=\"300\" srcset=\"https:\/\/guitares-et-luthiers.fr\/wp-content\/uploads\/2017\/11\/IMG_6548-225x300.jpg 225w, https:\/\/guitares-et-luthiers.fr\/wp-content\/uploads\/2017\/11\/IMG_6548-768x1024.jpg 768w, https:\/\/guitares-et-luthiers.fr\/wp-content\/uploads\/2017\/11\/IMG_6548.jpg 960w\" sizes=\"auto, (max-width: 225px) 100vw, 225px\" \/><\/a> <a href=\"https:\/\/guitares-et-luthiers.fr\/wp-content\/uploads\/2017\/11\/IMG_6547.jpg\" rel=\"lightbox[1144]\"><img loading=\"lazy\" decoding=\"async\" class=\"alignnone size-medium wp-image-1138\" src=\"https:\/\/guitares-et-luthiers.fr\/wp-content\/uploads\/2017\/11\/IMG_6547-244x300.jpg\" alt=\"\" width=\"244\" height=\"300\" srcset=\"https:\/\/guitares-et-luthiers.fr\/wp-content\/uploads\/2017\/11\/IMG_6547-244x300.jpg 244w, https:\/\/guitares-et-luthiers.fr\/wp-content\/uploads\/2017\/11\/IMG_6547-768x944.jpg 768w, https:\/\/guitares-et-luthiers.fr\/wp-content\/uploads\/2017\/11\/IMG_6547-833x1024.jpg 833w, https:\/\/guitares-et-luthiers.fr\/wp-content\/uploads\/2017\/11\/IMG_6547.jpg 1041w\" sizes=\"auto, (max-width: 244px) 100vw, 244px\" \/><\/a> <a href=\"https:\/\/guitares-et-luthiers.fr\/wp-content\/uploads\/2017\/11\/IMG_6546.jpg\" rel=\"lightbox[1144]\"><img loading=\"lazy\" decoding=\"async\" class=\"alignnone size-medium wp-image-1137\" src=\"https:\/\/guitares-et-luthiers.fr\/wp-content\/uploads\/2017\/11\/IMG_6546-220x300.jpg\" alt=\"\" width=\"220\" height=\"300\" srcset=\"https:\/\/guitares-et-luthiers.fr\/wp-content\/uploads\/2017\/11\/IMG_6546-220x300.jpg 220w, https:\/\/guitares-et-luthiers.fr\/wp-content\/uploads\/2017\/11\/IMG_6546-768x1048.jpg 768w, https:\/\/guitares-et-luthiers.fr\/wp-content\/uploads\/2017\/11\/IMG_6546-750x1024.jpg 750w, https:\/\/guitares-et-luthiers.fr\/wp-content\/uploads\/2017\/11\/IMG_6546.jpg 938w\" sizes=\"auto, (max-width: 220px) 100vw, 220px\" \/><\/a> <a href=\"https:\/\/guitares-et-luthiers.fr\/wp-content\/uploads\/2017\/11\/IMG_6545.jpg\" rel=\"lightbox[1144]\"><img loading=\"lazy\" decoding=\"async\" class=\"alignnone size-medium wp-image-1136\" src=\"https:\/\/guitares-et-luthiers.fr\/wp-content\/uploads\/2017\/11\/IMG_6545-139x300.jpg\" alt=\"\" width=\"139\" height=\"300\" srcset=\"https:\/\/guitares-et-luthiers.fr\/wp-content\/uploads\/2017\/11\/IMG_6545-139x300.jpg 139w, https:\/\/guitares-et-luthiers.fr\/wp-content\/uploads\/2017\/11\/IMG_6545.jpg 302w\" sizes=\"auto, (max-width: 139px) 100vw, 139px\" \/><\/a> <a href=\"https:\/\/guitares-et-luthiers.fr\/wp-content\/uploads\/2017\/11\/IMG_6544.jpg\" rel=\"lightbox[1144]\"><img loading=\"lazy\" decoding=\"async\" class=\"alignnone size-medium wp-image-1135\" src=\"https:\/\/guitares-et-luthiers.fr\/wp-content\/uploads\/2017\/11\/IMG_6544-154x300.jpg\" alt=\"\" width=\"154\" height=\"300\" srcset=\"https:\/\/guitares-et-luthiers.fr\/wp-content\/uploads\/2017\/11\/IMG_6544-154x300.jpg 154w, https:\/\/guitares-et-luthiers.fr\/wp-content\/uploads\/2017\/11\/IMG_6544-526x1024.jpg 526w, https:\/\/guitares-et-luthiers.fr\/wp-content\/uploads\/2017\/11\/IMG_6544.jpg 657w\" sizes=\"auto, (max-width: 154px) 100vw, 154px\" \/><\/a> <a href=\"https:\/\/guitares-et-luthiers.fr\/wp-content\/uploads\/2017\/11\/IMG_6543.jpg\" rel=\"lightbox[1144]\"><img loading=\"lazy\" decoding=\"async\" class=\"alignnone size-medium wp-image-1134\" src=\"https:\/\/guitares-et-luthiers.fr\/wp-content\/uploads\/2017\/11\/IMG_6543-165x300.jpg\" alt=\"\" width=\"165\" height=\"300\" srcset=\"https:\/\/guitares-et-luthiers.fr\/wp-content\/uploads\/2017\/11\/IMG_6543-165x300.jpg 165w, https:\/\/guitares-et-luthiers.fr\/wp-content\/uploads\/2017\/11\/IMG_6543-563x1024.jpg 563w, https:\/\/guitares-et-luthiers.fr\/wp-content\/uploads\/2017\/11\/IMG_6543.jpg 704w\" sizes=\"auto, (max-width: 165px) 100vw, 165px\" \/><\/a> <a href=\"https:\/\/guitares-et-luthiers.fr\/wp-content\/uploads\/2017\/11\/IMG_6541.jpg\" rel=\"lightbox[1144]\"><img loading=\"lazy\" decoding=\"async\" class=\"alignnone size-medium wp-image-1133\" src=\"https:\/\/guitares-et-luthiers.fr\/wp-content\/uploads\/2017\/11\/IMG_6541-300x83.jpg\" alt=\"\" width=\"300\" height=\"83\" srcset=\"https:\/\/guitares-et-luthiers.fr\/wp-content\/uploads\/2017\/11\/IMG_6541-300x83.jpg 300w, https:\/\/guitares-et-luthiers.fr\/wp-content\/uploads\/2017\/11\/IMG_6541-768x213.jpg 768w, https:\/\/guitares-et-luthiers.fr\/wp-content\/uploads\/2017\/11\/IMG_6541.jpg 841w\" sizes=\"auto, (max-width: 300px) 100vw, 300px\" \/><\/a> <a href=\"https:\/\/guitares-et-luthiers.fr\/wp-content\/uploads\/2017\/11\/IMG_6540.jpg\" rel=\"lightbox[1144]\"><img loading=\"lazy\" decoding=\"async\" class=\"alignnone size-medium wp-image-1132\" src=\"https:\/\/guitares-et-luthiers.fr\/wp-content\/uploads\/2017\/11\/IMG_6540-300x300.jpg\" alt=\"\" width=\"300\" height=\"300\" srcset=\"https:\/\/guitares-et-luthiers.fr\/wp-content\/uploads\/2017\/11\/IMG_6540-300x300.jpg 300w, https:\/\/guitares-et-luthiers.fr\/wp-content\/uploads\/2017\/11\/IMG_6540-150x150.jpg 150w, https:\/\/guitares-et-luthiers.fr\/wp-content\/uploads\/2017\/11\/IMG_6540-768x771.jpg 768w, https:\/\/guitares-et-luthiers.fr\/wp-content\/uploads\/2017\/11\/IMG_6540-1020x1024.jpg 1020w, https:\/\/guitares-et-luthiers.fr\/wp-content\/uploads\/2017\/11\/IMG_6540-100x100.jpg 100w, https:\/\/guitares-et-luthiers.fr\/wp-content\/uploads\/2017\/11\/IMG_6540.jpg 1275w\" sizes=\"auto, (max-width: 300px) 100vw, 300px\" \/><\/a> <a href=\"https:\/\/guitares-et-luthiers.fr\/wp-content\/uploads\/2017\/11\/IMG_6539.jpg\" rel=\"lightbox[1144]\"><img loading=\"lazy\" decoding=\"async\" class=\"alignnone size-medium wp-image-1131\" src=\"https:\/\/guitares-et-luthiers.fr\/wp-content\/uploads\/2017\/11\/IMG_6539-300x204.jpg\" alt=\"\" width=\"300\" height=\"204\" srcset=\"https:\/\/guitares-et-luthiers.fr\/wp-content\/uploads\/2017\/11\/IMG_6539-300x204.jpg 300w, https:\/\/guitares-et-luthiers.fr\/wp-content\/uploads\/2017\/11\/IMG_6539-768x521.jpg 768w, https:\/\/guitares-et-luthiers.fr\/wp-content\/uploads\/2017\/11\/IMG_6539-1024x695.jpg 1024w, https:\/\/guitares-et-luthiers.fr\/wp-content\/uploads\/2017\/11\/IMG_6539.jpg 1280w\" sizes=\"auto, (max-width: 300px) 100vw, 300px\" \/><\/a><\/p>\n<\/div>\n<\/div>\n<\/div>\n","protected":false},"excerpt":{"rendered":"<p>Luthier : Joaqu\u00edn Garc\u00eda Mod\u00e8le Concert 2002. Table d&rsquo;harmonie : red cedar. \u00a0Fond et \u00e9clisses : palissandre des Indes. Filets : palissandre. Manche : cedro.\u00a0Touche : \u00e9b\u00e8ne (radiused). Diapason : 650mm Poids : 1,620 kg.<\/p>\n","protected":false},"author":2,"featured_media":0,"parent":0,"menu_order":0,"comment_status":"closed","ping_status":"closed","template":"","meta":{"footnotes":""},"class_list":["post-1144","page","type-page","status-publish","hentry"],"_links":{"self":[{"href":"https:\/\/guitares-et-luthiers.fr\/index.php?rest_route=\/wp\/v2\/pages\/1144","targetHints":{"allow":["GET"]}}],"collection":[{"href":"https:\/\/guitares-et-luthiers.fr\/index.php?rest_route=\/wp\/v2\/pages"}],"about":[{"href":"https:\/\/guitares-et-luthiers.fr\/index.php?rest_route=\/wp\/v2\/types\/page"}],"author":[{"embeddable":true,"href":"https:\/\/guitares-et-luthiers.fr\/index.php?rest_route=\/wp\/v2\/users\/2"}],"replies":[{"embeddable":true,"href":"https:\/\/guitares-et-luthiers.fr\/index.php?rest_route=%2Fwp%2Fv2%2Fcomments&post=1144"}],"version-history":[{"count":4,"href":"https:\/\/guitares-et-luthiers.fr\/index.php?rest_route=\/wp\/v2\/pages\/1144\/revisions"}],"predecessor-version":[{"id":1488,"href":"https:\/\/guitares-et-luthiers.fr\/index.php?rest_route=\/wp\/v2\/pages\/1144\/revisions\/1488"}],"wp:attachment":[{"href":"https:\/\/guitares-et-luthiers.fr\/index.php?rest_route=%2Fwp%2Fv2%2Fmedia&parent=1144"}],"curies":[{"name":"wp","href":"https:\/\/api.w.org\/{rel}","templated":true}]}}