{"id":1163,"date":"2017-11-17T14:09:38","date_gmt":"2017-11-17T13:09:38","guid":{"rendered":"http:\/\/guitares-et-luthiers.fr\/?page_id=1163"},"modified":"2018-02-26T10:29:09","modified_gmt":"2018-02-26T09:29:09","slug":"mercier-fiat-lux-2010","status":"publish","type":"page","link":"https:\/\/guitares-et-luthiers.fr\/?page_id=1163","title":{"rendered":"Mercier \u00a0\u00bb Fiat Lux\u00a0\u00bb 2010"},"content":{"rendered":"<p>Luthier: Gilles Mercier<\/p>\n<p>Mod\u00e8le : Fiat Lux \u00a02010<\/p>\n<p>Descriptif : table en \u00e9pic\u00e9a, dos et \u00e9clisses en palissandre, touche \u00e9b\u00e8ne, sillets en os, manche cedro, vernis tampon, parfait \u00e9tat, diapason 650 mm \u00a0avec \u00e9tui.<\/p>\n<p><i>Guitare avec une splendide lutherie, tout est soign\u00e9 dans les moindres d\u00e9tails. Instrument tr\u00e8s l\u00e9ger, prise en main tr\u00e8s facile, agr\u00e9able \u00e0 jouer. Un son tr\u00e8s brillant, \u00a0avec des basses bien pr\u00e9sentes, claires et bien d\u00e9finies. Il s&rsquo;agit d&rsquo;une guitare tr\u00e8s pr\u00e9cise, bien \u00e9quilibr\u00e9e sur laquelle on peut jouer des heures en conservant le m\u00eame plaisir de jeu. Gilles Mercier a \u00e9t\u00e9 consacr\u00e9\u00a0meilleur ouvrier de France en 2000. Cette guitare est un bon exemple de la qualit\u00e9 de son travail.<\/i><\/p>\n<figure id=\"attachment_1161\" aria-describedby=\"caption-attachment-1161\" style=\"width: 184px\" class=\"wp-caption alignleft\"><a href=\"https:\/\/guitares-et-luthiers.fr\/wp-content\/uploads\/2017\/11\/Mercier-Fiat-Lux-2010.jpg\" rel=\"lightbox[1163]\"><img loading=\"lazy\" decoding=\"async\" class=\"size-medium wp-image-1161\" src=\"https:\/\/guitares-et-luthiers.fr\/wp-content\/uploads\/2017\/11\/Mercier-Fiat-Lux-2010-184x300.jpg\" alt=\"\" width=\"184\" height=\"300\" srcset=\"https:\/\/guitares-et-luthiers.fr\/wp-content\/uploads\/2017\/11\/Mercier-Fiat-Lux-2010-184x300.jpg 184w, https:\/\/guitares-et-luthiers.fr\/wp-content\/uploads\/2017\/11\/Mercier-Fiat-Lux-2010-768x1252.jpg 768w, https:\/\/guitares-et-luthiers.fr\/wp-content\/uploads\/2017\/11\/Mercier-Fiat-Lux-2010-628x1024.jpg 628w, https:\/\/guitares-et-luthiers.fr\/wp-content\/uploads\/2017\/11\/Mercier-Fiat-Lux-2010.jpg 785w\" sizes=\"auto, (max-width: 184px) 100vw, 184px\" \/><\/a><figcaption id=\"caption-attachment-1161\" class=\"wp-caption-text\">Mercier Fiat Lux 2010<\/figcaption><\/figure>\n<figure id=\"attachment_1159\" aria-describedby=\"caption-attachment-1159\" style=\"width: 140px\" class=\"wp-caption aligncenter\"><a href=\"https:\/\/guitares-et-luthiers.fr\/wp-content\/uploads\/2017\/11\/Mercier-Fiat-Lux-2010-12.jpg\" rel=\"lightbox[1163]\"><img loading=\"lazy\" decoding=\"async\" class=\"size-medium wp-image-1159\" src=\"https:\/\/guitares-et-luthiers.fr\/wp-content\/uploads\/2017\/11\/Mercier-Fiat-Lux-2010-12-140x300.jpg\" alt=\"\" width=\"140\" height=\"300\" srcset=\"https:\/\/guitares-et-luthiers.fr\/wp-content\/uploads\/2017\/11\/Mercier-Fiat-Lux-2010-12-140x300.jpg 140w, https:\/\/guitares-et-luthiers.fr\/wp-content\/uploads\/2017\/11\/Mercier-Fiat-Lux-2010-12.jpg 302w\" sizes=\"auto, (max-width: 140px) 100vw, 140px\" \/><\/a><figcaption id=\"caption-attachment-1159\" class=\"wp-caption-text\">Mercier Fiat Lux 20<\/figcaption><\/figure>\n<figure id=\"attachment_1158\" aria-describedby=\"caption-attachment-1158\" style=\"width: 192px\" class=\"wp-caption alignright\"><a href=\"https:\/\/guitares-et-luthiers.fr\/wp-content\/uploads\/2017\/11\/Mercier-Fiat-Lux-2010-11.jpg\" rel=\"lightbox[1163]\"><img loading=\"lazy\" decoding=\"async\" class=\"size-medium wp-image-1158\" src=\"https:\/\/guitares-et-luthiers.fr\/wp-content\/uploads\/2017\/11\/Mercier-Fiat-Lux-2010-11-192x300.jpg\" alt=\"\" width=\"192\" height=\"300\" srcset=\"https:\/\/guitares-et-luthiers.fr\/wp-content\/uploads\/2017\/11\/Mercier-Fiat-Lux-2010-11-192x300.jpg 192w, https:\/\/guitares-et-luthiers.fr\/wp-content\/uploads\/2017\/11\/Mercier-Fiat-Lux-2010-11-768x1197.jpg 768w, https:\/\/guitares-et-luthiers.fr\/wp-content\/uploads\/2017\/11\/Mercier-Fiat-Lux-2010-11-657x1024.jpg 657w, https:\/\/guitares-et-luthiers.fr\/wp-content\/uploads\/2017\/11\/Mercier-Fiat-Lux-2010-11.jpg 821w\" sizes=\"auto, (max-width: 192px) 100vw, 192px\" \/><\/a><figcaption id=\"caption-attachment-1158\" class=\"wp-caption-text\">Mercier Fiat Lux 2010<\/figcaption><\/figure>\n<figure id=\"attachment_1157\" aria-describedby=\"caption-attachment-1157\" style=\"width: 212px\" class=\"wp-caption alignnone\"><a href=\"https:\/\/guitares-et-luthiers.fr\/wp-content\/uploads\/2017\/11\/Mercier-Fiat-Lux-2010-10.jpg\" rel=\"lightbox[1163]\"><img loading=\"lazy\" decoding=\"async\" class=\"size-medium wp-image-1157\" src=\"https:\/\/guitares-et-luthiers.fr\/wp-content\/uploads\/2017\/11\/Mercier-Fiat-Lux-2010-10-212x300.jpg\" alt=\"\" width=\"212\" height=\"300\" srcset=\"https:\/\/guitares-et-luthiers.fr\/wp-content\/uploads\/2017\/11\/Mercier-Fiat-Lux-2010-10-212x300.jpg 212w, https:\/\/guitares-et-luthiers.fr\/wp-content\/uploads\/2017\/11\/Mercier-Fiat-Lux-2010-10-768x1086.jpg 768w, https:\/\/guitares-et-luthiers.fr\/wp-content\/uploads\/2017\/11\/Mercier-Fiat-Lux-2010-10-724x1024.jpg 724w, https:\/\/guitares-et-luthiers.fr\/wp-content\/uploads\/2017\/11\/Mercier-Fiat-Lux-2010-10.jpg 905w\" sizes=\"auto, (max-width: 212px) 100vw, 212px\" \/><\/a><figcaption id=\"caption-attachment-1157\" class=\"wp-caption-text\">Mercier Fiat Lux 2010<\/figcaption><\/figure>\n<figure id=\"attachment_1156\" aria-describedby=\"caption-attachment-1156\" style=\"width: 184px\" class=\"wp-caption alignleft\"><a href=\"https:\/\/guitares-et-luthiers.fr\/wp-content\/uploads\/2017\/11\/Mercier-Fiat-Lux-2010-9.jpg\" rel=\"lightbox[1163]\"><img loading=\"lazy\" decoding=\"async\" class=\"size-medium wp-image-1156\" src=\"https:\/\/guitares-et-luthiers.fr\/wp-content\/uploads\/2017\/11\/Mercier-Fiat-Lux-2010-9-184x300.jpg\" alt=\"\" width=\"184\" height=\"300\" srcset=\"https:\/\/guitares-et-luthiers.fr\/wp-content\/uploads\/2017\/11\/Mercier-Fiat-Lux-2010-9-184x300.jpg 184w, https:\/\/guitares-et-luthiers.fr\/wp-content\/uploads\/2017\/11\/Mercier-Fiat-Lux-2010-9-768x1249.jpg 768w, https:\/\/guitares-et-luthiers.fr\/wp-content\/uploads\/2017\/11\/Mercier-Fiat-Lux-2010-9-630x1024.jpg 630w, https:\/\/guitares-et-luthiers.fr\/wp-content\/uploads\/2017\/11\/Mercier-Fiat-Lux-2010-9.jpg 787w\" sizes=\"auto, (max-width: 184px) 100vw, 184px\" \/><\/a><figcaption id=\"caption-attachment-1156\" class=\"wp-caption-text\">Mercier Fiat Lux 2010<\/figcaption><\/figure>\n<figure id=\"attachment_1154\" aria-describedby=\"caption-attachment-1154\" style=\"width: 300px\" class=\"wp-caption alignright\"><a href=\"https:\/\/guitares-et-luthiers.fr\/wp-content\/uploads\/2017\/11\/Mercier-Fiat-Lux-2010-7.jpg\" rel=\"lightbox[1163]\"><img loading=\"lazy\" decoding=\"async\" class=\"size-medium wp-image-1154\" src=\"https:\/\/guitares-et-luthiers.fr\/wp-content\/uploads\/2017\/11\/Mercier-Fiat-Lux-2010-7-300x91.jpg\" alt=\"\" width=\"300\" height=\"91\" srcset=\"https:\/\/guitares-et-luthiers.fr\/wp-content\/uploads\/2017\/11\/Mercier-Fiat-Lux-2010-7-300x91.jpg 300w, https:\/\/guitares-et-luthiers.fr\/wp-content\/uploads\/2017\/11\/Mercier-Fiat-Lux-2010-7-768x234.jpg 768w, https:\/\/guitares-et-luthiers.fr\/wp-content\/uploads\/2017\/11\/Mercier-Fiat-Lux-2010-7.jpg 802w\" sizes=\"auto, (max-width: 300px) 100vw, 300px\" \/><\/a><figcaption id=\"caption-attachment-1154\" class=\"wp-caption-text\">Mercier Fiat Lux 2010<\/figcaption><\/figure>\n<figure id=\"attachment_1153\" aria-describedby=\"caption-attachment-1153\" style=\"width: 191px\" class=\"wp-caption alignnone\"><a href=\"https:\/\/guitares-et-luthiers.fr\/wp-content\/uploads\/2017\/11\/Mercier-Fiat-Lux-2010-6.jpg\" rel=\"lightbox[1163]\"><img loading=\"lazy\" decoding=\"async\" class=\"size-medium wp-image-1153\" src=\"https:\/\/guitares-et-luthiers.fr\/wp-content\/uploads\/2017\/11\/Mercier-Fiat-Lux-2010-6-191x300.jpg\" alt=\"\" width=\"191\" height=\"300\" srcset=\"https:\/\/guitares-et-luthiers.fr\/wp-content\/uploads\/2017\/11\/Mercier-Fiat-Lux-2010-6-191x300.jpg 191w, https:\/\/guitares-et-luthiers.fr\/wp-content\/uploads\/2017\/11\/Mercier-Fiat-Lux-2010-6-768x1208.jpg 768w, https:\/\/guitares-et-luthiers.fr\/wp-content\/uploads\/2017\/11\/Mercier-Fiat-Lux-2010-6-651x1024.jpg 651w, https:\/\/guitares-et-luthiers.fr\/wp-content\/uploads\/2017\/11\/Mercier-Fiat-Lux-2010-6.jpg 814w\" sizes=\"auto, (max-width: 191px) 100vw, 191px\" \/><\/a><figcaption id=\"caption-attachment-1153\" class=\"wp-caption-text\">Mercier Fiat Lux 2010<\/figcaption><\/figure>\n<figure id=\"attachment_1152\" aria-describedby=\"caption-attachment-1152\" style=\"width: 215px\" class=\"wp-caption alignright\"><a href=\"https:\/\/guitares-et-luthiers.fr\/wp-content\/uploads\/2017\/11\/Mercier-Fiat-Lux-2010-5.jpg\" rel=\"lightbox[1163]\"><img loading=\"lazy\" decoding=\"async\" class=\"size-medium wp-image-1152\" src=\"https:\/\/guitares-et-luthiers.fr\/wp-content\/uploads\/2017\/11\/Mercier-Fiat-Lux-2010-5-215x300.jpg\" alt=\"\" width=\"215\" height=\"300\" srcset=\"https:\/\/guitares-et-luthiers.fr\/wp-content\/uploads\/2017\/11\/Mercier-Fiat-Lux-2010-5-215x300.jpg 215w, https:\/\/guitares-et-luthiers.fr\/wp-content\/uploads\/2017\/11\/Mercier-Fiat-Lux-2010-5-768x1070.jpg 768w, https:\/\/guitares-et-luthiers.fr\/wp-content\/uploads\/2017\/11\/Mercier-Fiat-Lux-2010-5-735x1024.jpg 735w, https:\/\/guitares-et-luthiers.fr\/wp-content\/uploads\/2017\/11\/Mercier-Fiat-Lux-2010-5.jpg 919w\" sizes=\"auto, (max-width: 215px) 100vw, 215px\" \/><\/a><figcaption id=\"caption-attachment-1152\" class=\"wp-caption-text\">Mercier Fiat Lux 2010<\/figcaption><\/figure>\n<figure id=\"attachment_1151\" aria-describedby=\"caption-attachment-1151\" style=\"width: 251px\" class=\"wp-caption alignnone\"><a href=\"https:\/\/guitares-et-luthiers.fr\/wp-content\/uploads\/2017\/11\/Mercier-Fiat-Lux-2010-4.jpg\" rel=\"lightbox[1163]\"><img loading=\"lazy\" decoding=\"async\" class=\"size-medium wp-image-1151\" src=\"https:\/\/guitares-et-luthiers.fr\/wp-content\/uploads\/2017\/11\/Mercier-Fiat-Lux-2010-4-251x300.jpg\" alt=\"\" width=\"251\" height=\"300\" srcset=\"https:\/\/guitares-et-luthiers.fr\/wp-content\/uploads\/2017\/11\/Mercier-Fiat-Lux-2010-4-251x300.jpg 251w, https:\/\/guitares-et-luthiers.fr\/wp-content\/uploads\/2017\/11\/Mercier-Fiat-Lux-2010-4-768x917.jpg 768w, https:\/\/guitares-et-luthiers.fr\/wp-content\/uploads\/2017\/11\/Mercier-Fiat-Lux-2010-4-858x1024.jpg 858w, https:\/\/guitares-et-luthiers.fr\/wp-content\/uploads\/2017\/11\/Mercier-Fiat-Lux-2010-4.jpg 1072w\" sizes=\"auto, (max-width: 251px) 100vw, 251px\" \/><\/a><figcaption id=\"caption-attachment-1151\" class=\"wp-caption-text\">Mercier Fiat Lux 2010<\/figcaption><\/figure>\n<figure id=\"attachment_1150\" aria-describedby=\"caption-attachment-1150\" style=\"width: 264px\" class=\"wp-caption alignnone\"><a href=\"https:\/\/guitares-et-luthiers.fr\/wp-content\/uploads\/2017\/11\/Mercier-Fiat-Lux-2010-3.jpg\" rel=\"lightbox[1163]\"><img loading=\"lazy\" decoding=\"async\" class=\"size-medium wp-image-1150\" src=\"https:\/\/guitares-et-luthiers.fr\/wp-content\/uploads\/2017\/11\/Mercier-Fiat-Lux-2010-3-264x300.jpg\" alt=\"\" width=\"264\" height=\"300\" srcset=\"https:\/\/guitares-et-luthiers.fr\/wp-content\/uploads\/2017\/11\/Mercier-Fiat-Lux-2010-3-264x300.jpg 264w, https:\/\/guitares-et-luthiers.fr\/wp-content\/uploads\/2017\/11\/Mercier-Fiat-Lux-2010-3-768x874.jpg 768w, https:\/\/guitares-et-luthiers.fr\/wp-content\/uploads\/2017\/11\/Mercier-Fiat-Lux-2010-3-900x1024.jpg 900w, https:\/\/guitares-et-luthiers.fr\/wp-content\/uploads\/2017\/11\/Mercier-Fiat-Lux-2010-3.jpg 1125w\" sizes=\"auto, (max-width: 264px) 100vw, 264px\" \/><\/a><figcaption id=\"caption-attachment-1150\" class=\"wp-caption-text\">Mercier Fiat Lux 2010<\/figcaption><\/figure>\n<figure id=\"attachment_1149\" aria-describedby=\"caption-attachment-1149\" style=\"width: 139px\" class=\"wp-caption alignright\"><a href=\"https:\/\/guitares-et-luthiers.fr\/wp-content\/uploads\/2017\/11\/Mercier-Fiat-Lux-2010-2.jpg\" rel=\"lightbox[1163]\"><img loading=\"lazy\" decoding=\"async\" class=\"size-medium wp-image-1149\" src=\"https:\/\/guitares-et-luthiers.fr\/wp-content\/uploads\/2017\/11\/Mercier-Fiat-Lux-2010-2-139x300.jpg\" alt=\"\" width=\"139\" height=\"300\" srcset=\"https:\/\/guitares-et-luthiers.fr\/wp-content\/uploads\/2017\/11\/Mercier-Fiat-Lux-2010-2-139x300.jpg 139w, https:\/\/guitares-et-luthiers.fr\/wp-content\/uploads\/2017\/11\/Mercier-Fiat-Lux-2010-2.jpg 302w\" sizes=\"auto, (max-width: 139px) 100vw, 139px\" \/><\/a><figcaption id=\"caption-attachment-1149\" class=\"wp-caption-text\">Mercier Fiat Lux 2010<\/figcaption><\/figure>\n<p>&nbsp;<\/p>\n<figure id=\"attachment_1148\" aria-describedby=\"caption-attachment-1148\" style=\"width: 300px\" class=\"wp-caption alignnone\"><a href=\"https:\/\/guitares-et-luthiers.fr\/wp-content\/uploads\/2017\/11\/Mercier-Fiat-Lux-2010-1.jpg\" rel=\"lightbox[1163]\"><img loading=\"lazy\" decoding=\"async\" class=\"size-medium wp-image-1148\" src=\"https:\/\/guitares-et-luthiers.fr\/wp-content\/uploads\/2017\/11\/Mercier-Fiat-Lux-2010-1-300x294.jpg\" alt=\"\" width=\"300\" height=\"294\" srcset=\"https:\/\/guitares-et-luthiers.fr\/wp-content\/uploads\/2017\/11\/Mercier-Fiat-Lux-2010-1-300x294.jpg 300w, https:\/\/guitares-et-luthiers.fr\/wp-content\/uploads\/2017\/11\/Mercier-Fiat-Lux-2010-1-768x753.jpg 768w, https:\/\/guitares-et-luthiers.fr\/wp-content\/uploads\/2017\/11\/Mercier-Fiat-Lux-2010-1-1024x1004.jpg 1024w, https:\/\/guitares-et-luthiers.fr\/wp-content\/uploads\/2017\/11\/Mercier-Fiat-Lux-2010-1.jpg 1280w\" sizes=\"auto, (max-width: 300px) 100vw, 300px\" \/><\/a><figcaption id=\"caption-attachment-1148\" class=\"wp-caption-text\">Mercier Fiat Lux 2010<\/figcaption><\/figure>\n<p>Cf article ds guitare classique n\u00b0 47<\/p>\n<figure id=\"attachment_1162\" aria-describedby=\"caption-attachment-1162\" style=\"width: 210px\" class=\"wp-caption alignnone\"><a href=\"https:\/\/guitares-et-luthiers.fr\/wp-content\/uploads\/2017\/11\/Mercier-guitare-classique-n\u00b0-47.jpg\" rel=\"lightbox[1163]\"><img loading=\"lazy\" decoding=\"async\" class=\"size-medium wp-image-1162\" src=\"https:\/\/guitares-et-luthiers.fr\/wp-content\/uploads\/2017\/11\/Mercier-guitare-classique-n\u00b0-47-210x300.jpg\" alt=\"\" width=\"210\" height=\"300\" srcset=\"https:\/\/guitares-et-luthiers.fr\/wp-content\/uploads\/2017\/11\/Mercier-guitare-classique-n\u00b0-47-210x300.jpg 210w, https:\/\/guitares-et-luthiers.fr\/wp-content\/uploads\/2017\/11\/Mercier-guitare-classique-n\u00b0-47-768x1100.jpg 768w, https:\/\/guitares-et-luthiers.fr\/wp-content\/uploads\/2017\/11\/Mercier-guitare-classique-n\u00b0-47-715x1024.jpg 715w, https:\/\/guitares-et-luthiers.fr\/wp-content\/uploads\/2017\/11\/Mercier-guitare-classique-n\u00b0-47.jpg 894w\" sizes=\"auto, (max-width: 210px) 100vw, 210px\" \/><\/a><figcaption id=\"caption-attachment-1162\" class=\"wp-caption-text\">Mercier guitare classique n\u00b0 47<\/figcaption><\/figure>\n","protected":false},"excerpt":{"rendered":"<p>Luthier: Gilles Mercier Mod\u00e8le : Fiat Lux \u00a02010 Descriptif : table en \u00e9pic\u00e9a, dos et \u00e9clisses en palissandre, touche \u00e9b\u00e8ne, sillets en os, manche cedro, vernis tampon, parfait \u00e9tat, diapason 650 mm \u00a0avec \u00e9tui. Guitare avec une splendide lutherie, tout est soign\u00e9 dans les moindres d\u00e9tails. Instrument tr\u00e8s l\u00e9ger, prise en main tr\u00e8s facile, agr\u00e9able &hellip; <\/p>\n<p class=\"link-more\"><a href=\"https:\/\/guitares-et-luthiers.fr\/?page_id=1163\" class=\"more-link\">Continuer la lecture<span class=\"screen-reader-text\"> de &laquo;&nbsp;Mercier \u00a0\u00bb Fiat Lux\u00a0\u00bb 2010&nbsp;&raquo;<\/span><\/a><\/p>\n","protected":false},"author":2,"featured_media":0,"parent":0,"menu_order":0,"comment_status":"closed","ping_status":"closed","template":"","meta":{"footnotes":""},"class_list":["post-1163","page","type-page","status-publish","hentry"],"_links":{"self":[{"href":"https:\/\/guitares-et-luthiers.fr\/index.php?rest_route=\/wp\/v2\/pages\/1163","targetHints":{"allow":["GET"]}}],"collection":[{"href":"https:\/\/guitares-et-luthiers.fr\/index.php?rest_route=\/wp\/v2\/pages"}],"about":[{"href":"https:\/\/guitares-et-luthiers.fr\/index.php?rest_route=\/wp\/v2\/types\/page"}],"author":[{"embeddable":true,"href":"https:\/\/guitares-et-luthiers.fr\/index.php?rest_route=\/wp\/v2\/users\/2"}],"replies":[{"embeddable":true,"href":"https:\/\/guitares-et-luthiers.fr\/index.php?rest_route=%2Fwp%2Fv2%2Fcomments&post=1163"}],"version-history":[{"count":3,"href":"https:\/\/guitares-et-luthiers.fr\/index.php?rest_route=\/wp\/v2\/pages\/1163\/revisions"}],"predecessor-version":[{"id":1277,"href":"https:\/\/guitares-et-luthiers.fr\/index.php?rest_route=\/wp\/v2\/pages\/1163\/revisions\/1277"}],"wp:attachment":[{"href":"https:\/\/guitares-et-luthiers.fr\/index.php?rest_route=%2Fwp%2Fv2%2Fmedia&parent=1163"}],"curies":[{"name":"wp","href":"https:\/\/api.w.org\/{rel}","templated":true}]}}