{"id":1181,"date":"2017-11-17T16:11:58","date_gmt":"2017-11-17T15:11:58","guid":{"rendered":"http:\/\/guitares-et-luthiers.fr\/?page_id=1181"},"modified":"2019-05-02T20:32:05","modified_gmt":"2019-05-02T19:32:05","slug":"bedikian-n328-2008","status":"publish","type":"page","link":"https:\/\/guitares-et-luthiers.fr\/?page_id=1181","title":{"rendered":"Bedikian n\u00b0328  , 2008"},"content":{"rendered":"<p>Luthier : Victor Bedikian<\/p>\n<p>Mod\u00e8le Concert \u00a0, n\u00b0 328 de 2008<\/p>\n<p>Descriptif : table en \u00e9pic\u00e9a,\u00a0\u00e9clisses palissandre, \u00a0manche cedro du Honduras, touche Eb\u00e8ne des Indes, m\u00e9caniques Fustero, avec \u00e9tui.<\/p>\n<p>ref:\u00a0\u201c Luthiers et guitares d\u2019en France\u201d \u00a0 \u00a0\u00a0ed Chandelle<\/p>\n<p>Rosace magnifique de Victor Bedikian:<\/p>\n<figure id=\"attachment_1172\" aria-describedby=\"caption-attachment-1172\" style=\"width: 300px\" class=\"wp-caption alignnone\"><a href=\"https:\/\/guitares-et-luthiers.fr\/wp-content\/uploads\/2017\/11\/Bedikian-328-7.jpg\" rel=\"lightbox[1181]\"><img loading=\"lazy\" decoding=\"async\" class=\"size-medium wp-image-1172\" src=\"https:\/\/guitares-et-luthiers.fr\/wp-content\/uploads\/2017\/11\/Bedikian-328-7-300x300.jpg\" alt=\"\" width=\"300\" height=\"300\" srcset=\"https:\/\/guitares-et-luthiers.fr\/wp-content\/uploads\/2017\/11\/Bedikian-328-7-300x300.jpg 300w, https:\/\/guitares-et-luthiers.fr\/wp-content\/uploads\/2017\/11\/Bedikian-328-7-150x150.jpg 150w, https:\/\/guitares-et-luthiers.fr\/wp-content\/uploads\/2017\/11\/Bedikian-328-7-768x767.jpg 768w, https:\/\/guitares-et-luthiers.fr\/wp-content\/uploads\/2017\/11\/Bedikian-328-7-1024x1024.jpg 1024w, https:\/\/guitares-et-luthiers.fr\/wp-content\/uploads\/2017\/11\/Bedikian-328-7-100x100.jpg 100w, https:\/\/guitares-et-luthiers.fr\/wp-content\/uploads\/2017\/11\/Bedikian-328-7.jpg 1280w\" sizes=\"auto, (max-width: 300px) 100vw, 300px\" \/><\/a><figcaption id=\"caption-attachment-1172\" class=\"wp-caption-text\">Bedikian 328 2008<\/figcaption><\/figure>\n<figure id=\"attachment_1176\" aria-describedby=\"caption-attachment-1176\" style=\"width: 150px\" class=\"wp-caption alignleft\"><a href=\"https:\/\/guitares-et-luthiers.fr\/wp-content\/uploads\/2017\/11\/Bedikian-328-11.jpg\" rel=\"lightbox[1181]\"><img loading=\"lazy\" decoding=\"async\" class=\"size-medium wp-image-1176\" src=\"https:\/\/guitares-et-luthiers.fr\/wp-content\/uploads\/2017\/11\/Bedikian-328-11-150x300.jpg\" alt=\"\" width=\"150\" height=\"300\" srcset=\"https:\/\/guitares-et-luthiers.fr\/wp-content\/uploads\/2017\/11\/Bedikian-328-11-150x300.jpg 150w, https:\/\/guitares-et-luthiers.fr\/wp-content\/uploads\/2017\/11\/Bedikian-328-11-511x1024.jpg 511w, https:\/\/guitares-et-luthiers.fr\/wp-content\/uploads\/2017\/11\/Bedikian-328-11.jpg 639w\" sizes=\"auto, (max-width: 150px) 100vw, 150px\" \/><\/a><figcaption id=\"caption-attachment-1176\" class=\"wp-caption-text\">Bedikian 328 2008<\/figcaption><\/figure>\n<figure id=\"attachment_1175\" aria-describedby=\"caption-attachment-1175\" style=\"width: 207px\" class=\"wp-caption alignright\"><a href=\"https:\/\/guitares-et-luthiers.fr\/wp-content\/uploads\/2017\/11\/Bedikian-328-10.jpg\" rel=\"lightbox[1181]\"><img loading=\"lazy\" decoding=\"async\" class=\"size-medium wp-image-1175\" src=\"https:\/\/guitares-et-luthiers.fr\/wp-content\/uploads\/2017\/11\/Bedikian-328-10-207x300.jpg\" alt=\"\" width=\"207\" height=\"300\" srcset=\"https:\/\/guitares-et-luthiers.fr\/wp-content\/uploads\/2017\/11\/Bedikian-328-10-207x300.jpg 207w, https:\/\/guitares-et-luthiers.fr\/wp-content\/uploads\/2017\/11\/Bedikian-328-10-768x1115.jpg 768w, https:\/\/guitares-et-luthiers.fr\/wp-content\/uploads\/2017\/11\/Bedikian-328-10-706x1024.jpg 706w, https:\/\/guitares-et-luthiers.fr\/wp-content\/uploads\/2017\/11\/Bedikian-328-10.jpg 882w\" sizes=\"auto, (max-width: 207px) 100vw, 207px\" \/><\/a><figcaption id=\"caption-attachment-1175\" class=\"wp-caption-text\">Bedikian 328 2008<\/figcaption><\/figure>\n<figure id=\"attachment_1174\" aria-describedby=\"caption-attachment-1174\" style=\"width: 242px\" class=\"wp-caption aligncenter\"><a href=\"https:\/\/guitares-et-luthiers.fr\/wp-content\/uploads\/2017\/11\/Bedikian-328-9.jpg\" rel=\"lightbox[1181]\"><img loading=\"lazy\" decoding=\"async\" class=\"size-medium wp-image-1174\" src=\"https:\/\/guitares-et-luthiers.fr\/wp-content\/uploads\/2017\/11\/Bedikian-328-9-242x300.jpg\" alt=\"\" width=\"242\" height=\"300\" srcset=\"https:\/\/guitares-et-luthiers.fr\/wp-content\/uploads\/2017\/11\/Bedikian-328-9-242x300.jpg 242w, https:\/\/guitares-et-luthiers.fr\/wp-content\/uploads\/2017\/11\/Bedikian-328-9-768x953.jpg 768w, https:\/\/guitares-et-luthiers.fr\/wp-content\/uploads\/2017\/11\/Bedikian-328-9-826x1024.jpg 826w, https:\/\/guitares-et-luthiers.fr\/wp-content\/uploads\/2017\/11\/Bedikian-328-9.jpg 1032w\" sizes=\"auto, (max-width: 242px) 100vw, 242px\" \/><\/a><figcaption id=\"caption-attachment-1174\" class=\"wp-caption-text\">Bedikian 328 2008<\/figcaption><\/figure>\n<figure id=\"attachment_1173\" aria-describedby=\"caption-attachment-1173\" style=\"width: 144px\" class=\"wp-caption alignleft\"><a href=\"https:\/\/guitares-et-luthiers.fr\/wp-content\/uploads\/2017\/11\/Bedikian-328-8.jpg\" rel=\"lightbox[1181]\"><img loading=\"lazy\" decoding=\"async\" class=\"size-medium wp-image-1173\" src=\"https:\/\/guitares-et-luthiers.fr\/wp-content\/uploads\/2017\/11\/Bedikian-328-8-144x300.jpg\" alt=\"\" width=\"144\" height=\"300\" srcset=\"https:\/\/guitares-et-luthiers.fr\/wp-content\/uploads\/2017\/11\/Bedikian-328-8-144x300.jpg 144w, https:\/\/guitares-et-luthiers.fr\/wp-content\/uploads\/2017\/11\/Bedikian-328-8-493x1024.jpg 493w, https:\/\/guitares-et-luthiers.fr\/wp-content\/uploads\/2017\/11\/Bedikian-328-8.jpg 616w\" sizes=\"auto, (max-width: 144px) 100vw, 144px\" \/><\/a><figcaption id=\"caption-attachment-1173\" class=\"wp-caption-text\">Bedikian 328 2008<\/figcaption><\/figure>\n<figure id=\"attachment_1171\" aria-describedby=\"caption-attachment-1171\" style=\"width: 300px\" class=\"wp-caption alignright\"><a href=\"https:\/\/guitares-et-luthiers.fr\/wp-content\/uploads\/2017\/11\/Bedikian-328-6.jpg\" rel=\"lightbox[1181]\"><img loading=\"lazy\" decoding=\"async\" class=\"size-medium wp-image-1171\" src=\"https:\/\/guitares-et-luthiers.fr\/wp-content\/uploads\/2017\/11\/Bedikian-328-6-300x106.jpg\" alt=\"\" width=\"300\" height=\"106\" srcset=\"https:\/\/guitares-et-luthiers.fr\/wp-content\/uploads\/2017\/11\/Bedikian-328-6-300x106.jpg 300w, https:\/\/guitares-et-luthiers.fr\/wp-content\/uploads\/2017\/11\/Bedikian-328-6.jpg 745w\" sizes=\"auto, (max-width: 300px) 100vw, 300px\" \/><\/a><figcaption id=\"caption-attachment-1171\" class=\"wp-caption-text\">Bedikian 328 2008<\/figcaption><\/figure>\n<figure id=\"attachment_1169\" aria-describedby=\"caption-attachment-1169\" style=\"width: 226px\" class=\"wp-caption alignright\"><a href=\"https:\/\/guitares-et-luthiers.fr\/wp-content\/uploads\/2017\/11\/Bedikian-328-4.jpg\" rel=\"lightbox[1181]\"><img loading=\"lazy\" decoding=\"async\" class=\"size-medium wp-image-1169\" src=\"https:\/\/guitares-et-luthiers.fr\/wp-content\/uploads\/2017\/11\/Bedikian-328-4-226x300.jpg\" alt=\"\" width=\"226\" height=\"300\" srcset=\"https:\/\/guitares-et-luthiers.fr\/wp-content\/uploads\/2017\/11\/Bedikian-328-4-226x300.jpg 226w, https:\/\/guitares-et-luthiers.fr\/wp-content\/uploads\/2017\/11\/Bedikian-328-4-768x1018.jpg 768w, https:\/\/guitares-et-luthiers.fr\/wp-content\/uploads\/2017\/11\/Bedikian-328-4-773x1024.jpg 773w, https:\/\/guitares-et-luthiers.fr\/wp-content\/uploads\/2017\/11\/Bedikian-328-4.jpg 966w\" sizes=\"auto, (max-width: 226px) 100vw, 226px\" \/><\/a><figcaption id=\"caption-attachment-1169\" class=\"wp-caption-text\">Bedikian 328 2008<\/figcaption><\/figure>\n<figure id=\"attachment_1168\" aria-describedby=\"caption-attachment-1168\" style=\"width: 233px\" class=\"wp-caption alignnone\"><a href=\"https:\/\/guitares-et-luthiers.fr\/wp-content\/uploads\/2017\/11\/Bedikian-328-3.jpg\" rel=\"lightbox[1181]\"><img loading=\"lazy\" decoding=\"async\" class=\"size-medium wp-image-1168\" src=\"https:\/\/guitares-et-luthiers.fr\/wp-content\/uploads\/2017\/11\/Bedikian-328-3-233x300.jpg\" alt=\"\" width=\"233\" height=\"300\" srcset=\"https:\/\/guitares-et-luthiers.fr\/wp-content\/uploads\/2017\/11\/Bedikian-328-3-233x300.jpg 233w, https:\/\/guitares-et-luthiers.fr\/wp-content\/uploads\/2017\/11\/Bedikian-328-3-768x987.jpg 768w, https:\/\/guitares-et-luthiers.fr\/wp-content\/uploads\/2017\/11\/Bedikian-328-3-797x1024.jpg 797w, https:\/\/guitares-et-luthiers.fr\/wp-content\/uploads\/2017\/11\/Bedikian-328-3.jpg 996w\" sizes=\"auto, (max-width: 233px) 100vw, 233px\" \/><\/a><figcaption id=\"caption-attachment-1168\" class=\"wp-caption-text\">Bedikian 328 2008<\/figcaption><\/figure>\n<figure id=\"attachment_1166\" aria-describedby=\"caption-attachment-1166\" style=\"width: 273px\" class=\"wp-caption alignnone\"><a href=\"https:\/\/guitares-et-luthiers.fr\/wp-content\/uploads\/2017\/11\/Bedikian-328-1.jpg\" rel=\"lightbox[1181]\"><img loading=\"lazy\" decoding=\"async\" class=\"size-medium wp-image-1166\" src=\"https:\/\/guitares-et-luthiers.fr\/wp-content\/uploads\/2017\/11\/Bedikian-328-1-273x300.jpg\" alt=\"\" width=\"273\" height=\"300\" srcset=\"https:\/\/guitares-et-luthiers.fr\/wp-content\/uploads\/2017\/11\/Bedikian-328-1-273x300.jpg 273w, https:\/\/guitares-et-luthiers.fr\/wp-content\/uploads\/2017\/11\/Bedikian-328-1-768x843.jpg 768w, https:\/\/guitares-et-luthiers.fr\/wp-content\/uploads\/2017\/11\/Bedikian-328-1-933x1024.jpg 933w, https:\/\/guitares-et-luthiers.fr\/wp-content\/uploads\/2017\/11\/Bedikian-328-1.jpg 1166w\" sizes=\"auto, (max-width: 273px) 100vw, 273px\" \/><\/a><figcaption id=\"caption-attachment-1166\" class=\"wp-caption-text\">Bedikian 328 2008<\/figcaption><\/figure>\n<figure id=\"attachment_1180\" aria-describedby=\"caption-attachment-1180\" style=\"width: 211px\" class=\"wp-caption alignright\"><a href=\"https:\/\/guitares-et-luthiers.fr\/wp-content\/uploads\/2017\/11\/Bedikian-328.jpg\" rel=\"lightbox[1181]\"><img loading=\"lazy\" decoding=\"async\" class=\"size-medium wp-image-1180\" src=\"https:\/\/guitares-et-luthiers.fr\/wp-content\/uploads\/2017\/11\/Bedikian-328-211x300.jpg\" alt=\"\" width=\"211\" height=\"300\" srcset=\"https:\/\/guitares-et-luthiers.fr\/wp-content\/uploads\/2017\/11\/Bedikian-328-211x300.jpg 211w, https:\/\/guitares-et-luthiers.fr\/wp-content\/uploads\/2017\/11\/Bedikian-328-768x1093.jpg 768w, https:\/\/guitares-et-luthiers.fr\/wp-content\/uploads\/2017\/11\/Bedikian-328-719x1024.jpg 719w, https:\/\/guitares-et-luthiers.fr\/wp-content\/uploads\/2017\/11\/Bedikian-328.jpg 899w\" sizes=\"auto, (max-width: 211px) 100vw, 211px\" \/><\/a><figcaption id=\"caption-attachment-1180\" class=\"wp-caption-text\">Bedikian 328 2008<\/figcaption><\/figure>\n<figure id=\"attachment_1179\" aria-describedby=\"caption-attachment-1179\" style=\"width: 225px\" class=\"wp-caption alignleft\"><a href=\"https:\/\/guitares-et-luthiers.fr\/wp-content\/uploads\/2017\/11\/Bedikian-328-14.jpg\" rel=\"lightbox[1181]\"><img loading=\"lazy\" decoding=\"async\" class=\"size-medium wp-image-1179\" src=\"https:\/\/guitares-et-luthiers.fr\/wp-content\/uploads\/2017\/11\/Bedikian-328-14-225x300.jpg\" alt=\"\" width=\"225\" height=\"300\" srcset=\"https:\/\/guitares-et-luthiers.fr\/wp-content\/uploads\/2017\/11\/Bedikian-328-14-225x300.jpg 225w, https:\/\/guitares-et-luthiers.fr\/wp-content\/uploads\/2017\/11\/Bedikian-328-14-768x1024.jpg 768w, https:\/\/guitares-et-luthiers.fr\/wp-content\/uploads\/2017\/11\/Bedikian-328-14.jpg 960w\" sizes=\"auto, (max-width: 225px) 100vw, 225px\" \/><\/a><figcaption id=\"caption-attachment-1179\" class=\"wp-caption-text\">Bedikian 328 2008<\/figcaption><\/figure>\n<figure id=\"attachment_1178\" aria-describedby=\"caption-attachment-1178\" style=\"width: 173px\" class=\"wp-caption alignnone\"><a href=\"https:\/\/guitares-et-luthiers.fr\/wp-content\/uploads\/2017\/11\/Bedikian-328-13.jpg\" rel=\"lightbox[1181]\"><img loading=\"lazy\" decoding=\"async\" class=\"size-medium wp-image-1178\" src=\"https:\/\/guitares-et-luthiers.fr\/wp-content\/uploads\/2017\/11\/Bedikian-328-13-173x300.jpg\" alt=\"\" width=\"173\" height=\"300\" srcset=\"https:\/\/guitares-et-luthiers.fr\/wp-content\/uploads\/2017\/11\/Bedikian-328-13-173x300.jpg 173w, https:\/\/guitares-et-luthiers.fr\/wp-content\/uploads\/2017\/11\/Bedikian-328-13-589x1024.jpg 589w, https:\/\/guitares-et-luthiers.fr\/wp-content\/uploads\/2017\/11\/Bedikian-328-13.jpg 736w\" sizes=\"auto, (max-width: 173px) 100vw, 173px\" \/><\/a><figcaption id=\"caption-attachment-1178\" class=\"wp-caption-text\">Bedikian 328 2008<\/figcaption><\/figure>\n<figure id=\"attachment_1177\" aria-describedby=\"caption-attachment-1177\" style=\"width: 169px\" class=\"wp-caption alignnone\"><a href=\"https:\/\/guitares-et-luthiers.fr\/wp-content\/uploads\/2017\/11\/Bedikian-328-12.jpg\" rel=\"lightbox[1181]\"><img loading=\"lazy\" decoding=\"async\" class=\"size-medium wp-image-1177\" src=\"https:\/\/guitares-et-luthiers.fr\/wp-content\/uploads\/2017\/11\/Bedikian-328-12-169x300.jpg\" alt=\"\" width=\"169\" height=\"300\" srcset=\"https:\/\/guitares-et-luthiers.fr\/wp-content\/uploads\/2017\/11\/Bedikian-328-12-169x300.jpg 169w, https:\/\/guitares-et-luthiers.fr\/wp-content\/uploads\/2017\/11\/Bedikian-328-12-575x1024.jpg 575w, https:\/\/guitares-et-luthiers.fr\/wp-content\/uploads\/2017\/11\/Bedikian-328-12.jpg 719w\" sizes=\"auto, (max-width: 169px) 100vw, 169px\" \/><\/a><figcaption id=\"caption-attachment-1177\" class=\"wp-caption-text\">Bedikian 328 2008<\/figcaption><\/figure>\n","protected":false},"excerpt":{"rendered":"<p>Luthier : Victor Bedikian Mod\u00e8le Concert \u00a0, n\u00b0 328 de 2008 Descriptif : table en \u00e9pic\u00e9a,\u00a0\u00e9clisses palissandre, \u00a0manche cedro du Honduras, touche Eb\u00e8ne des Indes, m\u00e9caniques Fustero, avec \u00e9tui. ref:\u00a0\u201c Luthiers et guitares d\u2019en France\u201d \u00a0 \u00a0\u00a0ed Chandelle Rosace magnifique de Victor Bedikian:<\/p>\n","protected":false},"author":2,"featured_media":0,"parent":0,"menu_order":0,"comment_status":"closed","ping_status":"closed","template":"","meta":{"footnotes":""},"class_list":["post-1181","page","type-page","status-publish","hentry"],"_links":{"self":[{"href":"https:\/\/guitares-et-luthiers.fr\/index.php?rest_route=\/wp\/v2\/pages\/1181","targetHints":{"allow":["GET"]}}],"collection":[{"href":"https:\/\/guitares-et-luthiers.fr\/index.php?rest_route=\/wp\/v2\/pages"}],"about":[{"href":"https:\/\/guitares-et-luthiers.fr\/index.php?rest_route=\/wp\/v2\/types\/page"}],"author":[{"embeddable":true,"href":"https:\/\/guitares-et-luthiers.fr\/index.php?rest_route=\/wp\/v2\/users\/2"}],"replies":[{"embeddable":true,"href":"https:\/\/guitares-et-luthiers.fr\/index.php?rest_route=%2Fwp%2Fv2%2Fcomments&post=1181"}],"version-history":[{"count":3,"href":"https:\/\/guitares-et-luthiers.fr\/index.php?rest_route=\/wp\/v2\/pages\/1181\/revisions"}],"predecessor-version":[{"id":1305,"href":"https:\/\/guitares-et-luthiers.fr\/index.php?rest_route=\/wp\/v2\/pages\/1181\/revisions\/1305"}],"wp:attachment":[{"href":"https:\/\/guitares-et-luthiers.fr\/index.php?rest_route=%2Fwp%2Fv2%2Fmedia&parent=1181"}],"curies":[{"name":"wp","href":"https:\/\/api.w.org\/{rel}","templated":true}]}}