{"id":1205,"date":"2018-01-27T10:48:43","date_gmt":"2018-01-27T09:48:43","guid":{"rendered":"http:\/\/guitares-et-luthiers.fr\/?page_id=1205"},"modified":"2022-05-07T22:35:46","modified_gmt":"2022-05-07T21:35:46","slug":"fouilleul-10-cordes-1990","status":"publish","type":"page","link":"https:\/\/guitares-et-luthiers.fr\/?page_id=1205","title":{"rendered":"Fouilleul 10 cordes 1990"},"content":{"rendered":"<p><strong>Guitare Classique de Concert 10 cordes de Jean-Marie Fouilleul 1990<\/strong><\/p>\n<div>Type : 10 cordes classique ( petite th\u00e9orbure sur la 9 et 10 \u00e8me corde).<\/div>\n<div>Ann\u00e9e 1990, diapason 65, table d&rsquo;harmonie en \u00e9pic\u00e9a, fonds, \u00e9clisses et chevalet en palissandre, touche en \u00e9b\u00e8ne.<\/div>\n<div>Son: beaucoup d&rsquo;amplitude et de puissance. Sonorit\u00e9 tr\u00e8s ronde et profonde. Riche en harmoniques selon l&rsquo;accord souhait\u00e9. Instrument exigeant, excellent pour la musique baroque.<\/div>\n<div class=\"gmail_default\"><\/div>\n<p>Extraits musicaux :<\/p>\n<p><iframe loading=\"lazy\" title=\"Phantasia en lam - (David Kellner 1670 - 1748)\" width=\"525\" height=\"295\" src=\"https:\/\/www.youtube.com\/embed\/hcXbqp5foaE?feature=oembed\" frameborder=\"0\" allow=\"accelerometer; autoplay; clipboard-write; encrypted-media; gyroscope; picture-in-picture; web-share\" referrerpolicy=\"strict-origin-when-cross-origin\" allowfullscreen><\/iframe><\/p>\n<p>Site de Jean-Marie Fouilleul :<\/p>\n<p><a title=\"http:\/\/www.guitar-fouilleul.com\" href=\"http:\/\/www.guitar-fouilleul.com\/\">www.guitar-fouilleul.com<\/a><\/p>\n<p>ref:\u201cguitares et luthiers d\u2019en France\u201dEd Chandelle<\/p>\n<p><a href=\"https:\/\/guitares-et-luthiers.fr\/wp-content\/uploads\/2018\/01\/G-10-cordes-2.jpg\" rel=\"lightbox[1205]\"><img loading=\"lazy\" decoding=\"async\" class=\"alignnone size-medium wp-image-1200\" src=\"https:\/\/guitares-et-luthiers.fr\/wp-content\/uploads\/2018\/01\/G-10-cordes-2-146x300.jpg\" alt=\"\" width=\"146\" height=\"300\" srcset=\"https:\/\/guitares-et-luthiers.fr\/wp-content\/uploads\/2018\/01\/G-10-cordes-2-146x300.jpg 146w, https:\/\/guitares-et-luthiers.fr\/wp-content\/uploads\/2018\/01\/G-10-cordes-2.jpg 452w\" sizes=\"auto, (max-width: 146px) 100vw, 146px\" \/><\/a><a href=\"https:\/\/guitares-et-luthiers.fr\/wp-content\/uploads\/2018\/01\/G-10-cordes-5.jpg\" rel=\"lightbox[1205]\"><img loading=\"lazy\" decoding=\"async\" class=\"alignnone size-medium wp-image-1203\" src=\"https:\/\/guitares-et-luthiers.fr\/wp-content\/uploads\/2018\/01\/G-10-cordes-5-201x300.jpg\" alt=\"\" width=\"201\" height=\"300\" srcset=\"https:\/\/guitares-et-luthiers.fr\/wp-content\/uploads\/2018\/01\/G-10-cordes-5-201x300.jpg 201w, https:\/\/guitares-et-luthiers.fr\/wp-content\/uploads\/2018\/01\/G-10-cordes-5.jpg 623w\" sizes=\"auto, (max-width: 201px) 100vw, 201px\" \/><\/a> <a href=\"https:\/\/guitares-et-luthiers.fr\/wp-content\/uploads\/2018\/01\/G-10-cordes-4.jpg\" rel=\"lightbox[1205]\"><img loading=\"lazy\" decoding=\"async\" class=\"alignnone size-medium wp-image-1202\" src=\"https:\/\/guitares-et-luthiers.fr\/wp-content\/uploads\/2018\/01\/G-10-cordes-4-300x195.jpg\" alt=\"\" width=\"300\" height=\"195\" srcset=\"https:\/\/guitares-et-luthiers.fr\/wp-content\/uploads\/2018\/01\/G-10-cordes-4-300x195.jpg 300w, https:\/\/guitares-et-luthiers.fr\/wp-content\/uploads\/2018\/01\/G-10-cordes-4-768x499.jpg 768w, https:\/\/guitares-et-luthiers.fr\/wp-content\/uploads\/2018\/01\/G-10-cordes-4-1024x666.jpg 1024w, https:\/\/guitares-et-luthiers.fr\/wp-content\/uploads\/2018\/01\/G-10-cordes-4.jpg 1104w\" sizes=\"auto, (max-width: 300px) 100vw, 300px\" \/><\/a> <a href=\"https:\/\/guitares-et-luthiers.fr\/wp-content\/uploads\/2018\/01\/G-10-cordes-3.jpg\" rel=\"lightbox[1205]\"><img loading=\"lazy\" decoding=\"async\" class=\"alignnone size-medium wp-image-1201\" src=\"https:\/\/guitares-et-luthiers.fr\/wp-content\/uploads\/2018\/01\/G-10-cordes-3-300x233.jpg\" alt=\"\" width=\"300\" height=\"233\" srcset=\"https:\/\/guitares-et-luthiers.fr\/wp-content\/uploads\/2018\/01\/G-10-cordes-3-300x233.jpg 300w, https:\/\/guitares-et-luthiers.fr\/wp-content\/uploads\/2018\/01\/G-10-cordes-3-768x596.jpg 768w, https:\/\/guitares-et-luthiers.fr\/wp-content\/uploads\/2018\/01\/G-10-cordes-3-1024x795.jpg 1024w, https:\/\/guitares-et-luthiers.fr\/wp-content\/uploads\/2018\/01\/G-10-cordes-3.jpg 1158w\" sizes=\"auto, (max-width: 300px) 100vw, 300px\" \/><\/a><a href=\"https:\/\/guitares-et-luthiers.fr\/wp-content\/uploads\/2018\/01\/fouilleul-10-e1517045692483.jpg\" rel=\"lightbox[1205]\"><img loading=\"lazy\" decoding=\"async\" class=\"alignnone size-medium wp-image-1199\" src=\"https:\/\/guitares-et-luthiers.fr\/wp-content\/uploads\/2018\/01\/fouilleul-10-e1517045692483-114x300.jpg\" alt=\"\" width=\"114\" height=\"300\" srcset=\"https:\/\/guitares-et-luthiers.fr\/wp-content\/uploads\/2018\/01\/fouilleul-10-e1517045692483-114x300.jpg 114w, https:\/\/guitares-et-luthiers.fr\/wp-content\/uploads\/2018\/01\/fouilleul-10-e1517045692483-768x2026.jpg 768w, https:\/\/guitares-et-luthiers.fr\/wp-content\/uploads\/2018\/01\/fouilleul-10-e1517045692483-388x1024.jpg 388w, https:\/\/guitares-et-luthiers.fr\/wp-content\/uploads\/2018\/01\/fouilleul-10-e1517045692483.jpg 1597w\" sizes=\"auto, (max-width: 114px) 100vw, 114px\" \/><\/a><\/p>\n","protected":false},"excerpt":{"rendered":"<p>Guitare Classique de Concert 10 cordes de Jean-Marie Fouilleul 1990 Type : 10 cordes classique ( petite th\u00e9orbure sur la 9 et 10 \u00e8me corde). Ann\u00e9e 1990, diapason 65, table d&rsquo;harmonie en \u00e9pic\u00e9a, fonds, \u00e9clisses et chevalet en palissandre, touche en \u00e9b\u00e8ne. Son: beaucoup d&rsquo;amplitude et de puissance. Sonorit\u00e9 tr\u00e8s ronde et profonde. Riche en &hellip; <\/p>\n<p class=\"link-more\"><a href=\"https:\/\/guitares-et-luthiers.fr\/?page_id=1205\" class=\"more-link\">Continuer la lecture<span class=\"screen-reader-text\"> de &laquo;&nbsp;Fouilleul 10 cordes 1990&nbsp;&raquo;<\/span><\/a><\/p>\n","protected":false},"author":2,"featured_media":0,"parent":0,"menu_order":0,"comment_status":"closed","ping_status":"closed","template":"","meta":{"footnotes":""},"class_list":["post-1205","page","type-page","status-publish","hentry"],"_links":{"self":[{"href":"https:\/\/guitares-et-luthiers.fr\/index.php?rest_route=\/wp\/v2\/pages\/1205","targetHints":{"allow":["GET"]}}],"collection":[{"href":"https:\/\/guitares-et-luthiers.fr\/index.php?rest_route=\/wp\/v2\/pages"}],"about":[{"href":"https:\/\/guitares-et-luthiers.fr\/index.php?rest_route=\/wp\/v2\/types\/page"}],"author":[{"embeddable":true,"href":"https:\/\/guitares-et-luthiers.fr\/index.php?rest_route=\/wp\/v2\/users\/2"}],"replies":[{"embeddable":true,"href":"https:\/\/guitares-et-luthiers.fr\/index.php?rest_route=%2Fwp%2Fv2%2Fcomments&post=1205"}],"version-history":[{"count":2,"href":"https:\/\/guitares-et-luthiers.fr\/index.php?rest_route=\/wp\/v2\/pages\/1205\/revisions"}],"predecessor-version":[{"id":1396,"href":"https:\/\/guitares-et-luthiers.fr\/index.php?rest_route=\/wp\/v2\/pages\/1205\/revisions\/1396"}],"wp:attachment":[{"href":"https:\/\/guitares-et-luthiers.fr\/index.php?rest_route=%2Fwp%2Fv2%2Fmedia&parent=1205"}],"curies":[{"name":"wp","href":"https:\/\/api.w.org\/{rel}","templated":true}]}}