{"id":1215,"date":"2018-02-16T08:57:32","date_gmt":"2018-02-16T07:57:32","guid":{"rendered":"http:\/\/guitares-et-luthiers.fr\/?page_id=1215"},"modified":"2018-02-18T10:46:59","modified_gmt":"2018-02-18T09:46:59","slug":"lebreton-classique-2017-n-163","status":"publish","type":"page","link":"https:\/\/guitares-et-luthiers.fr\/?page_id=1215","title":{"rendered":"Lebreton classique 2017 n\u00b0 163"},"content":{"rendered":"<p>Luthier : Jean-No\u00ebl Lebreton<\/p>\n<p>Mod\u00e8le : n\u00b0 16-163<\/p>\n<p>Ann\u00e9e : 2017<\/p>\n<p>Bois : double-table en red cedar-nomex-\u00e9pic\u00e9a, fond, \u00e9clisses et chevalet en palissandre de Rio ( certificat Cites), \u00a0manche en cedro du Honduras, touche en \u00e9b\u00e8ne, repose-bras en padouk,chevalet \u00e0 12 trous ailes all\u00e9g\u00e9es, rosace fabriqu\u00e9e par Jean-No\u00ebl Lebreton, ouvertures sur \u00e9clisses avec bouchons, sillets en Tusq, diapason 650, m\u00e9caniques Schaller avec roller , avec \u00e9tui.<\/p>\n<address>Un tr\u00e8s bel instrument au service de la musicalit\u00e9. Voil\u00e0 ma quatri\u00e8me guitare de Jean-No\u00ebl Lebreton : \u00e0 nouveau un superbe travail et une r\u00e9ussite en terme de son. Beaucoup de profondeur, du corps, un \u00e9quilibre parfait entre basses et aigu\u00ebs, une pr\u00e9sence \u00e9vidente qui s&rsquo;installe d&rsquo;entr\u00e9e de jeu. Le repose-bras en padouk participe grandement au confort de jeu. Un m\u00e9lange harmonieux d&rsquo;\u00e9l\u00e9ments novateurs \u00a0( repose-bras, ouverture sur l&rsquo;\u00e9clisse, double-table, nomex, chevalet affin\u00e9, etc) et d&rsquo;autres plus traditionnels.Les m\u00e9caniques sont extr\u00eamement pr\u00e9cises. Esth\u00e9tiquement parlant l\u00e0 aussi la qualit\u00e9 est au rendez-vous. La forme, la couleur de la table, la rosace faite maison sont des \u00e9l\u00e9ments qui augmentent d&rsquo;autant le plaisir de jouer. Il s&rsquo;agit l\u00e0 d&rsquo;une belle r\u00e9ussite.<\/address>\n<address>Liens \u00a0 \u00a0www.guitareslebreton.com \u00a0<\/address>\n<address>Article descriptif du m\u00eame mod\u00e8le publi\u00e9 dans guitare classique n\u00b0 74<\/address>\n<address><a href=\"https:\/\/guitares-et-luthiers.fr\/wp-content\/uploads\/2018\/02\/lebreton-article1.jpg\" rel=\"lightbox[1215]\"><img loading=\"lazy\" decoding=\"async\" class=\"alignnone size-medium wp-image-1217\" src=\"https:\/\/guitares-et-luthiers.fr\/wp-content\/uploads\/2018\/02\/lebreton-article1-212x300.jpg\" alt=\"\" width=\"212\" height=\"300\" srcset=\"https:\/\/guitares-et-luthiers.fr\/wp-content\/uploads\/2018\/02\/lebreton-article1-212x300.jpg 212w, https:\/\/guitares-et-luthiers.fr\/wp-content\/uploads\/2018\/02\/lebreton-article1-768x1086.jpg 768w, https:\/\/guitares-et-luthiers.fr\/wp-content\/uploads\/2018\/02\/lebreton-article1-724x1024.jpg 724w\" sizes=\"auto, (max-width: 212px) 100vw, 212px\" \/><\/a><a href=\"https:\/\/guitares-et-luthiers.fr\/wp-content\/uploads\/2018\/02\/lebreton-article-2.jpg\" rel=\"lightbox[1215]\"><img loading=\"lazy\" decoding=\"async\" class=\"alignnone size-medium wp-image-1218\" src=\"https:\/\/guitares-et-luthiers.fr\/wp-content\/uploads\/2018\/02\/lebreton-article-2-212x300.jpg\" alt=\"\" width=\"212\" height=\"300\" srcset=\"https:\/\/guitares-et-luthiers.fr\/wp-content\/uploads\/2018\/02\/lebreton-article-2-212x300.jpg 212w, https:\/\/guitares-et-luthiers.fr\/wp-content\/uploads\/2018\/02\/lebreton-article-2-768x1086.jpg 768w, https:\/\/guitares-et-luthiers.fr\/wp-content\/uploads\/2018\/02\/lebreton-article-2-724x1024.jpg 724w\" sizes=\"auto, (max-width: 212px) 100vw, 212px\" \/><\/a><\/address>\n<address><a href=\"https:\/\/guitares-et-luthiers.fr\/wp-content\/uploads\/2018\/02\/Lebreton-163-1.jpg\" rel=\"lightbox[1215]\"><img loading=\"lazy\" decoding=\"async\" class=\"alignnone size-medium wp-image-1223\" src=\"https:\/\/guitares-et-luthiers.fr\/wp-content\/uploads\/2018\/02\/Lebreton-163-1-137x300.jpg\" alt=\"\" width=\"137\" height=\"300\" srcset=\"https:\/\/guitares-et-luthiers.fr\/wp-content\/uploads\/2018\/02\/Lebreton-163-1-137x300.jpg 137w, https:\/\/guitares-et-luthiers.fr\/wp-content\/uploads\/2018\/02\/Lebreton-163-1.jpg 299w\" sizes=\"auto, (max-width: 137px) 100vw, 137px\" \/><\/a> <a href=\"https:\/\/guitares-et-luthiers.fr\/wp-content\/uploads\/2018\/02\/Lebreton-163-6.jpg\" rel=\"lightbox[1215]\"><img loading=\"lazy\" decoding=\"async\" class=\"alignnone size-medium wp-image-1228\" src=\"https:\/\/guitares-et-luthiers.fr\/wp-content\/uploads\/2018\/02\/Lebreton-163-6-171x300.jpg\" alt=\"\" width=\"171\" height=\"300\" srcset=\"https:\/\/guitares-et-luthiers.fr\/wp-content\/uploads\/2018\/02\/Lebreton-163-6-171x300.jpg 171w, https:\/\/guitares-et-luthiers.fr\/wp-content\/uploads\/2018\/02\/Lebreton-163-6-585x1024.jpg 585w, https:\/\/guitares-et-luthiers.fr\/wp-content\/uploads\/2018\/02\/Lebreton-163-6.jpg 731w\" sizes=\"auto, (max-width: 171px) 100vw, 171px\" \/><\/a> <a href=\"https:\/\/guitares-et-luthiers.fr\/wp-content\/uploads\/2018\/02\/Lebreton-163-5.jpg\" rel=\"lightbox[1215]\"><img loading=\"lazy\" decoding=\"async\" class=\"alignnone size-medium wp-image-1227\" src=\"https:\/\/guitares-et-luthiers.fr\/wp-content\/uploads\/2018\/02\/Lebreton-163-5-217x300.jpg\" alt=\"\" width=\"217\" height=\"300\" srcset=\"https:\/\/guitares-et-luthiers.fr\/wp-content\/uploads\/2018\/02\/Lebreton-163-5-217x300.jpg 217w, https:\/\/guitares-et-luthiers.fr\/wp-content\/uploads\/2018\/02\/Lebreton-163-5-768x1063.jpg 768w, https:\/\/guitares-et-luthiers.fr\/wp-content\/uploads\/2018\/02\/Lebreton-163-5-740x1024.jpg 740w, https:\/\/guitares-et-luthiers.fr\/wp-content\/uploads\/2018\/02\/Lebreton-163-5.jpg 925w\" sizes=\"auto, (max-width: 217px) 100vw, 217px\" \/><\/a> <a href=\"https:\/\/guitares-et-luthiers.fr\/wp-content\/uploads\/2018\/02\/Lebreton-163-4.jpg\" rel=\"lightbox[1215]\"><img loading=\"lazy\" decoding=\"async\" class=\"alignnone size-medium wp-image-1226\" src=\"https:\/\/guitares-et-luthiers.fr\/wp-content\/uploads\/2018\/02\/Lebreton-163-4-153x300.jpg\" alt=\"\" width=\"153\" height=\"300\" srcset=\"https:\/\/guitares-et-luthiers.fr\/wp-content\/uploads\/2018\/02\/Lebreton-163-4-153x300.jpg 153w, https:\/\/guitares-et-luthiers.fr\/wp-content\/uploads\/2018\/02\/Lebreton-163-4-523x1024.jpg 523w, https:\/\/guitares-et-luthiers.fr\/wp-content\/uploads\/2018\/02\/Lebreton-163-4.jpg 654w\" sizes=\"auto, (max-width: 153px) 100vw, 153px\" \/><\/a> <a href=\"https:\/\/guitares-et-luthiers.fr\/wp-content\/uploads\/2018\/02\/Lebreton-163-3.jpg\" rel=\"lightbox[1215]\"><img loading=\"lazy\" decoding=\"async\" class=\"alignnone size-medium wp-image-1225\" src=\"https:\/\/guitares-et-luthiers.fr\/wp-content\/uploads\/2018\/02\/Lebreton-163-3-165x300.jpg\" alt=\"\" width=\"165\" height=\"300\" srcset=\"https:\/\/guitares-et-luthiers.fr\/wp-content\/uploads\/2018\/02\/Lebreton-163-3-165x300.jpg 165w, https:\/\/guitares-et-luthiers.fr\/wp-content\/uploads\/2018\/02\/Lebreton-163-3-562x1024.jpg 562w, https:\/\/guitares-et-luthiers.fr\/wp-content\/uploads\/2018\/02\/Lebreton-163-3.jpg 702w\" sizes=\"auto, (max-width: 165px) 100vw, 165px\" \/><\/a> <a href=\"https:\/\/guitares-et-luthiers.fr\/wp-content\/uploads\/2018\/02\/Lebreton-163-2.jpg\" rel=\"lightbox[1215]\"><img loading=\"lazy\" decoding=\"async\" class=\"alignnone size-medium wp-image-1224\" src=\"https:\/\/guitares-et-luthiers.fr\/wp-content\/uploads\/2018\/02\/Lebreton-163-2-293x300.jpg\" alt=\"\" width=\"293\" height=\"300\" srcset=\"https:\/\/guitares-et-luthiers.fr\/wp-content\/uploads\/2018\/02\/Lebreton-163-2-293x300.jpg 293w, https:\/\/guitares-et-luthiers.fr\/wp-content\/uploads\/2018\/02\/Lebreton-163-2-768x785.jpg 768w, https:\/\/guitares-et-luthiers.fr\/wp-content\/uploads\/2018\/02\/Lebreton-163-2-1002x1024.jpg 1002w, https:\/\/guitares-et-luthiers.fr\/wp-content\/uploads\/2018\/02\/Lebreton-163-2.jpg 1252w\" sizes=\"auto, (max-width: 293px) 100vw, 293px\" \/><\/a> <a href=\"https:\/\/guitares-et-luthiers.fr\/wp-content\/uploads\/2018\/02\/Lebreton-163.jpg\" rel=\"lightbox[1215]\"><img loading=\"lazy\" decoding=\"async\" class=\"alignnone size-medium wp-image-1248\" src=\"https:\/\/guitares-et-luthiers.fr\/wp-content\/uploads\/2018\/02\/Lebreton-163-166x300.jpg\" alt=\"\" width=\"166\" height=\"300\" srcset=\"https:\/\/guitares-et-luthiers.fr\/wp-content\/uploads\/2018\/02\/Lebreton-163-166x300.jpg 166w, https:\/\/guitares-et-luthiers.fr\/wp-content\/uploads\/2018\/02\/Lebreton-163-568x1024.jpg 568w, https:\/\/guitares-et-luthiers.fr\/wp-content\/uploads\/2018\/02\/Lebreton-163.jpg 710w\" sizes=\"auto, (max-width: 166px) 100vw, 166px\" \/><\/a> <a href=\"https:\/\/guitares-et-luthiers.fr\/wp-content\/uploads\/2018\/02\/Lebreton-163-25.jpg\" rel=\"lightbox[1215]\"><img loading=\"lazy\" decoding=\"async\" class=\"alignnone size-medium wp-image-1247\" src=\"https:\/\/guitares-et-luthiers.fr\/wp-content\/uploads\/2018\/02\/Lebreton-163-25-300x102.jpg\" alt=\"\" width=\"300\" height=\"102\" srcset=\"https:\/\/guitares-et-luthiers.fr\/wp-content\/uploads\/2018\/02\/Lebreton-163-25-300x102.jpg 300w, https:\/\/guitares-et-luthiers.fr\/wp-content\/uploads\/2018\/02\/Lebreton-163-25.jpg 759w\" sizes=\"auto, (max-width: 300px) 100vw, 300px\" \/><\/a> <a href=\"https:\/\/guitares-et-luthiers.fr\/wp-content\/uploads\/2018\/02\/Lebreton-163-24.jpg\" rel=\"lightbox[1215]\"><img loading=\"lazy\" decoding=\"async\" class=\"alignnone size-medium wp-image-1246\" src=\"https:\/\/guitares-et-luthiers.fr\/wp-content\/uploads\/2018\/02\/Lebreton-163-24-221x300.jpg\" alt=\"\" width=\"221\" height=\"300\" srcset=\"https:\/\/guitares-et-luthiers.fr\/wp-content\/uploads\/2018\/02\/Lebreton-163-24-221x300.jpg 221w, https:\/\/guitares-et-luthiers.fr\/wp-content\/uploads\/2018\/02\/Lebreton-163-24-768x1045.jpg 768w, https:\/\/guitares-et-luthiers.fr\/wp-content\/uploads\/2018\/02\/Lebreton-163-24-753x1024.jpg 753w, https:\/\/guitares-et-luthiers.fr\/wp-content\/uploads\/2018\/02\/Lebreton-163-24.jpg 941w\" sizes=\"auto, (max-width: 221px) 100vw, 221px\" \/><\/a> <a href=\"https:\/\/guitares-et-luthiers.fr\/wp-content\/uploads\/2018\/02\/Lebreton-163-23.jpg\" rel=\"lightbox[1215]\"><img loading=\"lazy\" decoding=\"async\" class=\"alignnone size-medium wp-image-1245\" src=\"https:\/\/guitares-et-luthiers.fr\/wp-content\/uploads\/2018\/02\/Lebreton-163-23-258x300.jpg\" alt=\"\" width=\"258\" height=\"300\" srcset=\"https:\/\/guitares-et-luthiers.fr\/wp-content\/uploads\/2018\/02\/Lebreton-163-23-258x300.jpg 258w, https:\/\/guitares-et-luthiers.fr\/wp-content\/uploads\/2018\/02\/Lebreton-163-23-768x894.jpg 768w, https:\/\/guitares-et-luthiers.fr\/wp-content\/uploads\/2018\/02\/Lebreton-163-23-880x1024.jpg 880w, https:\/\/guitares-et-luthiers.fr\/wp-content\/uploads\/2018\/02\/Lebreton-163-23.jpg 1100w\" sizes=\"auto, (max-width: 258px) 100vw, 258px\" \/><\/a> <a href=\"https:\/\/guitares-et-luthiers.fr\/wp-content\/uploads\/2018\/02\/Lebreton-163-22.jpg\" rel=\"lightbox[1215]\"><img loading=\"lazy\" decoding=\"async\" class=\"alignnone size-medium wp-image-1244\" src=\"https:\/\/guitares-et-luthiers.fr\/wp-content\/uploads\/2018\/02\/Lebreton-163-22-221x300.jpg\" alt=\"\" width=\"221\" height=\"300\" srcset=\"https:\/\/guitares-et-luthiers.fr\/wp-content\/uploads\/2018\/02\/Lebreton-163-22-221x300.jpg 221w, https:\/\/guitares-et-luthiers.fr\/wp-content\/uploads\/2018\/02\/Lebreton-163-22-768x1040.jpg 768w, https:\/\/guitares-et-luthiers.fr\/wp-content\/uploads\/2018\/02\/Lebreton-163-22-756x1024.jpg 756w, https:\/\/guitares-et-luthiers.fr\/wp-content\/uploads\/2018\/02\/Lebreton-163-22.jpg 945w\" sizes=\"auto, (max-width: 221px) 100vw, 221px\" \/><\/a> <a href=\"https:\/\/guitares-et-luthiers.fr\/wp-content\/uploads\/2018\/02\/Lebreton-163-21.jpg\" rel=\"lightbox[1215]\"><img loading=\"lazy\" decoding=\"async\" class=\"alignnone size-medium wp-image-1243\" src=\"https:\/\/guitares-et-luthiers.fr\/wp-content\/uploads\/2018\/02\/Lebreton-163-21-169x300.jpg\" alt=\"\" width=\"169\" height=\"300\" srcset=\"https:\/\/guitares-et-luthiers.fr\/wp-content\/uploads\/2018\/02\/Lebreton-163-21-169x300.jpg 169w, https:\/\/guitares-et-luthiers.fr\/wp-content\/uploads\/2018\/02\/Lebreton-163-21-577x1024.jpg 577w, https:\/\/guitares-et-luthiers.fr\/wp-content\/uploads\/2018\/02\/Lebreton-163-21.jpg 721w\" sizes=\"auto, (max-width: 169px) 100vw, 169px\" \/><\/a> <a href=\"https:\/\/guitares-et-luthiers.fr\/wp-content\/uploads\/2018\/02\/Lebreton-163-20.jpg\" rel=\"lightbox[1215]\"><img loading=\"lazy\" decoding=\"async\" class=\"alignnone size-medium wp-image-1242\" src=\"https:\/\/guitares-et-luthiers.fr\/wp-content\/uploads\/2018\/02\/Lebreton-163-20-217x300.jpg\" alt=\"\" width=\"217\" height=\"300\" srcset=\"https:\/\/guitares-et-luthiers.fr\/wp-content\/uploads\/2018\/02\/Lebreton-163-20-217x300.jpg 217w, https:\/\/guitares-et-luthiers.fr\/wp-content\/uploads\/2018\/02\/Lebreton-163-20-768x1063.jpg 768w, https:\/\/guitares-et-luthiers.fr\/wp-content\/uploads\/2018\/02\/Lebreton-163-20-740x1024.jpg 740w, https:\/\/guitares-et-luthiers.fr\/wp-content\/uploads\/2018\/02\/Lebreton-163-20.jpg 925w\" sizes=\"auto, (max-width: 217px) 100vw, 217px\" \/><\/a> <a href=\"https:\/\/guitares-et-luthiers.fr\/wp-content\/uploads\/2018\/02\/Lebreton-163-19.jpg\" rel=\"lightbox[1215]\"><img loading=\"lazy\" decoding=\"async\" class=\"alignnone size-medium wp-image-1241\" src=\"https:\/\/guitares-et-luthiers.fr\/wp-content\/uploads\/2018\/02\/Lebreton-163-19-167x300.jpg\" alt=\"\" width=\"167\" height=\"300\" srcset=\"https:\/\/guitares-et-luthiers.fr\/wp-content\/uploads\/2018\/02\/Lebreton-163-19-167x300.jpg 167w, https:\/\/guitares-et-luthiers.fr\/wp-content\/uploads\/2018\/02\/Lebreton-163-19-569x1024.jpg 569w, https:\/\/guitares-et-luthiers.fr\/wp-content\/uploads\/2018\/02\/Lebreton-163-19.jpg 711w\" sizes=\"auto, (max-width: 167px) 100vw, 167px\" \/><\/a> <a href=\"https:\/\/guitares-et-luthiers.fr\/wp-content\/uploads\/2018\/02\/Lebreton-163-18.jpg\" rel=\"lightbox[1215]\"><img loading=\"lazy\" decoding=\"async\" class=\"alignnone size-medium wp-image-1240\" src=\"https:\/\/guitares-et-luthiers.fr\/wp-content\/uploads\/2018\/02\/Lebreton-163-18-185x300.jpg\" alt=\"\" width=\"185\" height=\"300\" srcset=\"https:\/\/guitares-et-luthiers.fr\/wp-content\/uploads\/2018\/02\/Lebreton-163-18-185x300.jpg 185w, https:\/\/guitares-et-luthiers.fr\/wp-content\/uploads\/2018\/02\/Lebreton-163-18-768x1246.jpg 768w, https:\/\/guitares-et-luthiers.fr\/wp-content\/uploads\/2018\/02\/Lebreton-163-18-631x1024.jpg 631w, https:\/\/guitares-et-luthiers.fr\/wp-content\/uploads\/2018\/02\/Lebreton-163-18.jpg 789w\" sizes=\"auto, (max-width: 185px) 100vw, 185px\" \/><\/a> <a href=\"https:\/\/guitares-et-luthiers.fr\/wp-content\/uploads\/2018\/02\/Lebreton-163-17.jpg\" rel=\"lightbox[1215]\"><img loading=\"lazy\" decoding=\"async\" class=\"alignnone size-medium wp-image-1239\" src=\"https:\/\/guitares-et-luthiers.fr\/wp-content\/uploads\/2018\/02\/Lebreton-163-17-225x300.jpg\" alt=\"\" width=\"225\" height=\"300\" srcset=\"https:\/\/guitares-et-luthiers.fr\/wp-content\/uploads\/2018\/02\/Lebreton-163-17-225x300.jpg 225w, https:\/\/guitares-et-luthiers.fr\/wp-content\/uploads\/2018\/02\/Lebreton-163-17-768x1024.jpg 768w, https:\/\/guitares-et-luthiers.fr\/wp-content\/uploads\/2018\/02\/Lebreton-163-17.jpg 960w\" sizes=\"auto, (max-width: 225px) 100vw, 225px\" \/><\/a> <a href=\"https:\/\/guitares-et-luthiers.fr\/wp-content\/uploads\/2018\/02\/Lebreton-163-16.jpg\" rel=\"lightbox[1215]\"><img loading=\"lazy\" decoding=\"async\" class=\"alignnone size-medium wp-image-1238\" src=\"https:\/\/guitares-et-luthiers.fr\/wp-content\/uploads\/2018\/02\/Lebreton-163-16-218x300.jpg\" alt=\"\" width=\"218\" height=\"300\" srcset=\"https:\/\/guitares-et-luthiers.fr\/wp-content\/uploads\/2018\/02\/Lebreton-163-16-218x300.jpg 218w, https:\/\/guitares-et-luthiers.fr\/wp-content\/uploads\/2018\/02\/Lebreton-163-16-768x1056.jpg 768w, https:\/\/guitares-et-luthiers.fr\/wp-content\/uploads\/2018\/02\/Lebreton-163-16-745x1024.jpg 745w, https:\/\/guitares-et-luthiers.fr\/wp-content\/uploads\/2018\/02\/Lebreton-163-16.jpg 931w\" sizes=\"auto, (max-width: 218px) 100vw, 218px\" \/><\/a> <a href=\"https:\/\/guitares-et-luthiers.fr\/wp-content\/uploads\/2018\/02\/Lebreton-163-15.jpg\" rel=\"lightbox[1215]\"><img loading=\"lazy\" decoding=\"async\" class=\"alignnone size-medium wp-image-1237\" src=\"https:\/\/guitares-et-luthiers.fr\/wp-content\/uploads\/2018\/02\/Lebreton-163-15-200x300.jpg\" alt=\"\" width=\"200\" height=\"300\" srcset=\"https:\/\/guitares-et-luthiers.fr\/wp-content\/uploads\/2018\/02\/Lebreton-163-15-200x300.jpg 200w, https:\/\/guitares-et-luthiers.fr\/wp-content\/uploads\/2018\/02\/Lebreton-163-15-768x1150.jpg 768w, https:\/\/guitares-et-luthiers.fr\/wp-content\/uploads\/2018\/02\/Lebreton-163-15-684x1024.jpg 684w, https:\/\/guitares-et-luthiers.fr\/wp-content\/uploads\/2018\/02\/Lebreton-163-15.jpg 855w\" sizes=\"auto, (max-width: 200px) 100vw, 200px\" \/><\/a> <a href=\"https:\/\/guitares-et-luthiers.fr\/wp-content\/uploads\/2018\/02\/Lebreton-163-14.jpg\" rel=\"lightbox[1215]\"><img loading=\"lazy\" decoding=\"async\" class=\"alignnone size-medium wp-image-1236\" src=\"https:\/\/guitares-et-luthiers.fr\/wp-content\/uploads\/2018\/02\/Lebreton-163-14-141x300.jpg\" alt=\"\" width=\"141\" height=\"300\" srcset=\"https:\/\/guitares-et-luthiers.fr\/wp-content\/uploads\/2018\/02\/Lebreton-163-14-141x300.jpg 141w, https:\/\/guitares-et-luthiers.fr\/wp-content\/uploads\/2018\/02\/Lebreton-163-14.jpg 304w\" sizes=\"auto, (max-width: 141px) 100vw, 141px\" \/><\/a> <a href=\"https:\/\/guitares-et-luthiers.fr\/wp-content\/uploads\/2018\/02\/Lebreton-163-13.jpg\" rel=\"lightbox[1215]\"><img loading=\"lazy\" decoding=\"async\" class=\"alignnone size-medium wp-image-1235\" src=\"https:\/\/guitares-et-luthiers.fr\/wp-content\/uploads\/2018\/02\/Lebreton-163-13-300x149.jpg\" alt=\"\" width=\"300\" height=\"149\" srcset=\"https:\/\/guitares-et-luthiers.fr\/wp-content\/uploads\/2018\/02\/Lebreton-163-13-300x149.jpg 300w, https:\/\/guitares-et-luthiers.fr\/wp-content\/uploads\/2018\/02\/Lebreton-163-13-768x382.jpg 768w, https:\/\/guitares-et-luthiers.fr\/wp-content\/uploads\/2018\/02\/Lebreton-163-13-1024x509.jpg 1024w, https:\/\/guitares-et-luthiers.fr\/wp-content\/uploads\/2018\/02\/Lebreton-163-13.jpg 1280w\" sizes=\"auto, (max-width: 300px) 100vw, 300px\" \/><\/a> <a href=\"https:\/\/guitares-et-luthiers.fr\/wp-content\/uploads\/2018\/02\/Lebreton-163-12.jpg\" rel=\"lightbox[1215]\"><img loading=\"lazy\" decoding=\"async\" class=\"alignnone size-medium wp-image-1234\" src=\"https:\/\/guitares-et-luthiers.fr\/wp-content\/uploads\/2018\/02\/Lebreton-163-12-199x300.jpg\" alt=\"\" width=\"199\" height=\"300\" srcset=\"https:\/\/guitares-et-luthiers.fr\/wp-content\/uploads\/2018\/02\/Lebreton-163-12-199x300.jpg 199w, https:\/\/guitares-et-luthiers.fr\/wp-content\/uploads\/2018\/02\/Lebreton-163-12-768x1159.jpg 768w, https:\/\/guitares-et-luthiers.fr\/wp-content\/uploads\/2018\/02\/Lebreton-163-12-678x1024.jpg 678w, https:\/\/guitares-et-luthiers.fr\/wp-content\/uploads\/2018\/02\/Lebreton-163-12.jpg 848w\" sizes=\"auto, (max-width: 199px) 100vw, 199px\" \/><\/a> <a href=\"https:\/\/guitares-et-luthiers.fr\/wp-content\/uploads\/2018\/02\/Lebreton-163-11.jpg\" rel=\"lightbox[1215]\"><img loading=\"lazy\" decoding=\"async\" class=\"alignnone size-medium wp-image-1233\" src=\"https:\/\/guitares-et-luthiers.fr\/wp-content\/uploads\/2018\/02\/Lebreton-163-11-228x300.jpg\" alt=\"\" width=\"228\" height=\"300\" srcset=\"https:\/\/guitares-et-luthiers.fr\/wp-content\/uploads\/2018\/02\/Lebreton-163-11-228x300.jpg 228w, https:\/\/guitares-et-luthiers.fr\/wp-content\/uploads\/2018\/02\/Lebreton-163-11-768x1009.jpg 768w, https:\/\/guitares-et-luthiers.fr\/wp-content\/uploads\/2018\/02\/Lebreton-163-11-779x1024.jpg 779w, https:\/\/guitares-et-luthiers.fr\/wp-content\/uploads\/2018\/02\/Lebreton-163-11.jpg 974w\" sizes=\"auto, (max-width: 228px) 100vw, 228px\" \/><\/a> <a href=\"https:\/\/guitares-et-luthiers.fr\/wp-content\/uploads\/2018\/02\/Lebreton-163-10.jpg\" rel=\"lightbox[1215]\"><img loading=\"lazy\" decoding=\"async\" class=\"alignnone size-medium wp-image-1232\" src=\"https:\/\/guitares-et-luthiers.fr\/wp-content\/uploads\/2018\/02\/Lebreton-163-10-225x300.jpg\" alt=\"\" width=\"225\" height=\"300\" srcset=\"https:\/\/guitares-et-luthiers.fr\/wp-content\/uploads\/2018\/02\/Lebreton-163-10-225x300.jpg 225w, https:\/\/guitares-et-luthiers.fr\/wp-content\/uploads\/2018\/02\/Lebreton-163-10-768x1024.jpg 768w, https:\/\/guitares-et-luthiers.fr\/wp-content\/uploads\/2018\/02\/Lebreton-163-10.jpg 960w\" sizes=\"auto, (max-width: 225px) 100vw, 225px\" \/><\/a> <a href=\"https:\/\/guitares-et-luthiers.fr\/wp-content\/uploads\/2018\/02\/Lebreton-163-9.jpg\" rel=\"lightbox[1215]\"><img loading=\"lazy\" decoding=\"async\" class=\"alignnone size-medium wp-image-1231\" src=\"https:\/\/guitares-et-luthiers.fr\/wp-content\/uploads\/2018\/02\/Lebreton-163-9-221x300.jpg\" alt=\"\" width=\"221\" height=\"300\" srcset=\"https:\/\/guitares-et-luthiers.fr\/wp-content\/uploads\/2018\/02\/Lebreton-163-9-221x300.jpg 221w, https:\/\/guitares-et-luthiers.fr\/wp-content\/uploads\/2018\/02\/Lebreton-163-9-768x1045.jpg 768w, https:\/\/guitares-et-luthiers.fr\/wp-content\/uploads\/2018\/02\/Lebreton-163-9-753x1024.jpg 753w, https:\/\/guitares-et-luthiers.fr\/wp-content\/uploads\/2018\/02\/Lebreton-163-9.jpg 941w\" sizes=\"auto, (max-width: 221px) 100vw, 221px\" \/><\/a> <a href=\"https:\/\/guitares-et-luthiers.fr\/wp-content\/uploads\/2018\/02\/Lebreton-163-8.jpg\" rel=\"lightbox[1215]\"><img loading=\"lazy\" decoding=\"async\" class=\"alignnone size-medium wp-image-1230\" src=\"https:\/\/guitares-et-luthiers.fr\/wp-content\/uploads\/2018\/02\/Lebreton-163-8-241x300.jpg\" alt=\"\" width=\"241\" height=\"300\" srcset=\"https:\/\/guitares-et-luthiers.fr\/wp-content\/uploads\/2018\/02\/Lebreton-163-8-241x300.jpg 241w, https:\/\/guitares-et-luthiers.fr\/wp-content\/uploads\/2018\/02\/Lebreton-163-8-768x956.jpg 768w, https:\/\/guitares-et-luthiers.fr\/wp-content\/uploads\/2018\/02\/Lebreton-163-8-822x1024.jpg 822w, https:\/\/guitares-et-luthiers.fr\/wp-content\/uploads\/2018\/02\/Lebreton-163-8.jpg 1028w\" sizes=\"auto, (max-width: 241px) 100vw, 241px\" \/><\/a> <a href=\"https:\/\/guitares-et-luthiers.fr\/wp-content\/uploads\/2018\/02\/Lebreton-163-7.jpg\" rel=\"lightbox[1215]\"><img loading=\"lazy\" decoding=\"async\" class=\"alignnone size-medium wp-image-1229\" src=\"https:\/\/guitares-et-luthiers.fr\/wp-content\/uploads\/2018\/02\/Lebreton-163-7-300x274.jpg\" alt=\"\" width=\"300\" height=\"274\" srcset=\"https:\/\/guitares-et-luthiers.fr\/wp-content\/uploads\/2018\/02\/Lebreton-163-7-300x274.jpg 300w, https:\/\/guitares-et-luthiers.fr\/wp-content\/uploads\/2018\/02\/Lebreton-163-7-768x701.jpg 768w, https:\/\/guitares-et-luthiers.fr\/wp-content\/uploads\/2018\/02\/Lebreton-163-7-1024x935.jpg 1024w, https:\/\/guitares-et-luthiers.fr\/wp-content\/uploads\/2018\/02\/Lebreton-163-7.jpg 1280w\" sizes=\"auto, (max-width: 300px) 100vw, 300px\" \/><\/a><\/address>\n","protected":false},"excerpt":{"rendered":"<p>Luthier : Jean-No\u00ebl Lebreton Mod\u00e8le : n\u00b0 16-163 Ann\u00e9e : 2017 Bois : double-table en red cedar-nomex-\u00e9pic\u00e9a, fond, \u00e9clisses et chevalet en palissandre de Rio ( certificat Cites), \u00a0manche en cedro du Honduras, touche en \u00e9b\u00e8ne, repose-bras en padouk,chevalet \u00e0 12 trous ailes all\u00e9g\u00e9es, rosace fabriqu\u00e9e par Jean-No\u00ebl Lebreton, ouvertures sur \u00e9clisses avec bouchons, sillets &hellip; <\/p>\n<p class=\"link-more\"><a href=\"https:\/\/guitares-et-luthiers.fr\/?page_id=1215\" class=\"more-link\">Continuer la lecture<span class=\"screen-reader-text\"> de &laquo;&nbsp;Lebreton classique 2017 n\u00b0 163&nbsp;&raquo;<\/span><\/a><\/p>\n","protected":false},"author":2,"featured_media":0,"parent":0,"menu_order":0,"comment_status":"closed","ping_status":"closed","template":"","meta":{"footnotes":""},"class_list":["post-1215","page","type-page","status-publish","hentry"],"_links":{"self":[{"href":"https:\/\/guitares-et-luthiers.fr\/index.php?rest_route=\/wp\/v2\/pages\/1215","targetHints":{"allow":["GET"]}}],"collection":[{"href":"https:\/\/guitares-et-luthiers.fr\/index.php?rest_route=\/wp\/v2\/pages"}],"about":[{"href":"https:\/\/guitares-et-luthiers.fr\/index.php?rest_route=\/wp\/v2\/types\/page"}],"author":[{"embeddable":true,"href":"https:\/\/guitares-et-luthiers.fr\/index.php?rest_route=\/wp\/v2\/users\/2"}],"replies":[{"embeddable":true,"href":"https:\/\/guitares-et-luthiers.fr\/index.php?rest_route=%2Fwp%2Fv2%2Fcomments&post=1215"}],"version-history":[{"count":7,"href":"https:\/\/guitares-et-luthiers.fr\/index.php?rest_route=\/wp\/v2\/pages\/1215\/revisions"}],"predecessor-version":[{"id":1251,"href":"https:\/\/guitares-et-luthiers.fr\/index.php?rest_route=\/wp\/v2\/pages\/1215\/revisions\/1251"}],"wp:attachment":[{"href":"https:\/\/guitares-et-luthiers.fr\/index.php?rest_route=%2Fwp%2Fv2%2Fmedia&parent=1215"}],"curies":[{"name":"wp","href":"https:\/\/api.w.org\/{rel}","templated":true}]}}