{"id":127,"date":"2013-12-29T12:01:06","date_gmt":"2013-12-29T11:01:06","guid":{"rendered":"http:\/\/guitares-et-luthiers.fr\/?page_id=127"},"modified":"2023-04-13T12:01:27","modified_gmt":"2023-04-13T11:01:27","slug":"modele-bouchet-2","status":"publish","type":"page","link":"https:\/\/guitares-et-luthiers.fr\/?page_id=127","title":{"rendered":"mod\u00e8le Bouchet"},"content":{"rendered":"<p>Mod\u00e8le Bouchet,\u00a0 que j\u2019ai fabriqu\u00e9 selon les cotes et le barrage de Robert Bouchet, avec l&rsquo;aide pr\u00e9cieuse de Guy D\u00e9s\u00e9glise, qui m&rsquo;a g\u00e9n\u00e9reusement accord\u00e9 de son temps, et avec la gentillesse de Jacqueline qui m&rsquo;a toujours accueilli \u00a0avec un grand sourire dans leur charmante auberge espagnole<\/p>\n<p>Table en \u00e9pic\u00e9a ,\u00a0dos et \u00e9clisses en palissandre des Indes, \u00a0touche \u00e9b\u00e8ne,\u00a0rosace incrust\u00e9e, \u00a0sillets en os,\u00a0chevalet \u00e9b\u00e8ne,\u00a0vernis tampon,\u00a0diapason : 650 mm<\/p>\n<p><a href=\"https:\/\/guitares-et-luthiers.fr\/wp-content\/uploads\/2013\/12\/P1060090.jpg\" rel=\"lightbox[127]\"><img loading=\"lazy\" decoding=\"async\" src=\"https:\/\/guitares-et-luthiers.fr\/wp-content\/uploads\/2013\/12\/P1060090-300x225.jpg\" alt=\"mod\u00e8le Bouchet\" width=\"300\" height=\"225\" \/><\/a><\/p>\n<audio class=\"wp-audio-shortcode\" id=\"audio-127-1\" preload=\"none\" style=\"width: 100%;\" controls=\"controls\"><source type=\"audio\/mpeg\" src=\"https:\/\/guitares-et-luthiers.fr\/wp-content\/uploads\/2013\/12\/02-evocacion-merlin-MPEG.mp3?_=1\" \/><a href=\"https:\/\/guitares-et-luthiers.fr\/wp-content\/uploads\/2013\/12\/02-evocacion-merlin-MPEG.mp3\">https:\/\/guitares-et-luthiers.fr\/wp-content\/uploads\/2013\/12\/02-evocacion-merlin-MPEG.mp3<\/a><\/audio>\n<p>evocacio merlin par C\u00e9cile Joly<\/p>\n<p><a href=\"https:\/\/guitares-et-luthiers.fr\/wp-content\/uploads\/2013\/12\/P1050762.jpg\" rel=\"lightbox[127]\"><img loading=\"lazy\" decoding=\"async\" class=\"alignright\" src=\"https:\/\/guitares-et-luthiers.fr\/wp-content\/uploads\/2013\/12\/P1050762-300x225.jpg\" alt=\"mod\u00e8le Bouchet\" width=\"300\" height=\"225\" \/><\/a><\/p>\n<audio class=\"wp-audio-shortcode\" id=\"audio-127-2\" preload=\"none\" style=\"width: 100%;\" controls=\"controls\"><source type=\"audio\/mpeg\" src=\"https:\/\/guitares-et-luthiers.fr\/wp-content\/uploads\/2013\/12\/01-Xodo-da-Bahianna-MPEG.mp3?_=2\" \/><a href=\"https:\/\/guitares-et-luthiers.fr\/wp-content\/uploads\/2013\/12\/01-Xodo-da-Bahianna-MPEG.mp3\">https:\/\/guitares-et-luthiers.fr\/wp-content\/uploads\/2013\/12\/01-Xodo-da-Bahianna-MPEG.mp3<\/a><\/audio>\n<p>Xodo da Bahianna par C\u00e9cile Joly<\/p>\n<p><a href=\"https:\/\/guitares-et-luthiers.fr\/wp-content\/uploads\/2013\/12\/P1060092.jpg\" rel=\"lightbox[127]\"><img loading=\"lazy\" decoding=\"async\" class=\"alignnone size-medium wp-image-176\" src=\"https:\/\/guitares-et-luthiers.fr\/wp-content\/uploads\/2013\/12\/P1060092-300x225.jpg\" alt=\"mod\u00e8le Bouchet\" width=\"300\" height=\"225\" srcset=\"https:\/\/guitares-et-luthiers.fr\/wp-content\/uploads\/2013\/12\/P1060092-300x225.jpg 300w, https:\/\/guitares-et-luthiers.fr\/wp-content\/uploads\/2013\/12\/P1060092-1024x768.jpg 1024w, https:\/\/guitares-et-luthiers.fr\/wp-content\/uploads\/2013\/12\/P1060092.jpg 1600w\" sizes=\"auto, (max-width: 300px) 100vw, 300px\" \/><\/a>\u00a0 \u00a0 \u00a0<a href=\"https:\/\/guitares-et-luthiers.fr\/wp-content\/uploads\/2013\/12\/P1060089.jpg\" rel=\"lightbox[127]\"><img loading=\"lazy\" decoding=\"async\" class=\"alignnone size-medium wp-image-174\" src=\"https:\/\/guitares-et-luthiers.fr\/wp-content\/uploads\/2013\/12\/P1060089-300x225.jpg\" alt=\"mod\u00e8le Bouchet\" width=\"300\" height=\"225\" srcset=\"https:\/\/guitares-et-luthiers.fr\/wp-content\/uploads\/2013\/12\/P1060089-300x225.jpg 300w, https:\/\/guitares-et-luthiers.fr\/wp-content\/uploads\/2013\/12\/P1060089-1024x768.jpg 1024w\" sizes=\"auto, (max-width: 300px) 100vw, 300px\" \/><\/a> <a href=\"https:\/\/guitares-et-luthiers.fr\/wp-content\/uploads\/2013\/12\/P1060084.jpg\" rel=\"lightbox[127]\"><img loading=\"lazy\" decoding=\"async\" class=\"alignnone size-medium wp-image-173\" src=\"https:\/\/guitares-et-luthiers.fr\/wp-content\/uploads\/2013\/12\/P1060084-300x225.jpg\" alt=\"mod\u00e8le Bouchet\" width=\"300\" height=\"225\" srcset=\"https:\/\/guitares-et-luthiers.fr\/wp-content\/uploads\/2013\/12\/P1060084-300x225.jpg 300w, https:\/\/guitares-et-luthiers.fr\/wp-content\/uploads\/2013\/12\/P1060084.jpg 800w\" sizes=\"auto, (max-width: 300px) 100vw, 300px\" \/><\/a>\u00a0 \u00a0 \u00a0<a href=\"https:\/\/guitares-et-luthiers.fr\/wp-content\/uploads\/2013\/12\/P1060078.jpg\" rel=\"lightbox[127]\"><img loading=\"lazy\" decoding=\"async\" class=\"alignnone size-medium wp-image-172\" src=\"https:\/\/guitares-et-luthiers.fr\/wp-content\/uploads\/2013\/12\/P1060078-300x225.jpg\" alt=\"mod\u00e8le Bouchet\" width=\"300\" height=\"225\" srcset=\"https:\/\/guitares-et-luthiers.fr\/wp-content\/uploads\/2013\/12\/P1060078-300x225.jpg 300w, https:\/\/guitares-et-luthiers.fr\/wp-content\/uploads\/2013\/12\/P1060078-1024x768.jpg 1024w\" sizes=\"auto, (max-width: 300px) 100vw, 300px\" \/><\/a>\u00a0\u00a0<a href=\"https:\/\/guitares-et-luthiers.fr\/wp-content\/uploads\/2013\/12\/P1050763.jpg\" rel=\"lightbox[127]\"><img loading=\"lazy\" decoding=\"async\" class=\"alignnone size-medium wp-image-169\" src=\"https:\/\/guitares-et-luthiers.fr\/wp-content\/uploads\/2013\/12\/P1050763-300x225.jpg\" alt=\"mod\u00e8le Bouchet\" width=\"300\" height=\"225\" srcset=\"https:\/\/guitares-et-luthiers.fr\/wp-content\/uploads\/2013\/12\/P1050763-300x225.jpg 300w, https:\/\/guitares-et-luthiers.fr\/wp-content\/uploads\/2013\/12\/P1050763-1024x768.jpg 1024w, https:\/\/guitares-et-luthiers.fr\/wp-content\/uploads\/2013\/12\/P1050763.jpg 1600w\" sizes=\"auto, (max-width: 300px) 100vw, 300px\" \/><\/a>\u00a0 \u00a0 \u00a0<a href=\"https:\/\/guitares-et-luthiers.fr\/wp-content\/uploads\/2013\/12\/P1050762.jpg\" rel=\"lightbox[127]\"><img loading=\"lazy\" decoding=\"async\" class=\"alignnone size-medium wp-image-168\" src=\"https:\/\/guitares-et-luthiers.fr\/wp-content\/uploads\/2013\/12\/P1050762-300x225.jpg\" alt=\"mod\u00e8le Bouchet\" width=\"300\" height=\"225\" srcset=\"https:\/\/guitares-et-luthiers.fr\/wp-content\/uploads\/2013\/12\/P1050762-300x225.jpg 300w, https:\/\/guitares-et-luthiers.fr\/wp-content\/uploads\/2013\/12\/P1050762-1024x768.jpg 1024w, https:\/\/guitares-et-luthiers.fr\/wp-content\/uploads\/2013\/12\/P1050762.jpg 1600w\" sizes=\"auto, (max-width: 300px) 100vw, 300px\" \/><\/a> <a href=\"https:\/\/guitares-et-luthiers.fr\/wp-content\/uploads\/2013\/12\/P1050761.jpg\" rel=\"lightbox[127]\"><img loading=\"lazy\" decoding=\"async\" class=\"alignnone size-medium wp-image-167\" src=\"https:\/\/guitares-et-luthiers.fr\/wp-content\/uploads\/2013\/12\/P1050761-300x225.jpg\" alt=\"mod\u00e8le Bouchet\" width=\"300\" height=\"225\" srcset=\"https:\/\/guitares-et-luthiers.fr\/wp-content\/uploads\/2013\/12\/P1050761-300x225.jpg 300w, https:\/\/guitares-et-luthiers.fr\/wp-content\/uploads\/2013\/12\/P1050761-1024x768.jpg 1024w, https:\/\/guitares-et-luthiers.fr\/wp-content\/uploads\/2013\/12\/P1050761.jpg 1600w\" sizes=\"auto, (max-width: 300px) 100vw, 300px\" \/><\/a>\u00a0 \u00a0 \u00a0<a href=\"https:\/\/guitares-et-luthiers.fr\/wp-content\/uploads\/2013\/12\/P1050759.jpg\" rel=\"lightbox[127]\"><img loading=\"lazy\" decoding=\"async\" class=\"alignnone size-medium wp-image-166\" src=\"https:\/\/guitares-et-luthiers.fr\/wp-content\/uploads\/2013\/12\/P1050759-300x225.jpg\" alt=\"mod\u00e8le Bouchet\" width=\"300\" height=\"225\" srcset=\"https:\/\/guitares-et-luthiers.fr\/wp-content\/uploads\/2013\/12\/P1050759-300x225.jpg 300w, https:\/\/guitares-et-luthiers.fr\/wp-content\/uploads\/2013\/12\/P1050759-1024x768.jpg 1024w, https:\/\/guitares-et-luthiers.fr\/wp-content\/uploads\/2013\/12\/P1050759.jpg 1600w\" sizes=\"auto, (max-width: 300px) 100vw, 300px\" \/><\/a> <a href=\"https:\/\/guitares-et-luthiers.fr\/wp-content\/uploads\/2013\/12\/P1050758.jpg\" rel=\"lightbox[127]\"><img loading=\"lazy\" decoding=\"async\" class=\"alignnone size-medium wp-image-165\" src=\"https:\/\/guitares-et-luthiers.fr\/wp-content\/uploads\/2013\/12\/P1050758-300x225.jpg\" alt=\"mod\u00e8le Bouchet\" width=\"300\" height=\"225\" srcset=\"https:\/\/guitares-et-luthiers.fr\/wp-content\/uploads\/2013\/12\/P1050758-300x225.jpg 300w, https:\/\/guitares-et-luthiers.fr\/wp-content\/uploads\/2013\/12\/P1050758-1024x768.jpg 1024w, https:\/\/guitares-et-luthiers.fr\/wp-content\/uploads\/2013\/12\/P1050758.jpg 1600w\" sizes=\"auto, (max-width: 300px) 100vw, 300px\" \/><\/a>\u00a0 \u00a0 \u00a0<a href=\"https:\/\/guitares-et-luthiers.fr\/wp-content\/uploads\/2013\/12\/P1050145.jpg\" rel=\"lightbox[127]\"><img loading=\"lazy\" decoding=\"async\" class=\"alignnone size-medium wp-image-164\" src=\"https:\/\/guitares-et-luthiers.fr\/wp-content\/uploads\/2013\/12\/P1050145-300x225.jpg\" alt=\"mod\u00e8le Bouchet\" width=\"300\" height=\"225\" srcset=\"https:\/\/guitares-et-luthiers.fr\/wp-content\/uploads\/2013\/12\/P1050145-300x225.jpg 300w, https:\/\/guitares-et-luthiers.fr\/wp-content\/uploads\/2013\/12\/P1050145-1024x768.jpg 1024w\" sizes=\"auto, (max-width: 300px) 100vw, 300px\" \/><\/a> <a href=\"https:\/\/guitares-et-luthiers.fr\/wp-content\/uploads\/2013\/12\/P1050141.jpg\" rel=\"lightbox[127]\"><img loading=\"lazy\" decoding=\"async\" class=\"alignnone size-medium wp-image-163\" src=\"https:\/\/guitares-et-luthiers.fr\/wp-content\/uploads\/2013\/12\/P1050141-300x225.jpg\" alt=\"mod\u00e8le Bouchet\" width=\"300\" height=\"225\" srcset=\"https:\/\/guitares-et-luthiers.fr\/wp-content\/uploads\/2013\/12\/P1050141-300x225.jpg 300w, https:\/\/guitares-et-luthiers.fr\/wp-content\/uploads\/2013\/12\/P1050141-1024x768.jpg 1024w, https:\/\/guitares-et-luthiers.fr\/wp-content\/uploads\/2013\/12\/P1050141.jpg 1600w\" sizes=\"auto, (max-width: 300px) 100vw, 300px\" \/><\/a>\u00a0 \u00a0 \u00a0<a href=\"https:\/\/guitares-et-luthiers.fr\/wp-content\/uploads\/2013\/12\/P1050116.jpg\" rel=\"lightbox[127]\"><img loading=\"lazy\" decoding=\"async\" class=\"alignnone size-medium wp-image-162\" src=\"https:\/\/guitares-et-luthiers.fr\/wp-content\/uploads\/2013\/12\/P1050116-300x225.jpg\" alt=\"mod\u00e8le Bouchet\" width=\"300\" height=\"225\" srcset=\"https:\/\/guitares-et-luthiers.fr\/wp-content\/uploads\/2013\/12\/P1050116-300x225.jpg 300w, https:\/\/guitares-et-luthiers.fr\/wp-content\/uploads\/2013\/12\/P1050116-1024x768.jpg 1024w\" sizes=\"auto, (max-width: 300px) 100vw, 300px\" \/><\/a> <a href=\"https:\/\/guitares-et-luthiers.fr\/wp-content\/uploads\/2013\/12\/P1020750.jpg\" rel=\"lightbox[127]\"><img loading=\"lazy\" decoding=\"async\" class=\"alignnone size-medium wp-image-160\" src=\"https:\/\/guitares-et-luthiers.fr\/wp-content\/uploads\/2013\/12\/P1020750-300x225.jpg\" alt=\"mod\u00e8le Bouchet\" width=\"300\" height=\"225\" srcset=\"https:\/\/guitares-et-luthiers.fr\/wp-content\/uploads\/2013\/12\/P1020750-300x225.jpg 300w, https:\/\/guitares-et-luthiers.fr\/wp-content\/uploads\/2013\/12\/P1020750-1024x768.jpg 1024w, https:\/\/guitares-et-luthiers.fr\/wp-content\/uploads\/2013\/12\/P1020750.jpg 1600w\" sizes=\"auto, (max-width: 300px) 100vw, 300px\" \/><\/a>\u00a0 \u00a0 \u00a0<a href=\"https:\/\/guitares-et-luthiers.fr\/wp-content\/uploads\/2013\/12\/P1020594.jpg\" rel=\"lightbox[127]\"><img loading=\"lazy\" decoding=\"async\" class=\"alignnone size-medium wp-image-159\" src=\"https:\/\/guitares-et-luthiers.fr\/wp-content\/uploads\/2013\/12\/P1020594-300x225.jpg\" alt=\"mod\u00e8le Bouchet\" width=\"300\" height=\"225\" srcset=\"https:\/\/guitares-et-luthiers.fr\/wp-content\/uploads\/2013\/12\/P1020594-300x225.jpg 300w, https:\/\/guitares-et-luthiers.fr\/wp-content\/uploads\/2013\/12\/P1020594-1024x768.jpg 1024w, https:\/\/guitares-et-luthiers.fr\/wp-content\/uploads\/2013\/12\/P1020594.jpg 1600w\" sizes=\"auto, (max-width: 300px) 100vw, 300px\" \/><\/a> <a href=\"https:\/\/guitares-et-luthiers.fr\/wp-content\/uploads\/2013\/12\/P1020592.jpg\" rel=\"lightbox[127]\"><img loading=\"lazy\" decoding=\"async\" class=\"alignnone size-medium wp-image-158\" src=\"https:\/\/guitares-et-luthiers.fr\/wp-content\/uploads\/2013\/12\/P1020592-300x225.jpg\" alt=\"mod\u00e8le Bouchet\" width=\"300\" height=\"225\" srcset=\"https:\/\/guitares-et-luthiers.fr\/wp-content\/uploads\/2013\/12\/P1020592-300x225.jpg 300w, https:\/\/guitares-et-luthiers.fr\/wp-content\/uploads\/2013\/12\/P1020592-1024x768.jpg 1024w, https:\/\/guitares-et-luthiers.fr\/wp-content\/uploads\/2013\/12\/P1020592.jpg 1600w\" sizes=\"auto, (max-width: 300px) 100vw, 300px\" \/><\/a>\u00a0 \u00a0 \u00a0<a href=\"https:\/\/guitares-et-luthiers.fr\/wp-content\/uploads\/2013\/12\/P1020055.jpg\" rel=\"lightbox[127]\"><img loading=\"lazy\" decoding=\"async\" class=\"alignnone size-medium wp-image-157\" src=\"https:\/\/guitares-et-luthiers.fr\/wp-content\/uploads\/2013\/12\/P1020055-300x225.jpg\" alt=\"mod\u00e8le Bouchet\" width=\"300\" height=\"225\" srcset=\"https:\/\/guitares-et-luthiers.fr\/wp-content\/uploads\/2013\/12\/P1020055-300x225.jpg 300w, https:\/\/guitares-et-luthiers.fr\/wp-content\/uploads\/2013\/12\/P1020055-1024x768.jpg 1024w\" sizes=\"auto, (max-width: 300px) 100vw, 300px\" \/><\/a> <a href=\"https:\/\/guitares-et-luthiers.fr\/wp-content\/uploads\/2013\/12\/DSCF1893.jpg\" rel=\"lightbox[127]\"><img loading=\"lazy\" decoding=\"async\" class=\"alignnone size-medium wp-image-156\" src=\"https:\/\/guitares-et-luthiers.fr\/wp-content\/uploads\/2013\/12\/DSCF1893-300x225.jpg\" alt=\"mod\u00e8le Bouchet\" width=\"300\" height=\"225\" srcset=\"https:\/\/guitares-et-luthiers.fr\/wp-content\/uploads\/2013\/12\/DSCF1893-300x225.jpg 300w, https:\/\/guitares-et-luthiers.fr\/wp-content\/uploads\/2013\/12\/DSCF1893-1024x768.jpg 1024w\" sizes=\"auto, (max-width: 300px) 100vw, 300px\" \/><\/a><\/p>\n","protected":false},"excerpt":{"rendered":"<p>Mod\u00e8le Bouchet,\u00a0 que j\u2019ai fabriqu\u00e9 selon les cotes et le barrage de Robert Bouchet, avec l&rsquo;aide pr\u00e9cieuse de Guy D\u00e9s\u00e9glise, qui m&rsquo;a g\u00e9n\u00e9reusement accord\u00e9 de son temps, et avec la gentillesse de Jacqueline qui m&rsquo;a toujours accueilli \u00a0avec un grand sourire dans leur charmante auberge espagnole Table en \u00e9pic\u00e9a ,\u00a0dos et \u00e9clisses en palissandre des &hellip; <\/p>\n<p class=\"link-more\"><a href=\"https:\/\/guitares-et-luthiers.fr\/?page_id=127\" class=\"more-link\">Continuer la lecture<span class=\"screen-reader-text\"> de &laquo;&nbsp;mod\u00e8le Bouchet&nbsp;&raquo;<\/span><\/a><\/p>\n","protected":false},"author":2,"featured_media":0,"parent":0,"menu_order":0,"comment_status":"open","ping_status":"open","template":"","meta":{"footnotes":""},"class_list":["post-127","page","type-page","status-publish","hentry"],"_links":{"self":[{"href":"https:\/\/guitares-et-luthiers.fr\/index.php?rest_route=\/wp\/v2\/pages\/127","targetHints":{"allow":["GET"]}}],"collection":[{"href":"https:\/\/guitares-et-luthiers.fr\/index.php?rest_route=\/wp\/v2\/pages"}],"about":[{"href":"https:\/\/guitares-et-luthiers.fr\/index.php?rest_route=\/wp\/v2\/types\/page"}],"author":[{"embeddable":true,"href":"https:\/\/guitares-et-luthiers.fr\/index.php?rest_route=\/wp\/v2\/users\/2"}],"replies":[{"embeddable":true,"href":"https:\/\/guitares-et-luthiers.fr\/index.php?rest_route=%2Fwp%2Fv2%2Fcomments&post=127"}],"version-history":[{"count":13,"href":"https:\/\/guitares-et-luthiers.fr\/index.php?rest_route=\/wp\/v2\/pages\/127\/revisions"}],"predecessor-version":[{"id":1709,"href":"https:\/\/guitares-et-luthiers.fr\/index.php?rest_route=\/wp\/v2\/pages\/127\/revisions\/1709"}],"wp:attachment":[{"href":"https:\/\/guitares-et-luthiers.fr\/index.php?rest_route=%2Fwp%2Fv2%2Fmedia&parent=127"}],"curies":[{"name":"wp","href":"https:\/\/api.w.org\/{rel}","templated":true}]}}