{"id":1271,"date":"2018-02-18T11:08:36","date_gmt":"2018-02-18T10:08:36","guid":{"rendered":"http:\/\/guitares-et-luthiers.fr\/?page_id=1271"},"modified":"2018-02-18T11:08:36","modified_gmt":"2018-02-18T10:08:36","slug":"lebreton-2017-n161-double-table","status":"publish","type":"page","link":"https:\/\/guitares-et-luthiers.fr\/?page_id=1271","title":{"rendered":"Lebreton 2017 n\u00b0161 double-table"},"content":{"rendered":"<p>Luthier : Jean-No\u00ebl Lebreton<\/p>\n<p>Mod\u00e8le : n\u00b0 161<\/p>\n<p>Ann\u00e9e : 2017<\/p>\n<p>Bois : double-table en red cedar-nomex-red cedar, table plongeante pour acc\u00e8s facilit\u00e9 aux aigu\u00ebs, table concave derri\u00e8re le chevalet, fond, \u00e9clisses et chevalet en palissandre de Santos,manche en cedro du Honduras, renfort de manche, touche en \u00e9b\u00e8ne, repose-bras en padouk,chevalet \u00e0 12 trous ailes all\u00e9g\u00e9es, sillets en Tusq, diapason 650, m\u00e9caniques Gotho avec roller , avec \u00e9tui.<\/p>\n<address>Un tr\u00e8s bel instrument au service de la musicalit\u00e9. Voil\u00e0 ma quatri\u00e8me guitare de Jean-No\u00ebl Lebreton : \u00e0 nouveau un superbe travail et une r\u00e9ussite en terme de son. Beaucoup de profondeur, du corps, un \u00e9quilibre parfait entre basses et aigu\u00ebs, une pr\u00e9sence \u00e9vidente qui s&rsquo;installe d&rsquo;entr\u00e9e de jeu. Le repose-bras en padouk participe grandement au confort de jeu. Un m\u00e9lange harmonieux d&rsquo;\u00e9l\u00e9ments novateurs \u00a0( repose-bras, double-table, nomex, chevalet affin\u00e9, table plongeante, concave derri\u00e8re le chevalet \u00a0etc) et d&rsquo;autres plus traditionnels. Les m\u00e9caniques sont extr\u00eamement pr\u00e9cises. Esth\u00e9tiquement parlant l\u00e0 aussi la qualit\u00e9 est au rendez-vous. La forme, la couleur de la table, sont des \u00e9l\u00e9ments qui augmentent d&rsquo;autant le plaisir de jouer. Les formes sont harmonieuses. Les bois sont magnifiques. \u00a0Le sillet compens\u00e9 joue sans nul doute sur la justesse sur l&rsquo;ensemble du manche et sur l&rsquo;homog\u00e9n\u00e9it\u00e9 des cordes. Il s&rsquo;agit l\u00e0 encore d&rsquo;une belle r\u00e9ussite.<\/address>\n<address>Liens \u00a0 \u00a0www.guitareslebreton.com \u00a0<\/address>\n<address><a href=\"https:\/\/guitares-et-luthiers.fr\/wp-content\/uploads\/2018\/02\/Lebreton-161-1.jpg\" rel=\"lightbox[1271]\"><img loading=\"lazy\" decoding=\"async\" class=\"alignnone size-medium wp-image-1253\" src=\"https:\/\/guitares-et-luthiers.fr\/wp-content\/uploads\/2018\/02\/Lebreton-161-1-181x300.jpg\" alt=\"\" width=\"181\" height=\"300\" srcset=\"https:\/\/guitares-et-luthiers.fr\/wp-content\/uploads\/2018\/02\/Lebreton-161-1-181x300.jpg 181w, https:\/\/guitares-et-luthiers.fr\/wp-content\/uploads\/2018\/02\/Lebreton-161-1-768x1275.jpg 768w, https:\/\/guitares-et-luthiers.fr\/wp-content\/uploads\/2018\/02\/Lebreton-161-1-617x1024.jpg 617w, https:\/\/guitares-et-luthiers.fr\/wp-content\/uploads\/2018\/02\/Lebreton-161-1.jpg 771w\" sizes=\"auto, (max-width: 181px) 100vw, 181px\" \/><\/a> <a href=\"https:\/\/guitares-et-luthiers.fr\/wp-content\/uploads\/2018\/02\/Lebreton-161-17.jpg\" rel=\"lightbox[1271]\"><img loading=\"lazy\" decoding=\"async\" class=\"alignnone size-medium wp-image-1269\" src=\"https:\/\/guitares-et-luthiers.fr\/wp-content\/uploads\/2018\/02\/Lebreton-161-17-128x300.jpg\" alt=\"\" width=\"128\" height=\"300\" srcset=\"https:\/\/guitares-et-luthiers.fr\/wp-content\/uploads\/2018\/02\/Lebreton-161-17-128x300.jpg 128w, https:\/\/guitares-et-luthiers.fr\/wp-content\/uploads\/2018\/02\/Lebreton-161-17.jpg 289w\" sizes=\"auto, (max-width: 128px) 100vw, 128px\" \/><\/a> <a href=\"https:\/\/guitares-et-luthiers.fr\/wp-content\/uploads\/2018\/02\/Lebreton-161-16.jpg\" rel=\"lightbox[1271]\"><img loading=\"lazy\" decoding=\"async\" class=\"alignnone size-medium wp-image-1268\" src=\"https:\/\/guitares-et-luthiers.fr\/wp-content\/uploads\/2018\/02\/Lebreton-161-16-214x300.jpg\" alt=\"\" width=\"214\" height=\"300\" srcset=\"https:\/\/guitares-et-luthiers.fr\/wp-content\/uploads\/2018\/02\/Lebreton-161-16-214x300.jpg 214w, https:\/\/guitares-et-luthiers.fr\/wp-content\/uploads\/2018\/02\/Lebreton-161-16-768x1077.jpg 768w, https:\/\/guitares-et-luthiers.fr\/wp-content\/uploads\/2018\/02\/Lebreton-161-16-730x1024.jpg 730w, https:\/\/guitares-et-luthiers.fr\/wp-content\/uploads\/2018\/02\/Lebreton-161-16.jpg 913w\" sizes=\"auto, (max-width: 214px) 100vw, 214px\" \/><\/a> <a href=\"https:\/\/guitares-et-luthiers.fr\/wp-content\/uploads\/2018\/02\/Lebreton-161-15.jpg\" rel=\"lightbox[1271]\"><img loading=\"lazy\" decoding=\"async\" class=\"alignnone size-medium wp-image-1267\" src=\"https:\/\/guitares-et-luthiers.fr\/wp-content\/uploads\/2018\/02\/Lebreton-161-15-173x300.jpg\" alt=\"\" width=\"173\" height=\"300\" srcset=\"https:\/\/guitares-et-luthiers.fr\/wp-content\/uploads\/2018\/02\/Lebreton-161-15-173x300.jpg 173w, https:\/\/guitares-et-luthiers.fr\/wp-content\/uploads\/2018\/02\/Lebreton-161-15-590x1024.jpg 590w, https:\/\/guitares-et-luthiers.fr\/wp-content\/uploads\/2018\/02\/Lebreton-161-15.jpg 738w\" sizes=\"auto, (max-width: 173px) 100vw, 173px\" \/><\/a> <a href=\"https:\/\/guitares-et-luthiers.fr\/wp-content\/uploads\/2018\/02\/Lebreton-161-14.jpg\" rel=\"lightbox[1271]\"><img loading=\"lazy\" decoding=\"async\" class=\"alignnone size-medium wp-image-1266\" src=\"https:\/\/guitares-et-luthiers.fr\/wp-content\/uploads\/2018\/02\/Lebreton-161-14-279x300.jpg\" alt=\"\" width=\"279\" height=\"300\" srcset=\"https:\/\/guitares-et-luthiers.fr\/wp-content\/uploads\/2018\/02\/Lebreton-161-14-279x300.jpg 279w, https:\/\/guitares-et-luthiers.fr\/wp-content\/uploads\/2018\/02\/Lebreton-161-14-768x825.jpg 768w, https:\/\/guitares-et-luthiers.fr\/wp-content\/uploads\/2018\/02\/Lebreton-161-14-954x1024.jpg 954w, https:\/\/guitares-et-luthiers.fr\/wp-content\/uploads\/2018\/02\/Lebreton-161-14.jpg 1192w\" sizes=\"auto, (max-width: 279px) 100vw, 279px\" \/><\/a> <a href=\"https:\/\/guitares-et-luthiers.fr\/wp-content\/uploads\/2018\/02\/Lebreton-161-13.jpg\" rel=\"lightbox[1271]\"><img loading=\"lazy\" decoding=\"async\" class=\"alignnone size-medium wp-image-1265\" src=\"https:\/\/guitares-et-luthiers.fr\/wp-content\/uploads\/2018\/02\/Lebreton-161-13-141x300.jpg\" alt=\"\" width=\"141\" height=\"300\" srcset=\"https:\/\/guitares-et-luthiers.fr\/wp-content\/uploads\/2018\/02\/Lebreton-161-13-141x300.jpg 141w, https:\/\/guitares-et-luthiers.fr\/wp-content\/uploads\/2018\/02\/Lebreton-161-13.jpg 304w\" sizes=\"auto, (max-width: 141px) 100vw, 141px\" \/><\/a> <a href=\"https:\/\/guitares-et-luthiers.fr\/wp-content\/uploads\/2018\/02\/Lebreton-161-12.jpg\" rel=\"lightbox[1271]\"><img loading=\"lazy\" decoding=\"async\" class=\"alignnone size-medium wp-image-1264\" src=\"https:\/\/guitares-et-luthiers.fr\/wp-content\/uploads\/2018\/02\/Lebreton-161-12-174x300.jpg\" alt=\"\" width=\"174\" height=\"300\" srcset=\"https:\/\/guitares-et-luthiers.fr\/wp-content\/uploads\/2018\/02\/Lebreton-161-12-174x300.jpg 174w, https:\/\/guitares-et-luthiers.fr\/wp-content\/uploads\/2018\/02\/Lebreton-161-12-595x1024.jpg 595w, https:\/\/guitares-et-luthiers.fr\/wp-content\/uploads\/2018\/02\/Lebreton-161-12.jpg 744w\" sizes=\"auto, (max-width: 174px) 100vw, 174px\" \/><\/a> <a href=\"https:\/\/guitares-et-luthiers.fr\/wp-content\/uploads\/2018\/02\/Lebreton-161-11.jpg\" rel=\"lightbox[1271]\"><img loading=\"lazy\" decoding=\"async\" class=\"alignnone size-medium wp-image-1263\" src=\"https:\/\/guitares-et-luthiers.fr\/wp-content\/uploads\/2018\/02\/Lebreton-161-11-214x300.jpg\" alt=\"\" width=\"214\" height=\"300\" srcset=\"https:\/\/guitares-et-luthiers.fr\/wp-content\/uploads\/2018\/02\/Lebreton-161-11-214x300.jpg 214w, https:\/\/guitares-et-luthiers.fr\/wp-content\/uploads\/2018\/02\/Lebreton-161-11-768x1078.jpg 768w, https:\/\/guitares-et-luthiers.fr\/wp-content\/uploads\/2018\/02\/Lebreton-161-11-730x1024.jpg 730w, https:\/\/guitares-et-luthiers.fr\/wp-content\/uploads\/2018\/02\/Lebreton-161-11.jpg 912w\" sizes=\"auto, (max-width: 214px) 100vw, 214px\" \/><\/a> <a href=\"https:\/\/guitares-et-luthiers.fr\/wp-content\/uploads\/2018\/02\/Lebreton-161-10.jpg\" rel=\"lightbox[1271]\"><img loading=\"lazy\" decoding=\"async\" class=\"alignnone size-medium wp-image-1262\" src=\"https:\/\/guitares-et-luthiers.fr\/wp-content\/uploads\/2018\/02\/Lebreton-161-10-300x82.jpg\" alt=\"\" width=\"300\" height=\"82\" srcset=\"https:\/\/guitares-et-luthiers.fr\/wp-content\/uploads\/2018\/02\/Lebreton-161-10-300x82.jpg 300w, https:\/\/guitares-et-luthiers.fr\/wp-content\/uploads\/2018\/02\/Lebreton-161-10-768x211.jpg 768w, https:\/\/guitares-et-luthiers.fr\/wp-content\/uploads\/2018\/02\/Lebreton-161-10.jpg 844w\" sizes=\"auto, (max-width: 300px) 100vw, 300px\" \/><\/a> <a href=\"https:\/\/guitares-et-luthiers.fr\/wp-content\/uploads\/2018\/02\/Lebreton-161-9.jpg\" rel=\"lightbox[1271]\"><img loading=\"lazy\" decoding=\"async\" class=\"alignnone size-medium wp-image-1261\" src=\"https:\/\/guitares-et-luthiers.fr\/wp-content\/uploads\/2018\/02\/Lebreton-161-9-175x300.jpg\" alt=\"\" width=\"175\" height=\"300\" srcset=\"https:\/\/guitares-et-luthiers.fr\/wp-content\/uploads\/2018\/02\/Lebreton-161-9-175x300.jpg 175w, https:\/\/guitares-et-luthiers.fr\/wp-content\/uploads\/2018\/02\/Lebreton-161-9-597x1024.jpg 597w, https:\/\/guitares-et-luthiers.fr\/wp-content\/uploads\/2018\/02\/Lebreton-161-9.jpg 746w\" sizes=\"auto, (max-width: 175px) 100vw, 175px\" \/><\/a> <a href=\"https:\/\/guitares-et-luthiers.fr\/wp-content\/uploads\/2018\/02\/Lebreton-161-8.jpg\" rel=\"lightbox[1271]\"><img loading=\"lazy\" decoding=\"async\" class=\"alignnone size-medium wp-image-1260\" src=\"https:\/\/guitares-et-luthiers.fr\/wp-content\/uploads\/2018\/02\/Lebreton-161-8-215x300.jpg\" alt=\"\" width=\"215\" height=\"300\" srcset=\"https:\/\/guitares-et-luthiers.fr\/wp-content\/uploads\/2018\/02\/Lebreton-161-8-215x300.jpg 215w, https:\/\/guitares-et-luthiers.fr\/wp-content\/uploads\/2018\/02\/Lebreton-161-8-768x1070.jpg 768w, https:\/\/guitares-et-luthiers.fr\/wp-content\/uploads\/2018\/02\/Lebreton-161-8-735x1024.jpg 735w, https:\/\/guitares-et-luthiers.fr\/wp-content\/uploads\/2018\/02\/Lebreton-161-8.jpg 919w\" sizes=\"auto, (max-width: 215px) 100vw, 215px\" \/><\/a> <a href=\"https:\/\/guitares-et-luthiers.fr\/wp-content\/uploads\/2018\/02\/Lebreton-161-7.jpg\" rel=\"lightbox[1271]\"><img loading=\"lazy\" decoding=\"async\" class=\"alignnone size-medium wp-image-1259\" src=\"https:\/\/guitares-et-luthiers.fr\/wp-content\/uploads\/2018\/02\/Lebreton-161-7-119x300.jpg\" alt=\"\" width=\"119\" height=\"300\" srcset=\"https:\/\/guitares-et-luthiers.fr\/wp-content\/uploads\/2018\/02\/Lebreton-161-7-119x300.jpg 119w, https:\/\/guitares-et-luthiers.fr\/wp-content\/uploads\/2018\/02\/Lebreton-161-7.jpg 279w\" sizes=\"auto, (max-width: 119px) 100vw, 119px\" \/><\/a> <a href=\"https:\/\/guitares-et-luthiers.fr\/wp-content\/uploads\/2018\/02\/Lebreton-161-6.jpg\" rel=\"lightbox[1271]\"><img loading=\"lazy\" decoding=\"async\" class=\"alignnone size-medium wp-image-1258\" src=\"https:\/\/guitares-et-luthiers.fr\/wp-content\/uploads\/2018\/02\/Lebreton-161-6-195x300.jpg\" alt=\"\" width=\"195\" height=\"300\" srcset=\"https:\/\/guitares-et-luthiers.fr\/wp-content\/uploads\/2018\/02\/Lebreton-161-6-195x300.jpg 195w, https:\/\/guitares-et-luthiers.fr\/wp-content\/uploads\/2018\/02\/Lebreton-161-6-768x1183.jpg 768w, https:\/\/guitares-et-luthiers.fr\/wp-content\/uploads\/2018\/02\/Lebreton-161-6-665x1024.jpg 665w, https:\/\/guitares-et-luthiers.fr\/wp-content\/uploads\/2018\/02\/Lebreton-161-6.jpg 831w\" sizes=\"auto, (max-width: 195px) 100vw, 195px\" \/><\/a> <a href=\"https:\/\/guitares-et-luthiers.fr\/wp-content\/uploads\/2018\/02\/Lebreton-161-5.jpg\" rel=\"lightbox[1271]\"><img loading=\"lazy\" decoding=\"async\" class=\"alignnone size-medium wp-image-1257\" src=\"https:\/\/guitares-et-luthiers.fr\/wp-content\/uploads\/2018\/02\/Lebreton-161-5-180x300.jpg\" alt=\"\" width=\"180\" height=\"300\" srcset=\"https:\/\/guitares-et-luthiers.fr\/wp-content\/uploads\/2018\/02\/Lebreton-161-5-180x300.jpg 180w, https:\/\/guitares-et-luthiers.fr\/wp-content\/uploads\/2018\/02\/Lebreton-161-5-614x1024.jpg 614w, https:\/\/guitares-et-luthiers.fr\/wp-content\/uploads\/2018\/02\/Lebreton-161-5.jpg 767w\" sizes=\"auto, (max-width: 180px) 100vw, 180px\" \/><\/a> <a href=\"https:\/\/guitares-et-luthiers.fr\/wp-content\/uploads\/2018\/02\/Lebreton-161-4.jpg\" rel=\"lightbox[1271]\"><img loading=\"lazy\" decoding=\"async\" class=\"alignnone size-medium wp-image-1256\" src=\"https:\/\/guitares-et-luthiers.fr\/wp-content\/uploads\/2018\/02\/Lebreton-161-4-225x300.jpg\" alt=\"\" width=\"225\" height=\"300\" srcset=\"https:\/\/guitares-et-luthiers.fr\/wp-content\/uploads\/2018\/02\/Lebreton-161-4-225x300.jpg 225w, https:\/\/guitares-et-luthiers.fr\/wp-content\/uploads\/2018\/02\/Lebreton-161-4-768x1024.jpg 768w, https:\/\/guitares-et-luthiers.fr\/wp-content\/uploads\/2018\/02\/Lebreton-161-4.jpg 960w\" sizes=\"auto, (max-width: 225px) 100vw, 225px\" \/><\/a> <a href=\"https:\/\/guitares-et-luthiers.fr\/wp-content\/uploads\/2018\/02\/Lebreton-161-3.jpg\" rel=\"lightbox[1271]\"><img loading=\"lazy\" decoding=\"async\" class=\"alignnone size-medium wp-image-1255\" src=\"https:\/\/guitares-et-luthiers.fr\/wp-content\/uploads\/2018\/02\/Lebreton-161-3-189x300.jpg\" alt=\"\" width=\"189\" height=\"300\" srcset=\"https:\/\/guitares-et-luthiers.fr\/wp-content\/uploads\/2018\/02\/Lebreton-161-3-189x300.jpg 189w, https:\/\/guitares-et-luthiers.fr\/wp-content\/uploads\/2018\/02\/Lebreton-161-3-768x1217.jpg 768w, https:\/\/guitares-et-luthiers.fr\/wp-content\/uploads\/2018\/02\/Lebreton-161-3-646x1024.jpg 646w, https:\/\/guitares-et-luthiers.fr\/wp-content\/uploads\/2018\/02\/Lebreton-161-3.jpg 808w\" sizes=\"auto, (max-width: 189px) 100vw, 189px\" \/><\/a> <a href=\"https:\/\/guitares-et-luthiers.fr\/wp-content\/uploads\/2018\/02\/Lebreton-161-2.jpg\" rel=\"lightbox[1271]\"><img loading=\"lazy\" decoding=\"async\" class=\"alignnone size-medium wp-image-1254\" src=\"https:\/\/guitares-et-luthiers.fr\/wp-content\/uploads\/2018\/02\/Lebreton-161-2-300x289.jpg\" alt=\"\" width=\"300\" height=\"289\" srcset=\"https:\/\/guitares-et-luthiers.fr\/wp-content\/uploads\/2018\/02\/Lebreton-161-2-300x289.jpg 300w, https:\/\/guitares-et-luthiers.fr\/wp-content\/uploads\/2018\/02\/Lebreton-161-2-768x739.jpg 768w, https:\/\/guitares-et-luthiers.fr\/wp-content\/uploads\/2018\/02\/Lebreton-161-2-1024x986.jpg 1024w, https:\/\/guitares-et-luthiers.fr\/wp-content\/uploads\/2018\/02\/Lebreton-161-2.jpg 1280w\" sizes=\"auto, (max-width: 300px) 100vw, 300px\" \/><\/a><\/address>\n","protected":false},"excerpt":{"rendered":"<p>Luthier : Jean-No\u00ebl Lebreton Mod\u00e8le : n\u00b0 161 Ann\u00e9e : 2017 Bois : double-table en red cedar-nomex-red cedar, table plongeante pour acc\u00e8s facilit\u00e9 aux aigu\u00ebs, table concave derri\u00e8re le chevalet, fond, \u00e9clisses et chevalet en palissandre de Santos,manche en cedro du Honduras, renfort de manche, touche en \u00e9b\u00e8ne, repose-bras en padouk,chevalet \u00e0 12 trous ailes &hellip; <\/p>\n<p class=\"link-more\"><a href=\"https:\/\/guitares-et-luthiers.fr\/?page_id=1271\" class=\"more-link\">Continuer la lecture<span class=\"screen-reader-text\"> de &laquo;&nbsp;Lebreton 2017 n\u00b0161 double-table&nbsp;&raquo;<\/span><\/a><\/p>\n","protected":false},"author":2,"featured_media":0,"parent":0,"menu_order":0,"comment_status":"closed","ping_status":"closed","template":"","meta":{"footnotes":""},"class_list":["post-1271","page","type-page","status-publish","hentry"],"_links":{"self":[{"href":"https:\/\/guitares-et-luthiers.fr\/index.php?rest_route=\/wp\/v2\/pages\/1271","targetHints":{"allow":["GET"]}}],"collection":[{"href":"https:\/\/guitares-et-luthiers.fr\/index.php?rest_route=\/wp\/v2\/pages"}],"about":[{"href":"https:\/\/guitares-et-luthiers.fr\/index.php?rest_route=\/wp\/v2\/types\/page"}],"author":[{"embeddable":true,"href":"https:\/\/guitares-et-luthiers.fr\/index.php?rest_route=\/wp\/v2\/users\/2"}],"replies":[{"embeddable":true,"href":"https:\/\/guitares-et-luthiers.fr\/index.php?rest_route=%2Fwp%2Fv2%2Fcomments&post=1271"}],"version-history":[{"count":1,"href":"https:\/\/guitares-et-luthiers.fr\/index.php?rest_route=\/wp\/v2\/pages\/1271\/revisions"}],"predecessor-version":[{"id":1272,"href":"https:\/\/guitares-et-luthiers.fr\/index.php?rest_route=\/wp\/v2\/pages\/1271\/revisions\/1272"}],"wp:attachment":[{"href":"https:\/\/guitares-et-luthiers.fr\/index.php?rest_route=%2Fwp%2Fv2%2Fmedia&parent=1271"}],"curies":[{"name":"wp","href":"https:\/\/api.w.org\/{rel}","templated":true}]}}