{"id":1287,"date":"2018-02-26T11:22:13","date_gmt":"2018-02-26T10:22:13","guid":{"rendered":"http:\/\/guitares-et-luthiers.fr\/?page_id=1287"},"modified":"2018-02-26T11:22:13","modified_gmt":"2018-02-26T10:22:13","slug":"deseglise-12-cordes","status":"publish","type":"page","link":"https:\/\/guitares-et-luthiers.fr\/?page_id=1287","title":{"rendered":"D\u00e9s\u00e9glise 12 cordes"},"content":{"rendered":"<p>Luthier : Guy D\u00e9s\u00e9glise<\/p>\n<p>Mod\u00e8le : guitare classique 12 cordes , 6 cordes fretless.<\/p>\n<p>Table \u00e9pic\u00e9a, vernis tampon, manche renforc\u00e9, avec \u00e9tui.<\/p>\n<figure id=\"attachment_1286\" aria-describedby=\"caption-attachment-1286\" style=\"width: 300px\" class=\"wp-caption alignnone\"><a href=\"https:\/\/guitares-et-luthiers.fr\/wp-content\/uploads\/2018\/02\/P1080727.jpg\" rel=\"lightbox[1287]\"><img loading=\"lazy\" decoding=\"async\" class=\"wp-image-1286 size-medium\" src=\"https:\/\/guitares-et-luthiers.fr\/wp-content\/uploads\/2018\/02\/P1080727-300x225.jpg\" alt=\"\" width=\"300\" height=\"225\" srcset=\"https:\/\/guitares-et-luthiers.fr\/wp-content\/uploads\/2018\/02\/P1080727-300x225.jpg 300w, https:\/\/guitares-et-luthiers.fr\/wp-content\/uploads\/2018\/02\/P1080727-768x576.jpg 768w, https:\/\/guitares-et-luthiers.fr\/wp-content\/uploads\/2018\/02\/P1080727-1024x768.jpg 1024w, https:\/\/guitares-et-luthiers.fr\/wp-content\/uploads\/2018\/02\/P1080727.jpg 1280w\" sizes=\"auto, (max-width: 300px) 100vw, 300px\" \/><\/a><figcaption id=\"caption-attachment-1286\" class=\"wp-caption-text\">D\u00e9s\u00e9glise 12 cordes<\/figcaption><\/figure>\n<p><a href=\"https:\/\/guitares-et-luthiers.fr\/wp-content\/uploads\/2018\/02\/P1080740.jpg\" rel=\"lightbox[1287]\"><img loading=\"lazy\" decoding=\"async\" class=\"alignnone size-medium wp-image-1285\" src=\"https:\/\/guitares-et-luthiers.fr\/wp-content\/uploads\/2018\/02\/P1080740-300x225.jpg\" alt=\"\" width=\"300\" height=\"225\" srcset=\"https:\/\/guitares-et-luthiers.fr\/wp-content\/uploads\/2018\/02\/P1080740-300x225.jpg 300w, https:\/\/guitares-et-luthiers.fr\/wp-content\/uploads\/2018\/02\/P1080740-768x576.jpg 768w, https:\/\/guitares-et-luthiers.fr\/wp-content\/uploads\/2018\/02\/P1080740-1024x768.jpg 1024w, https:\/\/guitares-et-luthiers.fr\/wp-content\/uploads\/2018\/02\/P1080740.jpg 1280w\" sizes=\"auto, (max-width: 300px) 100vw, 300px\" \/><\/a> <a href=\"https:\/\/guitares-et-luthiers.fr\/wp-content\/uploads\/2018\/02\/P1080732.jpg\" rel=\"lightbox[1287]\"><img loading=\"lazy\" decoding=\"async\" class=\"alignnone size-medium wp-image-1284\" src=\"https:\/\/guitares-et-luthiers.fr\/wp-content\/uploads\/2018\/02\/P1080732-300x225.jpg\" alt=\"\" width=\"300\" height=\"225\" srcset=\"https:\/\/guitares-et-luthiers.fr\/wp-content\/uploads\/2018\/02\/P1080732-300x225.jpg 300w, https:\/\/guitares-et-luthiers.fr\/wp-content\/uploads\/2018\/02\/P1080732-768x576.jpg 768w, https:\/\/guitares-et-luthiers.fr\/wp-content\/uploads\/2018\/02\/P1080732-1024x768.jpg 1024w, https:\/\/guitares-et-luthiers.fr\/wp-content\/uploads\/2018\/02\/P1080732.jpg 1280w\" sizes=\"auto, (max-width: 300px) 100vw, 300px\" \/><\/a> <a href=\"https:\/\/guitares-et-luthiers.fr\/wp-content\/uploads\/2018\/02\/P1080752.jpg\" rel=\"lightbox[1287]\"><img loading=\"lazy\" decoding=\"async\" class=\"alignnone size-medium wp-image-1283\" src=\"https:\/\/guitares-et-luthiers.fr\/wp-content\/uploads\/2018\/02\/P1080752-300x225.jpg\" alt=\"\" width=\"300\" height=\"225\" srcset=\"https:\/\/guitares-et-luthiers.fr\/wp-content\/uploads\/2018\/02\/P1080752-300x225.jpg 300w, https:\/\/guitares-et-luthiers.fr\/wp-content\/uploads\/2018\/02\/P1080752-768x576.jpg 768w, https:\/\/guitares-et-luthiers.fr\/wp-content\/uploads\/2018\/02\/P1080752-1024x768.jpg 1024w, https:\/\/guitares-et-luthiers.fr\/wp-content\/uploads\/2018\/02\/P1080752.jpg 1280w\" sizes=\"auto, (max-width: 300px) 100vw, 300px\" \/><\/a> <a href=\"https:\/\/guitares-et-luthiers.fr\/wp-content\/uploads\/2018\/02\/P1080742.jpg\" rel=\"lightbox[1287]\"><img loading=\"lazy\" decoding=\"async\" class=\"alignnone size-medium wp-image-1282\" src=\"https:\/\/guitares-et-luthiers.fr\/wp-content\/uploads\/2018\/02\/P1080742-300x225.jpg\" alt=\"\" width=\"300\" height=\"225\" srcset=\"https:\/\/guitares-et-luthiers.fr\/wp-content\/uploads\/2018\/02\/P1080742-300x225.jpg 300w, https:\/\/guitares-et-luthiers.fr\/wp-content\/uploads\/2018\/02\/P1080742-768x576.jpg 768w, https:\/\/guitares-et-luthiers.fr\/wp-content\/uploads\/2018\/02\/P1080742-1024x768.jpg 1024w, https:\/\/guitares-et-luthiers.fr\/wp-content\/uploads\/2018\/02\/P1080742.jpg 1280w\" sizes=\"auto, (max-width: 300px) 100vw, 300px\" \/><\/a> <a href=\"https:\/\/guitares-et-luthiers.fr\/wp-content\/uploads\/2018\/02\/P1080723.jpg\" rel=\"lightbox[1287]\"><img loading=\"lazy\" decoding=\"async\" class=\"alignnone size-medium wp-image-1281\" src=\"https:\/\/guitares-et-luthiers.fr\/wp-content\/uploads\/2018\/02\/P1080723-300x225.jpg\" alt=\"\" width=\"300\" height=\"225\" srcset=\"https:\/\/guitares-et-luthiers.fr\/wp-content\/uploads\/2018\/02\/P1080723-300x225.jpg 300w, https:\/\/guitares-et-luthiers.fr\/wp-content\/uploads\/2018\/02\/P1080723-768x576.jpg 768w, https:\/\/guitares-et-luthiers.fr\/wp-content\/uploads\/2018\/02\/P1080723-1024x768.jpg 1024w, https:\/\/guitares-et-luthiers.fr\/wp-content\/uploads\/2018\/02\/P1080723.jpg 1280w\" sizes=\"auto, (max-width: 300px) 100vw, 300px\" \/><\/a> <a href=\"https:\/\/guitares-et-luthiers.fr\/wp-content\/uploads\/2018\/02\/P1080721.jpg\" rel=\"lightbox[1287]\"><img loading=\"lazy\" decoding=\"async\" class=\"alignnone size-medium wp-image-1280\" src=\"https:\/\/guitares-et-luthiers.fr\/wp-content\/uploads\/2018\/02\/P1080721-300x225.jpg\" alt=\"\" width=\"300\" height=\"225\" srcset=\"https:\/\/guitares-et-luthiers.fr\/wp-content\/uploads\/2018\/02\/P1080721-300x225.jpg 300w, https:\/\/guitares-et-luthiers.fr\/wp-content\/uploads\/2018\/02\/P1080721-768x576.jpg 768w, https:\/\/guitares-et-luthiers.fr\/wp-content\/uploads\/2018\/02\/P1080721-1024x768.jpg 1024w, https:\/\/guitares-et-luthiers.fr\/wp-content\/uploads\/2018\/02\/P1080721.jpg 1280w\" sizes=\"auto, (max-width: 300px) 100vw, 300px\" \/><\/a> <a href=\"https:\/\/guitares-et-luthiers.fr\/wp-content\/uploads\/2018\/02\/P1080714.jpg\" rel=\"lightbox[1287]\"><img loading=\"lazy\" decoding=\"async\" class=\"alignnone size-medium wp-image-1279\" src=\"https:\/\/guitares-et-luthiers.fr\/wp-content\/uploads\/2018\/02\/P1080714-300x225.jpg\" alt=\"\" width=\"300\" height=\"225\" srcset=\"https:\/\/guitares-et-luthiers.fr\/wp-content\/uploads\/2018\/02\/P1080714-300x225.jpg 300w, https:\/\/guitares-et-luthiers.fr\/wp-content\/uploads\/2018\/02\/P1080714-768x576.jpg 768w, https:\/\/guitares-et-luthiers.fr\/wp-content\/uploads\/2018\/02\/P1080714-1024x768.jpg 1024w, https:\/\/guitares-et-luthiers.fr\/wp-content\/uploads\/2018\/02\/P1080714.jpg 1280w\" sizes=\"auto, (max-width: 300px) 100vw, 300px\" \/><\/a><\/p>\n<figure id=\"attachment_1278\" aria-describedby=\"caption-attachment-1278\" style=\"width: 225px\" class=\"wp-caption alignnone\"><a href=\"https:\/\/guitares-et-luthiers.fr\/wp-content\/uploads\/2018\/02\/P1080712_2.jpg\" rel=\"lightbox[1287]\"><img loading=\"lazy\" decoding=\"async\" class=\"size-medium wp-image-1278\" src=\"https:\/\/guitares-et-luthiers.fr\/wp-content\/uploads\/2018\/02\/P1080712_2-225x300.jpg\" alt=\"\" width=\"225\" height=\"300\" srcset=\"https:\/\/guitares-et-luthiers.fr\/wp-content\/uploads\/2018\/02\/P1080712_2-225x300.jpg 225w, https:\/\/guitares-et-luthiers.fr\/wp-content\/uploads\/2018\/02\/P1080712_2-768x1024.jpg 768w, https:\/\/guitares-et-luthiers.fr\/wp-content\/uploads\/2018\/02\/P1080712_2.jpg 960w\" sizes=\"auto, (max-width: 225px) 100vw, 225px\" \/><\/a><figcaption id=\"caption-attachment-1278\" class=\"wp-caption-text\">D\u00e9s\u00e9glise 12 cordes<\/figcaption><\/figure>\n","protected":false},"excerpt":{"rendered":"<p>Luthier : Guy D\u00e9s\u00e9glise Mod\u00e8le : guitare classique 12 cordes , 6 cordes fretless. Table \u00e9pic\u00e9a, vernis tampon, manche renforc\u00e9, avec \u00e9tui.<\/p>\n","protected":false},"author":2,"featured_media":0,"parent":0,"menu_order":0,"comment_status":"closed","ping_status":"closed","template":"","meta":{"footnotes":""},"class_list":["post-1287","page","type-page","status-publish","hentry"],"_links":{"self":[{"href":"https:\/\/guitares-et-luthiers.fr\/index.php?rest_route=\/wp\/v2\/pages\/1287","targetHints":{"allow":["GET"]}}],"collection":[{"href":"https:\/\/guitares-et-luthiers.fr\/index.php?rest_route=\/wp\/v2\/pages"}],"about":[{"href":"https:\/\/guitares-et-luthiers.fr\/index.php?rest_route=\/wp\/v2\/types\/page"}],"author":[{"embeddable":true,"href":"https:\/\/guitares-et-luthiers.fr\/index.php?rest_route=\/wp\/v2\/users\/2"}],"replies":[{"embeddable":true,"href":"https:\/\/guitares-et-luthiers.fr\/index.php?rest_route=%2Fwp%2Fv2%2Fcomments&post=1287"}],"version-history":[{"count":1,"href":"https:\/\/guitares-et-luthiers.fr\/index.php?rest_route=\/wp\/v2\/pages\/1287\/revisions"}],"predecessor-version":[{"id":1288,"href":"https:\/\/guitares-et-luthiers.fr\/index.php?rest_route=\/wp\/v2\/pages\/1287\/revisions\/1288"}],"wp:attachment":[{"href":"https:\/\/guitares-et-luthiers.fr\/index.php?rest_route=%2Fwp%2Fv2%2Fmedia&parent=1287"}],"curies":[{"name":"wp","href":"https:\/\/api.w.org\/{rel}","templated":true}]}}