{"id":129,"date":"2013-12-29T12:03:22","date_gmt":"2013-12-29T11:03:22","guid":{"rendered":"http:\/\/guitares-et-luthiers.fr\/?page_id=129"},"modified":"2014-01-04T21:07:26","modified_gmt":"2014-01-04T20:07:26","slug":"modele-audirac-2","status":"publish","type":"page","link":"https:\/\/guitares-et-luthiers.fr\/?page_id=129","title":{"rendered":"mod\u00e8le Audirac"},"content":{"rendered":"<p>Guitare mod\u00e8le Audirac<\/p>\n<p>instruments que j\u2019ai fabriqu\u00e9 avec l\u2019aide de G\u00e9rard Audirac<\/p>\n<p>Table en \u00e9pic\u00e9a, dos et \u00e9clisses en palissandre des Indes, touche \u00e9b\u00e9ne, sillets en os, chevalet en palissandre, diapason 650 mm.<\/p>\n<p><a href=\"https:\/\/guitares-et-luthiers.fr\/wp-content\/uploads\/2014\/01\/P1010015.jpg\" rel=\"lightbox[129]\"><img loading=\"lazy\" decoding=\"async\" class=\"alignnone size-medium wp-image-278\" alt=\"mod\u00e8les Audirac\" src=\"https:\/\/guitares-et-luthiers.fr\/wp-content\/uploads\/2014\/01\/P1010015-300x224.jpg\" width=\"300\" height=\"224\" srcset=\"https:\/\/guitares-et-luthiers.fr\/wp-content\/uploads\/2014\/01\/P1010015-300x224.jpg 300w, https:\/\/guitares-et-luthiers.fr\/wp-content\/uploads\/2014\/01\/P1010015.jpg 1000w\" sizes=\"auto, (max-width: 300px) 100vw, 300px\" \/><\/a> <a href=\"https:\/\/guitares-et-luthiers.fr\/wp-content\/uploads\/2014\/01\/P1070819.jpg\" rel=\"lightbox[129]\"><img loading=\"lazy\" decoding=\"async\" class=\"alignnone size-medium wp-image-277\" alt=\"mod\u00e8les Audirac\" src=\"https:\/\/guitares-et-luthiers.fr\/wp-content\/uploads\/2014\/01\/P1070819-300x225.jpg\" width=\"300\" height=\"225\" srcset=\"https:\/\/guitares-et-luthiers.fr\/wp-content\/uploads\/2014\/01\/P1070819-300x225.jpg 300w, https:\/\/guitares-et-luthiers.fr\/wp-content\/uploads\/2014\/01\/P1070819-1024x768.jpg 1024w\" sizes=\"auto, (max-width: 300px) 100vw, 300px\" \/><\/a> <a href=\"https:\/\/guitares-et-luthiers.fr\/wp-content\/uploads\/2014\/01\/P1070820.jpg\" rel=\"lightbox[129]\"><img loading=\"lazy\" decoding=\"async\" class=\"alignnone size-medium wp-image-276\" alt=\"mod\u00e8les Audirac\" src=\"https:\/\/guitares-et-luthiers.fr\/wp-content\/uploads\/2014\/01\/P1070820-300x225.jpg\" width=\"300\" height=\"225\" srcset=\"https:\/\/guitares-et-luthiers.fr\/wp-content\/uploads\/2014\/01\/P1070820-300x225.jpg 300w, https:\/\/guitares-et-luthiers.fr\/wp-content\/uploads\/2014\/01\/P1070820-1024x768.jpg 1024w\" sizes=\"auto, (max-width: 300px) 100vw, 300px\" \/><\/a> <a href=\"https:\/\/guitares-et-luthiers.fr\/wp-content\/uploads\/2014\/01\/P1070816.jpg\" rel=\"lightbox[129]\"><img loading=\"lazy\" decoding=\"async\" class=\"alignnone size-medium wp-image-275\" alt=\"mod\u00e8les Audirac\" src=\"https:\/\/guitares-et-luthiers.fr\/wp-content\/uploads\/2014\/01\/P1070816-300x225.jpg\" width=\"300\" height=\"225\" srcset=\"https:\/\/guitares-et-luthiers.fr\/wp-content\/uploads\/2014\/01\/P1070816-300x225.jpg 300w, https:\/\/guitares-et-luthiers.fr\/wp-content\/uploads\/2014\/01\/P1070816-1024x768.jpg 1024w\" sizes=\"auto, (max-width: 300px) 100vw, 300px\" \/><\/a> <a href=\"https:\/\/guitares-et-luthiers.fr\/wp-content\/uploads\/2014\/01\/P1070811.jpg\" rel=\"lightbox[129]\"><img loading=\"lazy\" decoding=\"async\" class=\"alignnone size-medium wp-image-274\" alt=\"mod\u00e8les Audirac\" src=\"https:\/\/guitares-et-luthiers.fr\/wp-content\/uploads\/2014\/01\/P1070811-300x225.jpg\" width=\"300\" height=\"225\" srcset=\"https:\/\/guitares-et-luthiers.fr\/wp-content\/uploads\/2014\/01\/P1070811-300x225.jpg 300w, https:\/\/guitares-et-luthiers.fr\/wp-content\/uploads\/2014\/01\/P1070811-1024x768.jpg 1024w\" sizes=\"auto, (max-width: 300px) 100vw, 300px\" \/><\/a> <a href=\"https:\/\/guitares-et-luthiers.fr\/wp-content\/uploads\/2014\/01\/P1070810.jpg\" rel=\"lightbox[129]\"><img loading=\"lazy\" decoding=\"async\" class=\"alignnone size-medium wp-image-273\" alt=\"mod\u00e8les Audirac\" src=\"https:\/\/guitares-et-luthiers.fr\/wp-content\/uploads\/2014\/01\/P1070810-300x225.jpg\" width=\"300\" height=\"225\" srcset=\"https:\/\/guitares-et-luthiers.fr\/wp-content\/uploads\/2014\/01\/P1070810-300x225.jpg 300w, https:\/\/guitares-et-luthiers.fr\/wp-content\/uploads\/2014\/01\/P1070810-1024x768.jpg 1024w\" sizes=\"auto, (max-width: 300px) 100vw, 300px\" \/><\/a> <a href=\"https:\/\/guitares-et-luthiers.fr\/wp-content\/uploads\/2014\/01\/P1070809.jpg\" rel=\"lightbox[129]\"><img loading=\"lazy\" decoding=\"async\" class=\"alignnone size-medium wp-image-272\" alt=\"mod\u00e8les Audirac\" src=\"https:\/\/guitares-et-luthiers.fr\/wp-content\/uploads\/2014\/01\/P1070809-300x225.jpg\" width=\"300\" height=\"225\" srcset=\"https:\/\/guitares-et-luthiers.fr\/wp-content\/uploads\/2014\/01\/P1070809-300x225.jpg 300w, https:\/\/guitares-et-luthiers.fr\/wp-content\/uploads\/2014\/01\/P1070809-1024x768.jpg 1024w\" sizes=\"auto, (max-width: 300px) 100vw, 300px\" \/><\/a> <a href=\"https:\/\/guitares-et-luthiers.fr\/wp-content\/uploads\/2014\/01\/P1070806.jpg\" rel=\"lightbox[129]\"><img loading=\"lazy\" decoding=\"async\" class=\"alignnone size-medium wp-image-271\" alt=\"mod\u00e8les Audirac\" src=\"https:\/\/guitares-et-luthiers.fr\/wp-content\/uploads\/2014\/01\/P1070806-300x225.jpg\" width=\"300\" height=\"225\" srcset=\"https:\/\/guitares-et-luthiers.fr\/wp-content\/uploads\/2014\/01\/P1070806-300x225.jpg 300w, https:\/\/guitares-et-luthiers.fr\/wp-content\/uploads\/2014\/01\/P1070806-1024x768.jpg 1024w\" sizes=\"auto, (max-width: 300px) 100vw, 300px\" \/><\/a> <a href=\"https:\/\/guitares-et-luthiers.fr\/wp-content\/uploads\/2014\/01\/P1070805.jpg\" rel=\"lightbox[129]\"><img loading=\"lazy\" decoding=\"async\" class=\"alignnone size-medium wp-image-270\" alt=\"mod\u00e8les Audirac\" src=\"https:\/\/guitares-et-luthiers.fr\/wp-content\/uploads\/2014\/01\/P1070805-300x225.jpg\" width=\"300\" height=\"225\" srcset=\"https:\/\/guitares-et-luthiers.fr\/wp-content\/uploads\/2014\/01\/P1070805-300x225.jpg 300w, https:\/\/guitares-et-luthiers.fr\/wp-content\/uploads\/2014\/01\/P1070805-1024x768.jpg 1024w\" sizes=\"auto, (max-width: 300px) 100vw, 300px\" \/><\/a> <a href=\"https:\/\/guitares-et-luthiers.fr\/wp-content\/uploads\/2014\/01\/P1070795.jpg\" rel=\"lightbox[129]\"><img loading=\"lazy\" decoding=\"async\" class=\"alignnone size-medium wp-image-269\" alt=\"mod\u00e8les Audirac\" src=\"https:\/\/guitares-et-luthiers.fr\/wp-content\/uploads\/2014\/01\/P1070795-300x225.jpg\" width=\"300\" height=\"225\" srcset=\"https:\/\/guitares-et-luthiers.fr\/wp-content\/uploads\/2014\/01\/P1070795-300x225.jpg 300w, https:\/\/guitares-et-luthiers.fr\/wp-content\/uploads\/2014\/01\/P1070795-1024x768.jpg 1024w\" sizes=\"auto, (max-width: 300px) 100vw, 300px\" \/><\/a> <a href=\"https:\/\/guitares-et-luthiers.fr\/wp-content\/uploads\/2014\/01\/P1070612.jpg\" rel=\"lightbox[129]\"><img loading=\"lazy\" decoding=\"async\" class=\"alignnone size-medium wp-image-268\" alt=\"mod\u00e8les Audirac\" src=\"https:\/\/guitares-et-luthiers.fr\/wp-content\/uploads\/2014\/01\/P1070612-225x300.jpg\" width=\"225\" height=\"300\" srcset=\"https:\/\/guitares-et-luthiers.fr\/wp-content\/uploads\/2014\/01\/P1070612-225x300.jpg 225w, https:\/\/guitares-et-luthiers.fr\/wp-content\/uploads\/2014\/01\/P1070612-768x1024.jpg 768w, https:\/\/guitares-et-luthiers.fr\/wp-content\/uploads\/2014\/01\/P1070612.jpg 1728w\" sizes=\"auto, (max-width: 225px) 100vw, 225px\" \/><\/a> <a href=\"https:\/\/guitares-et-luthiers.fr\/wp-content\/uploads\/2014\/01\/P1070611.jpg\" rel=\"lightbox[129]\"><img loading=\"lazy\" decoding=\"async\" class=\"alignnone size-medium wp-image-267\" alt=\"mod\u00e8les Audirac\" src=\"https:\/\/guitares-et-luthiers.fr\/wp-content\/uploads\/2014\/01\/P1070611-225x300.jpg\" width=\"225\" height=\"300\" srcset=\"https:\/\/guitares-et-luthiers.fr\/wp-content\/uploads\/2014\/01\/P1070611-225x300.jpg 225w, https:\/\/guitares-et-luthiers.fr\/wp-content\/uploads\/2014\/01\/P1070611-768x1024.jpg 768w, https:\/\/guitares-et-luthiers.fr\/wp-content\/uploads\/2014\/01\/P1070611.jpg 1728w\" sizes=\"auto, (max-width: 225px) 100vw, 225px\" \/><\/a> <a href=\"https:\/\/guitares-et-luthiers.fr\/wp-content\/uploads\/2014\/01\/P1070538.jpg\" rel=\"lightbox[129]\"><img loading=\"lazy\" decoding=\"async\" class=\"alignnone size-medium wp-image-266\" alt=\"mod\u00e8les Audirac\" src=\"https:\/\/guitares-et-luthiers.fr\/wp-content\/uploads\/2014\/01\/P1070538-300x225.jpg\" width=\"300\" height=\"225\" srcset=\"https:\/\/guitares-et-luthiers.fr\/wp-content\/uploads\/2014\/01\/P1070538-300x225.jpg 300w, https:\/\/guitares-et-luthiers.fr\/wp-content\/uploads\/2014\/01\/P1070538-1024x768.jpg 1024w\" sizes=\"auto, (max-width: 300px) 100vw, 300px\" \/><\/a> <a href=\"https:\/\/guitares-et-luthiers.fr\/wp-content\/uploads\/2014\/01\/P1070528.jpg\" rel=\"lightbox[129]\"><img loading=\"lazy\" decoding=\"async\" class=\"alignnone size-medium wp-image-265\" alt=\"mod\u00e8les Audirac\" src=\"https:\/\/guitares-et-luthiers.fr\/wp-content\/uploads\/2014\/01\/P1070528-300x225.jpg\" width=\"300\" height=\"225\" srcset=\"https:\/\/guitares-et-luthiers.fr\/wp-content\/uploads\/2014\/01\/P1070528-300x225.jpg 300w, https:\/\/guitares-et-luthiers.fr\/wp-content\/uploads\/2014\/01\/P1070528-1024x768.jpg 1024w\" sizes=\"auto, (max-width: 300px) 100vw, 300px\" \/><\/a> <a href=\"https:\/\/guitares-et-luthiers.fr\/wp-content\/uploads\/2014\/01\/P1070523.jpg\" rel=\"lightbox[129]\"><img loading=\"lazy\" decoding=\"async\" class=\"alignnone size-medium wp-image-264\" alt=\"mod\u00e8les Audirac\" src=\"https:\/\/guitares-et-luthiers.fr\/wp-content\/uploads\/2014\/01\/P1070523-300x225.jpg\" width=\"300\" height=\"225\" srcset=\"https:\/\/guitares-et-luthiers.fr\/wp-content\/uploads\/2014\/01\/P1070523-300x225.jpg 300w, https:\/\/guitares-et-luthiers.fr\/wp-content\/uploads\/2014\/01\/P1070523-1024x768.jpg 1024w\" sizes=\"auto, (max-width: 300px) 100vw, 300px\" \/><\/a> <a href=\"https:\/\/guitares-et-luthiers.fr\/wp-content\/uploads\/2014\/01\/P1070519.jpg\" rel=\"lightbox[129]\"><img loading=\"lazy\" decoding=\"async\" class=\"alignnone size-medium wp-image-263\" alt=\"mod\u00e8les Audirac\" src=\"https:\/\/guitares-et-luthiers.fr\/wp-content\/uploads\/2014\/01\/P1070519-300x225.jpg\" width=\"300\" height=\"225\" srcset=\"https:\/\/guitares-et-luthiers.fr\/wp-content\/uploads\/2014\/01\/P1070519-300x225.jpg 300w, https:\/\/guitares-et-luthiers.fr\/wp-content\/uploads\/2014\/01\/P1070519-1024x768.jpg 1024w\" sizes=\"auto, (max-width: 300px) 100vw, 300px\" \/><\/a> <a href=\"https:\/\/guitares-et-luthiers.fr\/wp-content\/uploads\/2014\/01\/P1070517.jpg\" rel=\"lightbox[129]\"><img loading=\"lazy\" decoding=\"async\" class=\"alignnone size-medium wp-image-262\" alt=\"mod\u00e8les Audirac\" src=\"https:\/\/guitares-et-luthiers.fr\/wp-content\/uploads\/2014\/01\/P1070517-225x300.jpg\" width=\"225\" height=\"300\" srcset=\"https:\/\/guitares-et-luthiers.fr\/wp-content\/uploads\/2014\/01\/P1070517-225x300.jpg 225w, https:\/\/guitares-et-luthiers.fr\/wp-content\/uploads\/2014\/01\/P1070517-768x1024.jpg 768w, https:\/\/guitares-et-luthiers.fr\/wp-content\/uploads\/2014\/01\/P1070517.jpg 1728w\" sizes=\"auto, (max-width: 225px) 100vw, 225px\" \/><\/a> <a href=\"https:\/\/guitares-et-luthiers.fr\/wp-content\/uploads\/2014\/01\/P1010140.jpg\" rel=\"lightbox[129]\"><img loading=\"lazy\" decoding=\"async\" class=\"alignnone size-medium wp-image-261\" alt=\"mod\u00e8les Audirac\" src=\"https:\/\/guitares-et-luthiers.fr\/wp-content\/uploads\/2014\/01\/P1010140-300x225.jpg\" width=\"300\" height=\"225\" srcset=\"https:\/\/guitares-et-luthiers.fr\/wp-content\/uploads\/2014\/01\/P1010140-300x225.jpg 300w, https:\/\/guitares-et-luthiers.fr\/wp-content\/uploads\/2014\/01\/P1010140-1024x768.jpg 1024w\" sizes=\"auto, (max-width: 300px) 100vw, 300px\" \/><\/a> <a href=\"https:\/\/guitares-et-luthiers.fr\/wp-content\/uploads\/2014\/01\/P1060531-2.jpg\" rel=\"lightbox[129]\"><img loading=\"lazy\" decoding=\"async\" class=\"alignnone size-medium wp-image-260\" alt=\"mod\u00e8les Audirac\" src=\"https:\/\/guitares-et-luthiers.fr\/wp-content\/uploads\/2014\/01\/P1060531-2-300x225.jpg\" width=\"300\" height=\"225\" srcset=\"https:\/\/guitares-et-luthiers.fr\/wp-content\/uploads\/2014\/01\/P1060531-2-300x225.jpg 300w, https:\/\/guitares-et-luthiers.fr\/wp-content\/uploads\/2014\/01\/P1060531-2-1024x768.jpg 1024w, https:\/\/guitares-et-luthiers.fr\/wp-content\/uploads\/2014\/01\/P1060531-2.jpg 1600w\" sizes=\"auto, (max-width: 300px) 100vw, 300px\" \/><\/a> <a href=\"https:\/\/guitares-et-luthiers.fr\/wp-content\/uploads\/2014\/01\/P1010133.jpg\" rel=\"lightbox[129]\"><img loading=\"lazy\" decoding=\"async\" class=\"alignnone size-medium wp-image-259\" alt=\"mod\u00e8les Audirac\" src=\"https:\/\/guitares-et-luthiers.fr\/wp-content\/uploads\/2014\/01\/P1010133-300x225.jpg\" width=\"300\" height=\"225\" srcset=\"https:\/\/guitares-et-luthiers.fr\/wp-content\/uploads\/2014\/01\/P1010133-300x225.jpg 300w, https:\/\/guitares-et-luthiers.fr\/wp-content\/uploads\/2014\/01\/P1010133-1024x768.jpg 1024w\" sizes=\"auto, (max-width: 300px) 100vw, 300px\" \/><\/a> <a href=\"https:\/\/guitares-et-luthiers.fr\/wp-content\/uploads\/2014\/01\/P1060532-2.jpg\" rel=\"lightbox[129]\"><img loading=\"lazy\" decoding=\"async\" class=\"alignnone size-medium wp-image-258\" alt=\"mod\u00e8les Audirac\" src=\"https:\/\/guitares-et-luthiers.fr\/wp-content\/uploads\/2014\/01\/P1060532-2-300x225.jpg\" width=\"300\" height=\"225\" srcset=\"https:\/\/guitares-et-luthiers.fr\/wp-content\/uploads\/2014\/01\/P1060532-2-300x225.jpg 300w, https:\/\/guitares-et-luthiers.fr\/wp-content\/uploads\/2014\/01\/P1060532-2-1024x768.jpg 1024w, https:\/\/guitares-et-luthiers.fr\/wp-content\/uploads\/2014\/01\/P1060532-2.jpg 1600w\" sizes=\"auto, (max-width: 300px) 100vw, 300px\" \/><\/a> <a href=\"https:\/\/guitares-et-luthiers.fr\/wp-content\/uploads\/2014\/01\/P1060523.jpg\" rel=\"lightbox[129]\"><img loading=\"lazy\" decoding=\"async\" class=\"alignnone size-medium wp-image-257\" alt=\"mod\u00e8les Audirac\" src=\"https:\/\/guitares-et-luthiers.fr\/wp-content\/uploads\/2014\/01\/P1060523-300x225.jpg\" width=\"300\" height=\"225\" srcset=\"https:\/\/guitares-et-luthiers.fr\/wp-content\/uploads\/2014\/01\/P1060523-300x225.jpg 300w, https:\/\/guitares-et-luthiers.fr\/wp-content\/uploads\/2014\/01\/P1060523-1024x768.jpg 1024w, https:\/\/guitares-et-luthiers.fr\/wp-content\/uploads\/2014\/01\/P1060523.jpg 1600w\" sizes=\"auto, (max-width: 300px) 100vw, 300px\" \/><\/a> <a href=\"https:\/\/guitares-et-luthiers.fr\/wp-content\/uploads\/2014\/01\/P1060483.jpg\" rel=\"lightbox[129]\"><img loading=\"lazy\" decoding=\"async\" class=\"alignnone size-medium wp-image-256\" alt=\"mod\u00e8les Audirac\" src=\"https:\/\/guitares-et-luthiers.fr\/wp-content\/uploads\/2014\/01\/P1060483-300x225.jpg\" width=\"300\" height=\"225\" srcset=\"https:\/\/guitares-et-luthiers.fr\/wp-content\/uploads\/2014\/01\/P1060483-300x225.jpg 300w, https:\/\/guitares-et-luthiers.fr\/wp-content\/uploads\/2014\/01\/P1060483-1024x768.jpg 1024w\" sizes=\"auto, (max-width: 300px) 100vw, 300px\" \/><\/a> <a href=\"https:\/\/guitares-et-luthiers.fr\/wp-content\/uploads\/2014\/01\/P1060482-2.jpg\" rel=\"lightbox[129]\"><img loading=\"lazy\" decoding=\"async\" class=\"alignnone size-medium wp-image-255\" alt=\"mod\u00e8les Audirac\" src=\"https:\/\/guitares-et-luthiers.fr\/wp-content\/uploads\/2014\/01\/P1060482-2-300x225.jpg\" width=\"300\" height=\"225\" srcset=\"https:\/\/guitares-et-luthiers.fr\/wp-content\/uploads\/2014\/01\/P1060482-2-300x225.jpg 300w, https:\/\/guitares-et-luthiers.fr\/wp-content\/uploads\/2014\/01\/P1060482-2-1024x768.jpg 1024w\" sizes=\"auto, (max-width: 300px) 100vw, 300px\" \/><\/a> <a href=\"https:\/\/guitares-et-luthiers.fr\/wp-content\/uploads\/2014\/01\/P1060481-2.jpg\" rel=\"lightbox[129]\"><img loading=\"lazy\" decoding=\"async\" class=\"alignnone size-medium wp-image-254\" alt=\"mod\u00e8les Audirac\" src=\"https:\/\/guitares-et-luthiers.fr\/wp-content\/uploads\/2014\/01\/P1060481-2-300x225.jpg\" width=\"300\" height=\"225\" srcset=\"https:\/\/guitares-et-luthiers.fr\/wp-content\/uploads\/2014\/01\/P1060481-2-300x225.jpg 300w, https:\/\/guitares-et-luthiers.fr\/wp-content\/uploads\/2014\/01\/P1060481-2-1024x768.jpg 1024w\" sizes=\"auto, (max-width: 300px) 100vw, 300px\" \/><\/a> <a href=\"https:\/\/guitares-et-luthiers.fr\/wp-content\/uploads\/2014\/01\/P1060022.jpg\" rel=\"lightbox[129]\"><img loading=\"lazy\" decoding=\"async\" class=\"alignnone size-medium wp-image-253\" alt=\"mod\u00e8les Audirac\" src=\"https:\/\/guitares-et-luthiers.fr\/wp-content\/uploads\/2014\/01\/P1060022-300x225.jpg\" width=\"300\" height=\"225\" srcset=\"https:\/\/guitares-et-luthiers.fr\/wp-content\/uploads\/2014\/01\/P1060022-300x225.jpg 300w, https:\/\/guitares-et-luthiers.fr\/wp-content\/uploads\/2014\/01\/P1060022-1024x768.jpg 1024w, https:\/\/guitares-et-luthiers.fr\/wp-content\/uploads\/2014\/01\/P1060022.jpg 1600w\" sizes=\"auto, (max-width: 300px) 100vw, 300px\" \/><\/a> <a href=\"https:\/\/guitares-et-luthiers.fr\/wp-content\/uploads\/2014\/01\/DSC00589.jpg\" rel=\"lightbox[129]\"><img loading=\"lazy\" decoding=\"async\" class=\"alignnone size-medium wp-image-252\" alt=\"mod\u00e8les Audirac\" src=\"https:\/\/guitares-et-luthiers.fr\/wp-content\/uploads\/2014\/01\/DSC00589-300x225.jpg\" width=\"300\" height=\"225\" srcset=\"https:\/\/guitares-et-luthiers.fr\/wp-content\/uploads\/2014\/01\/DSC00589-300x225.jpg 300w, https:\/\/guitares-et-luthiers.fr\/wp-content\/uploads\/2014\/01\/DSC00589-1024x768.jpg 1024w\" sizes=\"auto, (max-width: 300px) 100vw, 300px\" \/><\/a><\/p>\n","protected":false},"excerpt":{"rendered":"<p>Guitare mod\u00e8le Audirac instruments que j\u2019ai fabriqu\u00e9 avec l\u2019aide de G\u00e9rard Audirac Table en \u00e9pic\u00e9a, dos et \u00e9clisses en palissandre des Indes, touche \u00e9b\u00e9ne, sillets en os, chevalet en palissandre, diapason 650 mm.<\/p>\n","protected":false},"author":2,"featured_media":0,"parent":0,"menu_order":0,"comment_status":"open","ping_status":"open","template":"","meta":{"footnotes":""},"class_list":["post-129","page","type-page","status-publish","hentry"],"_links":{"self":[{"href":"https:\/\/guitares-et-luthiers.fr\/index.php?rest_route=\/wp\/v2\/pages\/129","targetHints":{"allow":["GET"]}}],"collection":[{"href":"https:\/\/guitares-et-luthiers.fr\/index.php?rest_route=\/wp\/v2\/pages"}],"about":[{"href":"https:\/\/guitares-et-luthiers.fr\/index.php?rest_route=\/wp\/v2\/types\/page"}],"author":[{"embeddable":true,"href":"https:\/\/guitares-et-luthiers.fr\/index.php?rest_route=\/wp\/v2\/users\/2"}],"replies":[{"embeddable":true,"href":"https:\/\/guitares-et-luthiers.fr\/index.php?rest_route=%2Fwp%2Fv2%2Fcomments&post=129"}],"version-history":[{"count":2,"href":"https:\/\/guitares-et-luthiers.fr\/index.php?rest_route=\/wp\/v2\/pages\/129\/revisions"}],"predecessor-version":[{"id":279,"href":"https:\/\/guitares-et-luthiers.fr\/index.php?rest_route=\/wp\/v2\/pages\/129\/revisions\/279"}],"wp:attachment":[{"href":"https:\/\/guitares-et-luthiers.fr\/index.php?rest_route=%2Fwp%2Fv2%2Fmedia&parent=129"}],"curies":[{"name":"wp","href":"https:\/\/api.w.org\/{rel}","templated":true}]}}