{"id":131,"date":"2013-12-29T12:05:31","date_gmt":"2013-12-29T11:05:31","guid":{"rendered":"http:\/\/guitares-et-luthiers.fr\/?page_id=131"},"modified":"2024-01-01T20:39:31","modified_gmt":"2024-01-01T19:39:31","slug":"contacts","status":"publish","type":"page","link":"https:\/\/guitares-et-luthiers.fr\/?page_id=131","title":{"rendered":"contacts"},"content":{"rendered":"<div id=\"id1\">\n<address style=\"text-align: left; padding-left: 120px;\">Cyril Kerouanton<\/address>\n<address style=\"text-align: left; padding-left: 120px;\">14500 Vire Normandie<\/address>\n<address style=\"text-align: left; padding-left: 120px;\">02 31 67 89 80<\/address>\n<address style=\"text-align: left; padding-left: 120px;\">06 30 73 15 90<\/address>\n<address style=\"text-align: left; padding-left: 120px;\">cyril.kerouanton@orange.fr<\/address>\n<address style=\"text-align: left; padding-left: 120px;\">guitares-et-luthiers.fr<\/address>\n<address style=\"text-align: left; padding-left: 120px;\">guitares-et-luthiers.com<\/address>\n<p style=\"text-align: left; padding-left: 120px;\">Liens<\/p>\n<\/div>\n<div id=\"id3\" style=\"padding-left: 120px;\">\n<p><a title=\"http:\/\/www.heula.fr\" href=\"http:\/\/www.heula.fr\/\">www.heula.fr<\/a>\u00a0: c\u2019est cheux nous<\/p>\n<p><a href=\"https:\/\/issuu.com\/orfeomagazine\/docs\/orfeo_8_fr\">https:\/\/issuu.com\/orfeomagazine\/docs\/orfeo_8_fr<\/a>\u00a0 : un magazine sur la guitare tr\u00e8s bien renseign\u00e9, avec des photos sublimes, une invitation au voyage ( culturel, spirituel, g\u00e9ographique etc) et aux rencontres&#8230;.<\/p>\n<p>Remerciements:<\/p>\n<p>A Guy D\u00e9s\u00e9glise (luthier) pour sa g\u00e9n\u00e9rosit\u00e9,<\/p>\n<p>A Jacqueline D\u00e9s\u00e9glise pour sa g\u00e9n\u00e9rosit\u00e9&#8230; sa patience et sa gentillesse.<\/p>\n<p>A G\u00e9rard Audirac (luthier) pour sa g\u00e9n\u00e9rosit\u00e9&#8230;<\/p>\n<p>A Julien Divay ( chamane de l\u2019informatique) pour sa g\u00e9n\u00e9rosit\u00e9&#8230;<\/p>\n<p>A Fran\u00e7ois Audirac (chamane de l\u2019informatique) pour sa g\u00e9n\u00e9rosit\u00e9&#8230;<\/p>\n<p>A C\u00e9cile Joly ( guitariste ) pour sa g\u00e9n\u00e9rosit\u00e9&#8230; et ses magnifiques enregistrements<\/p>\n<p>A Alberto Martinez (cr\u00e9ateur de la revue Orf\u00e9omagazine) pour sa g\u00e9n\u00e9rosit\u00e9&#8230;<\/p>\n<\/div>\n","protected":false},"excerpt":{"rendered":"<p>Cyril Kerouanton 14500 Vire Normandie 02 31 67 89 80 06 30 73 15 90 cyril.kerouanton@orange.fr guitares-et-luthiers.fr guitares-et-luthiers.com Liens www.heula.fr\u00a0: c\u2019est cheux nous https:\/\/issuu.com\/orfeomagazine\/docs\/orfeo_8_fr\u00a0 : un magazine sur la guitare tr\u00e8s bien renseign\u00e9, avec des photos sublimes, une invitation au voyage ( culturel, spirituel, g\u00e9ographique etc) et aux rencontres&#8230;. Remerciements: A Guy D\u00e9s\u00e9glise (luthier) pour &hellip; <\/p>\n<p class=\"link-more\"><a href=\"https:\/\/guitares-et-luthiers.fr\/?page_id=131\" class=\"more-link\">Continuer la lecture<span class=\"screen-reader-text\"> de &laquo;&nbsp;contacts&nbsp;&raquo;<\/span><\/a><\/p>\n","protected":false},"author":2,"featured_media":0,"parent":0,"menu_order":0,"comment_status":"open","ping_status":"open","template":"","meta":{"footnotes":""},"class_list":["post-131","page","type-page","status-publish","hentry"],"_links":{"self":[{"href":"https:\/\/guitares-et-luthiers.fr\/index.php?rest_route=\/wp\/v2\/pages\/131","targetHints":{"allow":["GET"]}}],"collection":[{"href":"https:\/\/guitares-et-luthiers.fr\/index.php?rest_route=\/wp\/v2\/pages"}],"about":[{"href":"https:\/\/guitares-et-luthiers.fr\/index.php?rest_route=\/wp\/v2\/types\/page"}],"author":[{"embeddable":true,"href":"https:\/\/guitares-et-luthiers.fr\/index.php?rest_route=\/wp\/v2\/users\/2"}],"replies":[{"embeddable":true,"href":"https:\/\/guitares-et-luthiers.fr\/index.php?rest_route=%2Fwp%2Fv2%2Fcomments&post=131"}],"version-history":[{"count":10,"href":"https:\/\/guitares-et-luthiers.fr\/index.php?rest_route=\/wp\/v2\/pages\/131\/revisions"}],"predecessor-version":[{"id":2074,"href":"https:\/\/guitares-et-luthiers.fr\/index.php?rest_route=\/wp\/v2\/pages\/131\/revisions\/2074"}],"wp:attachment":[{"href":"https:\/\/guitares-et-luthiers.fr\/index.php?rest_route=%2Fwp%2Fv2%2Fmedia&parent=131"}],"curies":[{"name":"wp","href":"https:\/\/api.w.org\/{rel}","templated":true}]}}