{"id":1381,"date":"2022-03-06T13:15:34","date_gmt":"2022-03-06T12:15:34","guid":{"rendered":"http:\/\/guitares-et-luthiers.fr\/?page_id=1381"},"modified":"2022-03-06T19:06:14","modified_gmt":"2022-03-06T18:06:14","slug":"guitare-bertrand-martin-1980","status":"publish","type":"page","link":"https:\/\/guitares-et-luthiers.fr\/?page_id=1381","title":{"rendered":"Guitare Bertrand Martin 1980"},"content":{"rendered":"\n<p>Guitare Bertrand (Bernd) Martin de 1980 : T\u00eate, dos, \u00e9clisses, chevalet en palissandre . Table \u00e9pic\u00e9a . <\/p>\n\n\n\n<p>N\u00e9 \u00e0 Stuttgart en 1954, Bernd Martin a appris tr\u00e8s jeune \u00e0 jouer du piano et de la guitare. Il a poursuivi ses \u00e9tudes de guitare \u00e0 Stuttgart et \u00e0 Munich, o\u00f9 il est all\u00e9 \u00e0 l\u2019universit\u00e9.<br>En 1976, sa passion pour l\u2019Espagne et la guitare l\u2019am\u00e8nent \u00e0 s\u2019installer \u00e0 Grenade et \u00e0 commencer \u00e0 faire ses propres guitares dans les ateliers d\u2019Antonio Dur\u00e1n et de Jose Lopez Bellido, sous la tutelle d\u2019Eduardo Ferrer. Bernd Martin fut le premier non espagnol \u00e0 s\u2019\u00e9tablir comme guitariste dans la ville de l\u2019Alhambra, avec un atelier dans le quartier de l\u2019Albayz\u00edn.<br>En 1999, Bernd Martin remporte le premier prix du concours national de luth\u00e9rie organis\u00e9 par J. L. Romanillos.<br>Bernd avait une connaissance approfondie des instruments des grands ma\u00eetres luthiers (Antonio de Torres, Manuel Ramirez, Santos Hernandez, et al), et gr\u00e2ce \u00e0 sa collaboration avec des guitaristes de haut son riche et lyrique \u2013 des guitares dont les r\u00e9glages pr\u00e9cis font de la perfection le standard et qui offrent un maximum de confort au guitariste.<br>Il a fabriqu\u00e9 plus de 400 guitares en utilisant des techniques traditionnelles \u2013 des instruments qui renouvellent l\u2019h\u00e9ritage des anciens ma\u00eetres et qui comblent le foss\u00e9 entre le lyrisme expressif des guitares espagnoles et l\u2019\u00e9quilibre polyphonique de l\u2019\u00e9cole europ\u00e9enne.<br>Depuis 2006, Bernd Martin travaillait avec son fils, Lucas, dans une nouvelle boutique, magnifiquement situ\u00e9e dans le quartier du Sacromonte de Grenade.<\/p>\n\n\n\n<p>Cette guitare est tr\u00e8s puissante, avec beaucoup d&rsquo;amplitude. Le diapason est de 66,5 cm . <\/p>\n\n\n\n<p>Les guitares de Bertrand Martin se retrouvent dans les grands showrooms \u00e0 l&rsquo;international.<\/p>\n\n\n\n<p><iframe loading=\"lazy\" title=\"Guitarrero 4K\" width=\"525\" height=\"295\" src=\"https:\/\/www.youtube.com\/embed\/NOaLyjYYOxY?feature=oembed\" frameborder=\"0\" allow=\"accelerometer; autoplay; clipboard-write; encrypted-media; gyroscope; picture-in-picture; web-share\" referrerpolicy=\"strict-origin-when-cross-origin\" allowfullscreen><\/iframe> <\/p>\n\n\n\n<figure class=\"wp-block-gallery columns-3 is-cropped wp-block-gallery-1 is-layout-flex wp-block-gallery-is-layout-flex\"><ul class=\"blocks-gallery-grid\"><li class=\"blocks-gallery-item\"><figure><a href=\"https:\/\/guitares-et-luthiers.fr\/wp-content\/uploads\/2022\/03\/IMG_6014-scaled.jpeg\" rel=\"lightbox[1381]\"><img loading=\"lazy\" decoding=\"async\" width=\"646\" height=\"1024\" src=\"https:\/\/guitares-et-luthiers.fr\/wp-content\/uploads\/2022\/03\/IMG_6014-646x1024.jpeg\" alt=\"\" data-id=\"1380\" data-full-url=\"https:\/\/guitares-et-luthiers.fr\/wp-content\/uploads\/2022\/03\/IMG_6014-scaled.jpeg\" data-link=\"https:\/\/guitares-et-luthiers.fr\/?attachment_id=1380\" class=\"wp-image-1380\" srcset=\"https:\/\/guitares-et-luthiers.fr\/wp-content\/uploads\/2022\/03\/IMG_6014-646x1024.jpeg 646w, https:\/\/guitares-et-luthiers.fr\/wp-content\/uploads\/2022\/03\/IMG_6014-189x300.jpeg 189w, https:\/\/guitares-et-luthiers.fr\/wp-content\/uploads\/2022\/03\/IMG_6014-768x1217.jpeg 768w, https:\/\/guitares-et-luthiers.fr\/wp-content\/uploads\/2022\/03\/IMG_6014-970x1536.jpeg 970w, https:\/\/guitares-et-luthiers.fr\/wp-content\/uploads\/2022\/03\/IMG_6014-1293x2048.jpeg 1293w, https:\/\/guitares-et-luthiers.fr\/wp-content\/uploads\/2022\/03\/IMG_6014-scaled.jpeg 1616w\" sizes=\"auto, (max-width: 646px) 100vw, 646px\" \/><\/a><\/figure><\/li><li class=\"blocks-gallery-item\"><figure><a href=\"https:\/\/guitares-et-luthiers.fr\/wp-content\/uploads\/2022\/03\/IMG_6017-scaled.jpeg\" rel=\"lightbox[1381]\"><img loading=\"lazy\" decoding=\"async\" width=\"710\" height=\"1024\" src=\"https:\/\/guitares-et-luthiers.fr\/wp-content\/uploads\/2022\/03\/IMG_6017-710x1024.jpeg\" alt=\"\" data-id=\"1379\" data-full-url=\"https:\/\/guitares-et-luthiers.fr\/wp-content\/uploads\/2022\/03\/IMG_6017-scaled.jpeg\" data-link=\"https:\/\/guitares-et-luthiers.fr\/?attachment_id=1379\" class=\"wp-image-1379\" srcset=\"https:\/\/guitares-et-luthiers.fr\/wp-content\/uploads\/2022\/03\/IMG_6017-710x1024.jpeg 710w, https:\/\/guitares-et-luthiers.fr\/wp-content\/uploads\/2022\/03\/IMG_6017-208x300.jpeg 208w, https:\/\/guitares-et-luthiers.fr\/wp-content\/uploads\/2022\/03\/IMG_6017-768x1108.jpeg 768w, https:\/\/guitares-et-luthiers.fr\/wp-content\/uploads\/2022\/03\/IMG_6017-1065x1536.jpeg 1065w, https:\/\/guitares-et-luthiers.fr\/wp-content\/uploads\/2022\/03\/IMG_6017-1420x2048.jpeg 1420w, https:\/\/guitares-et-luthiers.fr\/wp-content\/uploads\/2022\/03\/IMG_6017-scaled.jpeg 1774w\" sizes=\"auto, (max-width: 710px) 100vw, 710px\" \/><\/a><\/figure><\/li><li class=\"blocks-gallery-item\"><figure><a href=\"https:\/\/guitares-et-luthiers.fr\/wp-content\/uploads\/2022\/03\/IMG_6020-scaled.jpeg\" rel=\"lightbox[1381]\"><img loading=\"lazy\" decoding=\"async\" width=\"1024\" height=\"803\" src=\"https:\/\/guitares-et-luthiers.fr\/wp-content\/uploads\/2022\/03\/IMG_6020-1024x803.jpeg\" alt=\"\" data-id=\"1378\" data-full-url=\"https:\/\/guitares-et-luthiers.fr\/wp-content\/uploads\/2022\/03\/IMG_6020-scaled.jpeg\" data-link=\"https:\/\/guitares-et-luthiers.fr\/?attachment_id=1378\" class=\"wp-image-1378\" srcset=\"https:\/\/guitares-et-luthiers.fr\/wp-content\/uploads\/2022\/03\/IMG_6020-1024x803.jpeg 1024w, https:\/\/guitares-et-luthiers.fr\/wp-content\/uploads\/2022\/03\/IMG_6020-300x235.jpeg 300w, https:\/\/guitares-et-luthiers.fr\/wp-content\/uploads\/2022\/03\/IMG_6020-768x602.jpeg 768w, https:\/\/guitares-et-luthiers.fr\/wp-content\/uploads\/2022\/03\/IMG_6020-1536x1204.jpeg 1536w, https:\/\/guitares-et-luthiers.fr\/wp-content\/uploads\/2022\/03\/IMG_6020-2048x1605.jpeg 2048w\" sizes=\"auto, (max-width: 706px) 89vw, (max-width: 767px) 82vw, 740px\" \/><\/a><\/figure><\/li><li class=\"blocks-gallery-item\"><figure><a href=\"https:\/\/guitares-et-luthiers.fr\/wp-content\/uploads\/2022\/03\/IMG_6021-scaled.jpeg\" rel=\"lightbox[1381]\"><img loading=\"lazy\" decoding=\"async\" width=\"628\" height=\"1024\" src=\"https:\/\/guitares-et-luthiers.fr\/wp-content\/uploads\/2022\/03\/IMG_6021-628x1024.jpeg\" alt=\"\" data-id=\"1377\" data-full-url=\"https:\/\/guitares-et-luthiers.fr\/wp-content\/uploads\/2022\/03\/IMG_6021-scaled.jpeg\" data-link=\"https:\/\/guitares-et-luthiers.fr\/?attachment_id=1377\" class=\"wp-image-1377\" srcset=\"https:\/\/guitares-et-luthiers.fr\/wp-content\/uploads\/2022\/03\/IMG_6021-628x1024.jpeg 628w, https:\/\/guitares-et-luthiers.fr\/wp-content\/uploads\/2022\/03\/IMG_6021-184x300.jpeg 184w, https:\/\/guitares-et-luthiers.fr\/wp-content\/uploads\/2022\/03\/IMG_6021-768x1253.jpeg 768w, https:\/\/guitares-et-luthiers.fr\/wp-content\/uploads\/2022\/03\/IMG_6021-942x1536.jpeg 942w, https:\/\/guitares-et-luthiers.fr\/wp-content\/uploads\/2022\/03\/IMG_6021-1255x2048.jpeg 1255w, https:\/\/guitares-et-luthiers.fr\/wp-content\/uploads\/2022\/03\/IMG_6021-scaled.jpeg 1569w\" sizes=\"auto, (max-width: 628px) 100vw, 628px\" \/><\/a><\/figure><\/li><li class=\"blocks-gallery-item\"><figure><a href=\"https:\/\/guitares-et-luthiers.fr\/wp-content\/uploads\/2022\/03\/IMG_6015-scaled.jpeg\" rel=\"lightbox[1381]\"><img loading=\"lazy\" decoding=\"async\" width=\"970\" height=\"1024\" src=\"https:\/\/guitares-et-luthiers.fr\/wp-content\/uploads\/2022\/03\/IMG_6015-970x1024.jpeg\" alt=\"\" data-id=\"1376\" data-full-url=\"https:\/\/guitares-et-luthiers.fr\/wp-content\/uploads\/2022\/03\/IMG_6015-scaled.jpeg\" data-link=\"https:\/\/guitares-et-luthiers.fr\/?attachment_id=1376\" class=\"wp-image-1376\" srcset=\"https:\/\/guitares-et-luthiers.fr\/wp-content\/uploads\/2022\/03\/IMG_6015-970x1024.jpeg 970w, https:\/\/guitares-et-luthiers.fr\/wp-content\/uploads\/2022\/03\/IMG_6015-284x300.jpeg 284w, https:\/\/guitares-et-luthiers.fr\/wp-content\/uploads\/2022\/03\/IMG_6015-768x810.jpeg 768w, https:\/\/guitares-et-luthiers.fr\/wp-content\/uploads\/2022\/03\/IMG_6015-1455x1536.jpeg 1455w, https:\/\/guitares-et-luthiers.fr\/wp-content\/uploads\/2022\/03\/IMG_6015-1941x2048.jpeg 1941w\" sizes=\"auto, (max-width: 706px) 89vw, (max-width: 767px) 82vw, 740px\" \/><\/a><\/figure><\/li><li class=\"blocks-gallery-item\"><figure><a href=\"https:\/\/guitares-et-luthiers.fr\/wp-content\/uploads\/2022\/03\/IMG_6016-scaled.jpeg\" rel=\"lightbox[1381]\"><img loading=\"lazy\" decoding=\"async\" width=\"1024\" height=\"447\" src=\"https:\/\/guitares-et-luthiers.fr\/wp-content\/uploads\/2022\/03\/IMG_6016-1024x447.jpeg\" alt=\"\" data-id=\"1375\" data-full-url=\"https:\/\/guitares-et-luthiers.fr\/wp-content\/uploads\/2022\/03\/IMG_6016-scaled.jpeg\" data-link=\"https:\/\/guitares-et-luthiers.fr\/?attachment_id=1375\" class=\"wp-image-1375\" srcset=\"https:\/\/guitares-et-luthiers.fr\/wp-content\/uploads\/2022\/03\/IMG_6016-1024x447.jpeg 1024w, https:\/\/guitares-et-luthiers.fr\/wp-content\/uploads\/2022\/03\/IMG_6016-300x131.jpeg 300w, https:\/\/guitares-et-luthiers.fr\/wp-content\/uploads\/2022\/03\/IMG_6016-768x335.jpeg 768w, https:\/\/guitares-et-luthiers.fr\/wp-content\/uploads\/2022\/03\/IMG_6016-1536x671.jpeg 1536w, https:\/\/guitares-et-luthiers.fr\/wp-content\/uploads\/2022\/03\/IMG_6016-2048x894.jpeg 2048w\" sizes=\"auto, (max-width: 706px) 89vw, (max-width: 767px) 82vw, 740px\" \/><\/a><\/figure><\/li><li class=\"blocks-gallery-item\"><figure><a href=\"https:\/\/guitares-et-luthiers.fr\/wp-content\/uploads\/2022\/03\/IMG_6019-scaled.jpeg\" rel=\"lightbox[1381]\"><img loading=\"lazy\" decoding=\"async\" width=\"768\" height=\"1024\" src=\"https:\/\/guitares-et-luthiers.fr\/wp-content\/uploads\/2022\/03\/IMG_6019-768x1024.jpeg\" alt=\"\" data-id=\"1374\" data-full-url=\"https:\/\/guitares-et-luthiers.fr\/wp-content\/uploads\/2022\/03\/IMG_6019-scaled.jpeg\" data-link=\"https:\/\/guitares-et-luthiers.fr\/?attachment_id=1374\" class=\"wp-image-1374\" srcset=\"https:\/\/guitares-et-luthiers.fr\/wp-content\/uploads\/2022\/03\/IMG_6019-768x1024.jpeg 768w, https:\/\/guitares-et-luthiers.fr\/wp-content\/uploads\/2022\/03\/IMG_6019-225x300.jpeg 225w, https:\/\/guitares-et-luthiers.fr\/wp-content\/uploads\/2022\/03\/IMG_6019-1152x1536.jpeg 1152w, https:\/\/guitares-et-luthiers.fr\/wp-content\/uploads\/2022\/03\/IMG_6019-1536x2048.jpeg 1536w, https:\/\/guitares-et-luthiers.fr\/wp-content\/uploads\/2022\/03\/IMG_6019-scaled.jpeg 1920w\" sizes=\"auto, (max-width: 706px) 89vw, (max-width: 767px) 82vw, 740px\" \/><\/a><\/figure><\/li><li class=\"blocks-gallery-item\"><figure><a href=\"https:\/\/guitares-et-luthiers.fr\/wp-content\/uploads\/2022\/03\/IMG_6013-scaled.jpeg\" rel=\"lightbox[1381]\"><img loading=\"lazy\" decoding=\"async\" width=\"415\" height=\"1024\" src=\"https:\/\/guitares-et-luthiers.fr\/wp-content\/uploads\/2022\/03\/IMG_6013-415x1024.jpeg\" alt=\"\" data-id=\"1373\" data-full-url=\"https:\/\/guitares-et-luthiers.fr\/wp-content\/uploads\/2022\/03\/IMG_6013-scaled.jpeg\" data-link=\"https:\/\/guitares-et-luthiers.fr\/?attachment_id=1373\" class=\"wp-image-1373\" srcset=\"https:\/\/guitares-et-luthiers.fr\/wp-content\/uploads\/2022\/03\/IMG_6013-415x1024.jpeg 415w, https:\/\/guitares-et-luthiers.fr\/wp-content\/uploads\/2022\/03\/IMG_6013-122x300.jpeg 122w, https:\/\/guitares-et-luthiers.fr\/wp-content\/uploads\/2022\/03\/IMG_6013-768x1893.jpeg 768w, https:\/\/guitares-et-luthiers.fr\/wp-content\/uploads\/2022\/03\/IMG_6013-623x1536.jpeg 623w, https:\/\/guitares-et-luthiers.fr\/wp-content\/uploads\/2022\/03\/IMG_6013-831x2048.jpeg 831w, https:\/\/guitares-et-luthiers.fr\/wp-content\/uploads\/2022\/03\/IMG_6013-scaled.jpeg 1039w\" sizes=\"auto, (max-width: 415px) 100vw, 415px\" \/><\/a><\/figure><\/li><li class=\"blocks-gallery-item\"><figure><a href=\"https:\/\/guitares-et-luthiers.fr\/wp-content\/uploads\/2022\/03\/IMG_6012.jpeg\" rel=\"lightbox[1381]\"><img loading=\"lazy\" decoding=\"async\" width=\"652\" height=\"1024\" src=\"https:\/\/guitares-et-luthiers.fr\/wp-content\/uploads\/2022\/03\/IMG_6012-652x1024.jpeg\" alt=\"\" data-id=\"1372\" data-full-url=\"https:\/\/guitares-et-luthiers.fr\/wp-content\/uploads\/2022\/03\/IMG_6012.jpeg\" data-link=\"https:\/\/guitares-et-luthiers.fr\/?attachment_id=1372\" class=\"wp-image-1372\" srcset=\"https:\/\/guitares-et-luthiers.fr\/wp-content\/uploads\/2022\/03\/IMG_6012-652x1024.jpeg 652w, https:\/\/guitares-et-luthiers.fr\/wp-content\/uploads\/2022\/03\/IMG_6012-191x300.jpeg 191w, https:\/\/guitares-et-luthiers.fr\/wp-content\/uploads\/2022\/03\/IMG_6012-768x1205.jpeg 768w, https:\/\/guitares-et-luthiers.fr\/wp-content\/uploads\/2022\/03\/IMG_6012-979x1536.jpeg 979w, https:\/\/guitares-et-luthiers.fr\/wp-content\/uploads\/2022\/03\/IMG_6012.jpeg 1292w\" sizes=\"auto, (max-width: 652px) 100vw, 652px\" \/><\/a><\/figure><\/li><\/ul><\/figure>\n","protected":false},"excerpt":{"rendered":"<p>Guitare Bertrand (Bernd) Martin de 1980 : T\u00eate, dos, \u00e9clisses, chevalet en palissandre . Table \u00e9pic\u00e9a . N\u00e9 \u00e0 Stuttgart en 1954, Bernd Martin a appris tr\u00e8s jeune \u00e0 jouer du piano et de la guitare. Il a poursuivi ses \u00e9tudes de guitare \u00e0 Stuttgart et \u00e0 Munich, o\u00f9 il est all\u00e9 \u00e0 l\u2019universit\u00e9.En 1976, &hellip; <\/p>\n<p class=\"link-more\"><a href=\"https:\/\/guitares-et-luthiers.fr\/?page_id=1381\" class=\"more-link\">Continuer la lecture<span class=\"screen-reader-text\"> de &laquo;&nbsp;Guitare Bertrand Martin 1980&nbsp;&raquo;<\/span><\/a><\/p>\n","protected":false},"author":2,"featured_media":0,"parent":0,"menu_order":0,"comment_status":"closed","ping_status":"closed","template":"","meta":{"footnotes":""},"class_list":["post-1381","page","type-page","status-publish","hentry"],"_links":{"self":[{"href":"https:\/\/guitares-et-luthiers.fr\/index.php?rest_route=\/wp\/v2\/pages\/1381","targetHints":{"allow":["GET"]}}],"collection":[{"href":"https:\/\/guitares-et-luthiers.fr\/index.php?rest_route=\/wp\/v2\/pages"}],"about":[{"href":"https:\/\/guitares-et-luthiers.fr\/index.php?rest_route=\/wp\/v2\/types\/page"}],"author":[{"embeddable":true,"href":"https:\/\/guitares-et-luthiers.fr\/index.php?rest_route=\/wp\/v2\/users\/2"}],"replies":[{"embeddable":true,"href":"https:\/\/guitares-et-luthiers.fr\/index.php?rest_route=%2Fwp%2Fv2%2Fcomments&post=1381"}],"version-history":[{"count":4,"href":"https:\/\/guitares-et-luthiers.fr\/index.php?rest_route=\/wp\/v2\/pages\/1381\/revisions"}],"predecessor-version":[{"id":1387,"href":"https:\/\/guitares-et-luthiers.fr\/index.php?rest_route=\/wp\/v2\/pages\/1381\/revisions\/1387"}],"wp:attachment":[{"href":"https:\/\/guitares-et-luthiers.fr\/index.php?rest_route=%2Fwp%2Fv2%2Fmedia&parent=1381"}],"curies":[{"name":"wp","href":"https:\/\/api.w.org\/{rel}","templated":true}]}}