{"id":1421,"date":"2022-05-26T10:31:33","date_gmt":"2022-05-26T09:31:33","guid":{"rendered":"http:\/\/guitares-et-luthiers.fr\/?page_id=1421"},"modified":"2022-05-26T10:35:48","modified_gmt":"2022-05-26T09:35:48","slug":"francois-regis-leonard","status":"publish","type":"page","link":"https:\/\/guitares-et-luthiers.fr\/?page_id=1421","title":{"rendered":"Fran\u00e7ois R\u00e9gis L\u00e9onard"},"content":{"rendered":"\n<p>Mod\u00e8le :&nbsp;Concert<\/p>\n\n\n\n<p>Ann\u00e9e : 2008<\/p>\n\n\n\n<p>Bois :&nbsp;table en \u00e9pic\u00e9a, caisse en palissandre , manche en cedro, touche en \u00e9b\u00e8ne , chevalet et plaque de t\u00eate en palissandre,  sillet en os, avec \u00e9tui. <\/p>\n\n\n\n<figure class=\"wp-block-gallery has-nested-images columns-default is-cropped wp-block-gallery-1 is-layout-flex wp-block-gallery-is-layout-flex\">\n<figure class=\"wp-block-image size-large\"><a href=\"https:\/\/guitares-et-luthiers.fr\/wp-content\/uploads\/2022\/05\/IMG_6703-scaled.jpg\" rel=\"lightbox[1421]\"><img loading=\"lazy\" decoding=\"async\" width=\"1920\" height=\"2560\" data-id=\"1420\" src=\"https:\/\/guitares-et-luthiers.fr\/wp-content\/uploads\/2022\/05\/IMG_6703-scaled.jpg\" alt=\"\" class=\"wp-image-1420\" srcset=\"https:\/\/guitares-et-luthiers.fr\/wp-content\/uploads\/2022\/05\/IMG_6703-scaled.jpg 1920w, https:\/\/guitares-et-luthiers.fr\/wp-content\/uploads\/2022\/05\/IMG_6703-225x300.jpg 225w, https:\/\/guitares-et-luthiers.fr\/wp-content\/uploads\/2022\/05\/IMG_6703-768x1024.jpg 768w, https:\/\/guitares-et-luthiers.fr\/wp-content\/uploads\/2022\/05\/IMG_6703-1152x1536.jpg 1152w, https:\/\/guitares-et-luthiers.fr\/wp-content\/uploads\/2022\/05\/IMG_6703-1536x2048.jpg 1536w\" sizes=\"auto, (max-width: 706px) 89vw, (max-width: 767px) 82vw, 740px\" \/><\/a><\/figure>\n\n\n\n<figure class=\"wp-block-image size-large\"><a href=\"https:\/\/guitares-et-luthiers.fr\/wp-content\/uploads\/2022\/05\/IMG_6701-scaled.jpg\" rel=\"lightbox[1421]\"><img loading=\"lazy\" decoding=\"async\" width=\"1920\" height=\"2560\" data-id=\"1419\" src=\"https:\/\/guitares-et-luthiers.fr\/wp-content\/uploads\/2022\/05\/IMG_6701-scaled.jpg\" alt=\"\" class=\"wp-image-1419\" srcset=\"https:\/\/guitares-et-luthiers.fr\/wp-content\/uploads\/2022\/05\/IMG_6701-scaled.jpg 1920w, https:\/\/guitares-et-luthiers.fr\/wp-content\/uploads\/2022\/05\/IMG_6701-225x300.jpg 225w, https:\/\/guitares-et-luthiers.fr\/wp-content\/uploads\/2022\/05\/IMG_6701-768x1024.jpg 768w, https:\/\/guitares-et-luthiers.fr\/wp-content\/uploads\/2022\/05\/IMG_6701-1152x1536.jpg 1152w, https:\/\/guitares-et-luthiers.fr\/wp-content\/uploads\/2022\/05\/IMG_6701-1536x2048.jpg 1536w\" sizes=\"auto, (max-width: 706px) 89vw, (max-width: 767px) 82vw, 740px\" \/><\/a><\/figure>\n\n\n\n<figure class=\"wp-block-image size-large\"><a href=\"https:\/\/guitares-et-luthiers.fr\/wp-content\/uploads\/2022\/05\/IMG_6700-scaled.jpg\" rel=\"lightbox[1421]\"><img loading=\"lazy\" decoding=\"async\" width=\"1920\" height=\"2560\" data-id=\"1418\" src=\"https:\/\/guitares-et-luthiers.fr\/wp-content\/uploads\/2022\/05\/IMG_6700-scaled.jpg\" alt=\"\" class=\"wp-image-1418\" srcset=\"https:\/\/guitares-et-luthiers.fr\/wp-content\/uploads\/2022\/05\/IMG_6700-scaled.jpg 1920w, https:\/\/guitares-et-luthiers.fr\/wp-content\/uploads\/2022\/05\/IMG_6700-225x300.jpg 225w, https:\/\/guitares-et-luthiers.fr\/wp-content\/uploads\/2022\/05\/IMG_6700-768x1024.jpg 768w, https:\/\/guitares-et-luthiers.fr\/wp-content\/uploads\/2022\/05\/IMG_6700-1152x1536.jpg 1152w, https:\/\/guitares-et-luthiers.fr\/wp-content\/uploads\/2022\/05\/IMG_6700-1536x2048.jpg 1536w\" sizes=\"auto, (max-width: 706px) 89vw, (max-width: 767px) 82vw, 740px\" \/><\/a><\/figure>\n\n\n\n<figure class=\"wp-block-image size-large\"><a href=\"https:\/\/guitares-et-luthiers.fr\/wp-content\/uploads\/2022\/05\/IMG_6699-scaled.jpg\" rel=\"lightbox[1421]\"><img loading=\"lazy\" decoding=\"async\" width=\"1839\" height=\"2560\" data-id=\"1417\" src=\"https:\/\/guitares-et-luthiers.fr\/wp-content\/uploads\/2022\/05\/IMG_6699-scaled.jpg\" alt=\"\" class=\"wp-image-1417\" srcset=\"https:\/\/guitares-et-luthiers.fr\/wp-content\/uploads\/2022\/05\/IMG_6699-scaled.jpg 1839w, https:\/\/guitares-et-luthiers.fr\/wp-content\/uploads\/2022\/05\/IMG_6699-216x300.jpg 216w, https:\/\/guitares-et-luthiers.fr\/wp-content\/uploads\/2022\/05\/IMG_6699-736x1024.jpg 736w, https:\/\/guitares-et-luthiers.fr\/wp-content\/uploads\/2022\/05\/IMG_6699-768x1069.jpg 768w, https:\/\/guitares-et-luthiers.fr\/wp-content\/uploads\/2022\/05\/IMG_6699-1104x1536.jpg 1104w, https:\/\/guitares-et-luthiers.fr\/wp-content\/uploads\/2022\/05\/IMG_6699-1471x2048.jpg 1471w\" sizes=\"auto, (max-width: 706px) 89vw, (max-width: 767px) 82vw, 740px\" \/><\/a><\/figure>\n\n\n\n<figure class=\"wp-block-image size-large\"><a href=\"https:\/\/guitares-et-luthiers.fr\/wp-content\/uploads\/2022\/05\/IMG_6698-scaled.jpg\" rel=\"lightbox[1421]\"><img loading=\"lazy\" decoding=\"async\" width=\"1541\" height=\"2560\" data-id=\"1416\" src=\"https:\/\/guitares-et-luthiers.fr\/wp-content\/uploads\/2022\/05\/IMG_6698-scaled.jpg\" alt=\"\" class=\"wp-image-1416\" srcset=\"https:\/\/guitares-et-luthiers.fr\/wp-content\/uploads\/2022\/05\/IMG_6698-scaled.jpg 1541w, https:\/\/guitares-et-luthiers.fr\/wp-content\/uploads\/2022\/05\/IMG_6698-181x300.jpg 181w, https:\/\/guitares-et-luthiers.fr\/wp-content\/uploads\/2022\/05\/IMG_6698-617x1024.jpg 617w, https:\/\/guitares-et-luthiers.fr\/wp-content\/uploads\/2022\/05\/IMG_6698-768x1275.jpg 768w, https:\/\/guitares-et-luthiers.fr\/wp-content\/uploads\/2022\/05\/IMG_6698-925x1536.jpg 925w, https:\/\/guitares-et-luthiers.fr\/wp-content\/uploads\/2022\/05\/IMG_6698-1233x2048.jpg 1233w\" sizes=\"auto, (max-width: 706px) 89vw, (max-width: 767px) 82vw, 740px\" \/><\/a><\/figure>\n\n\n\n<figure class=\"wp-block-image size-large\"><a href=\"https:\/\/guitares-et-luthiers.fr\/wp-content\/uploads\/2022\/05\/IMG_6697-scaled.jpg\" rel=\"lightbox[1421]\"><img loading=\"lazy\" decoding=\"async\" width=\"2560\" height=\"2510\" data-id=\"1415\" src=\"https:\/\/guitares-et-luthiers.fr\/wp-content\/uploads\/2022\/05\/IMG_6697-scaled.jpg\" alt=\"\" class=\"wp-image-1415\" srcset=\"https:\/\/guitares-et-luthiers.fr\/wp-content\/uploads\/2022\/05\/IMG_6697-scaled.jpg 2560w, https:\/\/guitares-et-luthiers.fr\/wp-content\/uploads\/2022\/05\/IMG_6697-300x294.jpg 300w, https:\/\/guitares-et-luthiers.fr\/wp-content\/uploads\/2022\/05\/IMG_6697-1024x1004.jpg 1024w, https:\/\/guitares-et-luthiers.fr\/wp-content\/uploads\/2022\/05\/IMG_6697-768x753.jpg 768w, https:\/\/guitares-et-luthiers.fr\/wp-content\/uploads\/2022\/05\/IMG_6697-1536x1506.jpg 1536w, https:\/\/guitares-et-luthiers.fr\/wp-content\/uploads\/2022\/05\/IMG_6697-2048x2008.jpg 2048w\" sizes=\"auto, (max-width: 706px) 89vw, (max-width: 767px) 82vw, 740px\" \/><\/a><\/figure>\n\n\n\n<figure class=\"wp-block-image size-large\"><a href=\"https:\/\/guitares-et-luthiers.fr\/wp-content\/uploads\/2022\/05\/IMG_6691-scaled.jpg\" rel=\"lightbox[1421]\"><img loading=\"lazy\" decoding=\"async\" width=\"2560\" height=\"2119\" data-id=\"1412\" src=\"https:\/\/guitares-et-luthiers.fr\/wp-content\/uploads\/2022\/05\/IMG_6691-scaled.jpg\" alt=\"\" class=\"wp-image-1412\" srcset=\"https:\/\/guitares-et-luthiers.fr\/wp-content\/uploads\/2022\/05\/IMG_6691-scaled.jpg 2560w, https:\/\/guitares-et-luthiers.fr\/wp-content\/uploads\/2022\/05\/IMG_6691-300x248.jpg 300w, https:\/\/guitares-et-luthiers.fr\/wp-content\/uploads\/2022\/05\/IMG_6691-1024x848.jpg 1024w, https:\/\/guitares-et-luthiers.fr\/wp-content\/uploads\/2022\/05\/IMG_6691-768x636.jpg 768w, https:\/\/guitares-et-luthiers.fr\/wp-content\/uploads\/2022\/05\/IMG_6691-1536x1271.jpg 1536w, https:\/\/guitares-et-luthiers.fr\/wp-content\/uploads\/2022\/05\/IMG_6691-2048x1695.jpg 2048w\" sizes=\"auto, (max-width: 706px) 89vw, (max-width: 767px) 82vw, 740px\" \/><\/a><\/figure>\n\n\n\n<figure class=\"wp-block-image size-large\"><a href=\"https:\/\/guitares-et-luthiers.fr\/wp-content\/uploads\/2022\/05\/IMG_6695-scaled.jpg\" rel=\"lightbox[1421]\"><img loading=\"lazy\" decoding=\"async\" width=\"1383\" height=\"2560\" data-id=\"1413\" src=\"https:\/\/guitares-et-luthiers.fr\/wp-content\/uploads\/2022\/05\/IMG_6695-scaled.jpg\" alt=\"\" class=\"wp-image-1413\" srcset=\"https:\/\/guitares-et-luthiers.fr\/wp-content\/uploads\/2022\/05\/IMG_6695-scaled.jpg 1383w, https:\/\/guitares-et-luthiers.fr\/wp-content\/uploads\/2022\/05\/IMG_6695-162x300.jpg 162w, https:\/\/guitares-et-luthiers.fr\/wp-content\/uploads\/2022\/05\/IMG_6695-553x1024.jpg 553w, https:\/\/guitares-et-luthiers.fr\/wp-content\/uploads\/2022\/05\/IMG_6695-768x1421.jpg 768w, https:\/\/guitares-et-luthiers.fr\/wp-content\/uploads\/2022\/05\/IMG_6695-830x1536.jpg 830w, https:\/\/guitares-et-luthiers.fr\/wp-content\/uploads\/2022\/05\/IMG_6695-1107x2048.jpg 1107w\" sizes=\"auto, (max-width: 706px) 89vw, (max-width: 767px) 82vw, 740px\" \/><\/a><\/figure>\n\n\n\n<figure class=\"wp-block-image size-large\"><a href=\"https:\/\/guitares-et-luthiers.fr\/wp-content\/uploads\/2022\/05\/IMG_6696-scaled.jpg\" rel=\"lightbox[1421]\"><img loading=\"lazy\" decoding=\"async\" width=\"1920\" height=\"2560\" data-id=\"1414\" src=\"https:\/\/guitares-et-luthiers.fr\/wp-content\/uploads\/2022\/05\/IMG_6696-scaled.jpg\" alt=\"\" class=\"wp-image-1414\" srcset=\"https:\/\/guitares-et-luthiers.fr\/wp-content\/uploads\/2022\/05\/IMG_6696-scaled.jpg 1920w, https:\/\/guitares-et-luthiers.fr\/wp-content\/uploads\/2022\/05\/IMG_6696-225x300.jpg 225w, https:\/\/guitares-et-luthiers.fr\/wp-content\/uploads\/2022\/05\/IMG_6696-768x1024.jpg 768w, https:\/\/guitares-et-luthiers.fr\/wp-content\/uploads\/2022\/05\/IMG_6696-1152x1536.jpg 1152w, https:\/\/guitares-et-luthiers.fr\/wp-content\/uploads\/2022\/05\/IMG_6696-1536x2048.jpg 1536w\" sizes=\"auto, (max-width: 706px) 89vw, (max-width: 767px) 82vw, 740px\" \/><\/a><\/figure>\n<\/figure>\n\n\n\n<p>&nbsp; &nbsp;<\/p>\n","protected":false},"excerpt":{"rendered":"<p>Mod\u00e8le :&nbsp;Concert Ann\u00e9e : 2008 Bois :&nbsp;table en \u00e9pic\u00e9a, caisse en palissandre , manche en cedro, touche en \u00e9b\u00e8ne , chevalet et plaque de t\u00eate en palissandre, sillet en os, avec \u00e9tui. &nbsp; &nbsp;<\/p>\n","protected":false},"author":2,"featured_media":0,"parent":0,"menu_order":0,"comment_status":"closed","ping_status":"closed","template":"","meta":{"footnotes":""},"class_list":["post-1421","page","type-page","status-publish","hentry"],"_links":{"self":[{"href":"https:\/\/guitares-et-luthiers.fr\/index.php?rest_route=\/wp\/v2\/pages\/1421","targetHints":{"allow":["GET"]}}],"collection":[{"href":"https:\/\/guitares-et-luthiers.fr\/index.php?rest_route=\/wp\/v2\/pages"}],"about":[{"href":"https:\/\/guitares-et-luthiers.fr\/index.php?rest_route=\/wp\/v2\/types\/page"}],"author":[{"embeddable":true,"href":"https:\/\/guitares-et-luthiers.fr\/index.php?rest_route=\/wp\/v2\/users\/2"}],"replies":[{"embeddable":true,"href":"https:\/\/guitares-et-luthiers.fr\/index.php?rest_route=%2Fwp%2Fv2%2Fcomments&post=1421"}],"version-history":[{"count":2,"href":"https:\/\/guitares-et-luthiers.fr\/index.php?rest_route=\/wp\/v2\/pages\/1421\/revisions"}],"predecessor-version":[{"id":1424,"href":"https:\/\/guitares-et-luthiers.fr\/index.php?rest_route=\/wp\/v2\/pages\/1421\/revisions\/1424"}],"wp:attachment":[{"href":"https:\/\/guitares-et-luthiers.fr\/index.php?rest_route=%2Fwp%2Fv2%2Fmedia&parent=1421"}],"curies":[{"name":"wp","href":"https:\/\/api.w.org\/{rel}","templated":true}]}}