{"id":1507,"date":"2022-11-27T20:02:14","date_gmt":"2022-11-27T19:02:14","guid":{"rendered":"http:\/\/guitares-et-luthiers.fr\/?page_id=1507"},"modified":"2022-12-16T13:58:05","modified_gmt":"2022-12-16T12:58:05","slug":"daniel-stark","status":"publish","type":"page","link":"https:\/\/guitares-et-luthiers.fr\/?page_id=1507","title":{"rendered":"Daniel Stark"},"content":{"rendered":"\n<p>Luthier : Daniel Stark<\/p>\n\n\n\n<p>Mod\u00e8le :&nbsp;Double table<\/p>\n\n\n\n<p>Ann\u00e9e : 2010 <\/p>\n\n\n\n<p>Bois :&nbsp;table \u00e9pic\u00e9a , \u00e9clisses en palissandre, dos en palissandre et \u00e9rable ond\u00e9. <\/p>\n\n\n\n<p>M\u00e9caniques Alessi . Avec \u00e9tui rigide. <\/p>\n\n\n\n<p>Vous pouvez voir \/ \u00e9couter cette guitare sur les vid\u00e9os suivantes . Cela ne peut que vous donner un ordre d&rsquo;id\u00e9e ( avec toutes les r\u00e9serves possibles concernant un enregistrement restitu\u00e9 sur votre ordinateur et un flux compress\u00e9 &#8230; en gros le vrai son est meilleur !!!!!!!! ) <\/p>\n\n\n\n<figure class=\"wp-block-embed is-type-video is-provider-youtube wp-block-embed-youtube wp-embed-aspect-4-3 wp-has-aspect-ratio\"><div class=\"wp-block-embed__wrapper\">\n<iframe loading=\"lazy\" title=\"S\u00e9bastien CANARD VOLLAND - 2019 - Largo et Allegro, Fantaisie n\u00b01 (Telemann)\" width=\"525\" height=\"394\" src=\"https:\/\/www.youtube.com\/embed\/oBIrT7fTzlg?feature=oembed\" frameborder=\"0\" allow=\"accelerometer; autoplay; clipboard-write; encrypted-media; gyroscope; picture-in-picture; web-share\" referrerpolicy=\"strict-origin-when-cross-origin\" allowfullscreen><\/iframe>\n<\/div><figcaption class=\"wp-element-caption\">Guitare Daniel Stark <\/figcaption><\/figure>\n\n\n\n<figure class=\"wp-block-embed is-type-video is-provider-youtube wp-block-embed-youtube wp-embed-aspect-4-3 wp-has-aspect-ratio\"><div class=\"wp-block-embed__wrapper\">\n<iframe loading=\"lazy\" title=\"S\u00e9bastien CANARD VOLLAND - 2019 -  PI (S. Assad)\" width=\"525\" height=\"394\" src=\"https:\/\/www.youtube.com\/embed\/oaDQbwYoh5Q?feature=oembed\" frameborder=\"0\" allow=\"accelerometer; autoplay; clipboard-write; encrypted-media; gyroscope; picture-in-picture; web-share\" referrerpolicy=\"strict-origin-when-cross-origin\" allowfullscreen><\/iframe>\n<\/div><\/figure>\n\n\n\n<figure class=\"wp-block-gallery has-nested-images columns-default is-cropped wp-block-gallery-1 is-layout-flex wp-block-gallery-is-layout-flex\">\n<figure class=\"wp-block-image size-large\"><a href=\"https:\/\/guitares-et-luthiers.fr\/wp-content\/uploads\/2022\/12\/IMG_8607-scaled.jpeg\" rel=\"lightbox[1507]\"><img loading=\"lazy\" decoding=\"async\" width=\"584\" height=\"1024\" data-id=\"1528\" src=\"https:\/\/guitares-et-luthiers.fr\/wp-content\/uploads\/2022\/12\/IMG_8607-584x1024.jpeg\" alt=\"\" class=\"wp-image-1528\" srcset=\"https:\/\/guitares-et-luthiers.fr\/wp-content\/uploads\/2022\/12\/IMG_8607-584x1024.jpeg 584w, https:\/\/guitares-et-luthiers.fr\/wp-content\/uploads\/2022\/12\/IMG_8607-171x300.jpeg 171w, https:\/\/guitares-et-luthiers.fr\/wp-content\/uploads\/2022\/12\/IMG_8607-768x1347.jpeg 768w, https:\/\/guitares-et-luthiers.fr\/wp-content\/uploads\/2022\/12\/IMG_8607-876x1536.jpeg 876w, https:\/\/guitares-et-luthiers.fr\/wp-content\/uploads\/2022\/12\/IMG_8607-1168x2048.jpeg 1168w, https:\/\/guitares-et-luthiers.fr\/wp-content\/uploads\/2022\/12\/IMG_8607-scaled.jpeg 1459w\" sizes=\"auto, (max-width: 584px) 100vw, 584px\" \/><\/a><\/figure>\n\n\n\n<figure class=\"wp-block-image size-large\"><a href=\"https:\/\/guitares-et-luthiers.fr\/wp-content\/uploads\/2022\/12\/IMG_8606-scaled.jpeg\" rel=\"lightbox[1507]\"><img loading=\"lazy\" decoding=\"async\" width=\"768\" height=\"1024\" data-id=\"1527\" src=\"https:\/\/guitares-et-luthiers.fr\/wp-content\/uploads\/2022\/12\/IMG_8606-768x1024.jpeg\" alt=\"\" class=\"wp-image-1527\" srcset=\"https:\/\/guitares-et-luthiers.fr\/wp-content\/uploads\/2022\/12\/IMG_8606-768x1024.jpeg 768w, https:\/\/guitares-et-luthiers.fr\/wp-content\/uploads\/2022\/12\/IMG_8606-225x300.jpeg 225w, https:\/\/guitares-et-luthiers.fr\/wp-content\/uploads\/2022\/12\/IMG_8606-1152x1536.jpeg 1152w, https:\/\/guitares-et-luthiers.fr\/wp-content\/uploads\/2022\/12\/IMG_8606-1536x2048.jpeg 1536w, https:\/\/guitares-et-luthiers.fr\/wp-content\/uploads\/2022\/12\/IMG_8606-scaled.jpeg 1920w\" sizes=\"auto, (max-width: 706px) 89vw, (max-width: 767px) 82vw, 740px\" \/><\/a><\/figure>\n\n\n\n<figure class=\"wp-block-image size-large\"><a href=\"https:\/\/guitares-et-luthiers.fr\/wp-content\/uploads\/2022\/12\/IMG_8605-scaled.jpeg\" rel=\"lightbox[1507]\"><img loading=\"lazy\" decoding=\"async\" width=\"768\" height=\"1024\" data-id=\"1526\" src=\"https:\/\/guitares-et-luthiers.fr\/wp-content\/uploads\/2022\/12\/IMG_8605-768x1024.jpeg\" alt=\"\" class=\"wp-image-1526\" srcset=\"https:\/\/guitares-et-luthiers.fr\/wp-content\/uploads\/2022\/12\/IMG_8605-768x1024.jpeg 768w, https:\/\/guitares-et-luthiers.fr\/wp-content\/uploads\/2022\/12\/IMG_8605-225x300.jpeg 225w, https:\/\/guitares-et-luthiers.fr\/wp-content\/uploads\/2022\/12\/IMG_8605-1152x1536.jpeg 1152w, https:\/\/guitares-et-luthiers.fr\/wp-content\/uploads\/2022\/12\/IMG_8605-1536x2048.jpeg 1536w, https:\/\/guitares-et-luthiers.fr\/wp-content\/uploads\/2022\/12\/IMG_8605-scaled.jpeg 1920w\" sizes=\"auto, (max-width: 706px) 89vw, (max-width: 767px) 82vw, 740px\" \/><\/a><\/figure>\n\n\n\n<figure class=\"wp-block-image size-large\"><a href=\"https:\/\/guitares-et-luthiers.fr\/wp-content\/uploads\/2022\/12\/IMG_8604-scaled.jpeg\" rel=\"lightbox[1507]\"><img loading=\"lazy\" decoding=\"async\" width=\"1024\" height=\"768\" data-id=\"1525\" src=\"https:\/\/guitares-et-luthiers.fr\/wp-content\/uploads\/2022\/12\/IMG_8604-1024x768.jpeg\" alt=\"\" class=\"wp-image-1525\" srcset=\"https:\/\/guitares-et-luthiers.fr\/wp-content\/uploads\/2022\/12\/IMG_8604-1024x768.jpeg 1024w, https:\/\/guitares-et-luthiers.fr\/wp-content\/uploads\/2022\/12\/IMG_8604-300x225.jpeg 300w, https:\/\/guitares-et-luthiers.fr\/wp-content\/uploads\/2022\/12\/IMG_8604-768x576.jpeg 768w, https:\/\/guitares-et-luthiers.fr\/wp-content\/uploads\/2022\/12\/IMG_8604-1536x1152.jpeg 1536w, https:\/\/guitares-et-luthiers.fr\/wp-content\/uploads\/2022\/12\/IMG_8604-2048x1536.jpeg 2048w\" sizes=\"auto, (max-width: 706px) 89vw, (max-width: 767px) 82vw, 740px\" \/><\/a><\/figure>\n\n\n\n<figure class=\"wp-block-image size-large\"><a href=\"https:\/\/guitares-et-luthiers.fr\/wp-content\/uploads\/2022\/12\/IMG_8611-scaled.jpeg\" rel=\"lightbox[1507]\"><img loading=\"lazy\" decoding=\"async\" width=\"768\" height=\"1024\" data-id=\"1532\" src=\"https:\/\/guitares-et-luthiers.fr\/wp-content\/uploads\/2022\/12\/IMG_8611-768x1024.jpeg\" alt=\"\" class=\"wp-image-1532\" srcset=\"https:\/\/guitares-et-luthiers.fr\/wp-content\/uploads\/2022\/12\/IMG_8611-768x1024.jpeg 768w, https:\/\/guitares-et-luthiers.fr\/wp-content\/uploads\/2022\/12\/IMG_8611-225x300.jpeg 225w, https:\/\/guitares-et-luthiers.fr\/wp-content\/uploads\/2022\/12\/IMG_8611-1152x1536.jpeg 1152w, https:\/\/guitares-et-luthiers.fr\/wp-content\/uploads\/2022\/12\/IMG_8611-1536x2048.jpeg 1536w, https:\/\/guitares-et-luthiers.fr\/wp-content\/uploads\/2022\/12\/IMG_8611-scaled.jpeg 1920w\" sizes=\"auto, (max-width: 706px) 89vw, (max-width: 767px) 82vw, 740px\" \/><\/a><\/figure>\n\n\n\n<figure class=\"wp-block-image size-large\"><a href=\"https:\/\/guitares-et-luthiers.fr\/wp-content\/uploads\/2022\/12\/IMG_8609-scaled.jpeg\" rel=\"lightbox[1507]\"><img loading=\"lazy\" decoding=\"async\" width=\"768\" height=\"1024\" data-id=\"1530\" src=\"https:\/\/guitares-et-luthiers.fr\/wp-content\/uploads\/2022\/12\/IMG_8609-768x1024.jpeg\" alt=\"\" class=\"wp-image-1530\" srcset=\"https:\/\/guitares-et-luthiers.fr\/wp-content\/uploads\/2022\/12\/IMG_8609-768x1024.jpeg 768w, https:\/\/guitares-et-luthiers.fr\/wp-content\/uploads\/2022\/12\/IMG_8609-225x300.jpeg 225w, https:\/\/guitares-et-luthiers.fr\/wp-content\/uploads\/2022\/12\/IMG_8609-1152x1536.jpeg 1152w, https:\/\/guitares-et-luthiers.fr\/wp-content\/uploads\/2022\/12\/IMG_8609-1536x2048.jpeg 1536w, https:\/\/guitares-et-luthiers.fr\/wp-content\/uploads\/2022\/12\/IMG_8609-scaled.jpeg 1920w\" sizes=\"auto, (max-width: 706px) 89vw, (max-width: 767px) 82vw, 740px\" \/><\/a><\/figure>\n\n\n\n<figure class=\"wp-block-image size-large\"><a href=\"https:\/\/guitares-et-luthiers.fr\/wp-content\/uploads\/2022\/12\/IMG_8612-scaled.jpeg\" rel=\"lightbox[1507]\"><img loading=\"lazy\" decoding=\"async\" width=\"768\" height=\"1024\" data-id=\"1533\" src=\"https:\/\/guitares-et-luthiers.fr\/wp-content\/uploads\/2022\/12\/IMG_8612-768x1024.jpeg\" alt=\"\" class=\"wp-image-1533\" srcset=\"https:\/\/guitares-et-luthiers.fr\/wp-content\/uploads\/2022\/12\/IMG_8612-768x1024.jpeg 768w, https:\/\/guitares-et-luthiers.fr\/wp-content\/uploads\/2022\/12\/IMG_8612-225x300.jpeg 225w, https:\/\/guitares-et-luthiers.fr\/wp-content\/uploads\/2022\/12\/IMG_8612-1152x1536.jpeg 1152w, https:\/\/guitares-et-luthiers.fr\/wp-content\/uploads\/2022\/12\/IMG_8612-1536x2048.jpeg 1536w, https:\/\/guitares-et-luthiers.fr\/wp-content\/uploads\/2022\/12\/IMG_8612-scaled.jpeg 1920w\" sizes=\"auto, (max-width: 706px) 89vw, (max-width: 767px) 82vw, 740px\" \/><\/a><\/figure>\n\n\n\n<figure class=\"wp-block-image size-large\"><a href=\"https:\/\/guitares-et-luthiers.fr\/wp-content\/uploads\/2022\/12\/IMG_8613-scaled.jpeg\" rel=\"lightbox[1507]\"><img loading=\"lazy\" decoding=\"async\" width=\"768\" height=\"1024\" data-id=\"1534\" src=\"https:\/\/guitares-et-luthiers.fr\/wp-content\/uploads\/2022\/12\/IMG_8613-768x1024.jpeg\" alt=\"\" class=\"wp-image-1534\" srcset=\"https:\/\/guitares-et-luthiers.fr\/wp-content\/uploads\/2022\/12\/IMG_8613-768x1024.jpeg 768w, https:\/\/guitares-et-luthiers.fr\/wp-content\/uploads\/2022\/12\/IMG_8613-225x300.jpeg 225w, https:\/\/guitares-et-luthiers.fr\/wp-content\/uploads\/2022\/12\/IMG_8613-1152x1536.jpeg 1152w, https:\/\/guitares-et-luthiers.fr\/wp-content\/uploads\/2022\/12\/IMG_8613-1536x2048.jpeg 1536w, https:\/\/guitares-et-luthiers.fr\/wp-content\/uploads\/2022\/12\/IMG_8613-scaled.jpeg 1920w\" sizes=\"auto, (max-width: 706px) 89vw, (max-width: 767px) 82vw, 740px\" \/><\/a><\/figure>\n\n\n\n<figure class=\"wp-block-image size-large\"><a href=\"https:\/\/guitares-et-luthiers.fr\/wp-content\/uploads\/2022\/12\/IMG_8614-scaled.jpeg\" rel=\"lightbox[1507]\"><img loading=\"lazy\" decoding=\"async\" width=\"497\" height=\"1024\" data-id=\"1535\" src=\"https:\/\/guitares-et-luthiers.fr\/wp-content\/uploads\/2022\/12\/IMG_8614-497x1024.jpeg\" alt=\"\" class=\"wp-image-1535\" srcset=\"https:\/\/guitares-et-luthiers.fr\/wp-content\/uploads\/2022\/12\/IMG_8614-497x1024.jpeg 497w, https:\/\/guitares-et-luthiers.fr\/wp-content\/uploads\/2022\/12\/IMG_8614-145x300.jpeg 145w, https:\/\/guitares-et-luthiers.fr\/wp-content\/uploads\/2022\/12\/IMG_8614-768x1584.jpeg 768w, https:\/\/guitares-et-luthiers.fr\/wp-content\/uploads\/2022\/12\/IMG_8614-745x1536.jpeg 745w, https:\/\/guitares-et-luthiers.fr\/wp-content\/uploads\/2022\/12\/IMG_8614-993x2048.jpeg 993w, https:\/\/guitares-et-luthiers.fr\/wp-content\/uploads\/2022\/12\/IMG_8614-scaled.jpeg 1241w\" sizes=\"auto, (max-width: 497px) 100vw, 497px\" \/><\/a><\/figure>\n\n\n\n<figure class=\"wp-block-image size-large\"><a href=\"https:\/\/guitares-et-luthiers.fr\/wp-content\/uploads\/2022\/12\/IMG_8603-edited-scaled.jpeg\" rel=\"lightbox[1507]\"><img loading=\"lazy\" decoding=\"async\" width=\"768\" height=\"1024\" data-id=\"1540\" src=\"https:\/\/guitares-et-luthiers.fr\/wp-content\/uploads\/2022\/12\/IMG_8603-edited-768x1024.jpeg\" alt=\"\" class=\"wp-image-1540\" srcset=\"https:\/\/guitares-et-luthiers.fr\/wp-content\/uploads\/2022\/12\/IMG_8603-edited-768x1024.jpeg 768w, https:\/\/guitares-et-luthiers.fr\/wp-content\/uploads\/2022\/12\/IMG_8603-edited-225x300.jpeg 225w, https:\/\/guitares-et-luthiers.fr\/wp-content\/uploads\/2022\/12\/IMG_8603-edited-1152x1536.jpeg 1152w, https:\/\/guitares-et-luthiers.fr\/wp-content\/uploads\/2022\/12\/IMG_8603-edited-1536x2048.jpeg 1536w, https:\/\/guitares-et-luthiers.fr\/wp-content\/uploads\/2022\/12\/IMG_8603-edited-scaled.jpeg 1920w\" sizes=\"auto, (max-width: 706px) 89vw, (max-width: 767px) 82vw, 740px\" \/><\/a><\/figure>\n\n\n\n<figure class=\"wp-block-image size-large\"><a href=\"https:\/\/guitares-et-luthiers.fr\/wp-content\/uploads\/2022\/12\/IMG_8602-scaled.jpeg\" rel=\"lightbox[1507]\"><img loading=\"lazy\" decoding=\"async\" width=\"768\" height=\"1024\" data-id=\"1523\" src=\"https:\/\/guitares-et-luthiers.fr\/wp-content\/uploads\/2022\/12\/IMG_8602-768x1024.jpeg\" alt=\"\" class=\"wp-image-1523\" srcset=\"https:\/\/guitares-et-luthiers.fr\/wp-content\/uploads\/2022\/12\/IMG_8602-768x1024.jpeg 768w, https:\/\/guitares-et-luthiers.fr\/wp-content\/uploads\/2022\/12\/IMG_8602-225x300.jpeg 225w, https:\/\/guitares-et-luthiers.fr\/wp-content\/uploads\/2022\/12\/IMG_8602-1152x1536.jpeg 1152w, https:\/\/guitares-et-luthiers.fr\/wp-content\/uploads\/2022\/12\/IMG_8602-1536x2048.jpeg 1536w, https:\/\/guitares-et-luthiers.fr\/wp-content\/uploads\/2022\/12\/IMG_8602-scaled.jpeg 1920w\" sizes=\"auto, (max-width: 706px) 89vw, (max-width: 767px) 82vw, 740px\" \/><\/a><\/figure>\n\n\n\n<figure class=\"wp-block-image size-large\"><a href=\"https:\/\/guitares-et-luthiers.fr\/wp-content\/uploads\/2022\/12\/IMG_8601-scaled.jpeg\" rel=\"lightbox[1507]\"><img loading=\"lazy\" decoding=\"async\" width=\"768\" height=\"1024\" data-id=\"1522\" src=\"https:\/\/guitares-et-luthiers.fr\/wp-content\/uploads\/2022\/12\/IMG_8601-768x1024.jpeg\" alt=\"\" class=\"wp-image-1522\" srcset=\"https:\/\/guitares-et-luthiers.fr\/wp-content\/uploads\/2022\/12\/IMG_8601-768x1024.jpeg 768w, https:\/\/guitares-et-luthiers.fr\/wp-content\/uploads\/2022\/12\/IMG_8601-225x300.jpeg 225w, https:\/\/guitares-et-luthiers.fr\/wp-content\/uploads\/2022\/12\/IMG_8601-1152x1536.jpeg 1152w, https:\/\/guitares-et-luthiers.fr\/wp-content\/uploads\/2022\/12\/IMG_8601-1536x2048.jpeg 1536w, https:\/\/guitares-et-luthiers.fr\/wp-content\/uploads\/2022\/12\/IMG_8601-scaled.jpeg 1920w\" sizes=\"auto, (max-width: 706px) 89vw, (max-width: 767px) 82vw, 740px\" \/><\/a><\/figure>\n\n\n\n<figure class=\"wp-block-image size-large\"><a href=\"https:\/\/guitares-et-luthiers.fr\/wp-content\/uploads\/2022\/12\/IMG_8600-scaled.jpeg\" rel=\"lightbox[1507]\"><img loading=\"lazy\" decoding=\"async\" width=\"497\" height=\"1024\" data-id=\"1521\" src=\"https:\/\/guitares-et-luthiers.fr\/wp-content\/uploads\/2022\/12\/IMG_8600-497x1024.jpeg\" alt=\"\" class=\"wp-image-1521\" srcset=\"https:\/\/guitares-et-luthiers.fr\/wp-content\/uploads\/2022\/12\/IMG_8600-497x1024.jpeg 497w, https:\/\/guitares-et-luthiers.fr\/wp-content\/uploads\/2022\/12\/IMG_8600-146x300.jpeg 146w, https:\/\/guitares-et-luthiers.fr\/wp-content\/uploads\/2022\/12\/IMG_8600-768x1583.jpeg 768w, https:\/\/guitares-et-luthiers.fr\/wp-content\/uploads\/2022\/12\/IMG_8600-745x1536.jpeg 745w, https:\/\/guitares-et-luthiers.fr\/wp-content\/uploads\/2022\/12\/IMG_8600-994x2048.jpeg 994w, https:\/\/guitares-et-luthiers.fr\/wp-content\/uploads\/2022\/12\/IMG_8600-scaled.jpeg 1242w\" sizes=\"auto, (max-width: 497px) 100vw, 497px\" \/><\/a><\/figure>\n\n\n\n<figure class=\"wp-block-image size-large\"><a href=\"https:\/\/guitares-et-luthiers.fr\/wp-content\/uploads\/2022\/12\/IMG_8599-scaled.jpg\" rel=\"lightbox[1507]\"><img loading=\"lazy\" decoding=\"async\" width=\"768\" height=\"1024\" data-id=\"1520\" src=\"https:\/\/guitares-et-luthiers.fr\/wp-content\/uploads\/2022\/12\/IMG_8599-768x1024.jpg\" alt=\"Guitare Stark\" class=\"wp-image-1520\" srcset=\"https:\/\/guitares-et-luthiers.fr\/wp-content\/uploads\/2022\/12\/IMG_8599-768x1024.jpg 768w, https:\/\/guitares-et-luthiers.fr\/wp-content\/uploads\/2022\/12\/IMG_8599-225x300.jpg 225w, https:\/\/guitares-et-luthiers.fr\/wp-content\/uploads\/2022\/12\/IMG_8599-1152x1536.jpg 1152w, https:\/\/guitares-et-luthiers.fr\/wp-content\/uploads\/2022\/12\/IMG_8599-1536x2048.jpg 1536w, https:\/\/guitares-et-luthiers.fr\/wp-content\/uploads\/2022\/12\/IMG_8599-scaled.jpg 1920w\" sizes=\"auto, (max-width: 706px) 89vw, (max-width: 767px) 82vw, 740px\" \/><\/a><\/figure>\n<\/figure>\n","protected":false},"excerpt":{"rendered":"<p>Luthier : Daniel Stark Mod\u00e8le :&nbsp;Double table Ann\u00e9e : 2010 Bois :&nbsp;table \u00e9pic\u00e9a , \u00e9clisses en palissandre, dos en palissandre et \u00e9rable ond\u00e9. M\u00e9caniques Alessi . Avec \u00e9tui rigide. Vous pouvez voir \/ \u00e9couter cette guitare sur les vid\u00e9os suivantes . Cela ne peut que vous donner un ordre d&rsquo;id\u00e9e ( avec toutes les r\u00e9serves &hellip; <\/p>\n<p class=\"link-more\"><a href=\"https:\/\/guitares-et-luthiers.fr\/?page_id=1507\" class=\"more-link\">Continuer la lecture<span class=\"screen-reader-text\"> de &laquo;&nbsp;Daniel Stark&nbsp;&raquo;<\/span><\/a><\/p>\n","protected":false},"author":2,"featured_media":0,"parent":0,"menu_order":0,"comment_status":"closed","ping_status":"closed","template":"","meta":{"footnotes":""},"class_list":["post-1507","page","type-page","status-publish","hentry"],"_links":{"self":[{"href":"https:\/\/guitares-et-luthiers.fr\/index.php?rest_route=\/wp\/v2\/pages\/1507","targetHints":{"allow":["GET"]}}],"collection":[{"href":"https:\/\/guitares-et-luthiers.fr\/index.php?rest_route=\/wp\/v2\/pages"}],"about":[{"href":"https:\/\/guitares-et-luthiers.fr\/index.php?rest_route=\/wp\/v2\/types\/page"}],"author":[{"embeddable":true,"href":"https:\/\/guitares-et-luthiers.fr\/index.php?rest_route=\/wp\/v2\/users\/2"}],"replies":[{"embeddable":true,"href":"https:\/\/guitares-et-luthiers.fr\/index.php?rest_route=%2Fwp%2Fv2%2Fcomments&post=1507"}],"version-history":[{"count":4,"href":"https:\/\/guitares-et-luthiers.fr\/index.php?rest_route=\/wp\/v2\/pages\/1507\/revisions"}],"predecessor-version":[{"id":1543,"href":"https:\/\/guitares-et-luthiers.fr\/index.php?rest_route=\/wp\/v2\/pages\/1507\/revisions\/1543"}],"wp:attachment":[{"href":"https:\/\/guitares-et-luthiers.fr\/index.php?rest_route=%2Fwp%2Fv2%2Fmedia&parent=1507"}],"curies":[{"name":"wp","href":"https:\/\/api.w.org\/{rel}","templated":true}]}}