{"id":1556,"date":"2022-12-16T15:03:08","date_gmt":"2022-12-16T14:03:08","guid":{"rendered":"http:\/\/guitares-et-luthiers.fr\/?page_id=1556"},"modified":"2022-12-16T15:11:23","modified_gmt":"2022-12-16T14:11:23","slug":"guitare-jean-marie-fouilleul-c9-2018","status":"publish","type":"page","link":"https:\/\/guitares-et-luthiers.fr\/?page_id=1556","title":{"rendered":"Guitare Jean Marie Fouilleul C9 2018"},"content":{"rendered":"\n<p>table en red cedar ,\u00a0fond et \u00e9clisses en palissandre des Indes, chevalet en palissandre des Indes,\u00a0placage de t\u00eate palissandre indien et loupe d\u2019orme,\u00a0marqueterie rosace en loupe d\u2019orme,\u00a0touche en \u00e9b\u00e8ne,\u00a0vernis tampon,\u00a0diapason 65cm\u00a0m\u00e9canique Schertler.<\/p>\n\n\n\n<p>Une guitare avec les caract\u00e9ristiques propres \u00e0 ce que j&rsquo;ai toujours trouv\u00e9 dans les guitares de Jean-Marie Fouilleul, musicalit\u00e9, expressivit\u00e9, facilit\u00e9 de jeu, pr\u00e9cision, clart\u00e9, homog\u00e9n\u00e9it\u00e9 et bien d&rsquo;autres qualit\u00e9s encore.<\/p>\n\n\n\n<p>Site de Jean-Marie Fouilleul :<\/p>\n\n\n\n<p><a href=\"http:\/\/www.guitar-fouilleul.com\/\">www.guitar-fouilleul.com<\/a><\/p>\n\n\n\n<p>ref:\u201cguitares et luthiers d\u2019en France\u201dEd Chandelle<\/p>\n\n\n\n<p>Extraits musicaux du m\u00eame mod\u00e8le C9 mais de 2012 que j&rsquo;ai eu pr\u00e9c\u00e9demment ( pour se faire une id\u00e9e) : \u00a0<a href=\"https:\/\/guitares-et-luthiers.fr\/?page_id=187\">https:\/\/guitares-et-luthiers.fr\/?page_id=187<\/a><\/p>\n\n\n\n<figure class=\"wp-block-audio\"><audio controls src=\"https:\/\/guitares-et-luthiers.fr\/wp-content\/uploads\/2014\/01\/koyunbaba1.mp3\"><\/audio><figcaption class=\"wp-element-caption\">Koyunbaba 1 par C\u00e9cile Joly sur C9 2012<\/figcaption><\/figure>\n\n\n\n<p>\u00a0\u00bb Koyunbaba 2 \u00a0\u00bb par C\u00e9cile Joly sur guitare Jean-Marie Fouilleul C9<\/p>\n\n\n\n<figure class=\"wp-block-audio\"><audio controls src=\"https:\/\/guitares-et-luthiers.fr\/wp-content\/uploads\/2014\/01\/koyunbaba2.mp3\"><\/audio><\/figure>\n\n\n\n<p>\u00a0\u00bb Koyunbaba 3 \u00a0\u00bb par C\u00e9cile Joly sur guitare Jean-Marie Fouilleul C9<\/p>\n\n\n\n<figure class=\"wp-block-audio\"><audio controls src=\"https:\/\/guitares-et-luthiers.fr\/wp-content\/uploads\/2014\/01\/koyunbaba3.mp3\"><\/audio><\/figure>\n\n\n\n<figure class=\"wp-block-embed is-type-video is-provider-youtube wp-block-embed-youtube wp-embed-aspect-16-9 wp-has-aspect-ratio\"><div class=\"wp-block-embed__wrapper\">\n<iframe loading=\"lazy\" title=\"Koyunbaba (IV) de Carlo Domeniconi, interpr\u00e9t\u00e9 par C\u00e9cile Joly\" width=\"525\" height=\"295\" src=\"https:\/\/www.youtube.com\/embed\/TSeoIrR4dSA?feature=oembed\" frameborder=\"0\" allow=\"accelerometer; autoplay; clipboard-write; encrypted-media; gyroscope; picture-in-picture; web-share\" referrerpolicy=\"strict-origin-when-cross-origin\" allowfullscreen><\/iframe>\n<\/div><\/figure>\n\n\n\n<figure class=\"wp-block-gallery has-nested-images columns-default is-cropped wp-block-gallery-1 is-layout-flex wp-block-gallery-is-layout-flex\">\n<figure class=\"wp-block-image size-large\"><a href=\"https:\/\/guitares-et-luthiers.fr\/wp-content\/uploads\/2022\/12\/IMG_8615-scaled.jpeg\" rel=\"lightbox[1556]\"><img loading=\"lazy\" decoding=\"async\" width=\"502\" height=\"1024\" data-id=\"1544\" src=\"https:\/\/guitares-et-luthiers.fr\/wp-content\/uploads\/2022\/12\/IMG_8615-502x1024.jpeg\" alt=\"\" class=\"wp-image-1544\" srcset=\"https:\/\/guitares-et-luthiers.fr\/wp-content\/uploads\/2022\/12\/IMG_8615-502x1024.jpeg 502w, https:\/\/guitares-et-luthiers.fr\/wp-content\/uploads\/2022\/12\/IMG_8615-147x300.jpeg 147w, https:\/\/guitares-et-luthiers.fr\/wp-content\/uploads\/2022\/12\/IMG_8615-768x1565.jpeg 768w, https:\/\/guitares-et-luthiers.fr\/wp-content\/uploads\/2022\/12\/IMG_8615-754x1536.jpeg 754w, https:\/\/guitares-et-luthiers.fr\/wp-content\/uploads\/2022\/12\/IMG_8615-1005x2048.jpeg 1005w, https:\/\/guitares-et-luthiers.fr\/wp-content\/uploads\/2022\/12\/IMG_8615-scaled.jpeg 1256w\" sizes=\"auto, (max-width: 502px) 100vw, 502px\" \/><\/a><\/figure>\n\n\n\n<figure class=\"wp-block-image size-large\"><a href=\"https:\/\/guitares-et-luthiers.fr\/wp-content\/uploads\/2022\/12\/IMG_8623-scaled.jpeg\" rel=\"lightbox[1556]\"><img loading=\"lazy\" decoding=\"async\" width=\"768\" height=\"1024\" data-id=\"1551\" src=\"https:\/\/guitares-et-luthiers.fr\/wp-content\/uploads\/2022\/12\/IMG_8623-768x1024.jpeg\" alt=\"\" class=\"wp-image-1551\" srcset=\"https:\/\/guitares-et-luthiers.fr\/wp-content\/uploads\/2022\/12\/IMG_8623-768x1024.jpeg 768w, https:\/\/guitares-et-luthiers.fr\/wp-content\/uploads\/2022\/12\/IMG_8623-225x300.jpeg 225w, https:\/\/guitares-et-luthiers.fr\/wp-content\/uploads\/2022\/12\/IMG_8623-1152x1536.jpeg 1152w, https:\/\/guitares-et-luthiers.fr\/wp-content\/uploads\/2022\/12\/IMG_8623-1536x2048.jpeg 1536w, https:\/\/guitares-et-luthiers.fr\/wp-content\/uploads\/2022\/12\/IMG_8623-scaled.jpeg 1920w\" sizes=\"auto, (max-width: 706px) 89vw, (max-width: 767px) 82vw, 740px\" \/><\/a><\/figure>\n\n\n\n<figure class=\"wp-block-image size-large\"><a href=\"https:\/\/guitares-et-luthiers.fr\/wp-content\/uploads\/2022\/12\/IMG_8619-scaled.jpeg\" rel=\"lightbox[1556]\"><img loading=\"lazy\" decoding=\"async\" width=\"768\" height=\"1024\" data-id=\"1547\" src=\"https:\/\/guitares-et-luthiers.fr\/wp-content\/uploads\/2022\/12\/IMG_8619-768x1024.jpeg\" alt=\"\" class=\"wp-image-1547\" srcset=\"https:\/\/guitares-et-luthiers.fr\/wp-content\/uploads\/2022\/12\/IMG_8619-768x1024.jpeg 768w, https:\/\/guitares-et-luthiers.fr\/wp-content\/uploads\/2022\/12\/IMG_8619-225x300.jpeg 225w, https:\/\/guitares-et-luthiers.fr\/wp-content\/uploads\/2022\/12\/IMG_8619-1152x1536.jpeg 1152w, https:\/\/guitares-et-luthiers.fr\/wp-content\/uploads\/2022\/12\/IMG_8619-1536x2048.jpeg 1536w, https:\/\/guitares-et-luthiers.fr\/wp-content\/uploads\/2022\/12\/IMG_8619-scaled.jpeg 1920w\" sizes=\"auto, (max-width: 706px) 89vw, (max-width: 767px) 82vw, 740px\" \/><\/a><\/figure>\n\n\n\n<figure class=\"wp-block-image size-large\"><a href=\"https:\/\/guitares-et-luthiers.fr\/wp-content\/uploads\/2022\/12\/IMG_8622-scaled.jpeg\" rel=\"lightbox[1556]\"><img loading=\"lazy\" decoding=\"async\" width=\"768\" height=\"1024\" data-id=\"1550\" src=\"https:\/\/guitares-et-luthiers.fr\/wp-content\/uploads\/2022\/12\/IMG_8622-768x1024.jpeg\" alt=\"\" class=\"wp-image-1550\" srcset=\"https:\/\/guitares-et-luthiers.fr\/wp-content\/uploads\/2022\/12\/IMG_8622-768x1024.jpeg 768w, https:\/\/guitares-et-luthiers.fr\/wp-content\/uploads\/2022\/12\/IMG_8622-225x300.jpeg 225w, https:\/\/guitares-et-luthiers.fr\/wp-content\/uploads\/2022\/12\/IMG_8622-1152x1536.jpeg 1152w, https:\/\/guitares-et-luthiers.fr\/wp-content\/uploads\/2022\/12\/IMG_8622-1536x2048.jpeg 1536w, https:\/\/guitares-et-luthiers.fr\/wp-content\/uploads\/2022\/12\/IMG_8622-scaled.jpeg 1920w\" sizes=\"auto, (max-width: 706px) 89vw, (max-width: 767px) 82vw, 740px\" \/><\/a><\/figure>\n\n\n\n<figure class=\"wp-block-image size-large\"><a href=\"https:\/\/guitares-et-luthiers.fr\/wp-content\/uploads\/2022\/12\/IMG_8621-scaled.jpeg\" rel=\"lightbox[1556]\"><img loading=\"lazy\" decoding=\"async\" width=\"1024\" height=\"428\" data-id=\"1549\" src=\"https:\/\/guitares-et-luthiers.fr\/wp-content\/uploads\/2022\/12\/IMG_8621-1024x428.jpeg\" alt=\"\" class=\"wp-image-1549\" srcset=\"https:\/\/guitares-et-luthiers.fr\/wp-content\/uploads\/2022\/12\/IMG_8621-1024x428.jpeg 1024w, https:\/\/guitares-et-luthiers.fr\/wp-content\/uploads\/2022\/12\/IMG_8621-300x125.jpeg 300w, https:\/\/guitares-et-luthiers.fr\/wp-content\/uploads\/2022\/12\/IMG_8621-768x321.jpeg 768w, https:\/\/guitares-et-luthiers.fr\/wp-content\/uploads\/2022\/12\/IMG_8621-1536x642.jpeg 1536w, https:\/\/guitares-et-luthiers.fr\/wp-content\/uploads\/2022\/12\/IMG_8621-2048x856.jpeg 2048w\" sizes=\"auto, (max-width: 706px) 89vw, (max-width: 767px) 82vw, 740px\" \/><\/a><\/figure>\n\n\n\n<figure class=\"wp-block-image size-large\"><a href=\"https:\/\/guitares-et-luthiers.fr\/wp-content\/uploads\/2022\/12\/IMG_8620-scaled.jpeg\" rel=\"lightbox[1556]\"><img loading=\"lazy\" decoding=\"async\" width=\"815\" height=\"1024\" data-id=\"1548\" src=\"https:\/\/guitares-et-luthiers.fr\/wp-content\/uploads\/2022\/12\/IMG_8620-815x1024.jpeg\" alt=\"\" class=\"wp-image-1548\" srcset=\"https:\/\/guitares-et-luthiers.fr\/wp-content\/uploads\/2022\/12\/IMG_8620-815x1024.jpeg 815w, https:\/\/guitares-et-luthiers.fr\/wp-content\/uploads\/2022\/12\/IMG_8620-239x300.jpeg 239w, https:\/\/guitares-et-luthiers.fr\/wp-content\/uploads\/2022\/12\/IMG_8620-768x964.jpeg 768w, https:\/\/guitares-et-luthiers.fr\/wp-content\/uploads\/2022\/12\/IMG_8620-1223x1536.jpeg 1223w, https:\/\/guitares-et-luthiers.fr\/wp-content\/uploads\/2022\/12\/IMG_8620-1631x2048.jpeg 1631w, https:\/\/guitares-et-luthiers.fr\/wp-content\/uploads\/2022\/12\/IMG_8620-scaled.jpeg 2039w\" sizes=\"auto, (max-width: 706px) 89vw, (max-width: 767px) 82vw, 740px\" \/><\/a><\/figure>\n\n\n\n<figure class=\"wp-block-image size-large\"><a href=\"https:\/\/guitares-et-luthiers.fr\/wp-content\/uploads\/2022\/12\/IMG_8618-scaled.jpeg\" rel=\"lightbox[1556]\"><img loading=\"lazy\" decoding=\"async\" width=\"768\" height=\"1024\" data-id=\"1546\" src=\"https:\/\/guitares-et-luthiers.fr\/wp-content\/uploads\/2022\/12\/IMG_8618-768x1024.jpeg\" alt=\"\" class=\"wp-image-1546\" srcset=\"https:\/\/guitares-et-luthiers.fr\/wp-content\/uploads\/2022\/12\/IMG_8618-768x1024.jpeg 768w, https:\/\/guitares-et-luthiers.fr\/wp-content\/uploads\/2022\/12\/IMG_8618-225x300.jpeg 225w, https:\/\/guitares-et-luthiers.fr\/wp-content\/uploads\/2022\/12\/IMG_8618-1152x1536.jpeg 1152w, https:\/\/guitares-et-luthiers.fr\/wp-content\/uploads\/2022\/12\/IMG_8618-1536x2048.jpeg 1536w, https:\/\/guitares-et-luthiers.fr\/wp-content\/uploads\/2022\/12\/IMG_8618-scaled.jpeg 1920w\" sizes=\"auto, (max-width: 706px) 89vw, (max-width: 767px) 82vw, 740px\" \/><\/a><\/figure>\n\n\n\n<figure class=\"wp-block-image size-large\"><a href=\"https:\/\/guitares-et-luthiers.fr\/wp-content\/uploads\/2022\/12\/IMG_8625-scaled.jpeg\" rel=\"lightbox[1556]\"><img loading=\"lazy\" decoding=\"async\" width=\"868\" height=\"1024\" data-id=\"1552\" src=\"https:\/\/guitares-et-luthiers.fr\/wp-content\/uploads\/2022\/12\/IMG_8625-868x1024.jpeg\" alt=\"\" class=\"wp-image-1552\" srcset=\"https:\/\/guitares-et-luthiers.fr\/wp-content\/uploads\/2022\/12\/IMG_8625-868x1024.jpeg 868w, https:\/\/guitares-et-luthiers.fr\/wp-content\/uploads\/2022\/12\/IMG_8625-254x300.jpeg 254w, https:\/\/guitares-et-luthiers.fr\/wp-content\/uploads\/2022\/12\/IMG_8625-768x906.jpeg 768w, https:\/\/guitares-et-luthiers.fr\/wp-content\/uploads\/2022\/12\/IMG_8625-1301x1536.jpeg 1301w, https:\/\/guitares-et-luthiers.fr\/wp-content\/uploads\/2022\/12\/IMG_8625-1735x2048.jpeg 1735w\" sizes=\"auto, (max-width: 706px) 89vw, (max-width: 767px) 82vw, 740px\" \/><\/a><\/figure>\n\n\n\n<figure class=\"wp-block-image size-large\"><a href=\"https:\/\/guitares-et-luthiers.fr\/wp-content\/uploads\/2022\/12\/IMG_8617-scaled.jpeg\" rel=\"lightbox[1556]\"><img loading=\"lazy\" decoding=\"async\" width=\"614\" height=\"1024\" data-id=\"1545\" src=\"https:\/\/guitares-et-luthiers.fr\/wp-content\/uploads\/2022\/12\/IMG_8617-614x1024.jpeg\" alt=\"\" class=\"wp-image-1545\" srcset=\"https:\/\/guitares-et-luthiers.fr\/wp-content\/uploads\/2022\/12\/IMG_8617-614x1024.jpeg 614w, https:\/\/guitares-et-luthiers.fr\/wp-content\/uploads\/2022\/12\/IMG_8617-180x300.jpeg 180w, https:\/\/guitares-et-luthiers.fr\/wp-content\/uploads\/2022\/12\/IMG_8617-768x1280.jpeg 768w, https:\/\/guitares-et-luthiers.fr\/wp-content\/uploads\/2022\/12\/IMG_8617-922x1536.jpeg 922w, https:\/\/guitares-et-luthiers.fr\/wp-content\/uploads\/2022\/12\/IMG_8617-1229x2048.jpeg 1229w, https:\/\/guitares-et-luthiers.fr\/wp-content\/uploads\/2022\/12\/IMG_8617-scaled.jpeg 1536w\" sizes=\"auto, (max-width: 614px) 100vw, 614px\" \/><\/a><\/figure>\n<\/figure>\n","protected":false},"excerpt":{"rendered":"<p>table en red cedar ,\u00a0fond et \u00e9clisses en palissandre des Indes, chevalet en palissandre des Indes,\u00a0placage de t\u00eate palissandre indien et loupe d\u2019orme,\u00a0marqueterie rosace en loupe d\u2019orme,\u00a0touche en \u00e9b\u00e8ne,\u00a0vernis tampon,\u00a0diapason 65cm\u00a0m\u00e9canique Schertler. Une guitare avec les caract\u00e9ristiques propres \u00e0 ce que j&rsquo;ai toujours trouv\u00e9 dans les guitares de Jean-Marie Fouilleul, musicalit\u00e9, expressivit\u00e9, facilit\u00e9 de jeu, &hellip; <\/p>\n<p class=\"link-more\"><a href=\"https:\/\/guitares-et-luthiers.fr\/?page_id=1556\" class=\"more-link\">Continuer la lecture<span class=\"screen-reader-text\"> de &laquo;&nbsp;Guitare Jean Marie Fouilleul C9 2018&nbsp;&raquo;<\/span><\/a><\/p>\n","protected":false},"author":2,"featured_media":0,"parent":0,"menu_order":0,"comment_status":"closed","ping_status":"closed","template":"","meta":{"footnotes":""},"class_list":["post-1556","page","type-page","status-publish","hentry"],"_links":{"self":[{"href":"https:\/\/guitares-et-luthiers.fr\/index.php?rest_route=\/wp\/v2\/pages\/1556","targetHints":{"allow":["GET"]}}],"collection":[{"href":"https:\/\/guitares-et-luthiers.fr\/index.php?rest_route=\/wp\/v2\/pages"}],"about":[{"href":"https:\/\/guitares-et-luthiers.fr\/index.php?rest_route=\/wp\/v2\/types\/page"}],"author":[{"embeddable":true,"href":"https:\/\/guitares-et-luthiers.fr\/index.php?rest_route=\/wp\/v2\/users\/2"}],"replies":[{"embeddable":true,"href":"https:\/\/guitares-et-luthiers.fr\/index.php?rest_route=%2Fwp%2Fv2%2Fcomments&post=1556"}],"version-history":[{"count":3,"href":"https:\/\/guitares-et-luthiers.fr\/index.php?rest_route=\/wp\/v2\/pages\/1556\/revisions"}],"predecessor-version":[{"id":1560,"href":"https:\/\/guitares-et-luthiers.fr\/index.php?rest_route=\/wp\/v2\/pages\/1556\/revisions\/1560"}],"wp:attachment":[{"href":"https:\/\/guitares-et-luthiers.fr\/index.php?rest_route=%2Fwp%2Fv2%2Fmedia&parent=1556"}],"curies":[{"name":"wp","href":"https:\/\/api.w.org\/{rel}","templated":true}]}}