{"id":1636,"date":"2023-03-26T18:50:22","date_gmt":"2023-03-26T17:50:22","guid":{"rendered":"http:\/\/guitares-et-luthiers.fr\/?page_id=1636"},"modified":"2023-03-26T18:57:28","modified_gmt":"2023-03-26T17:57:28","slug":"cornelia-traudt","status":"publish","type":"page","link":"https:\/\/guitares-et-luthiers.fr\/?page_id=1636","title":{"rendered":"Cornelia Traudt"},"content":{"rendered":"\n<p>Mod\u00e8le :&nbsp;Aim\u00e9e<\/p>\n\n\n\n<p>Ann\u00e9e : 2004<\/p>\n\n\n\n<p>Bois :\u00a0table en \u00e9pic\u00e9a, caisse en palissandre , manche en cedro, touche en \u00e9b\u00e8ne , chevalet et plaque de t\u00eate en palissandre, filets de bordure en prunier, chevalet avec nacre,   sillet en os, avec \u00e9tui. <\/p>\n\n\n\n<p>Diapason  65 cm\u00a0\u00a0, Do 20 , m\u00e9caniques Gotoh , vernis gomme laque au tampon.\u00a0\u00a0<\/p>\n\n\n\n<figure class=\"wp-block-gallery has-nested-images columns-default is-cropped wp-block-gallery-1 is-layout-flex wp-block-gallery-is-layout-flex\">\n<figure class=\"wp-block-image size-large\"><a href=\"https:\/\/guitares-et-luthiers.fr\/wp-content\/uploads\/2023\/03\/IMG_9057-scaled.jpg\" rel=\"lightbox[1636]\"><img loading=\"lazy\" decoding=\"async\" width=\"1024\" height=\"965\" data-id=\"1633\" src=\"https:\/\/guitares-et-luthiers.fr\/wp-content\/uploads\/2023\/03\/IMG_9057-1024x965.jpg\" alt=\"traudt\" class=\"wp-image-1633\" srcset=\"https:\/\/guitares-et-luthiers.fr\/wp-content\/uploads\/2023\/03\/IMG_9057-1024x965.jpg 1024w, https:\/\/guitares-et-luthiers.fr\/wp-content\/uploads\/2023\/03\/IMG_9057-300x283.jpg 300w, https:\/\/guitares-et-luthiers.fr\/wp-content\/uploads\/2023\/03\/IMG_9057-768x724.jpg 768w, https:\/\/guitares-et-luthiers.fr\/wp-content\/uploads\/2023\/03\/IMG_9057-1536x1448.jpg 1536w, https:\/\/guitares-et-luthiers.fr\/wp-content\/uploads\/2023\/03\/IMG_9057-2048x1931.jpg 2048w\" sizes=\"auto, (max-width: 706px) 89vw, (max-width: 767px) 82vw, 740px\" \/><\/a><\/figure>\n\n\n\n<figure class=\"wp-block-image size-large\"><a href=\"https:\/\/guitares-et-luthiers.fr\/wp-content\/uploads\/2023\/03\/IMG_9058-scaled.jpg\" rel=\"lightbox[1636]\"><img loading=\"lazy\" decoding=\"async\" width=\"1024\" height=\"871\" data-id=\"1632\" src=\"https:\/\/guitares-et-luthiers.fr\/wp-content\/uploads\/2023\/03\/IMG_9058-1024x871.jpg\" alt=\"traudt\" class=\"wp-image-1632\" srcset=\"https:\/\/guitares-et-luthiers.fr\/wp-content\/uploads\/2023\/03\/IMG_9058-1024x871.jpg 1024w, https:\/\/guitares-et-luthiers.fr\/wp-content\/uploads\/2023\/03\/IMG_9058-300x255.jpg 300w, https:\/\/guitares-et-luthiers.fr\/wp-content\/uploads\/2023\/03\/IMG_9058-768x653.jpg 768w, https:\/\/guitares-et-luthiers.fr\/wp-content\/uploads\/2023\/03\/IMG_9058-1536x1306.jpg 1536w, https:\/\/guitares-et-luthiers.fr\/wp-content\/uploads\/2023\/03\/IMG_9058-2048x1741.jpg 2048w\" sizes=\"auto, (max-width: 706px) 89vw, (max-width: 767px) 82vw, 740px\" \/><\/a><\/figure>\n\n\n\n<figure class=\"wp-block-image size-large\"><a href=\"https:\/\/guitares-et-luthiers.fr\/wp-content\/uploads\/2023\/03\/IMG_9060-scaled.jpg\" rel=\"lightbox[1636]\"><img loading=\"lazy\" decoding=\"async\" width=\"501\" height=\"1024\" data-id=\"1631\" src=\"https:\/\/guitares-et-luthiers.fr\/wp-content\/uploads\/2023\/03\/IMG_9060-501x1024.jpg\" alt=\"traudt\" class=\"wp-image-1631\" srcset=\"https:\/\/guitares-et-luthiers.fr\/wp-content\/uploads\/2023\/03\/IMG_9060-501x1024.jpg 501w, https:\/\/guitares-et-luthiers.fr\/wp-content\/uploads\/2023\/03\/IMG_9060-147x300.jpg 147w, https:\/\/guitares-et-luthiers.fr\/wp-content\/uploads\/2023\/03\/IMG_9060-768x1571.jpg 768w, https:\/\/guitares-et-luthiers.fr\/wp-content\/uploads\/2023\/03\/IMG_9060-751x1536.jpg 751w, https:\/\/guitares-et-luthiers.fr\/wp-content\/uploads\/2023\/03\/IMG_9060-1001x2048.jpg 1001w, https:\/\/guitares-et-luthiers.fr\/wp-content\/uploads\/2023\/03\/IMG_9060-scaled.jpg 1252w\" sizes=\"auto, (max-width: 501px) 100vw, 501px\" \/><\/a><\/figure>\n\n\n\n<figure class=\"wp-block-image size-large\"><a href=\"https:\/\/guitares-et-luthiers.fr\/wp-content\/uploads\/2023\/03\/IMG_9061-scaled.jpg\" rel=\"lightbox[1636]\"><img loading=\"lazy\" decoding=\"async\" width=\"768\" height=\"1024\" data-id=\"1630\" src=\"https:\/\/guitares-et-luthiers.fr\/wp-content\/uploads\/2023\/03\/IMG_9061-768x1024.jpg\" alt=\"traudt\" class=\"wp-image-1630\" srcset=\"https:\/\/guitares-et-luthiers.fr\/wp-content\/uploads\/2023\/03\/IMG_9061-768x1024.jpg 768w, https:\/\/guitares-et-luthiers.fr\/wp-content\/uploads\/2023\/03\/IMG_9061-225x300.jpg 225w, https:\/\/guitares-et-luthiers.fr\/wp-content\/uploads\/2023\/03\/IMG_9061-1152x1536.jpg 1152w, https:\/\/guitares-et-luthiers.fr\/wp-content\/uploads\/2023\/03\/IMG_9061-1536x2048.jpg 1536w, https:\/\/guitares-et-luthiers.fr\/wp-content\/uploads\/2023\/03\/IMG_9061-scaled.jpg 1920w\" sizes=\"auto, (max-width: 706px) 89vw, (max-width: 767px) 82vw, 740px\" \/><\/a><\/figure>\n\n\n\n<figure class=\"wp-block-image size-large\"><a href=\"https:\/\/guitares-et-luthiers.fr\/wp-content\/uploads\/2023\/03\/IMG_9062-scaled.jpg\" rel=\"lightbox[1636]\"><img loading=\"lazy\" decoding=\"async\" width=\"583\" height=\"1024\" data-id=\"1629\" src=\"https:\/\/guitares-et-luthiers.fr\/wp-content\/uploads\/2023\/03\/IMG_9062-583x1024.jpg\" alt=\"traudt\" class=\"wp-image-1629\" srcset=\"https:\/\/guitares-et-luthiers.fr\/wp-content\/uploads\/2023\/03\/IMG_9062-583x1024.jpg 583w, https:\/\/guitares-et-luthiers.fr\/wp-content\/uploads\/2023\/03\/IMG_9062-171x300.jpg 171w, https:\/\/guitares-et-luthiers.fr\/wp-content\/uploads\/2023\/03\/IMG_9062-768x1350.jpg 768w, https:\/\/guitares-et-luthiers.fr\/wp-content\/uploads\/2023\/03\/IMG_9062-874x1536.jpg 874w, https:\/\/guitares-et-luthiers.fr\/wp-content\/uploads\/2023\/03\/IMG_9062-1165x2048.jpg 1165w, https:\/\/guitares-et-luthiers.fr\/wp-content\/uploads\/2023\/03\/IMG_9062-scaled.jpg 1456w\" sizes=\"auto, (max-width: 583px) 100vw, 583px\" \/><\/a><\/figure>\n\n\n\n<figure class=\"wp-block-image size-large\"><a href=\"https:\/\/guitares-et-luthiers.fr\/wp-content\/uploads\/2023\/03\/IMG_9063-scaled.jpg\" rel=\"lightbox[1636]\"><img loading=\"lazy\" decoding=\"async\" width=\"768\" height=\"1024\" data-id=\"1628\" src=\"https:\/\/guitares-et-luthiers.fr\/wp-content\/uploads\/2023\/03\/IMG_9063-768x1024.jpg\" alt=\"traudt\" class=\"wp-image-1628\" srcset=\"https:\/\/guitares-et-luthiers.fr\/wp-content\/uploads\/2023\/03\/IMG_9063-768x1024.jpg 768w, https:\/\/guitares-et-luthiers.fr\/wp-content\/uploads\/2023\/03\/IMG_9063-225x300.jpg 225w, https:\/\/guitares-et-luthiers.fr\/wp-content\/uploads\/2023\/03\/IMG_9063-1152x1536.jpg 1152w, https:\/\/guitares-et-luthiers.fr\/wp-content\/uploads\/2023\/03\/IMG_9063-1536x2048.jpg 1536w, https:\/\/guitares-et-luthiers.fr\/wp-content\/uploads\/2023\/03\/IMG_9063-scaled.jpg 1920w\" sizes=\"auto, (max-width: 706px) 89vw, (max-width: 767px) 82vw, 740px\" \/><\/a><\/figure>\n\n\n\n<figure class=\"wp-block-image size-large\"><a href=\"https:\/\/guitares-et-luthiers.fr\/wp-content\/uploads\/2023\/03\/IMG_9064-scaled.jpg\" rel=\"lightbox[1636]\"><img loading=\"lazy\" decoding=\"async\" width=\"768\" height=\"1024\" data-id=\"1627\" src=\"https:\/\/guitares-et-luthiers.fr\/wp-content\/uploads\/2023\/03\/IMG_9064-768x1024.jpg\" alt=\"traudt\" class=\"wp-image-1627\" srcset=\"https:\/\/guitares-et-luthiers.fr\/wp-content\/uploads\/2023\/03\/IMG_9064-768x1023.jpg 768w, https:\/\/guitares-et-luthiers.fr\/wp-content\/uploads\/2023\/03\/IMG_9064-225x300.jpg 225w, https:\/\/guitares-et-luthiers.fr\/wp-content\/uploads\/2023\/03\/IMG_9064-1153x1536.jpg 1153w, https:\/\/guitares-et-luthiers.fr\/wp-content\/uploads\/2023\/03\/IMG_9064-1537x2048.jpg 1537w, https:\/\/guitares-et-luthiers.fr\/wp-content\/uploads\/2023\/03\/IMG_9064-scaled.jpg 1921w\" sizes=\"auto, (max-width: 706px) 89vw, (max-width: 767px) 82vw, 740px\" \/><\/a><\/figure>\n\n\n\n<figure class=\"wp-block-image size-large\"><a href=\"https:\/\/guitares-et-luthiers.fr\/wp-content\/uploads\/2023\/03\/IMG_9065-scaled.jpg\" rel=\"lightbox[1636]\"><img loading=\"lazy\" decoding=\"async\" width=\"768\" height=\"1024\" data-id=\"1626\" src=\"https:\/\/guitares-et-luthiers.fr\/wp-content\/uploads\/2023\/03\/IMG_9065-768x1024.jpg\" alt=\"traudt\" class=\"wp-image-1626\" srcset=\"https:\/\/guitares-et-luthiers.fr\/wp-content\/uploads\/2023\/03\/IMG_9065-768x1024.jpg 768w, https:\/\/guitares-et-luthiers.fr\/wp-content\/uploads\/2023\/03\/IMG_9065-225x300.jpg 225w, https:\/\/guitares-et-luthiers.fr\/wp-content\/uploads\/2023\/03\/IMG_9065-1152x1536.jpg 1152w, https:\/\/guitares-et-luthiers.fr\/wp-content\/uploads\/2023\/03\/IMG_9065-1536x2048.jpg 1536w, https:\/\/guitares-et-luthiers.fr\/wp-content\/uploads\/2023\/03\/IMG_9065-scaled.jpg 1920w\" sizes=\"auto, (max-width: 706px) 89vw, (max-width: 767px) 82vw, 740px\" \/><\/a><\/figure>\n\n\n\n<figure class=\"wp-block-image size-large\"><a href=\"https:\/\/guitares-et-luthiers.fr\/wp-content\/uploads\/2023\/03\/IMG_9066-scaled.jpg\" rel=\"lightbox[1636]\"><img loading=\"lazy\" decoding=\"async\" width=\"525\" height=\"1024\" data-id=\"1625\" src=\"https:\/\/guitares-et-luthiers.fr\/wp-content\/uploads\/2023\/03\/IMG_9066-525x1024.jpg\" alt=\"traudt\" class=\"wp-image-1625\" srcset=\"https:\/\/guitares-et-luthiers.fr\/wp-content\/uploads\/2023\/03\/IMG_9066-525x1024.jpg 525w, https:\/\/guitares-et-luthiers.fr\/wp-content\/uploads\/2023\/03\/IMG_9066-154x300.jpg 154w, https:\/\/guitares-et-luthiers.fr\/wp-content\/uploads\/2023\/03\/IMG_9066-768x1498.jpg 768w, https:\/\/guitares-et-luthiers.fr\/wp-content\/uploads\/2023\/03\/IMG_9066-787x1536.jpg 787w, https:\/\/guitares-et-luthiers.fr\/wp-content\/uploads\/2023\/03\/IMG_9066-1050x2048.jpg 1050w, https:\/\/guitares-et-luthiers.fr\/wp-content\/uploads\/2023\/03\/IMG_9066-scaled.jpg 1312w\" sizes=\"auto, (max-width: 525px) 100vw, 525px\" \/><\/a><\/figure>\n\n\n\n<figure class=\"wp-block-image size-large\"><a href=\"https:\/\/guitares-et-luthiers.fr\/wp-content\/uploads\/2023\/03\/IMG_9067-scaled.jpg\" rel=\"lightbox[1636]\"><img loading=\"lazy\" decoding=\"async\" width=\"768\" height=\"1024\" data-id=\"1624\" src=\"https:\/\/guitares-et-luthiers.fr\/wp-content\/uploads\/2023\/03\/IMG_9067-768x1024.jpg\" alt=\"traudt\" class=\"wp-image-1624\" srcset=\"https:\/\/guitares-et-luthiers.fr\/wp-content\/uploads\/2023\/03\/IMG_9067-768x1024.jpg 768w, https:\/\/guitares-et-luthiers.fr\/wp-content\/uploads\/2023\/03\/IMG_9067-225x300.jpg 225w, https:\/\/guitares-et-luthiers.fr\/wp-content\/uploads\/2023\/03\/IMG_9067-1152x1536.jpg 1152w, https:\/\/guitares-et-luthiers.fr\/wp-content\/uploads\/2023\/03\/IMG_9067-1536x2048.jpg 1536w, https:\/\/guitares-et-luthiers.fr\/wp-content\/uploads\/2023\/03\/IMG_9067-scaled.jpg 1920w\" sizes=\"auto, (max-width: 706px) 89vw, (max-width: 767px) 82vw, 740px\" \/><\/a><\/figure>\n\n\n\n<figure class=\"wp-block-image size-large\"><a href=\"https:\/\/guitares-et-luthiers.fr\/wp-content\/uploads\/2023\/03\/IMG_9068-scaled.jpg\" rel=\"lightbox[1636]\"><img loading=\"lazy\" decoding=\"async\" width=\"768\" height=\"1024\" data-id=\"1623\" src=\"https:\/\/guitares-et-luthiers.fr\/wp-content\/uploads\/2023\/03\/IMG_9068-768x1024.jpg\" alt=\"\" class=\"wp-image-1623\" srcset=\"https:\/\/guitares-et-luthiers.fr\/wp-content\/uploads\/2023\/03\/IMG_9068-768x1024.jpg 768w, https:\/\/guitares-et-luthiers.fr\/wp-content\/uploads\/2023\/03\/IMG_9068-225x300.jpg 225w, https:\/\/guitares-et-luthiers.fr\/wp-content\/uploads\/2023\/03\/IMG_9068-1152x1536.jpg 1152w, https:\/\/guitares-et-luthiers.fr\/wp-content\/uploads\/2023\/03\/IMG_9068-1536x2048.jpg 1536w, https:\/\/guitares-et-luthiers.fr\/wp-content\/uploads\/2023\/03\/IMG_9068-scaled.jpg 1920w\" sizes=\"auto, (max-width: 706px) 89vw, (max-width: 767px) 82vw, 740px\" \/><\/a><\/figure>\n\n\n\n<figure class=\"wp-block-image size-large\"><a href=\"https:\/\/guitares-et-luthiers.fr\/wp-content\/uploads\/2023\/03\/IMG_9069-scaled.jpg\" rel=\"lightbox[1636]\"><img loading=\"lazy\" decoding=\"async\" width=\"1024\" height=\"297\" data-id=\"1622\" src=\"https:\/\/guitares-et-luthiers.fr\/wp-content\/uploads\/2023\/03\/IMG_9069-1024x297.jpg\" alt=\"\" class=\"wp-image-1622\" srcset=\"https:\/\/guitares-et-luthiers.fr\/wp-content\/uploads\/2023\/03\/IMG_9069-1024x297.jpg 1024w, https:\/\/guitares-et-luthiers.fr\/wp-content\/uploads\/2023\/03\/IMG_9069-300x87.jpg 300w, https:\/\/guitares-et-luthiers.fr\/wp-content\/uploads\/2023\/03\/IMG_9069-768x222.jpg 768w, https:\/\/guitares-et-luthiers.fr\/wp-content\/uploads\/2023\/03\/IMG_9069-1536x445.jpg 1536w, https:\/\/guitares-et-luthiers.fr\/wp-content\/uploads\/2023\/03\/IMG_9069-2048x593.jpg 2048w\" sizes=\"auto, (max-width: 706px) 89vw, (max-width: 767px) 82vw, 740px\" \/><\/a><figcaption class=\"wp-element-caption\">traudt<\/figcaption><\/figure>\n<\/figure>\n","protected":false},"excerpt":{"rendered":"<p>Mod\u00e8le :&nbsp;Aim\u00e9e Ann\u00e9e : 2004 Bois :\u00a0table en \u00e9pic\u00e9a, caisse en palissandre , manche en cedro, touche en \u00e9b\u00e8ne , chevalet et plaque de t\u00eate en palissandre, filets de bordure en prunier, chevalet avec nacre, sillet en os, avec \u00e9tui. Diapason 65 cm\u00a0\u00a0, Do 20 , m\u00e9caniques Gotoh , vernis gomme laque au tampon.\u00a0\u00a0<\/p>\n","protected":false},"author":2,"featured_media":0,"parent":0,"menu_order":0,"comment_status":"closed","ping_status":"closed","template":"","meta":{"footnotes":""},"class_list":["post-1636","page","type-page","status-publish","hentry"],"_links":{"self":[{"href":"https:\/\/guitares-et-luthiers.fr\/index.php?rest_route=\/wp\/v2\/pages\/1636","targetHints":{"allow":["GET"]}}],"collection":[{"href":"https:\/\/guitares-et-luthiers.fr\/index.php?rest_route=\/wp\/v2\/pages"}],"about":[{"href":"https:\/\/guitares-et-luthiers.fr\/index.php?rest_route=\/wp\/v2\/types\/page"}],"author":[{"embeddable":true,"href":"https:\/\/guitares-et-luthiers.fr\/index.php?rest_route=\/wp\/v2\/users\/2"}],"replies":[{"embeddable":true,"href":"https:\/\/guitares-et-luthiers.fr\/index.php?rest_route=%2Fwp%2Fv2%2Fcomments&post=1636"}],"version-history":[{"count":3,"href":"https:\/\/guitares-et-luthiers.fr\/index.php?rest_route=\/wp\/v2\/pages\/1636\/revisions"}],"predecessor-version":[{"id":1640,"href":"https:\/\/guitares-et-luthiers.fr\/index.php?rest_route=\/wp\/v2\/pages\/1636\/revisions\/1640"}],"wp:attachment":[{"href":"https:\/\/guitares-et-luthiers.fr\/index.php?rest_route=%2Fwp%2Fv2%2Fmedia&parent=1636"}],"curies":[{"name":"wp","href":"https:\/\/api.w.org\/{rel}","templated":true}]}}