{"id":1656,"date":"2023-03-26T22:19:07","date_gmt":"2023-03-26T21:19:07","guid":{"rendered":"http:\/\/guitares-et-luthiers.fr\/?page_id=1656"},"modified":"2023-03-26T22:19:07","modified_gmt":"2023-03-26T21:19:07","slug":"delarue-grand-concert-1999","status":"publish","type":"page","link":"https:\/\/guitares-et-luthiers.fr\/?page_id=1656","title":{"rendered":"Delarue Grand Concert 1999"},"content":{"rendered":"\n<p>Guitare Dominique Delarue mod\u00e8le Grand concert de 1999<br>Table en red cedar, \u00e9clisses , dos et chevalet en palissandre.<br>Diapason 65 cm . Avec \u00e9tui. <br>Une fente r\u00e9par\u00e9e par Dominique Delarue , le vernis a \u00e9t\u00e9 refait.<br>Une guitare avec un son tr\u00e8s profond, beaucoup de pr\u00e9sence , de \u00ab\u00a0corps\u00a0\u00bb, dans tous les registres et toutes les positions sur le manche.<br>Excellent confort de jeu, tr\u00e8s bien r\u00e9gl\u00e9e, une action tr\u00e8s basse sans frises.<br>Une sonorit\u00e9 tr\u00e8s chaude en gardant des notes tr\u00e8s distinctes ainsi que beaucoup de clart\u00e9.<br>Dominique Delarue est un luthier tr\u00e8s r\u00e9put\u00e9 et cette guitare confirme sa notori\u00e9t\u00e9. C&rsquo;est un instrument excellent qui permet l&rsquo;expression musicale dans un registre tr\u00e8s vaste .<\/p>\n\n\n\n<figure class=\"wp-block-gallery has-nested-images columns-default is-cropped wp-block-gallery-1 is-layout-flex wp-block-gallery-is-layout-flex\">\n<figure class=\"wp-block-image size-large\"><a href=\"https:\/\/guitares-et-luthiers.fr\/wp-content\/uploads\/2023\/03\/IMG_9070.jpg\" rel=\"lightbox[1656]\"><img loading=\"lazy\" decoding=\"async\" width=\"1024\" height=\"964\" data-id=\"1641\" src=\"https:\/\/guitares-et-luthiers.fr\/wp-content\/uploads\/2023\/03\/IMG_9070-1024x964.jpg\" alt=\"\" class=\"wp-image-1641\" srcset=\"https:\/\/guitares-et-luthiers.fr\/wp-content\/uploads\/2023\/03\/IMG_9070-1024x964.jpg 1024w, https:\/\/guitares-et-luthiers.fr\/wp-content\/uploads\/2023\/03\/IMG_9070-300x282.jpg 300w, https:\/\/guitares-et-luthiers.fr\/wp-content\/uploads\/2023\/03\/IMG_9070-768x723.jpg 768w, https:\/\/guitares-et-luthiers.fr\/wp-content\/uploads\/2023\/03\/IMG_9070-1536x1446.jpg 1536w, https:\/\/guitares-et-luthiers.fr\/wp-content\/uploads\/2023\/03\/IMG_9070-2048x1928.jpg 2048w\" sizes=\"auto, (max-width: 706px) 89vw, (max-width: 767px) 82vw, 740px\" \/><\/a><figcaption class=\"wp-element-caption\">Delarue Grand concert 99<\/figcaption><\/figure>\n\n\n\n<figure class=\"wp-block-image size-large\"><a href=\"https:\/\/guitares-et-luthiers.fr\/wp-content\/uploads\/2023\/03\/IMG_9083-scaled.jpg\" rel=\"lightbox[1656]\"><img loading=\"lazy\" decoding=\"async\" width=\"736\" height=\"1024\" data-id=\"1653\" src=\"https:\/\/guitares-et-luthiers.fr\/wp-content\/uploads\/2023\/03\/IMG_9083-736x1024.jpg\" alt=\"\" class=\"wp-image-1653\" srcset=\"https:\/\/guitares-et-luthiers.fr\/wp-content\/uploads\/2023\/03\/IMG_9083-736x1024.jpg 736w, https:\/\/guitares-et-luthiers.fr\/wp-content\/uploads\/2023\/03\/IMG_9083-216x300.jpg 216w, https:\/\/guitares-et-luthiers.fr\/wp-content\/uploads\/2023\/03\/IMG_9083-768x1068.jpg 768w, https:\/\/guitares-et-luthiers.fr\/wp-content\/uploads\/2023\/03\/IMG_9083-1105x1536.jpg 1105w, https:\/\/guitares-et-luthiers.fr\/wp-content\/uploads\/2023\/03\/IMG_9083-1473x2048.jpg 1473w, https:\/\/guitares-et-luthiers.fr\/wp-content\/uploads\/2023\/03\/IMG_9083-scaled.jpg 1841w\" sizes=\"auto, (max-width: 736px) 100vw, 736px\" \/><\/a><figcaption class=\"wp-element-caption\">Delarue Grand concert 99<\/figcaption><\/figure>\n\n\n\n<figure class=\"wp-block-image size-large\"><a href=\"https:\/\/guitares-et-luthiers.fr\/wp-content\/uploads\/2023\/03\/IMG_9082-scaled.jpg\" rel=\"lightbox[1656]\"><img loading=\"lazy\" decoding=\"async\" width=\"980\" height=\"1024\" data-id=\"1652\" src=\"https:\/\/guitares-et-luthiers.fr\/wp-content\/uploads\/2023\/03\/IMG_9082-980x1024.jpg\" alt=\"\" class=\"wp-image-1652\" srcset=\"https:\/\/guitares-et-luthiers.fr\/wp-content\/uploads\/2023\/03\/IMG_9082-980x1024.jpg 980w, https:\/\/guitares-et-luthiers.fr\/wp-content\/uploads\/2023\/03\/IMG_9082-287x300.jpg 287w, https:\/\/guitares-et-luthiers.fr\/wp-content\/uploads\/2023\/03\/IMG_9082-768x802.jpg 768w, https:\/\/guitares-et-luthiers.fr\/wp-content\/uploads\/2023\/03\/IMG_9082-1471x1536.jpg 1471w, https:\/\/guitares-et-luthiers.fr\/wp-content\/uploads\/2023\/03\/IMG_9082-1961x2048.jpg 1961w\" sizes=\"auto, (max-width: 706px) 89vw, (max-width: 767px) 82vw, 740px\" \/><\/a><figcaption class=\"wp-element-caption\">Delarue Grand concert 99<\/figcaption><\/figure>\n\n\n\n<figure class=\"wp-block-image size-large\"><a href=\"https:\/\/guitares-et-luthiers.fr\/wp-content\/uploads\/2023\/03\/IMG_9081-scaled.jpg\" rel=\"lightbox[1656]\"><img loading=\"lazy\" decoding=\"async\" width=\"768\" height=\"1024\" data-id=\"1651\" src=\"https:\/\/guitares-et-luthiers.fr\/wp-content\/uploads\/2023\/03\/IMG_9081-768x1024.jpg\" alt=\"\" class=\"wp-image-1651\" srcset=\"https:\/\/guitares-et-luthiers.fr\/wp-content\/uploads\/2023\/03\/IMG_9081-768x1024.jpg 768w, https:\/\/guitares-et-luthiers.fr\/wp-content\/uploads\/2023\/03\/IMG_9081-225x300.jpg 225w, https:\/\/guitares-et-luthiers.fr\/wp-content\/uploads\/2023\/03\/IMG_9081-1152x1536.jpg 1152w, https:\/\/guitares-et-luthiers.fr\/wp-content\/uploads\/2023\/03\/IMG_9081-1536x2048.jpg 1536w, https:\/\/guitares-et-luthiers.fr\/wp-content\/uploads\/2023\/03\/IMG_9081-scaled.jpg 1920w\" sizes=\"auto, (max-width: 706px) 89vw, (max-width: 767px) 82vw, 740px\" \/><\/a><figcaption class=\"wp-element-caption\">Delarue Grand concert 99<\/figcaption><\/figure>\n\n\n\n<figure class=\"wp-block-image size-large\"><a href=\"https:\/\/guitares-et-luthiers.fr\/wp-content\/uploads\/2023\/03\/IMG_9080-scaled.jpg\" rel=\"lightbox[1656]\"><img loading=\"lazy\" decoding=\"async\" width=\"768\" height=\"1024\" data-id=\"1650\" src=\"https:\/\/guitares-et-luthiers.fr\/wp-content\/uploads\/2023\/03\/IMG_9080-768x1024.jpg\" alt=\"\" class=\"wp-image-1650\" srcset=\"https:\/\/guitares-et-luthiers.fr\/wp-content\/uploads\/2023\/03\/IMG_9080-768x1024.jpg 768w, https:\/\/guitares-et-luthiers.fr\/wp-content\/uploads\/2023\/03\/IMG_9080-225x300.jpg 225w, https:\/\/guitares-et-luthiers.fr\/wp-content\/uploads\/2023\/03\/IMG_9080-1152x1536.jpg 1152w, https:\/\/guitares-et-luthiers.fr\/wp-content\/uploads\/2023\/03\/IMG_9080-1536x2048.jpg 1536w, https:\/\/guitares-et-luthiers.fr\/wp-content\/uploads\/2023\/03\/IMG_9080-scaled.jpg 1920w\" sizes=\"auto, (max-width: 706px) 89vw, (max-width: 767px) 82vw, 740px\" \/><\/a><\/figure>\n\n\n\n<figure class=\"wp-block-image size-large\"><a href=\"https:\/\/guitares-et-luthiers.fr\/wp-content\/uploads\/2023\/03\/IMG_9079-scaled.jpg\" rel=\"lightbox[1656]\"><img loading=\"lazy\" decoding=\"async\" width=\"881\" height=\"1024\" data-id=\"1649\" src=\"https:\/\/guitares-et-luthiers.fr\/wp-content\/uploads\/2023\/03\/IMG_9079-881x1024.jpg\" alt=\"\" class=\"wp-image-1649\" srcset=\"https:\/\/guitares-et-luthiers.fr\/wp-content\/uploads\/2023\/03\/IMG_9079-881x1024.jpg 881w, https:\/\/guitares-et-luthiers.fr\/wp-content\/uploads\/2023\/03\/IMG_9079-258x300.jpg 258w, https:\/\/guitares-et-luthiers.fr\/wp-content\/uploads\/2023\/03\/IMG_9079-768x893.jpg 768w, https:\/\/guitares-et-luthiers.fr\/wp-content\/uploads\/2023\/03\/IMG_9079-1321x1536.jpg 1321w, https:\/\/guitares-et-luthiers.fr\/wp-content\/uploads\/2023\/03\/IMG_9079-1762x2048.jpg 1762w\" sizes=\"auto, (max-width: 706px) 89vw, (max-width: 767px) 82vw, 740px\" \/><\/a><\/figure>\n\n\n\n<figure class=\"wp-block-image size-large\"><a href=\"https:\/\/guitares-et-luthiers.fr\/wp-content\/uploads\/2023\/03\/IMG_9078-scaled.jpg\" rel=\"lightbox[1656]\"><img loading=\"lazy\" decoding=\"async\" width=\"768\" height=\"1024\" data-id=\"1648\" src=\"https:\/\/guitares-et-luthiers.fr\/wp-content\/uploads\/2023\/03\/IMG_9078-768x1024.jpg\" alt=\"\" class=\"wp-image-1648\" srcset=\"https:\/\/guitares-et-luthiers.fr\/wp-content\/uploads\/2023\/03\/IMG_9078-768x1024.jpg 768w, https:\/\/guitares-et-luthiers.fr\/wp-content\/uploads\/2023\/03\/IMG_9078-225x300.jpg 225w, https:\/\/guitares-et-luthiers.fr\/wp-content\/uploads\/2023\/03\/IMG_9078-1152x1536.jpg 1152w, https:\/\/guitares-et-luthiers.fr\/wp-content\/uploads\/2023\/03\/IMG_9078-1536x2048.jpg 1536w, https:\/\/guitares-et-luthiers.fr\/wp-content\/uploads\/2023\/03\/IMG_9078-scaled.jpg 1920w\" sizes=\"auto, (max-width: 706px) 89vw, (max-width: 767px) 82vw, 740px\" \/><\/a><\/figure>\n\n\n\n<figure class=\"wp-block-image size-large\"><a href=\"https:\/\/guitares-et-luthiers.fr\/wp-content\/uploads\/2023\/03\/IMG_9077-scaled.jpg\" rel=\"lightbox[1656]\"><img loading=\"lazy\" decoding=\"async\" width=\"1024\" height=\"300\" data-id=\"1647\" src=\"https:\/\/guitares-et-luthiers.fr\/wp-content\/uploads\/2023\/03\/IMG_9077-1024x300.jpg\" alt=\"\" class=\"wp-image-1647\" srcset=\"https:\/\/guitares-et-luthiers.fr\/wp-content\/uploads\/2023\/03\/IMG_9077-1024x300.jpg 1024w, https:\/\/guitares-et-luthiers.fr\/wp-content\/uploads\/2023\/03\/IMG_9077-300x88.jpg 300w, https:\/\/guitares-et-luthiers.fr\/wp-content\/uploads\/2023\/03\/IMG_9077-768x225.jpg 768w, https:\/\/guitares-et-luthiers.fr\/wp-content\/uploads\/2023\/03\/IMG_9077-1536x450.jpg 1536w, https:\/\/guitares-et-luthiers.fr\/wp-content\/uploads\/2023\/03\/IMG_9077-2048x600.jpg 2048w\" sizes=\"auto, (max-width: 706px) 89vw, (max-width: 767px) 82vw, 740px\" \/><\/a><\/figure>\n\n\n\n<figure class=\"wp-block-image size-large\"><a href=\"https:\/\/guitares-et-luthiers.fr\/wp-content\/uploads\/2023\/03\/IMG_9076-scaled.jpg\" rel=\"lightbox[1656]\"><img loading=\"lazy\" decoding=\"async\" width=\"768\" height=\"1024\" data-id=\"1646\" src=\"https:\/\/guitares-et-luthiers.fr\/wp-content\/uploads\/2023\/03\/IMG_9076-768x1024.jpg\" alt=\"\" class=\"wp-image-1646\" srcset=\"https:\/\/guitares-et-luthiers.fr\/wp-content\/uploads\/2023\/03\/IMG_9076-768x1024.jpg 768w, https:\/\/guitares-et-luthiers.fr\/wp-content\/uploads\/2023\/03\/IMG_9076-225x300.jpg 225w, https:\/\/guitares-et-luthiers.fr\/wp-content\/uploads\/2023\/03\/IMG_9076-1152x1536.jpg 1152w, https:\/\/guitares-et-luthiers.fr\/wp-content\/uploads\/2023\/03\/IMG_9076-1536x2048.jpg 1536w, https:\/\/guitares-et-luthiers.fr\/wp-content\/uploads\/2023\/03\/IMG_9076-scaled.jpg 1920w\" sizes=\"auto, (max-width: 706px) 89vw, (max-width: 767px) 82vw, 740px\" \/><\/a><\/figure>\n\n\n\n<figure class=\"wp-block-image size-large\"><a href=\"https:\/\/guitares-et-luthiers.fr\/wp-content\/uploads\/2023\/03\/IMG_9075-scaled.jpg\" rel=\"lightbox[1656]\"><img loading=\"lazy\" decoding=\"async\" width=\"544\" height=\"1024\" data-id=\"1645\" src=\"https:\/\/guitares-et-luthiers.fr\/wp-content\/uploads\/2023\/03\/IMG_9075-544x1024.jpg\" alt=\"\" class=\"wp-image-1645\" srcset=\"https:\/\/guitares-et-luthiers.fr\/wp-content\/uploads\/2023\/03\/IMG_9075-544x1024.jpg 544w, https:\/\/guitares-et-luthiers.fr\/wp-content\/uploads\/2023\/03\/IMG_9075-159x300.jpg 159w, https:\/\/guitares-et-luthiers.fr\/wp-content\/uploads\/2023\/03\/IMG_9075-768x1446.jpg 768w, https:\/\/guitares-et-luthiers.fr\/wp-content\/uploads\/2023\/03\/IMG_9075-816x1536.jpg 816w, https:\/\/guitares-et-luthiers.fr\/wp-content\/uploads\/2023\/03\/IMG_9075-1087x2048.jpg 1087w, https:\/\/guitares-et-luthiers.fr\/wp-content\/uploads\/2023\/03\/IMG_9075-scaled.jpg 1359w\" sizes=\"auto, (max-width: 544px) 100vw, 544px\" \/><\/a><\/figure>\n\n\n\n<figure class=\"wp-block-image size-large\"><a href=\"https:\/\/guitares-et-luthiers.fr\/wp-content\/uploads\/2023\/03\/IMG_9074-scaled.jpg\" rel=\"lightbox[1656]\"><img loading=\"lazy\" decoding=\"async\" width=\"443\" height=\"1024\" data-id=\"1644\" src=\"https:\/\/guitares-et-luthiers.fr\/wp-content\/uploads\/2023\/03\/IMG_9074-443x1024.jpg\" alt=\"\" class=\"wp-image-1644\" srcset=\"https:\/\/guitares-et-luthiers.fr\/wp-content\/uploads\/2023\/03\/IMG_9074-443x1024.jpg 443w, https:\/\/guitares-et-luthiers.fr\/wp-content\/uploads\/2023\/03\/IMG_9074-130x300.jpg 130w, https:\/\/guitares-et-luthiers.fr\/wp-content\/uploads\/2023\/03\/IMG_9074-768x1777.jpg 768w, https:\/\/guitares-et-luthiers.fr\/wp-content\/uploads\/2023\/03\/IMG_9074-664x1536.jpg 664w, https:\/\/guitares-et-luthiers.fr\/wp-content\/uploads\/2023\/03\/IMG_9074-885x2048.jpg 885w, https:\/\/guitares-et-luthiers.fr\/wp-content\/uploads\/2023\/03\/IMG_9074-scaled.jpg 1107w\" sizes=\"auto, (max-width: 443px) 100vw, 443px\" \/><\/a><\/figure>\n\n\n\n<figure class=\"wp-block-image size-large\"><a href=\"https:\/\/guitares-et-luthiers.fr\/wp-content\/uploads\/2023\/03\/IMG_9073-scaled.jpg\" rel=\"lightbox[1656]\"><img loading=\"lazy\" decoding=\"async\" width=\"768\" height=\"1024\" data-id=\"1643\" src=\"https:\/\/guitares-et-luthiers.fr\/wp-content\/uploads\/2023\/03\/IMG_9073-768x1024.jpg\" alt=\"\" class=\"wp-image-1643\" srcset=\"https:\/\/guitares-et-luthiers.fr\/wp-content\/uploads\/2023\/03\/IMG_9073-768x1025.jpg 768w, https:\/\/guitares-et-luthiers.fr\/wp-content\/uploads\/2023\/03\/IMG_9073-225x300.jpg 225w, https:\/\/guitares-et-luthiers.fr\/wp-content\/uploads\/2023\/03\/IMG_9073-1151x1536.jpg 1151w, https:\/\/guitares-et-luthiers.fr\/wp-content\/uploads\/2023\/03\/IMG_9073-1535x2048.jpg 1535w, https:\/\/guitares-et-luthiers.fr\/wp-content\/uploads\/2023\/03\/IMG_9073-scaled.jpg 1919w\" sizes=\"auto, (max-width: 706px) 89vw, (max-width: 767px) 82vw, 740px\" \/><\/a><\/figure>\n\n\n\n<figure class=\"wp-block-image size-large\"><a href=\"https:\/\/guitares-et-luthiers.fr\/wp-content\/uploads\/2023\/03\/IMG_9072.jpg\" rel=\"lightbox[1656]\"><img loading=\"lazy\" decoding=\"async\" width=\"1024\" height=\"824\" data-id=\"1642\" src=\"https:\/\/guitares-et-luthiers.fr\/wp-content\/uploads\/2023\/03\/IMG_9072-1024x824.jpg\" alt=\"\" class=\"wp-image-1642\" srcset=\"https:\/\/guitares-et-luthiers.fr\/wp-content\/uploads\/2023\/03\/IMG_9072-1024x824.jpg 1024w, https:\/\/guitares-et-luthiers.fr\/wp-content\/uploads\/2023\/03\/IMG_9072-300x242.jpg 300w, https:\/\/guitares-et-luthiers.fr\/wp-content\/uploads\/2023\/03\/IMG_9072-768x618.jpg 768w, https:\/\/guitares-et-luthiers.fr\/wp-content\/uploads\/2023\/03\/IMG_9072-1536x1237.jpg 1536w, https:\/\/guitares-et-luthiers.fr\/wp-content\/uploads\/2023\/03\/IMG_9072-2048x1649.jpg 2048w\" sizes=\"auto, (max-width: 706px) 89vw, (max-width: 767px) 82vw, 740px\" \/><\/a><\/figure>\n<\/figure>\n","protected":false},"excerpt":{"rendered":"<p>Guitare Dominique Delarue mod\u00e8le Grand concert de 1999Table en red cedar, \u00e9clisses , dos et chevalet en palissandre.Diapason 65 cm . Avec \u00e9tui. Une fente r\u00e9par\u00e9e par Dominique Delarue , le vernis a \u00e9t\u00e9 refait.Une guitare avec un son tr\u00e8s profond, beaucoup de pr\u00e9sence , de \u00ab\u00a0corps\u00a0\u00bb, dans tous les registres et toutes les positions &hellip; <\/p>\n<p class=\"link-more\"><a href=\"https:\/\/guitares-et-luthiers.fr\/?page_id=1656\" class=\"more-link\">Continuer la lecture<span class=\"screen-reader-text\"> de &laquo;&nbsp;Delarue Grand Concert 1999&nbsp;&raquo;<\/span><\/a><\/p>\n","protected":false},"author":2,"featured_media":0,"parent":0,"menu_order":0,"comment_status":"closed","ping_status":"closed","template":"","meta":{"footnotes":""},"class_list":["post-1656","page","type-page","status-publish","hentry"],"_links":{"self":[{"href":"https:\/\/guitares-et-luthiers.fr\/index.php?rest_route=\/wp\/v2\/pages\/1656","targetHints":{"allow":["GET"]}}],"collection":[{"href":"https:\/\/guitares-et-luthiers.fr\/index.php?rest_route=\/wp\/v2\/pages"}],"about":[{"href":"https:\/\/guitares-et-luthiers.fr\/index.php?rest_route=\/wp\/v2\/types\/page"}],"author":[{"embeddable":true,"href":"https:\/\/guitares-et-luthiers.fr\/index.php?rest_route=\/wp\/v2\/users\/2"}],"replies":[{"embeddable":true,"href":"https:\/\/guitares-et-luthiers.fr\/index.php?rest_route=%2Fwp%2Fv2%2Fcomments&post=1656"}],"version-history":[{"count":1,"href":"https:\/\/guitares-et-luthiers.fr\/index.php?rest_route=\/wp\/v2\/pages\/1656\/revisions"}],"predecessor-version":[{"id":1657,"href":"https:\/\/guitares-et-luthiers.fr\/index.php?rest_route=\/wp\/v2\/pages\/1656\/revisions\/1657"}],"wp:attachment":[{"href":"https:\/\/guitares-et-luthiers.fr\/index.php?rest_route=%2Fwp%2Fv2%2Fmedia&parent=1656"}],"curies":[{"name":"wp","href":"https:\/\/api.w.org\/{rel}","templated":true}]}}