{"id":1694,"date":"2023-03-29T22:34:19","date_gmt":"2023-03-29T21:34:19","guid":{"rendered":"http:\/\/guitares-et-luthiers.fr\/?page_id=1694"},"modified":"2023-04-02T10:36:02","modified_gmt":"2023-04-02T09:36:02","slug":"bedikian-modele-bouchet-2017","status":"publish","type":"page","link":"https:\/\/guitares-et-luthiers.fr\/?page_id=1694","title":{"rendered":"Bedikian mod\u00e8le Bouchet 2017"},"content":{"rendered":"\n<p> &nbsp;<\/p>\n\n\n\n<p>Luthier :&nbsp;Victor Bedikian<\/p>\n\n\n\n<p>Mod\u00e8le : Bouchet<\/p>\n\n\n\n<p>Ann\u00e9e :&nbsp;2017<\/p>\n\n\n\n<p>Bois :&nbsp;table en \u00e9picea , dos en palissandre du Br\u00e9sil, \u00e9clisses en cocobolo , manche acajou, touche \u00e9b\u00e8ne, chevalet en palissandre du Br\u00e9sil, vernis au tampon.<\/p>\n\n\n\n<p>Une lutherie de haut niveau avec les qualit\u00e9s d\u2019une facture traditionnelle.<\/p>\n\n\n\n<p>* rosace et filetterie sp\u00e9cifiques<\/p>\n\n\n\n<p>Point de fioritures, uniquement l\u2019essentiel: le son ! Un timbre velout\u00e9, de la pr\u00e9cision, un \u00e9quilibre excellent.&nbsp; Tout parait couler de source sur cet instrument. Une harmonie \u00e0 tout point de vue, un r\u00e9gal pour musicien. Des bois exceptionnels. <\/p>\n\n\n\n<p>ref:<\/p>\n\n\n\n<p>\u201c Luthiers et guitares d\u2019en France\u201d&nbsp;ed Chandelle<\/p>\n\n\n\n<p>guitare classique n\u00b050 banc d\u2019essai<\/p>\n\n\n\n<p> &nbsp; &nbsp; &nbsp; &nbsp; &nbsp; &nbsp; &nbsp; &nbsp; &nbsp;&nbsp;&nbsp;&nbsp;&nbsp;&nbsp; <\/p>\n\n\n\n<figure class=\"wp-block-gallery has-nested-images columns-default is-cropped wp-block-gallery-1 is-layout-flex wp-block-gallery-is-layout-flex\">\n<figure class=\"wp-block-image size-large\"><a href=\"https:\/\/guitares-et-luthiers.fr\/wp-content\/uploads\/2023\/03\/IMG_9114-scaled.jpg\" rel=\"lightbox[1694]\"><img loading=\"lazy\" decoding=\"async\" width=\"941\" height=\"1024\" data-id=\"1691\" src=\"https:\/\/guitares-et-luthiers.fr\/wp-content\/uploads\/2023\/03\/IMG_9114-941x1024.jpg\" alt=\"\" class=\"wp-image-1691\" srcset=\"https:\/\/guitares-et-luthiers.fr\/wp-content\/uploads\/2023\/03\/IMG_9114-941x1024.jpg 941w, https:\/\/guitares-et-luthiers.fr\/wp-content\/uploads\/2023\/03\/IMG_9114-276x300.jpg 276w, https:\/\/guitares-et-luthiers.fr\/wp-content\/uploads\/2023\/03\/IMG_9114-768x836.jpg 768w, https:\/\/guitares-et-luthiers.fr\/wp-content\/uploads\/2023\/03\/IMG_9114-1411x1536.jpg 1411w, https:\/\/guitares-et-luthiers.fr\/wp-content\/uploads\/2023\/03\/IMG_9114-1882x2048.jpg 1882w\" sizes=\"auto, (max-width: 706px) 89vw, (max-width: 767px) 82vw, 740px\" \/><\/a><\/figure>\n\n\n\n<figure class=\"wp-block-image size-large\"><a href=\"https:\/\/guitares-et-luthiers.fr\/wp-content\/uploads\/2023\/03\/IMG_9113-scaled.jpg\" rel=\"lightbox[1694]\"><img loading=\"lazy\" decoding=\"async\" width=\"768\" height=\"1024\" data-id=\"1690\" src=\"https:\/\/guitares-et-luthiers.fr\/wp-content\/uploads\/2023\/03\/IMG_9113-768x1024.jpg\" alt=\"\" class=\"wp-image-1690\" srcset=\"https:\/\/guitares-et-luthiers.fr\/wp-content\/uploads\/2023\/03\/IMG_9113-768x1024.jpg 768w, https:\/\/guitares-et-luthiers.fr\/wp-content\/uploads\/2023\/03\/IMG_9113-225x300.jpg 225w, https:\/\/guitares-et-luthiers.fr\/wp-content\/uploads\/2023\/03\/IMG_9113-1152x1536.jpg 1152w, https:\/\/guitares-et-luthiers.fr\/wp-content\/uploads\/2023\/03\/IMG_9113-1536x2048.jpg 1536w, https:\/\/guitares-et-luthiers.fr\/wp-content\/uploads\/2023\/03\/IMG_9113-scaled.jpg 1920w\" sizes=\"auto, (max-width: 706px) 89vw, (max-width: 767px) 82vw, 740px\" \/><\/a><\/figure>\n\n\n\n<figure class=\"wp-block-image size-large\"><a href=\"https:\/\/guitares-et-luthiers.fr\/wp-content\/uploads\/2023\/03\/IMG_9112-scaled.jpg\" rel=\"lightbox[1694]\"><img loading=\"lazy\" decoding=\"async\" width=\"768\" height=\"1024\" data-id=\"1689\" src=\"https:\/\/guitares-et-luthiers.fr\/wp-content\/uploads\/2023\/03\/IMG_9112-768x1024.jpg\" alt=\"\" class=\"wp-image-1689\" srcset=\"https:\/\/guitares-et-luthiers.fr\/wp-content\/uploads\/2023\/03\/IMG_9112-768x1024.jpg 768w, https:\/\/guitares-et-luthiers.fr\/wp-content\/uploads\/2023\/03\/IMG_9112-225x300.jpg 225w, https:\/\/guitares-et-luthiers.fr\/wp-content\/uploads\/2023\/03\/IMG_9112-1152x1536.jpg 1152w, https:\/\/guitares-et-luthiers.fr\/wp-content\/uploads\/2023\/03\/IMG_9112-1536x2048.jpg 1536w, https:\/\/guitares-et-luthiers.fr\/wp-content\/uploads\/2023\/03\/IMG_9112-scaled.jpg 1920w\" sizes=\"auto, (max-width: 706px) 89vw, (max-width: 767px) 82vw, 740px\" \/><\/a><\/figure>\n\n\n\n<figure class=\"wp-block-image size-large\"><a href=\"https:\/\/guitares-et-luthiers.fr\/wp-content\/uploads\/2023\/03\/IMG_9111-scaled.jpg\" rel=\"lightbox[1694]\"><img loading=\"lazy\" decoding=\"async\" width=\"724\" height=\"1024\" data-id=\"1688\" src=\"https:\/\/guitares-et-luthiers.fr\/wp-content\/uploads\/2023\/03\/IMG_9111-724x1024.jpg\" alt=\"\" class=\"wp-image-1688\" srcset=\"https:\/\/guitares-et-luthiers.fr\/wp-content\/uploads\/2023\/03\/IMG_9111-724x1024.jpg 724w, https:\/\/guitares-et-luthiers.fr\/wp-content\/uploads\/2023\/03\/IMG_9111-212x300.jpg 212w, https:\/\/guitares-et-luthiers.fr\/wp-content\/uploads\/2023\/03\/IMG_9111-768x1086.jpg 768w, https:\/\/guitares-et-luthiers.fr\/wp-content\/uploads\/2023\/03\/IMG_9111-1087x1536.jpg 1087w, https:\/\/guitares-et-luthiers.fr\/wp-content\/uploads\/2023\/03\/IMG_9111-1449x2048.jpg 1449w, https:\/\/guitares-et-luthiers.fr\/wp-content\/uploads\/2023\/03\/IMG_9111-scaled.jpg 1811w\" sizes=\"auto, (max-width: 724px) 100vw, 724px\" \/><\/a><\/figure>\n\n\n\n<figure class=\"wp-block-image size-large\"><a href=\"https:\/\/guitares-et-luthiers.fr\/wp-content\/uploads\/2023\/03\/IMG_9109-scaled.jpg\" rel=\"lightbox[1694]\"><img loading=\"lazy\" decoding=\"async\" width=\"768\" height=\"1024\" data-id=\"1687\" src=\"https:\/\/guitares-et-luthiers.fr\/wp-content\/uploads\/2023\/03\/IMG_9109-768x1024.jpg\" alt=\"\" class=\"wp-image-1687\" srcset=\"https:\/\/guitares-et-luthiers.fr\/wp-content\/uploads\/2023\/03\/IMG_9109-768x1024.jpg 768w, https:\/\/guitares-et-luthiers.fr\/wp-content\/uploads\/2023\/03\/IMG_9109-225x300.jpg 225w, https:\/\/guitares-et-luthiers.fr\/wp-content\/uploads\/2023\/03\/IMG_9109-1152x1536.jpg 1152w, https:\/\/guitares-et-luthiers.fr\/wp-content\/uploads\/2023\/03\/IMG_9109-1536x2048.jpg 1536w, https:\/\/guitares-et-luthiers.fr\/wp-content\/uploads\/2023\/03\/IMG_9109-scaled.jpg 1920w\" sizes=\"auto, (max-width: 706px) 89vw, (max-width: 767px) 82vw, 740px\" \/><\/a><\/figure>\n\n\n\n<figure class=\"wp-block-image size-large\"><a href=\"https:\/\/guitares-et-luthiers.fr\/wp-content\/uploads\/2023\/03\/IMG_9108-scaled.jpg\" rel=\"lightbox[1694]\"><img loading=\"lazy\" decoding=\"async\" width=\"600\" height=\"1024\" data-id=\"1686\" src=\"https:\/\/guitares-et-luthiers.fr\/wp-content\/uploads\/2023\/03\/IMG_9108-600x1024.jpg\" alt=\"\" class=\"wp-image-1686\" srcset=\"https:\/\/guitares-et-luthiers.fr\/wp-content\/uploads\/2023\/03\/IMG_9108-600x1024.jpg 600w, https:\/\/guitares-et-luthiers.fr\/wp-content\/uploads\/2023\/03\/IMG_9108-176x300.jpg 176w, https:\/\/guitares-et-luthiers.fr\/wp-content\/uploads\/2023\/03\/IMG_9108-768x1310.jpg 768w, https:\/\/guitares-et-luthiers.fr\/wp-content\/uploads\/2023\/03\/IMG_9108-900x1536.jpg 900w, https:\/\/guitares-et-luthiers.fr\/wp-content\/uploads\/2023\/03\/IMG_9108-1200x2048.jpg 1200w, https:\/\/guitares-et-luthiers.fr\/wp-content\/uploads\/2023\/03\/IMG_9108-scaled.jpg 1500w\" sizes=\"auto, (max-width: 600px) 100vw, 600px\" \/><\/a><\/figure>\n\n\n\n<figure class=\"wp-block-image size-large\"><a href=\"https:\/\/guitares-et-luthiers.fr\/wp-content\/uploads\/2023\/03\/IMG_9106-scaled.jpg\" rel=\"lightbox[1694]\"><img loading=\"lazy\" decoding=\"async\" width=\"768\" height=\"1024\" data-id=\"1685\" src=\"https:\/\/guitares-et-luthiers.fr\/wp-content\/uploads\/2023\/03\/IMG_9106-768x1024.jpg\" alt=\"\" class=\"wp-image-1685\" srcset=\"https:\/\/guitares-et-luthiers.fr\/wp-content\/uploads\/2023\/03\/IMG_9106-768x1024.jpg 768w, https:\/\/guitares-et-luthiers.fr\/wp-content\/uploads\/2023\/03\/IMG_9106-225x300.jpg 225w, https:\/\/guitares-et-luthiers.fr\/wp-content\/uploads\/2023\/03\/IMG_9106-1152x1536.jpg 1152w, https:\/\/guitares-et-luthiers.fr\/wp-content\/uploads\/2023\/03\/IMG_9106-1536x2048.jpg 1536w, https:\/\/guitares-et-luthiers.fr\/wp-content\/uploads\/2023\/03\/IMG_9106-scaled.jpg 1920w\" sizes=\"auto, (max-width: 706px) 89vw, (max-width: 767px) 82vw, 740px\" \/><\/a><\/figure>\n\n\n\n<figure class=\"wp-block-image size-large\"><a href=\"https:\/\/guitares-et-luthiers.fr\/wp-content\/uploads\/2023\/03\/IMG_9105-scaled.jpg\" rel=\"lightbox[1694]\"><img loading=\"lazy\" decoding=\"async\" width=\"768\" height=\"1024\" data-id=\"1684\" src=\"https:\/\/guitares-et-luthiers.fr\/wp-content\/uploads\/2023\/03\/IMG_9105-768x1024.jpg\" alt=\"\" class=\"wp-image-1684\" srcset=\"https:\/\/guitares-et-luthiers.fr\/wp-content\/uploads\/2023\/03\/IMG_9105-768x1024.jpg 768w, https:\/\/guitares-et-luthiers.fr\/wp-content\/uploads\/2023\/03\/IMG_9105-225x300.jpg 225w, https:\/\/guitares-et-luthiers.fr\/wp-content\/uploads\/2023\/03\/IMG_9105-1152x1536.jpg 1152w, https:\/\/guitares-et-luthiers.fr\/wp-content\/uploads\/2023\/03\/IMG_9105-1536x2048.jpg 1536w, https:\/\/guitares-et-luthiers.fr\/wp-content\/uploads\/2023\/03\/IMG_9105-scaled.jpg 1920w\" sizes=\"auto, (max-width: 706px) 89vw, (max-width: 767px) 82vw, 740px\" \/><\/a><\/figure>\n\n\n\n<figure class=\"wp-block-image size-large\"><a href=\"https:\/\/guitares-et-luthiers.fr\/wp-content\/uploads\/2023\/03\/IMG_9104-scaled.jpg\" rel=\"lightbox[1694]\"><img loading=\"lazy\" decoding=\"async\" width=\"788\" height=\"1024\" data-id=\"1683\" src=\"https:\/\/guitares-et-luthiers.fr\/wp-content\/uploads\/2023\/03\/IMG_9104-788x1024.jpg\" alt=\"\" class=\"wp-image-1683\" srcset=\"https:\/\/guitares-et-luthiers.fr\/wp-content\/uploads\/2023\/03\/IMG_9104-788x1024.jpg 788w, https:\/\/guitares-et-luthiers.fr\/wp-content\/uploads\/2023\/03\/IMG_9104-231x300.jpg 231w, https:\/\/guitares-et-luthiers.fr\/wp-content\/uploads\/2023\/03\/IMG_9104-768x998.jpg 768w, https:\/\/guitares-et-luthiers.fr\/wp-content\/uploads\/2023\/03\/IMG_9104-1182x1536.jpg 1182w, https:\/\/guitares-et-luthiers.fr\/wp-content\/uploads\/2023\/03\/IMG_9104-1575x2048.jpg 1575w, https:\/\/guitares-et-luthiers.fr\/wp-content\/uploads\/2023\/03\/IMG_9104-scaled.jpg 1969w\" sizes=\"auto, (max-width: 706px) 89vw, (max-width: 767px) 82vw, 740px\" \/><\/a><\/figure>\n\n\n\n<figure class=\"wp-block-image size-large\"><a href=\"https:\/\/guitares-et-luthiers.fr\/wp-content\/uploads\/2023\/03\/IMG_9103-scaled.jpg\" rel=\"lightbox[1694]\"><img loading=\"lazy\" decoding=\"async\" width=\"768\" height=\"1024\" data-id=\"1682\" src=\"https:\/\/guitares-et-luthiers.fr\/wp-content\/uploads\/2023\/03\/IMG_9103-768x1024.jpg\" alt=\"\" class=\"wp-image-1682\" srcset=\"https:\/\/guitares-et-luthiers.fr\/wp-content\/uploads\/2023\/03\/IMG_9103-768x1024.jpg 768w, https:\/\/guitares-et-luthiers.fr\/wp-content\/uploads\/2023\/03\/IMG_9103-225x300.jpg 225w, https:\/\/guitares-et-luthiers.fr\/wp-content\/uploads\/2023\/03\/IMG_9103-1152x1536.jpg 1152w, https:\/\/guitares-et-luthiers.fr\/wp-content\/uploads\/2023\/03\/IMG_9103-1536x2048.jpg 1536w, https:\/\/guitares-et-luthiers.fr\/wp-content\/uploads\/2023\/03\/IMG_9103-scaled.jpg 1920w\" sizes=\"auto, (max-width: 706px) 89vw, (max-width: 767px) 82vw, 740px\" \/><\/a><\/figure>\n\n\n\n<figure class=\"wp-block-image size-large\"><a href=\"https:\/\/guitares-et-luthiers.fr\/wp-content\/uploads\/2023\/03\/IMG_9102-scaled.jpg\" rel=\"lightbox[1694]\"><img loading=\"lazy\" decoding=\"async\" width=\"418\" height=\"1024\" data-id=\"1681\" src=\"https:\/\/guitares-et-luthiers.fr\/wp-content\/uploads\/2023\/03\/IMG_9102-418x1024.jpg\" alt=\"\" class=\"wp-image-1681\" srcset=\"https:\/\/guitares-et-luthiers.fr\/wp-content\/uploads\/2023\/03\/IMG_9102-418x1024.jpg 418w, https:\/\/guitares-et-luthiers.fr\/wp-content\/uploads\/2023\/03\/IMG_9102-123x300.jpg 123w, https:\/\/guitares-et-luthiers.fr\/wp-content\/uploads\/2023\/03\/IMG_9102-768x1881.jpg 768w, https:\/\/guitares-et-luthiers.fr\/wp-content\/uploads\/2023\/03\/IMG_9102-627x1536.jpg 627w, https:\/\/guitares-et-luthiers.fr\/wp-content\/uploads\/2023\/03\/IMG_9102-836x2048.jpg 836w, https:\/\/guitares-et-luthiers.fr\/wp-content\/uploads\/2023\/03\/IMG_9102-scaled.jpg 1045w\" sizes=\"auto, (max-width: 418px) 100vw, 418px\" \/><\/a><\/figure>\n\n\n\n<figure class=\"wp-block-image size-large\"><a href=\"https:\/\/guitares-et-luthiers.fr\/wp-content\/uploads\/2023\/03\/IMG_9101-scaled.jpg\" rel=\"lightbox[1694]\"><img loading=\"lazy\" decoding=\"async\" width=\"731\" height=\"1024\" data-id=\"1680\" src=\"https:\/\/guitares-et-luthiers.fr\/wp-content\/uploads\/2023\/03\/IMG_9101-731x1024.jpg\" alt=\"\" class=\"wp-image-1680\" srcset=\"https:\/\/guitares-et-luthiers.fr\/wp-content\/uploads\/2023\/03\/IMG_9101-731x1024.jpg 731w, https:\/\/guitares-et-luthiers.fr\/wp-content\/uploads\/2023\/03\/IMG_9101-214x300.jpg 214w, https:\/\/guitares-et-luthiers.fr\/wp-content\/uploads\/2023\/03\/IMG_9101-768x1075.jpg 768w, https:\/\/guitares-et-luthiers.fr\/wp-content\/uploads\/2023\/03\/IMG_9101-1097x1536.jpg 1097w, https:\/\/guitares-et-luthiers.fr\/wp-content\/uploads\/2023\/03\/IMG_9101-1462x2048.jpg 1462w, https:\/\/guitares-et-luthiers.fr\/wp-content\/uploads\/2023\/03\/IMG_9101-scaled.jpg 1828w\" sizes=\"auto, (max-width: 731px) 100vw, 731px\" \/><\/a><\/figure>\n\n\n\n<figure class=\"wp-block-image size-large\"><a href=\"https:\/\/guitares-et-luthiers.fr\/wp-content\/uploads\/2023\/03\/IMG_9100-scaled.jpg\" rel=\"lightbox[1694]\"><img loading=\"lazy\" decoding=\"async\" width=\"1024\" height=\"235\" data-id=\"1679\" src=\"https:\/\/guitares-et-luthiers.fr\/wp-content\/uploads\/2023\/03\/IMG_9100-1024x235.jpg\" alt=\"\" class=\"wp-image-1679\" srcset=\"https:\/\/guitares-et-luthiers.fr\/wp-content\/uploads\/2023\/03\/IMG_9100-1024x235.jpg 1024w, https:\/\/guitares-et-luthiers.fr\/wp-content\/uploads\/2023\/03\/IMG_9100-300x69.jpg 300w, https:\/\/guitares-et-luthiers.fr\/wp-content\/uploads\/2023\/03\/IMG_9100-768x176.jpg 768w, https:\/\/guitares-et-luthiers.fr\/wp-content\/uploads\/2023\/03\/IMG_9100-1536x352.jpg 1536w, https:\/\/guitares-et-luthiers.fr\/wp-content\/uploads\/2023\/03\/IMG_9100-2048x469.jpg 2048w\" sizes=\"auto, (max-width: 706px) 89vw, (max-width: 767px) 82vw, 740px\" \/><\/a><\/figure>\n\n\n\n<figure class=\"wp-block-image size-large\"><a href=\"https:\/\/guitares-et-luthiers.fr\/wp-content\/uploads\/2023\/03\/IMG_9099-scaled.jpg\" rel=\"lightbox[1694]\"><img loading=\"lazy\" decoding=\"async\" width=\"874\" height=\"1024\" data-id=\"1678\" src=\"https:\/\/guitares-et-luthiers.fr\/wp-content\/uploads\/2023\/03\/IMG_9099-874x1024.jpg\" alt=\"\" class=\"wp-image-1678\" srcset=\"https:\/\/guitares-et-luthiers.fr\/wp-content\/uploads\/2023\/03\/IMG_9099-874x1024.jpg 874w, https:\/\/guitares-et-luthiers.fr\/wp-content\/uploads\/2023\/03\/IMG_9099-256x300.jpg 256w, https:\/\/guitares-et-luthiers.fr\/wp-content\/uploads\/2023\/03\/IMG_9099-768x900.jpg 768w, https:\/\/guitares-et-luthiers.fr\/wp-content\/uploads\/2023\/03\/IMG_9099-1311x1536.jpg 1311w, https:\/\/guitares-et-luthiers.fr\/wp-content\/uploads\/2023\/03\/IMG_9099-1747x2048.jpg 1747w\" sizes=\"auto, (max-width: 706px) 89vw, (max-width: 767px) 82vw, 740px\" \/><\/a><\/figure>\n<\/figure>\n\n\n\n<figure class=\"wp-block-image size-large\"><a href=\"https:\/\/guitares-et-luthiers.fr\/wp-content\/uploads\/2023\/04\/IMG_9098-scaled.jpg\" rel=\"lightbox[1694]\"><img loading=\"lazy\" decoding=\"async\" width=\"1024\" height=\"1002\" src=\"https:\/\/guitares-et-luthiers.fr\/wp-content\/uploads\/2023\/04\/IMG_9098-1024x1002.jpg\" alt=\"\" class=\"wp-image-1700\" srcset=\"https:\/\/guitares-et-luthiers.fr\/wp-content\/uploads\/2023\/04\/IMG_9098-1024x1002.jpg 1024w, https:\/\/guitares-et-luthiers.fr\/wp-content\/uploads\/2023\/04\/IMG_9098-300x294.jpg 300w, https:\/\/guitares-et-luthiers.fr\/wp-content\/uploads\/2023\/04\/IMG_9098-768x752.jpg 768w, https:\/\/guitares-et-luthiers.fr\/wp-content\/uploads\/2023\/04\/IMG_9098-1536x1503.jpg 1536w, https:\/\/guitares-et-luthiers.fr\/wp-content\/uploads\/2023\/04\/IMG_9098-2048x2004.jpg 2048w\" sizes=\"auto, (max-width: 706px) 89vw, (max-width: 767px) 82vw, 740px\" \/><\/a><\/figure>\n","protected":false},"excerpt":{"rendered":"<p>&nbsp; Luthier :&nbsp;Victor Bedikian Mod\u00e8le : Bouchet Ann\u00e9e :&nbsp;2017 Bois :&nbsp;table en \u00e9picea , dos en palissandre du Br\u00e9sil, \u00e9clisses en cocobolo , manche acajou, touche \u00e9b\u00e8ne, chevalet en palissandre du Br\u00e9sil, vernis au tampon. Une lutherie de haut niveau avec les qualit\u00e9s d\u2019une facture traditionnelle. * rosace et filetterie sp\u00e9cifiques Point de fioritures, uniquement &hellip; <\/p>\n<p class=\"link-more\"><a href=\"https:\/\/guitares-et-luthiers.fr\/?page_id=1694\" class=\"more-link\">Continuer la lecture<span class=\"screen-reader-text\"> de &laquo;&nbsp;Bedikian mod\u00e8le Bouchet 2017&nbsp;&raquo;<\/span><\/a><\/p>\n","protected":false},"author":2,"featured_media":0,"parent":0,"menu_order":0,"comment_status":"closed","ping_status":"closed","template":"","meta":{"footnotes":""},"class_list":["post-1694","page","type-page","status-publish","hentry"],"_links":{"self":[{"href":"https:\/\/guitares-et-luthiers.fr\/index.php?rest_route=\/wp\/v2\/pages\/1694","targetHints":{"allow":["GET"]}}],"collection":[{"href":"https:\/\/guitares-et-luthiers.fr\/index.php?rest_route=\/wp\/v2\/pages"}],"about":[{"href":"https:\/\/guitares-et-luthiers.fr\/index.php?rest_route=\/wp\/v2\/types\/page"}],"author":[{"embeddable":true,"href":"https:\/\/guitares-et-luthiers.fr\/index.php?rest_route=\/wp\/v2\/users\/2"}],"replies":[{"embeddable":true,"href":"https:\/\/guitares-et-luthiers.fr\/index.php?rest_route=%2Fwp%2Fv2%2Fcomments&post=1694"}],"version-history":[{"count":3,"href":"https:\/\/guitares-et-luthiers.fr\/index.php?rest_route=\/wp\/v2\/pages\/1694\/revisions"}],"predecessor-version":[{"id":1701,"href":"https:\/\/guitares-et-luthiers.fr\/index.php?rest_route=\/wp\/v2\/pages\/1694\/revisions\/1701"}],"wp:attachment":[{"href":"https:\/\/guitares-et-luthiers.fr\/index.php?rest_route=%2Fwp%2Fv2%2Fmedia&parent=1694"}],"curies":[{"name":"wp","href":"https:\/\/api.w.org\/{rel}","templated":true}]}}