{"id":1751,"date":"2023-05-17T08:37:26","date_gmt":"2023-05-17T07:37:26","guid":{"rendered":"http:\/\/guitares-et-luthiers.fr\/?page_id=1751"},"modified":"2023-05-17T08:46:17","modified_gmt":"2023-05-17T07:46:17","slug":"mayeul-pradel","status":"publish","type":"page","link":"https:\/\/guitares-et-luthiers.fr\/?page_id=1751","title":{"rendered":"\u00a0Mayeul Pradel"},"content":{"rendered":"\n<p>Luthier :&nbsp;Mayeul Pradel<\/p>\n\n\n\n<p>Ann\u00e9e :&nbsp;2019<\/p>\n\n\n\n<p>Ref:&nbsp;n \u00b0 7<\/p>\n\n\n\n<p>Bois :&nbsp;table en \u00e9pic\u00e9a Suisse, dos et \u00e9clisses en palissandre en noyer, touche \u00e9b\u00e8ne, chevalet en cocobolo, manche acajou. <\/p>\n\n\n\n<p>M\u00e9caniques Schaller Grand Tune, vernis tampon.<\/p>\n\n\n\n<p>Diapason 64 cm  \/ poids 1589 g <\/p>\n\n\n\n<p><\/p>\n\n\n\n<p>Mayeul Pradel est un jeune luthier Lyonnais : <\/p>\n\n\n\n<p>\u00ab\u00a0Apr\u00e8s une formation d\u2019\u00e9b\u00e9nisterie d\u2019art \u00e0 Fribourg, j\u2019ai appris la fabrication des guitares classiques aupr\u00e8s d\u2019Oscar Trezzini, luthier en Suisse, J\u2019ai install\u00e9 mon atelier \u00e0 Lyon en 2016. La fabrication de mes guitares est inspir\u00e9e de la tradition espagnole, mais est \u00e9galement nourrie par les rencontres avec mes confr\u00e8res et l\u2019\u00e9tude des guitares des grands ma\u00eetres du XX\u00e8me si\u00e8cle.<\/p>\n\n\n\n<p>Soucieux de produire des instruments de qualit\u00e9, je s\u00e9lectionne les essences de bois avec rigueur et je les travaille de mani\u00e8re \u00e0 laisser le bois s\u2019exprimer, essayant d\u2019accorder entre elles les caract\u00e9ristiques m\u00e9caniques et acoustiques propres \u00e0 chaque essence.<\/p>\n\n\n\n<p>Chaque \u00e9tape de fabrication est r\u00e9alis\u00e9e \u00e0 la main, tout comme la finition, une gomme laque appliqu\u00e9e au tampon. Je cherche pour mes guitares un timbre sonore chaleureux, \u00e9quilibr\u00e9, clair et \u00e9l\u00e9gant, associ\u00e9 \u00e0 une ergonomie qui rend l\u2019instrument confortable \u00e0 jouer.<\/p>\n\n\n\n<p>Son apparence, loin d\u2019\u00eatre secondaire, se veut simple et en coh\u00e9rence avec les qualit\u00e9s acoustiques de la guitare.\u00a0\u00bb<\/p>\n\n\n\n<p>guitarespradel.fr<\/p>\n\n\n\n<p>Guitarespradel@gmail.com                                                                                                                                      07 82 20 89 45                                                                                                                                                                    8 rue Chavanne, 69001 LYON<\/p>\n\n\n\n<figure class=\"wp-block-embed is-type-wp-embed is-provider-guitarespradel-fr wp-block-embed-guitarespradel-fr\"><div class=\"wp-block-embed__wrapper\">\nhttps:\/\/guitarespradel.fr\n<\/div><\/figure>\n\n\n\n<figure class=\"wp-block-gallery has-nested-images columns-default is-cropped wp-block-gallery-1 is-layout-flex wp-block-gallery-is-layout-flex\">\n<figure class=\"wp-block-image size-large\"><a href=\"https:\/\/guitares-et-luthiers.fr\/wp-content\/uploads\/2023\/05\/IMG_9663-scaled.jpg\" rel=\"lightbox[1751]\"><img loading=\"lazy\" decoding=\"async\" width=\"1024\" height=\"989\" data-id=\"1733\" src=\"https:\/\/guitares-et-luthiers.fr\/wp-content\/uploads\/2023\/05\/IMG_9663-1024x989.jpg\" alt=\"\" class=\"wp-image-1733\" srcset=\"https:\/\/guitares-et-luthiers.fr\/wp-content\/uploads\/2023\/05\/IMG_9663-1024x989.jpg 1024w, https:\/\/guitares-et-luthiers.fr\/wp-content\/uploads\/2023\/05\/IMG_9663-300x290.jpg 300w, https:\/\/guitares-et-luthiers.fr\/wp-content\/uploads\/2023\/05\/IMG_9663-768x742.jpg 768w, https:\/\/guitares-et-luthiers.fr\/wp-content\/uploads\/2023\/05\/IMG_9663-1536x1484.jpg 1536w, https:\/\/guitares-et-luthiers.fr\/wp-content\/uploads\/2023\/05\/IMG_9663-2048x1979.jpg 2048w\" sizes=\"auto, (max-width: 706px) 89vw, (max-width: 767px) 82vw, 740px\" \/><\/a><\/figure>\n\n\n\n<figure class=\"wp-block-image size-large\"><a href=\"https:\/\/guitares-et-luthiers.fr\/wp-content\/uploads\/2023\/05\/IMG_9635-scaled.jpg\" rel=\"lightbox[1751]\"><img loading=\"lazy\" decoding=\"async\" width=\"768\" height=\"1024\" data-id=\"1729\" src=\"https:\/\/guitares-et-luthiers.fr\/wp-content\/uploads\/2023\/05\/IMG_9635-768x1024.jpg\" alt=\"\" class=\"wp-image-1729\" srcset=\"https:\/\/guitares-et-luthiers.fr\/wp-content\/uploads\/2023\/05\/IMG_9635-768x1024.jpg 768w, https:\/\/guitares-et-luthiers.fr\/wp-content\/uploads\/2023\/05\/IMG_9635-225x300.jpg 225w, https:\/\/guitares-et-luthiers.fr\/wp-content\/uploads\/2023\/05\/IMG_9635-1152x1536.jpg 1152w, https:\/\/guitares-et-luthiers.fr\/wp-content\/uploads\/2023\/05\/IMG_9635-1536x2048.jpg 1536w, https:\/\/guitares-et-luthiers.fr\/wp-content\/uploads\/2023\/05\/IMG_9635-scaled.jpg 1920w\" sizes=\"auto, (max-width: 706px) 89vw, (max-width: 767px) 82vw, 740px\" \/><\/a><\/figure>\n\n\n\n<figure class=\"wp-block-image size-large\"><a href=\"https:\/\/guitares-et-luthiers.fr\/wp-content\/uploads\/2023\/05\/IMG_9674-scaled.jpg\" rel=\"lightbox[1751]\"><img loading=\"lazy\" decoding=\"async\" width=\"768\" height=\"1024\" data-id=\"1744\" src=\"https:\/\/guitares-et-luthiers.fr\/wp-content\/uploads\/2023\/05\/IMG_9674-768x1024.jpg\" alt=\"\" class=\"wp-image-1744\" srcset=\"https:\/\/guitares-et-luthiers.fr\/wp-content\/uploads\/2023\/05\/IMG_9674-768x1024.jpg 768w, https:\/\/guitares-et-luthiers.fr\/wp-content\/uploads\/2023\/05\/IMG_9674-225x300.jpg 225w, https:\/\/guitares-et-luthiers.fr\/wp-content\/uploads\/2023\/05\/IMG_9674-1152x1536.jpg 1152w, https:\/\/guitares-et-luthiers.fr\/wp-content\/uploads\/2023\/05\/IMG_9674-1536x2048.jpg 1536w, https:\/\/guitares-et-luthiers.fr\/wp-content\/uploads\/2023\/05\/IMG_9674-scaled.jpg 1920w\" sizes=\"auto, (max-width: 706px) 89vw, (max-width: 767px) 82vw, 740px\" \/><\/a><\/figure>\n\n\n\n<figure class=\"wp-block-image size-large\"><a href=\"https:\/\/guitares-et-luthiers.fr\/wp-content\/uploads\/2023\/05\/IMG_9670-scaled.jpg\" rel=\"lightbox[1751]\"><img loading=\"lazy\" decoding=\"async\" width=\"768\" height=\"1024\" data-id=\"1740\" src=\"https:\/\/guitares-et-luthiers.fr\/wp-content\/uploads\/2023\/05\/IMG_9670-768x1024.jpg\" alt=\"\" class=\"wp-image-1740\" srcset=\"https:\/\/guitares-et-luthiers.fr\/wp-content\/uploads\/2023\/05\/IMG_9670-768x1024.jpg 768w, https:\/\/guitares-et-luthiers.fr\/wp-content\/uploads\/2023\/05\/IMG_9670-225x300.jpg 225w, https:\/\/guitares-et-luthiers.fr\/wp-content\/uploads\/2023\/05\/IMG_9670-1152x1536.jpg 1152w, https:\/\/guitares-et-luthiers.fr\/wp-content\/uploads\/2023\/05\/IMG_9670-1536x2048.jpg 1536w, https:\/\/guitares-et-luthiers.fr\/wp-content\/uploads\/2023\/05\/IMG_9670-scaled.jpg 1920w\" sizes=\"auto, (max-width: 706px) 89vw, (max-width: 767px) 82vw, 740px\" \/><\/a><\/figure>\n\n\n\n<figure class=\"wp-block-image size-large\"><a href=\"https:\/\/guitares-et-luthiers.fr\/wp-content\/uploads\/2023\/05\/IMG_9666-scaled.jpg\" rel=\"lightbox[1751]\"><img loading=\"lazy\" decoding=\"async\" width=\"430\" height=\"1024\" data-id=\"1736\" src=\"https:\/\/guitares-et-luthiers.fr\/wp-content\/uploads\/2023\/05\/IMG_9666-430x1024.jpg\" alt=\"\" class=\"wp-image-1736\" srcset=\"https:\/\/guitares-et-luthiers.fr\/wp-content\/uploads\/2023\/05\/IMG_9666-430x1024.jpg 430w, https:\/\/guitares-et-luthiers.fr\/wp-content\/uploads\/2023\/05\/IMG_9666-126x300.jpg 126w, https:\/\/guitares-et-luthiers.fr\/wp-content\/uploads\/2023\/05\/IMG_9666-768x1827.jpg 768w, https:\/\/guitares-et-luthiers.fr\/wp-content\/uploads\/2023\/05\/IMG_9666-861x2048.jpg 861w, https:\/\/guitares-et-luthiers.fr\/wp-content\/uploads\/2023\/05\/IMG_9666-scaled.jpg 1076w\" sizes=\"auto, (max-width: 430px) 100vw, 430px\" \/><\/a><\/figure>\n\n\n\n<figure class=\"wp-block-image size-large\"><a href=\"https:\/\/guitares-et-luthiers.fr\/wp-content\/uploads\/2023\/05\/IMG_9677-scaled.jpg\" rel=\"lightbox[1751]\"><img loading=\"lazy\" decoding=\"async\" width=\"768\" height=\"1024\" data-id=\"1747\" src=\"https:\/\/guitares-et-luthiers.fr\/wp-content\/uploads\/2023\/05\/IMG_9677-768x1024.jpg\" alt=\"\" class=\"wp-image-1747\" srcset=\"https:\/\/guitares-et-luthiers.fr\/wp-content\/uploads\/2023\/05\/IMG_9677-768x1024.jpg 768w, https:\/\/guitares-et-luthiers.fr\/wp-content\/uploads\/2023\/05\/IMG_9677-225x300.jpg 225w, https:\/\/guitares-et-luthiers.fr\/wp-content\/uploads\/2023\/05\/IMG_9677-1152x1536.jpg 1152w, https:\/\/guitares-et-luthiers.fr\/wp-content\/uploads\/2023\/05\/IMG_9677-1536x2048.jpg 1536w, https:\/\/guitares-et-luthiers.fr\/wp-content\/uploads\/2023\/05\/IMG_9677-scaled.jpg 1920w\" sizes=\"auto, (max-width: 706px) 89vw, (max-width: 767px) 82vw, 740px\" \/><\/a><\/figure>\n\n\n\n<figure class=\"wp-block-image size-large\"><a href=\"https:\/\/guitares-et-luthiers.fr\/wp-content\/uploads\/2023\/05\/IMG_9676-scaled.jpg\" rel=\"lightbox[1751]\"><img loading=\"lazy\" decoding=\"async\" width=\"768\" height=\"1024\" data-id=\"1746\" src=\"https:\/\/guitares-et-luthiers.fr\/wp-content\/uploads\/2023\/05\/IMG_9676-768x1024.jpg\" alt=\"\" class=\"wp-image-1746\" srcset=\"https:\/\/guitares-et-luthiers.fr\/wp-content\/uploads\/2023\/05\/IMG_9676-768x1024.jpg 768w, https:\/\/guitares-et-luthiers.fr\/wp-content\/uploads\/2023\/05\/IMG_9676-225x300.jpg 225w, https:\/\/guitares-et-luthiers.fr\/wp-content\/uploads\/2023\/05\/IMG_9676-1152x1536.jpg 1152w, https:\/\/guitares-et-luthiers.fr\/wp-content\/uploads\/2023\/05\/IMG_9676-1536x2048.jpg 1536w, https:\/\/guitares-et-luthiers.fr\/wp-content\/uploads\/2023\/05\/IMG_9676-scaled.jpg 1920w\" sizes=\"auto, (max-width: 706px) 89vw, (max-width: 767px) 82vw, 740px\" \/><\/a><\/figure>\n\n\n\n<figure class=\"wp-block-image size-large\"><a href=\"https:\/\/guitares-et-luthiers.fr\/wp-content\/uploads\/2023\/05\/IMG_9675-scaled.jpg\" rel=\"lightbox[1751]\"><img loading=\"lazy\" decoding=\"async\" width=\"919\" height=\"1024\" data-id=\"1745\" src=\"https:\/\/guitares-et-luthiers.fr\/wp-content\/uploads\/2023\/05\/IMG_9675-919x1024.jpg\" alt=\"\" class=\"wp-image-1745\" srcset=\"https:\/\/guitares-et-luthiers.fr\/wp-content\/uploads\/2023\/05\/IMG_9675-919x1024.jpg 919w, https:\/\/guitares-et-luthiers.fr\/wp-content\/uploads\/2023\/05\/IMG_9675-269x300.jpg 269w, https:\/\/guitares-et-luthiers.fr\/wp-content\/uploads\/2023\/05\/IMG_9675-768x855.jpg 768w, https:\/\/guitares-et-luthiers.fr\/wp-content\/uploads\/2023\/05\/IMG_9675-1379x1536.jpg 1379w, https:\/\/guitares-et-luthiers.fr\/wp-content\/uploads\/2023\/05\/IMG_9675-1839x2048.jpg 1839w\" sizes=\"auto, (max-width: 706px) 89vw, (max-width: 767px) 82vw, 740px\" \/><\/a><\/figure>\n\n\n\n<figure class=\"wp-block-image size-large\"><a href=\"https:\/\/guitares-et-luthiers.fr\/wp-content\/uploads\/2023\/05\/IMG_9679-scaled.jpg\" rel=\"lightbox[1751]\"><img loading=\"lazy\" decoding=\"async\" width=\"974\" height=\"1024\" data-id=\"1749\" src=\"https:\/\/guitares-et-luthiers.fr\/wp-content\/uploads\/2023\/05\/IMG_9679-974x1024.jpg\" alt=\"\" class=\"wp-image-1749\" srcset=\"https:\/\/guitares-et-luthiers.fr\/wp-content\/uploads\/2023\/05\/IMG_9679-974x1024.jpg 974w, https:\/\/guitares-et-luthiers.fr\/wp-content\/uploads\/2023\/05\/IMG_9679-285x300.jpg 285w, https:\/\/guitares-et-luthiers.fr\/wp-content\/uploads\/2023\/05\/IMG_9679-768x808.jpg 768w, https:\/\/guitares-et-luthiers.fr\/wp-content\/uploads\/2023\/05\/IMG_9679-1461x1536.jpg 1461w, https:\/\/guitares-et-luthiers.fr\/wp-content\/uploads\/2023\/05\/IMG_9679-1948x2048.jpg 1948w\" sizes=\"auto, (max-width: 706px) 89vw, (max-width: 767px) 82vw, 740px\" \/><\/a><\/figure>\n\n\n\n<figure class=\"wp-block-image size-large\"><a href=\"https:\/\/guitares-et-luthiers.fr\/wp-content\/uploads\/2023\/05\/IMG_9680-scaled.jpg\" rel=\"lightbox[1751]\"><img loading=\"lazy\" decoding=\"async\" width=\"1024\" height=\"298\" data-id=\"1750\" src=\"https:\/\/guitares-et-luthiers.fr\/wp-content\/uploads\/2023\/05\/IMG_9680-1024x298.jpg\" alt=\"\" class=\"wp-image-1750\" srcset=\"https:\/\/guitares-et-luthiers.fr\/wp-content\/uploads\/2023\/05\/IMG_9680-1024x298.jpg 1024w, https:\/\/guitares-et-luthiers.fr\/wp-content\/uploads\/2023\/05\/IMG_9680-300x87.jpg 300w, https:\/\/guitares-et-luthiers.fr\/wp-content\/uploads\/2023\/05\/IMG_9680-768x224.jpg 768w, https:\/\/guitares-et-luthiers.fr\/wp-content\/uploads\/2023\/05\/IMG_9680-1536x447.jpg 1536w, https:\/\/guitares-et-luthiers.fr\/wp-content\/uploads\/2023\/05\/IMG_9680-2048x596.jpg 2048w\" sizes=\"auto, (max-width: 706px) 89vw, (max-width: 767px) 82vw, 740px\" \/><\/a><\/figure>\n\n\n\n<figure class=\"wp-block-image size-large\"><a href=\"https:\/\/guitares-et-luthiers.fr\/wp-content\/uploads\/2023\/05\/IMG_9673-scaled.jpg\" rel=\"lightbox[1751]\"><img loading=\"lazy\" decoding=\"async\" width=\"768\" height=\"1024\" data-id=\"1743\" src=\"https:\/\/guitares-et-luthiers.fr\/wp-content\/uploads\/2023\/05\/IMG_9673-768x1024.jpg\" alt=\"\" class=\"wp-image-1743\" srcset=\"https:\/\/guitares-et-luthiers.fr\/wp-content\/uploads\/2023\/05\/IMG_9673-768x1024.jpg 768w, https:\/\/guitares-et-luthiers.fr\/wp-content\/uploads\/2023\/05\/IMG_9673-225x300.jpg 225w, https:\/\/guitares-et-luthiers.fr\/wp-content\/uploads\/2023\/05\/IMG_9673-1152x1536.jpg 1152w, https:\/\/guitares-et-luthiers.fr\/wp-content\/uploads\/2023\/05\/IMG_9673-1536x2048.jpg 1536w, https:\/\/guitares-et-luthiers.fr\/wp-content\/uploads\/2023\/05\/IMG_9673-scaled.jpg 1920w\" sizes=\"auto, (max-width: 706px) 89vw, (max-width: 767px) 82vw, 740px\" \/><\/a><\/figure>\n\n\n\n<figure class=\"wp-block-image size-large\"><a href=\"https:\/\/guitares-et-luthiers.fr\/wp-content\/uploads\/2023\/05\/IMG_9672-scaled.jpg\" rel=\"lightbox[1751]\"><img loading=\"lazy\" decoding=\"async\" width=\"768\" height=\"1024\" data-id=\"1742\" src=\"https:\/\/guitares-et-luthiers.fr\/wp-content\/uploads\/2023\/05\/IMG_9672-768x1024.jpg\" alt=\"\" class=\"wp-image-1742\" srcset=\"https:\/\/guitares-et-luthiers.fr\/wp-content\/uploads\/2023\/05\/IMG_9672-768x1024.jpg 768w, https:\/\/guitares-et-luthiers.fr\/wp-content\/uploads\/2023\/05\/IMG_9672-225x300.jpg 225w, https:\/\/guitares-et-luthiers.fr\/wp-content\/uploads\/2023\/05\/IMG_9672-1152x1536.jpg 1152w, https:\/\/guitares-et-luthiers.fr\/wp-content\/uploads\/2023\/05\/IMG_9672-1536x2048.jpg 1536w, https:\/\/guitares-et-luthiers.fr\/wp-content\/uploads\/2023\/05\/IMG_9672-scaled.jpg 1920w\" sizes=\"auto, (max-width: 706px) 89vw, (max-width: 767px) 82vw, 740px\" \/><\/a><\/figure>\n\n\n\n<figure class=\"wp-block-image size-large\"><a href=\"https:\/\/guitares-et-luthiers.fr\/wp-content\/uploads\/2023\/05\/IMG_9671-scaled.jpg\" rel=\"lightbox[1751]\"><img loading=\"lazy\" decoding=\"async\" width=\"563\" height=\"1024\" data-id=\"1741\" src=\"https:\/\/guitares-et-luthiers.fr\/wp-content\/uploads\/2023\/05\/IMG_9671-563x1024.jpg\" alt=\"\" class=\"wp-image-1741\" srcset=\"https:\/\/guitares-et-luthiers.fr\/wp-content\/uploads\/2023\/05\/IMG_9671-563x1024.jpg 563w, https:\/\/guitares-et-luthiers.fr\/wp-content\/uploads\/2023\/05\/IMG_9671-165x300.jpg 165w, https:\/\/guitares-et-luthiers.fr\/wp-content\/uploads\/2023\/05\/IMG_9671-768x1397.jpg 768w, https:\/\/guitares-et-luthiers.fr\/wp-content\/uploads\/2023\/05\/IMG_9671-844x1536.jpg 844w, https:\/\/guitares-et-luthiers.fr\/wp-content\/uploads\/2023\/05\/IMG_9671-1126x2048.jpg 1126w, https:\/\/guitares-et-luthiers.fr\/wp-content\/uploads\/2023\/05\/IMG_9671-scaled.jpg 1407w\" sizes=\"auto, (max-width: 563px) 100vw, 563px\" \/><\/a><\/figure>\n\n\n\n<figure class=\"wp-block-image size-large\"><a href=\"https:\/\/guitares-et-luthiers.fr\/wp-content\/uploads\/2023\/05\/IMG_9678-scaled.jpg\" rel=\"lightbox[1751]\"><img loading=\"lazy\" decoding=\"async\" width=\"768\" height=\"1024\" data-id=\"1748\" src=\"https:\/\/guitares-et-luthiers.fr\/wp-content\/uploads\/2023\/05\/IMG_9678-768x1024.jpg\" alt=\"\" class=\"wp-image-1748\" srcset=\"https:\/\/guitares-et-luthiers.fr\/wp-content\/uploads\/2023\/05\/IMG_9678-768x1024.jpg 768w, https:\/\/guitares-et-luthiers.fr\/wp-content\/uploads\/2023\/05\/IMG_9678-225x300.jpg 225w, https:\/\/guitares-et-luthiers.fr\/wp-content\/uploads\/2023\/05\/IMG_9678-1152x1536.jpg 1152w, https:\/\/guitares-et-luthiers.fr\/wp-content\/uploads\/2023\/05\/IMG_9678-1536x2048.jpg 1536w, https:\/\/guitares-et-luthiers.fr\/wp-content\/uploads\/2023\/05\/IMG_9678-scaled.jpg 1920w\" sizes=\"auto, (max-width: 706px) 89vw, (max-width: 767px) 82vw, 740px\" \/><\/a><\/figure>\n\n\n\n<figure class=\"wp-block-image size-large\"><a href=\"https:\/\/guitares-et-luthiers.fr\/wp-content\/uploads\/2023\/05\/IMG_9669-scaled.jpg\" rel=\"lightbox[1751]\"><img loading=\"lazy\" decoding=\"async\" width=\"597\" height=\"1024\" data-id=\"1739\" src=\"https:\/\/guitares-et-luthiers.fr\/wp-content\/uploads\/2023\/05\/IMG_9669-597x1024.jpg\" alt=\"\" class=\"wp-image-1739\" srcset=\"https:\/\/guitares-et-luthiers.fr\/wp-content\/uploads\/2023\/05\/IMG_9669-597x1024.jpg 597w, https:\/\/guitares-et-luthiers.fr\/wp-content\/uploads\/2023\/05\/IMG_9669-175x300.jpg 175w, https:\/\/guitares-et-luthiers.fr\/wp-content\/uploads\/2023\/05\/IMG_9669-768x1317.jpg 768w, https:\/\/guitares-et-luthiers.fr\/wp-content\/uploads\/2023\/05\/IMG_9669-896x1536.jpg 896w, https:\/\/guitares-et-luthiers.fr\/wp-content\/uploads\/2023\/05\/IMG_9669-1194x2048.jpg 1194w, https:\/\/guitares-et-luthiers.fr\/wp-content\/uploads\/2023\/05\/IMG_9669-scaled.jpg 1493w\" sizes=\"auto, (max-width: 597px) 100vw, 597px\" \/><\/a><\/figure>\n\n\n\n<figure class=\"wp-block-image size-large\"><a href=\"https:\/\/guitares-et-luthiers.fr\/wp-content\/uploads\/2023\/05\/IMG_9668-scaled.jpg\" rel=\"lightbox[1751]\"><img loading=\"lazy\" decoding=\"async\" width=\"768\" height=\"1024\" data-id=\"1738\" src=\"https:\/\/guitares-et-luthiers.fr\/wp-content\/uploads\/2023\/05\/IMG_9668-768x1024.jpg\" alt=\"\" class=\"wp-image-1738\" srcset=\"https:\/\/guitares-et-luthiers.fr\/wp-content\/uploads\/2023\/05\/IMG_9668-768x1024.jpg 768w, https:\/\/guitares-et-luthiers.fr\/wp-content\/uploads\/2023\/05\/IMG_9668-225x300.jpg 225w, https:\/\/guitares-et-luthiers.fr\/wp-content\/uploads\/2023\/05\/IMG_9668-1152x1536.jpg 1152w, https:\/\/guitares-et-luthiers.fr\/wp-content\/uploads\/2023\/05\/IMG_9668-1536x2048.jpg 1536w, https:\/\/guitares-et-luthiers.fr\/wp-content\/uploads\/2023\/05\/IMG_9668-scaled.jpg 1920w\" sizes=\"auto, (max-width: 706px) 89vw, (max-width: 767px) 82vw, 740px\" \/><\/a><\/figure>\n\n\n\n<figure class=\"wp-block-image size-large\"><a href=\"https:\/\/guitares-et-luthiers.fr\/wp-content\/uploads\/2023\/05\/IMG_9667-scaled.jpg\" rel=\"lightbox[1751]\"><img loading=\"lazy\" decoding=\"async\" width=\"547\" height=\"1024\" data-id=\"1737\" src=\"https:\/\/guitares-et-luthiers.fr\/wp-content\/uploads\/2023\/05\/IMG_9667-547x1024.jpg\" alt=\"\" class=\"wp-image-1737\" srcset=\"https:\/\/guitares-et-luthiers.fr\/wp-content\/uploads\/2023\/05\/IMG_9667-547x1024.jpg 547w, https:\/\/guitares-et-luthiers.fr\/wp-content\/uploads\/2023\/05\/IMG_9667-160x300.jpg 160w, https:\/\/guitares-et-luthiers.fr\/wp-content\/uploads\/2023\/05\/IMG_9667-768x1436.jpg 768w, https:\/\/guitares-et-luthiers.fr\/wp-content\/uploads\/2023\/05\/IMG_9667-821x1536.jpg 821w, https:\/\/guitares-et-luthiers.fr\/wp-content\/uploads\/2023\/05\/IMG_9667-1095x2048.jpg 1095w, https:\/\/guitares-et-luthiers.fr\/wp-content\/uploads\/2023\/05\/IMG_9667-scaled.jpg 1369w\" sizes=\"auto, (max-width: 547px) 100vw, 547px\" \/><\/a><\/figure>\n\n\n\n<figure class=\"wp-block-image size-large\"><a href=\"https:\/\/guitares-et-luthiers.fr\/wp-content\/uploads\/2023\/05\/IMG_9665-scaled.jpg\" rel=\"lightbox[1751]\"><img loading=\"lazy\" decoding=\"async\" width=\"749\" height=\"1024\" data-id=\"1735\" src=\"https:\/\/guitares-et-luthiers.fr\/wp-content\/uploads\/2023\/05\/IMG_9665-749x1024.jpg\" alt=\"\" class=\"wp-image-1735\" srcset=\"https:\/\/guitares-et-luthiers.fr\/wp-content\/uploads\/2023\/05\/IMG_9665-749x1024.jpg 749w, https:\/\/guitares-et-luthiers.fr\/wp-content\/uploads\/2023\/05\/IMG_9665-219x300.jpg 219w, https:\/\/guitares-et-luthiers.fr\/wp-content\/uploads\/2023\/05\/IMG_9665-768x1050.jpg 768w, https:\/\/guitares-et-luthiers.fr\/wp-content\/uploads\/2023\/05\/IMG_9665-1123x1536.jpg 1123w, https:\/\/guitares-et-luthiers.fr\/wp-content\/uploads\/2023\/05\/IMG_9665-1498x2048.jpg 1498w, https:\/\/guitares-et-luthiers.fr\/wp-content\/uploads\/2023\/05\/IMG_9665-scaled.jpg 1872w\" sizes=\"auto, (max-width: 706px) 89vw, (max-width: 767px) 82vw, 740px\" \/><\/a><\/figure>\n\n\n\n<figure class=\"wp-block-image size-large\"><a href=\"https:\/\/guitares-et-luthiers.fr\/wp-content\/uploads\/2023\/05\/IMG_9664-scaled.jpg\" rel=\"lightbox[1751]\"><img loading=\"lazy\" decoding=\"async\" width=\"768\" height=\"1024\" data-id=\"1734\" src=\"https:\/\/guitares-et-luthiers.fr\/wp-content\/uploads\/2023\/05\/IMG_9664-768x1024.jpg\" alt=\"\" class=\"wp-image-1734\" srcset=\"https:\/\/guitares-et-luthiers.fr\/wp-content\/uploads\/2023\/05\/IMG_9664-768x1024.jpg 768w, https:\/\/guitares-et-luthiers.fr\/wp-content\/uploads\/2023\/05\/IMG_9664-225x300.jpg 225w, https:\/\/guitares-et-luthiers.fr\/wp-content\/uploads\/2023\/05\/IMG_9664-1152x1536.jpg 1152w, https:\/\/guitares-et-luthiers.fr\/wp-content\/uploads\/2023\/05\/IMG_9664-1536x2048.jpg 1536w, https:\/\/guitares-et-luthiers.fr\/wp-content\/uploads\/2023\/05\/IMG_9664-scaled.jpg 1920w\" sizes=\"auto, (max-width: 706px) 89vw, (max-width: 767px) 82vw, 740px\" \/><\/a><\/figure>\n\n\n\n<figure class=\"wp-block-image size-large\"><a href=\"https:\/\/guitares-et-luthiers.fr\/wp-content\/uploads\/2023\/05\/IMG_9660-scaled.jpg\" rel=\"lightbox[1751]\"><img loading=\"lazy\" decoding=\"async\" width=\"1024\" height=\"685\" data-id=\"1732\" src=\"https:\/\/guitares-et-luthiers.fr\/wp-content\/uploads\/2023\/05\/IMG_9660-1024x685.jpg\" alt=\"\" class=\"wp-image-1732\" srcset=\"https:\/\/guitares-et-luthiers.fr\/wp-content\/uploads\/2023\/05\/IMG_9660-1024x685.jpg 1024w, https:\/\/guitares-et-luthiers.fr\/wp-content\/uploads\/2023\/05\/IMG_9660-300x201.jpg 300w, https:\/\/guitares-et-luthiers.fr\/wp-content\/uploads\/2023\/05\/IMG_9660-768x513.jpg 768w, https:\/\/guitares-et-luthiers.fr\/wp-content\/uploads\/2023\/05\/IMG_9660-1536x1027.jpg 1536w, https:\/\/guitares-et-luthiers.fr\/wp-content\/uploads\/2023\/05\/IMG_9660-2048x1369.jpg 2048w\" sizes=\"auto, (max-width: 706px) 89vw, (max-width: 767px) 82vw, 740px\" \/><\/a><\/figure>\n\n\n\n<figure class=\"wp-block-image size-large\"><a href=\"https:\/\/guitares-et-luthiers.fr\/wp-content\/uploads\/2023\/05\/IMG_9640-scaled.jpg\" rel=\"lightbox[1751]\"><img loading=\"lazy\" decoding=\"async\" width=\"576\" height=\"1024\" data-id=\"1731\" src=\"https:\/\/guitares-et-luthiers.fr\/wp-content\/uploads\/2023\/05\/IMG_9640-576x1024.jpg\" alt=\"\" class=\"wp-image-1731\" srcset=\"https:\/\/guitares-et-luthiers.fr\/wp-content\/uploads\/2023\/05\/IMG_9640-576x1024.jpg 576w, https:\/\/guitares-et-luthiers.fr\/wp-content\/uploads\/2023\/05\/IMG_9640-169x300.jpg 169w, https:\/\/guitares-et-luthiers.fr\/wp-content\/uploads\/2023\/05\/IMG_9640-768x1365.jpg 768w, https:\/\/guitares-et-luthiers.fr\/wp-content\/uploads\/2023\/05\/IMG_9640-864x1536.jpg 864w, https:\/\/guitares-et-luthiers.fr\/wp-content\/uploads\/2023\/05\/IMG_9640-1152x2048.jpg 1152w, https:\/\/guitares-et-luthiers.fr\/wp-content\/uploads\/2023\/05\/IMG_9640-scaled.jpg 1440w\" sizes=\"auto, (max-width: 576px) 100vw, 576px\" \/><\/a><\/figure>\n\n\n\n<figure class=\"wp-block-image size-large\"><a href=\"https:\/\/guitares-et-luthiers.fr\/wp-content\/uploads\/2023\/05\/IMG_9637-scaled.jpg\" rel=\"lightbox[1751]\"><img loading=\"lazy\" decoding=\"async\" width=\"576\" height=\"1024\" data-id=\"1730\" src=\"https:\/\/guitares-et-luthiers.fr\/wp-content\/uploads\/2023\/05\/IMG_9637-576x1024.jpg\" alt=\"\" class=\"wp-image-1730\" srcset=\"https:\/\/guitares-et-luthiers.fr\/wp-content\/uploads\/2023\/05\/IMG_9637-576x1024.jpg 576w, https:\/\/guitares-et-luthiers.fr\/wp-content\/uploads\/2023\/05\/IMG_9637-169x300.jpg 169w, https:\/\/guitares-et-luthiers.fr\/wp-content\/uploads\/2023\/05\/IMG_9637-768x1365.jpg 768w, https:\/\/guitares-et-luthiers.fr\/wp-content\/uploads\/2023\/05\/IMG_9637-864x1536.jpg 864w, https:\/\/guitares-et-luthiers.fr\/wp-content\/uploads\/2023\/05\/IMG_9637-1152x2048.jpg 1152w, https:\/\/guitares-et-luthiers.fr\/wp-content\/uploads\/2023\/05\/IMG_9637-scaled.jpg 1440w\" sizes=\"auto, (max-width: 576px) 100vw, 576px\" \/><\/a><\/figure>\n\n\n\n<figure class=\"wp-block-image size-large\"><a href=\"https:\/\/guitares-et-luthiers.fr\/wp-content\/uploads\/2023\/05\/IMG_9633-scaled.jpg\" rel=\"lightbox[1751]\"><img loading=\"lazy\" decoding=\"async\" width=\"514\" height=\"1024\" data-id=\"1728\" src=\"https:\/\/guitares-et-luthiers.fr\/wp-content\/uploads\/2023\/05\/IMG_9633-514x1024.jpg\" alt=\"\" class=\"wp-image-1728\" srcset=\"https:\/\/guitares-et-luthiers.fr\/wp-content\/uploads\/2023\/05\/IMG_9633-514x1024.jpg 514w, https:\/\/guitares-et-luthiers.fr\/wp-content\/uploads\/2023\/05\/IMG_9633-151x300.jpg 151w, https:\/\/guitares-et-luthiers.fr\/wp-content\/uploads\/2023\/05\/IMG_9633-768x1530.jpg 768w, https:\/\/guitares-et-luthiers.fr\/wp-content\/uploads\/2023\/05\/IMG_9633-771x1536.jpg 771w, https:\/\/guitares-et-luthiers.fr\/wp-content\/uploads\/2023\/05\/IMG_9633-1028x2048.jpg 1028w, https:\/\/guitares-et-luthiers.fr\/wp-content\/uploads\/2023\/05\/IMG_9633-scaled.jpg 1285w\" sizes=\"auto, (max-width: 514px) 100vw, 514px\" \/><\/a><\/figure>\n<\/figure>\n","protected":false},"excerpt":{"rendered":"<p>Luthier :&nbsp;Mayeul Pradel Ann\u00e9e :&nbsp;2019 Ref:&nbsp;n \u00b0 7 Bois :&nbsp;table en \u00e9pic\u00e9a Suisse, dos et \u00e9clisses en palissandre en noyer, touche \u00e9b\u00e8ne, chevalet en cocobolo, manche acajou. M\u00e9caniques Schaller Grand Tune, vernis tampon. Diapason 64 cm \/ poids 1589 g Mayeul Pradel est un jeune luthier Lyonnais : \u00ab\u00a0Apr\u00e8s une formation d\u2019\u00e9b\u00e9nisterie d\u2019art \u00e0 Fribourg, &hellip; <\/p>\n<p class=\"link-more\"><a href=\"https:\/\/guitares-et-luthiers.fr\/?page_id=1751\" class=\"more-link\">Continuer la lecture<span class=\"screen-reader-text\"> de &laquo;&nbsp;\u00a0Mayeul Pradel&nbsp;&raquo;<\/span><\/a><\/p>\n","protected":false},"author":2,"featured_media":0,"parent":0,"menu_order":0,"comment_status":"closed","ping_status":"closed","template":"","meta":{"footnotes":""},"class_list":["post-1751","page","type-page","status-publish","hentry"],"_links":{"self":[{"href":"https:\/\/guitares-et-luthiers.fr\/index.php?rest_route=\/wp\/v2\/pages\/1751","targetHints":{"allow":["GET"]}}],"collection":[{"href":"https:\/\/guitares-et-luthiers.fr\/index.php?rest_route=\/wp\/v2\/pages"}],"about":[{"href":"https:\/\/guitares-et-luthiers.fr\/index.php?rest_route=\/wp\/v2\/types\/page"}],"author":[{"embeddable":true,"href":"https:\/\/guitares-et-luthiers.fr\/index.php?rest_route=\/wp\/v2\/users\/2"}],"replies":[{"embeddable":true,"href":"https:\/\/guitares-et-luthiers.fr\/index.php?rest_route=%2Fwp%2Fv2%2Fcomments&post=1751"}],"version-history":[{"count":4,"href":"https:\/\/guitares-et-luthiers.fr\/index.php?rest_route=\/wp\/v2\/pages\/1751\/revisions"}],"predecessor-version":[{"id":1757,"href":"https:\/\/guitares-et-luthiers.fr\/index.php?rest_route=\/wp\/v2\/pages\/1751\/revisions\/1757"}],"wp:attachment":[{"href":"https:\/\/guitares-et-luthiers.fr\/index.php?rest_route=%2Fwp%2Fv2%2Fmedia&parent=1751"}],"curies":[{"name":"wp","href":"https:\/\/api.w.org\/{rel}","templated":true}]}}