{"id":1782,"date":"2023-05-24T14:11:23","date_gmt":"2023-05-24T13:11:23","guid":{"rendered":"http:\/\/guitares-et-luthiers.fr\/?page_id=1782"},"modified":"2023-05-24T16:36:17","modified_gmt":"2023-05-24T15:36:17","slug":"gaelle-roffler","status":"publish","type":"page","link":"https:\/\/guitares-et-luthiers.fr\/?page_id=1782","title":{"rendered":"Ga\u00eblle Roffler"},"content":{"rendered":"\n<p>Guitare Concert 2 bois <\/p>\n\n\n\n<p>Luthier :&nbsp;Ga\u00eblle Roffler<\/p>\n\n\n\n<p>Ann\u00e9e :&nbsp;2022<\/p>\n\n\n\n<p>Ref:&nbsp;guitare concert 2 bois <\/p>\n\n\n\n<p>Table&nbsp;: \u00e9pic\u00e9a<\/p>\n\n\n\n<p>Fond&nbsp;: palissandre d&rsquo;Inde<\/p>\n\n\n\n<p>\u00c9clisse&nbsp;: merisier \/ palissandre d&rsquo;Inde<\/p>\n\n\n\n<p>Touche&nbsp;: \u00e9b\u00e8ne<\/p>\n\n\n\n<p>Chevalet&nbsp;:&nbsp; palissandre double trou<\/p>\n\n\n\n<p>Barrage d&rsquo;harmonie&nbsp;: Roffler Concert<\/p>\n\n\n\n<p>Cette guitare r\u00e9unit  toutes les qualit\u00e9s que recherche un musicien. Une homog\u00e9n\u00e9it\u00e9 sans faille, de la rondeur et en m\u00eame temps de la clart\u00e9 et de la d\u00e9finition autant dans les basses que dans les aigu\u00ebs. La puissance est \u00e9vidente, le sustain est bien pr\u00e9sent, les couleurs sont chatoyantes. Le confort du manche permet d&rsquo;y passer des heures. Un vrai instrument de musique qui permet toutes les nuances voulues. <\/p>\n\n\n\n<p>Vous pouvez voir Alice Ducoin jouer sur cette vid\u00e9o une guitare concert 2 bois de 2013 , cela permet de se faire une petite id\u00e9e de la richesse de cette guitare ( avec toutes les restrictions li\u00e9es \u00e0 la prise de son, la restranscription sur votre ordinateur etc etc)  <\/p>\n\n\n\n<figure class=\"wp-block-embed is-type-video is-provider-youtube wp-block-embed-youtube wp-embed-aspect-16-9 wp-has-aspect-ratio\"><div class=\"wp-block-embed__wrapper\">\n<iframe loading=\"lazy\" title=\"Ga\u00eblle Roffler - Guitare concert deux bois par Alice Ducoin Graines de Guitare 2013\" width=\"525\" height=\"295\" src=\"https:\/\/www.youtube.com\/embed\/ljsnw_16GO8?feature=oembed\" frameborder=\"0\" allow=\"accelerometer; autoplay; clipboard-write; encrypted-media; gyroscope; picture-in-picture; web-share\" referrerpolicy=\"strict-origin-when-cross-origin\" allowfullscreen><\/iframe>\n<\/div><\/figure>\n\n\n\n<p>Gaelle Roffler <\/p>\n\n\n\n<p>Zone portuaire<br>565, chemin des Brouti\u00e8res<br>84130 LE PONTET<\/p>\n\n\n\n<p><a href=\"tel:0611755059\"><strong>T\u00e9l.&nbsp;: 06 11 75 50 59<\/strong><\/a><\/p>\n\n\n\n<p><a href=\"https:\/\/www.gaellerofflerluthierguitare.com\/\">https:\/\/www.gaellerofflerluthierguitare.com\/<\/a><\/p>\n\n\n\n<p><a href=\"https:\/\/www.gaellerofflerluthierguitare.com\/2021\/10\/guitare-classique-concert-2-bois_5.html\">https:\/\/www.gaellerofflerluthierguitare.com\/2021\/10\/guitare-classique-concert-2-bois_5.html<\/a><\/p>\n\n\n\n<figure class=\"wp-block-gallery has-nested-images columns-default is-cropped wp-block-gallery-1 is-layout-flex wp-block-gallery-is-layout-flex\">\n<figure class=\"wp-block-image size-large\"><a href=\"https:\/\/guitares-et-luthiers.fr\/wp-content\/uploads\/2023\/05\/IMG_9646-scaled.jpg\" rel=\"lightbox[1782]\"><img loading=\"lazy\" decoding=\"async\" width=\"1024\" height=\"1003\" data-id=\"1763\" src=\"https:\/\/guitares-et-luthiers.fr\/wp-content\/uploads\/2023\/05\/IMG_9646-1024x1003.jpg\" alt=\"\" class=\"wp-image-1763\" srcset=\"https:\/\/guitares-et-luthiers.fr\/wp-content\/uploads\/2023\/05\/IMG_9646-1024x1003.jpg 1024w, https:\/\/guitares-et-luthiers.fr\/wp-content\/uploads\/2023\/05\/IMG_9646-300x294.jpg 300w, https:\/\/guitares-et-luthiers.fr\/wp-content\/uploads\/2023\/05\/IMG_9646-768x752.jpg 768w, https:\/\/guitares-et-luthiers.fr\/wp-content\/uploads\/2023\/05\/IMG_9646-1536x1505.jpg 1536w, https:\/\/guitares-et-luthiers.fr\/wp-content\/uploads\/2023\/05\/IMG_9646-2048x2006.jpg 2048w\" sizes=\"auto, (max-width: 706px) 89vw, (max-width: 767px) 82vw, 740px\" \/><\/a><\/figure>\n\n\n\n<figure class=\"wp-block-image size-large\"><a href=\"https:\/\/guitares-et-luthiers.fr\/wp-content\/uploads\/2023\/05\/IMG_9658-scaled.jpg\" rel=\"lightbox[1782]\"><img loading=\"lazy\" decoding=\"async\" width=\"1024\" height=\"962\" data-id=\"1775\" src=\"https:\/\/guitares-et-luthiers.fr\/wp-content\/uploads\/2023\/05\/IMG_9658-1024x962.jpg\" alt=\"\" class=\"wp-image-1775\" srcset=\"https:\/\/guitares-et-luthiers.fr\/wp-content\/uploads\/2023\/05\/IMG_9658-1024x962.jpg 1024w, https:\/\/guitares-et-luthiers.fr\/wp-content\/uploads\/2023\/05\/IMG_9658-300x282.jpg 300w, https:\/\/guitares-et-luthiers.fr\/wp-content\/uploads\/2023\/05\/IMG_9658-768x721.jpg 768w, https:\/\/guitares-et-luthiers.fr\/wp-content\/uploads\/2023\/05\/IMG_9658-1536x1443.jpg 1536w, https:\/\/guitares-et-luthiers.fr\/wp-content\/uploads\/2023\/05\/IMG_9658-2048x1923.jpg 2048w\" sizes=\"auto, (max-width: 706px) 89vw, (max-width: 767px) 82vw, 740px\" \/><\/a><\/figure>\n\n\n\n<figure class=\"wp-block-image size-large\"><a href=\"https:\/\/guitares-et-luthiers.fr\/wp-content\/uploads\/2023\/05\/IMG_9657-scaled.jpg\" rel=\"lightbox[1782]\"><img loading=\"lazy\" decoding=\"async\" width=\"701\" height=\"1024\" data-id=\"1774\" src=\"https:\/\/guitares-et-luthiers.fr\/wp-content\/uploads\/2023\/05\/IMG_9657-701x1024.jpg\" alt=\"\" class=\"wp-image-1774\" srcset=\"https:\/\/guitares-et-luthiers.fr\/wp-content\/uploads\/2023\/05\/IMG_9657-701x1024.jpg 701w, https:\/\/guitares-et-luthiers.fr\/wp-content\/uploads\/2023\/05\/IMG_9657-205x300.jpg 205w, https:\/\/guitares-et-luthiers.fr\/wp-content\/uploads\/2023\/05\/IMG_9657-768x1122.jpg 768w, https:\/\/guitares-et-luthiers.fr\/wp-content\/uploads\/2023\/05\/IMG_9657-1052x1536.jpg 1052w, https:\/\/guitares-et-luthiers.fr\/wp-content\/uploads\/2023\/05\/IMG_9657-1402x2048.jpg 1402w, https:\/\/guitares-et-luthiers.fr\/wp-content\/uploads\/2023\/05\/IMG_9657-scaled.jpg 1753w\" sizes=\"auto, (max-width: 701px) 100vw, 701px\" \/><\/a><\/figure>\n\n\n\n<figure class=\"wp-block-image size-large\"><a href=\"https:\/\/guitares-et-luthiers.fr\/wp-content\/uploads\/2023\/05\/IMG_9656-scaled.jpg\" rel=\"lightbox[1782]\"><img loading=\"lazy\" decoding=\"async\" width=\"925\" height=\"1024\" data-id=\"1773\" src=\"https:\/\/guitares-et-luthiers.fr\/wp-content\/uploads\/2023\/05\/IMG_9656-925x1024.jpg\" alt=\"\" class=\"wp-image-1773\" srcset=\"https:\/\/guitares-et-luthiers.fr\/wp-content\/uploads\/2023\/05\/IMG_9656-925x1024.jpg 925w, https:\/\/guitares-et-luthiers.fr\/wp-content\/uploads\/2023\/05\/IMG_9656-271x300.jpg 271w, https:\/\/guitares-et-luthiers.fr\/wp-content\/uploads\/2023\/05\/IMG_9656-768x850.jpg 768w, https:\/\/guitares-et-luthiers.fr\/wp-content\/uploads\/2023\/05\/IMG_9656-1388x1536.jpg 1388w, https:\/\/guitares-et-luthiers.fr\/wp-content\/uploads\/2023\/05\/IMG_9656-1851x2048.jpg 1851w\" sizes=\"auto, (max-width: 706px) 89vw, (max-width: 767px) 82vw, 740px\" \/><\/a><\/figure>\n\n\n\n<figure class=\"wp-block-image size-large\"><a href=\"https:\/\/guitares-et-luthiers.fr\/wp-content\/uploads\/2023\/05\/IMG_9655-scaled.jpg\" rel=\"lightbox[1782]\"><img loading=\"lazy\" decoding=\"async\" width=\"768\" height=\"1024\" data-id=\"1772\" src=\"https:\/\/guitares-et-luthiers.fr\/wp-content\/uploads\/2023\/05\/IMG_9655-768x1024.jpg\" alt=\"\" class=\"wp-image-1772\" srcset=\"https:\/\/guitares-et-luthiers.fr\/wp-content\/uploads\/2023\/05\/IMG_9655-768x1024.jpg 768w, https:\/\/guitares-et-luthiers.fr\/wp-content\/uploads\/2023\/05\/IMG_9655-225x300.jpg 225w, https:\/\/guitares-et-luthiers.fr\/wp-content\/uploads\/2023\/05\/IMG_9655-1152x1536.jpg 1152w, https:\/\/guitares-et-luthiers.fr\/wp-content\/uploads\/2023\/05\/IMG_9655-1536x2048.jpg 1536w, https:\/\/guitares-et-luthiers.fr\/wp-content\/uploads\/2023\/05\/IMG_9655-scaled.jpg 1920w\" sizes=\"auto, (max-width: 706px) 89vw, (max-width: 767px) 82vw, 740px\" \/><\/a><\/figure>\n\n\n\n<figure class=\"wp-block-image size-large\"><a href=\"https:\/\/guitares-et-luthiers.fr\/wp-content\/uploads\/2023\/05\/IMG_9654-scaled.jpg\" rel=\"lightbox[1782]\"><img loading=\"lazy\" decoding=\"async\" width=\"1024\" height=\"285\" data-id=\"1771\" src=\"https:\/\/guitares-et-luthiers.fr\/wp-content\/uploads\/2023\/05\/IMG_9654-1024x285.jpg\" alt=\"\" class=\"wp-image-1771\" srcset=\"https:\/\/guitares-et-luthiers.fr\/wp-content\/uploads\/2023\/05\/IMG_9654-1024x285.jpg 1024w, https:\/\/guitares-et-luthiers.fr\/wp-content\/uploads\/2023\/05\/IMG_9654-300x83.jpg 300w, https:\/\/guitares-et-luthiers.fr\/wp-content\/uploads\/2023\/05\/IMG_9654-768x214.jpg 768w, https:\/\/guitares-et-luthiers.fr\/wp-content\/uploads\/2023\/05\/IMG_9654-1536x427.jpg 1536w, https:\/\/guitares-et-luthiers.fr\/wp-content\/uploads\/2023\/05\/IMG_9654-2048x569.jpg 2048w\" sizes=\"auto, (max-width: 706px) 89vw, (max-width: 767px) 82vw, 740px\" \/><\/a><\/figure>\n\n\n\n<figure class=\"wp-block-image size-large\"><a href=\"https:\/\/guitares-et-luthiers.fr\/wp-content\/uploads\/2023\/05\/IMG_9653-scaled.jpg\" rel=\"lightbox[1782]\"><img loading=\"lazy\" decoding=\"async\" width=\"635\" height=\"1024\" data-id=\"1770\" src=\"https:\/\/guitares-et-luthiers.fr\/wp-content\/uploads\/2023\/05\/IMG_9653-635x1024.jpg\" alt=\"\" class=\"wp-image-1770\" srcset=\"https:\/\/guitares-et-luthiers.fr\/wp-content\/uploads\/2023\/05\/IMG_9653-635x1024.jpg 635w, https:\/\/guitares-et-luthiers.fr\/wp-content\/uploads\/2023\/05\/IMG_9653-186x300.jpg 186w, https:\/\/guitares-et-luthiers.fr\/wp-content\/uploads\/2023\/05\/IMG_9653-768x1238.jpg 768w, https:\/\/guitares-et-luthiers.fr\/wp-content\/uploads\/2023\/05\/IMG_9653-953x1536.jpg 953w, https:\/\/guitares-et-luthiers.fr\/wp-content\/uploads\/2023\/05\/IMG_9653-1271x2048.jpg 1271w, https:\/\/guitares-et-luthiers.fr\/wp-content\/uploads\/2023\/05\/IMG_9653-scaled.jpg 1588w\" sizes=\"auto, (max-width: 635px) 100vw, 635px\" \/><\/a><\/figure>\n\n\n\n<figure class=\"wp-block-image size-large\"><a href=\"https:\/\/guitares-et-luthiers.fr\/wp-content\/uploads\/2023\/05\/IMG_9652-scaled.jpg\" rel=\"lightbox[1782]\"><img loading=\"lazy\" decoding=\"async\" width=\"531\" height=\"1024\" data-id=\"1769\" src=\"https:\/\/guitares-et-luthiers.fr\/wp-content\/uploads\/2023\/05\/IMG_9652-531x1024.jpg\" alt=\"\" class=\"wp-image-1769\" srcset=\"https:\/\/guitares-et-luthiers.fr\/wp-content\/uploads\/2023\/05\/IMG_9652-531x1024.jpg 531w, https:\/\/guitares-et-luthiers.fr\/wp-content\/uploads\/2023\/05\/IMG_9652-156x300.jpg 156w, https:\/\/guitares-et-luthiers.fr\/wp-content\/uploads\/2023\/05\/IMG_9652-768x1481.jpg 768w, https:\/\/guitares-et-luthiers.fr\/wp-content\/uploads\/2023\/05\/IMG_9652-796x1536.jpg 796w, https:\/\/guitares-et-luthiers.fr\/wp-content\/uploads\/2023\/05\/IMG_9652-1062x2048.jpg 1062w, https:\/\/guitares-et-luthiers.fr\/wp-content\/uploads\/2023\/05\/IMG_9652-scaled.jpg 1327w\" sizes=\"auto, (max-width: 531px) 100vw, 531px\" \/><\/a><\/figure>\n\n\n\n<figure class=\"wp-block-image size-large\"><a href=\"https:\/\/guitares-et-luthiers.fr\/wp-content\/uploads\/2023\/05\/IMG_9651-scaled.jpg\" rel=\"lightbox[1782]\"><img loading=\"lazy\" decoding=\"async\" width=\"1011\" height=\"1024\" data-id=\"1768\" src=\"https:\/\/guitares-et-luthiers.fr\/wp-content\/uploads\/2023\/05\/IMG_9651-1011x1024.jpg\" alt=\"\" class=\"wp-image-1768\" srcset=\"https:\/\/guitares-et-luthiers.fr\/wp-content\/uploads\/2023\/05\/IMG_9651-1011x1024.jpg 1011w, https:\/\/guitares-et-luthiers.fr\/wp-content\/uploads\/2023\/05\/IMG_9651-296x300.jpg 296w, https:\/\/guitares-et-luthiers.fr\/wp-content\/uploads\/2023\/05\/IMG_9651-768x778.jpg 768w, https:\/\/guitares-et-luthiers.fr\/wp-content\/uploads\/2023\/05\/IMG_9651-1516x1536.jpg 1516w, https:\/\/guitares-et-luthiers.fr\/wp-content\/uploads\/2023\/05\/IMG_9651-2021x2048.jpg 2021w, https:\/\/guitares-et-luthiers.fr\/wp-content\/uploads\/2023\/05\/IMG_9651-100x100.jpg 100w\" sizes=\"auto, (max-width: 706px) 89vw, (max-width: 767px) 82vw, 740px\" \/><\/a><\/figure>\n\n\n\n<figure class=\"wp-block-image size-large\"><a href=\"https:\/\/guitares-et-luthiers.fr\/wp-content\/uploads\/2023\/05\/IMG_9650-scaled.jpg\" rel=\"lightbox[1782]\"><img loading=\"lazy\" decoding=\"async\" width=\"788\" height=\"1024\" data-id=\"1767\" src=\"https:\/\/guitares-et-luthiers.fr\/wp-content\/uploads\/2023\/05\/IMG_9650-788x1024.jpg\" alt=\"\" class=\"wp-image-1767\" srcset=\"https:\/\/guitares-et-luthiers.fr\/wp-content\/uploads\/2023\/05\/IMG_9650-788x1024.jpg 788w, https:\/\/guitares-et-luthiers.fr\/wp-content\/uploads\/2023\/05\/IMG_9650-231x300.jpg 231w, https:\/\/guitares-et-luthiers.fr\/wp-content\/uploads\/2023\/05\/IMG_9650-768x998.jpg 768w, https:\/\/guitares-et-luthiers.fr\/wp-content\/uploads\/2023\/05\/IMG_9650-1182x1536.jpg 1182w, https:\/\/guitares-et-luthiers.fr\/wp-content\/uploads\/2023\/05\/IMG_9650-1576x2048.jpg 1576w, https:\/\/guitares-et-luthiers.fr\/wp-content\/uploads\/2023\/05\/IMG_9650-scaled.jpg 1970w\" sizes=\"auto, (max-width: 706px) 89vw, (max-width: 767px) 82vw, 740px\" \/><\/a><\/figure>\n\n\n\n<figure class=\"wp-block-image size-large\"><a href=\"https:\/\/guitares-et-luthiers.fr\/wp-content\/uploads\/2023\/05\/IMG_9649-scaled.jpg\" rel=\"lightbox[1782]\"><img loading=\"lazy\" decoding=\"async\" width=\"710\" height=\"1024\" data-id=\"1766\" src=\"https:\/\/guitares-et-luthiers.fr\/wp-content\/uploads\/2023\/05\/IMG_9649-710x1024.jpg\" alt=\"\" class=\"wp-image-1766\" srcset=\"https:\/\/guitares-et-luthiers.fr\/wp-content\/uploads\/2023\/05\/IMG_9649-710x1024.jpg 710w, https:\/\/guitares-et-luthiers.fr\/wp-content\/uploads\/2023\/05\/IMG_9649-208x300.jpg 208w, https:\/\/guitares-et-luthiers.fr\/wp-content\/uploads\/2023\/05\/IMG_9649-768x1107.jpg 768w, https:\/\/guitares-et-luthiers.fr\/wp-content\/uploads\/2023\/05\/IMG_9649-1065x1536.jpg 1065w, https:\/\/guitares-et-luthiers.fr\/wp-content\/uploads\/2023\/05\/IMG_9649-1420x2048.jpg 1420w, https:\/\/guitares-et-luthiers.fr\/wp-content\/uploads\/2023\/05\/IMG_9649-scaled.jpg 1775w\" sizes=\"auto, (max-width: 710px) 100vw, 710px\" \/><\/a><\/figure>\n\n\n\n<figure class=\"wp-block-image size-large\"><a href=\"https:\/\/guitares-et-luthiers.fr\/wp-content\/uploads\/2023\/05\/IMG_9648-scaled.jpg\" rel=\"lightbox[1782]\"><img loading=\"lazy\" decoding=\"async\" width=\"467\" height=\"1024\" data-id=\"1765\" src=\"https:\/\/guitares-et-luthiers.fr\/wp-content\/uploads\/2023\/05\/IMG_9648-467x1024.jpg\" alt=\"\" class=\"wp-image-1765\" srcset=\"https:\/\/guitares-et-luthiers.fr\/wp-content\/uploads\/2023\/05\/IMG_9648-467x1024.jpg 467w, https:\/\/guitares-et-luthiers.fr\/wp-content\/uploads\/2023\/05\/IMG_9648-137x300.jpg 137w, https:\/\/guitares-et-luthiers.fr\/wp-content\/uploads\/2023\/05\/IMG_9648-768x1683.jpg 768w, https:\/\/guitares-et-luthiers.fr\/wp-content\/uploads\/2023\/05\/IMG_9648-701x1536.jpg 701w, https:\/\/guitares-et-luthiers.fr\/wp-content\/uploads\/2023\/05\/IMG_9648-935x2048.jpg 935w, https:\/\/guitares-et-luthiers.fr\/wp-content\/uploads\/2023\/05\/IMG_9648-scaled.jpg 1168w\" sizes=\"auto, (max-width: 467px) 100vw, 467px\" \/><\/a><\/figure>\n\n\n\n<figure class=\"wp-block-image size-large\"><a href=\"https:\/\/guitares-et-luthiers.fr\/wp-content\/uploads\/2023\/05\/IMG_9647-scaled.jpg\" rel=\"lightbox[1782]\"><img loading=\"lazy\" decoding=\"async\" width=\"768\" height=\"1024\" data-id=\"1764\" src=\"https:\/\/guitares-et-luthiers.fr\/wp-content\/uploads\/2023\/05\/IMG_9647-768x1024.jpg\" alt=\"\" class=\"wp-image-1764\" srcset=\"https:\/\/guitares-et-luthiers.fr\/wp-content\/uploads\/2023\/05\/IMG_9647-768x1024.jpg 768w, https:\/\/guitares-et-luthiers.fr\/wp-content\/uploads\/2023\/05\/IMG_9647-225x300.jpg 225w, https:\/\/guitares-et-luthiers.fr\/wp-content\/uploads\/2023\/05\/IMG_9647-1152x1536.jpg 1152w, https:\/\/guitares-et-luthiers.fr\/wp-content\/uploads\/2023\/05\/IMG_9647-1536x2048.jpg 1536w, https:\/\/guitares-et-luthiers.fr\/wp-content\/uploads\/2023\/05\/IMG_9647-scaled.jpg 1920w\" sizes=\"auto, (max-width: 706px) 89vw, (max-width: 767px) 82vw, 740px\" \/><\/a><\/figure>\n\n\n\n<figure class=\"wp-block-image size-large is-style-default\"><a href=\"https:\/\/guitares-et-luthiers.fr\/wp-content\/uploads\/2023\/05\/IMG_9645-scaled.jpg\" rel=\"lightbox[1782]\"><img loading=\"lazy\" decoding=\"async\" width=\"1024\" height=\"583\" data-id=\"1762\" src=\"https:\/\/guitares-et-luthiers.fr\/wp-content\/uploads\/2023\/05\/IMG_9645-1024x583.jpg\" alt=\"\" class=\"wp-image-1762\" srcset=\"https:\/\/guitares-et-luthiers.fr\/wp-content\/uploads\/2023\/05\/IMG_9645-1024x583.jpg 1024w, https:\/\/guitares-et-luthiers.fr\/wp-content\/uploads\/2023\/05\/IMG_9645-300x171.jpg 300w, https:\/\/guitares-et-luthiers.fr\/wp-content\/uploads\/2023\/05\/IMG_9645-768x438.jpg 768w, https:\/\/guitares-et-luthiers.fr\/wp-content\/uploads\/2023\/05\/IMG_9645-1536x875.jpg 1536w, https:\/\/guitares-et-luthiers.fr\/wp-content\/uploads\/2023\/05\/IMG_9645-2048x1167.jpg 2048w\" sizes=\"auto, (max-width: 706px) 89vw, (max-width: 767px) 82vw, 740px\" \/><\/a><\/figure>\n<\/figure>\n","protected":false},"excerpt":{"rendered":"<p>Guitare Concert 2 bois Luthier :&nbsp;Ga\u00eblle Roffler Ann\u00e9e :&nbsp;2022 Ref:&nbsp;guitare concert 2 bois Table&nbsp;: \u00e9pic\u00e9a Fond&nbsp;: palissandre d&rsquo;Inde \u00c9clisse&nbsp;: merisier \/ palissandre d&rsquo;Inde Touche&nbsp;: \u00e9b\u00e8ne Chevalet&nbsp;:&nbsp; palissandre double trou Barrage d&rsquo;harmonie&nbsp;: Roffler Concert Cette guitare r\u00e9unit toutes les qualit\u00e9s que recherche un musicien. Une homog\u00e9n\u00e9it\u00e9 sans faille, de la rondeur et en m\u00eame temps de &hellip; <\/p>\n<p class=\"link-more\"><a href=\"https:\/\/guitares-et-luthiers.fr\/?page_id=1782\" class=\"more-link\">Continuer la lecture<span class=\"screen-reader-text\"> de &laquo;&nbsp;Ga\u00eblle Roffler&nbsp;&raquo;<\/span><\/a><\/p>\n","protected":false},"author":2,"featured_media":0,"parent":0,"menu_order":0,"comment_status":"closed","ping_status":"closed","template":"","meta":{"footnotes":""},"class_list":["post-1782","page","type-page","status-publish","hentry"],"_links":{"self":[{"href":"https:\/\/guitares-et-luthiers.fr\/index.php?rest_route=\/wp\/v2\/pages\/1782","targetHints":{"allow":["GET"]}}],"collection":[{"href":"https:\/\/guitares-et-luthiers.fr\/index.php?rest_route=\/wp\/v2\/pages"}],"about":[{"href":"https:\/\/guitares-et-luthiers.fr\/index.php?rest_route=\/wp\/v2\/types\/page"}],"author":[{"embeddable":true,"href":"https:\/\/guitares-et-luthiers.fr\/index.php?rest_route=\/wp\/v2\/users\/2"}],"replies":[{"embeddable":true,"href":"https:\/\/guitares-et-luthiers.fr\/index.php?rest_route=%2Fwp%2Fv2%2Fcomments&post=1782"}],"version-history":[{"count":3,"href":"https:\/\/guitares-et-luthiers.fr\/index.php?rest_route=\/wp\/v2\/pages\/1782\/revisions"}],"predecessor-version":[{"id":1787,"href":"https:\/\/guitares-et-luthiers.fr\/index.php?rest_route=\/wp\/v2\/pages\/1782\/revisions\/1787"}],"wp:attachment":[{"href":"https:\/\/guitares-et-luthiers.fr\/index.php?rest_route=%2Fwp%2Fv2%2Fmedia&parent=1782"}],"curies":[{"name":"wp","href":"https:\/\/api.w.org\/{rel}","templated":true}]}}