{"id":1809,"date":"2023-06-11T16:04:34","date_gmt":"2023-06-11T15:04:34","guid":{"rendered":"http:\/\/guitares-et-luthiers.fr\/?page_id=1809"},"modified":"2023-06-11T16:04:34","modified_gmt":"2023-06-11T15:04:34","slug":"donadey-1995-grand-concert","status":"publish","type":"page","link":"https:\/\/guitares-et-luthiers.fr\/?page_id=1809","title":{"rendered":"Donadey 1995 grand concert."},"content":{"rendered":"\n<h1 class=\"wp-block-heading\"><\/h1>\n\n\n\n<p>Luthier : Donadey<\/p>\n\n\n\n<p>Ann\u00e9e :\u00a01995\u00a0 \u00a0 \u00a0 \u00a0 \u00a0 \u00a0n\u00b0 \u00a05.114<\/p>\n\n\n\n<p>Mod\u00e8le Grand Concert <\/p>\n\n\n\n<p>Diapason 650 mm <\/p>\n\n\n\n<p>Bois : table en red cedar, dos et \u00e9clisses en palissandre des Indes qualit\u00e9 sup\u00e9rieure ( au moins 30 ans de s\u00e9chage) ,  barrage avec renfort carbone, touche \u00e9b\u00e8ne du Gabon, manche en cedro du Honduras. Vernis tampon.<\/p>\n\n\n\n<p>Guitare tr\u00e8s puissante, \u00e9quilibr\u00e9e, dynamique et tenue de son exceptionnelle. Facilit\u00e9 de jeu. <br>La projection sonore est remarquable, le son est pr\u00e9cis, clair et \u00e9quilibr\u00e9.<br>Avec \u00e9tui.\u00a0<\/p>\n\n\n\n<blockquote class=\"wp-block-quote is-layout-flow wp-block-quote-is-layout-flow\">\n<p><\/p>\n<\/blockquote>\n\n\n\n<figure class=\"wp-block-gallery has-nested-images columns-default is-cropped wp-block-gallery-1 is-layout-flex wp-block-gallery-is-layout-flex\">\n<figure class=\"wp-block-image size-large\"><a href=\"https:\/\/guitares-et-luthiers.fr\/wp-content\/uploads\/2023\/06\/IMG_9182-scaled.jpg\" rel=\"lightbox[1809]\"><img loading=\"lazy\" decoding=\"async\" width=\"1024\" height=\"847\" data-id=\"1808\" src=\"https:\/\/guitares-et-luthiers.fr\/wp-content\/uploads\/2023\/06\/IMG_9182-1024x847.jpg\" alt=\"\" class=\"wp-image-1808\" srcset=\"https:\/\/guitares-et-luthiers.fr\/wp-content\/uploads\/2023\/06\/IMG_9182-1024x847.jpg 1024w, https:\/\/guitares-et-luthiers.fr\/wp-content\/uploads\/2023\/06\/IMG_9182-300x248.jpg 300w, https:\/\/guitares-et-luthiers.fr\/wp-content\/uploads\/2023\/06\/IMG_9182-768x635.jpg 768w, https:\/\/guitares-et-luthiers.fr\/wp-content\/uploads\/2023\/06\/IMG_9182-1536x1271.jpg 1536w, https:\/\/guitares-et-luthiers.fr\/wp-content\/uploads\/2023\/06\/IMG_9182-2048x1694.jpg 2048w\" sizes=\"auto, (max-width: 706px) 89vw, (max-width: 767px) 82vw, 740px\" \/><\/a><\/figure>\n\n\n\n<figure class=\"wp-block-image size-large\"><a href=\"https:\/\/guitares-et-luthiers.fr\/wp-content\/uploads\/2023\/06\/IMG_9181-scaled.jpg\" rel=\"lightbox[1809]\"><img loading=\"lazy\" decoding=\"async\" width=\"928\" height=\"1024\" data-id=\"1807\" src=\"https:\/\/guitares-et-luthiers.fr\/wp-content\/uploads\/2023\/06\/IMG_9181-928x1024.jpg\" alt=\"\" class=\"wp-image-1807\" srcset=\"https:\/\/guitares-et-luthiers.fr\/wp-content\/uploads\/2023\/06\/IMG_9181-928x1024.jpg 928w, https:\/\/guitares-et-luthiers.fr\/wp-content\/uploads\/2023\/06\/IMG_9181-272x300.jpg 272w, https:\/\/guitares-et-luthiers.fr\/wp-content\/uploads\/2023\/06\/IMG_9181-768x847.jpg 768w, https:\/\/guitares-et-luthiers.fr\/wp-content\/uploads\/2023\/06\/IMG_9181-1393x1536.jpg 1393w, https:\/\/guitares-et-luthiers.fr\/wp-content\/uploads\/2023\/06\/IMG_9181-1857x2048.jpg 1857w\" sizes=\"auto, (max-width: 706px) 89vw, (max-width: 767px) 82vw, 740px\" \/><\/a><\/figure>\n\n\n\n<figure class=\"wp-block-image size-large\"><a href=\"https:\/\/guitares-et-luthiers.fr\/wp-content\/uploads\/2023\/06\/IMG_9180-scaled.jpg\" rel=\"lightbox[1809]\"><img loading=\"lazy\" decoding=\"async\" width=\"768\" height=\"1024\" data-id=\"1806\" src=\"https:\/\/guitares-et-luthiers.fr\/wp-content\/uploads\/2023\/06\/IMG_9180-768x1024.jpg\" alt=\"\" class=\"wp-image-1806\" srcset=\"https:\/\/guitares-et-luthiers.fr\/wp-content\/uploads\/2023\/06\/IMG_9180-768x1024.jpg 768w, https:\/\/guitares-et-luthiers.fr\/wp-content\/uploads\/2023\/06\/IMG_9180-225x300.jpg 225w, https:\/\/guitares-et-luthiers.fr\/wp-content\/uploads\/2023\/06\/IMG_9180-1152x1536.jpg 1152w, https:\/\/guitares-et-luthiers.fr\/wp-content\/uploads\/2023\/06\/IMG_9180-1536x2048.jpg 1536w, https:\/\/guitares-et-luthiers.fr\/wp-content\/uploads\/2023\/06\/IMG_9180-scaled.jpg 1920w\" sizes=\"auto, (max-width: 706px) 89vw, (max-width: 767px) 82vw, 740px\" \/><\/a><\/figure>\n\n\n\n<figure class=\"wp-block-image size-large\"><a href=\"https:\/\/guitares-et-luthiers.fr\/wp-content\/uploads\/2023\/06\/IMG_9179-scaled.jpg\" rel=\"lightbox[1809]\"><img loading=\"lazy\" decoding=\"async\" width=\"739\" height=\"1024\" data-id=\"1805\" src=\"https:\/\/guitares-et-luthiers.fr\/wp-content\/uploads\/2023\/06\/IMG_9179-739x1024.jpg\" alt=\"\" class=\"wp-image-1805\" srcset=\"https:\/\/guitares-et-luthiers.fr\/wp-content\/uploads\/2023\/06\/IMG_9179-739x1024.jpg 739w, https:\/\/guitares-et-luthiers.fr\/wp-content\/uploads\/2023\/06\/IMG_9179-216x300.jpg 216w, https:\/\/guitares-et-luthiers.fr\/wp-content\/uploads\/2023\/06\/IMG_9179-768x1064.jpg 768w, https:\/\/guitares-et-luthiers.fr\/wp-content\/uploads\/2023\/06\/IMG_9179-1108x1536.jpg 1108w, https:\/\/guitares-et-luthiers.fr\/wp-content\/uploads\/2023\/06\/IMG_9179-1478x2048.jpg 1478w, https:\/\/guitares-et-luthiers.fr\/wp-content\/uploads\/2023\/06\/IMG_9179-scaled.jpg 1847w\" sizes=\"auto, (max-width: 739px) 100vw, 739px\" \/><\/a><\/figure>\n\n\n\n<figure class=\"wp-block-image size-large\"><a href=\"https:\/\/guitares-et-luthiers.fr\/wp-content\/uploads\/2023\/06\/IMG_9178-scaled.jpg\" rel=\"lightbox[1809]\"><img loading=\"lazy\" decoding=\"async\" width=\"640\" height=\"1024\" data-id=\"1804\" src=\"https:\/\/guitares-et-luthiers.fr\/wp-content\/uploads\/2023\/06\/IMG_9178-640x1024.jpg\" alt=\"\" class=\"wp-image-1804\" srcset=\"https:\/\/guitares-et-luthiers.fr\/wp-content\/uploads\/2023\/06\/IMG_9178-640x1024.jpg 640w, https:\/\/guitares-et-luthiers.fr\/wp-content\/uploads\/2023\/06\/IMG_9178-187x300.jpg 187w, https:\/\/guitares-et-luthiers.fr\/wp-content\/uploads\/2023\/06\/IMG_9178-768x1230.jpg 768w, https:\/\/guitares-et-luthiers.fr\/wp-content\/uploads\/2023\/06\/IMG_9178-959x1536.jpg 959w, https:\/\/guitares-et-luthiers.fr\/wp-content\/uploads\/2023\/06\/IMG_9178-1279x2048.jpg 1279w, https:\/\/guitares-et-luthiers.fr\/wp-content\/uploads\/2023\/06\/IMG_9178-scaled.jpg 1599w\" sizes=\"auto, (max-width: 640px) 100vw, 640px\" \/><\/a><\/figure>\n\n\n\n<figure class=\"wp-block-image size-large\"><a href=\"https:\/\/guitares-et-luthiers.fr\/wp-content\/uploads\/2023\/06\/IMG_9176-scaled.jpg\" rel=\"lightbox[1809]\"><img loading=\"lazy\" decoding=\"async\" width=\"1024\" height=\"237\" data-id=\"1803\" src=\"https:\/\/guitares-et-luthiers.fr\/wp-content\/uploads\/2023\/06\/IMG_9176-1024x237.jpg\" alt=\"\" class=\"wp-image-1803\" srcset=\"https:\/\/guitares-et-luthiers.fr\/wp-content\/uploads\/2023\/06\/IMG_9176-1024x237.jpg 1024w, https:\/\/guitares-et-luthiers.fr\/wp-content\/uploads\/2023\/06\/IMG_9176-300x69.jpg 300w, https:\/\/guitares-et-luthiers.fr\/wp-content\/uploads\/2023\/06\/IMG_9176-768x178.jpg 768w, https:\/\/guitares-et-luthiers.fr\/wp-content\/uploads\/2023\/06\/IMG_9176-1536x356.jpg 1536w, https:\/\/guitares-et-luthiers.fr\/wp-content\/uploads\/2023\/06\/IMG_9176-2048x474.jpg 2048w\" sizes=\"auto, (max-width: 706px) 89vw, (max-width: 767px) 82vw, 740px\" \/><\/a><\/figure>\n\n\n\n<figure class=\"wp-block-image size-large\"><a href=\"https:\/\/guitares-et-luthiers.fr\/wp-content\/uploads\/2023\/06\/IMG_9175-scaled.jpg\" rel=\"lightbox[1809]\"><img loading=\"lazy\" decoding=\"async\" width=\"750\" height=\"1024\" data-id=\"1802\" src=\"https:\/\/guitares-et-luthiers.fr\/wp-content\/uploads\/2023\/06\/IMG_9175-750x1024.jpg\" alt=\"\" class=\"wp-image-1802\" srcset=\"https:\/\/guitares-et-luthiers.fr\/wp-content\/uploads\/2023\/06\/IMG_9175-750x1024.jpg 750w, https:\/\/guitares-et-luthiers.fr\/wp-content\/uploads\/2023\/06\/IMG_9175-220x300.jpg 220w, https:\/\/guitares-et-luthiers.fr\/wp-content\/uploads\/2023\/06\/IMG_9175-768x1049.jpg 768w, https:\/\/guitares-et-luthiers.fr\/wp-content\/uploads\/2023\/06\/IMG_9175-1124x1536.jpg 1124w, https:\/\/guitares-et-luthiers.fr\/wp-content\/uploads\/2023\/06\/IMG_9175-1499x2048.jpg 1499w, https:\/\/guitares-et-luthiers.fr\/wp-content\/uploads\/2023\/06\/IMG_9175-scaled.jpg 1874w\" sizes=\"auto, (max-width: 706px) 89vw, (max-width: 767px) 82vw, 740px\" \/><\/a><\/figure>\n\n\n\n<figure class=\"wp-block-image size-large\"><a href=\"https:\/\/guitares-et-luthiers.fr\/wp-content\/uploads\/2023\/06\/IMG_9174-scaled.jpg\" rel=\"lightbox[1809]\"><img loading=\"lazy\" decoding=\"async\" width=\"439\" height=\"1024\" data-id=\"1801\" src=\"https:\/\/guitares-et-luthiers.fr\/wp-content\/uploads\/2023\/06\/IMG_9174-439x1024.jpg\" alt=\"\" class=\"wp-image-1801\" srcset=\"https:\/\/guitares-et-luthiers.fr\/wp-content\/uploads\/2023\/06\/IMG_9174-439x1024.jpg 439w, https:\/\/guitares-et-luthiers.fr\/wp-content\/uploads\/2023\/06\/IMG_9174-129x300.jpg 129w, https:\/\/guitares-et-luthiers.fr\/wp-content\/uploads\/2023\/06\/IMG_9174-768x1792.jpg 768w, https:\/\/guitares-et-luthiers.fr\/wp-content\/uploads\/2023\/06\/IMG_9174-658x1536.jpg 658w, https:\/\/guitares-et-luthiers.fr\/wp-content\/uploads\/2023\/06\/IMG_9174-878x2048.jpg 878w, https:\/\/guitares-et-luthiers.fr\/wp-content\/uploads\/2023\/06\/IMG_9174-scaled.jpg 1097w\" sizes=\"auto, (max-width: 439px) 100vw, 439px\" \/><\/a><\/figure>\n\n\n\n<figure class=\"wp-block-image size-large\"><a href=\"https:\/\/guitares-et-luthiers.fr\/wp-content\/uploads\/2023\/06\/IMG_9173-scaled.jpg\" rel=\"lightbox[1809]\"><img loading=\"lazy\" decoding=\"async\" width=\"1024\" height=\"970\" data-id=\"1800\" src=\"https:\/\/guitares-et-luthiers.fr\/wp-content\/uploads\/2023\/06\/IMG_9173-1024x970.jpg\" alt=\"\" class=\"wp-image-1800\" srcset=\"https:\/\/guitares-et-luthiers.fr\/wp-content\/uploads\/2023\/06\/IMG_9173-1024x970.jpg 1024w, https:\/\/guitares-et-luthiers.fr\/wp-content\/uploads\/2023\/06\/IMG_9173-300x284.jpg 300w, https:\/\/guitares-et-luthiers.fr\/wp-content\/uploads\/2023\/06\/IMG_9173-768x728.jpg 768w, https:\/\/guitares-et-luthiers.fr\/wp-content\/uploads\/2023\/06\/IMG_9173-1536x1455.jpg 1536w, https:\/\/guitares-et-luthiers.fr\/wp-content\/uploads\/2023\/06\/IMG_9173-2048x1940.jpg 2048w\" sizes=\"auto, (max-width: 706px) 89vw, (max-width: 767px) 82vw, 740px\" \/><\/a><\/figure>\n\n\n\n<figure class=\"wp-block-image size-large\"><a href=\"https:\/\/guitares-et-luthiers.fr\/wp-content\/uploads\/2023\/06\/IMG_9172-scaled.jpg\" rel=\"lightbox[1809]\"><img loading=\"lazy\" decoding=\"async\" width=\"1024\" height=\"658\" data-id=\"1799\" src=\"https:\/\/guitares-et-luthiers.fr\/wp-content\/uploads\/2023\/06\/IMG_9172-1024x658.jpg\" alt=\"\" class=\"wp-image-1799\" srcset=\"https:\/\/guitares-et-luthiers.fr\/wp-content\/uploads\/2023\/06\/IMG_9172-1024x658.jpg 1024w, https:\/\/guitares-et-luthiers.fr\/wp-content\/uploads\/2023\/06\/IMG_9172-300x193.jpg 300w, https:\/\/guitares-et-luthiers.fr\/wp-content\/uploads\/2023\/06\/IMG_9172-768x494.jpg 768w, https:\/\/guitares-et-luthiers.fr\/wp-content\/uploads\/2023\/06\/IMG_9172-1536x987.jpg 1536w, https:\/\/guitares-et-luthiers.fr\/wp-content\/uploads\/2023\/06\/IMG_9172-2048x1316.jpg 2048w\" sizes=\"auto, (max-width: 706px) 89vw, (max-width: 767px) 82vw, 740px\" \/><\/a><\/figure>\n<\/figure>\n","protected":false},"excerpt":{"rendered":"<p>Luthier : Donadey Ann\u00e9e :\u00a01995\u00a0 \u00a0 \u00a0 \u00a0 \u00a0 \u00a0n\u00b0 \u00a05.114 Mod\u00e8le Grand Concert Diapason 650 mm Bois : table en red cedar, dos et \u00e9clisses en palissandre des Indes qualit\u00e9 sup\u00e9rieure ( au moins 30 ans de s\u00e9chage) , barrage avec renfort carbone, touche \u00e9b\u00e8ne du Gabon, manche en cedro du Honduras. Vernis tampon. &hellip; <\/p>\n<p class=\"link-more\"><a href=\"https:\/\/guitares-et-luthiers.fr\/?page_id=1809\" class=\"more-link\">Continuer la lecture<span class=\"screen-reader-text\"> de &laquo;&nbsp;Donadey 1995 grand concert.&nbsp;&raquo;<\/span><\/a><\/p>\n","protected":false},"author":2,"featured_media":0,"parent":0,"menu_order":0,"comment_status":"closed","ping_status":"closed","template":"","meta":{"footnotes":""},"class_list":["post-1809","page","type-page","status-publish","hentry"],"_links":{"self":[{"href":"https:\/\/guitares-et-luthiers.fr\/index.php?rest_route=\/wp\/v2\/pages\/1809","targetHints":{"allow":["GET"]}}],"collection":[{"href":"https:\/\/guitares-et-luthiers.fr\/index.php?rest_route=\/wp\/v2\/pages"}],"about":[{"href":"https:\/\/guitares-et-luthiers.fr\/index.php?rest_route=\/wp\/v2\/types\/page"}],"author":[{"embeddable":true,"href":"https:\/\/guitares-et-luthiers.fr\/index.php?rest_route=\/wp\/v2\/users\/2"}],"replies":[{"embeddable":true,"href":"https:\/\/guitares-et-luthiers.fr\/index.php?rest_route=%2Fwp%2Fv2%2Fcomments&post=1809"}],"version-history":[{"count":1,"href":"https:\/\/guitares-et-luthiers.fr\/index.php?rest_route=\/wp\/v2\/pages\/1809\/revisions"}],"predecessor-version":[{"id":1810,"href":"https:\/\/guitares-et-luthiers.fr\/index.php?rest_route=\/wp\/v2\/pages\/1809\/revisions\/1810"}],"wp:attachment":[{"href":"https:\/\/guitares-et-luthiers.fr\/index.php?rest_route=%2Fwp%2Fv2%2Fmedia&parent=1809"}],"curies":[{"name":"wp","href":"https:\/\/api.w.org\/{rel}","templated":true}]}}