{"id":1827,"date":"2023-06-11T17:20:00","date_gmt":"2023-06-11T16:20:00","guid":{"rendered":"http:\/\/guitares-et-luthiers.fr\/?page_id=1827"},"modified":"2023-06-11T17:20:00","modified_gmt":"2023-06-11T16:20:00","slug":"desaunay","status":"publish","type":"page","link":"https:\/\/guitares-et-luthiers.fr\/?page_id=1827","title":{"rendered":"Desaunay"},"content":{"rendered":"\n<p>Luthier: Desaunay Jean-Marie<\/p>\n\n\n\n<p>Bois : table en red cedar , dos et \u00e9clisses en palissandre, touche \u00e9b\u00e8ne, manche en cedro, vernis tampon, avec \u00e9tui. <\/p>\n\n\n\n<p>Jean-Marie Desaunay \u00e9tait un luthier Caennais. Il s&rsquo;agit l\u00e0 d&rsquo;une guitare remarquable au niveau du son. Beaucoup de sustain, d&rsquo;harmoniques. <\/p>\n\n\n\n<p>Les bois sont magnifiques, le dos et les \u00e9clisses sont faites de tr\u00e8s beaux palissandres. Le vernis m\u00e9riterait une r\u00e9fection l\u00e9g\u00e8re pour qu&rsquo;elle retrouve toute sa splendeur. Un instrument tr\u00e8s int\u00e9ressant \u00e0 un prix mod\u00e9r\u00e9. Une excellente occasion.  <\/p>\n\n\n\n<figure class=\"wp-block-gallery has-nested-images columns-default is-cropped wp-block-gallery-1 is-layout-flex wp-block-gallery-is-layout-flex\">\n<figure class=\"wp-block-image size-large\"><a href=\"https:\/\/guitares-et-luthiers.fr\/wp-content\/uploads\/2023\/06\/IMG_9233-scaled.jpg\" rel=\"lightbox[1827]\"><img loading=\"lazy\" decoding=\"async\" width=\"1024\" height=\"982\" data-id=\"1812\" src=\"https:\/\/guitares-et-luthiers.fr\/wp-content\/uploads\/2023\/06\/IMG_9233-1024x982.jpg\" alt=\"\" class=\"wp-image-1812\" srcset=\"https:\/\/guitares-et-luthiers.fr\/wp-content\/uploads\/2023\/06\/IMG_9233-1024x982.jpg 1024w, https:\/\/guitares-et-luthiers.fr\/wp-content\/uploads\/2023\/06\/IMG_9233-300x288.jpg 300w, https:\/\/guitares-et-luthiers.fr\/wp-content\/uploads\/2023\/06\/IMG_9233-768x736.jpg 768w, https:\/\/guitares-et-luthiers.fr\/wp-content\/uploads\/2023\/06\/IMG_9233-1536x1473.jpg 1536w, https:\/\/guitares-et-luthiers.fr\/wp-content\/uploads\/2023\/06\/IMG_9233-2048x1964.jpg 2048w\" sizes=\"auto, (max-width: 706px) 89vw, (max-width: 767px) 82vw, 740px\" \/><\/a><\/figure>\n\n\n\n<figure class=\"wp-block-image size-large\"><a href=\"https:\/\/guitares-et-luthiers.fr\/wp-content\/uploads\/2023\/06\/IMG_9234-scaled.jpg\" rel=\"lightbox[1827]\"><img loading=\"lazy\" decoding=\"async\" width=\"1024\" height=\"587\" data-id=\"1813\" src=\"https:\/\/guitares-et-luthiers.fr\/wp-content\/uploads\/2023\/06\/IMG_9234-1024x587.jpg\" alt=\"\" class=\"wp-image-1813\" srcset=\"https:\/\/guitares-et-luthiers.fr\/wp-content\/uploads\/2023\/06\/IMG_9234-1024x587.jpg 1024w, https:\/\/guitares-et-luthiers.fr\/wp-content\/uploads\/2023\/06\/IMG_9234-300x172.jpg 300w, https:\/\/guitares-et-luthiers.fr\/wp-content\/uploads\/2023\/06\/IMG_9234-768x440.jpg 768w, https:\/\/guitares-et-luthiers.fr\/wp-content\/uploads\/2023\/06\/IMG_9234-1536x881.jpg 1536w, https:\/\/guitares-et-luthiers.fr\/wp-content\/uploads\/2023\/06\/IMG_9234-2048x1174.jpg 2048w\" sizes=\"auto, (max-width: 706px) 89vw, (max-width: 767px) 82vw, 740px\" \/><\/a><\/figure>\n\n\n\n<figure class=\"wp-block-image size-large\"><a href=\"https:\/\/guitares-et-luthiers.fr\/wp-content\/uploads\/2023\/06\/IMG_9237-scaled.jpg\" rel=\"lightbox[1827]\"><img loading=\"lazy\" decoding=\"async\" width=\"768\" height=\"1024\" data-id=\"1815\" src=\"https:\/\/guitares-et-luthiers.fr\/wp-content\/uploads\/2023\/06\/IMG_9237-768x1024.jpg\" alt=\"\" class=\"wp-image-1815\" srcset=\"https:\/\/guitares-et-luthiers.fr\/wp-content\/uploads\/2023\/06\/IMG_9237-768x1024.jpg 768w, https:\/\/guitares-et-luthiers.fr\/wp-content\/uploads\/2023\/06\/IMG_9237-225x300.jpg 225w, https:\/\/guitares-et-luthiers.fr\/wp-content\/uploads\/2023\/06\/IMG_9237-1152x1536.jpg 1152w, https:\/\/guitares-et-luthiers.fr\/wp-content\/uploads\/2023\/06\/IMG_9237-1536x2048.jpg 1536w, https:\/\/guitares-et-luthiers.fr\/wp-content\/uploads\/2023\/06\/IMG_9237-scaled.jpg 1920w\" sizes=\"auto, (max-width: 706px) 89vw, (max-width: 767px) 82vw, 740px\" \/><\/a><\/figure>\n\n\n\n<figure class=\"wp-block-image size-large\"><a href=\"https:\/\/guitares-et-luthiers.fr\/wp-content\/uploads\/2023\/06\/IMG_9250-scaled.jpg\" rel=\"lightbox[1827]\"><img loading=\"lazy\" decoding=\"async\" width=\"1024\" height=\"550\" data-id=\"1826\" src=\"https:\/\/guitares-et-luthiers.fr\/wp-content\/uploads\/2023\/06\/IMG_9250-1024x550.jpg\" alt=\"\" class=\"wp-image-1826\" srcset=\"https:\/\/guitares-et-luthiers.fr\/wp-content\/uploads\/2023\/06\/IMG_9250-1024x550.jpg 1024w, https:\/\/guitares-et-luthiers.fr\/wp-content\/uploads\/2023\/06\/IMG_9250-300x161.jpg 300w, https:\/\/guitares-et-luthiers.fr\/wp-content\/uploads\/2023\/06\/IMG_9250-768x412.jpg 768w, https:\/\/guitares-et-luthiers.fr\/wp-content\/uploads\/2023\/06\/IMG_9250-1536x824.jpg 1536w, https:\/\/guitares-et-luthiers.fr\/wp-content\/uploads\/2023\/06\/IMG_9250-2048x1099.jpg 2048w\" sizes=\"auto, (max-width: 706px) 89vw, (max-width: 767px) 82vw, 740px\" \/><\/a><\/figure>\n\n\n\n<figure class=\"wp-block-image size-large\"><a href=\"https:\/\/guitares-et-luthiers.fr\/wp-content\/uploads\/2023\/06\/IMG_9249-scaled.jpg\" rel=\"lightbox[1827]\"><img loading=\"lazy\" decoding=\"async\" width=\"476\" height=\"1024\" data-id=\"1825\" src=\"https:\/\/guitares-et-luthiers.fr\/wp-content\/uploads\/2023\/06\/IMG_9249-476x1024.jpg\" alt=\"\" class=\"wp-image-1825\" srcset=\"https:\/\/guitares-et-luthiers.fr\/wp-content\/uploads\/2023\/06\/IMG_9249-476x1024.jpg 476w, https:\/\/guitares-et-luthiers.fr\/wp-content\/uploads\/2023\/06\/IMG_9249-139x300.jpg 139w, https:\/\/guitares-et-luthiers.fr\/wp-content\/uploads\/2023\/06\/IMG_9249-768x1652.jpg 768w, https:\/\/guitares-et-luthiers.fr\/wp-content\/uploads\/2023\/06\/IMG_9249-714x1536.jpg 714w, https:\/\/guitares-et-luthiers.fr\/wp-content\/uploads\/2023\/06\/IMG_9249-952x2048.jpg 952w, https:\/\/guitares-et-luthiers.fr\/wp-content\/uploads\/2023\/06\/IMG_9249-scaled.jpg 1190w\" sizes=\"auto, (max-width: 476px) 100vw, 476px\" \/><\/a><\/figure>\n\n\n\n<figure class=\"wp-block-image size-large\"><a href=\"https:\/\/guitares-et-luthiers.fr\/wp-content\/uploads\/2023\/06\/IMG_9248-scaled.jpg\" rel=\"lightbox[1827]\"><img loading=\"lazy\" decoding=\"async\" width=\"530\" height=\"1024\" data-id=\"1824\" src=\"https:\/\/guitares-et-luthiers.fr\/wp-content\/uploads\/2023\/06\/IMG_9248-530x1024.jpg\" alt=\"\" class=\"wp-image-1824\" srcset=\"https:\/\/guitares-et-luthiers.fr\/wp-content\/uploads\/2023\/06\/IMG_9248-530x1024.jpg 530w, https:\/\/guitares-et-luthiers.fr\/wp-content\/uploads\/2023\/06\/IMG_9248-155x300.jpg 155w, https:\/\/guitares-et-luthiers.fr\/wp-content\/uploads\/2023\/06\/IMG_9248-768x1483.jpg 768w, https:\/\/guitares-et-luthiers.fr\/wp-content\/uploads\/2023\/06\/IMG_9248-795x1536.jpg 795w, https:\/\/guitares-et-luthiers.fr\/wp-content\/uploads\/2023\/06\/IMG_9248-1060x2048.jpg 1060w, https:\/\/guitares-et-luthiers.fr\/wp-content\/uploads\/2023\/06\/IMG_9248-scaled.jpg 1325w\" sizes=\"auto, (max-width: 530px) 100vw, 530px\" \/><\/a><\/figure>\n\n\n\n<figure class=\"wp-block-image size-large\"><a href=\"https:\/\/guitares-et-luthiers.fr\/wp-content\/uploads\/2023\/06\/IMG_9247-scaled.jpg\" rel=\"lightbox[1827]\"><img loading=\"lazy\" decoding=\"async\" width=\"918\" height=\"1024\" data-id=\"1823\" src=\"https:\/\/guitares-et-luthiers.fr\/wp-content\/uploads\/2023\/06\/IMG_9247-918x1024.jpg\" alt=\"\" class=\"wp-image-1823\" srcset=\"https:\/\/guitares-et-luthiers.fr\/wp-content\/uploads\/2023\/06\/IMG_9247-918x1024.jpg 918w, https:\/\/guitares-et-luthiers.fr\/wp-content\/uploads\/2023\/06\/IMG_9247-269x300.jpg 269w, https:\/\/guitares-et-luthiers.fr\/wp-content\/uploads\/2023\/06\/IMG_9247-768x856.jpg 768w, https:\/\/guitares-et-luthiers.fr\/wp-content\/uploads\/2023\/06\/IMG_9247-1378x1536.jpg 1378w, https:\/\/guitares-et-luthiers.fr\/wp-content\/uploads\/2023\/06\/IMG_9247-1837x2048.jpg 1837w\" sizes=\"auto, (max-width: 706px) 89vw, (max-width: 767px) 82vw, 740px\" \/><\/a><\/figure>\n\n\n\n<figure class=\"wp-block-image size-large\"><a href=\"https:\/\/guitares-et-luthiers.fr\/wp-content\/uploads\/2023\/06\/IMG_9238-scaled.jpg\" rel=\"lightbox[1827]\"><img loading=\"lazy\" decoding=\"async\" width=\"453\" height=\"1024\" data-id=\"1816\" src=\"https:\/\/guitares-et-luthiers.fr\/wp-content\/uploads\/2023\/06\/IMG_9238-453x1024.jpg\" alt=\"\" class=\"wp-image-1816\" srcset=\"https:\/\/guitares-et-luthiers.fr\/wp-content\/uploads\/2023\/06\/IMG_9238-453x1024.jpg 453w, https:\/\/guitares-et-luthiers.fr\/wp-content\/uploads\/2023\/06\/IMG_9238-133x300.jpg 133w, https:\/\/guitares-et-luthiers.fr\/wp-content\/uploads\/2023\/06\/IMG_9238-768x1737.jpg 768w, https:\/\/guitares-et-luthiers.fr\/wp-content\/uploads\/2023\/06\/IMG_9238-679x1536.jpg 679w, https:\/\/guitares-et-luthiers.fr\/wp-content\/uploads\/2023\/06\/IMG_9238-906x2048.jpg 906w, https:\/\/guitares-et-luthiers.fr\/wp-content\/uploads\/2023\/06\/IMG_9238-scaled.jpg 1132w\" sizes=\"auto, (max-width: 453px) 100vw, 453px\" \/><\/a><\/figure>\n\n\n\n<figure class=\"wp-block-image size-large\"><a href=\"https:\/\/guitares-et-luthiers.fr\/wp-content\/uploads\/2023\/06\/IMG_9245-scaled.jpg\" rel=\"lightbox[1827]\"><img loading=\"lazy\" decoding=\"async\" width=\"768\" height=\"1024\" data-id=\"1822\" src=\"https:\/\/guitares-et-luthiers.fr\/wp-content\/uploads\/2023\/06\/IMG_9245-768x1024.jpg\" alt=\"\" class=\"wp-image-1822\" srcset=\"https:\/\/guitares-et-luthiers.fr\/wp-content\/uploads\/2023\/06\/IMG_9245-768x1024.jpg 768w, https:\/\/guitares-et-luthiers.fr\/wp-content\/uploads\/2023\/06\/IMG_9245-225x300.jpg 225w, https:\/\/guitares-et-luthiers.fr\/wp-content\/uploads\/2023\/06\/IMG_9245-1152x1536.jpg 1152w, https:\/\/guitares-et-luthiers.fr\/wp-content\/uploads\/2023\/06\/IMG_9245-1536x2048.jpg 1536w, https:\/\/guitares-et-luthiers.fr\/wp-content\/uploads\/2023\/06\/IMG_9245-scaled.jpg 1920w\" sizes=\"auto, (max-width: 706px) 89vw, (max-width: 767px) 82vw, 740px\" \/><\/a><\/figure>\n\n\n\n<figure class=\"wp-block-image size-large\"><a href=\"https:\/\/guitares-et-luthiers.fr\/wp-content\/uploads\/2023\/06\/IMG_9244-scaled.jpg\" rel=\"lightbox[1827]\"><img loading=\"lazy\" decoding=\"async\" width=\"591\" height=\"1024\" data-id=\"1821\" src=\"https:\/\/guitares-et-luthiers.fr\/wp-content\/uploads\/2023\/06\/IMG_9244-591x1024.jpg\" alt=\"\" class=\"wp-image-1821\" srcset=\"https:\/\/guitares-et-luthiers.fr\/wp-content\/uploads\/2023\/06\/IMG_9244-591x1024.jpg 591w, https:\/\/guitares-et-luthiers.fr\/wp-content\/uploads\/2023\/06\/IMG_9244-173x300.jpg 173w, https:\/\/guitares-et-luthiers.fr\/wp-content\/uploads\/2023\/06\/IMG_9244-768x1330.jpg 768w, https:\/\/guitares-et-luthiers.fr\/wp-content\/uploads\/2023\/06\/IMG_9244-887x1536.jpg 887w, https:\/\/guitares-et-luthiers.fr\/wp-content\/uploads\/2023\/06\/IMG_9244-1183x2048.jpg 1183w, https:\/\/guitares-et-luthiers.fr\/wp-content\/uploads\/2023\/06\/IMG_9244-scaled.jpg 1478w\" sizes=\"auto, (max-width: 591px) 100vw, 591px\" \/><\/a><\/figure>\n\n\n\n<figure class=\"wp-block-image size-large\"><a href=\"https:\/\/guitares-et-luthiers.fr\/wp-content\/uploads\/2023\/06\/IMG_9243-scaled.jpg\" rel=\"lightbox[1827]\"><img loading=\"lazy\" decoding=\"async\" width=\"621\" height=\"1024\" data-id=\"1820\" src=\"https:\/\/guitares-et-luthiers.fr\/wp-content\/uploads\/2023\/06\/IMG_9243-621x1024.jpg\" alt=\"\" class=\"wp-image-1820\" srcset=\"https:\/\/guitares-et-luthiers.fr\/wp-content\/uploads\/2023\/06\/IMG_9243-621x1024.jpg 621w, https:\/\/guitares-et-luthiers.fr\/wp-content\/uploads\/2023\/06\/IMG_9243-182x300.jpg 182w, https:\/\/guitares-et-luthiers.fr\/wp-content\/uploads\/2023\/06\/IMG_9243-768x1267.jpg 768w, https:\/\/guitares-et-luthiers.fr\/wp-content\/uploads\/2023\/06\/IMG_9243-931x1536.jpg 931w, https:\/\/guitares-et-luthiers.fr\/wp-content\/uploads\/2023\/06\/IMG_9243-1242x2048.jpg 1242w, https:\/\/guitares-et-luthiers.fr\/wp-content\/uploads\/2023\/06\/IMG_9243-scaled.jpg 1552w\" sizes=\"auto, (max-width: 621px) 100vw, 621px\" \/><\/a><\/figure>\n\n\n\n<figure class=\"wp-block-image size-large\"><a href=\"https:\/\/guitares-et-luthiers.fr\/wp-content\/uploads\/2023\/06\/IMG_9242.jpg\" rel=\"lightbox[1827]\"><img loading=\"lazy\" decoding=\"async\" width=\"1009\" height=\"1024\" data-id=\"1819\" src=\"https:\/\/guitares-et-luthiers.fr\/wp-content\/uploads\/2023\/06\/IMG_9242-1009x1024.jpg\" alt=\"\" class=\"wp-image-1819\" srcset=\"https:\/\/guitares-et-luthiers.fr\/wp-content\/uploads\/2023\/06\/IMG_9242-1009x1024.jpg 1009w, https:\/\/guitares-et-luthiers.fr\/wp-content\/uploads\/2023\/06\/IMG_9242-296x300.jpg 296w, https:\/\/guitares-et-luthiers.fr\/wp-content\/uploads\/2023\/06\/IMG_9242-768x779.jpg 768w, https:\/\/guitares-et-luthiers.fr\/wp-content\/uploads\/2023\/06\/IMG_9242-1514x1536.jpg 1514w, https:\/\/guitares-et-luthiers.fr\/wp-content\/uploads\/2023\/06\/IMG_9242-2018x2048.jpg 2018w, https:\/\/guitares-et-luthiers.fr\/wp-content\/uploads\/2023\/06\/IMG_9242-100x100.jpg 100w\" sizes=\"auto, (max-width: 706px) 89vw, (max-width: 767px) 82vw, 740px\" \/><\/a><\/figure>\n\n\n\n<figure class=\"wp-block-image size-large\"><a href=\"https:\/\/guitares-et-luthiers.fr\/wp-content\/uploads\/2023\/06\/IMG_9241-scaled.jpg\" rel=\"lightbox[1827]\"><img loading=\"lazy\" decoding=\"async\" width=\"545\" height=\"1024\" data-id=\"1818\" src=\"https:\/\/guitares-et-luthiers.fr\/wp-content\/uploads\/2023\/06\/IMG_9241-545x1024.jpg\" alt=\"\" class=\"wp-image-1818\" srcset=\"https:\/\/guitares-et-luthiers.fr\/wp-content\/uploads\/2023\/06\/IMG_9241-545x1024.jpg 545w, https:\/\/guitares-et-luthiers.fr\/wp-content\/uploads\/2023\/06\/IMG_9241-160x300.jpg 160w, https:\/\/guitares-et-luthiers.fr\/wp-content\/uploads\/2023\/06\/IMG_9241-768x1443.jpg 768w, https:\/\/guitares-et-luthiers.fr\/wp-content\/uploads\/2023\/06\/IMG_9241-818x1536.jpg 818w, https:\/\/guitares-et-luthiers.fr\/wp-content\/uploads\/2023\/06\/IMG_9241-1090x2048.jpg 1090w, https:\/\/guitares-et-luthiers.fr\/wp-content\/uploads\/2023\/06\/IMG_9241-scaled.jpg 1363w\" sizes=\"auto, (max-width: 545px) 100vw, 545px\" \/><\/a><\/figure>\n\n\n\n<figure class=\"wp-block-image size-large\"><a href=\"https:\/\/guitares-et-luthiers.fr\/wp-content\/uploads\/2023\/06\/IMG_9240-scaled.jpg\" rel=\"lightbox[1827]\"><img loading=\"lazy\" decoding=\"async\" width=\"472\" height=\"1024\" data-id=\"1817\" src=\"https:\/\/guitares-et-luthiers.fr\/wp-content\/uploads\/2023\/06\/IMG_9240-472x1024.jpg\" alt=\"\" class=\"wp-image-1817\" srcset=\"https:\/\/guitares-et-luthiers.fr\/wp-content\/uploads\/2023\/06\/IMG_9240-472x1024.jpg 472w, https:\/\/guitares-et-luthiers.fr\/wp-content\/uploads\/2023\/06\/IMG_9240-138x300.jpg 138w, https:\/\/guitares-et-luthiers.fr\/wp-content\/uploads\/2023\/06\/IMG_9240-768x1666.jpg 768w, https:\/\/guitares-et-luthiers.fr\/wp-content\/uploads\/2023\/06\/IMG_9240-708x1536.jpg 708w, https:\/\/guitares-et-luthiers.fr\/wp-content\/uploads\/2023\/06\/IMG_9240-944x2048.jpg 944w, https:\/\/guitares-et-luthiers.fr\/wp-content\/uploads\/2023\/06\/IMG_9240-scaled.jpg 1180w\" sizes=\"auto, (max-width: 472px) 100vw, 472px\" \/><\/a><\/figure>\n\n\n\n<figure class=\"wp-block-image size-large\"><a href=\"https:\/\/guitares-et-luthiers.fr\/wp-content\/uploads\/2023\/06\/IMG_9235-scaled.jpg\" rel=\"lightbox[1827]\"><img loading=\"lazy\" decoding=\"async\" width=\"1024\" height=\"239\" data-id=\"1814\" src=\"https:\/\/guitares-et-luthiers.fr\/wp-content\/uploads\/2023\/06\/IMG_9235-1024x239.jpg\" alt=\"\" class=\"wp-image-1814\" srcset=\"https:\/\/guitares-et-luthiers.fr\/wp-content\/uploads\/2023\/06\/IMG_9235-1024x239.jpg 1024w, https:\/\/guitares-et-luthiers.fr\/wp-content\/uploads\/2023\/06\/IMG_9235-300x70.jpg 300w, https:\/\/guitares-et-luthiers.fr\/wp-content\/uploads\/2023\/06\/IMG_9235-768x180.jpg 768w, https:\/\/guitares-et-luthiers.fr\/wp-content\/uploads\/2023\/06\/IMG_9235-1536x359.jpg 1536w, https:\/\/guitares-et-luthiers.fr\/wp-content\/uploads\/2023\/06\/IMG_9235-2048x479.jpg 2048w\" sizes=\"auto, (max-width: 706px) 89vw, (max-width: 767px) 82vw, 740px\" \/><\/a><\/figure>\n<\/figure>\n","protected":false},"excerpt":{"rendered":"<p>Luthier: Desaunay Jean-Marie Bois : table en red cedar , dos et \u00e9clisses en palissandre, touche \u00e9b\u00e8ne, manche en cedro, vernis tampon, avec \u00e9tui. Jean-Marie Desaunay \u00e9tait un luthier Caennais. Il s&rsquo;agit l\u00e0 d&rsquo;une guitare remarquable au niveau du son. Beaucoup de sustain, d&rsquo;harmoniques. Les bois sont magnifiques, le dos et les \u00e9clisses sont faites &hellip; <\/p>\n<p class=\"link-more\"><a href=\"https:\/\/guitares-et-luthiers.fr\/?page_id=1827\" class=\"more-link\">Continuer la lecture<span class=\"screen-reader-text\"> de &laquo;&nbsp;Desaunay&nbsp;&raquo;<\/span><\/a><\/p>\n","protected":false},"author":2,"featured_media":0,"parent":0,"menu_order":0,"comment_status":"closed","ping_status":"closed","template":"","meta":{"footnotes":""},"class_list":["post-1827","page","type-page","status-publish","hentry"],"_links":{"self":[{"href":"https:\/\/guitares-et-luthiers.fr\/index.php?rest_route=\/wp\/v2\/pages\/1827","targetHints":{"allow":["GET"]}}],"collection":[{"href":"https:\/\/guitares-et-luthiers.fr\/index.php?rest_route=\/wp\/v2\/pages"}],"about":[{"href":"https:\/\/guitares-et-luthiers.fr\/index.php?rest_route=\/wp\/v2\/types\/page"}],"author":[{"embeddable":true,"href":"https:\/\/guitares-et-luthiers.fr\/index.php?rest_route=\/wp\/v2\/users\/2"}],"replies":[{"embeddable":true,"href":"https:\/\/guitares-et-luthiers.fr\/index.php?rest_route=%2Fwp%2Fv2%2Fcomments&post=1827"}],"version-history":[{"count":1,"href":"https:\/\/guitares-et-luthiers.fr\/index.php?rest_route=\/wp\/v2\/pages\/1827\/revisions"}],"predecessor-version":[{"id":1828,"href":"https:\/\/guitares-et-luthiers.fr\/index.php?rest_route=\/wp\/v2\/pages\/1827\/revisions\/1828"}],"wp:attachment":[{"href":"https:\/\/guitares-et-luthiers.fr\/index.php?rest_route=%2Fwp%2Fv2%2Fmedia&parent=1827"}],"curies":[{"name":"wp","href":"https:\/\/api.w.org\/{rel}","templated":true}]}}