{"id":187,"date":"2014-01-02T19:12:20","date_gmt":"2014-01-02T18:12:20","guid":{"rendered":"http:\/\/guitares-et-luthiers.fr\/?page_id=187"},"modified":"2022-10-02T17:59:04","modified_gmt":"2022-10-02T16:59:04","slug":"fouilleul-c9","status":"publish","type":"page","link":"https:\/\/guitares-et-luthiers.fr\/?page_id=187","title":{"rendered":"fouilleul C9"},"content":{"rendered":"<p>\u00a0\u00bb Koyunbaba 1 \u00a0\u00bb par C\u00e9cile Joly sur guitare Jean-Marie Fouilleul C9<\/p>\n<audio class=\"wp-audio-shortcode\" id=\"audio-187-1\" preload=\"none\" style=\"width: 100%;\" controls=\"controls\"><source type=\"audio\/mpeg\" src=\"https:\/\/guitares-et-luthiers.fr\/wp-content\/uploads\/2014\/01\/koyunbaba1.mp3?_=1\" \/><a href=\"https:\/\/guitares-et-luthiers.fr\/wp-content\/uploads\/2014\/01\/koyunbaba1.mp3\">https:\/\/guitares-et-luthiers.fr\/wp-content\/uploads\/2014\/01\/koyunbaba1.mp3<\/a><\/audio>\n<p>\u00a0\u00bb Koyunbaba 2 \u00a0\u00bb par C\u00e9cile Joly sur guitare Jean-Marie Fouilleul C9<\/p>\n<audio class=\"wp-audio-shortcode\" id=\"audio-187-2\" preload=\"none\" style=\"width: 100%;\" controls=\"controls\"><source type=\"audio\/mpeg\" src=\"https:\/\/guitares-et-luthiers.fr\/wp-content\/uploads\/2014\/01\/koyunbaba2.mp3?_=2\" \/><a href=\"https:\/\/guitares-et-luthiers.fr\/wp-content\/uploads\/2014\/01\/koyunbaba2.mp3\">https:\/\/guitares-et-luthiers.fr\/wp-content\/uploads\/2014\/01\/koyunbaba2.mp3<\/a><\/audio>\n<p>\u00a0\u00bb Koyunbaba 3 \u00a0\u00bb par C\u00e9cile Joly sur guitare Jean-Marie Fouilleul C9<\/p>\n<audio class=\"wp-audio-shortcode\" id=\"audio-187-3\" preload=\"none\" style=\"width: 100%;\" controls=\"controls\"><source type=\"audio\/mpeg\" src=\"https:\/\/guitares-et-luthiers.fr\/wp-content\/uploads\/2014\/01\/koyunbaba3.mp3?_=3\" \/><a href=\"https:\/\/guitares-et-luthiers.fr\/wp-content\/uploads\/2014\/01\/koyunbaba3.mp3\">https:\/\/guitares-et-luthiers.fr\/wp-content\/uploads\/2014\/01\/koyunbaba3.mp3<\/a><\/audio>\n<p><iframe loading=\"lazy\" title=\"Koyunbaba (IV) de Carlo Domeniconi, interpr\u00e9t\u00e9 par C\u00e9cile Joly\" width=\"525\" height=\"295\" src=\"https:\/\/www.youtube.com\/embed\/TSeoIrR4dSA?feature=oembed\" frameborder=\"0\" allow=\"accelerometer; autoplay; clipboard-write; encrypted-media; gyroscope; picture-in-picture; web-share\" referrerpolicy=\"strict-origin-when-cross-origin\" allowfullscreen><\/iframe><\/p>\n<p><a href=\"https:\/\/guitares-et-luthiers.fr\/wp-content\/uploads\/2014\/02\/DSC_0065.jpg\" rel=\"lightbox[187]\"><img loading=\"lazy\" decoding=\"async\" class=\"alignnone size-medium wp-image-416\" src=\"https:\/\/guitares-et-luthiers.fr\/wp-content\/uploads\/2014\/02\/DSC_0065-300x200.jpg\" alt=\"Concert C9 Fouilleul 2012\" width=\"300\" height=\"200\" srcset=\"https:\/\/guitares-et-luthiers.fr\/wp-content\/uploads\/2014\/02\/DSC_0065-300x200.jpg 300w, https:\/\/guitares-et-luthiers.fr\/wp-content\/uploads\/2014\/02\/DSC_0065-1024x682.jpg 1024w\" sizes=\"auto, (max-width: 300px) 100vw, 300px\" \/><\/a> <a href=\"https:\/\/guitares-et-luthiers.fr\/wp-content\/uploads\/2014\/02\/DSC_0059.jpg\" rel=\"lightbox[187]\"><img loading=\"lazy\" decoding=\"async\" class=\"alignnone size-medium wp-image-414\" src=\"https:\/\/guitares-et-luthiers.fr\/wp-content\/uploads\/2014\/02\/DSC_0059-300x200.jpg\" alt=\"Concert C9 Fouilleul 2012\" width=\"300\" height=\"200\" srcset=\"https:\/\/guitares-et-luthiers.fr\/wp-content\/uploads\/2014\/02\/DSC_0059-300x200.jpg 300w, https:\/\/guitares-et-luthiers.fr\/wp-content\/uploads\/2014\/02\/DSC_0059-1024x682.jpg 1024w\" sizes=\"auto, (max-width: 300px) 100vw, 300px\" \/><\/a> <a href=\"https:\/\/guitares-et-luthiers.fr\/wp-content\/uploads\/2014\/02\/DSC_0054.jpg\" rel=\"lightbox[187]\"><img loading=\"lazy\" decoding=\"async\" class=\"alignnone size-medium wp-image-412\" src=\"https:\/\/guitares-et-luthiers.fr\/wp-content\/uploads\/2014\/02\/DSC_0054-300x200.jpg\" alt=\"Concert C9 Fouilleul 2012\" width=\"300\" height=\"200\" srcset=\"https:\/\/guitares-et-luthiers.fr\/wp-content\/uploads\/2014\/02\/DSC_0054-300x200.jpg 300w, https:\/\/guitares-et-luthiers.fr\/wp-content\/uploads\/2014\/02\/DSC_0054-1024x682.jpg 1024w\" sizes=\"auto, (max-width: 300px) 100vw, 300px\" \/><\/a> <a href=\"https:\/\/guitares-et-luthiers.fr\/wp-content\/uploads\/2014\/02\/DSC_0053.jpg\" rel=\"lightbox[187]\"><img loading=\"lazy\" decoding=\"async\" class=\"alignnone size-medium wp-image-411\" src=\"https:\/\/guitares-et-luthiers.fr\/wp-content\/uploads\/2014\/02\/DSC_0053-300x200.jpg\" alt=\"Concert C9 Fouilleul 2012\" width=\"300\" height=\"200\" srcset=\"https:\/\/guitares-et-luthiers.fr\/wp-content\/uploads\/2014\/02\/DSC_0053-300x200.jpg 300w, https:\/\/guitares-et-luthiers.fr\/wp-content\/uploads\/2014\/02\/DSC_0053-1024x682.jpg 1024w\" sizes=\"auto, (max-width: 300px) 100vw, 300px\" \/><\/a> <a href=\"https:\/\/guitares-et-luthiers.fr\/wp-content\/uploads\/2014\/02\/DSC_0052.jpg\" rel=\"lightbox[187]\"><img loading=\"lazy\" decoding=\"async\" class=\"alignnone size-medium wp-image-410\" src=\"https:\/\/guitares-et-luthiers.fr\/wp-content\/uploads\/2014\/02\/DSC_0052-300x200.jpg\" alt=\"Concert C9 Fouilleul 2012\" width=\"300\" height=\"200\" srcset=\"https:\/\/guitares-et-luthiers.fr\/wp-content\/uploads\/2014\/02\/DSC_0052-300x200.jpg 300w, https:\/\/guitares-et-luthiers.fr\/wp-content\/uploads\/2014\/02\/DSC_0052-1024x682.jpg 1024w\" sizes=\"auto, (max-width: 300px) 100vw, 300px\" \/><\/a> <a href=\"https:\/\/guitares-et-luthiers.fr\/wp-content\/uploads\/2014\/02\/DSC_0051.jpg\" rel=\"lightbox[187]\"><img loading=\"lazy\" decoding=\"async\" class=\"alignnone size-medium wp-image-409\" src=\"https:\/\/guitares-et-luthiers.fr\/wp-content\/uploads\/2014\/02\/DSC_0051-300x200.jpg\" alt=\"Concert C9 Fouilleul 2012\" width=\"300\" height=\"200\" srcset=\"https:\/\/guitares-et-luthiers.fr\/wp-content\/uploads\/2014\/02\/DSC_0051-300x200.jpg 300w, https:\/\/guitares-et-luthiers.fr\/wp-content\/uploads\/2014\/02\/DSC_0051-1024x682.jpg 1024w\" sizes=\"auto, (max-width: 300px) 100vw, 300px\" \/><\/a> <a href=\"https:\/\/guitares-et-luthiers.fr\/wp-content\/uploads\/2014\/02\/DSC_0050.jpg\" rel=\"lightbox[187]\"><img loading=\"lazy\" decoding=\"async\" class=\"alignnone size-medium wp-image-408\" src=\"https:\/\/guitares-et-luthiers.fr\/wp-content\/uploads\/2014\/02\/DSC_0050-300x200.jpg\" alt=\"Concert C9 Fouilleul 2012\" width=\"300\" height=\"200\" srcset=\"https:\/\/guitares-et-luthiers.fr\/wp-content\/uploads\/2014\/02\/DSC_0050-300x200.jpg 300w, https:\/\/guitares-et-luthiers.fr\/wp-content\/uploads\/2014\/02\/DSC_0050-1024x682.jpg 1024w\" sizes=\"auto, (max-width: 300px) 100vw, 300px\" \/><\/a> <a href=\"https:\/\/guitares-et-luthiers.fr\/wp-content\/uploads\/2014\/02\/DSC_0048.jpg\" rel=\"lightbox[187]\"><img loading=\"lazy\" decoding=\"async\" class=\"alignnone size-medium wp-image-407\" src=\"https:\/\/guitares-et-luthiers.fr\/wp-content\/uploads\/2014\/02\/DSC_0048-300x200.jpg\" alt=\"Concert C9 Fouilleul 2012\" width=\"300\" height=\"200\" srcset=\"https:\/\/guitares-et-luthiers.fr\/wp-content\/uploads\/2014\/02\/DSC_0048-300x200.jpg 300w, https:\/\/guitares-et-luthiers.fr\/wp-content\/uploads\/2014\/02\/DSC_0048-1024x682.jpg 1024w\" sizes=\"auto, (max-width: 300px) 100vw, 300px\" \/><\/a> <a href=\"https:\/\/guitares-et-luthiers.fr\/wp-content\/uploads\/2014\/02\/DSC_0044.jpg\" rel=\"lightbox[187]\"><img loading=\"lazy\" decoding=\"async\" class=\"alignnone size-medium wp-image-406\" src=\"https:\/\/guitares-et-luthiers.fr\/wp-content\/uploads\/2014\/02\/DSC_0044-200x300.jpg\" alt=\"Concert C9 Fouilleul 2012\" width=\"200\" height=\"300\" srcset=\"https:\/\/guitares-et-luthiers.fr\/wp-content\/uploads\/2014\/02\/DSC_0044-200x300.jpg 200w, https:\/\/guitares-et-luthiers.fr\/wp-content\/uploads\/2014\/02\/DSC_0044-682x1024.jpg 682w\" sizes=\"auto, (max-width: 200px) 100vw, 200px\" \/><\/a> <a href=\"https:\/\/guitares-et-luthiers.fr\/wp-content\/uploads\/2014\/02\/DSC_0042.jpg\" rel=\"lightbox[187]\"><img loading=\"lazy\" decoding=\"async\" class=\"alignnone size-medium wp-image-405\" src=\"https:\/\/guitares-et-luthiers.fr\/wp-content\/uploads\/2014\/02\/DSC_0042-200x300.jpg\" alt=\"Concert C9 Fouilleul 2012\" width=\"200\" height=\"300\" srcset=\"https:\/\/guitares-et-luthiers.fr\/wp-content\/uploads\/2014\/02\/DSC_0042-200x300.jpg 200w, https:\/\/guitares-et-luthiers.fr\/wp-content\/uploads\/2014\/02\/DSC_0042-682x1024.jpg 682w\" sizes=\"auto, (max-width: 200px) 100vw, 200px\" \/><\/a> <a href=\"https:\/\/guitares-et-luthiers.fr\/wp-content\/uploads\/2014\/02\/DSC_0041.jpg\" rel=\"lightbox[187]\"><img loading=\"lazy\" decoding=\"async\" class=\"alignnone size-medium wp-image-404\" src=\"https:\/\/guitares-et-luthiers.fr\/wp-content\/uploads\/2014\/02\/DSC_0041-200x300.jpg\" alt=\"Concert C9 Fouilleul 2012\" width=\"200\" height=\"300\" srcset=\"https:\/\/guitares-et-luthiers.fr\/wp-content\/uploads\/2014\/02\/DSC_0041-200x300.jpg 200w, https:\/\/guitares-et-luthiers.fr\/wp-content\/uploads\/2014\/02\/DSC_0041-682x1024.jpg 682w\" sizes=\"auto, (max-width: 200px) 100vw, 200px\" \/><\/a> <a href=\"https:\/\/guitares-et-luthiers.fr\/wp-content\/uploads\/2014\/02\/DSC_0035.jpg\" rel=\"lightbox[187]\"><img loading=\"lazy\" decoding=\"async\" class=\"alignnone size-medium wp-image-403\" src=\"https:\/\/guitares-et-luthiers.fr\/wp-content\/uploads\/2014\/02\/DSC_0035-300x200.jpg\" alt=\"Concert C9 Fouilleul 2012\" width=\"300\" height=\"200\" srcset=\"https:\/\/guitares-et-luthiers.fr\/wp-content\/uploads\/2014\/02\/DSC_0035-300x200.jpg 300w, https:\/\/guitares-et-luthiers.fr\/wp-content\/uploads\/2014\/02\/DSC_0035-1024x682.jpg 1024w\" sizes=\"auto, (max-width: 300px) 100vw, 300px\" \/><\/a> <a href=\"https:\/\/guitares-et-luthiers.fr\/wp-content\/uploads\/2014\/02\/DSC_0033.jpg\" rel=\"lightbox[187]\"><img loading=\"lazy\" decoding=\"async\" class=\"alignnone size-medium wp-image-402\" src=\"https:\/\/guitares-et-luthiers.fr\/wp-content\/uploads\/2014\/02\/DSC_0033-300x200.jpg\" alt=\"Concert C9 Fouilleul 2012\" width=\"300\" height=\"200\" srcset=\"https:\/\/guitares-et-luthiers.fr\/wp-content\/uploads\/2014\/02\/DSC_0033-300x200.jpg 300w, https:\/\/guitares-et-luthiers.fr\/wp-content\/uploads\/2014\/02\/DSC_0033-1024x682.jpg 1024w\" sizes=\"auto, (max-width: 300px) 100vw, 300px\" \/><\/a> <a href=\"https:\/\/guitares-et-luthiers.fr\/wp-content\/uploads\/2014\/02\/P1080841.jpg\" rel=\"lightbox[187]\"><img loading=\"lazy\" decoding=\"async\" class=\"alignnone size-medium wp-image-401\" src=\"https:\/\/guitares-et-luthiers.fr\/wp-content\/uploads\/2014\/02\/P1080841-225x300.jpg\" alt=\"Concert C9 Fouilleul 2012\" width=\"225\" height=\"300\" srcset=\"https:\/\/guitares-et-luthiers.fr\/wp-content\/uploads\/2014\/02\/P1080841-225x300.jpg 225w, https:\/\/guitares-et-luthiers.fr\/wp-content\/uploads\/2014\/02\/P1080841-768x1024.jpg 768w, https:\/\/guitares-et-luthiers.fr\/wp-content\/uploads\/2014\/02\/P1080841.jpg 1728w\" sizes=\"auto, (max-width: 225px) 100vw, 225px\" \/><\/a> <a href=\"https:\/\/guitares-et-luthiers.fr\/wp-content\/uploads\/2014\/02\/P1080840.jpg\" rel=\"lightbox[187]\"><img loading=\"lazy\" decoding=\"async\" class=\"alignnone size-medium wp-image-400\" src=\"https:\/\/guitares-et-luthiers.fr\/wp-content\/uploads\/2014\/02\/P1080840-300x225.jpg\" alt=\"Concert C9 Fouilleul 2012\" width=\"300\" height=\"225\" srcset=\"https:\/\/guitares-et-luthiers.fr\/wp-content\/uploads\/2014\/02\/P1080840-300x225.jpg 300w, https:\/\/guitares-et-luthiers.fr\/wp-content\/uploads\/2014\/02\/P1080840-1024x768.jpg 1024w\" sizes=\"auto, (max-width: 300px) 100vw, 300px\" \/><\/a> <a href=\"https:\/\/guitares-et-luthiers.fr\/wp-content\/uploads\/2014\/02\/P1080837.jpg\" rel=\"lightbox[187]\"><img loading=\"lazy\" decoding=\"async\" class=\"alignnone size-medium wp-image-399\" src=\"https:\/\/guitares-et-luthiers.fr\/wp-content\/uploads\/2014\/02\/P1080837-300x225.jpg\" alt=\"Concert C9 Fouilleul 2012\" width=\"300\" height=\"225\" srcset=\"https:\/\/guitares-et-luthiers.fr\/wp-content\/uploads\/2014\/02\/P1080837-300x225.jpg 300w, https:\/\/guitares-et-luthiers.fr\/wp-content\/uploads\/2014\/02\/P1080837-1024x768.jpg 1024w\" sizes=\"auto, (max-width: 300px) 100vw, 300px\" \/><\/a><\/p>\n","protected":false},"excerpt":{"rendered":"<p>\u00a0\u00bb Koyunbaba 1 \u00a0\u00bb par C\u00e9cile Joly sur guitare Jean-Marie Fouilleul C9 \u00a0\u00bb Koyunbaba 2 \u00a0\u00bb par C\u00e9cile Joly sur guitare Jean-Marie Fouilleul C9 \u00a0\u00bb Koyunbaba 3 \u00a0\u00bb par C\u00e9cile Joly sur guitare Jean-Marie Fouilleul C9<\/p>\n","protected":false},"author":2,"featured_media":0,"parent":0,"menu_order":0,"comment_status":"open","ping_status":"open","template":"","meta":{"footnotes":""},"class_list":["post-187","page","type-page","status-publish","hentry"],"_links":{"self":[{"href":"https:\/\/guitares-et-luthiers.fr\/index.php?rest_route=\/wp\/v2\/pages\/187","targetHints":{"allow":["GET"]}}],"collection":[{"href":"https:\/\/guitares-et-luthiers.fr\/index.php?rest_route=\/wp\/v2\/pages"}],"about":[{"href":"https:\/\/guitares-et-luthiers.fr\/index.php?rest_route=\/wp\/v2\/types\/page"}],"author":[{"embeddable":true,"href":"https:\/\/guitares-et-luthiers.fr\/index.php?rest_route=\/wp\/v2\/users\/2"}],"replies":[{"embeddable":true,"href":"https:\/\/guitares-et-luthiers.fr\/index.php?rest_route=%2Fwp%2Fv2%2Fcomments&post=187"}],"version-history":[{"count":10,"href":"https:\/\/guitares-et-luthiers.fr\/index.php?rest_route=\/wp\/v2\/pages\/187\/revisions"}],"predecessor-version":[{"id":1555,"href":"https:\/\/guitares-et-luthiers.fr\/index.php?rest_route=\/wp\/v2\/pages\/187\/revisions\/1555"}],"wp:attachment":[{"href":"https:\/\/guitares-et-luthiers.fr\/index.php?rest_route=%2Fwp%2Fv2%2Fmedia&parent=187"}],"curies":[{"name":"wp","href":"https:\/\/api.w.org\/{rel}","templated":true}]}}