{"id":1901,"date":"2023-07-23T16:25:16","date_gmt":"2023-07-23T15:25:16","guid":{"rendered":"http:\/\/guitares-et-luthiers.fr\/?page_id=1901"},"modified":"2023-07-24T20:04:55","modified_gmt":"2023-07-24T19:04:55","slug":"vu-tran","status":"publish","type":"page","link":"https:\/\/guitares-et-luthiers.fr\/?page_id=1901","title":{"rendered":"VU TRAN"},"content":{"rendered":"\n<p><\/p>\n\n\n\n<p>Luthier : Tran Dinh Vu<\/p>\n\n\n\n<p>Mod\u00e8le : Gernot Wagner n\u00b0 250<\/p>\n\n\n\n<p>Ann\u00e9e : 2021 <\/p>\n\n\n\n<p>Bois :\u00a0 Dos et \u00e9clisses en palissandre indien, double table en Nomex \/ red cedar, manche acajou, touche en \u00e9b\u00e8ne de Macassar, diapason 650 mm , largeur de la touche 53, 8 mm.  Il s&rsquo;agit d&rsquo;une guitare tr\u00e8s puissante, avec une belle d\u00e9finition de toutes les cordes. <\/p>\n\n\n\n<p>Vu Tran est un luthier vietnamien. <\/p>\n\n\n\n<p>Tran guitars <\/p>\n\n\n\n<figure class=\"wp-block-gallery has-nested-images columns-default is-cropped wp-block-gallery-1 is-layout-flex wp-block-gallery-is-layout-flex\">\n<figure class=\"wp-block-image size-large\"><img loading=\"lazy\" decoding=\"async\" width=\"1024\" height=\"962\" data-id=\"1921\" src=\"https:\/\/guitares-et-luthiers.fr\/wp-content\/uploads\/2023\/07\/IMG_6121-1024x962.jpg\" alt=\"\" class=\"wp-image-1921\" srcset=\"https:\/\/guitares-et-luthiers.fr\/wp-content\/uploads\/2023\/07\/IMG_6121-1024x962.jpg 1024w, https:\/\/guitares-et-luthiers.fr\/wp-content\/uploads\/2023\/07\/IMG_6121-300x282.jpg 300w, https:\/\/guitares-et-luthiers.fr\/wp-content\/uploads\/2023\/07\/IMG_6121-768x722.jpg 768w, https:\/\/guitares-et-luthiers.fr\/wp-content\/uploads\/2023\/07\/IMG_6121-1536x1444.jpg 1536w, https:\/\/guitares-et-luthiers.fr\/wp-content\/uploads\/2023\/07\/IMG_6121-2048x1925.jpg 2048w\" sizes=\"auto, (max-width: 706px) 89vw, (max-width: 767px) 82vw, 740px\" \/><\/figure>\n\n\n\n<figure class=\"wp-block-image size-large\"><img loading=\"lazy\" decoding=\"async\" width=\"791\" height=\"1024\" data-id=\"1924\" src=\"https:\/\/guitares-et-luthiers.fr\/wp-content\/uploads\/2023\/07\/IMG_6125-791x1024.jpg\" alt=\"\" class=\"wp-image-1924\" srcset=\"https:\/\/guitares-et-luthiers.fr\/wp-content\/uploads\/2023\/07\/IMG_6125-791x1024.jpg 791w, https:\/\/guitares-et-luthiers.fr\/wp-content\/uploads\/2023\/07\/IMG_6125-232x300.jpg 232w, https:\/\/guitares-et-luthiers.fr\/wp-content\/uploads\/2023\/07\/IMG_6125-768x994.jpg 768w, https:\/\/guitares-et-luthiers.fr\/wp-content\/uploads\/2023\/07\/IMG_6125-1186x1536.jpg 1186w, https:\/\/guitares-et-luthiers.fr\/wp-content\/uploads\/2023\/07\/IMG_6125-1582x2048.jpg 1582w, https:\/\/guitares-et-luthiers.fr\/wp-content\/uploads\/2023\/07\/IMG_6125-scaled.jpg 1977w\" sizes=\"auto, (max-width: 706px) 89vw, (max-width: 767px) 82vw, 740px\" \/><\/figure>\n\n\n\n<figure class=\"wp-block-image size-large\"><img loading=\"lazy\" decoding=\"async\" width=\"768\" height=\"1024\" data-id=\"1935\" src=\"https:\/\/guitares-et-luthiers.fr\/wp-content\/uploads\/2023\/07\/IMG_6136-768x1024.jpg\" alt=\"\" class=\"wp-image-1935\" srcset=\"https:\/\/guitares-et-luthiers.fr\/wp-content\/uploads\/2023\/07\/IMG_6136-768x1024.jpg 768w, https:\/\/guitares-et-luthiers.fr\/wp-content\/uploads\/2023\/07\/IMG_6136-225x300.jpg 225w, https:\/\/guitares-et-luthiers.fr\/wp-content\/uploads\/2023\/07\/IMG_6136-1152x1536.jpg 1152w, https:\/\/guitares-et-luthiers.fr\/wp-content\/uploads\/2023\/07\/IMG_6136-1536x2048.jpg 1536w, https:\/\/guitares-et-luthiers.fr\/wp-content\/uploads\/2023\/07\/IMG_6136.jpg 1637w\" sizes=\"auto, (max-width: 706px) 89vw, (max-width: 767px) 82vw, 740px\" \/><\/figure>\n\n\n\n<figure class=\"wp-block-image size-large\"><img loading=\"lazy\" decoding=\"async\" width=\"674\" height=\"1024\" data-id=\"1927\" src=\"https:\/\/guitares-et-luthiers.fr\/wp-content\/uploads\/2023\/07\/IMG_6128-674x1024.jpg\" alt=\"\" class=\"wp-image-1927\" srcset=\"https:\/\/guitares-et-luthiers.fr\/wp-content\/uploads\/2023\/07\/IMG_6128-674x1024.jpg 674w, https:\/\/guitares-et-luthiers.fr\/wp-content\/uploads\/2023\/07\/IMG_6128-197x300.jpg 197w, https:\/\/guitares-et-luthiers.fr\/wp-content\/uploads\/2023\/07\/IMG_6128-768x1168.jpg 768w, https:\/\/guitares-et-luthiers.fr\/wp-content\/uploads\/2023\/07\/IMG_6128-1010x1536.jpg 1010w, https:\/\/guitares-et-luthiers.fr\/wp-content\/uploads\/2023\/07\/IMG_6128-1347x2048.jpg 1347w, https:\/\/guitares-et-luthiers.fr\/wp-content\/uploads\/2023\/07\/IMG_6128-scaled.jpg 1684w\" sizes=\"auto, (max-width: 674px) 100vw, 674px\" \/><\/figure>\n\n\n\n<figure class=\"wp-block-image size-large\"><img loading=\"lazy\" decoding=\"async\" width=\"704\" height=\"1024\" data-id=\"1934\" src=\"https:\/\/guitares-et-luthiers.fr\/wp-content\/uploads\/2023\/07\/IMG_6135-704x1024.jpg\" alt=\"\" class=\"wp-image-1934\" srcset=\"https:\/\/guitares-et-luthiers.fr\/wp-content\/uploads\/2023\/07\/IMG_6135-704x1024.jpg 704w, https:\/\/guitares-et-luthiers.fr\/wp-content\/uploads\/2023\/07\/IMG_6135-206x300.jpg 206w, https:\/\/guitares-et-luthiers.fr\/wp-content\/uploads\/2023\/07\/IMG_6135-768x1117.jpg 768w, https:\/\/guitares-et-luthiers.fr\/wp-content\/uploads\/2023\/07\/IMG_6135-1056x1536.jpg 1056w, https:\/\/guitares-et-luthiers.fr\/wp-content\/uploads\/2023\/07\/IMG_6135-1408x2048.jpg 1408w, https:\/\/guitares-et-luthiers.fr\/wp-content\/uploads\/2023\/07\/IMG_6135-scaled.jpg 1759w\" sizes=\"auto, (max-width: 704px) 100vw, 704px\" \/><\/figure>\n\n\n\n<figure class=\"wp-block-image size-large\"><img loading=\"lazy\" decoding=\"async\" width=\"642\" height=\"1024\" data-id=\"1933\" src=\"https:\/\/guitares-et-luthiers.fr\/wp-content\/uploads\/2023\/07\/IMG_6134-642x1024.jpg\" alt=\"\" class=\"wp-image-1933\" srcset=\"https:\/\/guitares-et-luthiers.fr\/wp-content\/uploads\/2023\/07\/IMG_6134-642x1024.jpg 642w, https:\/\/guitares-et-luthiers.fr\/wp-content\/uploads\/2023\/07\/IMG_6134-188x300.jpg 188w, https:\/\/guitares-et-luthiers.fr\/wp-content\/uploads\/2023\/07\/IMG_6134-768x1226.jpg 768w, https:\/\/guitares-et-luthiers.fr\/wp-content\/uploads\/2023\/07\/IMG_6134-962x1536.jpg 962w, https:\/\/guitares-et-luthiers.fr\/wp-content\/uploads\/2023\/07\/IMG_6134-1283x2048.jpg 1283w, https:\/\/guitares-et-luthiers.fr\/wp-content\/uploads\/2023\/07\/IMG_6134-scaled.jpg 1604w\" sizes=\"auto, (max-width: 642px) 100vw, 642px\" \/><\/figure>\n\n\n\n<figure class=\"wp-block-image size-large\"><img loading=\"lazy\" decoding=\"async\" width=\"611\" height=\"1024\" data-id=\"1928\" src=\"https:\/\/guitares-et-luthiers.fr\/wp-content\/uploads\/2023\/07\/IMG_6129-611x1024.jpg\" alt=\"\" class=\"wp-image-1928\" srcset=\"https:\/\/guitares-et-luthiers.fr\/wp-content\/uploads\/2023\/07\/IMG_6129-611x1024.jpg 611w, https:\/\/guitares-et-luthiers.fr\/wp-content\/uploads\/2023\/07\/IMG_6129-179x300.jpg 179w, https:\/\/guitares-et-luthiers.fr\/wp-content\/uploads\/2023\/07\/IMG_6129-768x1288.jpg 768w, https:\/\/guitares-et-luthiers.fr\/wp-content\/uploads\/2023\/07\/IMG_6129-916x1536.jpg 916w, https:\/\/guitares-et-luthiers.fr\/wp-content\/uploads\/2023\/07\/IMG_6129-1221x2048.jpg 1221w, https:\/\/guitares-et-luthiers.fr\/wp-content\/uploads\/2023\/07\/IMG_6129-scaled.jpg 1527w\" sizes=\"auto, (max-width: 611px) 100vw, 611px\" \/><\/figure>\n\n\n\n<figure class=\"wp-block-image size-large\"><img loading=\"lazy\" decoding=\"async\" width=\"549\" height=\"1024\" data-id=\"1932\" src=\"https:\/\/guitares-et-luthiers.fr\/wp-content\/uploads\/2023\/07\/IMG_6133-549x1024.jpg\" alt=\"\" class=\"wp-image-1932\" srcset=\"https:\/\/guitares-et-luthiers.fr\/wp-content\/uploads\/2023\/07\/IMG_6133-549x1024.jpg 549w, https:\/\/guitares-et-luthiers.fr\/wp-content\/uploads\/2023\/07\/IMG_6133-161x300.jpg 161w, https:\/\/guitares-et-luthiers.fr\/wp-content\/uploads\/2023\/07\/IMG_6133-768x1433.jpg 768w, https:\/\/guitares-et-luthiers.fr\/wp-content\/uploads\/2023\/07\/IMG_6133-823x1536.jpg 823w, https:\/\/guitares-et-luthiers.fr\/wp-content\/uploads\/2023\/07\/IMG_6133-1097x2048.jpg 1097w, https:\/\/guitares-et-luthiers.fr\/wp-content\/uploads\/2023\/07\/IMG_6133-scaled.jpg 1372w\" sizes=\"auto, (max-width: 549px) 100vw, 549px\" \/><\/figure>\n\n\n\n<figure class=\"wp-block-image size-large\"><img loading=\"lazy\" decoding=\"async\" width=\"758\" height=\"1024\" data-id=\"1931\" src=\"https:\/\/guitares-et-luthiers.fr\/wp-content\/uploads\/2023\/07\/IMG_6132-758x1024.jpg\" alt=\"\" class=\"wp-image-1931\" srcset=\"https:\/\/guitares-et-luthiers.fr\/wp-content\/uploads\/2023\/07\/IMG_6132-758x1024.jpg 758w, https:\/\/guitares-et-luthiers.fr\/wp-content\/uploads\/2023\/07\/IMG_6132-222x300.jpg 222w, https:\/\/guitares-et-luthiers.fr\/wp-content\/uploads\/2023\/07\/IMG_6132-768x1037.jpg 768w, https:\/\/guitares-et-luthiers.fr\/wp-content\/uploads\/2023\/07\/IMG_6132-1137x1536.jpg 1137w, https:\/\/guitares-et-luthiers.fr\/wp-content\/uploads\/2023\/07\/IMG_6132-1516x2048.jpg 1516w, https:\/\/guitares-et-luthiers.fr\/wp-content\/uploads\/2023\/07\/IMG_6132-scaled.jpg 1895w\" sizes=\"auto, (max-width: 706px) 89vw, (max-width: 767px) 82vw, 740px\" \/><\/figure>\n\n\n\n<figure class=\"wp-block-image size-large\"><img loading=\"lazy\" decoding=\"async\" width=\"1024\" height=\"738\" data-id=\"1922\" src=\"https:\/\/guitares-et-luthiers.fr\/wp-content\/uploads\/2023\/07\/IMG_6122-1024x738.jpg\" alt=\"\" class=\"wp-image-1922\" srcset=\"https:\/\/guitares-et-luthiers.fr\/wp-content\/uploads\/2023\/07\/IMG_6122-1024x738.jpg 1024w, https:\/\/guitares-et-luthiers.fr\/wp-content\/uploads\/2023\/07\/IMG_6122-300x216.jpg 300w, https:\/\/guitares-et-luthiers.fr\/wp-content\/uploads\/2023\/07\/IMG_6122-768x554.jpg 768w, https:\/\/guitares-et-luthiers.fr\/wp-content\/uploads\/2023\/07\/IMG_6122-1536x1107.jpg 1536w, https:\/\/guitares-et-luthiers.fr\/wp-content\/uploads\/2023\/07\/IMG_6122-2048x1476.jpg 2048w\" sizes=\"auto, (max-width: 706px) 89vw, (max-width: 767px) 82vw, 740px\" \/><\/figure>\n\n\n\n<figure class=\"wp-block-image size-large\"><img loading=\"lazy\" decoding=\"async\" width=\"887\" height=\"1024\" data-id=\"1930\" src=\"https:\/\/guitares-et-luthiers.fr\/wp-content\/uploads\/2023\/07\/IMG_6131-887x1024.jpg\" alt=\"\" class=\"wp-image-1930\" srcset=\"https:\/\/guitares-et-luthiers.fr\/wp-content\/uploads\/2023\/07\/IMG_6131-887x1024.jpg 887w, https:\/\/guitares-et-luthiers.fr\/wp-content\/uploads\/2023\/07\/IMG_6131-260x300.jpg 260w, https:\/\/guitares-et-luthiers.fr\/wp-content\/uploads\/2023\/07\/IMG_6131-768x887.jpg 768w, https:\/\/guitares-et-luthiers.fr\/wp-content\/uploads\/2023\/07\/IMG_6131-1331x1536.jpg 1331w, https:\/\/guitares-et-luthiers.fr\/wp-content\/uploads\/2023\/07\/IMG_6131-1774x2048.jpg 1774w\" sizes=\"auto, (max-width: 706px) 89vw, (max-width: 767px) 82vw, 740px\" \/><\/figure>\n\n\n\n<figure class=\"wp-block-image size-large\"><img loading=\"lazy\" decoding=\"async\" width=\"468\" height=\"1024\" data-id=\"1925\" src=\"https:\/\/guitares-et-luthiers.fr\/wp-content\/uploads\/2023\/07\/IMG_6126-468x1024.jpg\" alt=\"\" class=\"wp-image-1925\" srcset=\"https:\/\/guitares-et-luthiers.fr\/wp-content\/uploads\/2023\/07\/IMG_6126-468x1024.jpg 468w, https:\/\/guitares-et-luthiers.fr\/wp-content\/uploads\/2023\/07\/IMG_6126-137x300.jpg 137w, https:\/\/guitares-et-luthiers.fr\/wp-content\/uploads\/2023\/07\/IMG_6126-768x1681.jpg 768w, https:\/\/guitares-et-luthiers.fr\/wp-content\/uploads\/2023\/07\/IMG_6126-702x1536.jpg 702w, https:\/\/guitares-et-luthiers.fr\/wp-content\/uploads\/2023\/07\/IMG_6126-936x2048.jpg 936w, https:\/\/guitares-et-luthiers.fr\/wp-content\/uploads\/2023\/07\/IMG_6126-scaled.jpg 1170w\" sizes=\"auto, (max-width: 468px) 100vw, 468px\" \/><\/figure>\n\n\n\n<figure class=\"wp-block-image size-large\"><img loading=\"lazy\" decoding=\"async\" width=\"777\" height=\"1024\" data-id=\"1929\" src=\"https:\/\/guitares-et-luthiers.fr\/wp-content\/uploads\/2023\/07\/IMG_6130-777x1024.jpg\" alt=\"\" class=\"wp-image-1929\" srcset=\"https:\/\/guitares-et-luthiers.fr\/wp-content\/uploads\/2023\/07\/IMG_6130-777x1024.jpg 777w, https:\/\/guitares-et-luthiers.fr\/wp-content\/uploads\/2023\/07\/IMG_6130-228x300.jpg 228w, https:\/\/guitares-et-luthiers.fr\/wp-content\/uploads\/2023\/07\/IMG_6130-768x1012.jpg 768w, https:\/\/guitares-et-luthiers.fr\/wp-content\/uploads\/2023\/07\/IMG_6130-1166x1536.jpg 1166w, https:\/\/guitares-et-luthiers.fr\/wp-content\/uploads\/2023\/07\/IMG_6130-1555x2048.jpg 1555w, https:\/\/guitares-et-luthiers.fr\/wp-content\/uploads\/2023\/07\/IMG_6130-scaled.jpg 1944w\" sizes=\"auto, (max-width: 706px) 89vw, (max-width: 767px) 82vw, 740px\" \/><\/figure>\n\n\n\n<figure class=\"wp-block-image size-large\"><img loading=\"lazy\" decoding=\"async\" width=\"550\" height=\"1024\" data-id=\"1926\" src=\"https:\/\/guitares-et-luthiers.fr\/wp-content\/uploads\/2023\/07\/IMG_6127-550x1024.jpg\" alt=\"\" class=\"wp-image-1926\" srcset=\"https:\/\/guitares-et-luthiers.fr\/wp-content\/uploads\/2023\/07\/IMG_6127-550x1024.jpg 550w, https:\/\/guitares-et-luthiers.fr\/wp-content\/uploads\/2023\/07\/IMG_6127-161x300.jpg 161w, https:\/\/guitares-et-luthiers.fr\/wp-content\/uploads\/2023\/07\/IMG_6127-768x1431.jpg 768w, https:\/\/guitares-et-luthiers.fr\/wp-content\/uploads\/2023\/07\/IMG_6127-824x1536.jpg 824w, https:\/\/guitares-et-luthiers.fr\/wp-content\/uploads\/2023\/07\/IMG_6127-1099x2048.jpg 1099w, https:\/\/guitares-et-luthiers.fr\/wp-content\/uploads\/2023\/07\/IMG_6127-scaled.jpg 1374w\" sizes=\"auto, (max-width: 550px) 100vw, 550px\" \/><\/figure>\n\n\n\n<figure class=\"wp-block-image size-large\"><img loading=\"lazy\" decoding=\"async\" width=\"1024\" height=\"288\" data-id=\"1923\" src=\"https:\/\/guitares-et-luthiers.fr\/wp-content\/uploads\/2023\/07\/IMG_6123-1024x288.jpg\" alt=\"\" class=\"wp-image-1923\" srcset=\"https:\/\/guitares-et-luthiers.fr\/wp-content\/uploads\/2023\/07\/IMG_6123-1024x288.jpg 1024w, https:\/\/guitares-et-luthiers.fr\/wp-content\/uploads\/2023\/07\/IMG_6123-300x84.jpg 300w, https:\/\/guitares-et-luthiers.fr\/wp-content\/uploads\/2023\/07\/IMG_6123-768x216.jpg 768w, https:\/\/guitares-et-luthiers.fr\/wp-content\/uploads\/2023\/07\/IMG_6123-1536x432.jpg 1536w, https:\/\/guitares-et-luthiers.fr\/wp-content\/uploads\/2023\/07\/IMG_6123-2048x576.jpg 2048w\" sizes=\"auto, (max-width: 706px) 89vw, (max-width: 767px) 82vw, 740px\" \/><\/figure>\n<\/figure>\n","protected":false},"excerpt":{"rendered":"<p>Luthier : Tran Dinh Vu Mod\u00e8le : Gernot Wagner n\u00b0 250 Ann\u00e9e : 2021 Bois :\u00a0 Dos et \u00e9clisses en palissandre indien, double table en Nomex \/ red cedar, manche acajou, touche en \u00e9b\u00e8ne de Macassar, diapason 650 mm , largeur de la touche 53, 8 mm. Il s&rsquo;agit d&rsquo;une guitare tr\u00e8s puissante, avec une &hellip; <\/p>\n<p class=\"link-more\"><a href=\"https:\/\/guitares-et-luthiers.fr\/?page_id=1901\" class=\"more-link\">Continuer la lecture<span class=\"screen-reader-text\"> de &laquo;&nbsp;VU TRAN&nbsp;&raquo;<\/span><\/a><\/p>\n","protected":false},"author":2,"featured_media":0,"parent":0,"menu_order":0,"comment_status":"closed","ping_status":"closed","template":"","meta":{"footnotes":""},"class_list":["post-1901","page","type-page","status-publish","hentry"],"_links":{"self":[{"href":"https:\/\/guitares-et-luthiers.fr\/index.php?rest_route=\/wp\/v2\/pages\/1901","targetHints":{"allow":["GET"]}}],"collection":[{"href":"https:\/\/guitares-et-luthiers.fr\/index.php?rest_route=\/wp\/v2\/pages"}],"about":[{"href":"https:\/\/guitares-et-luthiers.fr\/index.php?rest_route=\/wp\/v2\/types\/page"}],"author":[{"embeddable":true,"href":"https:\/\/guitares-et-luthiers.fr\/index.php?rest_route=\/wp\/v2\/users\/2"}],"replies":[{"embeddable":true,"href":"https:\/\/guitares-et-luthiers.fr\/index.php?rest_route=%2Fwp%2Fv2%2Fcomments&post=1901"}],"version-history":[{"count":4,"href":"https:\/\/guitares-et-luthiers.fr\/index.php?rest_route=\/wp\/v2\/pages\/1901\/revisions"}],"predecessor-version":[{"id":1940,"href":"https:\/\/guitares-et-luthiers.fr\/index.php?rest_route=\/wp\/v2\/pages\/1901\/revisions\/1940"}],"wp:attachment":[{"href":"https:\/\/guitares-et-luthiers.fr\/index.php?rest_route=%2Fwp%2Fv2%2Fmedia&parent=1901"}],"curies":[{"name":"wp","href":"https:\/\/api.w.org\/{rel}","templated":true}]}}