{"id":1944,"date":"2023-08-04T17:30:34","date_gmt":"2023-08-04T16:30:34","guid":{"rendered":"http:\/\/guitares-et-luthiers.fr\/?page_id=1944"},"modified":"2023-08-04T17:48:21","modified_gmt":"2023-08-04T16:48:21","slug":"agron-llanaj","status":"publish","type":"page","link":"https:\/\/guitares-et-luthiers.fr\/?page_id=1944","title":{"rendered":"AGRON LLANAJ"},"content":{"rendered":"\n<p>Luthier : Agron Llanaj <\/p>\n\n\n\n<p>Ann\u00e9e :&nbsp;2013       n\u00b0 2894<\/p>\n\n\n\n<p>Diapason 650 mm<\/p>\n\n\n\n<p>Bois : double table en red cedar vernie au tampon, dos et \u00e9clisses en palissandre, touche sur\u00e9lev\u00e9e en \u00e9b\u00e8ne ( avec 20 \u00e8me frette) . <\/p>\n\n\n\n<p>1730 grammes .  M\u00e9caniques Gotoh mod\u00e8le 35G510 avec plaques estamp\u00e9es et boutons noirs<\/p>\n\n\n\n<p>Il s&rsquo;agit d&rsquo;une production d&rsquo;atelier  de guitares \u00e0 table sandwich con\u00e7ues par Toni M\u00fcller, qui sont tr\u00e8s demand\u00e9es. De nombreux guitaristes professionnels jouent sur ces guitares tels que Aniello Desiderio, Sharon Isbin, Scott Tenant, Thomas Kirchoff, Dave Kavanagh, le duo Eden-Stell, Hubert Kapell et bien d&rsquo;autres . La liste d&rsquo;attente pour ces guitares  fabriqu\u00e9es par Toni M\u00fcller est d&rsquo;au moins 6 ans et celles de construction identiques, comme celle-ci, fabriqu\u00e9e dans le m\u00eame atelier par son assistant  Agron Llanaj d&rsquo;environ 2 ans.  <\/p>\n\n\n\n<p>Guitare tr\u00e8s puissante, avec un timbre proche d&rsquo;un timbre traditionnel. L&rsquo;\u00e9quilibre entre les graves les m\u00e9diums  et les aig\u00fces est tr\u00e8s bon, tout comme le sustain, la clart\u00e9 et la jouabilit\u00e9. Son chaud, rond et clair.  Facilit\u00e9 de jeu.<br>La projection sonore est remarquable, le son est pr\u00e9cis, clair et \u00e9quilibr\u00e9. Mod\u00e8le pr\u00e9sent\u00e9 lors d&rsquo;expositions pour pr\u00e9senter le design et le son de Toni M\u00fcller. <br>Avec \u00e9tui.&nbsp;<\/p>\n\n\n\n<figure class=\"wp-block-gallery has-nested-images columns-default is-cropped wp-block-gallery-1 is-layout-flex wp-block-gallery-is-layout-flex\">\n<figure class=\"wp-block-image size-large\"><img loading=\"lazy\" decoding=\"async\" width=\"1024\" height=\"982\" data-id=\"1949\" src=\"https:\/\/guitares-et-luthiers.fr\/wp-content\/uploads\/2023\/08\/IMG_0149-1024x982.jpg\" alt=\"\" class=\"wp-image-1949\" srcset=\"https:\/\/guitares-et-luthiers.fr\/wp-content\/uploads\/2023\/08\/IMG_0149-1024x982.jpg 1024w, https:\/\/guitares-et-luthiers.fr\/wp-content\/uploads\/2023\/08\/IMG_0149-300x288.jpg 300w, https:\/\/guitares-et-luthiers.fr\/wp-content\/uploads\/2023\/08\/IMG_0149-768x737.jpg 768w, https:\/\/guitares-et-luthiers.fr\/wp-content\/uploads\/2023\/08\/IMG_0149-1536x1473.jpg 1536w, https:\/\/guitares-et-luthiers.fr\/wp-content\/uploads\/2023\/08\/IMG_0149-2048x1964.jpg 2048w\" sizes=\"auto, (max-width: 706px) 89vw, (max-width: 767px) 82vw, 740px\" \/><\/figure>\n\n\n\n<figure class=\"wp-block-image size-large\"><img loading=\"lazy\" decoding=\"async\" width=\"719\" height=\"1024\" data-id=\"1951\" src=\"https:\/\/guitares-et-luthiers.fr\/wp-content\/uploads\/2023\/08\/IMG_6144-719x1024.jpg\" alt=\"\" class=\"wp-image-1951\" srcset=\"https:\/\/guitares-et-luthiers.fr\/wp-content\/uploads\/2023\/08\/IMG_6144-719x1024.jpg 719w, https:\/\/guitares-et-luthiers.fr\/wp-content\/uploads\/2023\/08\/IMG_6144-211x300.jpg 211w, https:\/\/guitares-et-luthiers.fr\/wp-content\/uploads\/2023\/08\/IMG_6144-768x1093.jpg 768w, https:\/\/guitares-et-luthiers.fr\/wp-content\/uploads\/2023\/08\/IMG_6144-1079x1536.jpg 1079w, https:\/\/guitares-et-luthiers.fr\/wp-content\/uploads\/2023\/08\/IMG_6144-1439x2048.jpg 1439w, https:\/\/guitares-et-luthiers.fr\/wp-content\/uploads\/2023\/08\/IMG_6144-scaled.jpg 1799w\" sizes=\"auto, (max-width: 719px) 100vw, 719px\" \/><\/figure>\n\n\n\n<figure class=\"wp-block-image size-large\"><img loading=\"lazy\" decoding=\"async\" width=\"960\" height=\"1024\" data-id=\"1961\" src=\"https:\/\/guitares-et-luthiers.fr\/wp-content\/uploads\/2023\/08\/IMG_6155-960x1024.jpg\" alt=\"\" class=\"wp-image-1961\" srcset=\"https:\/\/guitares-et-luthiers.fr\/wp-content\/uploads\/2023\/08\/IMG_6155-960x1024.jpg 960w, https:\/\/guitares-et-luthiers.fr\/wp-content\/uploads\/2023\/08\/IMG_6155-281x300.jpg 281w, https:\/\/guitares-et-luthiers.fr\/wp-content\/uploads\/2023\/08\/IMG_6155-768x819.jpg 768w, https:\/\/guitares-et-luthiers.fr\/wp-content\/uploads\/2023\/08\/IMG_6155-1440x1536.jpg 1440w, https:\/\/guitares-et-luthiers.fr\/wp-content\/uploads\/2023\/08\/IMG_6155-1920x2048.jpg 1920w\" sizes=\"auto, (max-width: 706px) 89vw, (max-width: 767px) 82vw, 740px\" \/><\/figure>\n\n\n\n<figure class=\"wp-block-image size-large\"><img loading=\"lazy\" decoding=\"async\" width=\"621\" height=\"1024\" data-id=\"1960\" src=\"https:\/\/guitares-et-luthiers.fr\/wp-content\/uploads\/2023\/08\/IMG_6153-621x1024.jpg\" alt=\"\" class=\"wp-image-1960\" srcset=\"https:\/\/guitares-et-luthiers.fr\/wp-content\/uploads\/2023\/08\/IMG_6153-621x1024.jpg 621w, https:\/\/guitares-et-luthiers.fr\/wp-content\/uploads\/2023\/08\/IMG_6153-182x300.jpg 182w, https:\/\/guitares-et-luthiers.fr\/wp-content\/uploads\/2023\/08\/IMG_6153-768x1267.jpg 768w, https:\/\/guitares-et-luthiers.fr\/wp-content\/uploads\/2023\/08\/IMG_6153-931x1536.jpg 931w, https:\/\/guitares-et-luthiers.fr\/wp-content\/uploads\/2023\/08\/IMG_6153-1241x2048.jpg 1241w, https:\/\/guitares-et-luthiers.fr\/wp-content\/uploads\/2023\/08\/IMG_6153-scaled.jpg 1551w\" sizes=\"auto, (max-width: 621px) 100vw, 621px\" \/><\/figure>\n\n\n\n<figure class=\"wp-block-image size-large\"><img loading=\"lazy\" decoding=\"async\" width=\"574\" height=\"1024\" data-id=\"1955\" src=\"https:\/\/guitares-et-luthiers.fr\/wp-content\/uploads\/2023\/08\/IMG_6148-574x1024.jpg\" alt=\"\" class=\"wp-image-1955\" srcset=\"https:\/\/guitares-et-luthiers.fr\/wp-content\/uploads\/2023\/08\/IMG_6148-574x1024.jpg 574w, https:\/\/guitares-et-luthiers.fr\/wp-content\/uploads\/2023\/08\/IMG_6148-168x300.jpg 168w, https:\/\/guitares-et-luthiers.fr\/wp-content\/uploads\/2023\/08\/IMG_6148-768x1370.jpg 768w, https:\/\/guitares-et-luthiers.fr\/wp-content\/uploads\/2023\/08\/IMG_6148-861x1536.jpg 861w, https:\/\/guitares-et-luthiers.fr\/wp-content\/uploads\/2023\/08\/IMG_6148-1148x2048.jpg 1148w, https:\/\/guitares-et-luthiers.fr\/wp-content\/uploads\/2023\/08\/IMG_6148-scaled.jpg 1435w\" sizes=\"auto, (max-width: 574px) 100vw, 574px\" \/><\/figure>\n\n\n\n<figure class=\"wp-block-image size-large\"><img loading=\"lazy\" decoding=\"async\" width=\"859\" height=\"1024\" data-id=\"1959\" src=\"https:\/\/guitares-et-luthiers.fr\/wp-content\/uploads\/2023\/08\/IMG_6152-859x1024.jpg\" alt=\"\" class=\"wp-image-1959\" srcset=\"https:\/\/guitares-et-luthiers.fr\/wp-content\/uploads\/2023\/08\/IMG_6152-859x1024.jpg 859w, https:\/\/guitares-et-luthiers.fr\/wp-content\/uploads\/2023\/08\/IMG_6152-252x300.jpg 252w, https:\/\/guitares-et-luthiers.fr\/wp-content\/uploads\/2023\/08\/IMG_6152-768x916.jpg 768w, https:\/\/guitares-et-luthiers.fr\/wp-content\/uploads\/2023\/08\/IMG_6152-1288x1536.jpg 1288w, https:\/\/guitares-et-luthiers.fr\/wp-content\/uploads\/2023\/08\/IMG_6152-1717x2048.jpg 1717w\" sizes=\"auto, (max-width: 706px) 89vw, (max-width: 767px) 82vw, 740px\" \/><\/figure>\n\n\n\n<figure class=\"wp-block-image size-large\"><img loading=\"lazy\" decoding=\"async\" width=\"767\" height=\"1024\" data-id=\"1958\" src=\"https:\/\/guitares-et-luthiers.fr\/wp-content\/uploads\/2023\/08\/IMG_6151-767x1024.jpg\" alt=\"\" class=\"wp-image-1958\" srcset=\"https:\/\/guitares-et-luthiers.fr\/wp-content\/uploads\/2023\/08\/IMG_6151-767x1024.jpg 767w, https:\/\/guitares-et-luthiers.fr\/wp-content\/uploads\/2023\/08\/IMG_6151-225x300.jpg 225w, https:\/\/guitares-et-luthiers.fr\/wp-content\/uploads\/2023\/08\/IMG_6151-768x1025.jpg 768w, https:\/\/guitares-et-luthiers.fr\/wp-content\/uploads\/2023\/08\/IMG_6151-1151x1536.jpg 1151w, https:\/\/guitares-et-luthiers.fr\/wp-content\/uploads\/2023\/08\/IMG_6151-1535x2048.jpg 1535w, https:\/\/guitares-et-luthiers.fr\/wp-content\/uploads\/2023\/08\/IMG_6151-scaled.jpg 1918w\" sizes=\"auto, (max-width: 706px) 89vw, (max-width: 767px) 82vw, 740px\" \/><\/figure>\n\n\n\n<figure class=\"wp-block-image size-large\"><img loading=\"lazy\" decoding=\"async\" width=\"542\" height=\"1024\" data-id=\"1954\" src=\"https:\/\/guitares-et-luthiers.fr\/wp-content\/uploads\/2023\/08\/IMG_6147-542x1024.jpg\" alt=\"\" class=\"wp-image-1954\" srcset=\"https:\/\/guitares-et-luthiers.fr\/wp-content\/uploads\/2023\/08\/IMG_6147-542x1024.jpg 542w, https:\/\/guitares-et-luthiers.fr\/wp-content\/uploads\/2023\/08\/IMG_6147-159x300.jpg 159w, https:\/\/guitares-et-luthiers.fr\/wp-content\/uploads\/2023\/08\/IMG_6147-768x1451.jpg 768w, https:\/\/guitares-et-luthiers.fr\/wp-content\/uploads\/2023\/08\/IMG_6147-813x1536.jpg 813w, https:\/\/guitares-et-luthiers.fr\/wp-content\/uploads\/2023\/08\/IMG_6147-1084x2048.jpg 1084w, https:\/\/guitares-et-luthiers.fr\/wp-content\/uploads\/2023\/08\/IMG_6147-scaled.jpg 1355w\" sizes=\"auto, (max-width: 542px) 100vw, 542px\" \/><\/figure>\n\n\n\n<figure class=\"wp-block-image size-large\"><img loading=\"lazy\" decoding=\"async\" width=\"767\" height=\"1024\" data-id=\"1957\" src=\"https:\/\/guitares-et-luthiers.fr\/wp-content\/uploads\/2023\/08\/IMG_6150-767x1024.jpg\" alt=\"\" class=\"wp-image-1957\" srcset=\"https:\/\/guitares-et-luthiers.fr\/wp-content\/uploads\/2023\/08\/IMG_6150-767x1024.jpg 767w, https:\/\/guitares-et-luthiers.fr\/wp-content\/uploads\/2023\/08\/IMG_6150-225x300.jpg 225w, https:\/\/guitares-et-luthiers.fr\/wp-content\/uploads\/2023\/08\/IMG_6150-768x1025.jpg 768w, https:\/\/guitares-et-luthiers.fr\/wp-content\/uploads\/2023\/08\/IMG_6150-1151x1536.jpg 1151w, https:\/\/guitares-et-luthiers.fr\/wp-content\/uploads\/2023\/08\/IMG_6150-1534x2048.jpg 1534w, https:\/\/guitares-et-luthiers.fr\/wp-content\/uploads\/2023\/08\/IMG_6150-scaled.jpg 1918w\" sizes=\"auto, (max-width: 706px) 89vw, (max-width: 767px) 82vw, 740px\" \/><\/figure>\n\n\n\n<figure class=\"wp-block-image size-large\"><img loading=\"lazy\" decoding=\"async\" width=\"705\" height=\"1024\" data-id=\"1952\" src=\"https:\/\/guitares-et-luthiers.fr\/wp-content\/uploads\/2023\/08\/IMG_6145-705x1024.jpg\" alt=\"\" class=\"wp-image-1952\" srcset=\"https:\/\/guitares-et-luthiers.fr\/wp-content\/uploads\/2023\/08\/IMG_6145-705x1024.jpg 705w, https:\/\/guitares-et-luthiers.fr\/wp-content\/uploads\/2023\/08\/IMG_6145-207x300.jpg 207w, https:\/\/guitares-et-luthiers.fr\/wp-content\/uploads\/2023\/08\/IMG_6145-768x1115.jpg 768w, https:\/\/guitares-et-luthiers.fr\/wp-content\/uploads\/2023\/08\/IMG_6145-1058x1536.jpg 1058w, https:\/\/guitares-et-luthiers.fr\/wp-content\/uploads\/2023\/08\/IMG_6145-1410x2048.jpg 1410w, https:\/\/guitares-et-luthiers.fr\/wp-content\/uploads\/2023\/08\/IMG_6145-scaled.jpg 1763w\" sizes=\"auto, (max-width: 705px) 100vw, 705px\" \/><\/figure>\n\n\n\n<figure class=\"wp-block-image size-large\"><img loading=\"lazy\" decoding=\"async\" width=\"696\" height=\"1024\" data-id=\"1956\" src=\"https:\/\/guitares-et-luthiers.fr\/wp-content\/uploads\/2023\/08\/IMG_6149-696x1024.jpg\" alt=\"\" class=\"wp-image-1956\" srcset=\"https:\/\/guitares-et-luthiers.fr\/wp-content\/uploads\/2023\/08\/IMG_6149-696x1024.jpg 696w, https:\/\/guitares-et-luthiers.fr\/wp-content\/uploads\/2023\/08\/IMG_6149-204x300.jpg 204w, https:\/\/guitares-et-luthiers.fr\/wp-content\/uploads\/2023\/08\/IMG_6149-768x1130.jpg 768w, https:\/\/guitares-et-luthiers.fr\/wp-content\/uploads\/2023\/08\/IMG_6149-1044x1536.jpg 1044w, https:\/\/guitares-et-luthiers.fr\/wp-content\/uploads\/2023\/08\/IMG_6149-1392x2048.jpg 1392w, https:\/\/guitares-et-luthiers.fr\/wp-content\/uploads\/2023\/08\/IMG_6149-scaled.jpg 1740w\" sizes=\"auto, (max-width: 696px) 100vw, 696px\" \/><\/figure>\n\n\n\n<figure class=\"wp-block-image size-large\"><img loading=\"lazy\" decoding=\"async\" width=\"1024\" height=\"313\" data-id=\"1953\" src=\"https:\/\/guitares-et-luthiers.fr\/wp-content\/uploads\/2023\/08\/IMG_6146-1024x313.jpg\" alt=\"\" class=\"wp-image-1953\" srcset=\"https:\/\/guitares-et-luthiers.fr\/wp-content\/uploads\/2023\/08\/IMG_6146-1024x313.jpg 1024w, https:\/\/guitares-et-luthiers.fr\/wp-content\/uploads\/2023\/08\/IMG_6146-300x92.jpg 300w, https:\/\/guitares-et-luthiers.fr\/wp-content\/uploads\/2023\/08\/IMG_6146-768x235.jpg 768w, https:\/\/guitares-et-luthiers.fr\/wp-content\/uploads\/2023\/08\/IMG_6146-1536x470.jpg 1536w, https:\/\/guitares-et-luthiers.fr\/wp-content\/uploads\/2023\/08\/IMG_6146-2048x627.jpg 2048w\" sizes=\"auto, (max-width: 706px) 89vw, (max-width: 767px) 82vw, 740px\" \/><\/figure>\n\n\n\n<figure class=\"wp-block-image size-large\"><img loading=\"lazy\" decoding=\"async\" width=\"1024\" height=\"584\" data-id=\"1950\" src=\"https:\/\/guitares-et-luthiers.fr\/wp-content\/uploads\/2023\/08\/IMG_6143-1024x584.jpg\" alt=\"\" class=\"wp-image-1950\" srcset=\"https:\/\/guitares-et-luthiers.fr\/wp-content\/uploads\/2023\/08\/IMG_6143-1024x584.jpg 1024w, https:\/\/guitares-et-luthiers.fr\/wp-content\/uploads\/2023\/08\/IMG_6143-300x171.jpg 300w, https:\/\/guitares-et-luthiers.fr\/wp-content\/uploads\/2023\/08\/IMG_6143-768x438.jpg 768w, https:\/\/guitares-et-luthiers.fr\/wp-content\/uploads\/2023\/08\/IMG_6143-1536x876.jpg 1536w, https:\/\/guitares-et-luthiers.fr\/wp-content\/uploads\/2023\/08\/IMG_6143-2048x1168.jpg 2048w\" sizes=\"auto, (max-width: 706px) 89vw, (max-width: 767px) 82vw, 740px\" \/><\/figure>\n<\/figure>\n","protected":false},"excerpt":{"rendered":"<p>Luthier : Agron Llanaj Ann\u00e9e :&nbsp;2013 n\u00b0 2894 Diapason 650 mm Bois : double table en red cedar vernie au tampon, dos et \u00e9clisses en palissandre, touche sur\u00e9lev\u00e9e en \u00e9b\u00e8ne ( avec 20 \u00e8me frette) . 1730 grammes . M\u00e9caniques Gotoh mod\u00e8le 35G510 avec plaques estamp\u00e9es et boutons noirs Il s&rsquo;agit d&rsquo;une production d&rsquo;atelier de &hellip; <\/p>\n<p class=\"link-more\"><a href=\"https:\/\/guitares-et-luthiers.fr\/?page_id=1944\" class=\"more-link\">Continuer la lecture<span class=\"screen-reader-text\"> de &laquo;&nbsp;AGRON LLANAJ&nbsp;&raquo;<\/span><\/a><\/p>\n","protected":false},"author":2,"featured_media":0,"parent":0,"menu_order":0,"comment_status":"closed","ping_status":"closed","template":"","meta":{"footnotes":""},"class_list":["post-1944","page","type-page","status-publish","hentry"],"_links":{"self":[{"href":"https:\/\/guitares-et-luthiers.fr\/index.php?rest_route=\/wp\/v2\/pages\/1944","targetHints":{"allow":["GET"]}}],"collection":[{"href":"https:\/\/guitares-et-luthiers.fr\/index.php?rest_route=\/wp\/v2\/pages"}],"about":[{"href":"https:\/\/guitares-et-luthiers.fr\/index.php?rest_route=\/wp\/v2\/types\/page"}],"author":[{"embeddable":true,"href":"https:\/\/guitares-et-luthiers.fr\/index.php?rest_route=\/wp\/v2\/users\/2"}],"replies":[{"embeddable":true,"href":"https:\/\/guitares-et-luthiers.fr\/index.php?rest_route=%2Fwp%2Fv2%2Fcomments&post=1944"}],"version-history":[{"count":3,"href":"https:\/\/guitares-et-luthiers.fr\/index.php?rest_route=\/wp\/v2\/pages\/1944\/revisions"}],"predecessor-version":[{"id":1963,"href":"https:\/\/guitares-et-luthiers.fr\/index.php?rest_route=\/wp\/v2\/pages\/1944\/revisions\/1963"}],"wp:attachment":[{"href":"https:\/\/guitares-et-luthiers.fr\/index.php?rest_route=%2Fwp%2Fv2%2Fmedia&parent=1944"}],"curies":[{"name":"wp","href":"https:\/\/api.w.org\/{rel}","templated":true}]}}