{"id":195,"date":"2014-01-03T09:19:10","date_gmt":"2014-01-03T08:19:10","guid":{"rendered":"http:\/\/guitares-et-luthiers.fr\/?page_id=195"},"modified":"2022-10-02T18:35:25","modified_gmt":"2022-10-02T17:35:25","slug":"etude-yann-guillo","status":"publish","type":"page","link":"https:\/\/guitares-et-luthiers.fr\/?page_id=195","title":{"rendered":"\u00a0\u00bb Etude \u00a0\u00bb Yann Guillo"},"content":{"rendered":"<div>\n<div><img decoding=\"async\" src=\"http:\/\/art-range.fr\/site\/guitaresetluthiers\/etude_guillo_files\/shapeimage_3.png\" alt=\"Guitares et luthiers\" \/><\/div>\n<\/div>\n<div id=\"id2\">\n<div>\n<div>\n<p>Luthier :\u00a0Yann Guillo<\/p>\n<p>Mod\u00e8le :\u00a0Etude<\/p>\n<p>Ann\u00e9e :\u00a02008<\/p>\n<p>Bois :\u00a0table en \u00e9picea, dos et \u00e9clisses en palissandre, touche \u00e9b\u00e8ne, chevalet en palissandre, repose bras en \u00e9b\u00e8ne.<\/p>\n<p>Yann Guillo est un jeune luthier breton qui m\u00e9rite d\u2019\u00eatre connu. J\u2019ai d\u00e9cid\u00e9 un jour de faire le d\u00e9placement dans une petite vall\u00e9e bretonne et je n\u2019ai pas \u00e9t\u00e9 d\u00e9\u00e7u du voyage, j\u2019ai d\u00e9couvert quelqu\u2019un de sympathique et qui travaille avec application pour un r\u00e9sultat d\u2019excellente qualit\u00e9.<\/p>\n<p>Modeste il r\u00e9alise des instruments de musique&#8230;<\/p>\n<p>Ses guitares ont une personnalit\u00e9 forte de part leur timbre mais aussi de part l\u2019aspect esth\u00e9tique qui est original tout en gardant un certain classicisme. Vraiment quelqu\u2019un \u00e0 d\u00e9couvrir en toute confiance.<\/p>\n<p><a href=\"https:\/\/guitares-et-luthiers.fr\/wp-content\/uploads\/2014\/01\/P1050200.jpg\" rel=\"lightbox[195]\"><img loading=\"lazy\" decoding=\"async\" class=\"alignnone size-medium wp-image-304\" src=\"https:\/\/guitares-et-luthiers.fr\/wp-content\/uploads\/2014\/01\/P1050200-300x225.jpg\" alt=\"\u00e9tude Guillo 2008\" width=\"300\" height=\"225\" srcset=\"https:\/\/guitares-et-luthiers.fr\/wp-content\/uploads\/2014\/01\/P1050200-300x225.jpg 300w, https:\/\/guitares-et-luthiers.fr\/wp-content\/uploads\/2014\/01\/P1050200-1024x768.jpg 1024w, https:\/\/guitares-et-luthiers.fr\/wp-content\/uploads\/2014\/01\/P1050200.jpg 1600w\" sizes=\"auto, (max-width: 300px) 100vw, 300px\" \/><\/a> <a href=\"https:\/\/guitares-et-luthiers.fr\/wp-content\/uploads\/2014\/01\/P1050198.jpg\" rel=\"lightbox[195]\"><img loading=\"lazy\" decoding=\"async\" class=\"alignnone size-medium wp-image-303\" src=\"https:\/\/guitares-et-luthiers.fr\/wp-content\/uploads\/2014\/01\/P1050198-300x225.jpg\" alt=\"\u00e9tude Guillo 2008\" width=\"300\" height=\"225\" srcset=\"https:\/\/guitares-et-luthiers.fr\/wp-content\/uploads\/2014\/01\/P1050198-300x225.jpg 300w, https:\/\/guitares-et-luthiers.fr\/wp-content\/uploads\/2014\/01\/P1050198-1024x768.jpg 1024w, https:\/\/guitares-et-luthiers.fr\/wp-content\/uploads\/2014\/01\/P1050198.jpg 1600w\" sizes=\"auto, (max-width: 300px) 100vw, 300px\" \/><\/a> <a href=\"https:\/\/guitares-et-luthiers.fr\/wp-content\/uploads\/2014\/01\/P1050196.jpg\" rel=\"lightbox[195]\"><img loading=\"lazy\" decoding=\"async\" class=\"alignnone size-medium wp-image-302\" src=\"https:\/\/guitares-et-luthiers.fr\/wp-content\/uploads\/2014\/01\/P1050196-300x225.jpg\" alt=\"\u00e9tude Guillo 2008\" width=\"300\" height=\"225\" srcset=\"https:\/\/guitares-et-luthiers.fr\/wp-content\/uploads\/2014\/01\/P1050196-300x225.jpg 300w, https:\/\/guitares-et-luthiers.fr\/wp-content\/uploads\/2014\/01\/P1050196-1024x768.jpg 1024w, https:\/\/guitares-et-luthiers.fr\/wp-content\/uploads\/2014\/01\/P1050196.jpg 1600w\" sizes=\"auto, (max-width: 300px) 100vw, 300px\" \/><\/a> <a href=\"https:\/\/guitares-et-luthiers.fr\/wp-content\/uploads\/2014\/01\/P1050195.jpg\" rel=\"lightbox[195]\"><img loading=\"lazy\" decoding=\"async\" class=\"alignnone size-medium wp-image-301\" src=\"https:\/\/guitares-et-luthiers.fr\/wp-content\/uploads\/2014\/01\/P1050195-300x225.jpg\" alt=\"\u00e9tude Guillo 2008\" width=\"300\" height=\"225\" srcset=\"https:\/\/guitares-et-luthiers.fr\/wp-content\/uploads\/2014\/01\/P1050195-300x225.jpg 300w, https:\/\/guitares-et-luthiers.fr\/wp-content\/uploads\/2014\/01\/P1050195-1024x768.jpg 1024w, https:\/\/guitares-et-luthiers.fr\/wp-content\/uploads\/2014\/01\/P1050195.jpg 1600w\" sizes=\"auto, (max-width: 300px) 100vw, 300px\" \/><\/a> <a href=\"https:\/\/guitares-et-luthiers.fr\/wp-content\/uploads\/2014\/01\/P1050194.jpg\" rel=\"lightbox[195]\"><img loading=\"lazy\" decoding=\"async\" class=\"alignnone size-medium wp-image-300\" src=\"https:\/\/guitares-et-luthiers.fr\/wp-content\/uploads\/2014\/01\/P1050194-300x225.jpg\" alt=\"\u00e9tude Guillo 2008\" width=\"300\" height=\"225\" srcset=\"https:\/\/guitares-et-luthiers.fr\/wp-content\/uploads\/2014\/01\/P1050194-300x225.jpg 300w, https:\/\/guitares-et-luthiers.fr\/wp-content\/uploads\/2014\/01\/P1050194-1024x768.jpg 1024w, https:\/\/guitares-et-luthiers.fr\/wp-content\/uploads\/2014\/01\/P1050194.jpg 1600w\" sizes=\"auto, (max-width: 300px) 100vw, 300px\" \/><\/a> <a href=\"https:\/\/guitares-et-luthiers.fr\/wp-content\/uploads\/2014\/01\/P1050193.jpg\" rel=\"lightbox[195]\"><img loading=\"lazy\" decoding=\"async\" class=\"alignnone size-medium wp-image-299\" src=\"https:\/\/guitares-et-luthiers.fr\/wp-content\/uploads\/2014\/01\/P1050193-300x225.jpg\" alt=\"\u00e9tude Guillo 2008\" width=\"300\" height=\"225\" srcset=\"https:\/\/guitares-et-luthiers.fr\/wp-content\/uploads\/2014\/01\/P1050193-300x225.jpg 300w, https:\/\/guitares-et-luthiers.fr\/wp-content\/uploads\/2014\/01\/P1050193-1024x768.jpg 1024w, https:\/\/guitares-et-luthiers.fr\/wp-content\/uploads\/2014\/01\/P1050193.jpg 1600w\" sizes=\"auto, (max-width: 300px) 100vw, 300px\" \/><\/a> <a href=\"https:\/\/guitares-et-luthiers.fr\/wp-content\/uploads\/2014\/01\/P1050192.jpg\" rel=\"lightbox[195]\"><img loading=\"lazy\" decoding=\"async\" class=\"alignnone size-medium wp-image-298\" src=\"https:\/\/guitares-et-luthiers.fr\/wp-content\/uploads\/2014\/01\/P1050192-300x225.jpg\" alt=\"\u00e9tude Guillo 2008\" width=\"300\" height=\"225\" srcset=\"https:\/\/guitares-et-luthiers.fr\/wp-content\/uploads\/2014\/01\/P1050192-300x225.jpg 300w, https:\/\/guitares-et-luthiers.fr\/wp-content\/uploads\/2014\/01\/P1050192-1024x768.jpg 1024w, https:\/\/guitares-et-luthiers.fr\/wp-content\/uploads\/2014\/01\/P1050192.jpg 1600w\" sizes=\"auto, (max-width: 300px) 100vw, 300px\" \/><\/a> <a href=\"https:\/\/guitares-et-luthiers.fr\/wp-content\/uploads\/2014\/01\/P1050191.jpg\" rel=\"lightbox[195]\"><img loading=\"lazy\" decoding=\"async\" class=\"alignnone size-medium wp-image-297\" src=\"https:\/\/guitares-et-luthiers.fr\/wp-content\/uploads\/2014\/01\/P1050191-300x225.jpg\" alt=\"\u00e9tude guillo 2008\" width=\"300\" height=\"225\" srcset=\"https:\/\/guitares-et-luthiers.fr\/wp-content\/uploads\/2014\/01\/P1050191-300x225.jpg 300w, https:\/\/guitares-et-luthiers.fr\/wp-content\/uploads\/2014\/01\/P1050191-1024x768.jpg 1024w, https:\/\/guitares-et-luthiers.fr\/wp-content\/uploads\/2014\/01\/P1050191.jpg 1600w\" sizes=\"auto, (max-width: 300px) 100vw, 300px\" \/><\/a><\/p>\n<\/div>\n<\/div>\n<\/div>\n","protected":false},"excerpt":{"rendered":"<p>Luthier :\u00a0Yann Guillo Mod\u00e8le :\u00a0Etude Ann\u00e9e :\u00a02008 Bois :\u00a0table en \u00e9picea, dos et \u00e9clisses en palissandre, touche \u00e9b\u00e8ne, chevalet en palissandre, repose bras en \u00e9b\u00e8ne. Yann Guillo est un jeune luthier breton qui m\u00e9rite d\u2019\u00eatre connu. J\u2019ai d\u00e9cid\u00e9 un jour de faire le d\u00e9placement dans une petite vall\u00e9e bretonne et je n\u2019ai pas \u00e9t\u00e9 d\u00e9\u00e7u &hellip; <\/p>\n<p class=\"link-more\"><a href=\"https:\/\/guitares-et-luthiers.fr\/?page_id=195\" class=\"more-link\">Continuer la lecture<span class=\"screen-reader-text\"> de &laquo;&nbsp;\u00a0\u00bb Etude \u00a0\u00bb Yann Guillo&nbsp;&raquo;<\/span><\/a><\/p>\n","protected":false},"author":2,"featured_media":0,"parent":0,"menu_order":0,"comment_status":"open","ping_status":"open","template":"","meta":{"footnotes":""},"class_list":["post-195","page","type-page","status-publish","hentry"],"_links":{"self":[{"href":"https:\/\/guitares-et-luthiers.fr\/index.php?rest_route=\/wp\/v2\/pages\/195","targetHints":{"allow":["GET"]}}],"collection":[{"href":"https:\/\/guitares-et-luthiers.fr\/index.php?rest_route=\/wp\/v2\/pages"}],"about":[{"href":"https:\/\/guitares-et-luthiers.fr\/index.php?rest_route=\/wp\/v2\/types\/page"}],"author":[{"embeddable":true,"href":"https:\/\/guitares-et-luthiers.fr\/index.php?rest_route=\/wp\/v2\/users\/2"}],"replies":[{"embeddable":true,"href":"https:\/\/guitares-et-luthiers.fr\/index.php?rest_route=%2Fwp%2Fv2%2Fcomments&post=195"}],"version-history":[{"count":4,"href":"https:\/\/guitares-et-luthiers.fr\/index.php?rest_route=\/wp\/v2\/pages\/195\/revisions"}],"predecessor-version":[{"id":1489,"href":"https:\/\/guitares-et-luthiers.fr\/index.php?rest_route=\/wp\/v2\/pages\/195\/revisions\/1489"}],"wp:attachment":[{"href":"https:\/\/guitares-et-luthiers.fr\/index.php?rest_route=%2Fwp%2Fv2%2Fmedia&parent=195"}],"curies":[{"name":"wp","href":"https:\/\/api.w.org\/{rel}","templated":true}]}}