{"id":2,"date":"2013-05-25T22:27:38","date_gmt":"2013-05-25T22:27:38","guid":{"rendered":"http:\/\/guitares-et-luthiers.fr\/?page_id=2"},"modified":"2026-03-10T12:55:33","modified_gmt":"2026-03-10T11:55:33","slug":"page-d-exemple","status":"publish","type":"page","link":"https:\/\/guitares-et-luthiers.fr\/?page_id=2","title":{"rendered":"Guitares \u00e0 vendre"},"content":{"rendered":"<div id=\"body_layer\">\n<div id=\"id3\">\n<p><a href=\"https:\/\/guitares-et-luthiers.fr\/wp-content\/uploads\/2023\/01\/P1070580.jpeg\" rel=\"lightbox[2]\"><img loading=\"lazy\" decoding=\"async\" class=\"size-medium wp-image-1597 aligncenter\" src=\"https:\/\/guitares-et-luthiers.fr\/wp-content\/uploads\/2023\/01\/P1070580-300x225.jpeg\" alt=\"\" width=\"300\" height=\"225\" srcset=\"https:\/\/guitares-et-luthiers.fr\/wp-content\/uploads\/2023\/01\/P1070580-300x225.jpeg 300w, https:\/\/guitares-et-luthiers.fr\/wp-content\/uploads\/2023\/01\/P1070580-1024x768.jpeg 1024w, https:\/\/guitares-et-luthiers.fr\/wp-content\/uploads\/2023\/01\/P1070580-768x576.jpeg 768w, https:\/\/guitares-et-luthiers.fr\/wp-content\/uploads\/2023\/01\/P1070580-1536x1152.jpeg 1536w, https:\/\/guitares-et-luthiers.fr\/wp-content\/uploads\/2023\/01\/P1070580-2048x1536.jpeg 2048w\" sizes=\"auto, (max-width: 300px) 100vw, 300px\" \/><\/a><\/p>\n<p style=\"padding-left: 80px; text-align: left;\"><span style=\"color: #ff00ff;\"><strong>D\u00e9p\u00f4t-vente de guitares classiques de luthiers neuves ou occasions<\/strong><\/span><\/p>\n<p>Vous trouverez ici quelques exemples de guitares que je vends. Ce sont toujours des guitares pour lesquelles j\u2019ai craqu\u00e9 \u00e0 un moment donn\u00e9 en terme de son. Elles ont toutes une personnalit\u00e9; mais rien ne vaut un essai pour se forger son propre avis (il est si facile d\u2019utiliser une multitude d\u2019adjectifs pour encenser une particularit\u00e9 si subjective). N\u2019h\u00e9sitez pas \u00e0 me contacter pour plus d\u2019informations, plus de photos, pour prendre rendez-vous\u00a0 ou simplement pour \u00e9changer sur un mod\u00e8le, un luthier ou la lutherie.<\/p>\n<p style=\"text-align: center;\"><strong>liste guitares \u00e0 vendre<\/strong><\/p>\n<p><span style=\"text-decoration: underline; color: #ff00ff;\">cliquez sur les guitares soulign\u00e9es pour en voir les d\u00e9tails<\/span>\u00a0 \u00a0 \u00a0 \u00a0 \u00a0 \u00a0 \u00a0 \u00a0 \u00a0 \u00a0 \u00a0 \u00a0 \u00a0 \u00a0 \u00a0 \u00a0<\/p>\n<p style=\"text-align: left;\"><span style=\"color: #ff9900;\"><a style=\"color: #ff9900;\" href=\"https:\/\/guitares-et-luthiers.fr\/?page_id=1443\"><strong>Abondance<\/strong><\/a> <\/span>Pierre , mod\u00e8le Concert 2019, \u00e9pic\u00e9a.\u00a0 \u00a0 \u00a0 \u00a0 <strong>5 <\/strong><strong>900<\/strong> euros<\/p>\n<p style=\"text-align: left;\"><a title=\"\u00ab\u00a0Concert\u00a0\u00bb Audirac 2009\" href=\"https:\/\/guitares-et-luthiers.fr\/?page_id=224\"><span style=\"color: #ff9900;\"><strong>Audirac<\/strong><\/span> G\u00e9rard\u00a0 <\/a>mod\u00e8le Concert 2009, \u00a0red cedar.\u00a0\u00a0\u00a0\u00a0\u00a0 \u00a0 <strong>3 500<\/strong> euros.<\/p>\n<p><span style=\"color: #ff9900;\"><strong>Bedikian<\/strong><\/span> 2025 mod\u00e8le Bouchet, \u00e9picea\u00a0 \u00a0 \u00a0 \u00a0 \u00a0 \u00a0 \u00a0 \u00a0 \u00a0 \u00a0 \u00a0 \u00a0 \u00a0 \u00a0 <strong>6 000<\/strong> euros<\/p>\n<p style=\"text-align: left;\"><span style=\"color: #ff9900;\"><a style=\"color: #ff9900;\" href=\"https:\/\/guitares-et-luthiers.fr\/?page_id=2595\"><strong>Bedikian<\/strong><\/a>\u00a0 <span style=\"color: #000000;\">2019 <\/span><\/span>epicea\u00a0 \u00a0 \u00a0 \u00a0 \u00a0 \u00a0 \u00a0 \u00a0 \u00a0 \u00a0 \u00a0 \u00a0 \u00a0 \u00a0 \u00a0 \u00a0 \u00a0 \u00a0 \u00a0 \u00a0 \u00a0 \u00a0 \u00a0 \u00a0 \u00a0 \u00a0 \u00a0 \u00a0 <strong>4 500<\/strong> euros<\/p>\n<p style=\"text-align: left;\"><span style=\"color: #ff9900;\"><strong><a style=\"color: #ff9900;\" href=\"https:\/\/guitares-et-luthiers.fr\/?page_id=2615\">Bedikian<\/a>\u00a0<\/strong><span style=\"color: #000000;\">2021<\/span><\/span> epicea\u00a0 \u00a0 \u00a0 \u00a0 \u00a0 \u00a0 \u00a0 \u00a0 \u00a0 \u00a0 \u00a0 \u00a0 \u00a0 \u00a0 \u00a0 \u00a0 \u00a0 \u00a0 \u00a0 \u00a0 \u00a0 \u00a0 \u00a0 \u00a0 \u00a0 \u00a0 \u00a0 \u00a0 <strong>4 500<\/strong> euros<\/p>\n<p style=\"text-align: left;\"><a href=\"https:\/\/guitares-et-luthiers.fr\/?page_id=2578\"><span style=\"color: #ff9900;\"><strong>Bedikian<\/strong><\/span><\/a> 2020 red cedar\u00a0 \u00a0 \u00a0 \u00a0 \u00a0 \u00a0 \u00a0 \u00a0 \u00a0 \u00a0 \u00a0 \u00a0 \u00a0 \u00a0 \u00a0 \u00a0 \u00a0 \u00a0 \u00a0 \u00a0 \u00a0 \u00a0 \u00a0 \u00a0 \u00a0 \u00a0<strong>4 500<\/strong> euros<\/p>\n<p style=\"text-align: left;\"><span style=\"color: #ff9900;\"><a href=\"https:\/\/guitares-et-luthiers.fr\/?page_id=2204\"><strong><span style=\"color: #ff9900;\">Bellest P.A.\u00a0<\/span><\/strong><\/a><span style=\"color: #000000;\">2016 red cedar\u00a0 \u00a0 \u00a0 \u00a0 \u00a0 \u00a0 \u00a0 \u00a0 \u00a0 \u00a0 \u00a0 \u00a0 \u00a0 \u00a0 \u00a0 \u00a0 \u00a0 \u00a0 \u00a0 \u00a0 \u00a0 \u00a0 \u00a0<strong> 5 000<\/strong> euros<\/span><\/span><strong>\u00a0<\/strong><\/p>\n<\/div>\n<div id=\"id3\">\n<p style=\"text-align: left;\"><a href=\"https:\/\/guitares-et-luthiers.fr\/?page_id=1656\"><span style=\"color: #ff9900;\"><strong>Delarue<\/strong><\/span><\/a>\u00a0 1999 red cedar\u00a0 \u00a0 \u00a0 \u00a0 \u00a0 \u00a0 \u00a0 \u00a0 \u00a0 \u00a0 \u00a0 \u00a0 \u00a0 \u00a0 \u00a0 \u00a0 \u00a0 \u00a0 \u00a0 \u00a0 \u00a0 \u00a0 \u00a0 \u00a0 \u00a0<strong> \u00a0\u00a0\u00a0 5 000 <\/strong>euros<\/p>\n<p style=\"text-align: left;\"><span style=\"color: #ff9900;\"><strong><a style=\"color: #ff9900;\" href=\"https:\/\/guitares-et-luthiers.fr\/?page_id=1827\">Desaunay\u00a0<\/a><\/strong><\/span><strong>\u00a0 \u00a0 \u00a0 \u00a0 \u00a0 \u00a0 \u00a0 \u00a0 \u00a0 \u00a0 \u00a0 \u00a0 \u00a0 \u00a0 \u00a0 \u00a0 \u00a0 \u00a0 \u00a0 \u00a0 \u00a0 \u00a0 \u00a0 \u00a0 \u00a0 \u00a0 \u00a0 \u00a0 \u00a0 \u00a0 \u00a0 \u00a0 \u00a0 \u00a0 \u00a0 \u00a0 \u00a0 \u00a0 \u00a0 \u00a0 \u00a0 \u00a02 500 <\/strong>euros<span style=\"color: #ff9900;\"><strong><span style=\"color: #000000;\"><br \/><\/span><\/strong><\/span><\/p>\n<p style=\"text-align: left;\"><a href=\"https:\/\/guitares-et-luthiers.fr\/?page_id=1809\"><span style=\"color: #ff9900;\"><strong>Donadey <\/strong><\/span><\/a>1995 Grand Concert\u00a0\u00a0\u00a0\u00a0 \u00a0 \u00a0 \u00a0\u00a0\u00a0\u00a0\u00a0\u00a0\u00a0\u00a0<strong> \u00a0 \u00a0\u00a0 \u00a0 \u00a0 \u00a0 \u00a0 \u00a0 \u00a0\u00a0 \u00a0\u00a0 8 000 <\/strong>euros<\/p>\n<p><a href=\"https:\/\/guitares-et-luthiers.fr\/?page_id=2453\"><strong><span style=\"color: #ff9900;\">Fouilleul Mogu\u00e9rou<\/span><\/strong><\/a> C9 2025 red cedar\u00a0\u00a0\u00a0\u00a0\u00a0\u00a0\u00a0\u00a0\u00a0\u00a0\u00a0\u00a0\u00a0\u00a0\u00a0\u00a0\u00a0\u00a0\u00a0\u00a0\u00a0 <strong>4 800<\/strong> euros<\/p>\n<p><strong><a href=\"https:\/\/guitares-et-luthiers.fr\/?page_id=2382\"><span style=\"color: #ff9900;\">Fouilleul<\/span><\/a><\/strong> Mod\u00e8le Arche 483\u00a0\u00a0\u00a0\u00a0\u00a0\u00a0\u00a0\u00a0\u00a0\u00a0\u00a0\u00a0\u00a0\u00a0\u00a0\u00a0\u00a0\u00a0\u00a0\u00a0\u00a0\u00a0\u00a0\u00a0\u00a0\u00a0\u00a0\u00a0\u00a0\u00a0\u00a0\u00a0\u00a0\u00a0\u00a0\u00a0\u00a0\u00a0\u00a0\u00a0\u00a0\u00a0\u00a0 <strong>7 300<\/strong> euros<\/p>\n<p style=\"text-align: left;\"><span style=\"color: #ff9900;\">Guillo<\/span> , \u00e9pic\u00e9a \u00a0 \u00a0 \u00a0 \u00a0 \u00a0 \u00a0 \u00a0 \u00a0 \u00a0 \u00a0 \u00a0 \u00a0 \u00a0 \u00a0 \u00a0 \u00a0 \u00a0\u00a0\u00a0 \u00a0 \u00a0 \u00a0 \u00a0 \u00a0 \u00a0 \u00a0 \u00a0 \u00a0 \u00a0 \u00a0 \u00a0 \u00a0 \u00a0 \u00a0\u00a0 \u00a0 \u00a0 \u00a0 \u00a0 <strong>1 300<\/strong> euro<strong>s<\/strong><\/p>\n<p style=\"text-align: left;\"><a href=\"https:\/\/guitares-et-luthiers.fr\/?page_id=2224\"><span style=\"color: #ff9900;\"><strong>Kenny Hill<\/strong> <\/span><\/a>Barcelona 2002 red ceda<strong>r \u00a0 \u00a0 \u00a0 \u00a0 \u00a0 \u00a0 \u00a0 \u00a0\u00a0\u00a0\u00a0\u00a0\u00a0\u00a0\u00a0\u00a0\u00a0\u00a0\u00a0\u00a0 3 500<\/strong> euros<\/p>\n<p><strong><span style=\"color: #ff9900;\">Jean-Luc Joie<\/span><\/strong> mod Alma 2008\u00a0\u00a0\u00a0\u00a0\u00a0\u00a0\u00a0\u00a0\u00a0\u00a0\u00a0\u00a0\u00a0\u00a0\u00a0\u00a0\u00a0\u00a0\u00a0\u00a0\u00a0\u00a0\u00a0\u00a0\u00a0\u00a0\u00a0\u00a0\u00a0\u00a0\u00a0\u00a0\u00a0\u00a0\u00a0\u00a0\u00a0\u00a0\u00a0 <strong>2 300 <\/strong>euros<\/p>\n<p><a href=\"https:\/\/guitares-et-luthiers.fr\/?page_id=2356\"><strong><span style=\"color: #ff9900;\">Lebreton<\/span><\/strong><\/a> double table 2022 \u00e9picea\u00a0\u00a0\u00a0\u00a0\u00a0\u00a0\u00a0\u00a0\u00a0\u00a0\u00a0\u00a0\u00a0\u00a0\u00a0\u00a0\u00a0\u00a0\u00a0\u00a0\u00a0\u00a0\u00a0\u00a0\u00a0\u00a0\u00a0\u00a0\u00a0\u00a0\u00a0 <strong>5 900<\/strong> euros<\/p>\n<p style=\"text-align: left;\"><a href=\"https:\/\/guitares-et-luthiers.fr\/?page_id=1751\"><strong><span style=\"color: #ff9900;\">Pradel Mayeul<\/span><\/strong><\/a> , 2019, \u00e9pic\u00e9a,\u00a0 \u00a0 \u00a0 \u00a0 \u00a0 \u00a0 \u00a0 \u00a0 \u00a0 \u00a0 \u00a0 \u00a0 \u00a0 \u00a0 \u00a0 \u00a0 \u00a0 \u00a0 \u00a0 \u00a0 \u00a0<strong>3 600<\/strong> euros<\/p>\n<p><a href=\"https:\/\/guitares-et-luthiers.fr\/?page_id=2492\"><span style=\"color: #ff9900;\"><strong>Sakurai<\/strong><\/span><\/a> Maestro RF\u00a0 2024\u00a0 \u00a0 \u00a0 \u00a0 \u00a0 \u00a0 \u00a0 \u00a0 \u00a0 \u00a0 \u00a0 \u00a0 \u00a0 \u00a0 \u00a0 \u00a0 \u00a0 \u00a0 \u00a0 \u00a0 \u00a0 \u00a0 \u00a0 \u00a0 <strong>9 100<\/strong> euros<\/p>\n<p style=\"text-align: center;\"><strong>Guitares 7 cordes et plus<\/strong><\/p>\n<p><strong>Castellucia<\/strong> , 10 cordes 1975 restaur\u00e9e<\/p>\n<p style=\"text-align: left;\"><a href=\"https:\/\/guitares-et-luthiers.fr\/?page_id=2543\"><span style=\"color: #ff6600;\"><strong>Fouilleul<\/strong><\/span> 7 cordes mod\u00e8le Arche<\/a><\/p>\n<p><strong>Fouilleul\u00a0<\/strong>7 cordes<\/p>\n<p style=\"text-align: center;\">mise \u00e0 jour le\u00a0 \u00a0 01\/01\/26<\/p>\n<\/div>\n<\/div>\n<hr \/>\n<p>Guitares dont j&rsquo;ai d\u00e9j\u00e0 pu faire l&rsquo;essai ; si vous souhaitez des renseignements sur ces mod\u00e8les n\u2019h\u00e9sitez pas \u00e0 me contacter par mel. Ces guitares ne sont plus \u00e0 vendre.\u00a0 \u00a0 \u00a0 \u00a0 \u00a0 \u00a0 \u00a0 \u00a0 \u00a0 \u00a0 \u00a0 \u00a0 \u00a0 \u00a0 \u00a0 \u00a0 \u00a0 \u00a0 \u00a0 \u00a0 \u00a0 \u00a0 \u00a0 \u00a0 \u00a0 \u00a0 \u00a0 \u00a0 \u00a0 \u00a0 \u00a0 \u00a0 \u00a0 \u00a0 \u00a0 \u00a0 \u00a0<span style=\"text-decoration: underline; color: #ff00ff;\">cliquez sur les guitares pour en voir les d\u00e9tails<\/span><\/p>\n<ol>\n<li><a href=\"https:\/\/guitares-et-luthiers.fr\/?page_id=893\">Abondance<\/a>\u00a0Pierre 2001,<\/li>\n<li><a title=\"\u00ab\u00a0Cath\u00e9drale\u00a0\u00bb Audirac 2006\" href=\"https:\/\/guitares-et-luthiers.fr\/?page_id=221\">Audirac\u00a0 Cath\u00e9drale<\/a><\/li>\n<li>Audirac Conservatoire\u00a0\u00a0 ( 2009, 2010, 2011 )<\/li>\n<li><a title=\"\u00a0\u00bb Grand concert \u00a0\u00bb Audirac 1998\" href=\"https:\/\/guitares-et-luthiers.fr\/?page_id=218\">Audirac grand concert<\/a>\u00a0pan coup\u00e9 1998<\/li>\n<li><a title=\"\u00ab\u00a0Concert\u00a0\u00bb Audirac 2009\" href=\"https:\/\/guitares-et-luthiers.fr\/?page_id=224\">Audirac concert<\/a>\u00a02009<\/li>\n<li>Anastasio concert<\/li>\n<li><a title=\"Baarslag 1982\" href=\"https:\/\/guitares-et-luthiers.fr\/?page_id=616\">Baarslag 1982<\/a>\u00a0Concert<\/li>\n<li><a title=\"\u00ab\u00a0concert\u00a0\u00bb Bedikian 1997\" href=\"https:\/\/guitares-et-luthiers.fr\/?page_id=239\">Bedikian 1997<\/a><\/li>\n<li><a title=\"\u00ab\u00a0concert\u00a0\u00bb mod\u00e8le Bouchet Bedikian 2002\" href=\"https:\/\/guitares-et-luthiers.fr\/?page_id=227\">Bedikian mod\u00e8le Bouchet 2002<\/a><\/li>\n<li><a href=\"https:\/\/guitares-et-luthiers.fr\/?page_id=1181\">Bedikian<\/a> Concert, 2008, n\u00b0 328\u00a0 \u00e9pic\u00e9a,\u00a0\u00a0<\/li>\n<li><a href=\"https:\/\/guitares-et-luthiers.fr\/?page_id=1127\">Bedikian<\/a> copie Bouchet 2014 , \u00e9pic\u00e9a.<\/li>\n<li><a href=\"https:\/\/guitares-et-luthiers.fr\/?page_id=1675\">Bedikian<\/a>\u00a0Concert, 2016, red cedar,<strong> \u00a0\u00a0<\/strong><\/li>\n<li><a href=\"https:\/\/guitares-et-luthiers.fr\/?page_id=1694\">Bedikian<\/a> mod\u00e8le Bouchet, 2017, \u00e9pic\u00e9a<\/li>\n<li><a title=\"\u00ab\u00a0Concert\u00a0\u00bb Boyadjian 1995\" href=\"https:\/\/guitares-et-luthiers.fr\/?page_id=236\">Boyadjian concert\u00a01995<\/a><\/li>\n<li><a title=\"\u00ab\u00a0Concert\u00a0\u00bb Boyadjian 1985\" href=\"https:\/\/guitares-et-luthiers.fr\/?page_id=249\">Boyadjian concert 1985<\/a><\/li>\n<li>Bourdilleau \u00e9tude<\/li>\n<li>\n<p><a href=\"https:\/\/guitares-et-luthiers.fr\/?page_id=2237\">Burlot<\/a> red cedar \u00a0 \u00a0 \u00a0 \u00a0<\/p>\n<\/li>\n<li><a href=\"https:\/\/guitares-et-luthiers.fr\/?page_id=926\">Camacho Vicente<\/a><\/li>\n<li>Castelluccia C5<\/li>\n<li>Castelluccia C9 JE<\/li>\n<li><a href=\"https:\/\/guitares-et-luthiers.fr\/?page_id=810\">Catherine<\/a> Geoffrey \u00a0(oct 2016), red cedar.<\/li>\n<li><a style=\"font-size: 1rem;\" href=\"https:\/\/guitares-et-luthiers.fr\/?page_id=903\">Contreras<\/a><span style=\"font-size: 1rem;\"> Manuel, \u00ab\u00a0Doble tapa\u00a0\u00bb 1986.<\/span><\/li>\n<li><a title=\"\u00ab\u00a0Concert A +\u00a0\u00bb Thomas Dauge 2010\" href=\"https:\/\/guitares-et-luthiers.fr\/?page_id=230\">Dauge concert A+\u00a0\u00a0 n\u00b0 75<\/a><\/li>\n<li><a href=\"https:\/\/guitares-et-luthiers.fr\/?page_id=1071\">Dauge <\/a>Thomas, Concert 2015, \u00e9pic\u00e9a.\u00a0\u00a0\u00a0<\/li>\n<li><a href=\"https:\/\/guitares-et-luthiers.fr\/?page_id=1904\">Delarue<\/a> 1995 red cedar\u00a0\u00a0\u00a0<\/li>\n<li>Delarue concert, \u00e9pic\u00e9a 1997<\/li>\n<li><a href=\"https:\/\/guitares-et-luthiers.fr\/?page_id=1287\">Des\u00e9glise<\/a> 12 cordes.<\/li>\n<li>Dupont grand concert pan coup\u00e9<\/li>\n<li><a title=\"\u00ab\u00a0Concert 1\u2033 Fouilleul\" href=\"https:\/\/guitares-et-luthiers.fr\/?page_id=203\">Fouilleul concert 1<\/a><\/li>\n<li><a title=\"fouilleul C9\" href=\"https:\/\/guitares-et-luthiers.fr\/?page_id=187\">Fouilleul C 9\u00a0 2012<\/a><\/li>\n<li>\n<p><a href=\"https:\/\/guitares-et-luthiers.fr\/?page_id=824\">Fouilleul\u00a0C9 2017<\/a>, \u00e9pic\u00e9a.<\/p>\n<\/li>\n<li><a href=\"https:\/\/guitares-et-luthiers.fr\/?page_id=1556\">Fouilleul <\/a>C9, 2018, red cedar\u00a0<\/li>\n<li><a title=\"\u00ab\u00a0GW\u00a0\u00bb Fouilleul 1997\" href=\"https:\/\/guitares-et-luthiers.fr\/?page_id=280\">Fouilleul \u00a0<\/a>\u00a0GW \u00a01997 n\u00b0 257<\/li>\n<li><a href=\"https:\/\/guitares-et-luthiers.fr\/?page_id=975\">Fouilleul <\/a>\u00a0\u00a0GW \u00a01997 n\u00b0270<\/li>\n<li><a href=\"https:\/\/guitares-et-luthiers.fr\/?page_id=1872\">Fouilleul <\/a>Jean Marie mod Arche<\/li>\n<li><a href=\"https:\/\/guitares-et-luthiers.fr\/?page_id=2308\">Fouilleul<\/a> Mod\u00e8le Arche 485\u00a0\u00a0<\/li>\n<li><a href=\"https:\/\/guitares-et-luthiers.fr\/?page_id=2462\">Fouilleul 7 cordes Arche<\/a>,<\/li>\n<li><a href=\"https:\/\/guitares-et-luthiers.fr\/?page_id=1205\">Fouilleul, 10 cordes<\/a>, 1990, \u00e9pic\u00e9a,<\/li>\n<li><a href=\"https:\/\/guitares-et-luthiers.fr\/?page_id=2008\">Fouilleul- Mogu\u00e9rou, 2023 C9<\/a><\/li>\n<li><a title=\"Friederich R\u00e9cital 1968\" href=\"https:\/\/guitares-et-luthiers.fr\/?page_id=509\">Friederich \u00abR\u00e9cital\u00bb 1968<\/a><\/li>\n<li><a href=\"https:\/\/guitares-et-luthiers.fr\/?page_id=1144\">Joaquin Garcia<\/a>\u00a0mod\u00e8le Concert 2002 , red cedar.<\/li>\n<li><a href=\"https:\/\/guitares-et-luthiers.fr\/?page_id=1019\">Geffroy J\u00e9r\u00e9mie<\/a>\u00a0 2016 , double table \u00e9pic\u00e9a<strong>.<\/strong><\/li>\n<li><a title=\"\u00a0\u00bb Etude \u00a0\u00bb Yann Guillo\" href=\"https:\/\/guitares-et-luthiers.fr\/?page_id=195\">Guillo \u00e9tude<\/a><\/li>\n<li><a title=\"\u00a0\u00bb concert \u00a0\u00bb Yann Guillo 2009\" href=\"https:\/\/guitares-et-luthiers.fr\/?page_id=208\">Guillo concert 2009<\/a><\/li>\n<li><a title=\"\u00a0\u00bb Concert \u00ab\u00a0Yann Guillo 2011\" href=\"https:\/\/guitares-et-luthiers.fr\/?page_id=243\">Guillo Yann concert \u00a02011<\/a><\/li>\n<li>Guillo Yann 2012 mod\u00e8le concert, \u00e9pic\u00e9a<\/li>\n<li><a title=\"Robin Green\" href=\"https:\/\/guitares-et-luthiers.fr\/?page_id=246\">Green 1979<\/a><\/li>\n<li><a href=\"https:\/\/guitares-et-luthiers.fr\/?page_id=129\">Kerouanton mod\u00e8le Audirac<\/a>, \u00e9pic\u00e9a.\u00a0\u00a0<\/li>\n<li><a href=\"https:\/\/guitares-et-luthiers.fr\/?page_id=838\">Larson<\/a> R\u00e9my \u00a0\u00ab\u00a0Asphodele\u00a0\u00bb \u00a02014.<\/li>\n<li><a title=\"\u00ab\u00a0Concert\u00a0\u00bb Lebreton 2008\" href=\"https:\/\/guitares-et-luthiers.fr\/?page_id=215\">Lebreton concert 2008 \u00a0 (n\u00b0 16-118)<\/a><\/li>\n<li><a title=\"\u00ab\u00a0Concert \u00a0\u00bb 2000 Lebreton\" href=\"https:\/\/guitares-et-luthiers.fr\/?page_id=211\">Lebreton concert 2000\u00a0\u00a0 (n\u00b0 41-1)<\/a><\/li>\n<li><a href=\"https:\/\/guitares-et-luthiers.fr\/?page_id=1271\">Lebreton<\/a>, double table 2017, neuve. n\u00b0161<\/li>\n<li><a href=\"https:\/\/guitares-et-luthiers.fr\/?page_id=1215\">Lebreton<\/a>, double table 2017 \u00a0n\u00b0163<\/li>\n<li><a href=\"https:\/\/guitares-et-luthiers.fr\/?page_id=2079\">Lebreton<\/a> Jean-No\u00ebl\u00a0 double table 2022<\/li>\n<li>Yvon Le Moing concert 1996<\/li>\n<li><a title=\"\u00ab\u00a0Concert 7 cordes\u00a0\u00bb Yvon Lemoing 2007\" href=\"https:\/\/guitares-et-luthiers.fr\/?page_id=233\">Yvon Le Moing 7 cordes 2007<\/a><\/li>\n<li><a href=\"https:\/\/guitares-et-luthiers.fr\/?page_id=1421\">L\u00e9onard<\/a> Fran\u00e7ois R\u00e9gis , \u00e9pic\u00e9a, 2008,\u00a0<\/li>\n<li><a href=\"https:\/\/guitares-et-luthiers.fr\/?page_id=1055\">Lesueur<\/a>Daniel, 1980<\/li>\n<li><a href=\"https:\/\/guitares-et-luthiers.fr\/?page_id=884\">Lesueur<\/a>\u00a0 Daniel:\u00a0 1978 \u00a0n\u00b0 \u00a0177\u00a0\u00a0<\/li>\n<li><a href=\"https:\/\/guitares-et-luthiers.fr\/?page_id=1944\">Llanaj Agron\u00a0<\/a><\/li>\n<li><a href=\"https:\/\/guitares-et-luthiers.fr\/?page_id=1381\">Bertrand Martin<\/a> , 1980<\/li>\n<li><a href=\"https:\/\/guitares-et-luthiers.fr\/?page_id=1163\">Mercier<\/a>\u00a0Gilles, mod\u00e8le \u00ab\u00a0Fiat Lux\u00a0\u00bb 2010,\u00a0\u00a0<\/li>\n<li>Pappalardo S2<\/li>\n<li><a href=\"https:\/\/guitares-et-luthiers.fr\/?page_id=2186\">Partyka\u00a0<\/a> 2023\u00a0\u00a0<\/li>\n<li><a href=\"https:\/\/guitares-et-luthiers.fr\/?page_id=1458\">Perrin Jean-Marc <\/a>,<\/li>\n<li><a title=\"Quinson \u00ab\u00a0Concert\u00a0\u00bb 2002\" href=\"https:\/\/guitares-et-luthiers.fr\/?page_id=567\">Quinson concert 2002\u00a0<\/a><\/li>\n<li><a href=\"https:\/\/guitares-et-luthiers.fr\/?page_id=941\">Rodriguez<\/a> Manuel<\/li>\n<li><a title=\"Roffler \u00e9tude 2010\" href=\"https:\/\/guitares-et-luthiers.fr\/?page_id=613\">Roffler<\/a>\u00a0Ga\u00eblle, 2010, Etude.<\/li>\n<li><a href=\"https:\/\/guitares-et-luthiers.fr\/?page_id=1083\">Roffler<\/a>\u00a0Ga\u00eblle, 2010, Grand concert.<\/li>\n<li><a href=\"https:\/\/guitares-et-luthiers.fr\/?page_id=1782\">Roffler<\/a> Ga\u00eblle , 2022, Concert 2 bois.<\/li>\n<li><a href=\"https:\/\/guitares-et-luthiers.fr\/?page_id=2266\">Roffler<\/a>\u00a0 Ga\u00eblle, 2009, concert 2 bois.<\/li>\n<li><a href=\"https:\/\/guitares-et-luthiers.fr\/?page_id=2030\">Roffler<\/a> Ga\u00eblle\u00a0 mod. Ey\u00ebl 2022<\/li>\n<li><a href=\"https:\/\/guitares-et-luthiers.fr\/?page_id=2166\">Sakurai <\/a>Maestro RF \u00e9picea 2023\u00a0<\/li>\n<li><a style=\"font-size: 1rem;\" href=\"https:\/\/guitares-et-luthiers.fr\/?page_id=853\">Sanzano <\/a><span style=\"font-size: 1rem;\">Arturo, Concert, 2006, \u00e9pic\u00e9a.<\/span><\/li>\n<li><a href=\"https:\/\/guitares-et-luthiers.fr\/?page_id=1507\">Stark<\/a> Daniel, 2013, \u00e9pic\u00e9a double table.\u00a0<\/li>\n<li><a href=\"https:\/\/guitares-et-luthiers.fr\/?page_id=1636\">Traudt<\/a> Cornelia mod\u00e8le Aim\u00e9e\u00a0 2004\u00a0<\/li>\n<li><a href=\"https:\/\/guitares-et-luthiers.fr\/?page_id=1901\">Vu Tran\u00a0<\/a>\u00a0 double table \u00a0\u00a0 \u00a0 \u00a0 \u00a0 \u00a0 \u00a0 \u00a0 \u00a0 \u00a0 \u00a0 \u00a0 \u00a0\u00a0 <strong><br \/><\/strong><\/li>\n<\/ol>\n\n\n<p><\/p>\n","protected":false},"excerpt":{"rendered":"<p>D\u00e9p\u00f4t-vente de guitares classiques de luthiers neuves ou occasions Vous trouverez ici quelques exemples de guitares que je vends. Ce sont toujours des guitares pour lesquelles j\u2019ai craqu\u00e9 \u00e0 un moment donn\u00e9 en terme de son. Elles ont toutes une personnalit\u00e9; mais rien ne vaut un essai pour se forger son propre avis (il est &hellip; <\/p>\n<p class=\"link-more\"><a href=\"https:\/\/guitares-et-luthiers.fr\/?page_id=2\" class=\"more-link\">Continuer la lecture<span class=\"screen-reader-text\"> de &laquo;&nbsp;Guitares \u00e0 vendre&nbsp;&raquo;<\/span><\/a><\/p>\n","protected":false},"author":1,"featured_media":0,"parent":0,"menu_order":0,"comment_status":"open","ping_status":"open","template":"","meta":{"footnotes":""},"class_list":["post-2","page","type-page","status-publish","hentry"],"_links":{"self":[{"href":"https:\/\/guitares-et-luthiers.fr\/index.php?rest_route=\/wp\/v2\/pages\/2","targetHints":{"allow":["GET"]}}],"collection":[{"href":"https:\/\/guitares-et-luthiers.fr\/index.php?rest_route=\/wp\/v2\/pages"}],"about":[{"href":"https:\/\/guitares-et-luthiers.fr\/index.php?rest_route=\/wp\/v2\/types\/page"}],"author":[{"embeddable":true,"href":"https:\/\/guitares-et-luthiers.fr\/index.php?rest_route=\/wp\/v2\/users\/1"}],"replies":[{"embeddable":true,"href":"https:\/\/guitares-et-luthiers.fr\/index.php?rest_route=%2Fwp%2Fv2%2Fcomments&post=2"}],"version-history":[{"count":442,"href":"https:\/\/guitares-et-luthiers.fr\/index.php?rest_route=\/wp\/v2\/pages\/2\/revisions"}],"predecessor-version":[{"id":2627,"href":"https:\/\/guitares-et-luthiers.fr\/index.php?rest_route=\/wp\/v2\/pages\/2\/revisions\/2627"}],"wp:attachment":[{"href":"https:\/\/guitares-et-luthiers.fr\/index.php?rest_route=%2Fwp%2Fv2%2Fmedia&parent=2"}],"curies":[{"name":"wp","href":"https:\/\/api.w.org\/{rel}","templated":true}]}}