{"id":2020,"date":"2023-12-22T14:46:51","date_gmt":"2023-12-22T13:46:51","guid":{"rendered":"http:\/\/guitares-et-luthiers.fr\/?page_id=2020"},"modified":"2026-03-11T22:21:26","modified_gmt":"2026-03-11T21:21:26","slug":"bienvenue","status":"publish","type":"page","link":"https:\/\/guitares-et-luthiers.fr\/","title":{"rendered":""},"content":{"rendered":"\n<h3 class=\"wp-block-heading has-text-align-center\"><strong>D\u00e9p\u00f4t-vente de guitares classiques de luthiers neuves ou occasions.<\/strong><\/h3>\n\n\n\n<p class=\"has-text-align-center\"><strong>Showroom permanent <\/strong>; <strong>sur rendez-vous.<\/strong><\/p>\n\n\n<div class=\"wp-block-image\">\n<figure class=\"aligncenter\"><a href=\"https:\/\/guitares-et-luthiers.fr\/wp-content\/uploads\/2023\/01\/P1070579.jpeg\" rel=\"lightbox[2020]\"><img loading=\"lazy\" decoding=\"async\" width=\"300\" height=\"225\" src=\"https:\/\/guitares-et-luthiers.fr\/wp-content\/uploads\/2023\/01\/P1070579-300x225.jpeg\" alt=\"\" class=\"wp-image-1598\" srcset=\"https:\/\/guitares-et-luthiers.fr\/wp-content\/uploads\/2023\/01\/P1070579-300x225.jpeg 300w, https:\/\/guitares-et-luthiers.fr\/wp-content\/uploads\/2023\/01\/P1070579-1024x768.jpeg 1024w, https:\/\/guitares-et-luthiers.fr\/wp-content\/uploads\/2023\/01\/P1070579-768x576.jpeg 768w, https:\/\/guitares-et-luthiers.fr\/wp-content\/uploads\/2023\/01\/P1070579-1536x1152.jpeg 1536w, https:\/\/guitares-et-luthiers.fr\/wp-content\/uploads\/2023\/01\/P1070579-2048x1536.jpeg 2048w\" sizes=\"auto, (max-width: 300px) 100vw, 300px\" \/><\/a><\/figure>\n<\/div>\n\n\n<p>Passionn\u00e9 par la musique et la guitare j\u2019ai d\u00e9couvert le monde de la lutherie il y a quelques ann\u00e9es un peu par hasard ; depuis je n\u2019ai de cesse de d\u00e9couvrir de nouveaux luthiers, de nouveaux sons, de nouveaux horizons. Je me suis mis aussi \u00e0 fabriquer des guitares (que vous pouvez voir sous les onglets mod\u00e8les Audirac et Bouchet) gr\u00e2ce \u00e0 la g\u00e9n\u00e9rosit\u00e9 de 2 luthiers, et ceci m\u2019a fait comprendre que les sons , les timbres, les go\u00fbts sont multiples . C\u2019est pourquoi je continue \u00e0 chercher , \u00e0 comparer les luthiers et les guitares entre elles et je vous invite \u00e0 faire de m\u00eame.<\/p>\n\n\n\n<p>De la diversit\u00e9 na\u00eet la richesse .<\/p>\n\n\n\n<p>Vous trouverez sur ce site certaines de mes productions, des guitares d\u2019occasion en d\u00e9p\u00f4t-vente, des guitares neuves de luthiers, des guitares de jeunes luthiers. Vous ne trouverez donc sur ce site&nbsp; que des instruments de luthiers, connus ou pas encore, mais toujours choisis pour leurs qualit\u00e9s sonores!<\/p>\n\n\n\n<p>N\u2019h\u00e9sitez pas \u00e0 venir les essayer\u2026 et les comparer in-situ dans des conditions d\u2019essais optimum, au coin du feu, th\u00e9, caf\u00e9, g\u00e2teaux \u2026.sur rendez-vous.<\/p>\n\n\n\n<p>SIREN : 827691361<\/p>\n\n\n\n<figure class=\"wp-block-image\"><a href=\"https:\/\/guitares-et-luthiers.fr\/wp-content\/uploads\/2022\/11\/logo22-23.jpg\" rel=\"lightbox[2020]\"><img loading=\"lazy\" decoding=\"async\" width=\"300\" height=\"75\" src=\"https:\/\/guitares-et-luthiers.fr\/wp-content\/uploads\/2022\/11\/logo22-23-300x75.jpg\" alt=\"\" class=\"wp-image-1499\" srcset=\"https:\/\/guitares-et-luthiers.fr\/wp-content\/uploads\/2022\/11\/logo22-23-300x75.jpg 300w, https:\/\/guitares-et-luthiers.fr\/wp-content\/uploads\/2022\/11\/logo22-23-768x192.jpg 768w, https:\/\/guitares-et-luthiers.fr\/wp-content\/uploads\/2022\/11\/logo22-23.jpg 800w\" sizes=\"auto, (max-width: 300px) 100vw, 300px\" \/><\/a><\/figure>\n\n\n<div id=\"body_layer\">\n<div id=\"id3\">\n<p><a href=\"https:\/\/guitares-et-luthiers.fr\/wp-content\/uploads\/2023\/01\/P1070580.jpeg\" rel=\"lightbox[2020]\"><img loading=\"lazy\" decoding=\"async\" class=\"size-medium wp-image-1597 aligncenter\" src=\"https:\/\/guitares-et-luthiers.fr\/wp-content\/uploads\/2023\/01\/P1070580-300x225.jpeg\" alt=\"\" width=\"300\" height=\"225\" srcset=\"https:\/\/guitares-et-luthiers.fr\/wp-content\/uploads\/2023\/01\/P1070580-300x225.jpeg 300w, https:\/\/guitares-et-luthiers.fr\/wp-content\/uploads\/2023\/01\/P1070580-1024x768.jpeg 1024w, https:\/\/guitares-et-luthiers.fr\/wp-content\/uploads\/2023\/01\/P1070580-768x576.jpeg 768w, https:\/\/guitares-et-luthiers.fr\/wp-content\/uploads\/2023\/01\/P1070580-1536x1152.jpeg 1536w, https:\/\/guitares-et-luthiers.fr\/wp-content\/uploads\/2023\/01\/P1070580-2048x1536.jpeg 2048w\" sizes=\"auto, (max-width: 300px) 100vw, 300px\" \/><\/a><\/p>\n<p style=\"text-align: center;\"><span style=\"color: #ff00ff;\"><strong>D\u00e9p\u00f4t-vente de guitares classiques de luthiers neuves ou occasions<\/strong><\/span><\/p>\n<p>Rien ne vaut un essai pour se forger son propre avis (il est si facile d\u2019utiliser une multitude d\u2019adjectifs pour encenser une particularit\u00e9 si subjective). N\u2019h\u00e9sitez pas \u00e0 me contacter pour plus d\u2019informations, plus de photos, pour prendre rendez-vous\u00a0 ou simplement pour \u00e9changer sur un mod\u00e8le, un luthier ou la lutherie.<\/p>\n<p>cliquez sur le nom du luthier pour en voir les d\u00e9tails.<\/p>\n<\/div>\n<div id=\"id3\">\n<p>mise \u00e0 jour le \u00a0\u00a0 01\/ 26<\/p>\n<p style=\"text-align: center;\"><strong>Nouveaut\u00e9s<\/strong><\/p>\n<p style=\"text-align: center;\"><a href=\"https:\/\/guitares-et-luthiers.fr\/?page_id=2492\"><strong>Sakurai Maestro RF 2024<\/strong><\/a><\/p>\n<p style=\"text-align: center;\"><strong>Bedikian mod Bouchet 2025<\/strong><\/p>\n<p style=\"text-align: center;\"><strong>Dupont mod Pr\u00e9lude<\/strong><\/p>\n<p style=\"text-align: center;\"><strong>D\u00e9s\u00e9glise\u00a0<\/strong><\/p>\n<p><strong><a href=\"https:\/\/guitares-et-luthiers.fr\/?page_id=1443\">Abondance Pierre<\/a> :<\/strong> mod\u00e8le concert 2019 , \u00e9pic\u00e9a, dos et \u00e9clisses en \u00e9rable , chevalet palissandre. Avec \u00e9tui.\u00a0\u00a0\u00a0\u00a0\u00a0\u00a0\u00a0\u00a0\u00a0\u00a0\u00a0\u00a0\u00a0\u00a0\u00a0\u00a0\u00a0\u00a0\u00a0\u00a0\u00a0\u00a0\u00a0\u00a0\u00a0\u00a0\u00a0\u00a0\u00a0\u00a0\u00a0\u00a0\u00a0\u00a0\u00a0\u00a0\u00a0\u00a0\u00a0 \u00a0 \u00a0 \u00a0 \u00a0 \u00a0 \u00a0 \u00a0 \u00a0 \u00a0 \u00a0 \u00a0 \u00a0 \u00a0 \u00a0 \u00a0 \u00a0 \u00a0 \u00a0 \u00a0\u00a0<\/p>\n<p style=\"text-align: right;\"><strong>5 900<\/strong> euros<\/p>\n<p><a href=\"https:\/\/guitares-et-luthiers.fr\/wp-content\/uploads\/2022\/05\/IMG_6818-scaled.jpg\" rel=\"lightbox[2020]\"><img loading=\"lazy\" decoding=\"async\" class=\"alignnone size-medium wp-image-1436\" src=\"https:\/\/guitares-et-luthiers.fr\/wp-content\/uploads\/2022\/05\/IMG_6818-146x300.jpg\" alt=\"\" width=\"146\" height=\"300\" srcset=\"https:\/\/guitares-et-luthiers.fr\/wp-content\/uploads\/2022\/05\/IMG_6818-146x300.jpg 146w, https:\/\/guitares-et-luthiers.fr\/wp-content\/uploads\/2022\/05\/IMG_6818-499x1024.jpg 499w, https:\/\/guitares-et-luthiers.fr\/wp-content\/uploads\/2022\/05\/IMG_6818-768x1577.jpg 768w, https:\/\/guitares-et-luthiers.fr\/wp-content\/uploads\/2022\/05\/IMG_6818-748x1536.jpg 748w, https:\/\/guitares-et-luthiers.fr\/wp-content\/uploads\/2022\/05\/IMG_6818-997x2048.jpg 997w, https:\/\/guitares-et-luthiers.fr\/wp-content\/uploads\/2022\/05\/IMG_6818-scaled.jpg 1247w\" sizes=\"auto, (max-width: 146px) 100vw, 146px\" \/><\/a><\/p>\n<p><strong><a href=\"https:\/\/guitares-et-luthiers.fr\/?page_id=224\">Audirac Concert 2009\u00a0<\/a> : <\/strong>Table red cedar , dos et \u00e9clisses en palissandre des Indes,touche \u00e9b\u00e8ne,\u00a0 diapason 63. Avec \u00e9tui.<strong><br \/><\/strong><\/p>\n<p style=\"text-align: right;\"><strong> 3 500 <\/strong>euros<\/p>\n<p><a href=\"https:\/\/guitares-et-luthiers.fr\/wp-content\/uploads\/2013\/12\/P1070542.jpg\" rel=\"lightbox[2020]\"><img loading=\"lazy\" decoding=\"async\" class=\"alignnone wp-image-62\" src=\"https:\/\/guitares-et-luthiers.fr\/wp-content\/uploads\/2013\/12\/P1070542-225x300.jpg\" alt=\"audirac concert\" width=\"169\" height=\"225\" srcset=\"https:\/\/guitares-et-luthiers.fr\/wp-content\/uploads\/2013\/12\/P1070542-225x300.jpg 225w, https:\/\/guitares-et-luthiers.fr\/wp-content\/uploads\/2013\/12\/P1070542-768x1024.jpg 768w, https:\/\/guitares-et-luthiers.fr\/wp-content\/uploads\/2013\/12\/P1070542.jpg 1728w\" sizes=\"auto, (max-width: 169px) 100vw, 169px\" \/><\/a><\/p>\n<p><strong>Bedikian <\/strong>2019 \u00e9picea, dos et \u00e9clisses en palissandre, une autre de 2021 , une autre de 2020 en red cedar, avec \u00e9tui. Photos et descriptif en cours.<\/p>\n<p style=\"text-align: right;\"><strong>4 500<\/strong> euros<\/p>\n<p><strong>Bedikian <\/strong>2025 mod\u00e8le Bouchet, \u00e9picea, dos et \u00e9clisses en palissandre, avec \u00e9tui. Photos et descriptif en cours.<\/p>\n<p style=\"text-align: right;\"><strong>6000<\/strong>\u00a0euros<\/p>\n<p><a href=\"https:\/\/guitares-et-luthiers.fr\/?page_id=2204\"><strong>Pierre-Alexandre Bellest<\/strong><\/a>: 2016 table red cedar, dos et \u00e9clisses en palissandre, touche \u00e9b\u00e8ne, chevalet palissandre, avec \u00e9tui rigide. Photos et descriptif en cours.<\/p>\n<p style=\"text-align: right;\"><strong>5 000<\/strong> euros<\/p>\n<p><img loading=\"lazy\" decoding=\"async\" class=\"alignnone size-medium wp-image-2194\" src=\"https:\/\/guitares-et-luthiers.fr\/wp-content\/uploads\/2024\/04\/PA-Bellest-2016-e-129x300.jpg\" alt=\"\" width=\"129\" height=\"300\" srcset=\"https:\/\/guitares-et-luthiers.fr\/wp-content\/uploads\/2024\/04\/PA-Bellest-2016-e-129x300.jpg 129w, https:\/\/guitares-et-luthiers.fr\/wp-content\/uploads\/2024\/04\/PA-Bellest-2016-e-441x1024.jpg 441w, https:\/\/guitares-et-luthiers.fr\/wp-content\/uploads\/2024\/04\/PA-Bellest-2016-e-768x1782.jpg 768w, https:\/\/guitares-et-luthiers.fr\/wp-content\/uploads\/2024\/04\/PA-Bellest-2016-e-662x1536.jpg 662w, https:\/\/guitares-et-luthiers.fr\/wp-content\/uploads\/2024\/04\/PA-Bellest-2016-e-883x2048.jpg 883w, https:\/\/guitares-et-luthiers.fr\/wp-content\/uploads\/2024\/04\/PA-Bellest-2016-e-scaled.jpg 1104w\" sizes=\"auto, (max-width: 129px) 100vw, 129px\" \/><\/p>\n<\/div>\n<div>\n<p><a href=\"https:\/\/guitares-et-luthiers.fr\/?page_id=1656\"><strong>Delarue<\/strong><\/a>\u00a0 1999 red cedar , mod\u00e8le Grand Concert, dos et \u00e9clisses en palissandre des Indes, touche \u00e9b\u00e8ne, chevalet palissandre, avec \u00e9tui rigide.\u00a0\u00a0\u00a0<\/p>\n<p style=\"text-align: right;\"><strong>5 000<\/strong> euros<\/p>\n<p><a href=\"https:\/\/guitares-et-luthiers.fr\/wp-content\/uploads\/2023\/03\/IMG_9074-scaled.jpg\" rel=\"lightbox[2020]\"><img loading=\"lazy\" decoding=\"async\" class=\"alignnone size-medium wp-image-1644\" src=\"https:\/\/guitares-et-luthiers.fr\/wp-content\/uploads\/2023\/03\/IMG_9074-130x300.jpg\" alt=\"\" width=\"130\" height=\"300\" srcset=\"https:\/\/guitares-et-luthiers.fr\/wp-content\/uploads\/2023\/03\/IMG_9074-130x300.jpg 130w, https:\/\/guitares-et-luthiers.fr\/wp-content\/uploads\/2023\/03\/IMG_9074-443x1024.jpg 443w, https:\/\/guitares-et-luthiers.fr\/wp-content\/uploads\/2023\/03\/IMG_9074-768x1777.jpg 768w, https:\/\/guitares-et-luthiers.fr\/wp-content\/uploads\/2023\/03\/IMG_9074-664x1536.jpg 664w, https:\/\/guitares-et-luthiers.fr\/wp-content\/uploads\/2023\/03\/IMG_9074-885x2048.jpg 885w, https:\/\/guitares-et-luthiers.fr\/wp-content\/uploads\/2023\/03\/IMG_9074-scaled.jpg 1107w\" sizes=\"auto, (max-width: 130px) 100vw, 130px\" \/><\/a><\/p>\n<p><a href=\"https:\/\/guitares-et-luthiers.fr\/?page_id=1827\"><strong>Desaunay<\/strong><\/a> Jean-Marie : table en red cedar , dos et \u00e9clisses en palissandre, touche \u00e9b\u00e8ne, manche en cedro, vernis tampon, avec \u00e9tui. \u00a0 \u00a0 \u00a0 \u00a0 \u00a0 \u00a0 \u00a0 \u00a0 \u00a0 \u00a0 \u00a0 \u00a0 \u00a0 \u00a0 \u00a0 \u00a0 \u00a0\u00a0<\/p>\n<p style=\"text-align: right;\"><strong>2 500<\/strong> euros<\/p>\n<p><a href=\"https:\/\/guitares-et-luthiers.fr\/wp-content\/uploads\/2023\/06\/IMG_9238-scaled.jpg\" rel=\"lightbox[2020]\"><img loading=\"lazy\" decoding=\"async\" class=\"alignnone size-medium wp-image-1816\" src=\"https:\/\/guitares-et-luthiers.fr\/wp-content\/uploads\/2023\/06\/IMG_9238-133x300.jpg\" alt=\"\" width=\"133\" height=\"300\" srcset=\"https:\/\/guitares-et-luthiers.fr\/wp-content\/uploads\/2023\/06\/IMG_9238-133x300.jpg 133w, https:\/\/guitares-et-luthiers.fr\/wp-content\/uploads\/2023\/06\/IMG_9238-453x1024.jpg 453w, https:\/\/guitares-et-luthiers.fr\/wp-content\/uploads\/2023\/06\/IMG_9238-768x1737.jpg 768w, https:\/\/guitares-et-luthiers.fr\/wp-content\/uploads\/2023\/06\/IMG_9238-679x1536.jpg 679w, https:\/\/guitares-et-luthiers.fr\/wp-content\/uploads\/2023\/06\/IMG_9238-906x2048.jpg 906w, https:\/\/guitares-et-luthiers.fr\/wp-content\/uploads\/2023\/06\/IMG_9238-scaled.jpg 1132w\" sizes=\"auto, (max-width: 133px) 100vw, 133px\" \/><\/a><\/p>\n<p><strong>D\u00e9s\u00e9glise :\u00a0<\/strong>guitare table en \u00e9pic\u00e9a, fonds et \u00e9clisses en palissandre. Avec \u00e9tui.<\/p>\n<p><strong><a href=\"https:\/\/guitares-et-luthiers.fr\/?page_id=1809\">Donadey<\/a><\/strong> 1995 n\u00b0 5.114\u00a0 Grand Concert table en red cedar, dos et \u00e9clisses en palissandre des Indes qualit\u00e9 sup\u00e9rieure ( au moins 30 ans de s\u00e9chage) , barrage avec renfort carbone,touche \u00e9b\u00e8ne du Gabon, manche en cedro du Honduras. Vernis tampon. Avec \u00e9tui.<\/p>\n<p style=\"text-align: right;\"><strong>8 000<\/strong> euros<\/p>\n<p><a href=\"https:\/\/guitares-et-luthiers.fr\/wp-content\/uploads\/2023\/06\/IMG_9174-scaled.jpg\" rel=\"lightbox[2020]\"><img loading=\"lazy\" decoding=\"async\" class=\"alignnone size-medium wp-image-1801\" src=\"https:\/\/guitares-et-luthiers.fr\/wp-content\/uploads\/2023\/06\/IMG_9174-129x300.jpg\" alt=\"\" width=\"129\" height=\"300\" srcset=\"https:\/\/guitares-et-luthiers.fr\/wp-content\/uploads\/2023\/06\/IMG_9174-129x300.jpg 129w, https:\/\/guitares-et-luthiers.fr\/wp-content\/uploads\/2023\/06\/IMG_9174-439x1024.jpg 439w, https:\/\/guitares-et-luthiers.fr\/wp-content\/uploads\/2023\/06\/IMG_9174-768x1792.jpg 768w, https:\/\/guitares-et-luthiers.fr\/wp-content\/uploads\/2023\/06\/IMG_9174-658x1536.jpg 658w, https:\/\/guitares-et-luthiers.fr\/wp-content\/uploads\/2023\/06\/IMG_9174-878x2048.jpg 878w, https:\/\/guitares-et-luthiers.fr\/wp-content\/uploads\/2023\/06\/IMG_9174-scaled.jpg 1097w\" sizes=\"auto, (max-width: 129px) 100vw, 129px\" \/><\/a><\/p>\n<p><strong>Dupont mod\u00e8le Pr\u00e9lude<\/strong><\/p>\n<p><a href=\"https:\/\/guitares-et-luthiers.fr\/?page_id=2453\"><strong>Fouilleul Moguerou<\/strong><\/a> mod\u00e8le C9, table red cedar, palissandre indien, avec \u00e9tui.<\/p>\n<p style=\"text-align: right;\"><strong>4 800 <\/strong>euros<\/p>\n<p><img loading=\"lazy\" decoding=\"async\" class=\"alignnone size-medium wp-image-2447\" src=\"https:\/\/guitares-et-luthiers.fr\/wp-content\/uploads\/2025\/06\/IMG_5923-128x300.jpeg\" alt=\"\" width=\"128\" height=\"300\" srcset=\"https:\/\/guitares-et-luthiers.fr\/wp-content\/uploads\/2025\/06\/IMG_5923-128x300.jpeg 128w, https:\/\/guitares-et-luthiers.fr\/wp-content\/uploads\/2025\/06\/IMG_5923-437x1024.jpeg 437w, https:\/\/guitares-et-luthiers.fr\/wp-content\/uploads\/2025\/06\/IMG_5923-768x1801.jpeg 768w, https:\/\/guitares-et-luthiers.fr\/wp-content\/uploads\/2025\/06\/IMG_5923-655x1536.jpeg 655w, https:\/\/guitares-et-luthiers.fr\/wp-content\/uploads\/2025\/06\/IMG_5923-873x2048.jpeg 873w, https:\/\/guitares-et-luthiers.fr\/wp-content\/uploads\/2025\/06\/IMG_5923-scaled.jpeg 1092w\" sizes=\"auto, (max-width: 128px) 100vw, 128px\" \/>\u00a0 \u00a0 \u00a0 \u00a0 \u00a0 \u00a0 \u00a0 \u00a0 \u00a0 \u00a0 \u00a0 \u00a0 \u00a0 \u00a0 \u00a0 \u00a0 \u00a0 \u00a0 \u00a0 \u00a0 \u00a0 \u00a0 \u00a0 \u00a0 \u00a0 \u00a0 \u00a0 \u00a0 \u00a0 \u00a0 \u00a0 \u00a0 \u00a0 \u00a0 \u00a0 \u00a0 \u00a0 \u00a0 \u00a0 \u00a0 \u00a0 \u00a0 \u00a0 \u00a0 \u00a0 \u00a0 \u00a0 \u00a0 \u00a0 \u00a0\u00a0<\/p>\n<p><a href=\"https:\/\/guitares-et-luthiers.fr\/?page_id=2382\"><strong>Fouilleul<\/strong> <\/a>\u00a0Mod\u00e8le Arche 483, table en \u00e9pic\u00e9a du Jura, 1er choix s\u00e9lectionn\u00e9, fond et \u00e9clisses en palissandre, placage de t\u00eate, marqueterie et filet de table en loupe d\u2019Amboine, rosace unique, manche en acajou du Br\u00e9sil avec enture en V, renforc\u00e9 par 2 tiges de carbone, touche \u00e9b\u00e8ne, vernis tampon, diapason 65cm, m\u00e9caniques Alessi sans frottement (mont\u00e9e sur bague t\u00e9flon), pan inclin\u00e9 sur la table. Avec \u00e9tui.<\/p>\n<\/div>\n<\/div>\n<p style=\"text-align: right;\"><strong>7300 <\/strong>euros<\/p>\n<p><img loading=\"lazy\" decoding=\"async\" class=\"alignnone size-medium wp-image-2368\" src=\"https:\/\/guitares-et-luthiers.fr\/wp-content\/uploads\/2025\/04\/IMG_4802-3-132x300.jpeg\" alt=\"\" width=\"132\" height=\"300\" srcset=\"https:\/\/guitares-et-luthiers.fr\/wp-content\/uploads\/2025\/04\/IMG_4802-3-132x300.jpeg 132w, https:\/\/guitares-et-luthiers.fr\/wp-content\/uploads\/2025\/04\/IMG_4802-3-452x1024.jpeg 452w, https:\/\/guitares-et-luthiers.fr\/wp-content\/uploads\/2025\/04\/IMG_4802-3-768x1739.jpeg 768w, https:\/\/guitares-et-luthiers.fr\/wp-content\/uploads\/2025\/04\/IMG_4802-3-678x1536.jpeg 678w, https:\/\/guitares-et-luthiers.fr\/wp-content\/uploads\/2025\/04\/IMG_4802-3-904x2048.jpeg 904w, https:\/\/guitares-et-luthiers.fr\/wp-content\/uploads\/2025\/04\/IMG_4802-3-scaled.jpeg 1131w\" sizes=\"auto, (max-width: 132px) 100vw, 132px\" \/><\/p>\n<div id=\"body_layer\">\n<div>\n<p><strong>Guillo<\/strong> , \u00e9pic\u00e9a \u00a0 \u00a0 \u00a0 \u00a0 \u00a0 \u00a0 \u00a0 \u00a0 \u00a0 \u00a0 \u00a0 \u00a0 \u00a0 \u00a0 \u00a0 \u00a0 \u00a0 \u00a0 \u00a0 \u00a0 \u00a0 \u00a0 \u00a0 \u00a0 \u00a0 \u00a0 \u00a0 \u00a0 \u00a0 \u00a0 \u00a0 \u00a0 \u00a0 \u00a0 \u00a0 \u00a0 \u00a0 \u00a0 \u00a0 \u00a0 \u00a0 \u00a0\u00a0<\/p>\n<p style=\"text-align: right;\"><strong>1 300<\/strong> euro<strong>s<\/strong><\/p>\n<p><a href=\"https:\/\/guitares-et-luthiers.fr\/?page_id=2224\"><strong>Kenny Hill <\/strong><\/a>, mod\u00e8le Barcelona, 2002 red cedar, dos et \u00e9clisses en palissandre, chevalet palissandre, avec \u00e9tui. Photos et descriptif en cours.<\/p>\n<p style=\"text-align: right;\"><strong>3 500<\/strong> euros<\/p>\n<p><img loading=\"lazy\" decoding=\"async\" class=\"alignnone size-medium wp-image-2214\" src=\"https:\/\/guitares-et-luthiers.fr\/wp-content\/uploads\/2024\/04\/Kenny-Hill-2116-e-125x300.jpg\" alt=\"\" width=\"125\" height=\"300\" srcset=\"https:\/\/guitares-et-luthiers.fr\/wp-content\/uploads\/2024\/04\/Kenny-Hill-2116-e-125x300.jpg 125w, https:\/\/guitares-et-luthiers.fr\/wp-content\/uploads\/2024\/04\/Kenny-Hill-2116-e-426x1024.jpg 426w, https:\/\/guitares-et-luthiers.fr\/wp-content\/uploads\/2024\/04\/Kenny-Hill-2116-e-768x1848.jpg 768w, https:\/\/guitares-et-luthiers.fr\/wp-content\/uploads\/2024\/04\/Kenny-Hill-2116-e-638x1536.jpg 638w, https:\/\/guitares-et-luthiers.fr\/wp-content\/uploads\/2024\/04\/Kenny-Hill-2116-e-851x2048.jpg 851w, https:\/\/guitares-et-luthiers.fr\/wp-content\/uploads\/2024\/04\/Kenny-Hill-2116-e-scaled.jpg 1064w\" sizes=\"auto, (max-width: 125px) 100vw, 125px\" \/><\/p>\n<p><strong>Jean-Luc Joie<\/strong> 2008 mod\u00e8le Alma<\/p>\n<p style=\"text-align: right;\"><strong>2 300 <\/strong>euros<\/p>\n<p><strong><a href=\"https:\/\/guitares-et-luthiers.fr\/?page_id=2356\">Lebreton<\/a> <\/strong>2022 double-table en red cedar-nomex-\u00e9pic\u00e9a, \u00e9picea bronz\u00e9, fond, \u00e9clisses et chevalet en palissandre, manche en cedro du Honduras, touche en \u00e9b\u00e8ne, repose-bras, chevalet \u00e0 12 trous ailes all\u00e9g\u00e9es, rosace fabriqu\u00e9e par Jean-No\u00ebl Lebreton, soundport, sillets en Tusq, diapason 650, m\u00e9caniques Schaller avec roller , avec \u00e9tui. Vernis enti\u00e8rement au tampon.<\/p>\n<p style=\"text-align: right;\"><strong>5 900 euros<\/strong>\u00a0 \u00a0<\/p>\n<\/div>\n<p><img loading=\"lazy\" decoding=\"async\" class=\"alignnone size-medium wp-image-2344\" src=\"https:\/\/guitares-et-luthiers.fr\/wp-content\/uploads\/2025\/04\/IMG_4785-3-130x300.jpeg\" alt=\"\" width=\"130\" height=\"300\" srcset=\"https:\/\/guitares-et-luthiers.fr\/wp-content\/uploads\/2025\/04\/IMG_4785-3-130x300.jpeg 130w, https:\/\/guitares-et-luthiers.fr\/wp-content\/uploads\/2025\/04\/IMG_4785-3-443x1024.jpeg 443w, https:\/\/guitares-et-luthiers.fr\/wp-content\/uploads\/2025\/04\/IMG_4785-3-768x1777.jpeg 768w, https:\/\/guitares-et-luthiers.fr\/wp-content\/uploads\/2025\/04\/IMG_4785-3-664x1536.jpeg 664w, https:\/\/guitares-et-luthiers.fr\/wp-content\/uploads\/2025\/04\/IMG_4785-3-885x2048.jpeg 885w, https:\/\/guitares-et-luthiers.fr\/wp-content\/uploads\/2025\/04\/IMG_4785-3-scaled.jpeg 1106w\" sizes=\"auto, (max-width: 130px) 100vw, 130px\" \/><\/p>\n<div>\n<p><a href=\"https:\/\/guitares-et-luthiers.fr\/?page_id=1751\"><strong>Pradel Mayeul<\/strong><\/a> : n\u00b0 7 , table \u00e9pic\u00e9a, dos et \u00e9clisses en noyer, chevalet cocobolo, avec \u00e9tui .\u00a0\u00a0\u00a0\u00a0\u00a0<\/p>\n<p style=\"text-align: right;\"><strong>3 600<\/strong> euros<\/p>\n<p><a href=\"https:\/\/guitares-et-luthiers.fr\/wp-content\/uploads\/2023\/05\/IMG_9633-scaled.jpg\" rel=\"lightbox[2020]\"><img loading=\"lazy\" decoding=\"async\" class=\"alignnone  wp-image-1728\" src=\"https:\/\/guitares-et-luthiers.fr\/wp-content\/uploads\/2023\/05\/IMG_9633-151x300.jpg\" alt=\"\" width=\"148\" height=\"294\" srcset=\"https:\/\/guitares-et-luthiers.fr\/wp-content\/uploads\/2023\/05\/IMG_9633-151x300.jpg 151w, https:\/\/guitares-et-luthiers.fr\/wp-content\/uploads\/2023\/05\/IMG_9633-514x1024.jpg 514w, https:\/\/guitares-et-luthiers.fr\/wp-content\/uploads\/2023\/05\/IMG_9633-768x1530.jpg 768w, https:\/\/guitares-et-luthiers.fr\/wp-content\/uploads\/2023\/05\/IMG_9633-771x1536.jpg 771w, https:\/\/guitares-et-luthiers.fr\/wp-content\/uploads\/2023\/05\/IMG_9633-1028x2048.jpg 1028w, https:\/\/guitares-et-luthiers.fr\/wp-content\/uploads\/2023\/05\/IMG_9633-scaled.jpg 1285w\" sizes=\"auto, (max-width: 148px) 100vw, 148px\" \/><\/a>\u00a0 \u00a0 \u00a0<\/p>\n<\/div>\n<\/div>\n<p><a href=\"https:\/\/guitares-et-luthiers.fr\/?page_id=2492\"><strong>Sakurai Maestro RF 2024<\/strong><\/a>\u00a0 \u00a0table plongeante en \u00e9pic\u00e9a, dos et \u00e9clises en palissandre, touche \u00e9b\u00e8ne, manche cedro, avec \u00e9tui\u00a0<\/p>\n<p style=\"text-align: right;\"><strong>9100<\/strong> euros<\/p>\n<p><strong>Guitares 7 cordes et plus<\/strong><\/p>\n<p><strong>Castellucia<\/strong> , 10 cordes 1975 restaur\u00e9e<\/p>\n<p><strong>Fouilleul<\/strong> 7 cordes, concert 2 de 1996<\/p>\n<p style=\"text-align: right;\"><strong>3 500<\/strong> euros<\/p>\n<p style=\"text-align: left;\"><a href=\"https:\/\/guitares-et-luthiers.fr\/?page_id=2543\"><strong>Fouilleul<\/strong> 7 cordes Arche<\/a>, n\u00b0 500-6 Table en Red Cedar, fond et \u00e9clisses en palissandre des Indes vernis tampon. Manche en \u00e9rable ond\u00e9 avec 2 barres de renfort en carbone et un verni satin\u00e9 pour le confort de jeu, touche en \u00e9b\u00e8ne creus\u00e9e rempli d\u2019\u00e9pic\u00e9a l\u00e9g\u00e8rement bomb\u00e9.Repose bras \u00e9rable, \u00e9tui BAM<\/p>\n<p style=\"text-align: right;\">\u00a0<strong>6000<\/strong> euros<\/p>\n<p style=\"text-align: center;\"><strong>Autres :<\/strong><\/p>\n<p><strong>Gibson<\/strong> super 400 CES blonde 1956\u00a0<\/p>\n<p><strong>Jacobacci<\/strong> mod\u00e8le Sacha Distel 1974\u00a0<\/p>\n<p><a href=\"https:\/\/guitares-et-luthiers.fr\/?page_id=2651\"><strong>Fender<\/strong> <\/a>ampli Deluxe Vintage de 1965<\/p>\n<p><strong>Godin<\/strong> multiac\u00a0<\/p>\n<hr \/>\n<p>\u00a0\u00a0 \u00a0 \u00a0 \u00a0 \u00a0 \u00a0 \u00a0 \u00a0 \u00a0 \u00a0 \u00a0 \u00a0\u00a0 <strong><br \/><\/strong><\/p>\n\n\n<figure class=\"wp-block-image\"><a href=\"https:\/\/guitares-et-luthiers.fr\/wp-content\/uploads\/2017\/06\/Flag_of_the_United_Kingdom.png\" rel=\"lightbox[2020]\"><img loading=\"lazy\" decoding=\"async\" width=\"100\" height=\"50\" src=\"https:\/\/guitares-et-luthiers.fr\/wp-content\/uploads\/2017\/06\/Flag_of_the_United_Kingdom.png\" alt=\"\" class=\"wp-image-997\"\/><\/a><\/figure>\n\n\n\n<p>Welcome!<\/p>\n\n\n\n<p>I was already in love with music and the guitar when I discovered the world of guitar making somewhat by chance some years ago.Since then I have never stopped discovering new luthiers, new sounds, new horizons.&nbsp; I also started making my own guitars thanks to the generosity of two luthiers (they can be seen by clicking on the models Audirac and Bouchet), and this made me understand how numerous are the tones, the timbres and the tastes in guitar construction. This is why I continue to search, to compare the luthiers and their guitars and I invite you to do the same.<\/p>\n\n\n\n<p>From diversity is born richness.<\/p>\n\n\n\n<p>You will find on this site certain guitars I have made, used guitars on consignment, newly made guitars by known luthiers and guitars made by young little known luthiers. You will only find on this site instruments by guitar makers, famous or not, but always chosen for their quality of sound.<\/p>\n\n\n\n<p>You are welcome in my workshop and cozy showroom located near Caen-Ouistreham in Normandy, France, to try out and compare these guitars under ideal acoustic conditions. By appointment only.&nbsp;<\/p>\n","protected":false},"excerpt":{"rendered":"<p>D\u00e9p\u00f4t-vente de guitares classiques de luthiers neuves ou occasions. Showroom permanent ; sur rendez-vous. Passionn\u00e9 par la musique et la guitare j\u2019ai d\u00e9couvert le monde de la lutherie il y a quelques ann\u00e9es un peu par hasard ; depuis je n\u2019ai de cesse de d\u00e9couvrir de nouveaux luthiers, de nouveaux sons, de nouveaux horizons. Je &hellip; <\/p>\n<p class=\"link-more\"><a href=\"https:\/\/guitares-et-luthiers.fr\/\" class=\"more-link\">Continuer la lecture<span class=\"screen-reader-text\"> de &laquo;&nbsp;&nbsp;&raquo;<\/span><\/a><\/p>\n","protected":false},"author":2,"featured_media":0,"parent":0,"menu_order":0,"comment_status":"closed","ping_status":"closed","template":"","meta":{"footnotes":""},"class_list":["post-2020","page","type-page","status-publish","hentry"],"_links":{"self":[{"href":"https:\/\/guitares-et-luthiers.fr\/index.php?rest_route=\/wp\/v2\/pages\/2020","targetHints":{"allow":["GET"]}}],"collection":[{"href":"https:\/\/guitares-et-luthiers.fr\/index.php?rest_route=\/wp\/v2\/pages"}],"about":[{"href":"https:\/\/guitares-et-luthiers.fr\/index.php?rest_route=\/wp\/v2\/types\/page"}],"author":[{"embeddable":true,"href":"https:\/\/guitares-et-luthiers.fr\/index.php?rest_route=\/wp\/v2\/users\/2"}],"replies":[{"embeddable":true,"href":"https:\/\/guitares-et-luthiers.fr\/index.php?rest_route=%2Fwp%2Fv2%2Fcomments&post=2020"}],"version-history":[{"count":101,"href":"https:\/\/guitares-et-luthiers.fr\/index.php?rest_route=\/wp\/v2\/pages\/2020\/revisions"}],"predecessor-version":[{"id":2654,"href":"https:\/\/guitares-et-luthiers.fr\/index.php?rest_route=\/wp\/v2\/pages\/2020\/revisions\/2654"}],"wp:attachment":[{"href":"https:\/\/guitares-et-luthiers.fr\/index.php?rest_route=%2Fwp%2Fv2%2Fmedia&parent=2020"}],"curies":[{"name":"wp","href":"https:\/\/api.w.org\/{rel}","templated":true}]}}