{"id":203,"date":"2014-01-03T09:39:17","date_gmt":"2014-01-03T08:39:17","guid":{"rendered":"http:\/\/guitares-et-luthiers.fr\/?page_id=203"},"modified":"2022-10-02T17:58:24","modified_gmt":"2022-10-02T16:58:24","slug":"concert-1-fouilleul","status":"publish","type":"page","link":"https:\/\/guitares-et-luthiers.fr\/?page_id=203","title":{"rendered":"\u00ab\u00a0Concert 1\u00a0\u00bb Fouilleul"},"content":{"rendered":"<p>Luthier :\u00a0Fouilleul<\/p>\n<p>Mod\u00e8le :\u00a0Concert 1<\/p>\n<p>Ann\u00e9e :\u00a01996<\/p>\n<p>Bois :\u00a0table en red cedar, dos et \u00e9clisses en palissandre, touche \u00e9b\u00e8ne, chevalet en palissandre.Guitare tr\u00e8s agr\u00e9able \u00e0 jouer, avec des notes tr\u00e8s d\u00e9tach\u00e9es pour une c\u00e8dre, de belles basses. Une facilit\u00e9 de jeu impressionnante.Une marqueterie originale et tr\u00e8s belle sur la rosace, une d\u00e9coupe de t\u00eate elle aussi originale, une d\u00e9coration de tr\u00e8s bon go\u00fbt<\/p>\n<address>Une finition sans d\u00e9faut, de beaux bois. Des t\u00eates originales avec de belles marqueteries.Chevalet caract\u00e9ristique des guitares Fouilleul avec doubles trous pour le passage des cordes.\u00a0\u00a0\u00a0Liens\u00a0<a title=\"http:\/\/www.guitar-fouilleul.com\" href=\"http:\/\/www.guitar-fouilleul.com\/\">www.guitar-fouilleul.com<\/a>\u00a0 ref:\u201cguitares et luthiers d\u2019en France\u201dEd Chandelle<\/address>\n<p><a href=\"https:\/\/guitares-et-luthiers.fr\/wp-content\/uploads\/2014\/01\/P1050115.jpg\" rel=\"lightbox[203]\"><img loading=\"lazy\" decoding=\"async\" class=\"alignnone size-medium wp-image-292\" src=\"https:\/\/guitares-et-luthiers.fr\/wp-content\/uploads\/2014\/01\/P1050115-300x225.jpg\" alt=\"guitare Fouilleul C1\" width=\"300\" height=\"225\" srcset=\"https:\/\/guitares-et-luthiers.fr\/wp-content\/uploads\/2014\/01\/P1050115-300x225.jpg 300w, https:\/\/guitares-et-luthiers.fr\/wp-content\/uploads\/2014\/01\/P1050115-1024x768.jpg 1024w\" sizes=\"auto, (max-width: 300px) 100vw, 300px\" \/><\/a> <a href=\"https:\/\/guitares-et-luthiers.fr\/wp-content\/uploads\/2014\/01\/P1050112.jpg\" rel=\"lightbox[203]\"><img loading=\"lazy\" decoding=\"async\" class=\"alignnone size-medium wp-image-291\" src=\"https:\/\/guitares-et-luthiers.fr\/wp-content\/uploads\/2014\/01\/P1050112-225x300.jpg\" alt=\"guitare Fouilleul C1\" width=\"225\" height=\"300\" srcset=\"https:\/\/guitares-et-luthiers.fr\/wp-content\/uploads\/2014\/01\/P1050112-225x300.jpg 225w, https:\/\/guitares-et-luthiers.fr\/wp-content\/uploads\/2014\/01\/P1050112-768x1024.jpg 768w, https:\/\/guitares-et-luthiers.fr\/wp-content\/uploads\/2014\/01\/P1050112.jpg 1728w\" sizes=\"auto, (max-width: 225px) 100vw, 225px\" \/><\/a> <a href=\"https:\/\/guitares-et-luthiers.fr\/wp-content\/uploads\/2014\/01\/P1050111.jpg\" rel=\"lightbox[203]\"><img loading=\"lazy\" decoding=\"async\" class=\"alignnone size-medium wp-image-290\" src=\"https:\/\/guitares-et-luthiers.fr\/wp-content\/uploads\/2014\/01\/P1050111-300x225.jpg\" alt=\"guitare Fouilleul C1\" width=\"300\" height=\"225\" srcset=\"https:\/\/guitares-et-luthiers.fr\/wp-content\/uploads\/2014\/01\/P1050111-300x225.jpg 300w, https:\/\/guitares-et-luthiers.fr\/wp-content\/uploads\/2014\/01\/P1050111-1024x768.jpg 1024w\" sizes=\"auto, (max-width: 300px) 100vw, 300px\" \/><\/a> <a href=\"https:\/\/guitares-et-luthiers.fr\/wp-content\/uploads\/2014\/01\/P1050037.jpg\" rel=\"lightbox[203]\"><img loading=\"lazy\" decoding=\"async\" class=\"alignnone size-medium wp-image-289\" src=\"https:\/\/guitares-et-luthiers.fr\/wp-content\/uploads\/2014\/01\/P1050037-225x300.jpg\" alt=\"guitare Fouilleul C1\" width=\"225\" height=\"300\" srcset=\"https:\/\/guitares-et-luthiers.fr\/wp-content\/uploads\/2014\/01\/P1050037-225x300.jpg 225w, https:\/\/guitares-et-luthiers.fr\/wp-content\/uploads\/2014\/01\/P1050037-768x1024.jpg 768w, https:\/\/guitares-et-luthiers.fr\/wp-content\/uploads\/2014\/01\/P1050037.jpg 1200w\" sizes=\"auto, (max-width: 225px) 100vw, 225px\" \/><\/a> <a href=\"https:\/\/guitares-et-luthiers.fr\/wp-content\/uploads\/2014\/01\/P1050036.jpg\" rel=\"lightbox[203]\"><img loading=\"lazy\" decoding=\"async\" class=\"alignnone size-medium wp-image-288\" src=\"https:\/\/guitares-et-luthiers.fr\/wp-content\/uploads\/2014\/01\/P1050036-300x225.jpg\" alt=\"guitare Fouilleul C1\" width=\"300\" height=\"225\" srcset=\"https:\/\/guitares-et-luthiers.fr\/wp-content\/uploads\/2014\/01\/P1050036-300x225.jpg 300w, https:\/\/guitares-et-luthiers.fr\/wp-content\/uploads\/2014\/01\/P1050036-1024x768.jpg 1024w, https:\/\/guitares-et-luthiers.fr\/wp-content\/uploads\/2014\/01\/P1050036.jpg 1600w\" sizes=\"auto, (max-width: 300px) 100vw, 300px\" \/><\/a> <a href=\"https:\/\/guitares-et-luthiers.fr\/wp-content\/uploads\/2014\/01\/P1050035.jpg\" rel=\"lightbox[203]\"><img loading=\"lazy\" decoding=\"async\" class=\"alignnone size-medium wp-image-287\" src=\"https:\/\/guitares-et-luthiers.fr\/wp-content\/uploads\/2014\/01\/P1050035-300x225.jpg\" alt=\"guitare Fouilleul C1\" width=\"300\" height=\"225\" srcset=\"https:\/\/guitares-et-luthiers.fr\/wp-content\/uploads\/2014\/01\/P1050035-300x225.jpg 300w, https:\/\/guitares-et-luthiers.fr\/wp-content\/uploads\/2014\/01\/P1050035-1024x768.jpg 1024w, https:\/\/guitares-et-luthiers.fr\/wp-content\/uploads\/2014\/01\/P1050035.jpg 1600w\" sizes=\"auto, (max-width: 300px) 100vw, 300px\" \/><\/a><\/p>\n","protected":false},"excerpt":{"rendered":"<p>Luthier :\u00a0Fouilleul Mod\u00e8le :\u00a0Concert 1 Ann\u00e9e :\u00a01996 Bois :\u00a0table en red cedar, dos et \u00e9clisses en palissandre, touche \u00e9b\u00e8ne, chevalet en palissandre.Guitare tr\u00e8s agr\u00e9able \u00e0 jouer, avec des notes tr\u00e8s d\u00e9tach\u00e9es pour une c\u00e8dre, de belles basses. Une facilit\u00e9 de jeu impressionnante.Une marqueterie originale et tr\u00e8s belle sur la rosace, une d\u00e9coupe de t\u00eate elle &hellip; <\/p>\n<p class=\"link-more\"><a href=\"https:\/\/guitares-et-luthiers.fr\/?page_id=203\" class=\"more-link\">Continuer la lecture<span class=\"screen-reader-text\"> de &laquo;&nbsp;\u00ab\u00a0Concert 1\u00a0\u00bb Fouilleul&nbsp;&raquo;<\/span><\/a><\/p>\n","protected":false},"author":2,"featured_media":0,"parent":0,"menu_order":0,"comment_status":"open","ping_status":"open","template":"","meta":{"footnotes":""},"class_list":["post-203","page","type-page","status-publish","hentry"],"_links":{"self":[{"href":"https:\/\/guitares-et-luthiers.fr\/index.php?rest_route=\/wp\/v2\/pages\/203","targetHints":{"allow":["GET"]}}],"collection":[{"href":"https:\/\/guitares-et-luthiers.fr\/index.php?rest_route=\/wp\/v2\/pages"}],"about":[{"href":"https:\/\/guitares-et-luthiers.fr\/index.php?rest_route=\/wp\/v2\/types\/page"}],"author":[{"embeddable":true,"href":"https:\/\/guitares-et-luthiers.fr\/index.php?rest_route=\/wp\/v2\/users\/2"}],"replies":[{"embeddable":true,"href":"https:\/\/guitares-et-luthiers.fr\/index.php?rest_route=%2Fwp%2Fv2%2Fcomments&post=203"}],"version-history":[{"count":7,"href":"https:\/\/guitares-et-luthiers.fr\/index.php?rest_route=\/wp\/v2\/pages\/203\/revisions"}],"predecessor-version":[{"id":1484,"href":"https:\/\/guitares-et-luthiers.fr\/index.php?rest_route=\/wp\/v2\/pages\/203\/revisions\/1484"}],"wp:attachment":[{"href":"https:\/\/guitares-et-luthiers.fr\/index.php?rest_route=%2Fwp%2Fv2%2Fmedia&parent=203"}],"curies":[{"name":"wp","href":"https:\/\/api.w.org\/{rel}","templated":true}]}}