{"id":2030,"date":"2023-12-27T17:30:53","date_gmt":"2023-12-27T16:30:53","guid":{"rendered":"http:\/\/guitares-et-luthiers.fr\/?page_id=2030"},"modified":"2024-01-02T19:39:49","modified_gmt":"2024-01-02T18:39:49","slug":"gaelle-roffler-2","status":"publish","type":"page","link":"https:\/\/guitares-et-luthiers.fr\/?page_id=2030","title":{"rendered":"Ga\u00eblle Roffler"},"content":{"rendered":"\n<p>mod\u00e8le EY\u00cbL  2022<\/p>\n\n\n\n<p>Luthier :&nbsp;Ga\u00eblle Roffler<\/p>\n\n\n\n<p>Ann\u00e9e :&nbsp;2022<\/p>\n\n\n\n<ul class=\"wp-block-list\">\n<li>Table&nbsp;: \u00e9pic\u00e9a Allemand en angle de divergence botanique<\/li>\n\n\n\n<li>Fond&nbsp;: palissandre d&rsquo;Inde<\/li>\n\n\n\n<li>\u00c9clisse&nbsp;: palissandre d&rsquo;Inde<\/li>\n\n\n\n<li>Manche : c\u00e8dre du Honduras<\/li>\n\n\n\n<li>Touche&nbsp;: \u00e9b\u00e8ne<\/li>\n\n\n\n<li>Chevalet&nbsp;:&nbsp; palissandre double trou<\/li>\n\n\n\n<li>Sillet : sillet double forme Roffler<\/li>\n\n\n\n<li>Barrage d&rsquo;harmonie&nbsp;: Roffler Grand Concert table en angle de divergence botanique.<\/li>\n<\/ul>\n\n\n\n<p>Une lutherie avec  toujours autant de caract\u00e8re. La forme de la t\u00eate est originale et \u00e9l\u00e9gante. La rosace est elle aussi originale et simple.<\/p>\n\n\n\n<p>Cette guitare r\u00e9unit toutes les qualit\u00e9s que recherche un musicien. Une homog\u00e9n\u00e9it\u00e9 sans faille, de la rondeur et en m\u00eame temps de la clart\u00e9 et de la d\u00e9finition autant dans les basses que dans les aigu\u00ebs. La puissance est \u00e9vidente, le sustain est bien pr\u00e9sent, les couleurs sont chatoyantes. Le confort du manche permet d\u2019y passer des heures. Un vrai instrument de musique qui permet toutes les nuances voulues.<\/p>\n\n\n\n<p>Gaelle Roffler<\/p>\n\n\n\n<p>Zone portuaire<br>565, chemin des Brouti\u00e8res<br>84130 LE PONTET<\/p>\n\n\n\n<p><a href=\"tel:0611755059\"><strong>T\u00e9l.&nbsp;: 06 11 75 50 59<\/strong><\/a><\/p>\n\n\n\n<p><a href=\"https:\/\/www.gaellerofflerluthierguitare.com\/\">https:\/\/www.gaellerofflerluthierguitare.com\/<\/a><\/p>\n\n\n\n<p><\/p>\n\n\n\n<figure class=\"wp-block-gallery has-nested-images columns-default is-cropped wp-block-gallery-1 is-layout-flex wp-block-gallery-is-layout-flex\">\n<figure class=\"wp-block-image size-large\"><img loading=\"lazy\" decoding=\"async\" width=\"780\" height=\"1024\" data-id=\"2040\" src=\"https:\/\/guitares-et-luthiers.fr\/wp-content\/uploads\/2024\/01\/IMG_1533-780x1024.jpg\" alt=\"\" class=\"wp-image-2040\" srcset=\"https:\/\/guitares-et-luthiers.fr\/wp-content\/uploads\/2024\/01\/IMG_1533-780x1024.jpg 780w, https:\/\/guitares-et-luthiers.fr\/wp-content\/uploads\/2024\/01\/IMG_1533-228x300.jpg 228w, https:\/\/guitares-et-luthiers.fr\/wp-content\/uploads\/2024\/01\/IMG_1533-768x1009.jpg 768w, https:\/\/guitares-et-luthiers.fr\/wp-content\/uploads\/2024\/01\/IMG_1533-1169x1536.jpg 1169w, https:\/\/guitares-et-luthiers.fr\/wp-content\/uploads\/2024\/01\/IMG_1533-1559x2048.jpg 1559w, https:\/\/guitares-et-luthiers.fr\/wp-content\/uploads\/2024\/01\/IMG_1533-scaled.jpg 1949w\" sizes=\"auto, (max-width: 706px) 89vw, (max-width: 767px) 82vw, 740px\" \/><\/figure>\n\n\n\n<figure class=\"wp-block-image size-large\"><img loading=\"lazy\" decoding=\"async\" width=\"1024\" height=\"245\" data-id=\"2041\" src=\"https:\/\/guitares-et-luthiers.fr\/wp-content\/uploads\/2024\/01\/IMG_1534-1024x245.jpg\" alt=\"\" class=\"wp-image-2041\" srcset=\"https:\/\/guitares-et-luthiers.fr\/wp-content\/uploads\/2024\/01\/IMG_1534-1024x245.jpg 1024w, https:\/\/guitares-et-luthiers.fr\/wp-content\/uploads\/2024\/01\/IMG_1534-300x72.jpg 300w, https:\/\/guitares-et-luthiers.fr\/wp-content\/uploads\/2024\/01\/IMG_1534-768x183.jpg 768w, https:\/\/guitares-et-luthiers.fr\/wp-content\/uploads\/2024\/01\/IMG_1534-1536x367.jpg 1536w, https:\/\/guitares-et-luthiers.fr\/wp-content\/uploads\/2024\/01\/IMG_1534-2048x489.jpg 2048w\" sizes=\"auto, (max-width: 706px) 89vw, (max-width: 767px) 82vw, 740px\" \/><\/figure>\n\n\n\n<figure class=\"wp-block-image size-large\"><img loading=\"lazy\" decoding=\"async\" width=\"441\" height=\"1024\" data-id=\"2042\" src=\"https:\/\/guitares-et-luthiers.fr\/wp-content\/uploads\/2024\/01\/IMG_1535-441x1024.jpg\" alt=\"\" class=\"wp-image-2042\" srcset=\"https:\/\/guitares-et-luthiers.fr\/wp-content\/uploads\/2024\/01\/IMG_1535-441x1024.jpg 441w, https:\/\/guitares-et-luthiers.fr\/wp-content\/uploads\/2024\/01\/IMG_1535-129x300.jpg 129w, https:\/\/guitares-et-luthiers.fr\/wp-content\/uploads\/2024\/01\/IMG_1535-768x1782.jpg 768w, https:\/\/guitares-et-luthiers.fr\/wp-content\/uploads\/2024\/01\/IMG_1535-662x1536.jpg 662w, https:\/\/guitares-et-luthiers.fr\/wp-content\/uploads\/2024\/01\/IMG_1535-883x2048.jpg 883w, https:\/\/guitares-et-luthiers.fr\/wp-content\/uploads\/2024\/01\/IMG_1535-scaled.jpg 1103w\" sizes=\"auto, (max-width: 441px) 100vw, 441px\" \/><\/figure>\n\n\n\n<figure class=\"wp-block-image size-large\"><img loading=\"lazy\" decoding=\"async\" width=\"541\" height=\"1024\" data-id=\"2043\" src=\"https:\/\/guitares-et-luthiers.fr\/wp-content\/uploads\/2024\/01\/IMG_1536-541x1024.jpg\" alt=\"\" class=\"wp-image-2043\" srcset=\"https:\/\/guitares-et-luthiers.fr\/wp-content\/uploads\/2024\/01\/IMG_1536-541x1024.jpg 541w, https:\/\/guitares-et-luthiers.fr\/wp-content\/uploads\/2024\/01\/IMG_1536-158x300.jpg 158w, https:\/\/guitares-et-luthiers.fr\/wp-content\/uploads\/2024\/01\/IMG_1536-768x1454.jpg 768w, https:\/\/guitares-et-luthiers.fr\/wp-content\/uploads\/2024\/01\/IMG_1536-811x1536.jpg 811w, https:\/\/guitares-et-luthiers.fr\/wp-content\/uploads\/2024\/01\/IMG_1536-1081x2048.jpg 1081w, https:\/\/guitares-et-luthiers.fr\/wp-content\/uploads\/2024\/01\/IMG_1536-scaled.jpg 1352w\" sizes=\"auto, (max-width: 541px) 100vw, 541px\" \/><\/figure>\n\n\n\n<figure class=\"wp-block-image size-large\"><img loading=\"lazy\" decoding=\"async\" width=\"690\" height=\"1024\" data-id=\"2048\" src=\"https:\/\/guitares-et-luthiers.fr\/wp-content\/uploads\/2024\/01\/IMG_1542-690x1024.jpg\" alt=\"\" class=\"wp-image-2048\" srcset=\"https:\/\/guitares-et-luthiers.fr\/wp-content\/uploads\/2024\/01\/IMG_1542-690x1024.jpg 690w, https:\/\/guitares-et-luthiers.fr\/wp-content\/uploads\/2024\/01\/IMG_1542-202x300.jpg 202w, https:\/\/guitares-et-luthiers.fr\/wp-content\/uploads\/2024\/01\/IMG_1542-768x1140.jpg 768w, https:\/\/guitares-et-luthiers.fr\/wp-content\/uploads\/2024\/01\/IMG_1542-1034x1536.jpg 1034w, https:\/\/guitares-et-luthiers.fr\/wp-content\/uploads\/2024\/01\/IMG_1542-1379x2048.jpg 1379w, https:\/\/guitares-et-luthiers.fr\/wp-content\/uploads\/2024\/01\/IMG_1542-scaled.jpg 1724w\" sizes=\"auto, (max-width: 690px) 100vw, 690px\" \/><\/figure>\n\n\n\n<figure class=\"wp-block-image size-large\"><img loading=\"lazy\" decoding=\"async\" width=\"498\" height=\"1024\" data-id=\"2047\" src=\"https:\/\/guitares-et-luthiers.fr\/wp-content\/uploads\/2024\/01\/IMG_1541-498x1024.jpg\" alt=\"\" class=\"wp-image-2047\" srcset=\"https:\/\/guitares-et-luthiers.fr\/wp-content\/uploads\/2024\/01\/IMG_1541-498x1024.jpg 498w, https:\/\/guitares-et-luthiers.fr\/wp-content\/uploads\/2024\/01\/IMG_1541-146x300.jpg 146w, https:\/\/guitares-et-luthiers.fr\/wp-content\/uploads\/2024\/01\/IMG_1541-768x1578.jpg 768w, https:\/\/guitares-et-luthiers.fr\/wp-content\/uploads\/2024\/01\/IMG_1541-748x1536.jpg 748w, https:\/\/guitares-et-luthiers.fr\/wp-content\/uploads\/2024\/01\/IMG_1541-997x2048.jpg 997w, https:\/\/guitares-et-luthiers.fr\/wp-content\/uploads\/2024\/01\/IMG_1541-scaled.jpg 1246w\" sizes=\"auto, (max-width: 498px) 100vw, 498px\" \/><\/figure>\n\n\n\n<figure class=\"wp-block-image size-large\"><img loading=\"lazy\" decoding=\"async\" width=\"614\" height=\"1024\" data-id=\"2045\" src=\"https:\/\/guitares-et-luthiers.fr\/wp-content\/uploads\/2024\/01\/IMG_1538-614x1024.jpg\" alt=\"\" class=\"wp-image-2045\" srcset=\"https:\/\/guitares-et-luthiers.fr\/wp-content\/uploads\/2024\/01\/IMG_1538-614x1024.jpg 614w, https:\/\/guitares-et-luthiers.fr\/wp-content\/uploads\/2024\/01\/IMG_1538-180x300.jpg 180w, https:\/\/guitares-et-luthiers.fr\/wp-content\/uploads\/2024\/01\/IMG_1538-768x1280.jpg 768w, https:\/\/guitares-et-luthiers.fr\/wp-content\/uploads\/2024\/01\/IMG_1538-922x1536.jpg 922w, https:\/\/guitares-et-luthiers.fr\/wp-content\/uploads\/2024\/01\/IMG_1538-1229x2048.jpg 1229w, https:\/\/guitares-et-luthiers.fr\/wp-content\/uploads\/2024\/01\/IMG_1538-scaled.jpg 1536w\" sizes=\"auto, (max-width: 614px) 100vw, 614px\" \/><\/figure>\n\n\n\n<figure class=\"wp-block-image size-large\"><img loading=\"lazy\" decoding=\"async\" width=\"768\" height=\"1024\" data-id=\"2052\" src=\"https:\/\/guitares-et-luthiers.fr\/wp-content\/uploads\/2024\/01\/IMG_1546-768x1024.jpg\" alt=\"\" class=\"wp-image-2052\" srcset=\"https:\/\/guitares-et-luthiers.fr\/wp-content\/uploads\/2024\/01\/IMG_1546-768x1024.jpg 768w, https:\/\/guitares-et-luthiers.fr\/wp-content\/uploads\/2024\/01\/IMG_1546-225x300.jpg 225w, https:\/\/guitares-et-luthiers.fr\/wp-content\/uploads\/2024\/01\/IMG_1546-1152x1536.jpg 1152w, https:\/\/guitares-et-luthiers.fr\/wp-content\/uploads\/2024\/01\/IMG_1546-1536x2048.jpg 1536w, https:\/\/guitares-et-luthiers.fr\/wp-content\/uploads\/2024\/01\/IMG_1546-scaled.jpg 1920w\" sizes=\"auto, (max-width: 706px) 89vw, (max-width: 767px) 82vw, 740px\" \/><\/figure>\n\n\n\n<figure class=\"wp-block-image size-large\"><img loading=\"lazy\" decoding=\"async\" width=\"768\" height=\"1024\" data-id=\"2044\" src=\"https:\/\/guitares-et-luthiers.fr\/wp-content\/uploads\/2024\/01\/IMG_1537-768x1024.jpg\" alt=\"\" class=\"wp-image-2044\" srcset=\"https:\/\/guitares-et-luthiers.fr\/wp-content\/uploads\/2024\/01\/IMG_1537-768x1024.jpg 768w, https:\/\/guitares-et-luthiers.fr\/wp-content\/uploads\/2024\/01\/IMG_1537-225x300.jpg 225w, https:\/\/guitares-et-luthiers.fr\/wp-content\/uploads\/2024\/01\/IMG_1537-1152x1536.jpg 1152w, https:\/\/guitares-et-luthiers.fr\/wp-content\/uploads\/2024\/01\/IMG_1537-1536x2048.jpg 1536w, https:\/\/guitares-et-luthiers.fr\/wp-content\/uploads\/2024\/01\/IMG_1537-scaled.jpg 1920w\" sizes=\"auto, (max-width: 706px) 89vw, (max-width: 767px) 82vw, 740px\" \/><\/figure>\n\n\n\n<figure class=\"wp-block-image size-large\"><img loading=\"lazy\" decoding=\"async\" width=\"704\" height=\"1024\" data-id=\"2051\" src=\"https:\/\/guitares-et-luthiers.fr\/wp-content\/uploads\/2024\/01\/IMG_1545-704x1024.jpg\" alt=\"\" class=\"wp-image-2051\" srcset=\"https:\/\/guitares-et-luthiers.fr\/wp-content\/uploads\/2024\/01\/IMG_1545-704x1024.jpg 704w, https:\/\/guitares-et-luthiers.fr\/wp-content\/uploads\/2024\/01\/IMG_1545-206x300.jpg 206w, https:\/\/guitares-et-luthiers.fr\/wp-content\/uploads\/2024\/01\/IMG_1545-768x1117.jpg 768w, https:\/\/guitares-et-luthiers.fr\/wp-content\/uploads\/2024\/01\/IMG_1545-1056x1536.jpg 1056w, https:\/\/guitares-et-luthiers.fr\/wp-content\/uploads\/2024\/01\/IMG_1545-1408x2048.jpg 1408w, https:\/\/guitares-et-luthiers.fr\/wp-content\/uploads\/2024\/01\/IMG_1545-scaled.jpg 1760w\" sizes=\"auto, (max-width: 704px) 100vw, 704px\" \/><\/figure>\n\n\n\n<figure class=\"wp-block-image size-large\"><img loading=\"lazy\" decoding=\"async\" width=\"788\" height=\"1024\" data-id=\"2050\" src=\"https:\/\/guitares-et-luthiers.fr\/wp-content\/uploads\/2024\/01\/IMG_1544-788x1024.jpg\" alt=\"\" class=\"wp-image-2050\" srcset=\"https:\/\/guitares-et-luthiers.fr\/wp-content\/uploads\/2024\/01\/IMG_1544-788x1024.jpg 788w, https:\/\/guitares-et-luthiers.fr\/wp-content\/uploads\/2024\/01\/IMG_1544-231x300.jpg 231w, https:\/\/guitares-et-luthiers.fr\/wp-content\/uploads\/2024\/01\/IMG_1544-768x998.jpg 768w, https:\/\/guitares-et-luthiers.fr\/wp-content\/uploads\/2024\/01\/IMG_1544-1182x1536.jpg 1182w, https:\/\/guitares-et-luthiers.fr\/wp-content\/uploads\/2024\/01\/IMG_1544-1576x2048.jpg 1576w, https:\/\/guitares-et-luthiers.fr\/wp-content\/uploads\/2024\/01\/IMG_1544-scaled.jpg 1970w\" sizes=\"auto, (max-width: 706px) 89vw, (max-width: 767px) 82vw, 740px\" \/><\/figure>\n\n\n\n<figure class=\"wp-block-image size-large\"><img loading=\"lazy\" decoding=\"async\" width=\"622\" height=\"1024\" data-id=\"2049\" src=\"https:\/\/guitares-et-luthiers.fr\/wp-content\/uploads\/2024\/01\/IMG_1543-622x1024.jpg\" alt=\"\" class=\"wp-image-2049\" srcset=\"https:\/\/guitares-et-luthiers.fr\/wp-content\/uploads\/2024\/01\/IMG_1543-622x1024.jpg 622w, https:\/\/guitares-et-luthiers.fr\/wp-content\/uploads\/2024\/01\/IMG_1543-182x300.jpg 182w, https:\/\/guitares-et-luthiers.fr\/wp-content\/uploads\/2024\/01\/IMG_1543-768x1264.jpg 768w, https:\/\/guitares-et-luthiers.fr\/wp-content\/uploads\/2024\/01\/IMG_1543-934x1536.jpg 934w, https:\/\/guitares-et-luthiers.fr\/wp-content\/uploads\/2024\/01\/IMG_1543-1245x2048.jpg 1245w, https:\/\/guitares-et-luthiers.fr\/wp-content\/uploads\/2024\/01\/IMG_1543-scaled.jpg 1556w\" sizes=\"auto, (max-width: 622px) 100vw, 622px\" \/><\/figure>\n\n\n\n<figure class=\"wp-block-image size-large\"><img loading=\"lazy\" decoding=\"async\" width=\"768\" height=\"1024\" data-id=\"2046\" src=\"https:\/\/guitares-et-luthiers.fr\/wp-content\/uploads\/2024\/01\/IMG_1539-768x1024.jpg\" alt=\"\" class=\"wp-image-2046\" srcset=\"https:\/\/guitares-et-luthiers.fr\/wp-content\/uploads\/2024\/01\/IMG_1539-768x1024.jpg 768w, https:\/\/guitares-et-luthiers.fr\/wp-content\/uploads\/2024\/01\/IMG_1539-225x300.jpg 225w, https:\/\/guitares-et-luthiers.fr\/wp-content\/uploads\/2024\/01\/IMG_1539-1152x1536.jpg 1152w, https:\/\/guitares-et-luthiers.fr\/wp-content\/uploads\/2024\/01\/IMG_1539-1536x2048.jpg 1536w, https:\/\/guitares-et-luthiers.fr\/wp-content\/uploads\/2024\/01\/IMG_1539-scaled.jpg 1920w\" sizes=\"auto, (max-width: 706px) 89vw, (max-width: 767px) 82vw, 740px\" \/><\/figure>\n<\/figure>\n\n\n\n<figure class=\"wp-block-gallery has-nested-images columns-default is-cropped wp-block-gallery-2 is-layout-flex wp-block-gallery-is-layout-flex\">\n<figure class=\"wp-block-image size-large\"><img loading=\"lazy\" decoding=\"async\" width=\"1024\" height=\"1011\" data-id=\"2039\" src=\"https:\/\/guitares-et-luthiers.fr\/wp-content\/uploads\/2024\/01\/IMG_1532-1024x1011.jpg\" alt=\"\" class=\"wp-image-2039\" srcset=\"https:\/\/guitares-et-luthiers.fr\/wp-content\/uploads\/2024\/01\/IMG_1532-1024x1011.jpg 1024w, https:\/\/guitares-et-luthiers.fr\/wp-content\/uploads\/2024\/01\/IMG_1532-300x296.jpg 300w, https:\/\/guitares-et-luthiers.fr\/wp-content\/uploads\/2024\/01\/IMG_1532-768x759.jpg 768w, https:\/\/guitares-et-luthiers.fr\/wp-content\/uploads\/2024\/01\/IMG_1532-1536x1517.jpg 1536w, https:\/\/guitares-et-luthiers.fr\/wp-content\/uploads\/2024\/01\/IMG_1532-2048x2023.jpg 2048w, https:\/\/guitares-et-luthiers.fr\/wp-content\/uploads\/2024\/01\/IMG_1532-100x100.jpg 100w\" sizes=\"auto, (max-width: 706px) 89vw, (max-width: 767px) 82vw, 740px\" \/><\/figure>\n<\/figure>\n\n\n\n<figure class=\"wp-block-gallery has-nested-images columns-default is-cropped wp-block-gallery-3 is-layout-flex wp-block-gallery-is-layout-flex\">\n<figure class=\"wp-block-image size-large\"><img loading=\"lazy\" decoding=\"async\" width=\"737\" height=\"1024\" data-id=\"2112\" src=\"https:\/\/guitares-et-luthiers.fr\/wp-content\/uploads\/2024\/01\/gaelle-roffler-presse-Guitare-Classique-95-mai.2021-737x1024.jpg\" alt=\"\" class=\"wp-image-2112\" srcset=\"https:\/\/guitares-et-luthiers.fr\/wp-content\/uploads\/2024\/01\/gaelle-roffler-presse-Guitare-Classique-95-mai.2021-737x1024.jpg 737w, https:\/\/guitares-et-luthiers.fr\/wp-content\/uploads\/2024\/01\/gaelle-roffler-presse-Guitare-Classique-95-mai.2021-216x300.jpg 216w, https:\/\/guitares-et-luthiers.fr\/wp-content\/uploads\/2024\/01\/gaelle-roffler-presse-Guitare-Classique-95-mai.2021-768x1068.jpg 768w, https:\/\/guitares-et-luthiers.fr\/wp-content\/uploads\/2024\/01\/gaelle-roffler-presse-Guitare-Classique-95-mai.2021-1105x1536.jpg 1105w, https:\/\/guitares-et-luthiers.fr\/wp-content\/uploads\/2024\/01\/gaelle-roffler-presse-Guitare-Classique-95-mai.2021.jpg 1473w\" sizes=\"auto, (max-width: 737px) 100vw, 737px\" \/><\/figure>\n\n\n\n<figure class=\"wp-block-image size-large\"><img loading=\"lazy\" decoding=\"async\" width=\"737\" height=\"1024\" data-id=\"2111\" src=\"https:\/\/guitares-et-luthiers.fr\/wp-content\/uploads\/2024\/01\/gaelle-roffler-presse-Guitare-Classique-95-mai.2021-2-737x1024.jpg\" alt=\"\" class=\"wp-image-2111\" srcset=\"https:\/\/guitares-et-luthiers.fr\/wp-content\/uploads\/2024\/01\/gaelle-roffler-presse-Guitare-Classique-95-mai.2021-2-737x1024.jpg 737w, https:\/\/guitares-et-luthiers.fr\/wp-content\/uploads\/2024\/01\/gaelle-roffler-presse-Guitare-Classique-95-mai.2021-2-216x300.jpg 216w, https:\/\/guitares-et-luthiers.fr\/wp-content\/uploads\/2024\/01\/gaelle-roffler-presse-Guitare-Classique-95-mai.2021-2-768x1068.jpg 768w, https:\/\/guitares-et-luthiers.fr\/wp-content\/uploads\/2024\/01\/gaelle-roffler-presse-Guitare-Classique-95-mai.2021-2-1105x1536.jpg 1105w, https:\/\/guitares-et-luthiers.fr\/wp-content\/uploads\/2024\/01\/gaelle-roffler-presse-Guitare-Classique-95-mai.2021-2.jpg 1473w\" sizes=\"auto, (max-width: 737px) 100vw, 737px\" \/><\/figure>\n<\/figure>\n","protected":false},"excerpt":{"rendered":"<p>mod\u00e8le EY\u00cbL 2022 Luthier :&nbsp;Ga\u00eblle Roffler Ann\u00e9e :&nbsp;2022 Une lutherie avec toujours autant de caract\u00e8re. La forme de la t\u00eate est originale et \u00e9l\u00e9gante. La rosace est elle aussi originale et simple. Cette guitare r\u00e9unit toutes les qualit\u00e9s que recherche un musicien. Une homog\u00e9n\u00e9it\u00e9 sans faille, de la rondeur et en m\u00eame temps de la &hellip; <\/p>\n<p class=\"link-more\"><a href=\"https:\/\/guitares-et-luthiers.fr\/?page_id=2030\" class=\"more-link\">Continuer la lecture<span class=\"screen-reader-text\"> de &laquo;&nbsp;Ga\u00eblle Roffler&nbsp;&raquo;<\/span><\/a><\/p>\n","protected":false},"author":2,"featured_media":0,"parent":0,"menu_order":0,"comment_status":"closed","ping_status":"closed","template":"","meta":{"footnotes":""},"class_list":["post-2030","page","type-page","status-publish","hentry"],"_links":{"self":[{"href":"https:\/\/guitares-et-luthiers.fr\/index.php?rest_route=\/wp\/v2\/pages\/2030","targetHints":{"allow":["GET"]}}],"collection":[{"href":"https:\/\/guitares-et-luthiers.fr\/index.php?rest_route=\/wp\/v2\/pages"}],"about":[{"href":"https:\/\/guitares-et-luthiers.fr\/index.php?rest_route=\/wp\/v2\/types\/page"}],"author":[{"embeddable":true,"href":"https:\/\/guitares-et-luthiers.fr\/index.php?rest_route=\/wp\/v2\/users\/2"}],"replies":[{"embeddable":true,"href":"https:\/\/guitares-et-luthiers.fr\/index.php?rest_route=%2Fwp%2Fv2%2Fcomments&post=2030"}],"version-history":[{"count":10,"href":"https:\/\/guitares-et-luthiers.fr\/index.php?rest_route=\/wp\/v2\/pages\/2030\/revisions"}],"predecessor-version":[{"id":2117,"href":"https:\/\/guitares-et-luthiers.fr\/index.php?rest_route=\/wp\/v2\/pages\/2030\/revisions\/2117"}],"wp:attachment":[{"href":"https:\/\/guitares-et-luthiers.fr\/index.php?rest_route=%2Fwp%2Fv2%2Fmedia&parent=2030"}],"curies":[{"name":"wp","href":"https:\/\/api.w.org\/{rel}","templated":true}]}}