{"id":2079,"date":"2024-01-01T20:53:15","date_gmt":"2024-01-01T19:53:15","guid":{"rendered":"http:\/\/guitares-et-luthiers.fr\/?page_id=2079"},"modified":"2024-01-02T16:12:17","modified_gmt":"2024-01-02T15:12:17","slug":"lebreton-double-table-2023","status":"publish","type":"page","link":"https:\/\/guitares-et-luthiers.fr\/?page_id=2079","title":{"rendered":"Lebreton double table 2022"},"content":{"rendered":"\n<p>Guitare Lebreton double table 2022 <\/p>\n\n\n\n<p>Guitare neuve<\/p>\n\n\n\n<p>Diapason 650 mm <\/p>\n\n\n\n<p>Double table Epicea \/ nomex, balsa \/ red cedar<\/p>\n\n\n\n<p>Dos et \u00e9clisses en palissandre indien.<\/p>\n\n\n\n<p>Manche c\u00e9dro<\/p>\n\n\n\n<p>Touche \u00e9b\u00e8ne<\/p>\n\n\n\n<p>Chevalet palissandre indien<\/p>\n\n\n\n<p>M\u00e9caniques AR ( Italie)  plaque de base en laiton, assembl\u00e9e \u00e0 la main, 35 mm avec un rapport d\u2019engrenage de 18:1, rouleaux en aluminium avec paliers d\u2019extr\u00e9mit\u00e9, boutons en \u00e9b\u00e8ne avec incrustation d\u2019os<\/p>\n\n\n\n<p>etui rigide cybeles<\/p>\n\n\n\n<p>Les guitares de Jean-No\u00ebl Lebreton sont toujours de belles surprises. Celle-ci ne d\u00e9roge pas \u00e0 la r\u00e8gle. Du timbre, du sustain, de la clart\u00e9 , de la puissance, de la pr\u00e9cision, de la suavit\u00e9, de la pr\u00e9sence, des aigu\u00ebs clairs et pr\u00e9cis, des basses bien d\u00e9finies, une lutherie de pr\u00e9cision&#8230;.. Que demander de plus \u00e0 un instrument de musique ? <\/p>\n\n\n\n<p>La double-table est l\u00e0 pour nous donner toute la puissance n\u00e9cessaire et dans le m\u00eame temps le timbre chaud du bois, les couleurs sont l\u00e0.  Une alliance r\u00e9ussie \u00e0 tous les niveaux. <\/p>\n\n\n\n<p>A ce prix-l\u00e0 nul doute qu&rsquo;il est difficile de trouver mieux <\/p>\n\n\n\n<p>Encore une fois j&rsquo;adore cette nouvelle guitare de Jean-No\u00ebl Lebreton. <\/p>\n\n\n\n<figure class=\"wp-block-gallery has-nested-images columns-default is-cropped wp-block-gallery-1 is-layout-flex wp-block-gallery-is-layout-flex\">\n<figure class=\"wp-block-image size-large\"><img loading=\"lazy\" decoding=\"async\" width=\"1024\" height=\"770\" data-id=\"1993\" src=\"https:\/\/guitares-et-luthiers.fr\/wp-content\/uploads\/2023\/12\/IMG_1458-1024x770.jpg\" alt=\"\" class=\"wp-image-1993\" srcset=\"https:\/\/guitares-et-luthiers.fr\/wp-content\/uploads\/2023\/12\/IMG_1458-1024x770.jpg 1024w, https:\/\/guitares-et-luthiers.fr\/wp-content\/uploads\/2023\/12\/IMG_1458-300x225.jpg 300w, https:\/\/guitares-et-luthiers.fr\/wp-content\/uploads\/2023\/12\/IMG_1458-768x577.jpg 768w, https:\/\/guitares-et-luthiers.fr\/wp-content\/uploads\/2023\/12\/IMG_1458-1536x1154.jpg 1536w, https:\/\/guitares-et-luthiers.fr\/wp-content\/uploads\/2023\/12\/IMG_1458-2048x1539.jpg 2048w\" sizes=\"auto, (max-width: 706px) 89vw, (max-width: 767px) 82vw, 740px\" \/><\/figure>\n\n\n\n<figure class=\"wp-block-image size-large\"><img loading=\"lazy\" decoding=\"async\" width=\"594\" height=\"1024\" data-id=\"1998\" src=\"https:\/\/guitares-et-luthiers.fr\/wp-content\/uploads\/2023\/12\/IMG_1463-594x1024.jpg\" alt=\"\" class=\"wp-image-1998\" srcset=\"https:\/\/guitares-et-luthiers.fr\/wp-content\/uploads\/2023\/12\/IMG_1463-594x1024.jpg 594w, https:\/\/guitares-et-luthiers.fr\/wp-content\/uploads\/2023\/12\/IMG_1463-174x300.jpg 174w, https:\/\/guitares-et-luthiers.fr\/wp-content\/uploads\/2023\/12\/IMG_1463-768x1324.jpg 768w, https:\/\/guitares-et-luthiers.fr\/wp-content\/uploads\/2023\/12\/IMG_1463-891x1536.jpg 891w, https:\/\/guitares-et-luthiers.fr\/wp-content\/uploads\/2023\/12\/IMG_1463-1188x2048.jpg 1188w, https:\/\/guitares-et-luthiers.fr\/wp-content\/uploads\/2023\/12\/IMG_1463-scaled.jpg 1485w\" sizes=\"auto, (max-width: 594px) 100vw, 594px\" \/><\/figure>\n\n\n\n<figure class=\"wp-block-image size-large\"><img loading=\"lazy\" decoding=\"async\" width=\"452\" height=\"1024\" data-id=\"1997\" src=\"https:\/\/guitares-et-luthiers.fr\/wp-content\/uploads\/2023\/12\/IMG_1462-452x1024.jpg\" alt=\"\" class=\"wp-image-1997\" srcset=\"https:\/\/guitares-et-luthiers.fr\/wp-content\/uploads\/2023\/12\/IMG_1462-452x1024.jpg 452w, https:\/\/guitares-et-luthiers.fr\/wp-content\/uploads\/2023\/12\/IMG_1462-132x300.jpg 132w, https:\/\/guitares-et-luthiers.fr\/wp-content\/uploads\/2023\/12\/IMG_1462-768x1740.jpg 768w, https:\/\/guitares-et-luthiers.fr\/wp-content\/uploads\/2023\/12\/IMG_1462-678x1536.jpg 678w, https:\/\/guitares-et-luthiers.fr\/wp-content\/uploads\/2023\/12\/IMG_1462-904x2048.jpg 904w, https:\/\/guitares-et-luthiers.fr\/wp-content\/uploads\/2023\/12\/IMG_1462-scaled.jpg 1130w\" sizes=\"auto, (max-width: 452px) 100vw, 452px\" \/><\/figure>\n\n\n\n<figure class=\"wp-block-image size-large\"><img loading=\"lazy\" decoding=\"async\" width=\"761\" height=\"1024\" data-id=\"1996\" src=\"https:\/\/guitares-et-luthiers.fr\/wp-content\/uploads\/2023\/12\/IMG_1461-761x1024.jpg\" alt=\"\" class=\"wp-image-1996\" srcset=\"https:\/\/guitares-et-luthiers.fr\/wp-content\/uploads\/2023\/12\/IMG_1461-761x1024.jpg 761w, https:\/\/guitares-et-luthiers.fr\/wp-content\/uploads\/2023\/12\/IMG_1461-223x300.jpg 223w, https:\/\/guitares-et-luthiers.fr\/wp-content\/uploads\/2023\/12\/IMG_1461-768x1033.jpg 768w, https:\/\/guitares-et-luthiers.fr\/wp-content\/uploads\/2023\/12\/IMG_1461-1142x1536.jpg 1142w, https:\/\/guitares-et-luthiers.fr\/wp-content\/uploads\/2023\/12\/IMG_1461-1523x2048.jpg 1523w, https:\/\/guitares-et-luthiers.fr\/wp-content\/uploads\/2023\/12\/IMG_1461-scaled.jpg 1904w\" sizes=\"auto, (max-width: 706px) 89vw, (max-width: 767px) 82vw, 740px\" \/><\/figure>\n\n\n\n<figure class=\"wp-block-image size-large\"><img loading=\"lazy\" decoding=\"async\" width=\"1024\" height=\"246\" data-id=\"1995\" src=\"https:\/\/guitares-et-luthiers.fr\/wp-content\/uploads\/2023\/12\/IMG_1460-1024x246.jpg\" alt=\"\" class=\"wp-image-1995\" srcset=\"https:\/\/guitares-et-luthiers.fr\/wp-content\/uploads\/2023\/12\/IMG_1460-1024x246.jpg 1024w, https:\/\/guitares-et-luthiers.fr\/wp-content\/uploads\/2023\/12\/IMG_1460-300x72.jpg 300w, https:\/\/guitares-et-luthiers.fr\/wp-content\/uploads\/2023\/12\/IMG_1460-768x184.jpg 768w, https:\/\/guitares-et-luthiers.fr\/wp-content\/uploads\/2023\/12\/IMG_1460-1536x368.jpg 1536w, https:\/\/guitares-et-luthiers.fr\/wp-content\/uploads\/2023\/12\/IMG_1460-2048x491.jpg 2048w\" sizes=\"auto, (max-width: 706px) 89vw, (max-width: 767px) 82vw, 740px\" \/><\/figure>\n\n\n\n<figure class=\"wp-block-image size-large\"><img loading=\"lazy\" decoding=\"async\" width=\"1024\" height=\"1001\" data-id=\"1994\" src=\"https:\/\/guitares-et-luthiers.fr\/wp-content\/uploads\/2023\/12\/IMG_1459-1024x1001.jpg\" alt=\"\" class=\"wp-image-1994\" srcset=\"https:\/\/guitares-et-luthiers.fr\/wp-content\/uploads\/2023\/12\/IMG_1459-1024x1001.jpg 1024w, https:\/\/guitares-et-luthiers.fr\/wp-content\/uploads\/2023\/12\/IMG_1459-300x293.jpg 300w, https:\/\/guitares-et-luthiers.fr\/wp-content\/uploads\/2023\/12\/IMG_1459-768x751.jpg 768w, https:\/\/guitares-et-luthiers.fr\/wp-content\/uploads\/2023\/12\/IMG_1459-1536x1501.jpg 1536w, https:\/\/guitares-et-luthiers.fr\/wp-content\/uploads\/2023\/12\/IMG_1459-2048x2002.jpg 2048w\" sizes=\"auto, (max-width: 706px) 89vw, (max-width: 767px) 82vw, 740px\" \/><\/figure>\n\n\n\n<figure class=\"wp-block-image size-large\"><img loading=\"lazy\" decoding=\"async\" width=\"720\" height=\"1024\" data-id=\"2003\" src=\"https:\/\/guitares-et-luthiers.fr\/wp-content\/uploads\/2023\/12\/IMG_1468-720x1024.jpg\" alt=\"\" class=\"wp-image-2003\" srcset=\"https:\/\/guitares-et-luthiers.fr\/wp-content\/uploads\/2023\/12\/IMG_1468-720x1024.jpg 720w, https:\/\/guitares-et-luthiers.fr\/wp-content\/uploads\/2023\/12\/IMG_1468-211x300.jpg 211w, https:\/\/guitares-et-luthiers.fr\/wp-content\/uploads\/2023\/12\/IMG_1468-768x1092.jpg 768w, https:\/\/guitares-et-luthiers.fr\/wp-content\/uploads\/2023\/12\/IMG_1468-1080x1536.jpg 1080w, https:\/\/guitares-et-luthiers.fr\/wp-content\/uploads\/2023\/12\/IMG_1468-1441x2048.jpg 1441w, https:\/\/guitares-et-luthiers.fr\/wp-content\/uploads\/2023\/12\/IMG_1468-scaled.jpg 1801w\" sizes=\"auto, (max-width: 720px) 100vw, 720px\" \/><\/figure>\n\n\n\n<figure class=\"wp-block-image size-large\"><img loading=\"lazy\" decoding=\"async\" width=\"661\" height=\"1024\" data-id=\"2002\" src=\"https:\/\/guitares-et-luthiers.fr\/wp-content\/uploads\/2023\/12\/IMG_1467-661x1024.jpg\" alt=\"\" class=\"wp-image-2002\" srcset=\"https:\/\/guitares-et-luthiers.fr\/wp-content\/uploads\/2023\/12\/IMG_1467-661x1024.jpg 661w, https:\/\/guitares-et-luthiers.fr\/wp-content\/uploads\/2023\/12\/IMG_1467-194x300.jpg 194w, https:\/\/guitares-et-luthiers.fr\/wp-content\/uploads\/2023\/12\/IMG_1467-768x1190.jpg 768w, https:\/\/guitares-et-luthiers.fr\/wp-content\/uploads\/2023\/12\/IMG_1467-992x1536.jpg 992w, https:\/\/guitares-et-luthiers.fr\/wp-content\/uploads\/2023\/12\/IMG_1467-1322x2048.jpg 1322w, https:\/\/guitares-et-luthiers.fr\/wp-content\/uploads\/2023\/12\/IMG_1467-scaled.jpg 1653w\" sizes=\"auto, (max-width: 661px) 100vw, 661px\" \/><\/figure>\n\n\n\n<figure class=\"wp-block-image size-large\"><img loading=\"lazy\" decoding=\"async\" width=\"856\" height=\"1024\" data-id=\"2001\" src=\"https:\/\/guitares-et-luthiers.fr\/wp-content\/uploads\/2023\/12\/IMG_1466-856x1024.jpg\" alt=\"\" class=\"wp-image-2001\" srcset=\"https:\/\/guitares-et-luthiers.fr\/wp-content\/uploads\/2023\/12\/IMG_1466-856x1024.jpg 856w, https:\/\/guitares-et-luthiers.fr\/wp-content\/uploads\/2023\/12\/IMG_1466-251x300.jpg 251w, https:\/\/guitares-et-luthiers.fr\/wp-content\/uploads\/2023\/12\/IMG_1466-768x919.jpg 768w, https:\/\/guitares-et-luthiers.fr\/wp-content\/uploads\/2023\/12\/IMG_1466-1284x1536.jpg 1284w, https:\/\/guitares-et-luthiers.fr\/wp-content\/uploads\/2023\/12\/IMG_1466-1712x2048.jpg 1712w\" sizes=\"auto, (max-width: 706px) 89vw, (max-width: 767px) 82vw, 740px\" \/><\/figure>\n\n\n\n<figure class=\"wp-block-image size-large\"><img loading=\"lazy\" decoding=\"async\" width=\"582\" height=\"1024\" data-id=\"2000\" src=\"https:\/\/guitares-et-luthiers.fr\/wp-content\/uploads\/2023\/12\/IMG_1465-582x1024.jpg\" alt=\"\" class=\"wp-image-2000\" srcset=\"https:\/\/guitares-et-luthiers.fr\/wp-content\/uploads\/2023\/12\/IMG_1465-582x1024.jpg 582w, https:\/\/guitares-et-luthiers.fr\/wp-content\/uploads\/2023\/12\/IMG_1465-170x300.jpg 170w, https:\/\/guitares-et-luthiers.fr\/wp-content\/uploads\/2023\/12\/IMG_1465-768x1352.jpg 768w, https:\/\/guitares-et-luthiers.fr\/wp-content\/uploads\/2023\/12\/IMG_1465-872x1536.jpg 872w, https:\/\/guitares-et-luthiers.fr\/wp-content\/uploads\/2023\/12\/IMG_1465-1163x2048.jpg 1163w, https:\/\/guitares-et-luthiers.fr\/wp-content\/uploads\/2023\/12\/IMG_1465-scaled.jpg 1454w\" sizes=\"auto, (max-width: 582px) 100vw, 582px\" \/><\/figure>\n\n\n\n<figure class=\"wp-block-image size-large\"><img loading=\"lazy\" decoding=\"async\" width=\"745\" height=\"1024\" data-id=\"1999\" src=\"https:\/\/guitares-et-luthiers.fr\/wp-content\/uploads\/2023\/12\/IMG_1464-745x1024.jpg\" alt=\"\" class=\"wp-image-1999\" srcset=\"https:\/\/guitares-et-luthiers.fr\/wp-content\/uploads\/2023\/12\/IMG_1464-745x1024.jpg 745w, https:\/\/guitares-et-luthiers.fr\/wp-content\/uploads\/2023\/12\/IMG_1464-218x300.jpg 218w, https:\/\/guitares-et-luthiers.fr\/wp-content\/uploads\/2023\/12\/IMG_1464-768x1055.jpg 768w, https:\/\/guitares-et-luthiers.fr\/wp-content\/uploads\/2023\/12\/IMG_1464-1118x1536.jpg 1118w, https:\/\/guitares-et-luthiers.fr\/wp-content\/uploads\/2023\/12\/IMG_1464-1491x2048.jpg 1491w, https:\/\/guitares-et-luthiers.fr\/wp-content\/uploads\/2023\/12\/IMG_1464-scaled.jpg 1864w\" sizes=\"auto, (max-width: 706px) 89vw, (max-width: 767px) 82vw, 740px\" \/><\/figure>\n\n\n\n<figure class=\"wp-block-image size-large\"><img loading=\"lazy\" decoding=\"async\" width=\"961\" height=\"1024\" data-id=\"2004\" src=\"https:\/\/guitares-et-luthiers.fr\/wp-content\/uploads\/2023\/12\/IMG_1469-961x1024.jpg\" alt=\"\" class=\"wp-image-2004\" srcset=\"https:\/\/guitares-et-luthiers.fr\/wp-content\/uploads\/2023\/12\/IMG_1469-961x1024.jpg 961w, https:\/\/guitares-et-luthiers.fr\/wp-content\/uploads\/2023\/12\/IMG_1469-281x300.jpg 281w, https:\/\/guitares-et-luthiers.fr\/wp-content\/uploads\/2023\/12\/IMG_1469-768x819.jpg 768w, https:\/\/guitares-et-luthiers.fr\/wp-content\/uploads\/2023\/12\/IMG_1469-1441x1536.jpg 1441w, https:\/\/guitares-et-luthiers.fr\/wp-content\/uploads\/2023\/12\/IMG_1469-1922x2048.jpg 1922w\" sizes=\"auto, (max-width: 706px) 89vw, (max-width: 767px) 82vw, 740px\" \/><\/figure>\n\n\n\n<figure class=\"wp-block-image size-large\"><img loading=\"lazy\" decoding=\"async\" width=\"767\" height=\"1024\" data-id=\"2005\" src=\"https:\/\/guitares-et-luthiers.fr\/wp-content\/uploads\/2023\/12\/IMG_1470-2-767x1024.jpg\" alt=\"\" class=\"wp-image-2005\" srcset=\"https:\/\/guitares-et-luthiers.fr\/wp-content\/uploads\/2023\/12\/IMG_1470-2-767x1024.jpg 767w, https:\/\/guitares-et-luthiers.fr\/wp-content\/uploads\/2023\/12\/IMG_1470-2-225x300.jpg 225w, https:\/\/guitares-et-luthiers.fr\/wp-content\/uploads\/2023\/12\/IMG_1470-2-768x1025.jpg 768w, https:\/\/guitares-et-luthiers.fr\/wp-content\/uploads\/2023\/12\/IMG_1470-2-1151x1536.jpg 1151w, https:\/\/guitares-et-luthiers.fr\/wp-content\/uploads\/2023\/12\/IMG_1470-2-1535x2048.jpg 1535w, https:\/\/guitares-et-luthiers.fr\/wp-content\/uploads\/2023\/12\/IMG_1470-2-scaled.jpg 1918w\" sizes=\"auto, (max-width: 706px) 89vw, (max-width: 767px) 82vw, 740px\" \/><\/figure>\n\n\n\n<figure class=\"wp-block-image size-large\"><img loading=\"lazy\" decoding=\"async\" width=\"1024\" height=\"1018\" data-id=\"2006\" src=\"https:\/\/guitares-et-luthiers.fr\/wp-content\/uploads\/2023\/12\/IMG_1473-1024x1018.jpg\" alt=\"\" class=\"wp-image-2006\" srcset=\"https:\/\/guitares-et-luthiers.fr\/wp-content\/uploads\/2023\/12\/IMG_1473-1024x1018.jpg 1024w, https:\/\/guitares-et-luthiers.fr\/wp-content\/uploads\/2023\/12\/IMG_1473-300x298.jpg 300w, https:\/\/guitares-et-luthiers.fr\/wp-content\/uploads\/2023\/12\/IMG_1473-150x150.jpg 150w, https:\/\/guitares-et-luthiers.fr\/wp-content\/uploads\/2023\/12\/IMG_1473-768x763.jpg 768w, https:\/\/guitares-et-luthiers.fr\/wp-content\/uploads\/2023\/12\/IMG_1473-1536x1526.jpg 1536w, https:\/\/guitares-et-luthiers.fr\/wp-content\/uploads\/2023\/12\/IMG_1473-2048x2035.jpg 2048w, https:\/\/guitares-et-luthiers.fr\/wp-content\/uploads\/2023\/12\/IMG_1473-100x100.jpg 100w\" sizes=\"auto, (max-width: 706px) 89vw, (max-width: 767px) 82vw, 740px\" \/><\/figure>\n\n\n\n<figure class=\"wp-block-image size-large\"><img loading=\"lazy\" decoding=\"async\" width=\"657\" height=\"1024\" data-id=\"2007\" src=\"https:\/\/guitares-et-luthiers.fr\/wp-content\/uploads\/2023\/12\/IMG_1474-657x1024.jpg\" alt=\"\" class=\"wp-image-2007\" srcset=\"https:\/\/guitares-et-luthiers.fr\/wp-content\/uploads\/2023\/12\/IMG_1474-657x1024.jpg 657w, https:\/\/guitares-et-luthiers.fr\/wp-content\/uploads\/2023\/12\/IMG_1474-193x300.jpg 193w, https:\/\/guitares-et-luthiers.fr\/wp-content\/uploads\/2023\/12\/IMG_1474-768x1196.jpg 768w, https:\/\/guitares-et-luthiers.fr\/wp-content\/uploads\/2023\/12\/IMG_1474-986x1536.jpg 986w, https:\/\/guitares-et-luthiers.fr\/wp-content\/uploads\/2023\/12\/IMG_1474-1315x2048.jpg 1315w, https:\/\/guitares-et-luthiers.fr\/wp-content\/uploads\/2023\/12\/IMG_1474-scaled.jpg 1643w\" sizes=\"auto, (max-width: 657px) 100vw, 657px\" \/><\/figure>\n<\/figure>\n","protected":false},"excerpt":{"rendered":"<p>Guitare Lebreton double table 2022 Guitare neuve Diapason 650 mm Double table Epicea \/ nomex, balsa \/ red cedar Dos et \u00e9clisses en palissandre indien. Manche c\u00e9dro Touche \u00e9b\u00e8ne Chevalet palissandre indien M\u00e9caniques AR ( Italie) plaque de base en laiton, assembl\u00e9e \u00e0 la main, 35 mm avec un rapport d\u2019engrenage de 18:1, rouleaux en &hellip; <\/p>\n<p class=\"link-more\"><a href=\"https:\/\/guitares-et-luthiers.fr\/?page_id=2079\" class=\"more-link\">Continuer la lecture<span class=\"screen-reader-text\"> de &laquo;&nbsp;Lebreton double table 2022&nbsp;&raquo;<\/span><\/a><\/p>\n","protected":false},"author":2,"featured_media":0,"parent":0,"menu_order":0,"comment_status":"closed","ping_status":"closed","template":"","meta":{"footnotes":""},"class_list":["post-2079","page","type-page","status-publish","hentry"],"_links":{"self":[{"href":"https:\/\/guitares-et-luthiers.fr\/index.php?rest_route=\/wp\/v2\/pages\/2079","targetHints":{"allow":["GET"]}}],"collection":[{"href":"https:\/\/guitares-et-luthiers.fr\/index.php?rest_route=\/wp\/v2\/pages"}],"about":[{"href":"https:\/\/guitares-et-luthiers.fr\/index.php?rest_route=\/wp\/v2\/types\/page"}],"author":[{"embeddable":true,"href":"https:\/\/guitares-et-luthiers.fr\/index.php?rest_route=\/wp\/v2\/users\/2"}],"replies":[{"embeddable":true,"href":"https:\/\/guitares-et-luthiers.fr\/index.php?rest_route=%2Fwp%2Fv2%2Fcomments&post=2079"}],"version-history":[{"count":5,"href":"https:\/\/guitares-et-luthiers.fr\/index.php?rest_route=\/wp\/v2\/pages\/2079\/revisions"}],"predecessor-version":[{"id":2110,"href":"https:\/\/guitares-et-luthiers.fr\/index.php?rest_route=\/wp\/v2\/pages\/2079\/revisions\/2110"}],"wp:attachment":[{"href":"https:\/\/guitares-et-luthiers.fr\/index.php?rest_route=%2Fwp%2Fv2%2Fmedia&parent=2079"}],"curies":[{"name":"wp","href":"https:\/\/api.w.org\/{rel}","templated":true}]}}