{"id":208,"date":"2014-01-03T10:47:24","date_gmt":"2014-01-03T09:47:24","guid":{"rendered":"http:\/\/guitares-et-luthiers.fr\/?page_id=208"},"modified":"2022-10-02T18:35:57","modified_gmt":"2022-10-02T17:35:57","slug":"concert-yann-guillo-2009","status":"publish","type":"page","link":"https:\/\/guitares-et-luthiers.fr\/?page_id=208","title":{"rendered":"\u00a0\u00bb concert \u00a0\u00bb Yann Guillo 2009"},"content":{"rendered":"<div>\n<div><img decoding=\"async\" src=\"http:\/\/art-range.fr\/site\/guitaresetluthiers\/concert_Guillo_2009_files\/shapeimage_3.png\" alt=\"Guitares et luthiers\" \/><\/div>\n<\/div>\n<div id=\"id2\">\n<p>Luthier :\u00a0Yann Guillo<\/p>\n<p>Mod\u00e8le :\u00a0Concert<\/p>\n<p>Ann\u00e9e :\u00a02009<\/p>\n<p>Bois : table en \u00e9picea du Jura, dos et \u00e9clisses en palissandre des Indes, touche \u00e9b\u00e8ne du Gabon, chevalet en palissandre, renfort de manche en palissandre.<\/p>\n<p>Une lutherie de qualit\u00e9 avec des bois soigneusement s\u00e9lectionn\u00e9s, un son qui a une couleur, un timbre, du caract\u00e8re. Yann, sans tambour ni trompette, aime le travail bien fait et\u00a0 ceci a pour r\u00e9sultat des instruments de grande qualit\u00e9. A d\u00e9couvrir.<\/p>\n<p>Quelques d\u00e9tails:<\/p>\n<p>* manche en cedro du Honduras;<\/p>\n<p>* placage de t\u00eate en bubinga<\/p>\n<p>* sillets en os<\/p>\n<p>* rosace et filetterie \u00e9b\u00e8ne, erable,bubinga, palissandre<\/p>\n<div id=\"body_layer\">\n<div id=\"id3\">\n<div>\n<p>site<\/p>\n<p><a title=\"http:\/\/www.nano\" href=\"http:\/\/www.nano\/\">www.myspace.com\/nanolutherie<\/a><\/p>\n<p><a href=\"https:\/\/guitares-et-luthiers.fr\/wp-content\/uploads\/2014\/01\/P1060156.jpg\" rel=\"lightbox[208]\"><img loading=\"lazy\" decoding=\"async\" class=\"alignnone size-medium wp-image-313\" src=\"https:\/\/guitares-et-luthiers.fr\/wp-content\/uploads\/2014\/01\/P1060156-300x225.jpg\" alt=\"Guillo concert 2009\" width=\"300\" height=\"225\" srcset=\"https:\/\/guitares-et-luthiers.fr\/wp-content\/uploads\/2014\/01\/P1060156-300x225.jpg 300w, https:\/\/guitares-et-luthiers.fr\/wp-content\/uploads\/2014\/01\/P1060156-1024x768.jpg 1024w, https:\/\/guitares-et-luthiers.fr\/wp-content\/uploads\/2014\/01\/P1060156.jpg 1600w\" sizes=\"auto, (max-width: 300px) 100vw, 300px\" \/><\/a> <a href=\"https:\/\/guitares-et-luthiers.fr\/wp-content\/uploads\/2014\/01\/P1060155.jpg\" rel=\"lightbox[208]\"><img loading=\"lazy\" decoding=\"async\" class=\"alignnone size-medium wp-image-312\" src=\"https:\/\/guitares-et-luthiers.fr\/wp-content\/uploads\/2014\/01\/P1060155-300x225.jpg\" alt=\"Guillo concert 2009\" width=\"300\" height=\"225\" srcset=\"https:\/\/guitares-et-luthiers.fr\/wp-content\/uploads\/2014\/01\/P1060155-300x225.jpg 300w, https:\/\/guitares-et-luthiers.fr\/wp-content\/uploads\/2014\/01\/P1060155-1024x768.jpg 1024w, https:\/\/guitares-et-luthiers.fr\/wp-content\/uploads\/2014\/01\/P1060155.jpg 1600w\" sizes=\"auto, (max-width: 300px) 100vw, 300px\" \/><\/a> <a href=\"https:\/\/guitares-et-luthiers.fr\/wp-content\/uploads\/2014\/01\/P1060154.jpg\" rel=\"lightbox[208]\"><img loading=\"lazy\" decoding=\"async\" class=\"alignnone size-medium wp-image-311\" src=\"https:\/\/guitares-et-luthiers.fr\/wp-content\/uploads\/2014\/01\/P1060154-300x225.jpg\" alt=\"Guillo concert 2009\" width=\"300\" height=\"225\" srcset=\"https:\/\/guitares-et-luthiers.fr\/wp-content\/uploads\/2014\/01\/P1060154-300x225.jpg 300w, https:\/\/guitares-et-luthiers.fr\/wp-content\/uploads\/2014\/01\/P1060154-1024x768.jpg 1024w, https:\/\/guitares-et-luthiers.fr\/wp-content\/uploads\/2014\/01\/P1060154.jpg 1600w\" sizes=\"auto, (max-width: 300px) 100vw, 300px\" \/><\/a> <a href=\"https:\/\/guitares-et-luthiers.fr\/wp-content\/uploads\/2014\/01\/P1060153.jpg\" rel=\"lightbox[208]\"><img loading=\"lazy\" decoding=\"async\" class=\"alignnone size-medium wp-image-310\" src=\"https:\/\/guitares-et-luthiers.fr\/wp-content\/uploads\/2014\/01\/P1060153-300x225.jpg\" alt=\"Guillo concert 2009\" width=\"300\" height=\"225\" srcset=\"https:\/\/guitares-et-luthiers.fr\/wp-content\/uploads\/2014\/01\/P1060153-300x225.jpg 300w, https:\/\/guitares-et-luthiers.fr\/wp-content\/uploads\/2014\/01\/P1060153-1024x768.jpg 1024w, https:\/\/guitares-et-luthiers.fr\/wp-content\/uploads\/2014\/01\/P1060153.jpg 1600w\" sizes=\"auto, (max-width: 300px) 100vw, 300px\" \/><\/a> <a href=\"https:\/\/guitares-et-luthiers.fr\/wp-content\/uploads\/2014\/01\/P1060151.jpg\" rel=\"lightbox[208]\"><img loading=\"lazy\" decoding=\"async\" class=\"alignnone size-medium wp-image-309\" src=\"https:\/\/guitares-et-luthiers.fr\/wp-content\/uploads\/2014\/01\/P1060151-300x225.jpg\" alt=\"Guillo concert 2009\" width=\"300\" height=\"225\" srcset=\"https:\/\/guitares-et-luthiers.fr\/wp-content\/uploads\/2014\/01\/P1060151-300x225.jpg 300w, https:\/\/guitares-et-luthiers.fr\/wp-content\/uploads\/2014\/01\/P1060151-1024x768.jpg 1024w, https:\/\/guitares-et-luthiers.fr\/wp-content\/uploads\/2014\/01\/P1060151.jpg 1600w\" sizes=\"auto, (max-width: 300px) 100vw, 300px\" \/><\/a> <a href=\"https:\/\/guitares-et-luthiers.fr\/wp-content\/uploads\/2014\/01\/P1060149.jpg\" rel=\"lightbox[208]\"><img loading=\"lazy\" decoding=\"async\" class=\"alignnone size-medium wp-image-308\" src=\"https:\/\/guitares-et-luthiers.fr\/wp-content\/uploads\/2014\/01\/P1060149-300x225.jpg\" alt=\"Guillo concert 2009\" width=\"300\" height=\"225\" srcset=\"https:\/\/guitares-et-luthiers.fr\/wp-content\/uploads\/2014\/01\/P1060149-300x225.jpg 300w, https:\/\/guitares-et-luthiers.fr\/wp-content\/uploads\/2014\/01\/P1060149-1024x768.jpg 1024w, https:\/\/guitares-et-luthiers.fr\/wp-content\/uploads\/2014\/01\/P1060149.jpg 1600w\" sizes=\"auto, (max-width: 300px) 100vw, 300px\" \/><\/a> <a href=\"https:\/\/guitares-et-luthiers.fr\/wp-content\/uploads\/2014\/01\/P1060147.jpg\" rel=\"lightbox[208]\"><img loading=\"lazy\" decoding=\"async\" class=\"alignnone size-medium wp-image-307\" src=\"https:\/\/guitares-et-luthiers.fr\/wp-content\/uploads\/2014\/01\/P1060147-300x225.jpg\" alt=\"Guillo concert 2009\" width=\"300\" height=\"225\" srcset=\"https:\/\/guitares-et-luthiers.fr\/wp-content\/uploads\/2014\/01\/P1060147-300x225.jpg 300w, https:\/\/guitares-et-luthiers.fr\/wp-content\/uploads\/2014\/01\/P1060147-1024x768.jpg 1024w, https:\/\/guitares-et-luthiers.fr\/wp-content\/uploads\/2014\/01\/P1060147.jpg 1600w\" sizes=\"auto, (max-width: 300px) 100vw, 300px\" \/><\/a><\/p>\n<\/div>\n<\/div>\n<\/div>\n<\/div>\n","protected":false},"excerpt":{"rendered":"<p>Luthier :\u00a0Yann Guillo Mod\u00e8le :\u00a0Concert Ann\u00e9e :\u00a02009 Bois : table en \u00e9picea du Jura, dos et \u00e9clisses en palissandre des Indes, touche \u00e9b\u00e8ne du Gabon, chevalet en palissandre, renfort de manche en palissandre. Une lutherie de qualit\u00e9 avec des bois soigneusement s\u00e9lectionn\u00e9s, un son qui a une couleur, un timbre, du caract\u00e8re. Yann, sans tambour &hellip; <\/p>\n<p class=\"link-more\"><a href=\"https:\/\/guitares-et-luthiers.fr\/?page_id=208\" class=\"more-link\">Continuer la lecture<span class=\"screen-reader-text\"> de &laquo;&nbsp;\u00a0\u00bb concert \u00a0\u00bb Yann Guillo 2009&nbsp;&raquo;<\/span><\/a><\/p>\n","protected":false},"author":2,"featured_media":0,"parent":0,"menu_order":0,"comment_status":"open","ping_status":"open","template":"","meta":{"footnotes":""},"class_list":["post-208","page","type-page","status-publish","hentry"],"_links":{"self":[{"href":"https:\/\/guitares-et-luthiers.fr\/index.php?rest_route=\/wp\/v2\/pages\/208","targetHints":{"allow":["GET"]}}],"collection":[{"href":"https:\/\/guitares-et-luthiers.fr\/index.php?rest_route=\/wp\/v2\/pages"}],"about":[{"href":"https:\/\/guitares-et-luthiers.fr\/index.php?rest_route=\/wp\/v2\/types\/page"}],"author":[{"embeddable":true,"href":"https:\/\/guitares-et-luthiers.fr\/index.php?rest_route=\/wp\/v2\/users\/2"}],"replies":[{"embeddable":true,"href":"https:\/\/guitares-et-luthiers.fr\/index.php?rest_route=%2Fwp%2Fv2%2Fcomments&post=208"}],"version-history":[{"count":6,"href":"https:\/\/guitares-et-luthiers.fr\/index.php?rest_route=\/wp\/v2\/pages\/208\/revisions"}],"predecessor-version":[{"id":1490,"href":"https:\/\/guitares-et-luthiers.fr\/index.php?rest_route=\/wp\/v2\/pages\/208\/revisions\/1490"}],"wp:attachment":[{"href":"https:\/\/guitares-et-luthiers.fr\/index.php?rest_route=%2Fwp%2Fv2%2Fmedia&parent=208"}],"curies":[{"name":"wp","href":"https:\/\/api.w.org\/{rel}","templated":true}]}}