{"id":211,"date":"2014-01-03T10:51:08","date_gmt":"2014-01-03T09:51:08","guid":{"rendered":"http:\/\/guitares-et-luthiers.fr\/?page_id=211"},"modified":"2022-10-02T18:37:59","modified_gmt":"2022-10-02T17:37:59","slug":"concert-2000-lebreton","status":"publish","type":"page","link":"https:\/\/guitares-et-luthiers.fr\/?page_id=211","title":{"rendered":"\u00ab\u00a0Concert \u00a0\u00bb 2000 Lebreton"},"content":{"rendered":"<div>\n<div>\n<div>\n<p>guitare de concert de 2000 refaite \u00e0 neuf<\/p>\n<p>table \u00e9picea,<\/p>\n<p>dos et \u00e9clisses en palissandre<\/p>\n<p>sillet os<\/p>\n<p>Touche \u00e9b\u00e8ne<\/p>\n<p><a href=\"https:\/\/guitares-et-luthiers.fr\/wp-content\/uploads\/2014\/01\/P1050801.jpg\" rel=\"lightbox[211]\"><img loading=\"lazy\" decoding=\"async\" class=\"alignnone size-medium wp-image-332\" src=\"https:\/\/guitares-et-luthiers.fr\/wp-content\/uploads\/2014\/01\/P1050801-300x225.jpg\" alt=\"concert Lebreton 2000\" width=\"300\" height=\"225\" srcset=\"https:\/\/guitares-et-luthiers.fr\/wp-content\/uploads\/2014\/01\/P1050801-300x225.jpg 300w, https:\/\/guitares-et-luthiers.fr\/wp-content\/uploads\/2014\/01\/P1050801-1024x768.jpg 1024w, https:\/\/guitares-et-luthiers.fr\/wp-content\/uploads\/2014\/01\/P1050801.jpg 1600w\" sizes=\"auto, (max-width: 300px) 100vw, 300px\" \/><\/a> <a href=\"https:\/\/guitares-et-luthiers.fr\/wp-content\/uploads\/2014\/01\/P1050800.jpg\" rel=\"lightbox[211]\"><img loading=\"lazy\" decoding=\"async\" class=\"alignnone size-medium wp-image-331\" src=\"https:\/\/guitares-et-luthiers.fr\/wp-content\/uploads\/2014\/01\/P1050800-300x225.jpg\" alt=\"concert Lebreton 2000\" width=\"300\" height=\"225\" srcset=\"https:\/\/guitares-et-luthiers.fr\/wp-content\/uploads\/2014\/01\/P1050800-300x225.jpg 300w, https:\/\/guitares-et-luthiers.fr\/wp-content\/uploads\/2014\/01\/P1050800-1024x768.jpg 1024w, https:\/\/guitares-et-luthiers.fr\/wp-content\/uploads\/2014\/01\/P1050800.jpg 1600w\" sizes=\"auto, (max-width: 300px) 100vw, 300px\" \/><\/a> <a href=\"https:\/\/guitares-et-luthiers.fr\/wp-content\/uploads\/2014\/01\/P1050799.jpg\" rel=\"lightbox[211]\"><img loading=\"lazy\" decoding=\"async\" class=\"alignnone size-medium wp-image-330\" src=\"https:\/\/guitares-et-luthiers.fr\/wp-content\/uploads\/2014\/01\/P1050799-300x225.jpg\" alt=\"concert Lebreton 2000\" width=\"300\" height=\"225\" srcset=\"https:\/\/guitares-et-luthiers.fr\/wp-content\/uploads\/2014\/01\/P1050799-300x225.jpg 300w, https:\/\/guitares-et-luthiers.fr\/wp-content\/uploads\/2014\/01\/P1050799-1024x768.jpg 1024w, https:\/\/guitares-et-luthiers.fr\/wp-content\/uploads\/2014\/01\/P1050799.jpg 1600w\" sizes=\"auto, (max-width: 300px) 100vw, 300px\" \/><\/a> <a href=\"https:\/\/guitares-et-luthiers.fr\/wp-content\/uploads\/2014\/01\/P1050796.jpg\" rel=\"lightbox[211]\"><img loading=\"lazy\" decoding=\"async\" class=\"alignnone size-medium wp-image-329\" src=\"https:\/\/guitares-et-luthiers.fr\/wp-content\/uploads\/2014\/01\/P1050796-300x225.jpg\" alt=\"concert Lebreton 2000\" width=\"300\" height=\"225\" srcset=\"https:\/\/guitares-et-luthiers.fr\/wp-content\/uploads\/2014\/01\/P1050796-300x225.jpg 300w, https:\/\/guitares-et-luthiers.fr\/wp-content\/uploads\/2014\/01\/P1050796-1024x768.jpg 1024w, https:\/\/guitares-et-luthiers.fr\/wp-content\/uploads\/2014\/01\/P1050796.jpg 1600w\" sizes=\"auto, (max-width: 300px) 100vw, 300px\" \/><\/a> <a href=\"https:\/\/guitares-et-luthiers.fr\/wp-content\/uploads\/2014\/01\/P1050793.jpg\" rel=\"lightbox[211]\"><img loading=\"lazy\" decoding=\"async\" class=\"alignnone size-medium wp-image-328\" src=\"https:\/\/guitares-et-luthiers.fr\/wp-content\/uploads\/2014\/01\/P1050793-300x225.jpg\" alt=\"concert Lebreton 2000\" width=\"300\" height=\"225\" srcset=\"https:\/\/guitares-et-luthiers.fr\/wp-content\/uploads\/2014\/01\/P1050793-300x225.jpg 300w, https:\/\/guitares-et-luthiers.fr\/wp-content\/uploads\/2014\/01\/P1050793-1024x768.jpg 1024w\" sizes=\"auto, (max-width: 300px) 100vw, 300px\" \/><\/a> <a href=\"https:\/\/guitares-et-luthiers.fr\/wp-content\/uploads\/2014\/01\/P1050792.jpg\" rel=\"lightbox[211]\"><img loading=\"lazy\" decoding=\"async\" class=\"alignnone size-medium wp-image-327\" src=\"https:\/\/guitares-et-luthiers.fr\/wp-content\/uploads\/2014\/01\/P1050792-300x225.jpg\" alt=\"concert Lebreton 2000\" width=\"300\" height=\"225\" srcset=\"https:\/\/guitares-et-luthiers.fr\/wp-content\/uploads\/2014\/01\/P1050792-300x225.jpg 300w, https:\/\/guitares-et-luthiers.fr\/wp-content\/uploads\/2014\/01\/P1050792-1024x768.jpg 1024w\" sizes=\"auto, (max-width: 300px) 100vw, 300px\" \/><\/a> <a href=\"https:\/\/guitares-et-luthiers.fr\/wp-content\/uploads\/2014\/01\/P1050787.jpg\" rel=\"lightbox[211]\"><img loading=\"lazy\" decoding=\"async\" class=\"alignnone size-medium wp-image-326\" src=\"https:\/\/guitares-et-luthiers.fr\/wp-content\/uploads\/2014\/01\/P1050787-300x225.jpg\" alt=\"concert Lebreton 2000\" width=\"300\" height=\"225\" srcset=\"https:\/\/guitares-et-luthiers.fr\/wp-content\/uploads\/2014\/01\/P1050787-300x225.jpg 300w, https:\/\/guitares-et-luthiers.fr\/wp-content\/uploads\/2014\/01\/P1050787-1024x768.jpg 1024w, https:\/\/guitares-et-luthiers.fr\/wp-content\/uploads\/2014\/01\/P1050787.jpg 1600w\" sizes=\"auto, (max-width: 300px) 100vw, 300px\" \/><\/a> <a href=\"https:\/\/guitares-et-luthiers.fr\/wp-content\/uploads\/2014\/01\/P1050779.jpg\" rel=\"lightbox[211]\"><img loading=\"lazy\" decoding=\"async\" class=\"alignnone size-medium wp-image-325\" src=\"https:\/\/guitares-et-luthiers.fr\/wp-content\/uploads\/2014\/01\/P1050779-300x225.jpg\" alt=\"concert Lebreton 2000\" width=\"300\" height=\"225\" srcset=\"https:\/\/guitares-et-luthiers.fr\/wp-content\/uploads\/2014\/01\/P1050779-300x225.jpg 300w, https:\/\/guitares-et-luthiers.fr\/wp-content\/uploads\/2014\/01\/P1050779-1024x768.jpg 1024w, https:\/\/guitares-et-luthiers.fr\/wp-content\/uploads\/2014\/01\/P1050779.jpg 1600w\" sizes=\"auto, (max-width: 300px) 100vw, 300px\" \/><\/a> <a href=\"https:\/\/guitares-et-luthiers.fr\/wp-content\/uploads\/2014\/01\/P1060165.jpg\" rel=\"lightbox[211]\"><img loading=\"lazy\" decoding=\"async\" class=\"alignnone size-medium wp-image-324\" src=\"https:\/\/guitares-et-luthiers.fr\/wp-content\/uploads\/2014\/01\/P1060165-300x225.jpg\" alt=\"concert Lebreton 2000\" width=\"300\" height=\"225\" srcset=\"https:\/\/guitares-et-luthiers.fr\/wp-content\/uploads\/2014\/01\/P1060165-300x225.jpg 300w, https:\/\/guitares-et-luthiers.fr\/wp-content\/uploads\/2014\/01\/P1060165-1024x768.jpg 1024w, https:\/\/guitares-et-luthiers.fr\/wp-content\/uploads\/2014\/01\/P1060165.jpg 1600w\" sizes=\"auto, (max-width: 300px) 100vw, 300px\" \/><\/a> <a href=\"https:\/\/guitares-et-luthiers.fr\/wp-content\/uploads\/2014\/01\/P1060164.jpg\" rel=\"lightbox[211]\"><img loading=\"lazy\" decoding=\"async\" class=\"alignnone size-medium wp-image-323\" src=\"https:\/\/guitares-et-luthiers.fr\/wp-content\/uploads\/2014\/01\/P1060164-300x225.jpg\" alt=\"concert Lebreton 2000\" width=\"300\" height=\"225\" srcset=\"https:\/\/guitares-et-luthiers.fr\/wp-content\/uploads\/2014\/01\/P1060164-300x225.jpg 300w, https:\/\/guitares-et-luthiers.fr\/wp-content\/uploads\/2014\/01\/P1060164-1024x768.jpg 1024w, https:\/\/guitares-et-luthiers.fr\/wp-content\/uploads\/2014\/01\/P1060164.jpg 1600w\" sizes=\"auto, (max-width: 300px) 100vw, 300px\" \/><\/a> <a href=\"https:\/\/guitares-et-luthiers.fr\/wp-content\/uploads\/2014\/01\/P1060162.jpg\" rel=\"lightbox[211]\"><img loading=\"lazy\" decoding=\"async\" class=\"alignnone size-medium wp-image-322\" src=\"https:\/\/guitares-et-luthiers.fr\/wp-content\/uploads\/2014\/01\/P1060162-300x225.jpg\" alt=\"concert Lebreton 2000\" width=\"300\" height=\"225\" srcset=\"https:\/\/guitares-et-luthiers.fr\/wp-content\/uploads\/2014\/01\/P1060162-300x225.jpg 300w, https:\/\/guitares-et-luthiers.fr\/wp-content\/uploads\/2014\/01\/P1060162-1024x768.jpg 1024w, https:\/\/guitares-et-luthiers.fr\/wp-content\/uploads\/2014\/01\/P1060162.jpg 1600w\" sizes=\"auto, (max-width: 300px) 100vw, 300px\" \/><\/a> <a href=\"https:\/\/guitares-et-luthiers.fr\/wp-content\/uploads\/2014\/01\/P1060161.jpg\" rel=\"lightbox[211]\"><img loading=\"lazy\" decoding=\"async\" class=\"alignnone size-medium wp-image-321\" src=\"https:\/\/guitares-et-luthiers.fr\/wp-content\/uploads\/2014\/01\/P1060161-300x225.jpg\" alt=\"concert Lebreton 2000\" width=\"300\" height=\"225\" srcset=\"https:\/\/guitares-et-luthiers.fr\/wp-content\/uploads\/2014\/01\/P1060161-300x225.jpg 300w, https:\/\/guitares-et-luthiers.fr\/wp-content\/uploads\/2014\/01\/P1060161-1024x768.jpg 1024w, https:\/\/guitares-et-luthiers.fr\/wp-content\/uploads\/2014\/01\/P1060161.jpg 1600w\" sizes=\"auto, (max-width: 300px) 100vw, 300px\" \/><\/a> <a href=\"https:\/\/guitares-et-luthiers.fr\/wp-content\/uploads\/2014\/01\/P1060159.jpg\" rel=\"lightbox[211]\"><img loading=\"lazy\" decoding=\"async\" class=\"alignnone size-medium wp-image-320\" src=\"https:\/\/guitares-et-luthiers.fr\/wp-content\/uploads\/2014\/01\/P1060159-300x225.jpg\" alt=\"concert Lebreton 2000\" width=\"300\" height=\"225\" srcset=\"https:\/\/guitares-et-luthiers.fr\/wp-content\/uploads\/2014\/01\/P1060159-300x225.jpg 300w, https:\/\/guitares-et-luthiers.fr\/wp-content\/uploads\/2014\/01\/P1060159-1024x768.jpg 1024w, https:\/\/guitares-et-luthiers.fr\/wp-content\/uploads\/2014\/01\/P1060159.jpg 1600w\" sizes=\"auto, (max-width: 300px) 100vw, 300px\" \/><\/a> <a href=\"https:\/\/guitares-et-luthiers.fr\/wp-content\/uploads\/2014\/01\/P1060158.jpg\" rel=\"lightbox[211]\"><img loading=\"lazy\" decoding=\"async\" class=\"alignnone size-medium wp-image-319\" src=\"https:\/\/guitares-et-luthiers.fr\/wp-content\/uploads\/2014\/01\/P1060158-300x225.jpg\" alt=\"concert Lebreton 2000\" width=\"300\" height=\"225\" srcset=\"https:\/\/guitares-et-luthiers.fr\/wp-content\/uploads\/2014\/01\/P1060158-300x225.jpg 300w, https:\/\/guitares-et-luthiers.fr\/wp-content\/uploads\/2014\/01\/P1060158-1024x768.jpg 1024w, https:\/\/guitares-et-luthiers.fr\/wp-content\/uploads\/2014\/01\/P1060158.jpg 1600w\" sizes=\"auto, (max-width: 300px) 100vw, 300px\" \/><\/a> <a href=\"https:\/\/guitares-et-luthiers.fr\/wp-content\/uploads\/2014\/01\/P1060157.jpg\" rel=\"lightbox[211]\"><img loading=\"lazy\" decoding=\"async\" class=\"alignnone size-medium wp-image-318\" src=\"https:\/\/guitares-et-luthiers.fr\/wp-content\/uploads\/2014\/01\/P1060157-300x225.jpg\" alt=\"concert Lebreton 2000\" width=\"300\" height=\"225\" srcset=\"https:\/\/guitares-et-luthiers.fr\/wp-content\/uploads\/2014\/01\/P1060157-300x225.jpg 300w, https:\/\/guitares-et-luthiers.fr\/wp-content\/uploads\/2014\/01\/P1060157-1024x768.jpg 1024w, https:\/\/guitares-et-luthiers.fr\/wp-content\/uploads\/2014\/01\/P1060157.jpg 1600w\" sizes=\"auto, (max-width: 300px) 100vw, 300px\" \/><\/a><\/p>\n<\/div>\n<\/div>\n<\/div>\n<div><\/div>\n","protected":false},"excerpt":{"rendered":"<p>guitare de concert de 2000 refaite \u00e0 neuf table \u00e9picea, dos et \u00e9clisses en palissandre sillet os Touche \u00e9b\u00e8ne<\/p>\n","protected":false},"author":2,"featured_media":0,"parent":0,"menu_order":0,"comment_status":"open","ping_status":"open","template":"","meta":{"footnotes":""},"class_list":["post-211","page","type-page","status-publish","hentry"],"_links":{"self":[{"href":"https:\/\/guitares-et-luthiers.fr\/index.php?rest_route=\/wp\/v2\/pages\/211","targetHints":{"allow":["GET"]}}],"collection":[{"href":"https:\/\/guitares-et-luthiers.fr\/index.php?rest_route=\/wp\/v2\/pages"}],"about":[{"href":"https:\/\/guitares-et-luthiers.fr\/index.php?rest_route=\/wp\/v2\/types\/page"}],"author":[{"embeddable":true,"href":"https:\/\/guitares-et-luthiers.fr\/index.php?rest_route=\/wp\/v2\/users\/2"}],"replies":[{"embeddable":true,"href":"https:\/\/guitares-et-luthiers.fr\/index.php?rest_route=%2Fwp%2Fv2%2Fcomments&post=211"}],"version-history":[{"count":4,"href":"https:\/\/guitares-et-luthiers.fr\/index.php?rest_route=\/wp\/v2\/pages\/211\/revisions"}],"predecessor-version":[{"id":1493,"href":"https:\/\/guitares-et-luthiers.fr\/index.php?rest_route=\/wp\/v2\/pages\/211\/revisions\/1493"}],"wp:attachment":[{"href":"https:\/\/guitares-et-luthiers.fr\/index.php?rest_route=%2Fwp%2Fv2%2Fmedia&parent=211"}],"curies":[{"name":"wp","href":"https:\/\/api.w.org\/{rel}","templated":true}]}}