{"id":215,"date":"2014-01-03T10:54:03","date_gmt":"2014-01-03T09:54:03","guid":{"rendered":"http:\/\/guitares-et-luthiers.fr\/?page_id=215"},"modified":"2022-10-02T18:37:28","modified_gmt":"2022-10-02T17:37:28","slug":"concert-lebreton-2006","status":"publish","type":"page","link":"https:\/\/guitares-et-luthiers.fr\/?page_id=215","title":{"rendered":"\u00ab\u00a0Concert\u00a0\u00bb Lebreton 2008"},"content":{"rendered":"<p>Guitare Lebreton de 2008 , table en \u00e9pic\u00e9a vieilli, fond et \u00e9clisses en palissandre, \u00e9clisses doubl\u00e9es, touche \u00e9b\u00e9ne, manche renforc\u00e9.<\/p>\n<p>Une guitare avec de belles basses ; assez \u201clourde\u201d (\u00e9clisses doubl\u00e9es ?) mais bien \u00e9quilibr\u00e9e.<\/p>\n<p><a href=\"https:\/\/guitares-et-luthiers.fr\/wp-content\/uploads\/2014\/02\/P1050321.jpg\" rel=\"lightbox[215]\"><img loading=\"lazy\" decoding=\"async\" class=\"alignnone size-medium wp-image-346\" src=\"https:\/\/guitares-et-luthiers.fr\/wp-content\/uploads\/2014\/02\/P1050321-300x225.jpg\" alt=\"Concert Lebreton 2008\" width=\"300\" height=\"225\" srcset=\"https:\/\/guitares-et-luthiers.fr\/wp-content\/uploads\/2014\/02\/P1050321-300x225.jpg 300w, https:\/\/guitares-et-luthiers.fr\/wp-content\/uploads\/2014\/02\/P1050321-1024x768.jpg 1024w, https:\/\/guitares-et-luthiers.fr\/wp-content\/uploads\/2014\/02\/P1050321.jpg 1600w\" sizes=\"auto, (max-width: 300px) 100vw, 300px\" \/><\/a> <a href=\"https:\/\/guitares-et-luthiers.fr\/wp-content\/uploads\/2014\/02\/P1050320.jpg\" rel=\"lightbox[215]\"><img loading=\"lazy\" decoding=\"async\" class=\"alignnone size-medium wp-image-345\" src=\"https:\/\/guitares-et-luthiers.fr\/wp-content\/uploads\/2014\/02\/P1050320-300x225.jpg\" alt=\"Concert Lebreton 2008\" width=\"300\" height=\"225\" srcset=\"https:\/\/guitares-et-luthiers.fr\/wp-content\/uploads\/2014\/02\/P1050320-300x225.jpg 300w, https:\/\/guitares-et-luthiers.fr\/wp-content\/uploads\/2014\/02\/P1050320-1024x768.jpg 1024w, https:\/\/guitares-et-luthiers.fr\/wp-content\/uploads\/2014\/02\/P1050320.jpg 1600w\" sizes=\"auto, (max-width: 300px) 100vw, 300px\" \/><\/a> <a href=\"https:\/\/guitares-et-luthiers.fr\/wp-content\/uploads\/2014\/02\/P1050318.jpg\" rel=\"lightbox[215]\"><img loading=\"lazy\" decoding=\"async\" class=\"alignnone size-medium wp-image-344\" src=\"https:\/\/guitares-et-luthiers.fr\/wp-content\/uploads\/2014\/02\/P1050318-225x300.jpg\" alt=\"Concert Lebreton 2008\" width=\"225\" height=\"300\" srcset=\"https:\/\/guitares-et-luthiers.fr\/wp-content\/uploads\/2014\/02\/P1050318-225x300.jpg 225w, https:\/\/guitares-et-luthiers.fr\/wp-content\/uploads\/2014\/02\/P1050318-768x1024.jpg 768w, https:\/\/guitares-et-luthiers.fr\/wp-content\/uploads\/2014\/02\/P1050318.jpg 1200w\" sizes=\"auto, (max-width: 225px) 100vw, 225px\" \/><\/a> <a href=\"https:\/\/guitares-et-luthiers.fr\/wp-content\/uploads\/2014\/02\/P1050317.jpg\" rel=\"lightbox[215]\"><img loading=\"lazy\" decoding=\"async\" class=\"alignnone size-medium wp-image-343\" src=\"https:\/\/guitares-et-luthiers.fr\/wp-content\/uploads\/2014\/02\/P1050317-300x225.jpg\" alt=\"Concert Lebreton 2008\" width=\"300\" height=\"225\" srcset=\"https:\/\/guitares-et-luthiers.fr\/wp-content\/uploads\/2014\/02\/P1050317-300x225.jpg 300w, https:\/\/guitares-et-luthiers.fr\/wp-content\/uploads\/2014\/02\/P1050317-1024x768.jpg 1024w, https:\/\/guitares-et-luthiers.fr\/wp-content\/uploads\/2014\/02\/P1050317.jpg 1600w\" sizes=\"auto, (max-width: 300px) 100vw, 300px\" \/><\/a> <a href=\"https:\/\/guitares-et-luthiers.fr\/wp-content\/uploads\/2014\/02\/P1050316.jpg\" rel=\"lightbox[215]\"><img loading=\"lazy\" decoding=\"async\" class=\"alignnone size-medium wp-image-342\" src=\"https:\/\/guitares-et-luthiers.fr\/wp-content\/uploads\/2014\/02\/P1050316-300x225.jpg\" alt=\"Concert Lebreton 2008\" width=\"300\" height=\"225\" srcset=\"https:\/\/guitares-et-luthiers.fr\/wp-content\/uploads\/2014\/02\/P1050316-300x225.jpg 300w, https:\/\/guitares-et-luthiers.fr\/wp-content\/uploads\/2014\/02\/P1050316-1024x768.jpg 1024w, https:\/\/guitares-et-luthiers.fr\/wp-content\/uploads\/2014\/02\/P1050316.jpg 1600w\" sizes=\"auto, (max-width: 300px) 100vw, 300px\" \/><\/a> <a href=\"https:\/\/guitares-et-luthiers.fr\/wp-content\/uploads\/2014\/02\/P1050189.jpg\" rel=\"lightbox[215]\"><img loading=\"lazy\" decoding=\"async\" class=\"alignnone size-medium wp-image-341\" src=\"https:\/\/guitares-et-luthiers.fr\/wp-content\/uploads\/2014\/02\/P1050189-300x225.jpg\" alt=\"Concert Lebreton 2008\" width=\"300\" height=\"225\" srcset=\"https:\/\/guitares-et-luthiers.fr\/wp-content\/uploads\/2014\/02\/P1050189-300x225.jpg 300w, https:\/\/guitares-et-luthiers.fr\/wp-content\/uploads\/2014\/02\/P1050189-1024x768.jpg 1024w, https:\/\/guitares-et-luthiers.fr\/wp-content\/uploads\/2014\/02\/P1050189.jpg 1600w\" sizes=\"auto, (max-width: 300px) 100vw, 300px\" \/><\/a> <a href=\"https:\/\/guitares-et-luthiers.fr\/wp-content\/uploads\/2014\/02\/P1050187.jpg\" rel=\"lightbox[215]\"><img loading=\"lazy\" decoding=\"async\" class=\"alignnone size-medium wp-image-340\" src=\"https:\/\/guitares-et-luthiers.fr\/wp-content\/uploads\/2014\/02\/P1050187-300x225.jpg\" alt=\"Concert Lebreton 2008\" width=\"300\" height=\"225\" srcset=\"https:\/\/guitares-et-luthiers.fr\/wp-content\/uploads\/2014\/02\/P1050187-300x225.jpg 300w, https:\/\/guitares-et-luthiers.fr\/wp-content\/uploads\/2014\/02\/P1050187-1024x768.jpg 1024w, https:\/\/guitares-et-luthiers.fr\/wp-content\/uploads\/2014\/02\/P1050187.jpg 1600w\" sizes=\"auto, (max-width: 300px) 100vw, 300px\" \/><\/a> <a href=\"https:\/\/guitares-et-luthiers.fr\/wp-content\/uploads\/2014\/02\/P1050185.jpg\" rel=\"lightbox[215]\"><img loading=\"lazy\" decoding=\"async\" class=\"alignnone size-medium wp-image-339\" src=\"https:\/\/guitares-et-luthiers.fr\/wp-content\/uploads\/2014\/02\/P1050185-300x225.jpg\" alt=\"Concert Lebreton 2008\" width=\"300\" height=\"225\" srcset=\"https:\/\/guitares-et-luthiers.fr\/wp-content\/uploads\/2014\/02\/P1050185-300x225.jpg 300w, https:\/\/guitares-et-luthiers.fr\/wp-content\/uploads\/2014\/02\/P1050185-1024x768.jpg 1024w, https:\/\/guitares-et-luthiers.fr\/wp-content\/uploads\/2014\/02\/P1050185.jpg 1600w\" sizes=\"auto, (max-width: 300px) 100vw, 300px\" \/><\/a> <a href=\"https:\/\/guitares-et-luthiers.fr\/wp-content\/uploads\/2014\/02\/P1050181.jpg\" rel=\"lightbox[215]\"><img loading=\"lazy\" decoding=\"async\" class=\"alignnone size-medium wp-image-338\" src=\"https:\/\/guitares-et-luthiers.fr\/wp-content\/uploads\/2014\/02\/P1050181-300x225.jpg\" alt=\"Concert Lebreton 2008\" width=\"300\" height=\"225\" srcset=\"https:\/\/guitares-et-luthiers.fr\/wp-content\/uploads\/2014\/02\/P1050181-300x225.jpg 300w, https:\/\/guitares-et-luthiers.fr\/wp-content\/uploads\/2014\/02\/P1050181-1024x768.jpg 1024w, https:\/\/guitares-et-luthiers.fr\/wp-content\/uploads\/2014\/02\/P1050181.jpg 1600w\" sizes=\"auto, (max-width: 300px) 100vw, 300px\" \/><\/a> <a href=\"https:\/\/guitares-et-luthiers.fr\/wp-content\/uploads\/2014\/02\/P1050179.jpg\" rel=\"lightbox[215]\"><img loading=\"lazy\" decoding=\"async\" class=\"alignnone size-medium wp-image-337\" src=\"https:\/\/guitares-et-luthiers.fr\/wp-content\/uploads\/2014\/02\/P1050179-300x225.jpg\" alt=\"Concert Lebreton 2008\" width=\"300\" height=\"225\" srcset=\"https:\/\/guitares-et-luthiers.fr\/wp-content\/uploads\/2014\/02\/P1050179-300x225.jpg 300w, https:\/\/guitares-et-luthiers.fr\/wp-content\/uploads\/2014\/02\/P1050179-1024x768.jpg 1024w, https:\/\/guitares-et-luthiers.fr\/wp-content\/uploads\/2014\/02\/P1050179.jpg 1600w\" sizes=\"auto, (max-width: 300px) 100vw, 300px\" \/><\/a> <a href=\"https:\/\/guitares-et-luthiers.fr\/wp-content\/uploads\/2014\/02\/P1050177.jpg\" rel=\"lightbox[215]\"><img loading=\"lazy\" decoding=\"async\" class=\"alignnone size-medium wp-image-336\" src=\"https:\/\/guitares-et-luthiers.fr\/wp-content\/uploads\/2014\/02\/P1050177-300x225.jpg\" alt=\"Concert Lebreton 2008\" width=\"300\" height=\"225\" srcset=\"https:\/\/guitares-et-luthiers.fr\/wp-content\/uploads\/2014\/02\/P1050177-300x225.jpg 300w, https:\/\/guitares-et-luthiers.fr\/wp-content\/uploads\/2014\/02\/P1050177-1024x768.jpg 1024w, https:\/\/guitares-et-luthiers.fr\/wp-content\/uploads\/2014\/02\/P1050177.jpg 1600w\" sizes=\"auto, (max-width: 300px) 100vw, 300px\" \/><\/a> <a href=\"https:\/\/guitares-et-luthiers.fr\/wp-content\/uploads\/2014\/02\/P1050170.jpg\" rel=\"lightbox[215]\"><img loading=\"lazy\" decoding=\"async\" class=\"alignnone size-medium wp-image-335\" src=\"https:\/\/guitares-et-luthiers.fr\/wp-content\/uploads\/2014\/02\/P1050170-300x225.jpg\" alt=\"Concert Lebreton 2008\" width=\"300\" height=\"225\" srcset=\"https:\/\/guitares-et-luthiers.fr\/wp-content\/uploads\/2014\/02\/P1050170-300x225.jpg 300w, https:\/\/guitares-et-luthiers.fr\/wp-content\/uploads\/2014\/02\/P1050170-1024x768.jpg 1024w, https:\/\/guitares-et-luthiers.fr\/wp-content\/uploads\/2014\/02\/P1050170.jpg 1600w\" sizes=\"auto, (max-width: 300px) 100vw, 300px\" \/><\/a><\/p>\n","protected":false},"excerpt":{"rendered":"<p>Guitare Lebreton de 2008 , table en \u00e9pic\u00e9a vieilli, fond et \u00e9clisses en palissandre, \u00e9clisses doubl\u00e9es, touche \u00e9b\u00e9ne, manche renforc\u00e9. Une guitare avec de belles basses ; assez \u201clourde\u201d (\u00e9clisses doubl\u00e9es ?) mais bien \u00e9quilibr\u00e9e.<\/p>\n","protected":false},"author":2,"featured_media":0,"parent":0,"menu_order":0,"comment_status":"open","ping_status":"open","template":"","meta":{"footnotes":""},"class_list":["post-215","page","type-page","status-publish","hentry"],"_links":{"self":[{"href":"https:\/\/guitares-et-luthiers.fr\/index.php?rest_route=\/wp\/v2\/pages\/215","targetHints":{"allow":["GET"]}}],"collection":[{"href":"https:\/\/guitares-et-luthiers.fr\/index.php?rest_route=\/wp\/v2\/pages"}],"about":[{"href":"https:\/\/guitares-et-luthiers.fr\/index.php?rest_route=\/wp\/v2\/types\/page"}],"author":[{"embeddable":true,"href":"https:\/\/guitares-et-luthiers.fr\/index.php?rest_route=\/wp\/v2\/users\/2"}],"replies":[{"embeddable":true,"href":"https:\/\/guitares-et-luthiers.fr\/index.php?rest_route=%2Fwp%2Fv2%2Fcomments&post=215"}],"version-history":[{"count":6,"href":"https:\/\/guitares-et-luthiers.fr\/index.php?rest_route=\/wp\/v2\/pages\/215\/revisions"}],"predecessor-version":[{"id":1492,"href":"https:\/\/guitares-et-luthiers.fr\/index.php?rest_route=\/wp\/v2\/pages\/215\/revisions\/1492"}],"wp:attachment":[{"href":"https:\/\/guitares-et-luthiers.fr\/index.php?rest_route=%2Fwp%2Fv2%2Fmedia&parent=215"}],"curies":[{"name":"wp","href":"https:\/\/api.w.org\/{rel}","templated":true}]}}