{"id":2166,"date":"2024-04-01T19:44:40","date_gmt":"2024-04-01T18:44:40","guid":{"rendered":"http:\/\/guitares-et-luthiers.fr\/?page_id=2166"},"modified":"2024-04-02T09:58:57","modified_gmt":"2024-04-02T08:58:57","slug":"sakurai-maestro-rf-2023","status":"publish","type":"page","link":"https:\/\/guitares-et-luthiers.fr\/?page_id=2166","title":{"rendered":"Sakurai Maestro rf 2023"},"content":{"rendered":"\n<p>Guitare exceptionnelle \u00e0 tous les niveaux, son , confort, puissance. Il s&rsquo;agit d&rsquo;un instrument qui poss\u00e8de un son d&rsquo;une suavit\u00e9 \u00e0 nulle autre pareille. Le son est rempli, chaud , g\u00e9n\u00e9reux et en m\u00eame temps tr\u00e8s clair, tr\u00e8s pr\u00e9cis, d\u00e9tach\u00e9. Facile \u00e0 jouer. <\/p>\n\n\n\n<p>Le mod\u00e8le maestro rf a une table plongeante (cf photos) qui permet d&rsquo;acc\u00e9der tr\u00e8s facilement aux cases au-del\u00e0 de la douzi\u00e8me. <\/p>\n\n\n\n<p>Il s&rsquo;agit du mod\u00e8le phare du luthier Masaki Sakurai. La r\u00e9putation se justifie d\u00e8s que l&rsquo;on commence \u00e0 en jouer. <\/p>\n\n\n\n<figure class=\"wp-block-gallery has-nested-images columns-default is-cropped wp-block-gallery-1 is-layout-flex wp-block-gallery-is-layout-flex\">\n<figure class=\"wp-block-image size-large\"><img loading=\"lazy\" decoding=\"async\" width=\"699\" height=\"1024\" data-id=\"2165\" src=\"https:\/\/guitares-et-luthiers.fr\/wp-content\/uploads\/2024\/04\/Sakurai-2023-p-699x1024.jpg\" alt=\"\" class=\"wp-image-2165\" srcset=\"https:\/\/guitares-et-luthiers.fr\/wp-content\/uploads\/2024\/04\/Sakurai-2023-p-699x1024.jpg 699w, https:\/\/guitares-et-luthiers.fr\/wp-content\/uploads\/2024\/04\/Sakurai-2023-p-205x300.jpg 205w, https:\/\/guitares-et-luthiers.fr\/wp-content\/uploads\/2024\/04\/Sakurai-2023-p-768x1126.jpg 768w, https:\/\/guitares-et-luthiers.fr\/wp-content\/uploads\/2024\/04\/Sakurai-2023-p-1048x1536.jpg 1048w, https:\/\/guitares-et-luthiers.fr\/wp-content\/uploads\/2024\/04\/Sakurai-2023-p-1397x2048.jpg 1397w, https:\/\/guitares-et-luthiers.fr\/wp-content\/uploads\/2024\/04\/Sakurai-2023-p-scaled.jpg 1747w\" sizes=\"auto, (max-width: 699px) 100vw, 699px\" \/><\/figure>\n\n\n\n<figure class=\"wp-block-image size-large\"><img loading=\"lazy\" decoding=\"async\" width=\"926\" height=\"1024\" data-id=\"2164\" src=\"https:\/\/guitares-et-luthiers.fr\/wp-content\/uploads\/2024\/04\/Sakurai-2023-o-926x1024.jpg\" alt=\"\" class=\"wp-image-2164\" srcset=\"https:\/\/guitares-et-luthiers.fr\/wp-content\/uploads\/2024\/04\/Sakurai-2023-o-926x1024.jpg 926w, https:\/\/guitares-et-luthiers.fr\/wp-content\/uploads\/2024\/04\/Sakurai-2023-o-271x300.jpg 271w, https:\/\/guitares-et-luthiers.fr\/wp-content\/uploads\/2024\/04\/Sakurai-2023-o-768x850.jpg 768w, https:\/\/guitares-et-luthiers.fr\/wp-content\/uploads\/2024\/04\/Sakurai-2023-o-1388x1536.jpg 1388w, https:\/\/guitares-et-luthiers.fr\/wp-content\/uploads\/2024\/04\/Sakurai-2023-o-1851x2048.jpg 1851w\" sizes=\"auto, (max-width: 706px) 89vw, (max-width: 767px) 82vw, 740px\" \/><\/figure>\n\n\n\n<figure class=\"wp-block-image size-large\"><img loading=\"lazy\" decoding=\"async\" width=\"964\" height=\"1024\" data-id=\"2163\" src=\"https:\/\/guitares-et-luthiers.fr\/wp-content\/uploads\/2024\/04\/Sakurai-2023-n-964x1024.jpg\" alt=\"\" class=\"wp-image-2163\" srcset=\"https:\/\/guitares-et-luthiers.fr\/wp-content\/uploads\/2024\/04\/Sakurai-2023-n-964x1024.jpg 964w, https:\/\/guitares-et-luthiers.fr\/wp-content\/uploads\/2024\/04\/Sakurai-2023-n-282x300.jpg 282w, https:\/\/guitares-et-luthiers.fr\/wp-content\/uploads\/2024\/04\/Sakurai-2023-n-768x816.jpg 768w, https:\/\/guitares-et-luthiers.fr\/wp-content\/uploads\/2024\/04\/Sakurai-2023-n-1445x1536.jpg 1445w, https:\/\/guitares-et-luthiers.fr\/wp-content\/uploads\/2024\/04\/Sakurai-2023-n-1927x2048.jpg 1927w\" sizes=\"auto, (max-width: 706px) 89vw, (max-width: 767px) 82vw, 740px\" \/><\/figure>\n\n\n\n<figure class=\"wp-block-image size-large\"><img loading=\"lazy\" decoding=\"async\" width=\"789\" height=\"1024\" data-id=\"2162\" src=\"https:\/\/guitares-et-luthiers.fr\/wp-content\/uploads\/2024\/04\/Sakurai-2023-m-789x1024.jpg\" alt=\"\" class=\"wp-image-2162\" srcset=\"https:\/\/guitares-et-luthiers.fr\/wp-content\/uploads\/2024\/04\/Sakurai-2023-m-789x1024.jpg 789w, https:\/\/guitares-et-luthiers.fr\/wp-content\/uploads\/2024\/04\/Sakurai-2023-m-231x300.jpg 231w, https:\/\/guitares-et-luthiers.fr\/wp-content\/uploads\/2024\/04\/Sakurai-2023-m-768x997.jpg 768w, https:\/\/guitares-et-luthiers.fr\/wp-content\/uploads\/2024\/04\/Sakurai-2023-m-1184x1536.jpg 1184w, https:\/\/guitares-et-luthiers.fr\/wp-content\/uploads\/2024\/04\/Sakurai-2023-m-1578x2048.jpg 1578w, https:\/\/guitares-et-luthiers.fr\/wp-content\/uploads\/2024\/04\/Sakurai-2023-m-scaled.jpg 1973w\" sizes=\"auto, (max-width: 706px) 89vw, (max-width: 767px) 82vw, 740px\" \/><\/figure>\n\n\n\n<figure class=\"wp-block-image size-large\"><img loading=\"lazy\" decoding=\"async\" width=\"678\" height=\"1024\" data-id=\"2161\" src=\"https:\/\/guitares-et-luthiers.fr\/wp-content\/uploads\/2024\/04\/Sakurai-2023-l-678x1024.jpg\" alt=\"\" class=\"wp-image-2161\" srcset=\"https:\/\/guitares-et-luthiers.fr\/wp-content\/uploads\/2024\/04\/Sakurai-2023-l-678x1024.jpg 678w, https:\/\/guitares-et-luthiers.fr\/wp-content\/uploads\/2024\/04\/Sakurai-2023-l-199x300.jpg 199w, https:\/\/guitares-et-luthiers.fr\/wp-content\/uploads\/2024\/04\/Sakurai-2023-l-768x1160.jpg 768w, https:\/\/guitares-et-luthiers.fr\/wp-content\/uploads\/2024\/04\/Sakurai-2023-l-1017x1536.jpg 1017w, https:\/\/guitares-et-luthiers.fr\/wp-content\/uploads\/2024\/04\/Sakurai-2023-l-1356x2048.jpg 1356w, https:\/\/guitares-et-luthiers.fr\/wp-content\/uploads\/2024\/04\/Sakurai-2023-l-scaled.jpg 1695w\" sizes=\"auto, (max-width: 678px) 100vw, 678px\" \/><\/figure>\n\n\n\n<figure class=\"wp-block-image size-large\"><img loading=\"lazy\" decoding=\"async\" width=\"768\" height=\"1024\" data-id=\"2160\" src=\"https:\/\/guitares-et-luthiers.fr\/wp-content\/uploads\/2024\/04\/Sakurai-2023-k-768x1024.jpg\" alt=\"\" class=\"wp-image-2160\" srcset=\"https:\/\/guitares-et-luthiers.fr\/wp-content\/uploads\/2024\/04\/Sakurai-2023-k-768x1024.jpg 768w, https:\/\/guitares-et-luthiers.fr\/wp-content\/uploads\/2024\/04\/Sakurai-2023-k-225x300.jpg 225w, https:\/\/guitares-et-luthiers.fr\/wp-content\/uploads\/2024\/04\/Sakurai-2023-k-1152x1536.jpg 1152w, https:\/\/guitares-et-luthiers.fr\/wp-content\/uploads\/2024\/04\/Sakurai-2023-k-1536x2048.jpg 1536w, https:\/\/guitares-et-luthiers.fr\/wp-content\/uploads\/2024\/04\/Sakurai-2023-k-scaled.jpg 1920w\" sizes=\"auto, (max-width: 706px) 89vw, (max-width: 767px) 82vw, 740px\" \/><\/figure>\n\n\n\n<figure class=\"wp-block-image size-large\"><img loading=\"lazy\" decoding=\"async\" width=\"683\" height=\"1024\" data-id=\"2159\" src=\"https:\/\/guitares-et-luthiers.fr\/wp-content\/uploads\/2024\/04\/Sakurai-2023-j-683x1024.jpg\" alt=\"\" class=\"wp-image-2159\" srcset=\"https:\/\/guitares-et-luthiers.fr\/wp-content\/uploads\/2024\/04\/Sakurai-2023-j-683x1024.jpg 683w, https:\/\/guitares-et-luthiers.fr\/wp-content\/uploads\/2024\/04\/Sakurai-2023-j-200x300.jpg 200w, https:\/\/guitares-et-luthiers.fr\/wp-content\/uploads\/2024\/04\/Sakurai-2023-j-768x1151.jpg 768w, https:\/\/guitares-et-luthiers.fr\/wp-content\/uploads\/2024\/04\/Sakurai-2023-j-1025x1536.jpg 1025w, https:\/\/guitares-et-luthiers.fr\/wp-content\/uploads\/2024\/04\/Sakurai-2023-j-1366x2048.jpg 1366w, https:\/\/guitares-et-luthiers.fr\/wp-content\/uploads\/2024\/04\/Sakurai-2023-j-scaled.jpg 1708w\" sizes=\"auto, (max-width: 683px) 100vw, 683px\" \/><\/figure>\n\n\n\n<figure class=\"wp-block-image size-large\"><img loading=\"lazy\" decoding=\"async\" width=\"615\" height=\"1024\" data-id=\"2158\" src=\"https:\/\/guitares-et-luthiers.fr\/wp-content\/uploads\/2024\/04\/Sakurai-2023-i-615x1024.jpg\" alt=\"\" class=\"wp-image-2158\" srcset=\"https:\/\/guitares-et-luthiers.fr\/wp-content\/uploads\/2024\/04\/Sakurai-2023-i-615x1024.jpg 615w, https:\/\/guitares-et-luthiers.fr\/wp-content\/uploads\/2024\/04\/Sakurai-2023-i-180x300.jpg 180w, https:\/\/guitares-et-luthiers.fr\/wp-content\/uploads\/2024\/04\/Sakurai-2023-i-768x1279.jpg 768w, https:\/\/guitares-et-luthiers.fr\/wp-content\/uploads\/2024\/04\/Sakurai-2023-i-923x1536.jpg 923w, https:\/\/guitares-et-luthiers.fr\/wp-content\/uploads\/2024\/04\/Sakurai-2023-i-1230x2048.jpg 1230w, https:\/\/guitares-et-luthiers.fr\/wp-content\/uploads\/2024\/04\/Sakurai-2023-i-scaled.jpg 1538w\" sizes=\"auto, (max-width: 615px) 100vw, 615px\" \/><\/figure>\n\n\n\n<figure class=\"wp-block-image size-large\"><img loading=\"lazy\" decoding=\"async\" width=\"990\" height=\"1024\" data-id=\"2157\" src=\"https:\/\/guitares-et-luthiers.fr\/wp-content\/uploads\/2024\/04\/Sakurai-2023-h-990x1024.jpg\" alt=\"\" class=\"wp-image-2157\" srcset=\"https:\/\/guitares-et-luthiers.fr\/wp-content\/uploads\/2024\/04\/Sakurai-2023-h-990x1024.jpg 990w, https:\/\/guitares-et-luthiers.fr\/wp-content\/uploads\/2024\/04\/Sakurai-2023-h-290x300.jpg 290w, https:\/\/guitares-et-luthiers.fr\/wp-content\/uploads\/2024\/04\/Sakurai-2023-h-768x794.jpg 768w, https:\/\/guitares-et-luthiers.fr\/wp-content\/uploads\/2024\/04\/Sakurai-2023-h-1485x1536.jpg 1485w, https:\/\/guitares-et-luthiers.fr\/wp-content\/uploads\/2024\/04\/Sakurai-2023-h-1981x2048.jpg 1981w\" sizes=\"auto, (max-width: 706px) 89vw, (max-width: 767px) 82vw, 740px\" \/><\/figure>\n\n\n\n<figure class=\"wp-block-image size-large\"><img loading=\"lazy\" decoding=\"async\" width=\"538\" height=\"1024\" data-id=\"2156\" src=\"https:\/\/guitares-et-luthiers.fr\/wp-content\/uploads\/2024\/04\/Sakurai-2023-g-538x1024.jpg\" alt=\"\" class=\"wp-image-2156\" srcset=\"https:\/\/guitares-et-luthiers.fr\/wp-content\/uploads\/2024\/04\/Sakurai-2023-g-538x1024.jpg 538w, https:\/\/guitares-et-luthiers.fr\/wp-content\/uploads\/2024\/04\/Sakurai-2023-g-158x300.jpg 158w, https:\/\/guitares-et-luthiers.fr\/wp-content\/uploads\/2024\/04\/Sakurai-2023-g-768x1461.jpg 768w, https:\/\/guitares-et-luthiers.fr\/wp-content\/uploads\/2024\/04\/Sakurai-2023-g-807x1536.jpg 807w, https:\/\/guitares-et-luthiers.fr\/wp-content\/uploads\/2024\/04\/Sakurai-2023-g-1076x2048.jpg 1076w, https:\/\/guitares-et-luthiers.fr\/wp-content\/uploads\/2024\/04\/Sakurai-2023-g-scaled.jpg 1346w\" sizes=\"auto, (max-width: 538px) 100vw, 538px\" \/><\/figure>\n\n\n\n<figure class=\"wp-block-image size-large\"><img loading=\"lazy\" decoding=\"async\" width=\"586\" height=\"1024\" data-id=\"2155\" src=\"https:\/\/guitares-et-luthiers.fr\/wp-content\/uploads\/2024\/04\/Sakurai-2023-f-586x1024.jpg\" alt=\"\" class=\"wp-image-2155\" srcset=\"https:\/\/guitares-et-luthiers.fr\/wp-content\/uploads\/2024\/04\/Sakurai-2023-f-586x1024.jpg 586w, https:\/\/guitares-et-luthiers.fr\/wp-content\/uploads\/2024\/04\/Sakurai-2023-f-172x300.jpg 172w, https:\/\/guitares-et-luthiers.fr\/wp-content\/uploads\/2024\/04\/Sakurai-2023-f-768x1343.jpg 768w, https:\/\/guitares-et-luthiers.fr\/wp-content\/uploads\/2024\/04\/Sakurai-2023-f-878x1536.jpg 878w, https:\/\/guitares-et-luthiers.fr\/wp-content\/uploads\/2024\/04\/Sakurai-2023-f-1171x2048.jpg 1171w, https:\/\/guitares-et-luthiers.fr\/wp-content\/uploads\/2024\/04\/Sakurai-2023-f-scaled.jpg 1464w\" sizes=\"auto, (max-width: 586px) 100vw, 586px\" \/><\/figure>\n\n\n\n<figure class=\"wp-block-image size-large\"><img loading=\"lazy\" decoding=\"async\" width=\"462\" height=\"1024\" data-id=\"2154\" src=\"https:\/\/guitares-et-luthiers.fr\/wp-content\/uploads\/2024\/04\/Sakurai-2023-e-462x1024.jpg\" alt=\"\" class=\"wp-image-2154\" srcset=\"https:\/\/guitares-et-luthiers.fr\/wp-content\/uploads\/2024\/04\/Sakurai-2023-e-462x1024.jpg 462w, https:\/\/guitares-et-luthiers.fr\/wp-content\/uploads\/2024\/04\/Sakurai-2023-e-135x300.jpg 135w, https:\/\/guitares-et-luthiers.fr\/wp-content\/uploads\/2024\/04\/Sakurai-2023-e-768x1701.jpg 768w, https:\/\/guitares-et-luthiers.fr\/wp-content\/uploads\/2024\/04\/Sakurai-2023-e-693x1536.jpg 693w, https:\/\/guitares-et-luthiers.fr\/wp-content\/uploads\/2024\/04\/Sakurai-2023-e-925x2048.jpg 925w, https:\/\/guitares-et-luthiers.fr\/wp-content\/uploads\/2024\/04\/Sakurai-2023-e-scaled.jpg 1156w\" sizes=\"auto, (max-width: 462px) 100vw, 462px\" \/><\/figure>\n\n\n\n<figure class=\"wp-block-image size-large\"><img loading=\"lazy\" decoding=\"async\" width=\"768\" height=\"1024\" data-id=\"2153\" src=\"https:\/\/guitares-et-luthiers.fr\/wp-content\/uploads\/2024\/04\/Sakurai-2023-d-768x1024.jpg\" alt=\"\" class=\"wp-image-2153\" srcset=\"https:\/\/guitares-et-luthiers.fr\/wp-content\/uploads\/2024\/04\/Sakurai-2023-d-768x1024.jpg 768w, https:\/\/guitares-et-luthiers.fr\/wp-content\/uploads\/2024\/04\/Sakurai-2023-d-225x300.jpg 225w, https:\/\/guitares-et-luthiers.fr\/wp-content\/uploads\/2024\/04\/Sakurai-2023-d-1152x1536.jpg 1152w, https:\/\/guitares-et-luthiers.fr\/wp-content\/uploads\/2024\/04\/Sakurai-2023-d-1536x2048.jpg 1536w, https:\/\/guitares-et-luthiers.fr\/wp-content\/uploads\/2024\/04\/Sakurai-2023-d-scaled.jpg 1920w\" sizes=\"auto, (max-width: 706px) 89vw, (max-width: 767px) 82vw, 740px\" \/><\/figure>\n\n\n\n<figure class=\"wp-block-image size-large\"><img loading=\"lazy\" decoding=\"async\" width=\"1024\" height=\"287\" data-id=\"2152\" src=\"https:\/\/guitares-et-luthiers.fr\/wp-content\/uploads\/2024\/04\/Sakurai-2023-c-1024x287.jpg\" alt=\"\" class=\"wp-image-2152\" srcset=\"https:\/\/guitares-et-luthiers.fr\/wp-content\/uploads\/2024\/04\/Sakurai-2023-c-1024x287.jpg 1024w, https:\/\/guitares-et-luthiers.fr\/wp-content\/uploads\/2024\/04\/Sakurai-2023-c-300x84.jpg 300w, https:\/\/guitares-et-luthiers.fr\/wp-content\/uploads\/2024\/04\/Sakurai-2023-c-768x215.jpg 768w, https:\/\/guitares-et-luthiers.fr\/wp-content\/uploads\/2024\/04\/Sakurai-2023-c-1536x430.jpg 1536w, https:\/\/guitares-et-luthiers.fr\/wp-content\/uploads\/2024\/04\/Sakurai-2023-c-2048x574.jpg 2048w\" sizes=\"auto, (max-width: 706px) 89vw, (max-width: 767px) 82vw, 740px\" \/><\/figure>\n\n\n\n<figure class=\"wp-block-image size-large\"><img loading=\"lazy\" decoding=\"async\" width=\"1024\" height=\"1015\" data-id=\"2151\" src=\"https:\/\/guitares-et-luthiers.fr\/wp-content\/uploads\/2024\/04\/Sakurai-2023-b-1024x1015.jpg\" alt=\"\" class=\"wp-image-2151\" srcset=\"https:\/\/guitares-et-luthiers.fr\/wp-content\/uploads\/2024\/04\/Sakurai-2023-b-1024x1015.jpg 1024w, https:\/\/guitares-et-luthiers.fr\/wp-content\/uploads\/2024\/04\/Sakurai-2023-b-300x297.jpg 300w, https:\/\/guitares-et-luthiers.fr\/wp-content\/uploads\/2024\/04\/Sakurai-2023-b-150x150.jpg 150w, https:\/\/guitares-et-luthiers.fr\/wp-content\/uploads\/2024\/04\/Sakurai-2023-b-768x761.jpg 768w, https:\/\/guitares-et-luthiers.fr\/wp-content\/uploads\/2024\/04\/Sakurai-2023-b-1536x1522.jpg 1536w, https:\/\/guitares-et-luthiers.fr\/wp-content\/uploads\/2024\/04\/Sakurai-2023-b-2048x2030.jpg 2048w, https:\/\/guitares-et-luthiers.fr\/wp-content\/uploads\/2024\/04\/Sakurai-2023-b-100x100.jpg 100w\" sizes=\"auto, (max-width: 706px) 89vw, (max-width: 767px) 82vw, 740px\" \/><\/figure>\n\n\n\n<figure class=\"wp-block-image size-large\"><img loading=\"lazy\" decoding=\"async\" width=\"1024\" height=\"756\" data-id=\"2150\" src=\"https:\/\/guitares-et-luthiers.fr\/wp-content\/uploads\/2024\/04\/Sakurai-2023-a-1024x756.jpg\" alt=\"\" class=\"wp-image-2150\" srcset=\"https:\/\/guitares-et-luthiers.fr\/wp-content\/uploads\/2024\/04\/Sakurai-2023-a-1024x756.jpg 1024w, https:\/\/guitares-et-luthiers.fr\/wp-content\/uploads\/2024\/04\/Sakurai-2023-a-300x221.jpg 300w, https:\/\/guitares-et-luthiers.fr\/wp-content\/uploads\/2024\/04\/Sakurai-2023-a-768x567.jpg 768w, https:\/\/guitares-et-luthiers.fr\/wp-content\/uploads\/2024\/04\/Sakurai-2023-a-1536x1134.jpg 1536w, https:\/\/guitares-et-luthiers.fr\/wp-content\/uploads\/2024\/04\/Sakurai-2023-a-2048x1512.jpg 2048w\" sizes=\"auto, (max-width: 706px) 89vw, (max-width: 767px) 82vw, 740px\" \/><\/figure>\n<\/figure>\n","protected":false},"excerpt":{"rendered":"<p>Guitare exceptionnelle \u00e0 tous les niveaux, son , confort, puissance. Il s&rsquo;agit d&rsquo;un instrument qui poss\u00e8de un son d&rsquo;une suavit\u00e9 \u00e0 nulle autre pareille. Le son est rempli, chaud , g\u00e9n\u00e9reux et en m\u00eame temps tr\u00e8s clair, tr\u00e8s pr\u00e9cis, d\u00e9tach\u00e9. Facile \u00e0 jouer. Le mod\u00e8le maestro rf a une table plongeante (cf photos) qui permet &hellip; <\/p>\n<p class=\"link-more\"><a href=\"https:\/\/guitares-et-luthiers.fr\/?page_id=2166\" class=\"more-link\">Continuer la lecture<span class=\"screen-reader-text\"> de &laquo;&nbsp;Sakurai Maestro rf 2023&nbsp;&raquo;<\/span><\/a><\/p>\n","protected":false},"author":2,"featured_media":0,"parent":0,"menu_order":0,"comment_status":"closed","ping_status":"closed","template":"","meta":{"footnotes":""},"class_list":["post-2166","page","type-page","status-publish","hentry"],"_links":{"self":[{"href":"https:\/\/guitares-et-luthiers.fr\/index.php?rest_route=\/wp\/v2\/pages\/2166","targetHints":{"allow":["GET"]}}],"collection":[{"href":"https:\/\/guitares-et-luthiers.fr\/index.php?rest_route=\/wp\/v2\/pages"}],"about":[{"href":"https:\/\/guitares-et-luthiers.fr\/index.php?rest_route=\/wp\/v2\/types\/page"}],"author":[{"embeddable":true,"href":"https:\/\/guitares-et-luthiers.fr\/index.php?rest_route=\/wp\/v2\/users\/2"}],"replies":[{"embeddable":true,"href":"https:\/\/guitares-et-luthiers.fr\/index.php?rest_route=%2Fwp%2Fv2%2Fcomments&post=2166"}],"version-history":[{"count":3,"href":"https:\/\/guitares-et-luthiers.fr\/index.php?rest_route=\/wp\/v2\/pages\/2166\/revisions"}],"predecessor-version":[{"id":2242,"href":"https:\/\/guitares-et-luthiers.fr\/index.php?rest_route=\/wp\/v2\/pages\/2166\/revisions\/2242"}],"wp:attachment":[{"href":"https:\/\/guitares-et-luthiers.fr\/index.php?rest_route=%2Fwp%2Fv2%2Fmedia&parent=2166"}],"curies":[{"name":"wp","href":"https:\/\/api.w.org\/{rel}","templated":true}]}}