{"id":218,"date":"2014-01-03T11:02:16","date_gmt":"2014-01-03T10:02:16","guid":{"rendered":"http:\/\/guitares-et-luthiers.fr\/?page_id=218"},"modified":"2022-10-02T16:58:25","modified_gmt":"2022-10-02T15:58:25","slug":"grand-concert-audirac-1998","status":"publish","type":"page","link":"https:\/\/guitares-et-luthiers.fr\/?page_id=218","title":{"rendered":"\u00a0\u00bb Grand concert \u00a0\u00bb Audirac 1998"},"content":{"rendered":"<p>Guitare Grand concert Audirac, 1998, pan coup\u00e9, table red cedar, fond et \u00e9clisses en palissandre des Indes, touche \u00e9b\u00e9ne.<\/p>\n<p>Un son chaud mais cependant clair et d\u00e9tach\u00e9 ; un condens\u00e9 en somme de ce que nous recherchons souvent, le Graal des guitaristes, la chaleur du red cedar et la limpidit\u00e9 de l\u2019\u00e9pic\u00e9a. Ajoutez \u00e0 cela la puissance associ\u00e9e au timbre et vous aurez une excellente guitare&#8230;<\/p>\n<p><a href=\"https:\/\/guitares-et-luthiers.fr\/wp-content\/uploads\/2013\/12\/P1050168.jpg\" rel=\"lightbox[218]\"><img loading=\"lazy\" decoding=\"async\" class=\"alignnone size-medium wp-image-58\" src=\"https:\/\/guitares-et-luthiers.fr\/wp-content\/uploads\/2013\/12\/P1050168-300x225.jpg\" alt=\"Audirac grand concert 1998\" width=\"300\" height=\"225\" srcset=\"https:\/\/guitares-et-luthiers.fr\/wp-content\/uploads\/2013\/12\/P1050168-300x225.jpg 300w, https:\/\/guitares-et-luthiers.fr\/wp-content\/uploads\/2013\/12\/P1050168-1024x768.jpg 1024w, https:\/\/guitares-et-luthiers.fr\/wp-content\/uploads\/2013\/12\/P1050168.jpg 1600w\" sizes=\"auto, (max-width: 300px) 100vw, 300px\" \/><\/a> <a href=\"https:\/\/guitares-et-luthiers.fr\/wp-content\/uploads\/2013\/12\/P1050163.jpg\" rel=\"lightbox[218]\"><img loading=\"lazy\" decoding=\"async\" class=\"alignnone size-medium wp-image-57\" src=\"https:\/\/guitares-et-luthiers.fr\/wp-content\/uploads\/2013\/12\/P1050163-225x300.jpg\" alt=\"Audirac grand concert 1998\" width=\"225\" height=\"300\" srcset=\"https:\/\/guitares-et-luthiers.fr\/wp-content\/uploads\/2013\/12\/P1050163-225x300.jpg 225w, https:\/\/guitares-et-luthiers.fr\/wp-content\/uploads\/2013\/12\/P1050163-768x1024.jpg 768w, https:\/\/guitares-et-luthiers.fr\/wp-content\/uploads\/2013\/12\/P1050163.jpg 1200w\" sizes=\"auto, (max-width: 225px) 100vw, 225px\" \/><\/a> <a href=\"https:\/\/guitares-et-luthiers.fr\/wp-content\/uploads\/2013\/12\/P1050162.jpg\" rel=\"lightbox[218]\"><img loading=\"lazy\" decoding=\"async\" class=\"alignnone size-medium wp-image-56\" src=\"https:\/\/guitares-et-luthiers.fr\/wp-content\/uploads\/2013\/12\/P1050162-225x300.jpg\" alt=\"Audirac grand concert 1998\" width=\"225\" height=\"300\" srcset=\"https:\/\/guitares-et-luthiers.fr\/wp-content\/uploads\/2013\/12\/P1050162-225x300.jpg 225w, https:\/\/guitares-et-luthiers.fr\/wp-content\/uploads\/2013\/12\/P1050162-768x1024.jpg 768w, https:\/\/guitares-et-luthiers.fr\/wp-content\/uploads\/2013\/12\/P1050162.jpg 1200w\" sizes=\"auto, (max-width: 225px) 100vw, 225px\" \/><\/a> <a href=\"https:\/\/guitares-et-luthiers.fr\/wp-content\/uploads\/2013\/12\/P1050014-e1388074322857.jpg\" rel=\"lightbox[218]\"><img loading=\"lazy\" decoding=\"async\" class=\"alignnone size-medium wp-image-55\" src=\"https:\/\/guitares-et-luthiers.fr\/wp-content\/uploads\/2013\/12\/P1050014-e1388074322857-300x225.jpg\" alt=\"Audirac grand concert 1998\" width=\"300\" height=\"225\" srcset=\"https:\/\/guitares-et-luthiers.fr\/wp-content\/uploads\/2013\/12\/P1050014-e1388074322857-300x225.jpg 300w, https:\/\/guitares-et-luthiers.fr\/wp-content\/uploads\/2013\/12\/P1050014-e1388074322857-1024x768.jpg 1024w\" sizes=\"auto, (max-width: 300px) 100vw, 300px\" \/><\/a><\/p>\n","protected":false},"excerpt":{"rendered":"<p>Guitare Grand concert Audirac, 1998, pan coup\u00e9, table red cedar, fond et \u00e9clisses en palissandre des Indes, touche \u00e9b\u00e9ne. Un son chaud mais cependant clair et d\u00e9tach\u00e9 ; un condens\u00e9 en somme de ce que nous recherchons souvent, le Graal des guitaristes, la chaleur du red cedar et la limpidit\u00e9 de l\u2019\u00e9pic\u00e9a. Ajoutez \u00e0 cela &hellip; <\/p>\n<p class=\"link-more\"><a href=\"https:\/\/guitares-et-luthiers.fr\/?page_id=218\" class=\"more-link\">Continuer la lecture<span class=\"screen-reader-text\"> de &laquo;&nbsp;\u00a0\u00bb Grand concert \u00a0\u00bb Audirac 1998&nbsp;&raquo;<\/span><\/a><\/p>\n","protected":false},"author":2,"featured_media":0,"parent":0,"menu_order":0,"comment_status":"open","ping_status":"open","template":"","meta":{"footnotes":""},"class_list":["post-218","page","type-page","status-publish","hentry"],"_links":{"self":[{"href":"https:\/\/guitares-et-luthiers.fr\/index.php?rest_route=\/wp\/v2\/pages\/218","targetHints":{"allow":["GET"]}}],"collection":[{"href":"https:\/\/guitares-et-luthiers.fr\/index.php?rest_route=\/wp\/v2\/pages"}],"about":[{"href":"https:\/\/guitares-et-luthiers.fr\/index.php?rest_route=\/wp\/v2\/types\/page"}],"author":[{"embeddable":true,"href":"https:\/\/guitares-et-luthiers.fr\/index.php?rest_route=\/wp\/v2\/users\/2"}],"replies":[{"embeddable":true,"href":"https:\/\/guitares-et-luthiers.fr\/index.php?rest_route=%2Fwp%2Fv2%2Fcomments&post=218"}],"version-history":[{"count":4,"href":"https:\/\/guitares-et-luthiers.fr\/index.php?rest_route=\/wp\/v2\/pages\/218\/revisions"}],"predecessor-version":[{"id":1476,"href":"https:\/\/guitares-et-luthiers.fr\/index.php?rest_route=\/wp\/v2\/pages\/218\/revisions\/1476"}],"wp:attachment":[{"href":"https:\/\/guitares-et-luthiers.fr\/index.php?rest_route=%2Fwp%2Fv2%2Fmedia&parent=218"}],"curies":[{"name":"wp","href":"https:\/\/api.w.org\/{rel}","templated":true}]}}