{"id":2266,"date":"2025-02-28T19:59:04","date_gmt":"2025-02-28T18:59:04","guid":{"rendered":"http:\/\/guitares-et-luthiers.fr\/?page_id=2266"},"modified":"2025-02-28T21:42:43","modified_gmt":"2025-02-28T20:42:43","slug":"concert-2-bois-roffler-2009","status":"publish","type":"page","link":"https:\/\/guitares-et-luthiers.fr\/?page_id=2266","title":{"rendered":"Concert 2 bois Roffler 2009"},"content":{"rendered":"\n<h1 class=\"wp-block-heading\">Ga\u00eblle Roffler<\/h1>\n\n\n\n<p><a href=\"https:\/\/guitares-et-luthiers.fr\/wp-admin\/post.php?post=1782&amp;action=edit\">Modifier \u00ab\u00a0Ga\u00eblle Roffler\u00a0\u00bb<\/a><\/p>\n\n\n\n<p>Guitare Concert 2 bois<\/p>\n\n\n\n<p>Luthier :&nbsp;Ga\u00eblle Roffler<\/p>\n\n\n\n<p>Ann\u00e9e :&nbsp;2009<\/p>\n\n\n\n<p>Ref:&nbsp;guitare concert 2 bois<\/p>\n\n\n\n<p>Table&nbsp;: red cedar<\/p>\n\n\n\n<p>Fond&nbsp;: palissandre d\u2019Inde<\/p>\n\n\n\n<p>\u00c9clisse&nbsp;: merisier \/ palissandre des Indes<\/p>\n\n\n\n<p>Touche&nbsp;: \u00e9b\u00e8ne<\/p>\n\n\n\n<p>Chevalet&nbsp;:&nbsp; palissandre double trou<\/p>\n\n\n\n<p>Barrage d\u2019harmonie&nbsp;: Roffler Concert<\/p>\n\n\n\n<p>Cette guitare r\u00e9unit toutes les qualit\u00e9s que recherche un musicien. Une homog\u00e9n\u00e9it\u00e9 sans faille, de la rondeur et en m\u00eame temps de la clart\u00e9 et de la d\u00e9finition autant dans les basses que dans les aigu\u00ebs. La puissance est \u00e9vidente, le sustain est bien pr\u00e9sent, les couleurs sont chatoyantes. Le confort du manche permet d\u2019y passer des heures. Un vrai instrument de musique qui permet toutes les nuances voulues.<\/p>\n\n\n\n<p>Vous pouvez voir Alice Ducoin jouer sur cette vid\u00e9o une guitare concert 2 bois de 2013 , cela permet de se faire une petite id\u00e9e de la richesse de cette guitare ( avec toutes les restrictions li\u00e9es \u00e0 la prise de son, la restranscription sur votre ordinateur etc etc)<\/p>\n\n\n\n<figure class=\"wp-block-embed is-type-rich is-provider-prise-en-charge-des-contenus-embarqu-s wp-block-embed-prise-en-charge-des-contenus-embarqu-s\"><div class=\"wp-block-embed__wrapper\">\nhttps:\/\/youtube.com\/watch?v=ljsnw_16GO8%3Ffeature%3Doembed\n<\/div><\/figure>\n\n\n\n<p>Gaelle Roffler<\/p>\n\n\n\n<p>Zone portuaire<br>565, chemin des Brouti\u00e8res<br>84130 LE PONTET<\/p>\n\n\n\n<p><a href=\"tel:0611755059\"><strong>T\u00e9l.&nbsp;: 06 11 75 50 59<\/strong><\/a><\/p>\n\n\n\n<figure class=\"wp-block-embed\"><div class=\"wp-block-embed__wrapper\">\nhttps:\/\/www.gaellerofflerluthierguitare.com\n<\/div><\/figure>\n\n\n\n<figure class=\"wp-block-embed\"><div class=\"wp-block-embed__wrapper\">\nhttps:\/\/www.gaellerofflerluthierguitare.com\/2021\/10\/guitare-classique-concert-2-bois_5.html\n<\/div><\/figure>\n\n\n\n<figure class=\"wp-block-gallery has-nested-images columns-default is-cropped wp-block-gallery-1 is-layout-flex wp-block-gallery-is-layout-flex\">\n<figure class=\"wp-block-image size-large\"><img loading=\"lazy\" decoding=\"async\" width=\"1024\" height=\"799\" data-id=\"2282\" src=\"https:\/\/guitares-et-luthiers.fr\/wp-content\/uploads\/2025\/02\/IMG_4703-1024x799.jpeg\" alt=\"\" class=\"wp-image-2282\" srcset=\"https:\/\/guitares-et-luthiers.fr\/wp-content\/uploads\/2025\/02\/IMG_4703-1024x799.jpeg 1024w, https:\/\/guitares-et-luthiers.fr\/wp-content\/uploads\/2025\/02\/IMG_4703-300x234.jpeg 300w, https:\/\/guitares-et-luthiers.fr\/wp-content\/uploads\/2025\/02\/IMG_4703-768x600.jpeg 768w, https:\/\/guitares-et-luthiers.fr\/wp-content\/uploads\/2025\/02\/IMG_4703-1536x1199.jpeg 1536w, https:\/\/guitares-et-luthiers.fr\/wp-content\/uploads\/2025\/02\/IMG_4703-2048x1599.jpeg 2048w\" sizes=\"auto, (max-width: 706px) 89vw, (max-width: 767px) 82vw, 740px\" \/><\/figure>\n\n\n\n<figure class=\"wp-block-image size-large\"><img loading=\"lazy\" decoding=\"async\" width=\"768\" height=\"1024\" data-id=\"2281\" src=\"https:\/\/guitares-et-luthiers.fr\/wp-content\/uploads\/2025\/02\/IMG_4702-768x1024.jpeg\" alt=\"\" class=\"wp-image-2281\" srcset=\"https:\/\/guitares-et-luthiers.fr\/wp-content\/uploads\/2025\/02\/IMG_4702-768x1024.jpeg 768w, https:\/\/guitares-et-luthiers.fr\/wp-content\/uploads\/2025\/02\/IMG_4702-225x300.jpeg 225w, https:\/\/guitares-et-luthiers.fr\/wp-content\/uploads\/2025\/02\/IMG_4702-1152x1536.jpeg 1152w, https:\/\/guitares-et-luthiers.fr\/wp-content\/uploads\/2025\/02\/IMG_4702-1536x2048.jpeg 1536w, https:\/\/guitares-et-luthiers.fr\/wp-content\/uploads\/2025\/02\/IMG_4702-scaled.jpeg 1919w\" sizes=\"auto, (max-width: 706px) 89vw, (max-width: 767px) 82vw, 740px\" \/><\/figure>\n\n\n\n<figure class=\"wp-block-image size-large\"><img loading=\"lazy\" decoding=\"async\" width=\"768\" height=\"1024\" data-id=\"2280\" src=\"https:\/\/guitares-et-luthiers.fr\/wp-content\/uploads\/2025\/02\/IMG_4700-768x1024.jpeg\" alt=\"\" class=\"wp-image-2280\" srcset=\"https:\/\/guitares-et-luthiers.fr\/wp-content\/uploads\/2025\/02\/IMG_4700-768x1024.jpeg 768w, https:\/\/guitares-et-luthiers.fr\/wp-content\/uploads\/2025\/02\/IMG_4700-225x300.jpeg 225w, https:\/\/guitares-et-luthiers.fr\/wp-content\/uploads\/2025\/02\/IMG_4700-1152x1536.jpeg 1152w, https:\/\/guitares-et-luthiers.fr\/wp-content\/uploads\/2025\/02\/IMG_4700-1536x2048.jpeg 1536w, https:\/\/guitares-et-luthiers.fr\/wp-content\/uploads\/2025\/02\/IMG_4700-scaled.jpeg 1920w\" sizes=\"auto, (max-width: 706px) 89vw, (max-width: 767px) 82vw, 740px\" \/><\/figure>\n\n\n\n<figure class=\"wp-block-image size-large\"><img loading=\"lazy\" decoding=\"async\" width=\"669\" height=\"1024\" data-id=\"2278\" src=\"https:\/\/guitares-et-luthiers.fr\/wp-content\/uploads\/2025\/02\/IMG_4698-669x1024.jpeg\" alt=\"\" class=\"wp-image-2278\" srcset=\"https:\/\/guitares-et-luthiers.fr\/wp-content\/uploads\/2025\/02\/IMG_4698-669x1024.jpeg 669w, https:\/\/guitares-et-luthiers.fr\/wp-content\/uploads\/2025\/02\/IMG_4698-196x300.jpeg 196w, https:\/\/guitares-et-luthiers.fr\/wp-content\/uploads\/2025\/02\/IMG_4698-768x1175.jpeg 768w, https:\/\/guitares-et-luthiers.fr\/wp-content\/uploads\/2025\/02\/IMG_4698-1004x1536.jpeg 1004w, https:\/\/guitares-et-luthiers.fr\/wp-content\/uploads\/2025\/02\/IMG_4698-1339x2048.jpeg 1339w, https:\/\/guitares-et-luthiers.fr\/wp-content\/uploads\/2025\/02\/IMG_4698-scaled.jpeg 1673w\" sizes=\"auto, (max-width: 669px) 100vw, 669px\" \/><\/figure>\n\n\n\n<figure class=\"wp-block-image size-large\"><img loading=\"lazy\" decoding=\"async\" width=\"715\" height=\"1024\" data-id=\"2277\" src=\"https:\/\/guitares-et-luthiers.fr\/wp-content\/uploads\/2025\/02\/IMG_4697-715x1024.jpeg\" alt=\"\" class=\"wp-image-2277\" srcset=\"https:\/\/guitares-et-luthiers.fr\/wp-content\/uploads\/2025\/02\/IMG_4697-715x1024.jpeg 715w, https:\/\/guitares-et-luthiers.fr\/wp-content\/uploads\/2025\/02\/IMG_4697-210x300.jpeg 210w, https:\/\/guitares-et-luthiers.fr\/wp-content\/uploads\/2025\/02\/IMG_4697-768x1100.jpeg 768w, https:\/\/guitares-et-luthiers.fr\/wp-content\/uploads\/2025\/02\/IMG_4697-1073x1536.jpeg 1073w, https:\/\/guitares-et-luthiers.fr\/wp-content\/uploads\/2025\/02\/IMG_4697-1431x2048.jpeg 1431w, https:\/\/guitares-et-luthiers.fr\/wp-content\/uploads\/2025\/02\/IMG_4697-scaled.jpeg 1788w\" sizes=\"auto, (max-width: 715px) 100vw, 715px\" \/><\/figure>\n\n\n\n<figure class=\"wp-block-image size-large\"><img loading=\"lazy\" decoding=\"async\" width=\"602\" height=\"1024\" data-id=\"2276\" src=\"https:\/\/guitares-et-luthiers.fr\/wp-content\/uploads\/2025\/02\/IMG_4696-602x1024.jpeg\" alt=\"\" class=\"wp-image-2276\" srcset=\"https:\/\/guitares-et-luthiers.fr\/wp-content\/uploads\/2025\/02\/IMG_4696-602x1024.jpeg 602w, https:\/\/guitares-et-luthiers.fr\/wp-content\/uploads\/2025\/02\/IMG_4696-176x300.jpeg 176w, https:\/\/guitares-et-luthiers.fr\/wp-content\/uploads\/2025\/02\/IMG_4696-768x1306.jpeg 768w, https:\/\/guitares-et-luthiers.fr\/wp-content\/uploads\/2025\/02\/IMG_4696-903x1536.jpeg 903w, https:\/\/guitares-et-luthiers.fr\/wp-content\/uploads\/2025\/02\/IMG_4696-1205x2048.jpeg 1205w, https:\/\/guitares-et-luthiers.fr\/wp-content\/uploads\/2025\/02\/IMG_4696-scaled.jpeg 1506w\" sizes=\"auto, (max-width: 602px) 100vw, 602px\" \/><\/figure>\n\n\n\n<figure class=\"wp-block-image size-large\"><img loading=\"lazy\" decoding=\"async\" width=\"1024\" height=\"521\" data-id=\"2275\" src=\"https:\/\/guitares-et-luthiers.fr\/wp-content\/uploads\/2025\/02\/IMG_4695-1024x521.jpeg\" alt=\"\" class=\"wp-image-2275\" srcset=\"https:\/\/guitares-et-luthiers.fr\/wp-content\/uploads\/2025\/02\/IMG_4695-1024x521.jpeg 1024w, https:\/\/guitares-et-luthiers.fr\/wp-content\/uploads\/2025\/02\/IMG_4695-300x153.jpeg 300w, https:\/\/guitares-et-luthiers.fr\/wp-content\/uploads\/2025\/02\/IMG_4695-768x391.jpeg 768w, https:\/\/guitares-et-luthiers.fr\/wp-content\/uploads\/2025\/02\/IMG_4695-1536x782.jpeg 1536w, https:\/\/guitares-et-luthiers.fr\/wp-content\/uploads\/2025\/02\/IMG_4695-2048x1043.jpeg 2048w\" sizes=\"auto, (max-width: 706px) 89vw, (max-width: 767px) 82vw, 740px\" \/><\/figure>\n\n\n\n<figure class=\"wp-block-image size-large\"><img loading=\"lazy\" decoding=\"async\" width=\"765\" height=\"1024\" data-id=\"2274\" src=\"https:\/\/guitares-et-luthiers.fr\/wp-content\/uploads\/2025\/02\/IMG_4694-765x1024.jpeg\" alt=\"\" class=\"wp-image-2274\" srcset=\"https:\/\/guitares-et-luthiers.fr\/wp-content\/uploads\/2025\/02\/IMG_4694-765x1024.jpeg 765w, https:\/\/guitares-et-luthiers.fr\/wp-content\/uploads\/2025\/02\/IMG_4694-224x300.jpeg 224w, https:\/\/guitares-et-luthiers.fr\/wp-content\/uploads\/2025\/02\/IMG_4694-768x1028.jpeg 768w, https:\/\/guitares-et-luthiers.fr\/wp-content\/uploads\/2025\/02\/IMG_4694-1148x1536.jpeg 1148w, https:\/\/guitares-et-luthiers.fr\/wp-content\/uploads\/2025\/02\/IMG_4694-1530x2048.jpeg 1530w, https:\/\/guitares-et-luthiers.fr\/wp-content\/uploads\/2025\/02\/IMG_4694-scaled.jpeg 1913w\" sizes=\"auto, (max-width: 706px) 89vw, (max-width: 767px) 82vw, 740px\" \/><\/figure>\n\n\n\n<figure class=\"wp-block-image size-large\"><img loading=\"lazy\" decoding=\"async\" width=\"576\" height=\"1024\" data-id=\"2273\" src=\"https:\/\/guitares-et-luthiers.fr\/wp-content\/uploads\/2025\/02\/IMG_4692-576x1024.jpeg\" alt=\"\" class=\"wp-image-2273\" srcset=\"https:\/\/guitares-et-luthiers.fr\/wp-content\/uploads\/2025\/02\/IMG_4692-576x1024.jpeg 576w, https:\/\/guitares-et-luthiers.fr\/wp-content\/uploads\/2025\/02\/IMG_4692-169x300.jpeg 169w, https:\/\/guitares-et-luthiers.fr\/wp-content\/uploads\/2025\/02\/IMG_4692-768x1365.jpeg 768w, https:\/\/guitares-et-luthiers.fr\/wp-content\/uploads\/2025\/02\/IMG_4692-864x1536.jpeg 864w, https:\/\/guitares-et-luthiers.fr\/wp-content\/uploads\/2025\/02\/IMG_4692-1152x2048.jpeg 1152w, https:\/\/guitares-et-luthiers.fr\/wp-content\/uploads\/2025\/02\/IMG_4692-scaled.jpeg 1440w\" sizes=\"auto, (max-width: 576px) 100vw, 576px\" \/><\/figure>\n\n\n\n<figure class=\"wp-block-image size-large\"><img loading=\"lazy\" decoding=\"async\" width=\"1024\" height=\"985\" data-id=\"2272\" src=\"https:\/\/guitares-et-luthiers.fr\/wp-content\/uploads\/2025\/02\/IMG_4691-1024x985.jpeg\" alt=\"\" class=\"wp-image-2272\" srcset=\"https:\/\/guitares-et-luthiers.fr\/wp-content\/uploads\/2025\/02\/IMG_4691-1024x985.jpeg 1024w, https:\/\/guitares-et-luthiers.fr\/wp-content\/uploads\/2025\/02\/IMG_4691-300x289.jpeg 300w, https:\/\/guitares-et-luthiers.fr\/wp-content\/uploads\/2025\/02\/IMG_4691-768x739.jpeg 768w, https:\/\/guitares-et-luthiers.fr\/wp-content\/uploads\/2025\/02\/IMG_4691-1536x1478.jpeg 1536w, https:\/\/guitares-et-luthiers.fr\/wp-content\/uploads\/2025\/02\/IMG_4691-2048x1970.jpeg 2048w\" sizes=\"auto, (max-width: 706px) 89vw, (max-width: 767px) 82vw, 740px\" \/><\/figure>\n\n\n\n<figure class=\"wp-block-image size-large\"><img loading=\"lazy\" decoding=\"async\" width=\"1024\" height=\"711\" data-id=\"2271\" src=\"https:\/\/guitares-et-luthiers.fr\/wp-content\/uploads\/2025\/02\/IMG_4690-1024x711.jpg\" alt=\"\" class=\"wp-image-2271\" srcset=\"https:\/\/guitares-et-luthiers.fr\/wp-content\/uploads\/2025\/02\/IMG_4690-1024x711.jpg 1024w, https:\/\/guitares-et-luthiers.fr\/wp-content\/uploads\/2025\/02\/IMG_4690-300x208.jpg 300w, https:\/\/guitares-et-luthiers.fr\/wp-content\/uploads\/2025\/02\/IMG_4690-768x533.jpg 768w, https:\/\/guitares-et-luthiers.fr\/wp-content\/uploads\/2025\/02\/IMG_4690-1536x1066.jpg 1536w, https:\/\/guitares-et-luthiers.fr\/wp-content\/uploads\/2025\/02\/IMG_4690-2048x1421.jpg 2048w\" sizes=\"auto, (max-width: 706px) 89vw, (max-width: 767px) 82vw, 740px\" \/><\/figure>\n<\/figure>\n","protected":false},"excerpt":{"rendered":"<p>Ga\u00eblle Roffler Modifier \u00ab\u00a0Ga\u00eblle Roffler\u00a0\u00bb Guitare Concert 2 bois Luthier :&nbsp;Ga\u00eblle Roffler Ann\u00e9e :&nbsp;2009 Ref:&nbsp;guitare concert 2 bois Table&nbsp;: red cedar Fond&nbsp;: palissandre d\u2019Inde \u00c9clisse&nbsp;: merisier \/ palissandre des Indes Touche&nbsp;: \u00e9b\u00e8ne Chevalet&nbsp;:&nbsp; palissandre double trou Barrage d\u2019harmonie&nbsp;: Roffler Concert Cette guitare r\u00e9unit toutes les qualit\u00e9s que recherche un musicien. Une homog\u00e9n\u00e9it\u00e9 sans faille, de &hellip; <\/p>\n<p class=\"link-more\"><a href=\"https:\/\/guitares-et-luthiers.fr\/?page_id=2266\" class=\"more-link\">Continuer la lecture<span class=\"screen-reader-text\"> de &laquo;&nbsp;Concert 2 bois Roffler 2009&nbsp;&raquo;<\/span><\/a><\/p>\n","protected":false},"author":2,"featured_media":0,"parent":0,"menu_order":0,"comment_status":"closed","ping_status":"closed","template":"","meta":{"footnotes":""},"class_list":["post-2266","page","type-page","status-publish","hentry"],"_links":{"self":[{"href":"https:\/\/guitares-et-luthiers.fr\/index.php?rest_route=\/wp\/v2\/pages\/2266","targetHints":{"allow":["GET"]}}],"collection":[{"href":"https:\/\/guitares-et-luthiers.fr\/index.php?rest_route=\/wp\/v2\/pages"}],"about":[{"href":"https:\/\/guitares-et-luthiers.fr\/index.php?rest_route=\/wp\/v2\/types\/page"}],"author":[{"embeddable":true,"href":"https:\/\/guitares-et-luthiers.fr\/index.php?rest_route=\/wp\/v2\/users\/2"}],"replies":[{"embeddable":true,"href":"https:\/\/guitares-et-luthiers.fr\/index.php?rest_route=%2Fwp%2Fv2%2Fcomments&post=2266"}],"version-history":[{"count":3,"href":"https:\/\/guitares-et-luthiers.fr\/index.php?rest_route=\/wp\/v2\/pages\/2266\/revisions"}],"predecessor-version":[{"id":2284,"href":"https:\/\/guitares-et-luthiers.fr\/index.php?rest_route=\/wp\/v2\/pages\/2266\/revisions\/2284"}],"wp:attachment":[{"href":"https:\/\/guitares-et-luthiers.fr\/index.php?rest_route=%2Fwp%2Fv2%2Fmedia&parent=2266"}],"curies":[{"name":"wp","href":"https:\/\/api.w.org\/{rel}","templated":true}]}}