{"id":233,"date":"2014-01-03T14:16:13","date_gmt":"2014-01-03T13:16:13","guid":{"rendered":"http:\/\/guitares-et-luthiers.fr\/?page_id=233"},"modified":"2014-02-01T19:58:40","modified_gmt":"2014-02-01T18:58:40","slug":"concert-7-cordes-yvon-lemoing-2007","status":"publish","type":"page","link":"https:\/\/guitares-et-luthiers.fr\/?page_id=233","title":{"rendered":"\u00ab\u00a0Concert 7 cordes\u00a0\u00bb Yvon Lemoing 2007"},"content":{"rendered":"<p>Luthier :\u00a0Yvon LeMoing<\/p>\n<p>Mod\u00e8le :\u00a0Concert 7 cordes<\/p>\n<p>Ann\u00e9e :\u00a02007<\/p>\n<p>Bois :\u00a0table en \u00e9pic\u00e9a, dos et \u00e9clisses en palissandre indien, touche \u00e9b\u00e8ne, chevalet en palissandre.<\/p>\n<p><a href=\"https:\/\/guitares-et-luthiers.fr\/wp-content\/uploads\/2014\/02\/P1080062.jpg\" rel=\"lightbox[233]\"><img loading=\"lazy\" decoding=\"async\" class=\"alignnone size-medium wp-image-396\" alt=\"7 cordes Yvon LeMoing\" src=\"https:\/\/guitares-et-luthiers.fr\/wp-content\/uploads\/2014\/02\/P1080062-225x300.jpg\" width=\"225\" height=\"300\" srcset=\"https:\/\/guitares-et-luthiers.fr\/wp-content\/uploads\/2014\/02\/P1080062-225x300.jpg 225w, https:\/\/guitares-et-luthiers.fr\/wp-content\/uploads\/2014\/02\/P1080062-768x1024.jpg 768w, https:\/\/guitares-et-luthiers.fr\/wp-content\/uploads\/2014\/02\/P1080062.jpg 1728w\" sizes=\"auto, (max-width: 225px) 100vw, 225px\" \/><\/a> <a href=\"https:\/\/guitares-et-luthiers.fr\/wp-content\/uploads\/2014\/02\/P1080046.jpg\" rel=\"lightbox[233]\"><img loading=\"lazy\" decoding=\"async\" class=\"alignnone size-medium wp-image-380\" alt=\"7 cordes Yvon LeMoing\" src=\"https:\/\/guitares-et-luthiers.fr\/wp-content\/uploads\/2014\/02\/P1080046-225x300.jpg\" width=\"225\" height=\"300\" srcset=\"https:\/\/guitares-et-luthiers.fr\/wp-content\/uploads\/2014\/02\/P1080046-225x300.jpg 225w, https:\/\/guitares-et-luthiers.fr\/wp-content\/uploads\/2014\/02\/P1080046-768x1024.jpg 768w, https:\/\/guitares-et-luthiers.fr\/wp-content\/uploads\/2014\/02\/P1080046.jpg 1728w\" sizes=\"auto, (max-width: 225px) 100vw, 225px\" \/><\/a> <a href=\"https:\/\/guitares-et-luthiers.fr\/wp-content\/uploads\/2014\/02\/P1080052.jpg\" rel=\"lightbox[233]\"><img loading=\"lazy\" decoding=\"async\" class=\"alignnone size-medium wp-image-386\" alt=\"7 cordes Yvon LeMoing\" src=\"https:\/\/guitares-et-luthiers.fr\/wp-content\/uploads\/2014\/02\/P1080052-300x225.jpg\" width=\"300\" height=\"225\" srcset=\"https:\/\/guitares-et-luthiers.fr\/wp-content\/uploads\/2014\/02\/P1080052-300x225.jpg 300w, https:\/\/guitares-et-luthiers.fr\/wp-content\/uploads\/2014\/02\/P1080052-1024x768.jpg 1024w\" sizes=\"auto, (max-width: 300px) 100vw, 300px\" \/><\/a> <a href=\"https:\/\/guitares-et-luthiers.fr\/wp-content\/uploads\/2014\/02\/P1080051.jpg\" rel=\"lightbox[233]\"><img loading=\"lazy\" decoding=\"async\" class=\"alignnone size-medium wp-image-385\" alt=\"7 cordes Yvon LeMoing\" src=\"https:\/\/guitares-et-luthiers.fr\/wp-content\/uploads\/2014\/02\/P1080051-300x225.jpg\" width=\"300\" height=\"225\" srcset=\"https:\/\/guitares-et-luthiers.fr\/wp-content\/uploads\/2014\/02\/P1080051-300x225.jpg 300w, https:\/\/guitares-et-luthiers.fr\/wp-content\/uploads\/2014\/02\/P1080051-1024x768.jpg 1024w\" sizes=\"auto, (max-width: 300px) 100vw, 300px\" \/><\/a> <a href=\"https:\/\/guitares-et-luthiers.fr\/wp-content\/uploads\/2014\/02\/P1080050.jpg\" rel=\"lightbox[233]\"><img loading=\"lazy\" decoding=\"async\" class=\"alignnone size-medium wp-image-384\" alt=\"7 cordes Yvon LeMoing\" src=\"https:\/\/guitares-et-luthiers.fr\/wp-content\/uploads\/2014\/02\/P1080050-300x225.jpg\" width=\"300\" height=\"225\" srcset=\"https:\/\/guitares-et-luthiers.fr\/wp-content\/uploads\/2014\/02\/P1080050-300x225.jpg 300w, https:\/\/guitares-et-luthiers.fr\/wp-content\/uploads\/2014\/02\/P1080050-1024x768.jpg 1024w\" sizes=\"auto, (max-width: 300px) 100vw, 300px\" \/><\/a> <a href=\"https:\/\/guitares-et-luthiers.fr\/wp-content\/uploads\/2014\/02\/P1080049.jpg\" rel=\"lightbox[233]\"><img loading=\"lazy\" decoding=\"async\" class=\"alignnone size-medium wp-image-383\" alt=\"7 cordes Yvon LeMoing\" src=\"https:\/\/guitares-et-luthiers.fr\/wp-content\/uploads\/2014\/02\/P1080049-300x225.jpg\" width=\"300\" height=\"225\" srcset=\"https:\/\/guitares-et-luthiers.fr\/wp-content\/uploads\/2014\/02\/P1080049-300x225.jpg 300w, https:\/\/guitares-et-luthiers.fr\/wp-content\/uploads\/2014\/02\/P1080049-1024x768.jpg 1024w\" sizes=\"auto, (max-width: 300px) 100vw, 300px\" \/><\/a> <a href=\"https:\/\/guitares-et-luthiers.fr\/wp-content\/uploads\/2014\/02\/P1080048.jpg\" rel=\"lightbox[233]\"><img loading=\"lazy\" decoding=\"async\" class=\"alignnone size-medium wp-image-382\" alt=\"7 cordes Yvon LeMoing\" src=\"https:\/\/guitares-et-luthiers.fr\/wp-content\/uploads\/2014\/02\/P1080048-300x225.jpg\" width=\"300\" height=\"225\" srcset=\"https:\/\/guitares-et-luthiers.fr\/wp-content\/uploads\/2014\/02\/P1080048-300x225.jpg 300w, https:\/\/guitares-et-luthiers.fr\/wp-content\/uploads\/2014\/02\/P1080048-1024x768.jpg 1024w\" sizes=\"auto, (max-width: 300px) 100vw, 300px\" \/><\/a> <a href=\"https:\/\/guitares-et-luthiers.fr\/wp-content\/uploads\/2014\/02\/P1080047.jpg\" rel=\"lightbox[233]\"><img loading=\"lazy\" decoding=\"async\" class=\"alignnone size-medium wp-image-381\" alt=\"7 cordes Yvon LeMoing\" src=\"https:\/\/guitares-et-luthiers.fr\/wp-content\/uploads\/2014\/02\/P1080047-300x225.jpg\" width=\"300\" height=\"225\" srcset=\"https:\/\/guitares-et-luthiers.fr\/wp-content\/uploads\/2014\/02\/P1080047-300x225.jpg 300w, https:\/\/guitares-et-luthiers.fr\/wp-content\/uploads\/2014\/02\/P1080047-1024x768.jpg 1024w\" sizes=\"auto, (max-width: 300px) 100vw, 300px\" \/><\/a> <a href=\"https:\/\/guitares-et-luthiers.fr\/wp-content\/uploads\/2014\/02\/P1080061.jpg\" rel=\"lightbox[233]\"><img loading=\"lazy\" decoding=\"async\" class=\"alignnone size-medium wp-image-395\" alt=\"7 cordes Yvon LeMoing\" src=\"https:\/\/guitares-et-luthiers.fr\/wp-content\/uploads\/2014\/02\/P1080061-300x225.jpg\" width=\"300\" height=\"225\" srcset=\"https:\/\/guitares-et-luthiers.fr\/wp-content\/uploads\/2014\/02\/P1080061-300x225.jpg 300w, https:\/\/guitares-et-luthiers.fr\/wp-content\/uploads\/2014\/02\/P1080061-1024x768.jpg 1024w\" sizes=\"auto, (max-width: 300px) 100vw, 300px\" \/><\/a> <a href=\"https:\/\/guitares-et-luthiers.fr\/wp-content\/uploads\/2014\/02\/P1080060.jpg\" rel=\"lightbox[233]\"><img loading=\"lazy\" decoding=\"async\" class=\"alignnone size-medium wp-image-394\" alt=\"7 cordes Yvon LeMoing\" src=\"https:\/\/guitares-et-luthiers.fr\/wp-content\/uploads\/2014\/02\/P1080060-300x225.jpg\" width=\"300\" height=\"225\" srcset=\"https:\/\/guitares-et-luthiers.fr\/wp-content\/uploads\/2014\/02\/P1080060-300x225.jpg 300w, https:\/\/guitares-et-luthiers.fr\/wp-content\/uploads\/2014\/02\/P1080060-1024x768.jpg 1024w\" sizes=\"auto, (max-width: 300px) 100vw, 300px\" \/><\/a> <a href=\"https:\/\/guitares-et-luthiers.fr\/wp-content\/uploads\/2014\/02\/P1080059.jpg\" rel=\"lightbox[233]\"><img loading=\"lazy\" decoding=\"async\" class=\"alignnone size-medium wp-image-393\" alt=\"7 cordes Yvon LeMoing\" src=\"https:\/\/guitares-et-luthiers.fr\/wp-content\/uploads\/2014\/02\/P1080059-225x300.jpg\" width=\"225\" height=\"300\" srcset=\"https:\/\/guitares-et-luthiers.fr\/wp-content\/uploads\/2014\/02\/P1080059-225x300.jpg 225w, https:\/\/guitares-et-luthiers.fr\/wp-content\/uploads\/2014\/02\/P1080059-768x1024.jpg 768w, https:\/\/guitares-et-luthiers.fr\/wp-content\/uploads\/2014\/02\/P1080059.jpg 1728w\" sizes=\"auto, (max-width: 225px) 100vw, 225px\" \/><\/a> <a href=\"https:\/\/guitares-et-luthiers.fr\/wp-content\/uploads\/2014\/02\/P1080058.jpg\" rel=\"lightbox[233]\"><img loading=\"lazy\" decoding=\"async\" class=\"alignnone size-medium wp-image-392\" alt=\"7 cordes Yvon LeMoing\" src=\"https:\/\/guitares-et-luthiers.fr\/wp-content\/uploads\/2014\/02\/P1080058-300x225.jpg\" width=\"300\" height=\"225\" srcset=\"https:\/\/guitares-et-luthiers.fr\/wp-content\/uploads\/2014\/02\/P1080058-300x225.jpg 300w, https:\/\/guitares-et-luthiers.fr\/wp-content\/uploads\/2014\/02\/P1080058-1024x768.jpg 1024w\" sizes=\"auto, (max-width: 300px) 100vw, 300px\" \/><\/a> <a href=\"https:\/\/guitares-et-luthiers.fr\/wp-content\/uploads\/2014\/02\/P1080057.jpg\" rel=\"lightbox[233]\"><img loading=\"lazy\" decoding=\"async\" class=\"alignnone size-medium wp-image-391\" alt=\"7 cordes Yvon LeMoing\" src=\"https:\/\/guitares-et-luthiers.fr\/wp-content\/uploads\/2014\/02\/P1080057-225x300.jpg\" width=\"225\" height=\"300\" srcset=\"https:\/\/guitares-et-luthiers.fr\/wp-content\/uploads\/2014\/02\/P1080057-225x300.jpg 225w, https:\/\/guitares-et-luthiers.fr\/wp-content\/uploads\/2014\/02\/P1080057-768x1024.jpg 768w, https:\/\/guitares-et-luthiers.fr\/wp-content\/uploads\/2014\/02\/P1080057.jpg 1728w\" sizes=\"auto, (max-width: 225px) 100vw, 225px\" \/><\/a> <a href=\"https:\/\/guitares-et-luthiers.fr\/wp-content\/uploads\/2014\/02\/P1080056.jpg\" rel=\"lightbox[233]\"><img loading=\"lazy\" decoding=\"async\" class=\"alignnone size-medium wp-image-390\" alt=\"7 cordes Yvon LeMoing\" src=\"https:\/\/guitares-et-luthiers.fr\/wp-content\/uploads\/2014\/02\/P1080056-300x225.jpg\" width=\"300\" height=\"225\" srcset=\"https:\/\/guitares-et-luthiers.fr\/wp-content\/uploads\/2014\/02\/P1080056-300x225.jpg 300w, https:\/\/guitares-et-luthiers.fr\/wp-content\/uploads\/2014\/02\/P1080056-1024x768.jpg 1024w\" sizes=\"auto, (max-width: 300px) 100vw, 300px\" \/><\/a> <a href=\"https:\/\/guitares-et-luthiers.fr\/wp-content\/uploads\/2014\/02\/P1080055.jpg\" rel=\"lightbox[233]\"><img loading=\"lazy\" decoding=\"async\" class=\"alignnone size-medium wp-image-389\" alt=\"7 cordes Yvon LeMoing\" src=\"https:\/\/guitares-et-luthiers.fr\/wp-content\/uploads\/2014\/02\/P1080055-300x225.jpg\" width=\"300\" height=\"225\" srcset=\"https:\/\/guitares-et-luthiers.fr\/wp-content\/uploads\/2014\/02\/P1080055-300x225.jpg 300w, https:\/\/guitares-et-luthiers.fr\/wp-content\/uploads\/2014\/02\/P1080055-1024x768.jpg 1024w\" sizes=\"auto, (max-width: 300px) 100vw, 300px\" \/><\/a> <a href=\"https:\/\/guitares-et-luthiers.fr\/wp-content\/uploads\/2014\/02\/P1080054.jpg\" rel=\"lightbox[233]\"><img loading=\"lazy\" decoding=\"async\" class=\"alignnone size-medium wp-image-388\" alt=\"7 cordes Yvon LeMoing\" src=\"https:\/\/guitares-et-luthiers.fr\/wp-content\/uploads\/2014\/02\/P1080054-300x225.jpg\" width=\"300\" height=\"225\" srcset=\"https:\/\/guitares-et-luthiers.fr\/wp-content\/uploads\/2014\/02\/P1080054-300x225.jpg 300w, https:\/\/guitares-et-luthiers.fr\/wp-content\/uploads\/2014\/02\/P1080054-1024x768.jpg 1024w\" sizes=\"auto, (max-width: 300px) 100vw, 300px\" \/><\/a> <a href=\"https:\/\/guitares-et-luthiers.fr\/wp-content\/uploads\/2014\/02\/P1080053.jpg\" rel=\"lightbox[233]\"><img loading=\"lazy\" decoding=\"async\" class=\"alignnone size-medium wp-image-387\" alt=\"7 cordes Yvon LeMoing\" src=\"https:\/\/guitares-et-luthiers.fr\/wp-content\/uploads\/2014\/02\/P1080053-300x225.jpg\" width=\"300\" height=\"225\" srcset=\"https:\/\/guitares-et-luthiers.fr\/wp-content\/uploads\/2014\/02\/P1080053-300x225.jpg 300w, https:\/\/guitares-et-luthiers.fr\/wp-content\/uploads\/2014\/02\/P1080053-1024x768.jpg 1024w\" sizes=\"auto, (max-width: 300px) 100vw, 300px\" \/><\/a><\/p>\n","protected":false},"excerpt":{"rendered":"<p>Luthier :\u00a0Yvon LeMoing Mod\u00e8le :\u00a0Concert 7 cordes Ann\u00e9e :\u00a02007 Bois :\u00a0table en \u00e9pic\u00e9a, dos et \u00e9clisses en palissandre indien, touche \u00e9b\u00e8ne, chevalet en palissandre.<\/p>\n","protected":false},"author":2,"featured_media":0,"parent":0,"menu_order":0,"comment_status":"open","ping_status":"open","template":"","meta":{"footnotes":""},"class_list":["post-233","page","type-page","status-publish","hentry"],"_links":{"self":[{"href":"https:\/\/guitares-et-luthiers.fr\/index.php?rest_route=\/wp\/v2\/pages\/233","targetHints":{"allow":["GET"]}}],"collection":[{"href":"https:\/\/guitares-et-luthiers.fr\/index.php?rest_route=\/wp\/v2\/pages"}],"about":[{"href":"https:\/\/guitares-et-luthiers.fr\/index.php?rest_route=\/wp\/v2\/types\/page"}],"author":[{"embeddable":true,"href":"https:\/\/guitares-et-luthiers.fr\/index.php?rest_route=\/wp\/v2\/users\/2"}],"replies":[{"embeddable":true,"href":"https:\/\/guitares-et-luthiers.fr\/index.php?rest_route=%2Fwp%2Fv2%2Fcomments&post=233"}],"version-history":[{"count":2,"href":"https:\/\/guitares-et-luthiers.fr\/index.php?rest_route=\/wp\/v2\/pages\/233\/revisions"}],"predecessor-version":[{"id":397,"href":"https:\/\/guitares-et-luthiers.fr\/index.php?rest_route=\/wp\/v2\/pages\/233\/revisions\/397"}],"wp:attachment":[{"href":"https:\/\/guitares-et-luthiers.fr\/index.php?rest_route=%2Fwp%2Fv2%2Fmedia&parent=233"}],"curies":[{"name":"wp","href":"https:\/\/api.w.org\/{rel}","templated":true}]}}