{"id":2356,"date":"2025-04-09T22:43:59","date_gmt":"2025-04-09T21:43:59","guid":{"rendered":"https:\/\/guitares-et-luthiers.fr\/?page_id=2356"},"modified":"2025-04-09T22:43:59","modified_gmt":"2025-04-09T21:43:59","slug":"lebreton-double-table-2022","status":"publish","type":"page","link":"https:\/\/guitares-et-luthiers.fr\/?page_id=2356","title":{"rendered":"Lebreton double table 2022"},"content":{"rendered":"\n<p><\/p>\n\n\n\n<p>Luthier : Jean-No\u00ebl Lebreton<\/p>\n\n\n\n<p>Mod\u00e8le : n\u00b0 47-188<\/p>\n\n\n\n<p>Ann\u00e9e : 2022<\/p>\n\n\n\n<p>Bois : double-table en red cedar-nomex-\u00e9pic\u00e9a, \u00e9picea bronz\u00e9, fond, \u00e9clisses et chevalet en palissandre, \u00a0manche en cedro du Honduras, touche en \u00e9b\u00e8ne, repose-bras, chevalet \u00e0 12 trous ailes all\u00e9g\u00e9es, rosace fabriqu\u00e9e par Jean-No\u00ebl Lebreton, soundport, sillets en Tusq, diapason 650, m\u00e9caniques Schaller avec roller , avec \u00e9tui. Vernis enti\u00e8rement au tampon.<\/p>\n\n\n\n<p>Un tr\u00e8s bel instrument au service de la musicalit\u00e9. Voil\u00e0 ma sixi\u00e8me guitare de Jean-No\u00ebl Lebreton : \u00e0 nouveau un superbe travail et une r\u00e9ussite en terme de son. Beaucoup de profondeur, du corps, un \u00e9quilibre parfait entre basses et aigu\u00ebs, une pr\u00e9sence \u00e9vidente qui s\u2019installe d\u2019entr\u00e9e de jeu. Le repose-bras  participe grandement au confort de jeu. Un m\u00e9lange harmonieux d\u2019\u00e9l\u00e9ments novateurs \u00a0( repose-bras, ouverture sur l\u2019\u00e9clisse, double-table, nomex, chevalet affin\u00e9, etc) et d\u2019autres plus traditionnels. Les m\u00e9caniques sont extr\u00eamement pr\u00e9cises. Esth\u00e9tiquement parlant l\u00e0 aussi la qualit\u00e9 est au rendez-vous. La forme, la couleur de la table, la rosace faite maison sont des \u00e9l\u00e9ments qui augmentent d\u2019autant le plaisir de jouer. Il s\u2019agit l\u00e0 d\u2019une belle r\u00e9ussite.Liens \u00a0 \u00a0www.guitareslebreton.com \u00a0Article descriptif du m\u00eame mod\u00e8le publi\u00e9 dans guitare classique n\u00b0 74<\/p>\n\n\n\n<figure class=\"wp-block-gallery has-nested-images columns-default is-cropped wp-block-gallery-1 is-layout-flex wp-block-gallery-is-layout-flex\">\n<figure class=\"wp-block-image size-large\"><img loading=\"lazy\" decoding=\"async\" width=\"1024\" height=\"941\" data-id=\"2341\" src=\"https:\/\/guitares-et-luthiers.fr\/wp-content\/uploads\/2025\/04\/IMG_4782-2-1024x941.jpeg\" alt=\"\" class=\"wp-image-2341\" srcset=\"https:\/\/guitares-et-luthiers.fr\/wp-content\/uploads\/2025\/04\/IMG_4782-2-1024x941.jpeg 1024w, https:\/\/guitares-et-luthiers.fr\/wp-content\/uploads\/2025\/04\/IMG_4782-2-300x276.jpeg 300w, https:\/\/guitares-et-luthiers.fr\/wp-content\/uploads\/2025\/04\/IMG_4782-2-768x706.jpeg 768w, https:\/\/guitares-et-luthiers.fr\/wp-content\/uploads\/2025\/04\/IMG_4782-2-1536x1412.jpeg 1536w, https:\/\/guitares-et-luthiers.fr\/wp-content\/uploads\/2025\/04\/IMG_4782-2-2048x1883.jpeg 2048w\" sizes=\"auto, (max-width: 706px) 89vw, (max-width: 767px) 82vw, 740px\" \/><\/figure>\n\n\n\n<figure class=\"wp-block-image size-large\"><img loading=\"lazy\" decoding=\"async\" width=\"768\" height=\"1024\" data-id=\"2350\" src=\"https:\/\/guitares-et-luthiers.fr\/wp-content\/uploads\/2025\/04\/IMG_4791-3-768x1024.jpeg\" alt=\"\" class=\"wp-image-2350\" srcset=\"https:\/\/guitares-et-luthiers.fr\/wp-content\/uploads\/2025\/04\/IMG_4791-3-768x1024.jpeg 768w, https:\/\/guitares-et-luthiers.fr\/wp-content\/uploads\/2025\/04\/IMG_4791-3-225x300.jpeg 225w, https:\/\/guitares-et-luthiers.fr\/wp-content\/uploads\/2025\/04\/IMG_4791-3-1152x1536.jpeg 1152w, https:\/\/guitares-et-luthiers.fr\/wp-content\/uploads\/2025\/04\/IMG_4791-3-1536x2048.jpeg 1536w, https:\/\/guitares-et-luthiers.fr\/wp-content\/uploads\/2025\/04\/IMG_4791-3-scaled.jpeg 1920w\" sizes=\"auto, (max-width: 706px) 89vw, (max-width: 767px) 82vw, 740px\" \/><\/figure>\n\n\n\n<figure class=\"wp-block-image size-large\"><img loading=\"lazy\" decoding=\"async\" width=\"741\" height=\"1024\" data-id=\"2355\" src=\"https:\/\/guitares-et-luthiers.fr\/wp-content\/uploads\/2025\/04\/IMG_4796-3-741x1024.jpeg\" alt=\"\" class=\"wp-image-2355\" srcset=\"https:\/\/guitares-et-luthiers.fr\/wp-content\/uploads\/2025\/04\/IMG_4796-3-741x1024.jpeg 741w, https:\/\/guitares-et-luthiers.fr\/wp-content\/uploads\/2025\/04\/IMG_4796-3-217x300.jpeg 217w, https:\/\/guitares-et-luthiers.fr\/wp-content\/uploads\/2025\/04\/IMG_4796-3-768x1062.jpeg 768w, https:\/\/guitares-et-luthiers.fr\/wp-content\/uploads\/2025\/04\/IMG_4796-3-1111x1536.jpeg 1111w, https:\/\/guitares-et-luthiers.fr\/wp-content\/uploads\/2025\/04\/IMG_4796-3-1482x2048.jpeg 1482w, https:\/\/guitares-et-luthiers.fr\/wp-content\/uploads\/2025\/04\/IMG_4796-3-scaled.jpeg 1852w\" sizes=\"auto, (max-width: 706px) 89vw, (max-width: 767px) 82vw, 740px\" \/><\/figure>\n\n\n\n<figure class=\"wp-block-image size-large\"><img loading=\"lazy\" decoding=\"async\" width=\"768\" height=\"1024\" data-id=\"2354\" src=\"https:\/\/guitares-et-luthiers.fr\/wp-content\/uploads\/2025\/04\/IMG_4795-3-768x1024.jpeg\" alt=\"\" class=\"wp-image-2354\" srcset=\"https:\/\/guitares-et-luthiers.fr\/wp-content\/uploads\/2025\/04\/IMG_4795-3-768x1024.jpeg 768w, https:\/\/guitares-et-luthiers.fr\/wp-content\/uploads\/2025\/04\/IMG_4795-3-225x300.jpeg 225w, https:\/\/guitares-et-luthiers.fr\/wp-content\/uploads\/2025\/04\/IMG_4795-3-1152x1536.jpeg 1152w, https:\/\/guitares-et-luthiers.fr\/wp-content\/uploads\/2025\/04\/IMG_4795-3-1536x2048.jpeg 1536w, https:\/\/guitares-et-luthiers.fr\/wp-content\/uploads\/2025\/04\/IMG_4795-3-scaled.jpeg 1920w\" sizes=\"auto, (max-width: 706px) 89vw, (max-width: 767px) 82vw, 740px\" \/><\/figure>\n\n\n\n<figure class=\"wp-block-image size-large\"><img loading=\"lazy\" decoding=\"async\" width=\"778\" height=\"1024\" data-id=\"2353\" src=\"https:\/\/guitares-et-luthiers.fr\/wp-content\/uploads\/2025\/04\/IMG_4794-3-778x1024.jpeg\" alt=\"\" class=\"wp-image-2353\" srcset=\"https:\/\/guitares-et-luthiers.fr\/wp-content\/uploads\/2025\/04\/IMG_4794-3-778x1024.jpeg 778w, https:\/\/guitares-et-luthiers.fr\/wp-content\/uploads\/2025\/04\/IMG_4794-3-228x300.jpeg 228w, https:\/\/guitares-et-luthiers.fr\/wp-content\/uploads\/2025\/04\/IMG_4794-3-768x1010.jpeg 768w, https:\/\/guitares-et-luthiers.fr\/wp-content\/uploads\/2025\/04\/IMG_4794-3-1168x1536.jpeg 1168w, https:\/\/guitares-et-luthiers.fr\/wp-content\/uploads\/2025\/04\/IMG_4794-3-1557x2048.jpeg 1557w, https:\/\/guitares-et-luthiers.fr\/wp-content\/uploads\/2025\/04\/IMG_4794-3.jpeg 1836w\" sizes=\"auto, (max-width: 706px) 89vw, (max-width: 767px) 82vw, 740px\" \/><\/figure>\n\n\n\n<figure class=\"wp-block-image size-large\"><img loading=\"lazy\" decoding=\"async\" width=\"671\" height=\"1024\" data-id=\"2352\" src=\"https:\/\/guitares-et-luthiers.fr\/wp-content\/uploads\/2025\/04\/IMG_4793-3-671x1024.jpeg\" alt=\"\" class=\"wp-image-2352\" srcset=\"https:\/\/guitares-et-luthiers.fr\/wp-content\/uploads\/2025\/04\/IMG_4793-3-671x1024.jpeg 671w, https:\/\/guitares-et-luthiers.fr\/wp-content\/uploads\/2025\/04\/IMG_4793-3-197x300.jpeg 197w, https:\/\/guitares-et-luthiers.fr\/wp-content\/uploads\/2025\/04\/IMG_4793-3-768x1172.jpeg 768w, https:\/\/guitares-et-luthiers.fr\/wp-content\/uploads\/2025\/04\/IMG_4793-3-1007x1536.jpeg 1007w, https:\/\/guitares-et-luthiers.fr\/wp-content\/uploads\/2025\/04\/IMG_4793-3-1342x2048.jpeg 1342w, https:\/\/guitares-et-luthiers.fr\/wp-content\/uploads\/2025\/04\/IMG_4793-3-scaled.jpeg 1678w\" sizes=\"auto, (max-width: 671px) 100vw, 671px\" \/><\/figure>\n\n\n\n<figure class=\"wp-block-image size-large\"><img loading=\"lazy\" decoding=\"async\" width=\"768\" height=\"1024\" data-id=\"2351\" src=\"https:\/\/guitares-et-luthiers.fr\/wp-content\/uploads\/2025\/04\/IMG_4792-3-768x1024.jpeg\" alt=\"\" class=\"wp-image-2351\" srcset=\"https:\/\/guitares-et-luthiers.fr\/wp-content\/uploads\/2025\/04\/IMG_4792-3-768x1024.jpeg 768w, https:\/\/guitares-et-luthiers.fr\/wp-content\/uploads\/2025\/04\/IMG_4792-3-225x300.jpeg 225w, https:\/\/guitares-et-luthiers.fr\/wp-content\/uploads\/2025\/04\/IMG_4792-3-1152x1536.jpeg 1152w, https:\/\/guitares-et-luthiers.fr\/wp-content\/uploads\/2025\/04\/IMG_4792-3-1536x2048.jpeg 1536w, https:\/\/guitares-et-luthiers.fr\/wp-content\/uploads\/2025\/04\/IMG_4792-3-scaled.jpeg 1920w\" sizes=\"auto, (max-width: 706px) 89vw, (max-width: 767px) 82vw, 740px\" \/><\/figure>\n\n\n\n<figure class=\"wp-block-image size-large\"><img loading=\"lazy\" decoding=\"async\" width=\"737\" height=\"1024\" data-id=\"2349\" src=\"https:\/\/guitares-et-luthiers.fr\/wp-content\/uploads\/2025\/04\/IMG_4790-3-737x1024.jpeg\" alt=\"\" class=\"wp-image-2349\" srcset=\"https:\/\/guitares-et-luthiers.fr\/wp-content\/uploads\/2025\/04\/IMG_4790-3-737x1024.jpeg 737w, https:\/\/guitares-et-luthiers.fr\/wp-content\/uploads\/2025\/04\/IMG_4790-3-216x300.jpeg 216w, https:\/\/guitares-et-luthiers.fr\/wp-content\/uploads\/2025\/04\/IMG_4790-3-768x1066.jpeg 768w, https:\/\/guitares-et-luthiers.fr\/wp-content\/uploads\/2025\/04\/IMG_4790-3-1106x1536.jpeg 1106w, https:\/\/guitares-et-luthiers.fr\/wp-content\/uploads\/2025\/04\/IMG_4790-3-1475x2048.jpeg 1475w, https:\/\/guitares-et-luthiers.fr\/wp-content\/uploads\/2025\/04\/IMG_4790-3-scaled.jpeg 1844w\" sizes=\"auto, (max-width: 737px) 100vw, 737px\" \/><\/figure>\n\n\n\n<figure class=\"wp-block-image size-large\"><img loading=\"lazy\" decoding=\"async\" width=\"703\" height=\"1024\" data-id=\"2348\" src=\"https:\/\/guitares-et-luthiers.fr\/wp-content\/uploads\/2025\/04\/IMG_4789-3-703x1024.jpeg\" alt=\"\" class=\"wp-image-2348\" srcset=\"https:\/\/guitares-et-luthiers.fr\/wp-content\/uploads\/2025\/04\/IMG_4789-3-703x1024.jpeg 703w, https:\/\/guitares-et-luthiers.fr\/wp-content\/uploads\/2025\/04\/IMG_4789-3-206x300.jpeg 206w, https:\/\/guitares-et-luthiers.fr\/wp-content\/uploads\/2025\/04\/IMG_4789-3-768x1119.jpeg 768w, https:\/\/guitares-et-luthiers.fr\/wp-content\/uploads\/2025\/04\/IMG_4789-3-1055x1536.jpeg 1055w, https:\/\/guitares-et-luthiers.fr\/wp-content\/uploads\/2025\/04\/IMG_4789-3-1406x2048.jpeg 1406w, https:\/\/guitares-et-luthiers.fr\/wp-content\/uploads\/2025\/04\/IMG_4789-3-scaled.jpeg 1758w\" sizes=\"auto, (max-width: 703px) 100vw, 703px\" \/><\/figure>\n\n\n\n<figure class=\"wp-block-image size-large\"><img loading=\"lazy\" decoding=\"async\" width=\"705\" height=\"1024\" data-id=\"2347\" src=\"https:\/\/guitares-et-luthiers.fr\/wp-content\/uploads\/2025\/04\/IMG_4788-3-705x1024.jpeg\" alt=\"\" class=\"wp-image-2347\" srcset=\"https:\/\/guitares-et-luthiers.fr\/wp-content\/uploads\/2025\/04\/IMG_4788-3-705x1024.jpeg 705w, https:\/\/guitares-et-luthiers.fr\/wp-content\/uploads\/2025\/04\/IMG_4788-3-207x300.jpeg 207w, https:\/\/guitares-et-luthiers.fr\/wp-content\/uploads\/2025\/04\/IMG_4788-3-768x1116.jpeg 768w, https:\/\/guitares-et-luthiers.fr\/wp-content\/uploads\/2025\/04\/IMG_4788-3-1057x1536.jpeg 1057w, https:\/\/guitares-et-luthiers.fr\/wp-content\/uploads\/2025\/04\/IMG_4788-3-1410x2048.jpeg 1410w, https:\/\/guitares-et-luthiers.fr\/wp-content\/uploads\/2025\/04\/IMG_4788-3-scaled.jpeg 1762w\" sizes=\"auto, (max-width: 705px) 100vw, 705px\" \/><\/figure>\n\n\n\n<figure class=\"wp-block-image size-large\"><img loading=\"lazy\" decoding=\"async\" width=\"443\" height=\"1024\" data-id=\"2344\" src=\"https:\/\/guitares-et-luthiers.fr\/wp-content\/uploads\/2025\/04\/IMG_4785-3-443x1024.jpeg\" alt=\"\" class=\"wp-image-2344\" srcset=\"https:\/\/guitares-et-luthiers.fr\/wp-content\/uploads\/2025\/04\/IMG_4785-3-443x1024.jpeg 443w, https:\/\/guitares-et-luthiers.fr\/wp-content\/uploads\/2025\/04\/IMG_4785-3-130x300.jpeg 130w, https:\/\/guitares-et-luthiers.fr\/wp-content\/uploads\/2025\/04\/IMG_4785-3-768x1777.jpeg 768w, https:\/\/guitares-et-luthiers.fr\/wp-content\/uploads\/2025\/04\/IMG_4785-3-664x1536.jpeg 664w, https:\/\/guitares-et-luthiers.fr\/wp-content\/uploads\/2025\/04\/IMG_4785-3-885x2048.jpeg 885w, https:\/\/guitares-et-luthiers.fr\/wp-content\/uploads\/2025\/04\/IMG_4785-3-scaled.jpeg 1106w\" sizes=\"auto, (max-width: 443px) 100vw, 443px\" \/><\/figure>\n\n\n\n<figure class=\"wp-block-image size-large\"><img loading=\"lazy\" decoding=\"async\" width=\"564\" height=\"1024\" data-id=\"2346\" src=\"https:\/\/guitares-et-luthiers.fr\/wp-content\/uploads\/2025\/04\/IMG_4787-3-564x1024.jpeg\" alt=\"\" class=\"wp-image-2346\" srcset=\"https:\/\/guitares-et-luthiers.fr\/wp-content\/uploads\/2025\/04\/IMG_4787-3-564x1024.jpeg 564w, https:\/\/guitares-et-luthiers.fr\/wp-content\/uploads\/2025\/04\/IMG_4787-3-165x300.jpeg 165w, https:\/\/guitares-et-luthiers.fr\/wp-content\/uploads\/2025\/04\/IMG_4787-3-768x1394.jpeg 768w, https:\/\/guitares-et-luthiers.fr\/wp-content\/uploads\/2025\/04\/IMG_4787-3-846x1536.jpeg 846w, https:\/\/guitares-et-luthiers.fr\/wp-content\/uploads\/2025\/04\/IMG_4787-3-1129x2048.jpeg 1129w, https:\/\/guitares-et-luthiers.fr\/wp-content\/uploads\/2025\/04\/IMG_4787-3-scaled.jpeg 1411w\" sizes=\"auto, (max-width: 564px) 100vw, 564px\" \/><\/figure>\n\n\n\n<figure class=\"wp-block-image size-large\"><img loading=\"lazy\" decoding=\"async\" width=\"607\" height=\"1024\" data-id=\"2345\" src=\"https:\/\/guitares-et-luthiers.fr\/wp-content\/uploads\/2025\/04\/IMG_4786-3-607x1024.jpeg\" alt=\"\" class=\"wp-image-2345\" srcset=\"https:\/\/guitares-et-luthiers.fr\/wp-content\/uploads\/2025\/04\/IMG_4786-3-607x1024.jpeg 607w, https:\/\/guitares-et-luthiers.fr\/wp-content\/uploads\/2025\/04\/IMG_4786-3-178x300.jpeg 178w, https:\/\/guitares-et-luthiers.fr\/wp-content\/uploads\/2025\/04\/IMG_4786-3-768x1295.jpeg 768w, https:\/\/guitares-et-luthiers.fr\/wp-content\/uploads\/2025\/04\/IMG_4786-3-911x1536.jpeg 911w, https:\/\/guitares-et-luthiers.fr\/wp-content\/uploads\/2025\/04\/IMG_4786-3-1215x2048.jpeg 1215w, https:\/\/guitares-et-luthiers.fr\/wp-content\/uploads\/2025\/04\/IMG_4786-3-scaled.jpeg 1519w\" sizes=\"auto, (max-width: 607px) 100vw, 607px\" \/><\/figure>\n\n\n\n<figure class=\"wp-block-image size-large\"><img loading=\"lazy\" decoding=\"async\" width=\"781\" height=\"1024\" data-id=\"2343\" src=\"https:\/\/guitares-et-luthiers.fr\/wp-content\/uploads\/2025\/04\/IMG_4784-3-781x1024.jpeg\" alt=\"\" class=\"wp-image-2343\" srcset=\"https:\/\/guitares-et-luthiers.fr\/wp-content\/uploads\/2025\/04\/IMG_4784-3-781x1024.jpeg 781w, https:\/\/guitares-et-luthiers.fr\/wp-content\/uploads\/2025\/04\/IMG_4784-3-229x300.jpeg 229w, https:\/\/guitares-et-luthiers.fr\/wp-content\/uploads\/2025\/04\/IMG_4784-3-768x1007.jpeg 768w, https:\/\/guitares-et-luthiers.fr\/wp-content\/uploads\/2025\/04\/IMG_4784-3-1171x1536.jpeg 1171w, https:\/\/guitares-et-luthiers.fr\/wp-content\/uploads\/2025\/04\/IMG_4784-3-1561x2048.jpeg 1561w, https:\/\/guitares-et-luthiers.fr\/wp-content\/uploads\/2025\/04\/IMG_4784-3-scaled.jpeg 1951w\" sizes=\"auto, (max-width: 706px) 89vw, (max-width: 767px) 82vw, 740px\" \/><\/figure>\n\n\n\n<figure class=\"wp-block-image size-large\"><img loading=\"lazy\" decoding=\"async\" width=\"1024\" height=\"242\" data-id=\"2342\" src=\"https:\/\/guitares-et-luthiers.fr\/wp-content\/uploads\/2025\/04\/IMG_4783-2-1024x242.jpeg\" alt=\"\" class=\"wp-image-2342\" srcset=\"https:\/\/guitares-et-luthiers.fr\/wp-content\/uploads\/2025\/04\/IMG_4783-2-1024x242.jpeg 1024w, https:\/\/guitares-et-luthiers.fr\/wp-content\/uploads\/2025\/04\/IMG_4783-2-300x71.jpeg 300w, https:\/\/guitares-et-luthiers.fr\/wp-content\/uploads\/2025\/04\/IMG_4783-2-768x182.jpeg 768w, https:\/\/guitares-et-luthiers.fr\/wp-content\/uploads\/2025\/04\/IMG_4783-2-1536x363.jpeg 1536w, https:\/\/guitares-et-luthiers.fr\/wp-content\/uploads\/2025\/04\/IMG_4783-2-2048x485.jpeg 2048w\" sizes=\"auto, (max-width: 706px) 89vw, (max-width: 767px) 82vw, 740px\" \/><\/figure>\n\n\n\n<figure class=\"wp-block-image size-large\"><img loading=\"lazy\" decoding=\"async\" width=\"1024\" height=\"709\" data-id=\"2340\" src=\"https:\/\/guitares-et-luthiers.fr\/wp-content\/uploads\/2025\/04\/IMG_4781-2-1024x709.jpeg\" alt=\"\" class=\"wp-image-2340\" srcset=\"https:\/\/guitares-et-luthiers.fr\/wp-content\/uploads\/2025\/04\/IMG_4781-2-1024x709.jpeg 1024w, https:\/\/guitares-et-luthiers.fr\/wp-content\/uploads\/2025\/04\/IMG_4781-2-300x208.jpeg 300w, https:\/\/guitares-et-luthiers.fr\/wp-content\/uploads\/2025\/04\/IMG_4781-2-768x532.jpeg 768w, https:\/\/guitares-et-luthiers.fr\/wp-content\/uploads\/2025\/04\/IMG_4781-2-1536x1064.jpeg 1536w, https:\/\/guitares-et-luthiers.fr\/wp-content\/uploads\/2025\/04\/IMG_4781-2-2048x1419.jpeg 2048w\" sizes=\"auto, (max-width: 706px) 89vw, (max-width: 767px) 82vw, 740px\" \/><\/figure>\n<\/figure>\n","protected":false},"excerpt":{"rendered":"<p>Luthier : Jean-No\u00ebl Lebreton Mod\u00e8le : n\u00b0 47-188 Ann\u00e9e : 2022 Bois : double-table en red cedar-nomex-\u00e9pic\u00e9a, \u00e9picea bronz\u00e9, fond, \u00e9clisses et chevalet en palissandre, \u00a0manche en cedro du Honduras, touche en \u00e9b\u00e8ne, repose-bras, chevalet \u00e0 12 trous ailes all\u00e9g\u00e9es, rosace fabriqu\u00e9e par Jean-No\u00ebl Lebreton, soundport, sillets en Tusq, diapason 650, m\u00e9caniques Schaller avec roller &hellip; <\/p>\n<p class=\"link-more\"><a href=\"https:\/\/guitares-et-luthiers.fr\/?page_id=2356\" class=\"more-link\">Continuer la lecture<span class=\"screen-reader-text\"> de &laquo;&nbsp;Lebreton double table 2022&nbsp;&raquo;<\/span><\/a><\/p>\n","protected":false},"author":2,"featured_media":0,"parent":0,"menu_order":0,"comment_status":"closed","ping_status":"closed","template":"","meta":{"footnotes":""},"class_list":["post-2356","page","type-page","status-publish","hentry"],"_links":{"self":[{"href":"https:\/\/guitares-et-luthiers.fr\/index.php?rest_route=\/wp\/v2\/pages\/2356","targetHints":{"allow":["GET"]}}],"collection":[{"href":"https:\/\/guitares-et-luthiers.fr\/index.php?rest_route=\/wp\/v2\/pages"}],"about":[{"href":"https:\/\/guitares-et-luthiers.fr\/index.php?rest_route=\/wp\/v2\/types\/page"}],"author":[{"embeddable":true,"href":"https:\/\/guitares-et-luthiers.fr\/index.php?rest_route=\/wp\/v2\/users\/2"}],"replies":[{"embeddable":true,"href":"https:\/\/guitares-et-luthiers.fr\/index.php?rest_route=%2Fwp%2Fv2%2Fcomments&post=2356"}],"version-history":[{"count":1,"href":"https:\/\/guitares-et-luthiers.fr\/index.php?rest_route=\/wp\/v2\/pages\/2356\/revisions"}],"predecessor-version":[{"id":2357,"href":"https:\/\/guitares-et-luthiers.fr\/index.php?rest_route=\/wp\/v2\/pages\/2356\/revisions\/2357"}],"wp:attachment":[{"href":"https:\/\/guitares-et-luthiers.fr\/index.php?rest_route=%2Fwp%2Fv2%2Fmedia&parent=2356"}],"curies":[{"name":"wp","href":"https:\/\/api.w.org\/{rel}","templated":true}]}}