{"id":239,"date":"2014-01-03T14:22:20","date_gmt":"2014-01-03T13:22:20","guid":{"rendered":"http:\/\/guitares-et-luthiers.fr\/?page_id=239"},"modified":"2022-10-02T17:41:55","modified_gmt":"2022-10-02T16:41:55","slug":"concert-bedikian-1997","status":"publish","type":"page","link":"https:\/\/guitares-et-luthiers.fr\/?page_id=239","title":{"rendered":"\u00ab\u00a0concert\u00a0\u00bb Bedikian 1997"},"content":{"rendered":"<p>Luthier :\u00a0Victor Bedikian<\/p>\n<p>Mod\u00e8le :\u00a0Concert<\/p>\n<p>Ann\u00e9e :\u00a01997 n\u00b0 301<\/p>\n<p>Bois :\u00a0dos et \u00e9clisses en palissandre des Indes, manche c\u00e9dro, touche \u00e9b\u00e8ne, chevalet en palissandre, vernis au tampon.<\/p>\n<p>Une lutherie de haut niveau avec les\u00a0qualit\u00e9s d\u2019une facture traditionnelle.* manche en cedro du Honduras;* placage de t\u00eate en palissandre* rosace et filetterie sp\u00e9cifiques.<\/p>\n<div>\n<p>Point de fioritures, uniquement l\u2019essentiel: le son ! Un timbre velout\u00e9, de la pr\u00e9cision, un \u00e9quilibre excellent.\u00a0 Tout parait couler de source sur cet instrument. Une harmonie \u00e0 tout point de vue, un r\u00e9gal pour musicien.<\/p>\n<p>ref:\u00a0\u201c Luthiers et guitares d\u2019en France\u201d \u00a0 \u00a0\u00a0ed Chandelle<\/p>\n<p><a href=\"https:\/\/guitares-et-luthiers.fr\/wp-content\/uploads\/2014\/02\/P1080634.jpg\" rel=\"lightbox[239]\"><img loading=\"lazy\" decoding=\"async\" class=\"alignnone size-medium wp-image-448\" src=\"https:\/\/guitares-et-luthiers.fr\/wp-content\/uploads\/2014\/02\/P1080634-300x225.jpg\" alt=\"Concert Bedikian 1997\" width=\"300\" height=\"225\" srcset=\"https:\/\/guitares-et-luthiers.fr\/wp-content\/uploads\/2014\/02\/P1080634-300x225.jpg 300w, https:\/\/guitares-et-luthiers.fr\/wp-content\/uploads\/2014\/02\/P1080634-1024x768.jpg 1024w, https:\/\/guitares-et-luthiers.fr\/wp-content\/uploads\/2014\/02\/P1080634.jpg 1600w\" sizes=\"auto, (max-width: 300px) 100vw, 300px\" \/><\/a> <a href=\"https:\/\/guitares-et-luthiers.fr\/wp-content\/uploads\/2014\/02\/P1080622.jpg\" rel=\"lightbox[239]\"><img loading=\"lazy\" decoding=\"async\" class=\"alignnone size-medium wp-image-436\" src=\"https:\/\/guitares-et-luthiers.fr\/wp-content\/uploads\/2014\/02\/P1080622-300x225.jpg\" alt=\"Concert Bedikian 1997\" width=\"300\" height=\"225\" srcset=\"https:\/\/guitares-et-luthiers.fr\/wp-content\/uploads\/2014\/02\/P1080622-300x225.jpg 300w, https:\/\/guitares-et-luthiers.fr\/wp-content\/uploads\/2014\/02\/P1080622-1024x768.jpg 1024w, https:\/\/guitares-et-luthiers.fr\/wp-content\/uploads\/2014\/02\/P1080622.jpg 1600w\" sizes=\"auto, (max-width: 300px) 100vw, 300px\" \/><\/a> <a href=\"https:\/\/guitares-et-luthiers.fr\/wp-content\/uploads\/2014\/02\/P1080633.jpg\" rel=\"lightbox[239]\"><img loading=\"lazy\" decoding=\"async\" class=\"alignnone size-medium wp-image-447\" src=\"https:\/\/guitares-et-luthiers.fr\/wp-content\/uploads\/2014\/02\/P1080633-300x225.jpg\" alt=\"Concert Bedikian 1997\" width=\"300\" height=\"225\" srcset=\"https:\/\/guitares-et-luthiers.fr\/wp-content\/uploads\/2014\/02\/P1080633-300x225.jpg 300w, https:\/\/guitares-et-luthiers.fr\/wp-content\/uploads\/2014\/02\/P1080633-1024x768.jpg 1024w, https:\/\/guitares-et-luthiers.fr\/wp-content\/uploads\/2014\/02\/P1080633.jpg 1600w\" sizes=\"auto, (max-width: 300px) 100vw, 300px\" \/><\/a> <a href=\"https:\/\/guitares-et-luthiers.fr\/wp-content\/uploads\/2014\/02\/P1080632.jpg\" rel=\"lightbox[239]\"><img loading=\"lazy\" decoding=\"async\" class=\"alignnone size-medium wp-image-446\" src=\"https:\/\/guitares-et-luthiers.fr\/wp-content\/uploads\/2014\/02\/P1080632-300x225.jpg\" alt=\"Concert Bedikian 1997\" width=\"300\" height=\"225\" srcset=\"https:\/\/guitares-et-luthiers.fr\/wp-content\/uploads\/2014\/02\/P1080632-300x225.jpg 300w, https:\/\/guitares-et-luthiers.fr\/wp-content\/uploads\/2014\/02\/P1080632-1024x768.jpg 1024w, https:\/\/guitares-et-luthiers.fr\/wp-content\/uploads\/2014\/02\/P1080632.jpg 1600w\" sizes=\"auto, (max-width: 300px) 100vw, 300px\" \/><\/a> <a href=\"https:\/\/guitares-et-luthiers.fr\/wp-content\/uploads\/2014\/02\/P1080631.jpg\" rel=\"lightbox[239]\"><img loading=\"lazy\" decoding=\"async\" class=\"alignnone size-medium wp-image-445\" src=\"https:\/\/guitares-et-luthiers.fr\/wp-content\/uploads\/2014\/02\/P1080631-300x225.jpg\" alt=\"Concert Bedikian 1997\" width=\"300\" height=\"225\" srcset=\"https:\/\/guitares-et-luthiers.fr\/wp-content\/uploads\/2014\/02\/P1080631-300x225.jpg 300w, https:\/\/guitares-et-luthiers.fr\/wp-content\/uploads\/2014\/02\/P1080631-1024x768.jpg 1024w, https:\/\/guitares-et-luthiers.fr\/wp-content\/uploads\/2014\/02\/P1080631.jpg 1600w\" sizes=\"auto, (max-width: 300px) 100vw, 300px\" \/><\/a> <a href=\"https:\/\/guitares-et-luthiers.fr\/wp-content\/uploads\/2014\/02\/P1080630.jpg\" rel=\"lightbox[239]\"><img loading=\"lazy\" decoding=\"async\" class=\"alignnone size-medium wp-image-444\" src=\"https:\/\/guitares-et-luthiers.fr\/wp-content\/uploads\/2014\/02\/P1080630-300x225.jpg\" alt=\"Concert Bedikian 1997\" width=\"300\" height=\"225\" srcset=\"https:\/\/guitares-et-luthiers.fr\/wp-content\/uploads\/2014\/02\/P1080630-300x225.jpg 300w, https:\/\/guitares-et-luthiers.fr\/wp-content\/uploads\/2014\/02\/P1080630-1024x768.jpg 1024w, https:\/\/guitares-et-luthiers.fr\/wp-content\/uploads\/2014\/02\/P1080630.jpg 1600w\" sizes=\"auto, (max-width: 300px) 100vw, 300px\" \/><\/a> <a href=\"https:\/\/guitares-et-luthiers.fr\/wp-content\/uploads\/2014\/02\/P1080629.jpg\" rel=\"lightbox[239]\"><img loading=\"lazy\" decoding=\"async\" class=\"alignnone size-medium wp-image-443\" src=\"https:\/\/guitares-et-luthiers.fr\/wp-content\/uploads\/2014\/02\/P1080629-300x225.jpg\" alt=\"Concert Bedikian 1997\" width=\"300\" height=\"225\" srcset=\"https:\/\/guitares-et-luthiers.fr\/wp-content\/uploads\/2014\/02\/P1080629-300x225.jpg 300w, https:\/\/guitares-et-luthiers.fr\/wp-content\/uploads\/2014\/02\/P1080629-1024x768.jpg 1024w, https:\/\/guitares-et-luthiers.fr\/wp-content\/uploads\/2014\/02\/P1080629.jpg 1600w\" sizes=\"auto, (max-width: 300px) 100vw, 300px\" \/><\/a> <a href=\"https:\/\/guitares-et-luthiers.fr\/wp-content\/uploads\/2014\/02\/P1080628.jpg\" rel=\"lightbox[239]\"><img loading=\"lazy\" decoding=\"async\" class=\"alignnone size-medium wp-image-442\" src=\"https:\/\/guitares-et-luthiers.fr\/wp-content\/uploads\/2014\/02\/P1080628-300x225.jpg\" alt=\"Concert Bedikian 1997\" width=\"300\" height=\"225\" srcset=\"https:\/\/guitares-et-luthiers.fr\/wp-content\/uploads\/2014\/02\/P1080628-300x225.jpg 300w, https:\/\/guitares-et-luthiers.fr\/wp-content\/uploads\/2014\/02\/P1080628-1024x768.jpg 1024w, https:\/\/guitares-et-luthiers.fr\/wp-content\/uploads\/2014\/02\/P1080628.jpg 1600w\" sizes=\"auto, (max-width: 300px) 100vw, 300px\" \/><\/a> <a href=\"https:\/\/guitares-et-luthiers.fr\/wp-content\/uploads\/2014\/02\/P1080627.jpg\" rel=\"lightbox[239]\"><img loading=\"lazy\" decoding=\"async\" class=\"alignnone size-medium wp-image-441\" src=\"https:\/\/guitares-et-luthiers.fr\/wp-content\/uploads\/2014\/02\/P1080627-300x225.jpg\" alt=\"Concert Bedikian 1997\" width=\"300\" height=\"225\" srcset=\"https:\/\/guitares-et-luthiers.fr\/wp-content\/uploads\/2014\/02\/P1080627-300x225.jpg 300w, https:\/\/guitares-et-luthiers.fr\/wp-content\/uploads\/2014\/02\/P1080627-1024x768.jpg 1024w, https:\/\/guitares-et-luthiers.fr\/wp-content\/uploads\/2014\/02\/P1080627.jpg 1600w\" sizes=\"auto, (max-width: 300px) 100vw, 300px\" \/><\/a> <a href=\"https:\/\/guitares-et-luthiers.fr\/wp-content\/uploads\/2014\/02\/P1080626.jpg\" rel=\"lightbox[239]\"><img loading=\"lazy\" decoding=\"async\" class=\"alignnone size-medium wp-image-440\" src=\"https:\/\/guitares-et-luthiers.fr\/wp-content\/uploads\/2014\/02\/P1080626-300x225.jpg\" alt=\"Concert Bedikian 1997\" width=\"300\" height=\"225\" srcset=\"https:\/\/guitares-et-luthiers.fr\/wp-content\/uploads\/2014\/02\/P1080626-300x225.jpg 300w, https:\/\/guitares-et-luthiers.fr\/wp-content\/uploads\/2014\/02\/P1080626-1024x768.jpg 1024w, https:\/\/guitares-et-luthiers.fr\/wp-content\/uploads\/2014\/02\/P1080626.jpg 1600w\" sizes=\"auto, (max-width: 300px) 100vw, 300px\" \/><\/a> <a href=\"https:\/\/guitares-et-luthiers.fr\/wp-content\/uploads\/2014\/02\/P1080625.jpg\" rel=\"lightbox[239]\"><img loading=\"lazy\" decoding=\"async\" class=\"alignnone size-medium wp-image-439\" src=\"https:\/\/guitares-et-luthiers.fr\/wp-content\/uploads\/2014\/02\/P1080625-300x225.jpg\" alt=\"Concert Bedikian 1997\" width=\"300\" height=\"225\" srcset=\"https:\/\/guitares-et-luthiers.fr\/wp-content\/uploads\/2014\/02\/P1080625-300x225.jpg 300w, https:\/\/guitares-et-luthiers.fr\/wp-content\/uploads\/2014\/02\/P1080625-1024x768.jpg 1024w, https:\/\/guitares-et-luthiers.fr\/wp-content\/uploads\/2014\/02\/P1080625.jpg 1600w\" sizes=\"auto, (max-width: 300px) 100vw, 300px\" \/><\/a> <a href=\"https:\/\/guitares-et-luthiers.fr\/wp-content\/uploads\/2014\/02\/P1080624.jpg\" rel=\"lightbox[239]\"><img loading=\"lazy\" decoding=\"async\" class=\"alignnone size-medium wp-image-438\" src=\"https:\/\/guitares-et-luthiers.fr\/wp-content\/uploads\/2014\/02\/P1080624-300x225.jpg\" alt=\"Concert Bedikian 1997\" width=\"300\" height=\"225\" srcset=\"https:\/\/guitares-et-luthiers.fr\/wp-content\/uploads\/2014\/02\/P1080624-300x225.jpg 300w, https:\/\/guitares-et-luthiers.fr\/wp-content\/uploads\/2014\/02\/P1080624-1024x768.jpg 1024w, https:\/\/guitares-et-luthiers.fr\/wp-content\/uploads\/2014\/02\/P1080624.jpg 1600w\" sizes=\"auto, (max-width: 300px) 100vw, 300px\" \/><\/a> <a href=\"https:\/\/guitares-et-luthiers.fr\/wp-content\/uploads\/2014\/02\/P1080623.jpg\" rel=\"lightbox[239]\"><img loading=\"lazy\" decoding=\"async\" class=\"alignnone size-medium wp-image-437\" src=\"https:\/\/guitares-et-luthiers.fr\/wp-content\/uploads\/2014\/02\/P1080623-300x225.jpg\" alt=\"Concert Bedikian 1997\" width=\"300\" height=\"225\" srcset=\"https:\/\/guitares-et-luthiers.fr\/wp-content\/uploads\/2014\/02\/P1080623-300x225.jpg 300w, https:\/\/guitares-et-luthiers.fr\/wp-content\/uploads\/2014\/02\/P1080623-1024x768.jpg 1024w, https:\/\/guitares-et-luthiers.fr\/wp-content\/uploads\/2014\/02\/P1080623.jpg 1600w\" sizes=\"auto, (max-width: 300px) 100vw, 300px\" \/><\/a><\/p>\n<\/div>\n","protected":false},"excerpt":{"rendered":"<p>Luthier :\u00a0Victor Bedikian Mod\u00e8le :\u00a0Concert Ann\u00e9e :\u00a01997 n\u00b0 301 Bois :\u00a0dos et \u00e9clisses en palissandre des Indes, manche c\u00e9dro, touche \u00e9b\u00e8ne, chevalet en palissandre, vernis au tampon. Une lutherie de haut niveau avec les\u00a0qualit\u00e9s d\u2019une facture traditionnelle.* manche en cedro du Honduras;* placage de t\u00eate en palissandre* rosace et filetterie sp\u00e9cifiques. Point de fioritures, uniquement &hellip; <\/p>\n<p class=\"link-more\"><a href=\"https:\/\/guitares-et-luthiers.fr\/?page_id=239\" class=\"more-link\">Continuer la lecture<span class=\"screen-reader-text\"> de &laquo;&nbsp;\u00ab\u00a0concert\u00a0\u00bb Bedikian 1997&nbsp;&raquo;<\/span><\/a><\/p>\n","protected":false},"author":2,"featured_media":0,"parent":0,"menu_order":0,"comment_status":"open","ping_status":"open","template":"","meta":{"footnotes":""},"class_list":["post-239","page","type-page","status-publish","hentry"],"_links":{"self":[{"href":"https:\/\/guitares-et-luthiers.fr\/index.php?rest_route=\/wp\/v2\/pages\/239","targetHints":{"allow":["GET"]}}],"collection":[{"href":"https:\/\/guitares-et-luthiers.fr\/index.php?rest_route=\/wp\/v2\/pages"}],"about":[{"href":"https:\/\/guitares-et-luthiers.fr\/index.php?rest_route=\/wp\/v2\/types\/page"}],"author":[{"embeddable":true,"href":"https:\/\/guitares-et-luthiers.fr\/index.php?rest_route=\/wp\/v2\/users\/2"}],"replies":[{"embeddable":true,"href":"https:\/\/guitares-et-luthiers.fr\/index.php?rest_route=%2Fwp%2Fv2%2Fcomments&post=239"}],"version-history":[{"count":4,"href":"https:\/\/guitares-et-luthiers.fr\/index.php?rest_route=\/wp\/v2\/pages\/239\/revisions"}],"predecessor-version":[{"id":1478,"href":"https:\/\/guitares-et-luthiers.fr\/index.php?rest_route=\/wp\/v2\/pages\/239\/revisions\/1478"}],"wp:attachment":[{"href":"https:\/\/guitares-et-luthiers.fr\/index.php?rest_route=%2Fwp%2Fv2%2Fmedia&parent=239"}],"curies":[{"name":"wp","href":"https:\/\/api.w.org\/{rel}","templated":true}]}}