{"id":243,"date":"2014-01-03T18:07:37","date_gmt":"2014-01-03T17:07:37","guid":{"rendered":"http:\/\/guitares-et-luthiers.fr\/?page_id=243"},"modified":"2022-10-02T18:36:36","modified_gmt":"2022-10-02T17:36:36","slug":"concert-yann-guillo-2011","status":"publish","type":"page","link":"https:\/\/guitares-et-luthiers.fr\/?page_id=243","title":{"rendered":"\u00a0\u00bb Concert \u00ab\u00a0Yann Guillo 2011"},"content":{"rendered":"<p>Luthier :\u00a0Yann Guillo<\/p>\n<p>Mod\u00e8le :\u00a0Concert<\/p>\n<p>Ann\u00e9e :\u00a02011<\/p>\n<p>Bois : table en \u00e9picea , dos et \u00e9clisses en palissandre des Indes, touche \u00e9b\u00e8ne du Gabon, chevalet en palissandre, renfort de manche et plaque de t\u00eate en palissandre.<\/p>\n<p>Une lutherie de qualit\u00e9 avec des bois soigneusement s\u00e9lectionn\u00e9s, un son qui a une couleur, un timbre, du caract\u00e8re. Yann a encore r\u00e9ussi ici a faire un instrument tr\u00e8s personnel et original avec une belle harmonie, il aime le travail bien fait et\u00a0 ceci a pour r\u00e9sultat des instruments de grande qualit\u00e9. A d\u00e9couvrir.<\/p>\n<p>quelques d\u00e9tails<\/p>\n<p>* manche en cedro du Honduras;<\/p>\n<p>* placage de t\u00eate en palissandre<\/p>\n<p>* sillets en os<\/p>\n<p>* rosace et filetterie \u00e9b\u00e8ne, erable, palissandre<\/p>\n<p><a href=\"https:\/\/guitares-et-luthiers.fr\/wp-content\/uploads\/2013\/12\/P1080653.jpg\" rel=\"lightbox[243]\"><img loading=\"lazy\" decoding=\"async\" class=\"alignnone size-medium wp-image-78\" src=\"https:\/\/guitares-et-luthiers.fr\/wp-content\/uploads\/2013\/12\/P1080653-300x225.jpg\" alt=\"guillo 2011\" width=\"300\" height=\"225\" srcset=\"https:\/\/guitares-et-luthiers.fr\/wp-content\/uploads\/2013\/12\/P1080653-300x225.jpg 300w, https:\/\/guitares-et-luthiers.fr\/wp-content\/uploads\/2013\/12\/P1080653-1024x768.jpg 1024w, https:\/\/guitares-et-luthiers.fr\/wp-content\/uploads\/2013\/12\/P1080653.jpg 1600w\" sizes=\"auto, (max-width: 300px) 100vw, 300px\" \/><\/a> <a href=\"https:\/\/guitares-et-luthiers.fr\/wp-content\/uploads\/2013\/12\/P1080646.jpg\" rel=\"lightbox[243]\"><img loading=\"lazy\" decoding=\"async\" class=\"alignnone size-medium wp-image-77\" src=\"https:\/\/guitares-et-luthiers.fr\/wp-content\/uploads\/2013\/12\/P1080646-300x225.jpg\" alt=\"guillo 2011\" width=\"300\" height=\"225\" srcset=\"https:\/\/guitares-et-luthiers.fr\/wp-content\/uploads\/2013\/12\/P1080646-300x225.jpg 300w, https:\/\/guitares-et-luthiers.fr\/wp-content\/uploads\/2013\/12\/P1080646-1024x768.jpg 1024w, https:\/\/guitares-et-luthiers.fr\/wp-content\/uploads\/2013\/12\/P1080646.jpg 1600w\" sizes=\"auto, (max-width: 300px) 100vw, 300px\" \/><\/a> <a href=\"https:\/\/guitares-et-luthiers.fr\/wp-content\/uploads\/2013\/12\/P1080636.jpg\" rel=\"lightbox[243]\"><img loading=\"lazy\" decoding=\"async\" class=\"alignnone size-medium wp-image-76\" src=\"https:\/\/guitares-et-luthiers.fr\/wp-content\/uploads\/2013\/12\/P1080636-300x225.jpg\" alt=\"guillo 2011\" width=\"300\" height=\"225\" srcset=\"https:\/\/guitares-et-luthiers.fr\/wp-content\/uploads\/2013\/12\/P1080636-300x225.jpg 300w, https:\/\/guitares-et-luthiers.fr\/wp-content\/uploads\/2013\/12\/P1080636-1024x768.jpg 1024w, https:\/\/guitares-et-luthiers.fr\/wp-content\/uploads\/2013\/12\/P1080636.jpg 1600w\" sizes=\"auto, (max-width: 300px) 100vw, 300px\" \/><\/a> <a href=\"https:\/\/guitares-et-luthiers.fr\/wp-content\/uploads\/2013\/12\/P1080581.jpg\" rel=\"lightbox[243]\"><img loading=\"lazy\" decoding=\"async\" class=\"alignnone size-medium wp-image-75\" src=\"https:\/\/guitares-et-luthiers.fr\/wp-content\/uploads\/2013\/12\/P1080581-300x225.jpg\" alt=\"guillo 2011\" width=\"300\" height=\"225\" srcset=\"https:\/\/guitares-et-luthiers.fr\/wp-content\/uploads\/2013\/12\/P1080581-300x225.jpg 300w, https:\/\/guitares-et-luthiers.fr\/wp-content\/uploads\/2013\/12\/P1080581-1024x768.jpg 1024w, https:\/\/guitares-et-luthiers.fr\/wp-content\/uploads\/2013\/12\/P1080581.jpg 1600w\" sizes=\"auto, (max-width: 300px) 100vw, 300px\" \/><\/a>\u00a0\u00a0<a href=\"https:\/\/guitares-et-luthiers.fr\/wp-content\/uploads\/2014\/03\/P1080655.jpg\" rel=\"lightbox[243]\"><img loading=\"lazy\" decoding=\"async\" class=\"alignnone size-medium wp-image-582\" src=\"https:\/\/guitares-et-luthiers.fr\/wp-content\/uploads\/2014\/03\/P1080655-300x225.jpg\" alt=\"Guillo 2011\" width=\"300\" height=\"225\" srcset=\"https:\/\/guitares-et-luthiers.fr\/wp-content\/uploads\/2014\/03\/P1080655-300x225.jpg 300w, https:\/\/guitares-et-luthiers.fr\/wp-content\/uploads\/2014\/03\/P1080655-1024x768.jpg 1024w, https:\/\/guitares-et-luthiers.fr\/wp-content\/uploads\/2014\/03\/P1080655.jpg 1600w\" sizes=\"auto, (max-width: 300px) 100vw, 300px\" \/><\/a> <a href=\"https:\/\/guitares-et-luthiers.fr\/wp-content\/uploads\/2014\/03\/P1080582.jpg\" rel=\"lightbox[243]\"><img loading=\"lazy\" decoding=\"async\" class=\"alignnone size-medium wp-image-579\" src=\"https:\/\/guitares-et-luthiers.fr\/wp-content\/uploads\/2014\/03\/P1080582-300x225.jpg\" alt=\"Guillo 2011\" width=\"300\" height=\"225\" srcset=\"https:\/\/guitares-et-luthiers.fr\/wp-content\/uploads\/2014\/03\/P1080582-300x225.jpg 300w, https:\/\/guitares-et-luthiers.fr\/wp-content\/uploads\/2014\/03\/P1080582-1024x768.jpg 1024w, https:\/\/guitares-et-luthiers.fr\/wp-content\/uploads\/2014\/03\/P1080582.jpg 1600w\" sizes=\"auto, (max-width: 300px) 100vw, 300px\" \/><\/a> <a href=\"https:\/\/guitares-et-luthiers.fr\/wp-content\/uploads\/2014\/03\/P1080579.jpg\" rel=\"lightbox[243]\"><img loading=\"lazy\" decoding=\"async\" class=\"alignnone size-medium wp-image-578\" src=\"https:\/\/guitares-et-luthiers.fr\/wp-content\/uploads\/2014\/03\/P1080579-225x300.jpg\" alt=\"Guillo 2011\" width=\"225\" height=\"300\" srcset=\"https:\/\/guitares-et-luthiers.fr\/wp-content\/uploads\/2014\/03\/P1080579-225x300.jpg 225w, https:\/\/guitares-et-luthiers.fr\/wp-content\/uploads\/2014\/03\/P1080579-768x1024.jpg 768w, https:\/\/guitares-et-luthiers.fr\/wp-content\/uploads\/2014\/03\/P1080579.jpg 1200w\" sizes=\"auto, (max-width: 225px) 100vw, 225px\" \/><\/a>\u00a0 \u00a0 \u00a0 \u00a0\u00a0<a href=\"https:\/\/guitares-et-luthiers.fr\/wp-content\/uploads\/2013\/12\/P1080654.jpg\" rel=\"lightbox[243]\"><img loading=\"lazy\" decoding=\"async\" src=\"https:\/\/guitares-et-luthiers.fr\/wp-content\/uploads\/2013\/12\/P1080654-225x300.jpg\" alt=\"guillo 2011\" width=\"225\" height=\"300\" \/><\/a><\/p>\n<p>site<\/p>\n<p><a title=\"http:\/\/www.nano\" href=\"http:\/\/www.nano\/\">www.myspace.com\/nanolutherie<\/a><\/p>\n","protected":false},"excerpt":{"rendered":"<p>Luthier :\u00a0Yann Guillo Mod\u00e8le :\u00a0Concert Ann\u00e9e :\u00a02011 Bois : table en \u00e9picea , dos et \u00e9clisses en palissandre des Indes, touche \u00e9b\u00e8ne du Gabon, chevalet en palissandre, renfort de manche et plaque de t\u00eate en palissandre. Une lutherie de qualit\u00e9 avec des bois soigneusement s\u00e9lectionn\u00e9s, un son qui a une couleur, un timbre, du caract\u00e8re. &hellip; <\/p>\n<p class=\"link-more\"><a href=\"https:\/\/guitares-et-luthiers.fr\/?page_id=243\" class=\"more-link\">Continuer la lecture<span class=\"screen-reader-text\"> de &laquo;&nbsp;\u00a0\u00bb Concert \u00ab\u00a0Yann Guillo 2011&nbsp;&raquo;<\/span><\/a><\/p>\n","protected":false},"author":2,"featured_media":0,"parent":0,"menu_order":0,"comment_status":"open","ping_status":"open","template":"","meta":{"footnotes":""},"class_list":["post-243","page","type-page","status-publish","hentry"],"_links":{"self":[{"href":"https:\/\/guitares-et-luthiers.fr\/index.php?rest_route=\/wp\/v2\/pages\/243","targetHints":{"allow":["GET"]}}],"collection":[{"href":"https:\/\/guitares-et-luthiers.fr\/index.php?rest_route=\/wp\/v2\/pages"}],"about":[{"href":"https:\/\/guitares-et-luthiers.fr\/index.php?rest_route=\/wp\/v2\/types\/page"}],"author":[{"embeddable":true,"href":"https:\/\/guitares-et-luthiers.fr\/index.php?rest_route=\/wp\/v2\/users\/2"}],"replies":[{"embeddable":true,"href":"https:\/\/guitares-et-luthiers.fr\/index.php?rest_route=%2Fwp%2Fv2%2Fcomments&post=243"}],"version-history":[{"count":6,"href":"https:\/\/guitares-et-luthiers.fr\/index.php?rest_route=\/wp\/v2\/pages\/243\/revisions"}],"predecessor-version":[{"id":1491,"href":"https:\/\/guitares-et-luthiers.fr\/index.php?rest_route=\/wp\/v2\/pages\/243\/revisions\/1491"}],"wp:attachment":[{"href":"https:\/\/guitares-et-luthiers.fr\/index.php?rest_route=%2Fwp%2Fv2%2Fmedia&parent=243"}],"curies":[{"name":"wp","href":"https:\/\/api.w.org\/{rel}","templated":true}]}}