{"id":2453,"date":"2025-07-14T13:34:39","date_gmt":"2025-07-14T12:34:39","guid":{"rendered":"https:\/\/guitares-et-luthiers.fr\/?page_id=2453"},"modified":"2025-07-14T13:47:22","modified_gmt":"2025-07-14T12:47:22","slug":"fouilleul-moguerou-c9-2025","status":"publish","type":"page","link":"https:\/\/guitares-et-luthiers.fr\/?page_id=2453","title":{"rendered":"Fouilleul Mogu\u00e9rou C9 2025"},"content":{"rendered":"\n<p>Voici \u00e0 nouveau une Fouilleul Mogu\u00e9rou de 2025. Il s&rsquo;agit de la 5 \u00e8me guitare C9 que je poss\u00e8de , ce sont des instruments qui sont extr\u00e9mement int\u00e9ressants avec un tr\u00e8s bon rapport qualit\u00e9 prix.  Il s&rsquo;agit l\u00e0 d&rsquo;une collaboration entre 2 luthiers. Bertrand Mogu\u00e9rou r\u00e9alise ( bien !) ce mod\u00e8le C9 de Jean-Marie Fouilleul selon les plans et les m\u00e9thodes de travail de Jean-Marie. Cette guitare est neuve et faite avec de superbes bois  ( cf photos du dos avec un magnifique palissandre) . <\/p>\n\n\n\n<p>Les guitare C9 sont extr\u00eamement bien \u00e9quilibr\u00e9e, \u00e0 tous les niveaux. Beaucoup d&rsquo;homog\u00e9n\u00e9it\u00e9 entre les cordes et les diff\u00e9rentes hauteurs. Pas de trous, de loups. Ce sont de magnifiques instruments qui peuvent convenir \u00e0 tous les registres de musique. Tr\u00e8s confortable. Une nouvelle fois une r\u00e9ussite.  <\/p>\n\n\n\n<figure class=\"wp-block-gallery has-nested-images columns-default is-cropped wp-block-gallery-1 is-layout-flex wp-block-gallery-is-layout-flex\">\n<figure class=\"wp-block-image size-large\"><img loading=\"lazy\" decoding=\"async\" width=\"1024\" height=\"1010\" data-id=\"2435\" src=\"https:\/\/guitares-et-luthiers.fr\/wp-content\/uploads\/2025\/06\/IMG_5924-1024x1010.jpeg\" alt=\"\" class=\"wp-image-2435\" srcset=\"https:\/\/guitares-et-luthiers.fr\/wp-content\/uploads\/2025\/06\/IMG_5924-1024x1010.jpeg 1024w, https:\/\/guitares-et-luthiers.fr\/wp-content\/uploads\/2025\/06\/IMG_5924-300x296.jpeg 300w, https:\/\/guitares-et-luthiers.fr\/wp-content\/uploads\/2025\/06\/IMG_5924-768x758.jpeg 768w, https:\/\/guitares-et-luthiers.fr\/wp-content\/uploads\/2025\/06\/IMG_5924-1536x1515.jpeg 1536w, https:\/\/guitares-et-luthiers.fr\/wp-content\/uploads\/2025\/06\/IMG_5924-2048x2020.jpeg 2048w, https:\/\/guitares-et-luthiers.fr\/wp-content\/uploads\/2025\/06\/IMG_5924-100x100.jpeg 100w\" sizes=\"auto, (max-width: 706px) 89vw, (max-width: 767px) 82vw, 740px\" \/><\/figure>\n\n\n\n<figure class=\"wp-block-image size-large\"><img loading=\"lazy\" decoding=\"async\" width=\"437\" height=\"1024\" data-id=\"2447\" src=\"https:\/\/guitares-et-luthiers.fr\/wp-content\/uploads\/2025\/06\/IMG_5923-437x1024.jpeg\" alt=\"\" class=\"wp-image-2447\" srcset=\"https:\/\/guitares-et-luthiers.fr\/wp-content\/uploads\/2025\/06\/IMG_5923-437x1024.jpeg 437w, https:\/\/guitares-et-luthiers.fr\/wp-content\/uploads\/2025\/06\/IMG_5923-128x300.jpeg 128w, https:\/\/guitares-et-luthiers.fr\/wp-content\/uploads\/2025\/06\/IMG_5923-768x1801.jpeg 768w, https:\/\/guitares-et-luthiers.fr\/wp-content\/uploads\/2025\/06\/IMG_5923-655x1536.jpeg 655w, https:\/\/guitares-et-luthiers.fr\/wp-content\/uploads\/2025\/06\/IMG_5923-873x2048.jpeg 873w, https:\/\/guitares-et-luthiers.fr\/wp-content\/uploads\/2025\/06\/IMG_5923-scaled.jpeg 1092w\" sizes=\"auto, (max-width: 437px) 100vw, 437px\" \/><\/figure>\n\n\n\n<figure class=\"wp-block-image size-large\"><img loading=\"lazy\" decoding=\"async\" width=\"895\" height=\"1024\" data-id=\"2446\" src=\"https:\/\/guitares-et-luthiers.fr\/wp-content\/uploads\/2025\/06\/IMG_5937-895x1024.jpeg\" alt=\"\" class=\"wp-image-2446\" srcset=\"https:\/\/guitares-et-luthiers.fr\/wp-content\/uploads\/2025\/06\/IMG_5937-895x1024.jpeg 895w, https:\/\/guitares-et-luthiers.fr\/wp-content\/uploads\/2025\/06\/IMG_5937-262x300.jpeg 262w, https:\/\/guitares-et-luthiers.fr\/wp-content\/uploads\/2025\/06\/IMG_5937-768x879.jpeg 768w, https:\/\/guitares-et-luthiers.fr\/wp-content\/uploads\/2025\/06\/IMG_5937-1342x1536.jpeg 1342w, https:\/\/guitares-et-luthiers.fr\/wp-content\/uploads\/2025\/06\/IMG_5937-1790x2048.jpeg 1790w\" sizes=\"auto, (max-width: 706px) 89vw, (max-width: 767px) 82vw, 740px\" \/><\/figure>\n\n\n\n<figure class=\"wp-block-image size-large\"><img loading=\"lazy\" decoding=\"async\" width=\"768\" height=\"1024\" data-id=\"2445\" src=\"https:\/\/guitares-et-luthiers.fr\/wp-content\/uploads\/2025\/06\/IMG_5934-768x1024.jpeg\" alt=\"\" class=\"wp-image-2445\" srcset=\"https:\/\/guitares-et-luthiers.fr\/wp-content\/uploads\/2025\/06\/IMG_5934-768x1024.jpeg 768w, https:\/\/guitares-et-luthiers.fr\/wp-content\/uploads\/2025\/06\/IMG_5934-225x300.jpeg 225w, https:\/\/guitares-et-luthiers.fr\/wp-content\/uploads\/2025\/06\/IMG_5934-1152x1536.jpeg 1152w, https:\/\/guitares-et-luthiers.fr\/wp-content\/uploads\/2025\/06\/IMG_5934-1536x2048.jpeg 1536w, https:\/\/guitares-et-luthiers.fr\/wp-content\/uploads\/2025\/06\/IMG_5934-scaled.jpeg 1920w\" sizes=\"auto, (max-width: 706px) 89vw, (max-width: 767px) 82vw, 740px\" \/><\/figure>\n\n\n\n<figure class=\"wp-block-image size-large\"><img loading=\"lazy\" decoding=\"async\" width=\"768\" height=\"1024\" data-id=\"2444\" src=\"https:\/\/guitares-et-luthiers.fr\/wp-content\/uploads\/2025\/06\/IMG_5933-768x1024.jpeg\" alt=\"\" class=\"wp-image-2444\" srcset=\"https:\/\/guitares-et-luthiers.fr\/wp-content\/uploads\/2025\/06\/IMG_5933-768x1024.jpeg 768w, https:\/\/guitares-et-luthiers.fr\/wp-content\/uploads\/2025\/06\/IMG_5933-225x300.jpeg 225w, https:\/\/guitares-et-luthiers.fr\/wp-content\/uploads\/2025\/06\/IMG_5933-1152x1536.jpeg 1152w, https:\/\/guitares-et-luthiers.fr\/wp-content\/uploads\/2025\/06\/IMG_5933-1536x2048.jpeg 1536w, https:\/\/guitares-et-luthiers.fr\/wp-content\/uploads\/2025\/06\/IMG_5933-scaled.jpeg 1920w\" sizes=\"auto, (max-width: 706px) 89vw, (max-width: 767px) 82vw, 740px\" \/><\/figure>\n\n\n\n<figure class=\"wp-block-image size-large\"><img loading=\"lazy\" decoding=\"async\" width=\"604\" height=\"1024\" data-id=\"2443\" src=\"https:\/\/guitares-et-luthiers.fr\/wp-content\/uploads\/2025\/06\/IMG_5932-604x1024.jpeg\" alt=\"\" class=\"wp-image-2443\" srcset=\"https:\/\/guitares-et-luthiers.fr\/wp-content\/uploads\/2025\/06\/IMG_5932-604x1024.jpeg 604w, https:\/\/guitares-et-luthiers.fr\/wp-content\/uploads\/2025\/06\/IMG_5932-177x300.jpeg 177w, https:\/\/guitares-et-luthiers.fr\/wp-content\/uploads\/2025\/06\/IMG_5932-768x1303.jpeg 768w, https:\/\/guitares-et-luthiers.fr\/wp-content\/uploads\/2025\/06\/IMG_5932-906x1536.jpeg 906w, https:\/\/guitares-et-luthiers.fr\/wp-content\/uploads\/2025\/06\/IMG_5932-1208x2048.jpeg 1208w, https:\/\/guitares-et-luthiers.fr\/wp-content\/uploads\/2025\/06\/IMG_5932-scaled.jpeg 1509w\" sizes=\"auto, (max-width: 604px) 100vw, 604px\" \/><\/figure>\n\n\n\n<figure class=\"wp-block-image size-large\"><img loading=\"lazy\" decoding=\"async\" width=\"549\" height=\"1024\" data-id=\"2442\" src=\"https:\/\/guitares-et-luthiers.fr\/wp-content\/uploads\/2025\/06\/IMG_5931-549x1024.jpeg\" alt=\"\" class=\"wp-image-2442\" srcset=\"https:\/\/guitares-et-luthiers.fr\/wp-content\/uploads\/2025\/06\/IMG_5931-549x1024.jpeg 549w, https:\/\/guitares-et-luthiers.fr\/wp-content\/uploads\/2025\/06\/IMG_5931-161x300.jpeg 161w, https:\/\/guitares-et-luthiers.fr\/wp-content\/uploads\/2025\/06\/IMG_5931-768x1433.jpeg 768w, https:\/\/guitares-et-luthiers.fr\/wp-content\/uploads\/2025\/06\/IMG_5931-823x1536.jpeg 823w, https:\/\/guitares-et-luthiers.fr\/wp-content\/uploads\/2025\/06\/IMG_5931-1098x2048.jpeg 1098w, https:\/\/guitares-et-luthiers.fr\/wp-content\/uploads\/2025\/06\/IMG_5931-scaled.jpeg 1372w\" sizes=\"auto, (max-width: 549px) 100vw, 549px\" \/><\/figure>\n\n\n\n<figure class=\"wp-block-image size-large\"><img loading=\"lazy\" decoding=\"async\" width=\"768\" height=\"1024\" data-id=\"2441\" src=\"https:\/\/guitares-et-luthiers.fr\/wp-content\/uploads\/2025\/06\/IMG_5930-768x1024.jpeg\" alt=\"\" class=\"wp-image-2441\" srcset=\"https:\/\/guitares-et-luthiers.fr\/wp-content\/uploads\/2025\/06\/IMG_5930-768x1024.jpeg 768w, https:\/\/guitares-et-luthiers.fr\/wp-content\/uploads\/2025\/06\/IMG_5930-225x300.jpeg 225w, https:\/\/guitares-et-luthiers.fr\/wp-content\/uploads\/2025\/06\/IMG_5930-1152x1536.jpeg 1152w, https:\/\/guitares-et-luthiers.fr\/wp-content\/uploads\/2025\/06\/IMG_5930-1536x2048.jpeg 1536w, https:\/\/guitares-et-luthiers.fr\/wp-content\/uploads\/2025\/06\/IMG_5930-scaled.jpeg 1920w\" sizes=\"auto, (max-width: 706px) 89vw, (max-width: 767px) 82vw, 740px\" \/><\/figure>\n\n\n\n<figure class=\"wp-block-image size-large\"><img loading=\"lazy\" decoding=\"async\" width=\"768\" height=\"1024\" data-id=\"2440\" src=\"https:\/\/guitares-et-luthiers.fr\/wp-content\/uploads\/2025\/06\/IMG_5929-768x1024.jpeg\" alt=\"\" class=\"wp-image-2440\" srcset=\"https:\/\/guitares-et-luthiers.fr\/wp-content\/uploads\/2025\/06\/IMG_5929-768x1024.jpeg 768w, https:\/\/guitares-et-luthiers.fr\/wp-content\/uploads\/2025\/06\/IMG_5929-225x300.jpeg 225w, https:\/\/guitares-et-luthiers.fr\/wp-content\/uploads\/2025\/06\/IMG_5929-1152x1536.jpeg 1152w, https:\/\/guitares-et-luthiers.fr\/wp-content\/uploads\/2025\/06\/IMG_5929-1536x2048.jpeg 1536w, https:\/\/guitares-et-luthiers.fr\/wp-content\/uploads\/2025\/06\/IMG_5929-scaled.jpeg 1920w\" sizes=\"auto, (max-width: 706px) 89vw, (max-width: 767px) 82vw, 740px\" \/><\/figure>\n\n\n\n<figure class=\"wp-block-image size-large\"><img loading=\"lazy\" decoding=\"async\" width=\"605\" height=\"1024\" data-id=\"2439\" src=\"https:\/\/guitares-et-luthiers.fr\/wp-content\/uploads\/2025\/06\/IMG_5928-605x1024.jpeg\" alt=\"\" class=\"wp-image-2439\" srcset=\"https:\/\/guitares-et-luthiers.fr\/wp-content\/uploads\/2025\/06\/IMG_5928-605x1024.jpeg 605w, https:\/\/guitares-et-luthiers.fr\/wp-content\/uploads\/2025\/06\/IMG_5928-177x300.jpeg 177w, https:\/\/guitares-et-luthiers.fr\/wp-content\/uploads\/2025\/06\/IMG_5928-768x1300.jpeg 768w, https:\/\/guitares-et-luthiers.fr\/wp-content\/uploads\/2025\/06\/IMG_5928-908x1536.jpeg 908w, https:\/\/guitares-et-luthiers.fr\/wp-content\/uploads\/2025\/06\/IMG_5928-1210x2048.jpeg 1210w, https:\/\/guitares-et-luthiers.fr\/wp-content\/uploads\/2025\/06\/IMG_5928-scaled.jpeg 1513w\" sizes=\"auto, (max-width: 605px) 100vw, 605px\" \/><\/figure>\n\n\n\n<figure class=\"wp-block-image size-large\"><img loading=\"lazy\" decoding=\"async\" width=\"767\" height=\"1024\" data-id=\"2438\" src=\"https:\/\/guitares-et-luthiers.fr\/wp-content\/uploads\/2025\/06\/IMG_5927-767x1024.jpeg\" alt=\"\" class=\"wp-image-2438\" srcset=\"https:\/\/guitares-et-luthiers.fr\/wp-content\/uploads\/2025\/06\/IMG_5927-767x1024.jpeg 767w, https:\/\/guitares-et-luthiers.fr\/wp-content\/uploads\/2025\/06\/IMG_5927-225x300.jpeg 225w, https:\/\/guitares-et-luthiers.fr\/wp-content\/uploads\/2025\/06\/IMG_5927-768x1025.jpeg 768w, https:\/\/guitares-et-luthiers.fr\/wp-content\/uploads\/2025\/06\/IMG_5927-1151x1536.jpeg 1151w, https:\/\/guitares-et-luthiers.fr\/wp-content\/uploads\/2025\/06\/IMG_5927-1535x2048.jpeg 1535w, https:\/\/guitares-et-luthiers.fr\/wp-content\/uploads\/2025\/06\/IMG_5927-scaled.jpeg 1919w\" sizes=\"auto, (max-width: 706px) 89vw, (max-width: 767px) 82vw, 740px\" \/><\/figure>\n\n\n\n<figure class=\"wp-block-image size-large\"><img loading=\"lazy\" decoding=\"async\" width=\"1024\" height=\"402\" data-id=\"2437\" src=\"https:\/\/guitares-et-luthiers.fr\/wp-content\/uploads\/2025\/06\/IMG_5926-1024x402.jpeg\" alt=\"\" class=\"wp-image-2437\" srcset=\"https:\/\/guitares-et-luthiers.fr\/wp-content\/uploads\/2025\/06\/IMG_5926-1024x402.jpeg 1024w, https:\/\/guitares-et-luthiers.fr\/wp-content\/uploads\/2025\/06\/IMG_5926-300x118.jpeg 300w, https:\/\/guitares-et-luthiers.fr\/wp-content\/uploads\/2025\/06\/IMG_5926-768x302.jpeg 768w, https:\/\/guitares-et-luthiers.fr\/wp-content\/uploads\/2025\/06\/IMG_5926-1536x603.jpeg 1536w, https:\/\/guitares-et-luthiers.fr\/wp-content\/uploads\/2025\/06\/IMG_5926-2048x805.jpeg 2048w\" sizes=\"auto, (max-width: 706px) 89vw, (max-width: 767px) 82vw, 740px\" \/><\/figure>\n\n\n\n<figure class=\"wp-block-image size-large\"><img loading=\"lazy\" decoding=\"async\" width=\"1024\" height=\"616\" data-id=\"2436\" src=\"https:\/\/guitares-et-luthiers.fr\/wp-content\/uploads\/2025\/06\/IMG_5925-1024x616.jpeg\" alt=\"\" class=\"wp-image-2436\" srcset=\"https:\/\/guitares-et-luthiers.fr\/wp-content\/uploads\/2025\/06\/IMG_5925-1024x616.jpeg 1024w, https:\/\/guitares-et-luthiers.fr\/wp-content\/uploads\/2025\/06\/IMG_5925-300x181.jpeg 300w, https:\/\/guitares-et-luthiers.fr\/wp-content\/uploads\/2025\/06\/IMG_5925-768x462.jpeg 768w, https:\/\/guitares-et-luthiers.fr\/wp-content\/uploads\/2025\/06\/IMG_5925-1536x924.jpeg 1536w, https:\/\/guitares-et-luthiers.fr\/wp-content\/uploads\/2025\/06\/IMG_5925-2048x1232.jpeg 2048w\" sizes=\"auto, (max-width: 706px) 89vw, (max-width: 767px) 82vw, 740px\" \/><\/figure>\n<\/figure>\n","protected":false},"excerpt":{"rendered":"<p>Voici \u00e0 nouveau une Fouilleul Mogu\u00e9rou de 2025. Il s&rsquo;agit de la 5 \u00e8me guitare C9 que je poss\u00e8de , ce sont des instruments qui sont extr\u00e9mement int\u00e9ressants avec un tr\u00e8s bon rapport qualit\u00e9 prix. Il s&rsquo;agit l\u00e0 d&rsquo;une collaboration entre 2 luthiers. Bertrand Mogu\u00e9rou r\u00e9alise ( bien !) ce mod\u00e8le C9 de Jean-Marie Fouilleul &hellip; <\/p>\n<p class=\"link-more\"><a href=\"https:\/\/guitares-et-luthiers.fr\/?page_id=2453\" class=\"more-link\">Continuer la lecture<span class=\"screen-reader-text\"> de &laquo;&nbsp;Fouilleul Mogu\u00e9rou C9 2025&nbsp;&raquo;<\/span><\/a><\/p>\n","protected":false},"author":2,"featured_media":0,"parent":0,"menu_order":0,"comment_status":"closed","ping_status":"closed","template":"","meta":{"footnotes":""},"class_list":["post-2453","page","type-page","status-publish","hentry"],"_links":{"self":[{"href":"https:\/\/guitares-et-luthiers.fr\/index.php?rest_route=\/wp\/v2\/pages\/2453","targetHints":{"allow":["GET"]}}],"collection":[{"href":"https:\/\/guitares-et-luthiers.fr\/index.php?rest_route=\/wp\/v2\/pages"}],"about":[{"href":"https:\/\/guitares-et-luthiers.fr\/index.php?rest_route=\/wp\/v2\/types\/page"}],"author":[{"embeddable":true,"href":"https:\/\/guitares-et-luthiers.fr\/index.php?rest_route=\/wp\/v2\/users\/2"}],"replies":[{"embeddable":true,"href":"https:\/\/guitares-et-luthiers.fr\/index.php?rest_route=%2Fwp%2Fv2%2Fcomments&post=2453"}],"version-history":[{"count":3,"href":"https:\/\/guitares-et-luthiers.fr\/index.php?rest_route=\/wp\/v2\/pages\/2453\/revisions"}],"predecessor-version":[{"id":2458,"href":"https:\/\/guitares-et-luthiers.fr\/index.php?rest_route=\/wp\/v2\/pages\/2453\/revisions\/2458"}],"wp:attachment":[{"href":"https:\/\/guitares-et-luthiers.fr\/index.php?rest_route=%2Fwp%2Fv2%2Fmedia&parent=2453"}],"curies":[{"name":"wp","href":"https:\/\/api.w.org\/{rel}","templated":true}]}}