{"id":249,"date":"2014-01-04T00:28:47","date_gmt":"2014-01-03T23:28:47","guid":{"rendered":"http:\/\/guitares-et-luthiers.fr\/?page_id=249"},"modified":"2022-10-02T17:56:24","modified_gmt":"2022-10-02T16:56:24","slug":"concert-boyadjian-1985","status":"publish","type":"page","link":"https:\/\/guitares-et-luthiers.fr\/?page_id=249","title":{"rendered":"\u00ab\u00a0Concert\u00a0\u00bb Boyadjian 1985"},"content":{"rendered":"<div>\n<div><img decoding=\"async\" src=\"http:\/\/art-range.fr\/site\/guitaresetluthiers\/concert_Boyadjian_1985_files\/shapeimage_3.png\" alt=\"Guitares et luthiers\" \/><\/div>\n<\/div>\n<div id=\"id2\">\n<p>Luthier :\u00a0Alexandre Boyadjian<\/p>\n<p>Mod\u00e8le :\u00a0Concert<\/p>\n<p>Ann\u00e9e :\u00a01985<\/p>\n<p>Bois :\u00a0dos et \u00e9clisses en palissandre , manche c\u00e9dro, renfort \u00e9b\u00e8ne, touche \u00e9b\u00e8ne, chevalet en palissandre, vernis au tampon.<\/p>\n<p>M\u00e9caniques:\u00a0Fustero<\/p>\n<p>Une tr\u00e8s belle et bonne lutherie tr\u00e8s classique.<\/p>\n<p>Toutes les finitions et choix sont de bon go\u00fbt.<\/p>\n<p>quelques d\u00e9tails<\/p>\n<p>* manche en cedro renfort en \u00e9b\u00e8ne<\/p>\n<p>* placage de t\u00eate en palissandre<\/p>\n<p>*rosace et filetterie sp\u00e9cifiques<\/p>\n<p>Un son bien pr\u00e9sent, un c\u00f4t\u00e9 assez aust\u00e8re et sombre sans que soit alt\u00e9r\u00e9e la clart\u00e9 des notes;<\/p>\n<p>Quelque chose de l\u2019ordre de la gravit\u00e9<\/p>\n<\/div>\n","protected":false},"excerpt":{"rendered":"<p>Luthier :\u00a0Alexandre Boyadjian Mod\u00e8le :\u00a0Concert Ann\u00e9e :\u00a01985 Bois :\u00a0dos et \u00e9clisses en palissandre , manche c\u00e9dro, renfort \u00e9b\u00e8ne, touche \u00e9b\u00e8ne, chevalet en palissandre, vernis au tampon. M\u00e9caniques:\u00a0Fustero Une tr\u00e8s belle et bonne lutherie tr\u00e8s classique. Toutes les finitions et choix sont de bon go\u00fbt. quelques d\u00e9tails * manche en cedro renfort en \u00e9b\u00e8ne * placage &hellip; <\/p>\n<p class=\"link-more\"><a href=\"https:\/\/guitares-et-luthiers.fr\/?page_id=249\" class=\"more-link\">Continuer la lecture<span class=\"screen-reader-text\"> de &laquo;&nbsp;\u00ab\u00a0Concert\u00a0\u00bb Boyadjian 1985&nbsp;&raquo;<\/span><\/a><\/p>\n","protected":false},"author":2,"featured_media":0,"parent":0,"menu_order":0,"comment_status":"open","ping_status":"open","template":"","meta":{"footnotes":""},"class_list":["post-249","page","type-page","status-publish","hentry"],"_links":{"self":[{"href":"https:\/\/guitares-et-luthiers.fr\/index.php?rest_route=\/wp\/v2\/pages\/249","targetHints":{"allow":["GET"]}}],"collection":[{"href":"https:\/\/guitares-et-luthiers.fr\/index.php?rest_route=\/wp\/v2\/pages"}],"about":[{"href":"https:\/\/guitares-et-luthiers.fr\/index.php?rest_route=\/wp\/v2\/types\/page"}],"author":[{"embeddable":true,"href":"https:\/\/guitares-et-luthiers.fr\/index.php?rest_route=\/wp\/v2\/users\/2"}],"replies":[{"embeddable":true,"href":"https:\/\/guitares-et-luthiers.fr\/index.php?rest_route=%2Fwp%2Fv2%2Fcomments&post=249"}],"version-history":[{"count":3,"href":"https:\/\/guitares-et-luthiers.fr\/index.php?rest_route=\/wp\/v2\/pages\/249\/revisions"}],"predecessor-version":[{"id":1482,"href":"https:\/\/guitares-et-luthiers.fr\/index.php?rest_route=\/wp\/v2\/pages\/249\/revisions\/1482"}],"wp:attachment":[{"href":"https:\/\/guitares-et-luthiers.fr\/index.php?rest_route=%2Fwp%2Fv2%2Fmedia&parent=249"}],"curies":[{"name":"wp","href":"https:\/\/api.w.org\/{rel}","templated":true}]}}