{"id":2492,"date":"2025-12-18T14:55:47","date_gmt":"2025-12-18T13:55:47","guid":{"rendered":"https:\/\/guitares-et-luthiers.fr\/?page_id=2492"},"modified":"2025-12-18T19:54:54","modified_gmt":"2025-12-18T18:54:54","slug":"sakurai-maestro-rf-2024","status":"publish","type":"page","link":"https:\/\/guitares-et-luthiers.fr\/?page_id=2492","title":{"rendered":"Sakurai Maestro rf 2024"},"content":{"rendered":"\n<p>Guitare Masaki Sakurai Maestro RF neuve 2024. Instrument magnifique \u00e0 tous les niveaux tant musical qu&rsquo;esth\u00e9tique, son , confort, puissance.Son tr\u00e8s puissant, tr\u00e8s pr\u00e9cis, chaud et clair \u00e0 la fois. Ce mod\u00e8le Maestro est le niveau le plus haut des guitares Kohno. Masaki Sakurai est un luthier japonais parmi les plus r\u00e9put\u00e9s. Vous pouvez trouver sur internet de nombreuses vid\u00e9os o\u00f9 vous pourrez juger par vous-m\u00eame l&rsquo;extr\u00eame qualit\u00e9 de cet instrument. L&rsquo;excellence du tr\u00e8s tr\u00e8s haut niveau. Guitare difficile \u00e0 trouver au vu de la demande. Vous pouvez venir et la comparer sur rendez-vous , avec d&rsquo;autres guitares de luthiers : Audirac, Abondance, Roffler, Delarue, Fouilleul, Bellest, Kenny Hill, Partyka, Lebreton, etc Dans le Calvados.<\/p>\n\n\n\n<p>Il s\u2019agit d\u2019un instrument qui poss\u00e8de un son d\u2019une suavit\u00e9 \u00e0 nulle autre pareille. Le son est rempli, chaud , g\u00e9n\u00e9reux et en m\u00eame temps tr\u00e8s clair, tr\u00e8s pr\u00e9cis, d\u00e9tach\u00e9. Facile \u00e0 jouer.<\/p>\n\n\n\n<p>Le mod\u00e8le maestro rf a une table plongeante (cf photos) qui permet d\u2019acc\u00e9der tr\u00e8s facilement aux cases au-del\u00e0 de la douzi\u00e8me.<\/p>\n\n\n\n<p>Il s\u2019agit du mod\u00e8le phare du luthier Masaki Sakurai. La r\u00e9putation se justifie d\u00e8s que l\u2019on commence \u00e0 en jouer.<\/p>\n\n\n\n<p>Liens pour entendre le mod\u00e8le maestro jou\u00e9 par Jinsae Kim et par Vladimir Gaponstev<\/p>\n\n\n\n<p><\/p>\n\n\n\n<figure class=\"wp-block-embed is-type-video is-provider-youtube wp-block-embed-youtube wp-embed-aspect-16-9 wp-has-aspect-ratio\"><div class=\"wp-block-embed__wrapper\">\n<iframe loading=\"lazy\" title=\"Enrique Granados - La Maja de Goya &amp; Miguel Llobet - Romanza \/ Masaki Sakurai \/ Jinsae Kim\" width=\"525\" height=\"295\" src=\"https:\/\/www.youtube.com\/embed\/_OCTiyn-Zpg?start=77&#038;feature=oembed\" frameborder=\"0\" allow=\"accelerometer; autoplay; clipboard-write; encrypted-media; gyroscope; picture-in-picture; web-share\" referrerpolicy=\"strict-origin-when-cross-origin\" allowfullscreen><\/iframe>\n<\/div><\/figure>\n\n\n\n<figure class=\"wp-block-embed is-type-video is-provider-youtube wp-block-embed-youtube wp-embed-aspect-16-9 wp-has-aspect-ratio\"><div class=\"wp-block-embed__wrapper\">\n<iframe loading=\"lazy\" title=\"Masaki Sakurai 77 anniversary guitar. 7 improvisations on Sakura. Vladimir Gapontsev\" width=\"525\" height=\"295\" src=\"https:\/\/www.youtube.com\/embed\/2gecmReXyfs?start=147&#038;feature=oembed\" frameborder=\"0\" allow=\"accelerometer; autoplay; clipboard-write; encrypted-media; gyroscope; picture-in-picture; web-share\" referrerpolicy=\"strict-origin-when-cross-origin\" allowfullscreen><\/iframe>\n<\/div><\/figure>\n\n\n\n<figure class=\"wp-block-gallery has-nested-images columns-default is-cropped wp-block-gallery-1 is-layout-flex wp-block-gallery-is-layout-flex\">\n<figure class=\"wp-block-image size-large\"><img loading=\"lazy\" decoding=\"async\" width=\"1024\" height=\"743\" data-id=\"2498\" src=\"https:\/\/guitares-et-luthiers.fr\/wp-content\/uploads\/2025\/12\/IMG_5528-1024x743.jpeg\" alt=\"\" class=\"wp-image-2498\" srcset=\"https:\/\/guitares-et-luthiers.fr\/wp-content\/uploads\/2025\/12\/IMG_5528-1024x743.jpeg 1024w, https:\/\/guitares-et-luthiers.fr\/wp-content\/uploads\/2025\/12\/IMG_5528-300x218.jpeg 300w, https:\/\/guitares-et-luthiers.fr\/wp-content\/uploads\/2025\/12\/IMG_5528-768x558.jpeg 768w, https:\/\/guitares-et-luthiers.fr\/wp-content\/uploads\/2025\/12\/IMG_5528-1536x1115.jpeg 1536w, https:\/\/guitares-et-luthiers.fr\/wp-content\/uploads\/2025\/12\/IMG_5528-2048x1487.jpeg 2048w\" sizes=\"auto, (max-width: 706px) 89vw, (max-width: 767px) 82vw, 740px\" \/><\/figure>\n\n\n\n<figure class=\"wp-block-image size-large\"><img loading=\"lazy\" decoding=\"async\" width=\"776\" height=\"1024\" data-id=\"2497\" src=\"https:\/\/guitares-et-luthiers.fr\/wp-content\/uploads\/2025\/12\/IMG_5525-776x1024.jpeg\" alt=\"\" class=\"wp-image-2497\" srcset=\"https:\/\/guitares-et-luthiers.fr\/wp-content\/uploads\/2025\/12\/IMG_5525-776x1024.jpeg 776w, https:\/\/guitares-et-luthiers.fr\/wp-content\/uploads\/2025\/12\/IMG_5525-227x300.jpeg 227w, https:\/\/guitares-et-luthiers.fr\/wp-content\/uploads\/2025\/12\/IMG_5525-768x1014.jpeg 768w, https:\/\/guitares-et-luthiers.fr\/wp-content\/uploads\/2025\/12\/IMG_5525-1163x1536.jpeg 1163w, https:\/\/guitares-et-luthiers.fr\/wp-content\/uploads\/2025\/12\/IMG_5525-1551x2048.jpeg 1551w, https:\/\/guitares-et-luthiers.fr\/wp-content\/uploads\/2025\/12\/IMG_5525-scaled.jpeg 1939w\" sizes=\"auto, (max-width: 706px) 89vw, (max-width: 767px) 82vw, 740px\" \/><\/figure>\n\n\n\n<figure class=\"wp-block-image size-large\"><img loading=\"lazy\" decoding=\"async\" width=\"463\" height=\"1024\" data-id=\"2496\" src=\"https:\/\/guitares-et-luthiers.fr\/wp-content\/uploads\/2025\/12\/IMG_5524-463x1024.jpeg\" alt=\"\" class=\"wp-image-2496\" srcset=\"https:\/\/guitares-et-luthiers.fr\/wp-content\/uploads\/2025\/12\/IMG_5524-463x1024.jpeg 463w, https:\/\/guitares-et-luthiers.fr\/wp-content\/uploads\/2025\/12\/IMG_5524-136x300.jpeg 136w, https:\/\/guitares-et-luthiers.fr\/wp-content\/uploads\/2025\/12\/IMG_5524-768x1699.jpeg 768w, https:\/\/guitares-et-luthiers.fr\/wp-content\/uploads\/2025\/12\/IMG_5524-694x1536.jpeg 694w, https:\/\/guitares-et-luthiers.fr\/wp-content\/uploads\/2025\/12\/IMG_5524-926x2048.jpeg 926w, https:\/\/guitares-et-luthiers.fr\/wp-content\/uploads\/2025\/12\/IMG_5524-scaled.jpeg 1157w\" sizes=\"auto, (max-width: 463px) 100vw, 463px\" \/><\/figure>\n<\/figure>\n\n\n\n<p><\/p>\n","protected":false},"excerpt":{"rendered":"<p>Guitare Masaki Sakurai Maestro RF neuve 2024. Instrument magnifique \u00e0 tous les niveaux tant musical qu&rsquo;esth\u00e9tique, son , confort, puissance.Son tr\u00e8s puissant, tr\u00e8s pr\u00e9cis, chaud et clair \u00e0 la fois. Ce mod\u00e8le Maestro est le niveau le plus haut des guitares Kohno. Masaki Sakurai est un luthier japonais parmi les plus r\u00e9put\u00e9s. Vous pouvez trouver &hellip; <\/p>\n<p class=\"link-more\"><a href=\"https:\/\/guitares-et-luthiers.fr\/?page_id=2492\" class=\"more-link\">Continuer la lecture<span class=\"screen-reader-text\"> de &laquo;&nbsp;Sakurai Maestro rf 2024&nbsp;&raquo;<\/span><\/a><\/p>\n","protected":false},"author":2,"featured_media":0,"parent":0,"menu_order":0,"comment_status":"closed","ping_status":"closed","template":"","meta":{"footnotes":""},"class_list":["post-2492","page","type-page","status-publish","hentry"],"_links":{"self":[{"href":"https:\/\/guitares-et-luthiers.fr\/index.php?rest_route=\/wp\/v2\/pages\/2492","targetHints":{"allow":["GET"]}}],"collection":[{"href":"https:\/\/guitares-et-luthiers.fr\/index.php?rest_route=\/wp\/v2\/pages"}],"about":[{"href":"https:\/\/guitares-et-luthiers.fr\/index.php?rest_route=\/wp\/v2\/types\/page"}],"author":[{"embeddable":true,"href":"https:\/\/guitares-et-luthiers.fr\/index.php?rest_route=\/wp\/v2\/users\/2"}],"replies":[{"embeddable":true,"href":"https:\/\/guitares-et-luthiers.fr\/index.php?rest_route=%2Fwp%2Fv2%2Fcomments&post=2492"}],"version-history":[{"count":3,"href":"https:\/\/guitares-et-luthiers.fr\/index.php?rest_route=\/wp\/v2\/pages\/2492\/revisions"}],"predecessor-version":[{"id":2502,"href":"https:\/\/guitares-et-luthiers.fr\/index.php?rest_route=\/wp\/v2\/pages\/2492\/revisions\/2502"}],"wp:attachment":[{"href":"https:\/\/guitares-et-luthiers.fr\/index.php?rest_route=%2Fwp%2Fv2%2Fmedia&parent=2492"}],"curies":[{"name":"wp","href":"https:\/\/api.w.org\/{rel}","templated":true}]}}