{"id":2578,"date":"2026-01-29T15:13:52","date_gmt":"2026-01-29T14:13:52","guid":{"rendered":"https:\/\/guitares-et-luthiers.fr\/?page_id=2578"},"modified":"2026-01-29T15:13:52","modified_gmt":"2026-01-29T14:13:52","slug":"bedikian-2020-red-cedar","status":"publish","type":"page","link":"https:\/\/guitares-et-luthiers.fr\/?page_id=2578","title":{"rendered":"Bedikian 2020 red cedar"},"content":{"rendered":"\n<p>Guitare du c\u00e9l\u00e9bre luthier Victor Bedikian , dont les guitares sont jou\u00e9es un peu partout dans le monde.  Lutherie tr\u00e8s traditionnelle mais qui a fait ses preuves. <\/p>\n\n\n\n<p>Table red cedar, touche \u00e9b\u00e8ne , dos et \u00e9clisses en palissandre. Une tr\u00e8s belle fileterie. <\/p>\n\n\n\n<p>Avec \u00e9tui . <\/p>\n\n\n\n<figure class=\"wp-block-gallery has-nested-images columns-default is-cropped wp-block-gallery-1 is-layout-flex wp-block-gallery-is-layout-flex\">\n<figure class=\"wp-block-image size-large\"><img loading=\"lazy\" decoding=\"async\" width=\"895\" height=\"1024\" data-id=\"2577\" src=\"https:\/\/guitares-et-luthiers.fr\/wp-content\/uploads\/2026\/01\/bedikian-2020-338-a-895x1024.jpg\" alt=\"\" class=\"wp-image-2577\" srcset=\"https:\/\/guitares-et-luthiers.fr\/wp-content\/uploads\/2026\/01\/bedikian-2020-338-a-895x1024.jpg 895w, https:\/\/guitares-et-luthiers.fr\/wp-content\/uploads\/2026\/01\/bedikian-2020-338-a-262x300.jpg 262w, https:\/\/guitares-et-luthiers.fr\/wp-content\/uploads\/2026\/01\/bedikian-2020-338-a-768x879.jpg 768w, https:\/\/guitares-et-luthiers.fr\/wp-content\/uploads\/2026\/01\/bedikian-2020-338-a-1342x1536.jpg 1342w, https:\/\/guitares-et-luthiers.fr\/wp-content\/uploads\/2026\/01\/bedikian-2020-338-a-1789x2048.jpg 1789w\" sizes=\"auto, (max-width: 706px) 89vw, (max-width: 767px) 82vw, 740px\" \/><\/figure>\n\n\n\n<figure class=\"wp-block-image size-large\"><img loading=\"lazy\" decoding=\"async\" width=\"1024\" height=\"987\" data-id=\"2576\" src=\"https:\/\/guitares-et-luthiers.fr\/wp-content\/uploads\/2026\/01\/Bedikian-2020-338-b-1024x987.jpg\" alt=\"\" class=\"wp-image-2576\" srcset=\"https:\/\/guitares-et-luthiers.fr\/wp-content\/uploads\/2026\/01\/Bedikian-2020-338-b-1024x987.jpg 1024w, https:\/\/guitares-et-luthiers.fr\/wp-content\/uploads\/2026\/01\/Bedikian-2020-338-b-300x289.jpg 300w, https:\/\/guitares-et-luthiers.fr\/wp-content\/uploads\/2026\/01\/Bedikian-2020-338-b-768x740.jpg 768w, https:\/\/guitares-et-luthiers.fr\/wp-content\/uploads\/2026\/01\/Bedikian-2020-338-b-1536x1480.jpg 1536w, https:\/\/guitares-et-luthiers.fr\/wp-content\/uploads\/2026\/01\/Bedikian-2020-338-b-2048x1973.jpg 2048w\" sizes=\"auto, (max-width: 706px) 89vw, (max-width: 767px) 82vw, 740px\" \/><\/figure>\n\n\n\n<figure class=\"wp-block-image size-large\"><img loading=\"lazy\" decoding=\"async\" width=\"1024\" height=\"306\" data-id=\"2575\" src=\"https:\/\/guitares-et-luthiers.fr\/wp-content\/uploads\/2026\/01\/Bedikian-2020-338-c-1024x306.jpg\" alt=\"\" class=\"wp-image-2575\" srcset=\"https:\/\/guitares-et-luthiers.fr\/wp-content\/uploads\/2026\/01\/Bedikian-2020-338-c-1024x306.jpg 1024w, https:\/\/guitares-et-luthiers.fr\/wp-content\/uploads\/2026\/01\/Bedikian-2020-338-c-300x90.jpg 300w, https:\/\/guitares-et-luthiers.fr\/wp-content\/uploads\/2026\/01\/Bedikian-2020-338-c-768x229.jpg 768w, https:\/\/guitares-et-luthiers.fr\/wp-content\/uploads\/2026\/01\/Bedikian-2020-338-c-1536x459.jpg 1536w, https:\/\/guitares-et-luthiers.fr\/wp-content\/uploads\/2026\/01\/Bedikian-2020-338-c-2048x611.jpg 2048w\" sizes=\"auto, (max-width: 706px) 89vw, (max-width: 767px) 82vw, 740px\" \/><\/figure>\n\n\n\n<figure class=\"wp-block-image size-large\"><img loading=\"lazy\" decoding=\"async\" width=\"744\" height=\"1024\" data-id=\"2574\" src=\"https:\/\/guitares-et-luthiers.fr\/wp-content\/uploads\/2026\/01\/Bedikian-2020-338-d-744x1024.jpg\" alt=\"\" class=\"wp-image-2574\" srcset=\"https:\/\/guitares-et-luthiers.fr\/wp-content\/uploads\/2026\/01\/Bedikian-2020-338-d-744x1024.jpg 744w, https:\/\/guitares-et-luthiers.fr\/wp-content\/uploads\/2026\/01\/Bedikian-2020-338-d-218x300.jpg 218w, https:\/\/guitares-et-luthiers.fr\/wp-content\/uploads\/2026\/01\/Bedikian-2020-338-d-768x1057.jpg 768w, https:\/\/guitares-et-luthiers.fr\/wp-content\/uploads\/2026\/01\/Bedikian-2020-338-d-1116x1536.jpg 1116w, https:\/\/guitares-et-luthiers.fr\/wp-content\/uploads\/2026\/01\/Bedikian-2020-338-d-1488x2048.jpg 1488w, https:\/\/guitares-et-luthiers.fr\/wp-content\/uploads\/2026\/01\/Bedikian-2020-338-d-scaled.jpg 1860w\" sizes=\"auto, (max-width: 706px) 89vw, (max-width: 767px) 82vw, 740px\" \/><\/figure>\n\n\n\n<figure class=\"wp-block-image size-large\"><img loading=\"lazy\" decoding=\"async\" width=\"427\" height=\"1024\" data-id=\"2573\" src=\"https:\/\/guitares-et-luthiers.fr\/wp-content\/uploads\/2026\/01\/Bedikian-2020-338-e-427x1024.jpg\" alt=\"\" class=\"wp-image-2573\" srcset=\"https:\/\/guitares-et-luthiers.fr\/wp-content\/uploads\/2026\/01\/Bedikian-2020-338-e-427x1024.jpg 427w, https:\/\/guitares-et-luthiers.fr\/wp-content\/uploads\/2026\/01\/Bedikian-2020-338-e-125x300.jpg 125w, https:\/\/guitares-et-luthiers.fr\/wp-content\/uploads\/2026\/01\/Bedikian-2020-338-e-768x1843.jpg 768w, https:\/\/guitares-et-luthiers.fr\/wp-content\/uploads\/2026\/01\/Bedikian-2020-338-e-640x1536.jpg 640w, https:\/\/guitares-et-luthiers.fr\/wp-content\/uploads\/2026\/01\/Bedikian-2020-338-e-854x2048.jpg 854w, https:\/\/guitares-et-luthiers.fr\/wp-content\/uploads\/2026\/01\/Bedikian-2020-338-e-scaled.jpg 1067w\" sizes=\"auto, (max-width: 427px) 100vw, 427px\" \/><\/figure>\n\n\n\n<figure class=\"wp-block-image size-large\"><img loading=\"lazy\" decoding=\"async\" width=\"557\" height=\"1024\" data-id=\"2572\" src=\"https:\/\/guitares-et-luthiers.fr\/wp-content\/uploads\/2026\/01\/Bedikian-2020-338-f-557x1024.jpg\" alt=\"\" class=\"wp-image-2572\" srcset=\"https:\/\/guitares-et-luthiers.fr\/wp-content\/uploads\/2026\/01\/Bedikian-2020-338-f-557x1024.jpg 557w, https:\/\/guitares-et-luthiers.fr\/wp-content\/uploads\/2026\/01\/Bedikian-2020-338-f-163x300.jpg 163w, https:\/\/guitares-et-luthiers.fr\/wp-content\/uploads\/2026\/01\/Bedikian-2020-338-f-768x1411.jpg 768w, https:\/\/guitares-et-luthiers.fr\/wp-content\/uploads\/2026\/01\/Bedikian-2020-338-f-836x1536.jpg 836w, https:\/\/guitares-et-luthiers.fr\/wp-content\/uploads\/2026\/01\/Bedikian-2020-338-f-1115x2048.jpg 1115w, https:\/\/guitares-et-luthiers.fr\/wp-content\/uploads\/2026\/01\/Bedikian-2020-338-f-scaled.jpg 1394w\" sizes=\"auto, (max-width: 557px) 100vw, 557px\" \/><\/figure>\n\n\n\n<figure class=\"wp-block-image size-large\"><img loading=\"lazy\" decoding=\"async\" width=\"768\" height=\"1024\" data-id=\"2571\" src=\"https:\/\/guitares-et-luthiers.fr\/wp-content\/uploads\/2026\/01\/Bedikian-2020-338-g-768x1024.jpg\" alt=\"\" class=\"wp-image-2571\" srcset=\"https:\/\/guitares-et-luthiers.fr\/wp-content\/uploads\/2026\/01\/Bedikian-2020-338-g-768x1024.jpg 768w, https:\/\/guitares-et-luthiers.fr\/wp-content\/uploads\/2026\/01\/Bedikian-2020-338-g-225x300.jpg 225w, https:\/\/guitares-et-luthiers.fr\/wp-content\/uploads\/2026\/01\/Bedikian-2020-338-g-1152x1536.jpg 1152w, https:\/\/guitares-et-luthiers.fr\/wp-content\/uploads\/2026\/01\/Bedikian-2020-338-g-1536x2048.jpg 1536w, https:\/\/guitares-et-luthiers.fr\/wp-content\/uploads\/2026\/01\/Bedikian-2020-338-g-scaled.jpg 1920w\" sizes=\"auto, (max-width: 706px) 89vw, (max-width: 767px) 82vw, 740px\" \/><\/figure>\n\n\n\n<figure class=\"wp-block-image size-large\"><img loading=\"lazy\" decoding=\"async\" width=\"545\" height=\"1024\" data-id=\"2570\" src=\"https:\/\/guitares-et-luthiers.fr\/wp-content\/uploads\/2026\/01\/Bedikian-2020-338-h-545x1024.jpg\" alt=\"\" class=\"wp-image-2570\" srcset=\"https:\/\/guitares-et-luthiers.fr\/wp-content\/uploads\/2026\/01\/Bedikian-2020-338-h-545x1024.jpg 545w, https:\/\/guitares-et-luthiers.fr\/wp-content\/uploads\/2026\/01\/Bedikian-2020-338-h-160x300.jpg 160w, https:\/\/guitares-et-luthiers.fr\/wp-content\/uploads\/2026\/01\/Bedikian-2020-338-h-768x1443.jpg 768w, https:\/\/guitares-et-luthiers.fr\/wp-content\/uploads\/2026\/01\/Bedikian-2020-338-h-817x1536.jpg 817w, https:\/\/guitares-et-luthiers.fr\/wp-content\/uploads\/2026\/01\/Bedikian-2020-338-h-1090x2048.jpg 1090w, https:\/\/guitares-et-luthiers.fr\/wp-content\/uploads\/2026\/01\/Bedikian-2020-338-h-scaled.jpg 1362w\" sizes=\"auto, (max-width: 545px) 100vw, 545px\" \/><\/figure>\n\n\n\n<figure class=\"wp-block-image size-large\"><img loading=\"lazy\" decoding=\"async\" width=\"704\" height=\"1024\" data-id=\"2569\" src=\"https:\/\/guitares-et-luthiers.fr\/wp-content\/uploads\/2026\/01\/Bedikian-2020-338-i-704x1024.jpg\" alt=\"\" class=\"wp-image-2569\" srcset=\"https:\/\/guitares-et-luthiers.fr\/wp-content\/uploads\/2026\/01\/Bedikian-2020-338-i-704x1024.jpg 704w, https:\/\/guitares-et-luthiers.fr\/wp-content\/uploads\/2026\/01\/Bedikian-2020-338-i-206x300.jpg 206w, https:\/\/guitares-et-luthiers.fr\/wp-content\/uploads\/2026\/01\/Bedikian-2020-338-i-768x1116.jpg 768w, https:\/\/guitares-et-luthiers.fr\/wp-content\/uploads\/2026\/01\/Bedikian-2020-338-i-1057x1536.jpg 1057w, https:\/\/guitares-et-luthiers.fr\/wp-content\/uploads\/2026\/01\/Bedikian-2020-338-i-1409x2048.jpg 1409w, https:\/\/guitares-et-luthiers.fr\/wp-content\/uploads\/2026\/01\/Bedikian-2020-338-i-scaled.jpg 1761w\" sizes=\"auto, (max-width: 704px) 100vw, 704px\" \/><\/figure>\n\n\n\n<figure class=\"wp-block-image size-large\"><img loading=\"lazy\" decoding=\"async\" width=\"768\" height=\"1024\" data-id=\"2568\" src=\"https:\/\/guitares-et-luthiers.fr\/wp-content\/uploads\/2026\/01\/Bedikian-2020-338-j-768x1024.jpg\" alt=\"\" class=\"wp-image-2568\" srcset=\"https:\/\/guitares-et-luthiers.fr\/wp-content\/uploads\/2026\/01\/Bedikian-2020-338-j-768x1024.jpg 768w, https:\/\/guitares-et-luthiers.fr\/wp-content\/uploads\/2026\/01\/Bedikian-2020-338-j-225x300.jpg 225w, https:\/\/guitares-et-luthiers.fr\/wp-content\/uploads\/2026\/01\/Bedikian-2020-338-j-1152x1536.jpg 1152w, https:\/\/guitares-et-luthiers.fr\/wp-content\/uploads\/2026\/01\/Bedikian-2020-338-j-1536x2048.jpg 1536w, https:\/\/guitares-et-luthiers.fr\/wp-content\/uploads\/2026\/01\/Bedikian-2020-338-j-scaled.jpg 1920w\" sizes=\"auto, (max-width: 706px) 89vw, (max-width: 767px) 82vw, 740px\" \/><\/figure>\n\n\n\n<figure class=\"wp-block-image size-large\"><img loading=\"lazy\" decoding=\"async\" width=\"768\" height=\"1024\" data-id=\"2567\" src=\"https:\/\/guitares-et-luthiers.fr\/wp-content\/uploads\/2026\/01\/Bedikian-2020-338-k-768x1024.jpg\" alt=\"\" class=\"wp-image-2567\" srcset=\"https:\/\/guitares-et-luthiers.fr\/wp-content\/uploads\/2026\/01\/Bedikian-2020-338-k-768x1024.jpg 768w, https:\/\/guitares-et-luthiers.fr\/wp-content\/uploads\/2026\/01\/Bedikian-2020-338-k-225x300.jpg 225w, https:\/\/guitares-et-luthiers.fr\/wp-content\/uploads\/2026\/01\/Bedikian-2020-338-k-1152x1536.jpg 1152w, https:\/\/guitares-et-luthiers.fr\/wp-content\/uploads\/2026\/01\/Bedikian-2020-338-k-1536x2048.jpg 1536w, https:\/\/guitares-et-luthiers.fr\/wp-content\/uploads\/2026\/01\/Bedikian-2020-338-k-scaled.jpg 1920w\" sizes=\"auto, (max-width: 706px) 89vw, (max-width: 767px) 82vw, 740px\" \/><\/figure>\n\n\n\n<figure class=\"wp-block-image size-large\"><img loading=\"lazy\" decoding=\"async\" width=\"877\" height=\"1024\" data-id=\"2566\" src=\"https:\/\/guitares-et-luthiers.fr\/wp-content\/uploads\/2026\/01\/Bedikian-2020-338-l-877x1024.jpg\" alt=\"\" class=\"wp-image-2566\" srcset=\"https:\/\/guitares-et-luthiers.fr\/wp-content\/uploads\/2026\/01\/Bedikian-2020-338-l-877x1024.jpg 877w, https:\/\/guitares-et-luthiers.fr\/wp-content\/uploads\/2026\/01\/Bedikian-2020-338-l-257x300.jpg 257w, https:\/\/guitares-et-luthiers.fr\/wp-content\/uploads\/2026\/01\/Bedikian-2020-338-l-768x897.jpg 768w, https:\/\/guitares-et-luthiers.fr\/wp-content\/uploads\/2026\/01\/Bedikian-2020-338-l-1315x1536.jpg 1315w, https:\/\/guitares-et-luthiers.fr\/wp-content\/uploads\/2026\/01\/Bedikian-2020-338-l-1754x2048.jpg 1754w\" sizes=\"auto, (max-width: 706px) 89vw, (max-width: 767px) 82vw, 740px\" \/><\/figure>\n\n\n\n<figure class=\"wp-block-image size-large\"><img loading=\"lazy\" decoding=\"async\" width=\"706\" height=\"1024\" data-id=\"2565\" src=\"https:\/\/guitares-et-luthiers.fr\/wp-content\/uploads\/2026\/01\/Bedikian-2020-338-m-706x1024.jpg\" alt=\"\" class=\"wp-image-2565\" srcset=\"https:\/\/guitares-et-luthiers.fr\/wp-content\/uploads\/2026\/01\/Bedikian-2020-338-m-706x1024.jpg 706w, https:\/\/guitares-et-luthiers.fr\/wp-content\/uploads\/2026\/01\/Bedikian-2020-338-m-207x300.jpg 207w, https:\/\/guitares-et-luthiers.fr\/wp-content\/uploads\/2026\/01\/Bedikian-2020-338-m-768x1115.jpg 768w, https:\/\/guitares-et-luthiers.fr\/wp-content\/uploads\/2026\/01\/Bedikian-2020-338-m-1058x1536.jpg 1058w, https:\/\/guitares-et-luthiers.fr\/wp-content\/uploads\/2026\/01\/Bedikian-2020-338-m-1411x2048.jpg 1411w, https:\/\/guitares-et-luthiers.fr\/wp-content\/uploads\/2026\/01\/Bedikian-2020-338-m-scaled.jpg 1764w\" sizes=\"auto, (max-width: 706px) 100vw, 706px\" \/><\/figure>\n\n\n\n<figure class=\"wp-block-image size-large\"><img loading=\"lazy\" decoding=\"async\" width=\"426\" height=\"1024\" data-id=\"2564\" src=\"https:\/\/guitares-et-luthiers.fr\/wp-content\/uploads\/2026\/01\/Bedikian-2020-338-n-426x1024.jpg\" alt=\"\" class=\"wp-image-2564\" srcset=\"https:\/\/guitares-et-luthiers.fr\/wp-content\/uploads\/2026\/01\/Bedikian-2020-338-n-426x1024.jpg 426w, https:\/\/guitares-et-luthiers.fr\/wp-content\/uploads\/2026\/01\/Bedikian-2020-338-n-125x300.jpg 125w, https:\/\/guitares-et-luthiers.fr\/wp-content\/uploads\/2026\/01\/Bedikian-2020-338-n-768x1847.jpg 768w, https:\/\/guitares-et-luthiers.fr\/wp-content\/uploads\/2026\/01\/Bedikian-2020-338-n-639x1536.jpg 639w, https:\/\/guitares-et-luthiers.fr\/wp-content\/uploads\/2026\/01\/Bedikian-2020-338-n-852x2048.jpg 852w, https:\/\/guitares-et-luthiers.fr\/wp-content\/uploads\/2026\/01\/Bedikian-2020-338-n-scaled.jpg 1065w\" sizes=\"auto, (max-width: 426px) 100vw, 426px\" \/><\/figure>\n<\/figure>\n","protected":false},"excerpt":{"rendered":"<p>Guitare du c\u00e9l\u00e9bre luthier Victor Bedikian , dont les guitares sont jou\u00e9es un peu partout dans le monde. Lutherie tr\u00e8s traditionnelle mais qui a fait ses preuves. Table red cedar, touche \u00e9b\u00e8ne , dos et \u00e9clisses en palissandre. Une tr\u00e8s belle fileterie. Avec \u00e9tui .<\/p>\n","protected":false},"author":2,"featured_media":0,"parent":0,"menu_order":0,"comment_status":"closed","ping_status":"closed","template":"","meta":{"footnotes":""},"class_list":["post-2578","page","type-page","status-publish","hentry"],"_links":{"self":[{"href":"https:\/\/guitares-et-luthiers.fr\/index.php?rest_route=\/wp\/v2\/pages\/2578","targetHints":{"allow":["GET"]}}],"collection":[{"href":"https:\/\/guitares-et-luthiers.fr\/index.php?rest_route=\/wp\/v2\/pages"}],"about":[{"href":"https:\/\/guitares-et-luthiers.fr\/index.php?rest_route=\/wp\/v2\/types\/page"}],"author":[{"embeddable":true,"href":"https:\/\/guitares-et-luthiers.fr\/index.php?rest_route=\/wp\/v2\/users\/2"}],"replies":[{"embeddable":true,"href":"https:\/\/guitares-et-luthiers.fr\/index.php?rest_route=%2Fwp%2Fv2%2Fcomments&post=2578"}],"version-history":[{"count":1,"href":"https:\/\/guitares-et-luthiers.fr\/index.php?rest_route=\/wp\/v2\/pages\/2578\/revisions"}],"predecessor-version":[{"id":2579,"href":"https:\/\/guitares-et-luthiers.fr\/index.php?rest_route=\/wp\/v2\/pages\/2578\/revisions\/2579"}],"wp:attachment":[{"href":"https:\/\/guitares-et-luthiers.fr\/index.php?rest_route=%2Fwp%2Fv2%2Fmedia&parent=2578"}],"curies":[{"name":"wp","href":"https:\/\/api.w.org\/{rel}","templated":true}]}}