{"id":613,"date":"2014-05-08T13:35:43","date_gmt":"2014-05-08T12:35:43","guid":{"rendered":"http:\/\/guitares-et-luthiers.fr\/?page_id=613"},"modified":"2022-10-02T18:39:43","modified_gmt":"2022-10-02T17:39:43","slug":"roffler-etude-2010","status":"publish","type":"page","link":"https:\/\/guitares-et-luthiers.fr\/?page_id=613","title":{"rendered":"Roffler \u00e9tude 2010"},"content":{"rendered":"<p>Guitare classique mod\u00e8le \u00e9tude de Ga\u00eblle Roffler de 2010 , diapason 65 cm , table en red cedar, fond, \u00e9clisses et chevalet en palissandre massif, touche en \u00e9b\u00e8ne, \u00e9tat neuf. La qualit\u00e9 des photos n&rsquo;est pas au rendez-vous, d\u00e9sol\u00e9.<\/p>\n<p>C&rsquo;est une guitare de luthier qui est irr\u00e9prochable, homog\u00e8ne, un tr\u00e8s bon mod\u00e8le d&rsquo;\u00e9tude, une tr\u00e8s bonne guitare pour ce prix. Facilit\u00e9 de jeu, son clair et assez l\u00e9ger.<\/p>\n<p><a href=\"https:\/\/guitares-et-luthiers.fr\/wp-content\/uploads\/2014\/05\/P1090028-e1399552301587.jpg\" rel=\"lightbox[613]\"><span style=\"color: #333333;\">.<\/span><img loading=\"lazy\" decoding=\"async\" class=\"alignnone size-medium wp-image-612\" src=\"https:\/\/guitares-et-luthiers.fr\/wp-content\/uploads\/2014\/05\/P1090028-e1399552301587-225x300.jpg\" alt=\"Roffler\" width=\"225\" height=\"300\" srcset=\"https:\/\/guitares-et-luthiers.fr\/wp-content\/uploads\/2014\/05\/P1090028-e1399552301587-225x300.jpg 225w, https:\/\/guitares-et-luthiers.fr\/wp-content\/uploads\/2014\/05\/P1090028-e1399552301587-768x1024.jpg 768w, https:\/\/guitares-et-luthiers.fr\/wp-content\/uploads\/2014\/05\/P1090028-e1399552301587.jpg 1200w\" sizes=\"auto, (max-width: 225px) 100vw, 225px\" \/><\/a> <a href=\"https:\/\/guitares-et-luthiers.fr\/wp-content\/uploads\/2014\/05\/P1090027.jpg\" rel=\"lightbox[613]\"><img loading=\"lazy\" decoding=\"async\" class=\"alignnone size-medium wp-image-611\" src=\"https:\/\/guitares-et-luthiers.fr\/wp-content\/uploads\/2014\/05\/P1090027-300x225.jpg\" alt=\"Roffler\" width=\"300\" height=\"225\" srcset=\"https:\/\/guitares-et-luthiers.fr\/wp-content\/uploads\/2014\/05\/P1090027-300x225.jpg 300w, https:\/\/guitares-et-luthiers.fr\/wp-content\/uploads\/2014\/05\/P1090027-1024x768.jpg 1024w, https:\/\/guitares-et-luthiers.fr\/wp-content\/uploads\/2014\/05\/P1090027.jpg 1600w\" sizes=\"auto, (max-width: 300px) 100vw, 300px\" \/><\/a> <a href=\"https:\/\/guitares-et-luthiers.fr\/wp-content\/uploads\/2014\/05\/P1090025.jpg\" rel=\"lightbox[613]\"><img loading=\"lazy\" decoding=\"async\" class=\"alignnone size-medium wp-image-609\" src=\"https:\/\/guitares-et-luthiers.fr\/wp-content\/uploads\/2014\/05\/P1090025-300x225.jpg\" alt=\"Roffler\" width=\"300\" height=\"225\" srcset=\"https:\/\/guitares-et-luthiers.fr\/wp-content\/uploads\/2014\/05\/P1090025-300x225.jpg 300w, https:\/\/guitares-et-luthiers.fr\/wp-content\/uploads\/2014\/05\/P1090025-1024x768.jpg 1024w, https:\/\/guitares-et-luthiers.fr\/wp-content\/uploads\/2014\/05\/P1090025.jpg 1600w\" sizes=\"auto, (max-width: 300px) 100vw, 300px\" \/><\/a> <a href=\"https:\/\/guitares-et-luthiers.fr\/wp-content\/uploads\/2014\/05\/P1090024-e1399552212214.jpg\" rel=\"lightbox[613]\"><img loading=\"lazy\" decoding=\"async\" class=\"alignnone size-medium wp-image-608\" src=\"https:\/\/guitares-et-luthiers.fr\/wp-content\/uploads\/2014\/05\/P1090024-e1399552212214-225x300.jpg\" alt=\"Roffler\" width=\"225\" height=\"300\" srcset=\"https:\/\/guitares-et-luthiers.fr\/wp-content\/uploads\/2014\/05\/P1090024-e1399552212214-225x300.jpg 225w, https:\/\/guitares-et-luthiers.fr\/wp-content\/uploads\/2014\/05\/P1090024-e1399552212214-768x1024.jpg 768w, https:\/\/guitares-et-luthiers.fr\/wp-content\/uploads\/2014\/05\/P1090024-e1399552212214.jpg 1200w\" sizes=\"auto, (max-width: 225px) 100vw, 225px\" \/><\/a> <a href=\"https:\/\/guitares-et-luthiers.fr\/wp-content\/uploads\/2014\/05\/P1090023-e1399552158619.jpg\" rel=\"lightbox[613]\"><img loading=\"lazy\" decoding=\"async\" class=\"alignnone size-medium wp-image-607\" src=\"https:\/\/guitares-et-luthiers.fr\/wp-content\/uploads\/2014\/05\/P1090023-e1399552158619-225x300.jpg\" alt=\"Roffler\" width=\"225\" height=\"300\" srcset=\"https:\/\/guitares-et-luthiers.fr\/wp-content\/uploads\/2014\/05\/P1090023-e1399552158619-225x300.jpg 225w, https:\/\/guitares-et-luthiers.fr\/wp-content\/uploads\/2014\/05\/P1090023-e1399552158619-768x1024.jpg 768w, https:\/\/guitares-et-luthiers.fr\/wp-content\/uploads\/2014\/05\/P1090023-e1399552158619.jpg 1200w\" sizes=\"auto, (max-width: 225px) 100vw, 225px\" \/><\/a><\/p>\n","protected":false},"excerpt":{"rendered":"<p>Guitare classique mod\u00e8le \u00e9tude de Ga\u00eblle Roffler de 2010 , diapason 65 cm , table en red cedar, fond, \u00e9clisses et chevalet en palissandre massif, touche en \u00e9b\u00e8ne, \u00e9tat neuf. La qualit\u00e9 des photos n&rsquo;est pas au rendez-vous, d\u00e9sol\u00e9. C&rsquo;est une guitare de luthier qui est irr\u00e9prochable, homog\u00e8ne, un tr\u00e8s bon mod\u00e8le d&rsquo;\u00e9tude, une tr\u00e8s &hellip; <\/p>\n<p class=\"link-more\"><a href=\"https:\/\/guitares-et-luthiers.fr\/?page_id=613\" class=\"more-link\">Continuer la lecture<span class=\"screen-reader-text\"> de &laquo;&nbsp;Roffler \u00e9tude 2010&nbsp;&raquo;<\/span><\/a><\/p>\n","protected":false},"author":2,"featured_media":0,"parent":0,"menu_order":0,"comment_status":"open","ping_status":"open","template":"","meta":{"footnotes":""},"class_list":["post-613","page","type-page","status-publish","hentry"],"_links":{"self":[{"href":"https:\/\/guitares-et-luthiers.fr\/index.php?rest_route=\/wp\/v2\/pages\/613","targetHints":{"allow":["GET"]}}],"collection":[{"href":"https:\/\/guitares-et-luthiers.fr\/index.php?rest_route=\/wp\/v2\/pages"}],"about":[{"href":"https:\/\/guitares-et-luthiers.fr\/index.php?rest_route=\/wp\/v2\/types\/page"}],"author":[{"embeddable":true,"href":"https:\/\/guitares-et-luthiers.fr\/index.php?rest_route=\/wp\/v2\/users\/2"}],"replies":[{"embeddable":true,"href":"https:\/\/guitares-et-luthiers.fr\/index.php?rest_route=%2Fwp%2Fv2%2Fcomments&post=613"}],"version-history":[{"count":3,"href":"https:\/\/guitares-et-luthiers.fr\/index.php?rest_route=\/wp\/v2\/pages\/613\/revisions"}],"predecessor-version":[{"id":1495,"href":"https:\/\/guitares-et-luthiers.fr\/index.php?rest_route=\/wp\/v2\/pages\/613\/revisions\/1495"}],"wp:attachment":[{"href":"https:\/\/guitares-et-luthiers.fr\/index.php?rest_route=%2Fwp%2Fv2%2Fmedia&parent=613"}],"curies":[{"name":"wp","href":"https:\/\/api.w.org\/{rel}","templated":true}]}}