{"id":810,"date":"2017-03-18T16:14:57","date_gmt":"2017-03-18T15:14:57","guid":{"rendered":"http:\/\/guitares-et-luthiers.fr\/?page_id=810"},"modified":"2017-03-18T20:17:41","modified_gmt":"2017-03-18T19:17:41","slug":"catherine-geoffrey-2016","status":"publish","type":"page","link":"https:\/\/guitares-et-luthiers.fr\/?page_id=810","title":{"rendered":"Catherine Geoffrey 2016"},"content":{"rendered":"<p>Luthier : Catherine Geoffrey<\/p>\n<p>Mod\u00e8le :<\/p>\n<p>Ann\u00e9e :\u00a02016<\/p>\n<p>Bois : table en red cedar, dos et \u00e9clisses en noyer, manche en acajou, fileterie en \u00e9b\u00e8ne, touche et chevalet en \u00e9b\u00e8ne, rosace et plaque de chevalet en loupe d&rsquo;amboine, barrage en \u00e9pic\u00e9a, \u00e9ventail \u00e0 7 brins, vernis cellulosique brillant, sillet de t\u00eate en \u00e9b\u00e8ne, sillet chevalet en os, m\u00e9caniques Rubner, placage de t\u00eate en noyer.<\/p>\n<p>Avec \u00e9tui.<\/p>\n<p>Geoffrey Catherine a commenc\u00e9 la lutherie en autodidacte puis est parti effectuer une formation de lutherie en Belgique aupr\u00e8s de Mathieu Boulet et Renzo Salvador. Il a obtenu son dipl\u00f4me ( avec les f\u00e9licitations du Jury \ud83d\ude42 en 2016 . \u00a0Fabrique aussi des guitares romantiques et des guitares folks.<\/p>\n<p>D\u00e9buts prometteurs avec cette guitare, \u00e0 comparer \u00e0 d&rsquo;autres&#8230;.<\/p>\n<p><a href=\"https:\/\/guitares-et-luthiers.fr\/wp-content\/uploads\/2017\/03\/guitare-geoffrey-1.jpg\" rel=\"lightbox[810]\"><img loading=\"lazy\" decoding=\"async\" class=\"alignnone size-medium wp-image-808\" src=\"https:\/\/guitares-et-luthiers.fr\/wp-content\/uploads\/2017\/03\/guitare-geoffrey-1-154x300.jpg\" alt=\"\" width=\"154\" height=\"300\" srcset=\"https:\/\/guitares-et-luthiers.fr\/wp-content\/uploads\/2017\/03\/guitare-geoffrey-1-154x300.jpg 154w, https:\/\/guitares-et-luthiers.fr\/wp-content\/uploads\/2017\/03\/guitare-geoffrey-1-768x1496.jpg 768w, https:\/\/guitares-et-luthiers.fr\/wp-content\/uploads\/2017\/03\/guitare-geoffrey-1-526x1024.jpg 526w, https:\/\/guitares-et-luthiers.fr\/wp-content\/uploads\/2017\/03\/guitare-geoffrey-1.jpg 2019w\" sizes=\"auto, (max-width: 154px) 100vw, 154px\" \/><\/a><a href=\"https:\/\/guitares-et-luthiers.fr\/wp-content\/uploads\/2017\/03\/guitare-geoffrey.jpg\" rel=\"lightbox[810]\"><img loading=\"lazy\" decoding=\"async\" class=\"size-medium wp-image-809 alignright\" src=\"https:\/\/guitares-et-luthiers.fr\/wp-content\/uploads\/2017\/03\/guitare-geoffrey-126x300.jpg\" alt=\"\" width=\"126\" height=\"300\" srcset=\"https:\/\/guitares-et-luthiers.fr\/wp-content\/uploads\/2017\/03\/guitare-geoffrey-126x300.jpg 126w, https:\/\/guitares-et-luthiers.fr\/wp-content\/uploads\/2017\/03\/guitare-geoffrey-768x1830.jpg 768w, https:\/\/guitares-et-luthiers.fr\/wp-content\/uploads\/2017\/03\/guitare-geoffrey-430x1024.jpg 430w, https:\/\/guitares-et-luthiers.fr\/wp-content\/uploads\/2017\/03\/guitare-geoffrey.jpg 1647w\" sizes=\"auto, (max-width: 126px) 100vw, 126px\" \/><\/a><a href=\"https:\/\/guitares-et-luthiers.fr\/wp-content\/uploads\/2017\/03\/Geoffrey-2016.jpg\" rel=\"lightbox[810]\"><img loading=\"lazy\" decoding=\"async\" class=\"size-medium wp-image-807\" src=\"https:\/\/guitares-et-luthiers.fr\/wp-content\/uploads\/2017\/03\/Geoffrey-2016-176x300.jpg\" alt=\"\" width=\"176\" height=\"300\" srcset=\"https:\/\/guitares-et-luthiers.fr\/wp-content\/uploads\/2017\/03\/Geoffrey-2016-176x300.jpg 176w, https:\/\/guitares-et-luthiers.fr\/wp-content\/uploads\/2017\/03\/Geoffrey-2016-768x1309.jpg 768w, https:\/\/guitares-et-luthiers.fr\/wp-content\/uploads\/2017\/03\/Geoffrey-2016-601x1024.jpg 601w\" sizes=\"auto, (max-width: 176px) 100vw, 176px\" \/><\/a><\/p>\n<p><a href=\"https:\/\/guitares-et-luthiers.fr\/wp-content\/uploads\/2017\/03\/Geoffrey-2016-8.jpg\" rel=\"lightbox[810]\"><img loading=\"lazy\" decoding=\"async\" class=\"size-medium wp-image-806\" src=\"https:\/\/guitares-et-luthiers.fr\/wp-content\/uploads\/2017\/03\/Geoffrey-2016-8-300x296.jpg\" alt=\"\" width=\"300\" height=\"296\" srcset=\"https:\/\/guitares-et-luthiers.fr\/wp-content\/uploads\/2017\/03\/Geoffrey-2016-8-300x296.jpg 300w, https:\/\/guitares-et-luthiers.fr\/wp-content\/uploads\/2017\/03\/Geoffrey-2016-8-768x757.jpg 768w, https:\/\/guitares-et-luthiers.fr\/wp-content\/uploads\/2017\/03\/Geoffrey-2016-8-1024x1010.jpg 1024w, https:\/\/guitares-et-luthiers.fr\/wp-content\/uploads\/2017\/03\/Geoffrey-2016-8-100x100.jpg 100w\" sizes=\"auto, (max-width: 300px) 100vw, 300px\" \/><\/a><a href=\"https:\/\/guitares-et-luthiers.fr\/wp-content\/uploads\/2017\/03\/Geoffrey-2016-7.jpg\" rel=\"lightbox[810]\"><img loading=\"lazy\" decoding=\"async\" class=\"size-medium wp-image-805\" src=\"https:\/\/guitares-et-luthiers.fr\/wp-content\/uploads\/2017\/03\/Geoffrey-2016-7-253x300.jpg\" alt=\"\" width=\"253\" height=\"300\" srcset=\"https:\/\/guitares-et-luthiers.fr\/wp-content\/uploads\/2017\/03\/Geoffrey-2016-7-253x300.jpg 253w, https:\/\/guitares-et-luthiers.fr\/wp-content\/uploads\/2017\/03\/Geoffrey-2016-7-768x912.jpg 768w, https:\/\/guitares-et-luthiers.fr\/wp-content\/uploads\/2017\/03\/Geoffrey-2016-7-862x1024.jpg 862w\" sizes=\"auto, (max-width: 253px) 100vw, 253px\" \/><\/a><\/p>\n<p><a href=\"https:\/\/guitares-et-luthiers.fr\/wp-content\/uploads\/2017\/03\/Geoffrey-2016-6.jpg\" rel=\"lightbox[810]\"><img loading=\"lazy\" decoding=\"async\" class=\"size-medium wp-image-804\" src=\"https:\/\/guitares-et-luthiers.fr\/wp-content\/uploads\/2017\/03\/Geoffrey-2016-6-172x300.jpg\" alt=\"\" width=\"172\" height=\"300\" srcset=\"https:\/\/guitares-et-luthiers.fr\/wp-content\/uploads\/2017\/03\/Geoffrey-2016-6-172x300.jpg 172w, https:\/\/guitares-et-luthiers.fr\/wp-content\/uploads\/2017\/03\/Geoffrey-2016-6-768x1339.jpg 768w, https:\/\/guitares-et-luthiers.fr\/wp-content\/uploads\/2017\/03\/Geoffrey-2016-6-587x1024.jpg 587w\" sizes=\"auto, (max-width: 172px) 100vw, 172px\" \/><\/a><a href=\"https:\/\/guitares-et-luthiers.fr\/wp-content\/uploads\/2017\/03\/Geoffrey-2016-5.jpg\" rel=\"lightbox[810]\"><img loading=\"lazy\" decoding=\"async\" class=\"size-medium wp-image-803\" src=\"https:\/\/guitares-et-luthiers.fr\/wp-content\/uploads\/2017\/03\/Geoffrey-2016-5-181x300.jpg\" alt=\"\" width=\"181\" height=\"300\" srcset=\"https:\/\/guitares-et-luthiers.fr\/wp-content\/uploads\/2017\/03\/Geoffrey-2016-5-181x300.jpg 181w, https:\/\/guitares-et-luthiers.fr\/wp-content\/uploads\/2017\/03\/Geoffrey-2016-5-768x1272.jpg 768w, https:\/\/guitares-et-luthiers.fr\/wp-content\/uploads\/2017\/03\/Geoffrey-2016-5-618x1024.jpg 618w\" sizes=\"auto, (max-width: 181px) 100vw, 181px\" \/><\/a><a href=\"https:\/\/guitares-et-luthiers.fr\/wp-content\/uploads\/2017\/03\/Geoffrey-2016-4.jpg\" rel=\"lightbox[810]\"><img loading=\"lazy\" decoding=\"async\" class=\"size-medium wp-image-802\" src=\"https:\/\/guitares-et-luthiers.fr\/wp-content\/uploads\/2017\/03\/Geoffrey-2016-4-154x300.jpg\" alt=\"\" width=\"154\" height=\"300\" srcset=\"https:\/\/guitares-et-luthiers.fr\/wp-content\/uploads\/2017\/03\/Geoffrey-2016-4-154x300.jpg 154w, https:\/\/guitares-et-luthiers.fr\/wp-content\/uploads\/2017\/03\/Geoffrey-2016-4-768x1499.jpg 768w, https:\/\/guitares-et-luthiers.fr\/wp-content\/uploads\/2017\/03\/Geoffrey-2016-4-525x1024.jpg 525w, https:\/\/guitares-et-luthiers.fr\/wp-content\/uploads\/2017\/03\/Geoffrey-2016-4.jpg 1848w\" sizes=\"auto, (max-width: 154px) 100vw, 154px\" \/><\/a><\/p>\n<p><a href=\"https:\/\/guitares-et-luthiers.fr\/wp-content\/uploads\/2017\/03\/Geoffrey-2016-3.jpg\" rel=\"lightbox[810]\"><img loading=\"lazy\" decoding=\"async\" class=\"size-medium wp-image-801\" src=\"https:\/\/guitares-et-luthiers.fr\/wp-content\/uploads\/2017\/03\/Geoffrey-2016-3-249x300.jpg\" alt=\"\" width=\"249\" height=\"300\" srcset=\"https:\/\/guitares-et-luthiers.fr\/wp-content\/uploads\/2017\/03\/Geoffrey-2016-3-249x300.jpg 249w, https:\/\/guitares-et-luthiers.fr\/wp-content\/uploads\/2017\/03\/Geoffrey-2016-3-768x925.jpg 768w, https:\/\/guitares-et-luthiers.fr\/wp-content\/uploads\/2017\/03\/Geoffrey-2016-3-850x1024.jpg 850w\" sizes=\"auto, (max-width: 249px) 100vw, 249px\" \/><\/a><a href=\"https:\/\/guitares-et-luthiers.fr\/wp-content\/uploads\/2017\/03\/Geoffrey-2016-1.jpg\" rel=\"lightbox[810]\"><img loading=\"lazy\" decoding=\"async\" class=\"size-medium wp-image-800\" src=\"https:\/\/guitares-et-luthiers.fr\/wp-content\/uploads\/2017\/03\/Geoffrey-2016-1-300x132.jpg\" alt=\"\" width=\"300\" height=\"132\" srcset=\"https:\/\/guitares-et-luthiers.fr\/wp-content\/uploads\/2017\/03\/Geoffrey-2016-1-300x132.jpg 300w, https:\/\/guitares-et-luthiers.fr\/wp-content\/uploads\/2017\/03\/Geoffrey-2016-1-768x337.jpg 768w, https:\/\/guitares-et-luthiers.fr\/wp-content\/uploads\/2017\/03\/Geoffrey-2016-1-1024x449.jpg 1024w\" sizes=\"auto, (max-width: 300px) 100vw, 300px\" \/><\/a><\/p>\n","protected":false},"excerpt":{"rendered":"<p>Luthier : Catherine Geoffrey Mod\u00e8le : Ann\u00e9e :\u00a02016 Bois : table en red cedar, dos et \u00e9clisses en noyer, manche en acajou, fileterie en \u00e9b\u00e8ne, touche et chevalet en \u00e9b\u00e8ne, rosace et plaque de chevalet en loupe d&rsquo;amboine, barrage en \u00e9pic\u00e9a, \u00e9ventail \u00e0 7 brins, vernis cellulosique brillant, sillet de t\u00eate en \u00e9b\u00e8ne, sillet chevalet &hellip; <\/p>\n<p class=\"link-more\"><a href=\"https:\/\/guitares-et-luthiers.fr\/?page_id=810\" class=\"more-link\">Continuer la lecture<span class=\"screen-reader-text\"> de &laquo;&nbsp;Catherine Geoffrey 2016&nbsp;&raquo;<\/span><\/a><\/p>\n","protected":false},"author":2,"featured_media":0,"parent":0,"menu_order":0,"comment_status":"closed","ping_status":"closed","template":"","meta":{"footnotes":""},"class_list":["post-810","page","type-page","status-publish","hentry"],"_links":{"self":[{"href":"https:\/\/guitares-et-luthiers.fr\/index.php?rest_route=\/wp\/v2\/pages\/810","targetHints":{"allow":["GET"]}}],"collection":[{"href":"https:\/\/guitares-et-luthiers.fr\/index.php?rest_route=\/wp\/v2\/pages"}],"about":[{"href":"https:\/\/guitares-et-luthiers.fr\/index.php?rest_route=\/wp\/v2\/types\/page"}],"author":[{"embeddable":true,"href":"https:\/\/guitares-et-luthiers.fr\/index.php?rest_route=\/wp\/v2\/users\/2"}],"replies":[{"embeddable":true,"href":"https:\/\/guitares-et-luthiers.fr\/index.php?rest_route=%2Fwp%2Fv2%2Fcomments&post=810"}],"version-history":[{"count":5,"href":"https:\/\/guitares-et-luthiers.fr\/index.php?rest_route=\/wp\/v2\/pages\/810\/revisions"}],"predecessor-version":[{"id":861,"href":"https:\/\/guitares-et-luthiers.fr\/index.php?rest_route=\/wp\/v2\/pages\/810\/revisions\/861"}],"wp:attachment":[{"href":"https:\/\/guitares-et-luthiers.fr\/index.php?rest_route=%2Fwp%2Fv2%2Fmedia&parent=810"}],"curies":[{"name":"wp","href":"https:\/\/api.w.org\/{rel}","templated":true}]}}